{"id":54143,"date":"2025-06-17T21:52:55","date_gmt":"2025-06-17T18:52:55","guid":{"rendered":"https:\/\/colibri-jewels.eu\/?post_type=product&#038;p=54143"},"modified":"2025-06-17T22:08:36","modified_gmt":"2025-06-17T19:08:36","slug":"rosalynn-laboriteemantidega-sormus-0-5-ct-valgest-kullast","status":"publish","type":"product","link":"https:\/\/colibri-jewels.eu\/et\/toode\/rosalynn-laboriteemantidega-sormus-0-5-ct-valgest-kullast\/","title":{"rendered":"Rosalynn \u2013 Laboriteemantidega s\u00f5rmus 0.5 ct valgest kullast"},"content":{"rendered":"<p data-start=\"185\" data-end=\"570\">Rosalynn on s\u00f5rmus, mis kehastab armastust, \u00f5rnust ja t\u00e4pselt l\u00e4bim\u00f5eldud detaile. Keskseks elemendiks on 0,50-karaadine laboriteemant (D\/VVS1, IGI-sertifikaadiga, graveeritud r\u00fcndistile), mida \u00fcmbritseb 16 v\u00e4iksemat teemanti (kokku 0,40 karaati), igal neist 57 tahku s\u00e4deluse maksimeerimiseks.<\/p>\n<p data-start=\"572\" data-end=\"795\">S\u00f5rmus on valmistatud 585 prooviga valgest kullast, kaalub umbes 2,25 g. Valmistatakse eritellimusel \u2014 v\u00f5imalik valida kulla v\u00e4rvi (valge, kollane v\u00f5i roosa) ning proovi (585 v\u00f5i 750). Valmistamisaeg 3\u20134 n\u00e4dalat.<\/p>\n<p data-start=\"797\" data-end=\"818\"><strong data-start=\"797\" data-end=\"816\">Spetsifikatsioonid:<\/strong><\/p>\n<ul data-start=\"819\" data-end=\"1004\">\n<li data-start=\"819\" data-end=\"880\">\n<p data-start=\"821\" data-end=\"880\">Keskne laboriteemant: 0,50 ct, D\/VVS1, IGI, graveeringuga<\/p>\n<\/li>\n<li data-start=\"881\" data-end=\"921\">\n<p data-start=\"883\" data-end=\"921\">Lisakivid: 16 tk, kokku 0,40 ct<\/p>\n<\/li>\n<li data-start=\"922\" data-end=\"955\">\n<p data-start=\"924\" data-end=\"955\">Valge kuld 585 prooviga (muudetav)<\/p>\n<\/li>\n<li data-start=\"956\" data-end=\"973\">\n<p data-start=\"958\" data-end=\"973\">Valmistatakse tellimisel<\/p>\n<\/li>\n<li data-start=\"974\" data-end=\"1004\">\n<p data-start=\"976\" data-end=\"1004\">Ligikaudne kaal: 2,25 g<\/p>\n<\/li>\n<\/ul>\n<p data-start=\"1006\" data-end=\"1290\"><strong data-start=\"1006\" data-end=\"1028\">Pakendivalikud:<\/strong><br data-start=\"1028\" data-end=\"1031\" \/>\u25aa klassikaline kinkekarp<br data-start=\"1079\" data-end=\"1082\" \/>\u25aa karp LED-valgusega<br data-start=\"1102\" data-end=\"1105\" \/>\u25aa kompaktne \u00fcllatuskarp (mahub pintsaku taskusse \u2013 ideaalne ettepanekuks)<br data-start=\"1131\" data-end=\"1134\" \/>\u25aa karp-\u00fcllatus: n\u00e4eb v\u00e4lja nagu roos klaaskuulis v\u00f5i roosiga kaisukaru, kuid peidab endas s\u00f5rmust<\/p>\n<p>&nbsp;<\/p>\n<p data-start=\"1292\" data-end=\"1438\"><strong data-start=\"1292\" data-end=\"1309\">Kellele see sobib:<\/strong><br data-start=\"1309\" data-end=\"1312\" \/>Rosalynn on ideaalne kihlumiseks, t\u00e4htp\u00e4evadeks v\u00f5i s\u00fcdantsoojendavaks kingituseks \u2013 see ei r\u00e4\u00e4gi armastusest, vaid kehastab seda.<\/p>\n","protected":false},"excerpt":{"rendered":"<p data-start=\"797\" data-end=\"818\"><strong data-start=\"797\" data-end=\"816\">Spetsifikatsioonid:<\/strong><\/p>\n<ul data-start=\"819\" data-end=\"1004\">\n<li data-start=\"819\" data-end=\"880\">\n<p data-start=\"821\" data-end=\"880\">Keskne laboriteemant: 0,50 ct, D\/VVS1, IGI, graveeringuga<\/p>\n<\/li>\n<li data-start=\"881\" data-end=\"921\">\n<p data-start=\"883\" data-end=\"921\">Lisakivid: 16 tk, kokku 0,40 ct<\/p>\n<\/li>\n<li data-start=\"922\" data-end=\"955\">\n<p data-start=\"924\" data-end=\"955\">Valge kuld 585 prooviga (muudetav)<\/p>\n<\/li>\n<li data-start=\"956\" data-end=\"973\">\n<p data-start=\"958\" data-end=\"973\">Valmistatakse tellimisel<\/p>\n<\/li>\n<li data-start=\"974\" data-end=\"1004\">\n<p data-start=\"976\" data-end=\"1004\">Ligikaudne kaal: 2,25 g<\/p>\n<\/li>\n<\/ul>\n","protected":false},"featured_media":54124,"comment_status":"open","ping_status":"closed","template":"","meta":[],"etheme_brands":[],"product_brand":[],"product_cat":[471],"product_tag":[476,474,472,1255,499],"class_list":{"0":"post-54143","1":"product","2":"type-product","3":"status-publish","4":"has-post-thumbnail","6":"product_cat-sormused","7":"product_tag-eksklusiivsed-ehted","8":"product_tag-kihlasormused","9":"product_tag-klassika","10":"product_tag-lab-teemantid","11":"product_tag-romantiline","13":"first","14":"onbackorder","15":"shipping-taxable","16":"purchasable","17":"product-type-simple"},"acf":[],"yoast_head":"<!-- This site is optimized with the Yoast SEO Premium plugin v26.5 (Yoast SEO v26.8) - https:\/\/yoast.com\/product\/yoast-seo-premium-wordpress\/ -->\n<title>Laboriteemantiga s\u00f5rmus 0.5 ct valgest kullast | Rosalynn<\/title>\n<meta name=\"description\" content=\"Rosalynn \u2013 elegantne 0.5 ct D\/VVS1 laboriteemantidega s\u00f5rmus valgest kullast. Valmistatakse tellimisel. Tasuta tarne \u00fcle Eesti.\" \/>\n<meta name=\"robots\" content=\"index, follow, max-snippet:-1, max-image-preview:large, max-video-preview:-1\" \/>\n<link rel=\"canonical\" href=\"https:\/\/colibri-jewels.eu\/et\/toode\/rosalynn-laboriteemantidega-sormus-0-5-ct-valgest-kullast\/\" \/>\n<meta property=\"og:locale\" content=\"et_EE\" \/>\n<meta property=\"og:type\" content=\"article\" \/>\n<meta property=\"og:title\" content=\"Rosalynn \u2013 Laboriteemantidega s\u00f5rmus 0.5 ct valgest kullast\" \/>\n<meta property=\"og:description\" content=\"Rosalynn \u2013 elegantne 0.5 ct D\/VVS1 laboriteemantidega s\u00f5rmus valgest kullast. Valmistatakse tellimisel. Tasuta tarne \u00fcle Eesti.\" \/>\n<meta property=\"og:url\" content=\"https:\/\/colibri-jewels.eu\/et\/toode\/rosalynn-laboriteemantidega-sormus-0-5-ct-valgest-kullast\/\" \/>\n<meta property=\"og:site_name\" content=\"Colibri jewels\" \/>\n<meta property=\"article:publisher\" content=\"https:\/\/www.facebook.com\/colibri.jewels\" \/>\n<meta property=\"article:modified_time\" content=\"2025-06-17T19:08:36+00:00\" \/>\n<meta property=\"og:image\" content=\"https:\/\/colibri-jewels.eu\/wp-content\/uploads\/2025\/06\/white-gold-solitaire-ring-with-0.5-ct-lab-diamond-Rosalynn-00856.jpg\" \/>\n\t<meta property=\"og:image:width\" content=\"1000\" \/>\n\t<meta property=\"og:image:height\" content=\"1000\" \/>\n\t<meta property=\"og:image:type\" content=\"image\/jpeg\" \/>\n<meta name=\"twitter:card\" content=\"summary_large_image\" \/>\n<meta name=\"twitter:label1\" content=\"Est. reading time\" \/>\n\t<meta name=\"twitter:data1\" content=\"1 minut\" \/>\n<script type=\"application\/ld+json\" class=\"yoast-schema-graph\">{\"@context\":\"https:\/\/schema.org\",\"@graph\":[{\"@type\":\"WebPage\",\"@id\":\"https:\/\/colibri-jewels.eu\/et\/toode\/rosalynn-laboriteemantidega-sormus-0-5-ct-valgest-kullast\/\",\"url\":\"https:\/\/colibri-jewels.eu\/et\/toode\/rosalynn-laboriteemantidega-sormus-0-5-ct-valgest-kullast\/\",\"name\":\"Laboriteemantiga s\u00f5rmus 0.5 ct valgest kullast | Rosalynn\",\"isPartOf\":{\"@id\":\"https:\/\/colibri-jewels.eu\/et\/#website\"},\"primaryImageOfPage\":{\"@id\":\"https:\/\/colibri-jewels.eu\/et\/toode\/rosalynn-laboriteemantidega-sormus-0-5-ct-valgest-kullast\/#primaryimage\"},\"image\":{\"@id\":\"https:\/\/colibri-jewels.eu\/et\/toode\/rosalynn-laboriteemantidega-sormus-0-5-ct-valgest-kullast\/#primaryimage\"},\"thumbnailUrl\":\"https:\/\/colibri-jewels.eu\/wp-content\/uploads\/2025\/06\/white-gold-solitaire-ring-with-0.5-ct-lab-diamond-Rosalynn-00856.jpg\",\"datePublished\":\"2025-06-17T18:52:55+00:00\",\"dateModified\":\"2025-06-17T19:08:36+00:00\",\"description\":\"Rosalynn \u2013 elegantne 0.5 ct D\/VVS1 laboriteemantidega s\u00f5rmus valgest kullast. Valmistatakse tellimisel. Tasuta tarne \u00fcle Eesti.\",\"breadcrumb\":{\"@id\":\"https:\/\/colibri-jewels.eu\/et\/toode\/rosalynn-laboriteemantidega-sormus-0-5-ct-valgest-kullast\/#breadcrumb\"},\"inLanguage\":\"et\",\"potentialAction\":[{\"@type\":\"ReadAction\",\"target\":[\"https:\/\/colibri-jewels.eu\/et\/toode\/rosalynn-laboriteemantidega-sormus-0-5-ct-valgest-kullast\/\"]}]},{\"@type\":\"ImageObject\",\"inLanguage\":\"et\",\"@id\":\"https:\/\/colibri-jewels.eu\/et\/toode\/rosalynn-laboriteemantidega-sormus-0-5-ct-valgest-kullast\/#primaryimage\",\"url\":\"https:\/\/colibri-jewels.eu\/wp-content\/uploads\/2025\/06\/white-gold-solitaire-ring-with-0.5-ct-lab-diamond-Rosalynn-00856.jpg\",\"contentUrl\":\"https:\/\/colibri-jewels.eu\/wp-content\/uploads\/2025\/06\/white-gold-solitaire-ring-with-0.5-ct-lab-diamond-Rosalynn-00856.jpg\",\"width\":1000,\"height\":1000},{\"@type\":\"BreadcrumbList\",\"@id\":\"https:\/\/colibri-jewels.eu\/et\/toode\/rosalynn-laboriteemantidega-sormus-0-5-ct-valgest-kullast\/#breadcrumb\",\"itemListElement\":[{\"@type\":\"ListItem\",\"position\":1,\"name\":\"\u0413\u043b\u0430\u0432\u043d\u0430\u044f \u0441\u0442\u0440\u0430\u043d\u0438\u0446\u0430\",\"item\":\"https:\/\/colibri-jewels.eu\/et\/\"},{\"@type\":\"ListItem\",\"position\":2,\"name\":\"Pood\",\"item\":\"https:\/\/colibri-jewels.eu\/et\/pood\/\"},{\"@type\":\"ListItem\",\"position\":3,\"name\":\"Rosalynn \u2013 Laboriteemantidega s\u00f5rmus 0.5 ct valgest kullast\"}]},{\"@type\":\"WebSite\",\"@id\":\"https:\/\/colibri-jewels.eu\/et\/#website\",\"url\":\"https:\/\/colibri-jewels.eu\/et\/\",\"name\":\"Colibri jewels\",\"description\":\"jewelry shop\",\"publisher\":{\"@id\":\"https:\/\/colibri-jewels.eu\/et\/#organization\"},\"potentialAction\":[{\"@type\":\"SearchAction\",\"target\":{\"@type\":\"EntryPoint\",\"urlTemplate\":\"https:\/\/colibri-jewels.eu\/et\/?s={search_term_string}\"},\"query-input\":{\"@type\":\"PropertyValueSpecification\",\"valueRequired\":true,\"valueName\":\"search_term_string\"}}],\"inLanguage\":\"et\"},{\"@type\":\"Organization\",\"@id\":\"https:\/\/colibri-jewels.eu\/et\/#organization\",\"name\":\"O\u00dc Colibri\",\"url\":\"https:\/\/colibri-jewels.eu\/et\/\",\"logo\":{\"@type\":\"ImageObject\",\"inLanguage\":\"et\",\"@id\":\"https:\/\/colibri-jewels.eu\/et\/#\/schema\/logo\/image\/\",\"url\":\"https:\/\/dev.colibri-jewels.eu\/wp-content\/uploads\/2021\/03\/colibri.png\",\"contentUrl\":\"https:\/\/dev.colibri-jewels.eu\/wp-content\/uploads\/2021\/03\/colibri.png\",\"width\":227,\"height\":130,\"caption\":\"O\u00dc Colibri\"},\"image\":{\"@id\":\"https:\/\/colibri-jewels.eu\/et\/#\/schema\/logo\/image\/\"},\"sameAs\":[\"https:\/\/www.facebook.com\/colibri.jewels\",\"https:\/\/www.instagram.com\/colibri.jewels\",\"https:\/\/www.tiktok.com\/colibri.jewels\"]}]}<\/script>\n<!-- \/ Yoast SEO Premium plugin. -->","yoast_head_json":{"title":"Laboriteemantiga s\u00f5rmus 0.5 ct valgest kullast | Rosalynn","description":"Rosalynn \u2013 elegantne 0.5 ct D\/VVS1 laboriteemantidega s\u00f5rmus valgest kullast. Valmistatakse tellimisel. Tasuta tarne \u00fcle Eesti.","robots":{"index":"index","follow":"follow","max-snippet":"max-snippet:-1","max-image-preview":"max-image-preview:large","max-video-preview":"max-video-preview:-1"},"canonical":"https:\/\/colibri-jewels.eu\/et\/toode\/rosalynn-laboriteemantidega-sormus-0-5-ct-valgest-kullast\/","og_locale":"et_EE","og_type":"article","og_title":"Rosalynn \u2013 Laboriteemantidega s\u00f5rmus 0.5 ct valgest kullast","og_description":"Rosalynn \u2013 elegantne 0.5 ct D\/VVS1 laboriteemantidega s\u00f5rmus valgest kullast. Valmistatakse tellimisel. Tasuta tarne \u00fcle Eesti.","og_url":"https:\/\/colibri-jewels.eu\/et\/toode\/rosalynn-laboriteemantidega-sormus-0-5-ct-valgest-kullast\/","og_site_name":"Colibri jewels","article_publisher":"https:\/\/www.facebook.com\/colibri.jewels","article_modified_time":"2025-06-17T19:08:36+00:00","og_image":[{"width":1000,"height":1000,"url":"https:\/\/colibri-jewels.eu\/wp-content\/uploads\/2025\/06\/white-gold-solitaire-ring-with-0.5-ct-lab-diamond-Rosalynn-00856.jpg","type":"image\/jpeg"}],"twitter_card":"summary_large_image","twitter_misc":{"Est. reading time":"1 minut"},"schema":{"@context":"https:\/\/schema.org","@graph":[{"@type":"WebPage","@id":"https:\/\/colibri-jewels.eu\/et\/toode\/rosalynn-laboriteemantidega-sormus-0-5-ct-valgest-kullast\/","url":"https:\/\/colibri-jewels.eu\/et\/toode\/rosalynn-laboriteemantidega-sormus-0-5-ct-valgest-kullast\/","name":"Laboriteemantiga s\u00f5rmus 0.5 ct valgest kullast | Rosalynn","isPartOf":{"@id":"https:\/\/colibri-jewels.eu\/et\/#website"},"primaryImageOfPage":{"@id":"https:\/\/colibri-jewels.eu\/et\/toode\/rosalynn-laboriteemantidega-sormus-0-5-ct-valgest-kullast\/#primaryimage"},"image":{"@id":"https:\/\/colibri-jewels.eu\/et\/toode\/rosalynn-laboriteemantidega-sormus-0-5-ct-valgest-kullast\/#primaryimage"},"thumbnailUrl":"https:\/\/colibri-jewels.eu\/wp-content\/uploads\/2025\/06\/white-gold-solitaire-ring-with-0.5-ct-lab-diamond-Rosalynn-00856.jpg","datePublished":"2025-06-17T18:52:55+00:00","dateModified":"2025-06-17T19:08:36+00:00","description":"Rosalynn \u2013 elegantne 0.5 ct D\/VVS1 laboriteemantidega s\u00f5rmus valgest kullast. Valmistatakse tellimisel. Tasuta tarne \u00fcle Eesti.","breadcrumb":{"@id":"https:\/\/colibri-jewels.eu\/et\/toode\/rosalynn-laboriteemantidega-sormus-0-5-ct-valgest-kullast\/#breadcrumb"},"inLanguage":"et","potentialAction":[{"@type":"ReadAction","target":["https:\/\/colibri-jewels.eu\/et\/toode\/rosalynn-laboriteemantidega-sormus-0-5-ct-valgest-kullast\/"]}]},{"@type":"ImageObject","inLanguage":"et","@id":"https:\/\/colibri-jewels.eu\/et\/toode\/rosalynn-laboriteemantidega-sormus-0-5-ct-valgest-kullast\/#primaryimage","url":"https:\/\/colibri-jewels.eu\/wp-content\/uploads\/2025\/06\/white-gold-solitaire-ring-with-0.5-ct-lab-diamond-Rosalynn-00856.jpg","contentUrl":"https:\/\/colibri-jewels.eu\/wp-content\/uploads\/2025\/06\/white-gold-solitaire-ring-with-0.5-ct-lab-diamond-Rosalynn-00856.jpg","width":1000,"height":1000},{"@type":"BreadcrumbList","@id":"https:\/\/colibri-jewels.eu\/et\/toode\/rosalynn-laboriteemantidega-sormus-0-5-ct-valgest-kullast\/#breadcrumb","itemListElement":[{"@type":"ListItem","position":1,"name":"\u0413\u043b\u0430\u0432\u043d\u0430\u044f \u0441\u0442\u0440\u0430\u043d\u0438\u0446\u0430","item":"https:\/\/colibri-jewels.eu\/et\/"},{"@type":"ListItem","position":2,"name":"Pood","item":"https:\/\/colibri-jewels.eu\/et\/pood\/"},{"@type":"ListItem","position":3,"name":"Rosalynn \u2013 Laboriteemantidega s\u00f5rmus 0.5 ct valgest kullast"}]},{"@type":"WebSite","@id":"https:\/\/colibri-jewels.eu\/et\/#website","url":"https:\/\/colibri-jewels.eu\/et\/","name":"Colibri jewels","description":"jewelry shop","publisher":{"@id":"https:\/\/colibri-jewels.eu\/et\/#organization"},"potentialAction":[{"@type":"SearchAction","target":{"@type":"EntryPoint","urlTemplate":"https:\/\/colibri-jewels.eu\/et\/?s={search_term_string}"},"query-input":{"@type":"PropertyValueSpecification","valueRequired":true,"valueName":"search_term_string"}}],"inLanguage":"et"},{"@type":"Organization","@id":"https:\/\/colibri-jewels.eu\/et\/#organization","name":"O\u00dc Colibri","url":"https:\/\/colibri-jewels.eu\/et\/","logo":{"@type":"ImageObject","inLanguage":"et","@id":"https:\/\/colibri-jewels.eu\/et\/#\/schema\/logo\/image\/","url":"https:\/\/dev.colibri-jewels.eu\/wp-content\/uploads\/2021\/03\/colibri.png","contentUrl":"https:\/\/dev.colibri-jewels.eu\/wp-content\/uploads\/2021\/03\/colibri.png","width":227,"height":130,"caption":"O\u00dc Colibri"},"image":{"@id":"https:\/\/colibri-jewels.eu\/et\/#\/schema\/logo\/image\/"},"sameAs":["https:\/\/www.facebook.com\/colibri.jewels","https:\/\/www.instagram.com\/colibri.jewels","https:\/\/www.tiktok.com\/colibri.jewels"]}]}},"_links":{"self":[{"href":"https:\/\/colibri-jewels.eu\/et\/wp-json\/wp\/v2\/product\/54143","targetHints":{"allow":["GET"]}}],"collection":[{"href":"https:\/\/colibri-jewels.eu\/et\/wp-json\/wp\/v2\/product"}],"about":[{"href":"https:\/\/colibri-jewels.eu\/et\/wp-json\/wp\/v2\/types\/product"}],"replies":[{"embeddable":true,"href":"https:\/\/colibri-jewels.eu\/et\/wp-json\/wp\/v2\/comments?post=54143"}],"version-history":[{"count":0,"href":"https:\/\/colibri-jewels.eu\/et\/wp-json\/wp\/v2\/product\/54143\/revisions"}],"wp:featuredmedia":[{"embeddable":true,"href":"https:\/\/colibri-jewels.eu\/et\/wp-json\/wp\/v2\/media\/54124"}],"wp:attachment":[{"href":"https:\/\/colibri-jewels.eu\/et\/wp-json\/wp\/v2\/media?parent=54143"}],"wp:term":[{"taxonomy":"brand","embeddable":true,"href":"https:\/\/colibri-jewels.eu\/et\/wp-json\/wp\/v2\/etheme_brands?post=54143"},{"taxonomy":"product_brand","embeddable":true,"href":"https:\/\/colibri-jewels.eu\/et\/wp-json\/wp\/v2\/product_brand?post=54143"},{"taxonomy":"product_cat","embeddable":true,"href":"https:\/\/colibri-jewels.eu\/et\/wp-json\/wp\/v2\/product_cat?post=54143"},{"taxonomy":"product_tag","embeddable":true,"href":"https:\/\/colibri-jewels.eu\/et\/wp-json\/wp\/v2\/product_tag?post=54143"}],"curies":[{"name":"wp","href":"https:\/\/api.w.org\/{rel}","templated":true}]}}