{"id":55041,"date":"2025-07-06T17:08:47","date_gmt":"2025-07-06T14:08:47","guid":{"rendered":"https:\/\/colibri-jewels.eu\/?post_type=product&#038;p=55041"},"modified":"2025-10-02T22:32:13","modified_gmt":"2025-10-02T19:32:13","slug":"lopmatus-teemantsormus-plaatinast-voi-kullast","status":"publish","type":"product","link":"https:\/\/colibri-jewels.eu\/et\/toode\/lopmatus-teemantsormus-plaatinast-voi-kullast\/","title":{"rendered":"&#8220;L\u00f5pmatus&#8221; teemants\u00f5rmus plaatinast v\u00f5i kullast"},"content":{"rendered":"<p>Peen s\u00f5rmus &#8220;L\u00f5pmatus&#8221; on igavese armastuse ja p\u00fchendumuse s\u00fcmbol. See s\u00f5rmus, mis on kaetud s\u00e4delevate teemantidega kogu \u00fcmberm\u00f5\u00f5du ulatuses, on ideaalne valik kihluseks, aastap\u00e4evaks v\u00f5i lihtsalt eriliseks kingituseks. Iga s\u00f5rmus valmistatakse eritellimusena, et see sobiks teile ideaalselt.  <\/p>\n<p><b>Omadused:<\/b><\/p>\n<ul>\n<li><b>Materjal:<\/b>\n<ul>\n<li>Plaatina 950 proov<\/li>\n<li>Valge, kollane v\u00f5i roosa kuld 585 proov<\/li>\n<\/ul>\n<\/li>\n<li><b>Lisandid<\/b>: Looduslikud \u00fcmarlihvitud teemandid<\/li>\n<li><b>Teemantide l\u00e4bim\u00f5\u00f5t<\/b>: 2,5 mm.<\/li>\n<li><b>Eriomadused<\/b>: Teemandid paiknevad kogu s\u00f5rmuse \u00fcmberm\u00f5\u00f5dul.<\/li>\n<\/ul>\n<p><b>Oluline teave:<\/b><\/p>\n<p>Teemantide arv ja nende kogukaal s\u00f5ltuvad s\u00f5rmuse suurusest. N\u00e4iteks fotol oleva s\u00f5rmuse suurusel 15,5 on kasutatud 21 teemanti kogukaaluga 1,27 karaati. Teie suuruse jaoks arvutatakse kivide arv ja nende kaal \u00fcmber ning t\u00e4pne maksumus arvestatakse individuaalselt p\u00e4rast suuruse t\u00e4psustamist.  <\/p>\n<p><b>Valmistamisaeg<\/b>: S\u00f5rmuse valmistamine v\u00f5tab aega 4-5 n\u00e4dalat. Palume seda tellimuse esitamisel arvestada. <\/p>\n<p><b>Hooldussoovitused<\/b>: Teemantide ja metalli s\u00e4ra s\u00e4ilitamiseks on soovitatav regulaarne professionaalne puhastus.<\/p>\n","protected":false},"excerpt":{"rendered":"<ul>\n<li><b>Omadused:<\/b>\n<ul>\n<li><b>Materjal:<\/b>\n<ul>\n<li>Plaatina 950 proov<\/li>\n<li>Valge, kollane v\u00f5i roosa kuld 585 proov<\/li>\n<\/ul>\n<\/li>\n<li><b>Lisandid<\/b>: Looduslikud \u00fcmarlihvitud teemandid<\/li>\n<li><b>Teemantide l\u00e4bim\u00f5\u00f5t<\/b>: 2,5 mm.<\/li>\n<li><b>Eriomadused<\/b>: Teemandid paiknevad kogu s\u00f5rmuse \u00fcmberm\u00f5\u00f5dul.<\/li>\n<\/ul>\n<\/li>\n<\/ul>\n","protected":false},"featured_media":55030,"comment_status":"open","ping_status":"closed","template":"","meta":[],"etheme_brands":[],"product_brand":[],"product_cat":[471],"product_tag":[598,476,474,472,1255],"class_list":{"0":"post-55041","1":"product","2":"type-product","3":"status-publish","4":"has-post-thumbnail","6":"product_cat-sormused","7":"product_tag-abielusormused","8":"product_tag-eksklusiivsed-ehted","9":"product_tag-kihlasormused","10":"product_tag-klassika","11":"product_tag-lab-teemantid","13":"first","14":"onbackorder","15":"shipping-taxable","16":"purchasable","17":"product-type-variable"},"acf":[],"yoast_head":"<!-- This site is optimized with the Yoast SEO Premium plugin v26.5 (Yoast SEO v26.8) - https:\/\/yoast.com\/product\/yoast-seo-premium-wordpress\/ -->\n<title>S\u00f5rmus &quot;L\u00f5pmatus&quot; teemantidega Plaatina\/Kuld \u2013 Eritellimusel<\/title>\n<meta name=\"description\" content=\"Eksklusiivne s\u00f5rmus &quot;L\u00f5pmatus&quot; looduslike teemantidega kogu \u00fcmberm\u00f5\u00f5dul. Eritellimusel plaatinast v\u00f5i kullast. K\u00fcsi hinda oma suurusele. Valmistamisaeg 4-5 n\u00e4dalat.\" \/>\n<meta name=\"robots\" content=\"index, follow, max-snippet:-1, max-image-preview:large, max-video-preview:-1\" \/>\n<link rel=\"canonical\" href=\"https:\/\/colibri-jewels.eu\/et\/toode\/lopmatus-teemantsormus-plaatinast-voi-kullast\/\" \/>\n<meta property=\"og:locale\" content=\"et_EE\" \/>\n<meta property=\"og:type\" content=\"article\" \/>\n<meta property=\"og:title\" content=\"&quot;L\u00f5pmatus&quot; teemants\u00f5rmus plaatinast v\u00f5i kullast\" \/>\n<meta property=\"og:description\" content=\"Eksklusiivne s\u00f5rmus &quot;L\u00f5pmatus&quot; looduslike teemantidega kogu \u00fcmberm\u00f5\u00f5dul. Eritellimusel plaatinast v\u00f5i kullast. K\u00fcsi hinda oma suurusele. Valmistamisaeg 4-5 n\u00e4dalat.\" \/>\n<meta property=\"og:url\" content=\"https:\/\/colibri-jewels.eu\/et\/toode\/lopmatus-teemantsormus-plaatinast-voi-kullast\/\" \/>\n<meta property=\"og:site_name\" content=\"Colibri jewels\" \/>\n<meta property=\"article:publisher\" content=\"https:\/\/www.facebook.com\/colibri.jewels\" \/>\n<meta property=\"article:modified_time\" content=\"2025-10-02T19:32:13+00:00\" \/>\n<meta property=\"og:image\" content=\"https:\/\/colibri-jewels.eu\/wp-content\/uploads\/2025\/07\/platinum-eternity-wedding-diamond-ring.jpg\" \/>\n\t<meta property=\"og:image:width\" content=\"1000\" \/>\n\t<meta property=\"og:image:height\" content=\"1000\" \/>\n\t<meta property=\"og:image:type\" content=\"image\/jpeg\" \/>\n<meta name=\"twitter:card\" content=\"summary_large_image\" \/>\n<meta name=\"twitter:label1\" content=\"Est. reading time\" \/>\n\t<meta name=\"twitter:data1\" content=\"1 minut\" \/>\n<script type=\"application\/ld+json\" class=\"yoast-schema-graph\">{\"@context\":\"https:\/\/schema.org\",\"@graph\":[{\"@type\":\"WebPage\",\"@id\":\"https:\/\/colibri-jewels.eu\/et\/toode\/lopmatus-teemantsormus-plaatinast-voi-kullast\/\",\"url\":\"https:\/\/colibri-jewels.eu\/et\/toode\/lopmatus-teemantsormus-plaatinast-voi-kullast\/\",\"name\":\"S\u00f5rmus \\\"L\u00f5pmatus\\\" teemantidega Plaatina\/Kuld \u2013 Eritellimusel\",\"isPartOf\":{\"@id\":\"https:\/\/colibri-jewels.eu\/et\/#website\"},\"primaryImageOfPage\":{\"@id\":\"https:\/\/colibri-jewels.eu\/et\/toode\/lopmatus-teemantsormus-plaatinast-voi-kullast\/#primaryimage\"},\"image\":{\"@id\":\"https:\/\/colibri-jewels.eu\/et\/toode\/lopmatus-teemantsormus-plaatinast-voi-kullast\/#primaryimage\"},\"thumbnailUrl\":\"https:\/\/colibri-jewels.eu\/wp-content\/uploads\/2025\/07\/platinum-eternity-wedding-diamond-ring.jpg\",\"datePublished\":\"2025-07-06T14:08:47+00:00\",\"dateModified\":\"2025-10-02T19:32:13+00:00\",\"description\":\"Eksklusiivne s\u00f5rmus \\\"L\u00f5pmatus\\\" looduslike teemantidega kogu \u00fcmberm\u00f5\u00f5dul. Eritellimusel plaatinast v\u00f5i kullast. K\u00fcsi hinda oma suurusele. Valmistamisaeg 4-5 n\u00e4dalat.\",\"breadcrumb\":{\"@id\":\"https:\/\/colibri-jewels.eu\/et\/toode\/lopmatus-teemantsormus-plaatinast-voi-kullast\/#breadcrumb\"},\"inLanguage\":\"et\",\"potentialAction\":[{\"@type\":\"ReadAction\",\"target\":[\"https:\/\/colibri-jewels.eu\/et\/toode\/lopmatus-teemantsormus-plaatinast-voi-kullast\/\"]}]},{\"@type\":\"ImageObject\",\"inLanguage\":\"et\",\"@id\":\"https:\/\/colibri-jewels.eu\/et\/toode\/lopmatus-teemantsormus-plaatinast-voi-kullast\/#primaryimage\",\"url\":\"https:\/\/colibri-jewels.eu\/wp-content\/uploads\/2025\/07\/platinum-eternity-wedding-diamond-ring.jpg\",\"contentUrl\":\"https:\/\/colibri-jewels.eu\/wp-content\/uploads\/2025\/07\/platinum-eternity-wedding-diamond-ring.jpg\",\"width\":1000,\"height\":1000},{\"@type\":\"BreadcrumbList\",\"@id\":\"https:\/\/colibri-jewels.eu\/et\/toode\/lopmatus-teemantsormus-plaatinast-voi-kullast\/#breadcrumb\",\"itemListElement\":[{\"@type\":\"ListItem\",\"position\":1,\"name\":\"\u0413\u043b\u0430\u0432\u043d\u0430\u044f \u0441\u0442\u0440\u0430\u043d\u0438\u0446\u0430\",\"item\":\"https:\/\/colibri-jewels.eu\/et\/\"},{\"@type\":\"ListItem\",\"position\":2,\"name\":\"Pood\",\"item\":\"https:\/\/colibri-jewels.eu\/et\/pood\/\"},{\"@type\":\"ListItem\",\"position\":3,\"name\":\"&#8220;L\u00f5pmatus&#8221; teemants\u00f5rmus plaatinast v\u00f5i kullast\"}]},{\"@type\":\"WebSite\",\"@id\":\"https:\/\/colibri-jewels.eu\/et\/#website\",\"url\":\"https:\/\/colibri-jewels.eu\/et\/\",\"name\":\"Colibri jewels\",\"description\":\"jewelry shop\",\"publisher\":{\"@id\":\"https:\/\/colibri-jewels.eu\/et\/#organization\"},\"potentialAction\":[{\"@type\":\"SearchAction\",\"target\":{\"@type\":\"EntryPoint\",\"urlTemplate\":\"https:\/\/colibri-jewels.eu\/et\/?s={search_term_string}\"},\"query-input\":{\"@type\":\"PropertyValueSpecification\",\"valueRequired\":true,\"valueName\":\"search_term_string\"}}],\"inLanguage\":\"et\"},{\"@type\":\"Organization\",\"@id\":\"https:\/\/colibri-jewels.eu\/et\/#organization\",\"name\":\"O\u00dc Colibri\",\"url\":\"https:\/\/colibri-jewels.eu\/et\/\",\"logo\":{\"@type\":\"ImageObject\",\"inLanguage\":\"et\",\"@id\":\"https:\/\/colibri-jewels.eu\/et\/#\/schema\/logo\/image\/\",\"url\":\"https:\/\/dev.colibri-jewels.eu\/wp-content\/uploads\/2021\/03\/colibri.png\",\"contentUrl\":\"https:\/\/dev.colibri-jewels.eu\/wp-content\/uploads\/2021\/03\/colibri.png\",\"width\":227,\"height\":130,\"caption\":\"O\u00dc Colibri\"},\"image\":{\"@id\":\"https:\/\/colibri-jewels.eu\/et\/#\/schema\/logo\/image\/\"},\"sameAs\":[\"https:\/\/www.facebook.com\/colibri.jewels\",\"https:\/\/www.instagram.com\/colibri.jewels\",\"https:\/\/www.tiktok.com\/colibri.jewels\"]}]}<\/script>\n<!-- \/ Yoast SEO Premium plugin. -->","yoast_head_json":{"title":"S\u00f5rmus \"L\u00f5pmatus\" teemantidega Plaatina\/Kuld \u2013 Eritellimusel","description":"Eksklusiivne s\u00f5rmus \"L\u00f5pmatus\" looduslike teemantidega kogu \u00fcmberm\u00f5\u00f5dul. Eritellimusel plaatinast v\u00f5i kullast. K\u00fcsi hinda oma suurusele. Valmistamisaeg 4-5 n\u00e4dalat.","robots":{"index":"index","follow":"follow","max-snippet":"max-snippet:-1","max-image-preview":"max-image-preview:large","max-video-preview":"max-video-preview:-1"},"canonical":"https:\/\/colibri-jewels.eu\/et\/toode\/lopmatus-teemantsormus-plaatinast-voi-kullast\/","og_locale":"et_EE","og_type":"article","og_title":"\"L\u00f5pmatus\" teemants\u00f5rmus plaatinast v\u00f5i kullast","og_description":"Eksklusiivne s\u00f5rmus \"L\u00f5pmatus\" looduslike teemantidega kogu \u00fcmberm\u00f5\u00f5dul. Eritellimusel plaatinast v\u00f5i kullast. K\u00fcsi hinda oma suurusele. Valmistamisaeg 4-5 n\u00e4dalat.","og_url":"https:\/\/colibri-jewels.eu\/et\/toode\/lopmatus-teemantsormus-plaatinast-voi-kullast\/","og_site_name":"Colibri jewels","article_publisher":"https:\/\/www.facebook.com\/colibri.jewels","article_modified_time":"2025-10-02T19:32:13+00:00","og_image":[{"width":1000,"height":1000,"url":"https:\/\/colibri-jewels.eu\/wp-content\/uploads\/2025\/07\/platinum-eternity-wedding-diamond-ring.jpg","type":"image\/jpeg"}],"twitter_card":"summary_large_image","twitter_misc":{"Est. reading time":"1 minut"},"schema":{"@context":"https:\/\/schema.org","@graph":[{"@type":"WebPage","@id":"https:\/\/colibri-jewels.eu\/et\/toode\/lopmatus-teemantsormus-plaatinast-voi-kullast\/","url":"https:\/\/colibri-jewels.eu\/et\/toode\/lopmatus-teemantsormus-plaatinast-voi-kullast\/","name":"S\u00f5rmus \"L\u00f5pmatus\" teemantidega Plaatina\/Kuld \u2013 Eritellimusel","isPartOf":{"@id":"https:\/\/colibri-jewels.eu\/et\/#website"},"primaryImageOfPage":{"@id":"https:\/\/colibri-jewels.eu\/et\/toode\/lopmatus-teemantsormus-plaatinast-voi-kullast\/#primaryimage"},"image":{"@id":"https:\/\/colibri-jewels.eu\/et\/toode\/lopmatus-teemantsormus-plaatinast-voi-kullast\/#primaryimage"},"thumbnailUrl":"https:\/\/colibri-jewels.eu\/wp-content\/uploads\/2025\/07\/platinum-eternity-wedding-diamond-ring.jpg","datePublished":"2025-07-06T14:08:47+00:00","dateModified":"2025-10-02T19:32:13+00:00","description":"Eksklusiivne s\u00f5rmus \"L\u00f5pmatus\" looduslike teemantidega kogu \u00fcmberm\u00f5\u00f5dul. Eritellimusel plaatinast v\u00f5i kullast. K\u00fcsi hinda oma suurusele. Valmistamisaeg 4-5 n\u00e4dalat.","breadcrumb":{"@id":"https:\/\/colibri-jewels.eu\/et\/toode\/lopmatus-teemantsormus-plaatinast-voi-kullast\/#breadcrumb"},"inLanguage":"et","potentialAction":[{"@type":"ReadAction","target":["https:\/\/colibri-jewels.eu\/et\/toode\/lopmatus-teemantsormus-plaatinast-voi-kullast\/"]}]},{"@type":"ImageObject","inLanguage":"et","@id":"https:\/\/colibri-jewels.eu\/et\/toode\/lopmatus-teemantsormus-plaatinast-voi-kullast\/#primaryimage","url":"https:\/\/colibri-jewels.eu\/wp-content\/uploads\/2025\/07\/platinum-eternity-wedding-diamond-ring.jpg","contentUrl":"https:\/\/colibri-jewels.eu\/wp-content\/uploads\/2025\/07\/platinum-eternity-wedding-diamond-ring.jpg","width":1000,"height":1000},{"@type":"BreadcrumbList","@id":"https:\/\/colibri-jewels.eu\/et\/toode\/lopmatus-teemantsormus-plaatinast-voi-kullast\/#breadcrumb","itemListElement":[{"@type":"ListItem","position":1,"name":"\u0413\u043b\u0430\u0432\u043d\u0430\u044f \u0441\u0442\u0440\u0430\u043d\u0438\u0446\u0430","item":"https:\/\/colibri-jewels.eu\/et\/"},{"@type":"ListItem","position":2,"name":"Pood","item":"https:\/\/colibri-jewels.eu\/et\/pood\/"},{"@type":"ListItem","position":3,"name":"&#8220;L\u00f5pmatus&#8221; teemants\u00f5rmus plaatinast v\u00f5i kullast"}]},{"@type":"WebSite","@id":"https:\/\/colibri-jewels.eu\/et\/#website","url":"https:\/\/colibri-jewels.eu\/et\/","name":"Colibri jewels","description":"jewelry shop","publisher":{"@id":"https:\/\/colibri-jewels.eu\/et\/#organization"},"potentialAction":[{"@type":"SearchAction","target":{"@type":"EntryPoint","urlTemplate":"https:\/\/colibri-jewels.eu\/et\/?s={search_term_string}"},"query-input":{"@type":"PropertyValueSpecification","valueRequired":true,"valueName":"search_term_string"}}],"inLanguage":"et"},{"@type":"Organization","@id":"https:\/\/colibri-jewels.eu\/et\/#organization","name":"O\u00dc Colibri","url":"https:\/\/colibri-jewels.eu\/et\/","logo":{"@type":"ImageObject","inLanguage":"et","@id":"https:\/\/colibri-jewels.eu\/et\/#\/schema\/logo\/image\/","url":"https:\/\/dev.colibri-jewels.eu\/wp-content\/uploads\/2021\/03\/colibri.png","contentUrl":"https:\/\/dev.colibri-jewels.eu\/wp-content\/uploads\/2021\/03\/colibri.png","width":227,"height":130,"caption":"O\u00dc Colibri"},"image":{"@id":"https:\/\/colibri-jewels.eu\/et\/#\/schema\/logo\/image\/"},"sameAs":["https:\/\/www.facebook.com\/colibri.jewels","https:\/\/www.instagram.com\/colibri.jewels","https:\/\/www.tiktok.com\/colibri.jewels"]}]}},"_links":{"self":[{"href":"https:\/\/colibri-jewels.eu\/et\/wp-json\/wp\/v2\/product\/55041","targetHints":{"allow":["GET"]}}],"collection":[{"href":"https:\/\/colibri-jewels.eu\/et\/wp-json\/wp\/v2\/product"}],"about":[{"href":"https:\/\/colibri-jewels.eu\/et\/wp-json\/wp\/v2\/types\/product"}],"replies":[{"embeddable":true,"href":"https:\/\/colibri-jewels.eu\/et\/wp-json\/wp\/v2\/comments?post=55041"}],"version-history":[{"count":1,"href":"https:\/\/colibri-jewels.eu\/et\/wp-json\/wp\/v2\/product\/55041\/revisions"}],"predecessor-version":[{"id":57241,"href":"https:\/\/colibri-jewels.eu\/et\/wp-json\/wp\/v2\/product\/55041\/revisions\/57241"}],"wp:featuredmedia":[{"embeddable":true,"href":"https:\/\/colibri-jewels.eu\/et\/wp-json\/wp\/v2\/media\/55030"}],"wp:attachment":[{"href":"https:\/\/colibri-jewels.eu\/et\/wp-json\/wp\/v2\/media?parent=55041"}],"wp:term":[{"taxonomy":"brand","embeddable":true,"href":"https:\/\/colibri-jewels.eu\/et\/wp-json\/wp\/v2\/etheme_brands?post=55041"},{"taxonomy":"product_brand","embeddable":true,"href":"https:\/\/colibri-jewels.eu\/et\/wp-json\/wp\/v2\/product_brand?post=55041"},{"taxonomy":"product_cat","embeddable":true,"href":"https:\/\/colibri-jewels.eu\/et\/wp-json\/wp\/v2\/product_cat?post=55041"},{"taxonomy":"product_tag","embeddable":true,"href":"https:\/\/colibri-jewels.eu\/et\/wp-json\/wp\/v2\/product_tag?post=55041"}],"curies":[{"name":"wp","href":"https:\/\/api.w.org\/{rel}","templated":true}]}}