{"id":55247,"date":"2025-07-11T19:50:17","date_gmt":"2025-07-11T16:50:17","guid":{"rendered":"https:\/\/colibri-jewels.eu\/?post_type=product&#038;p=55247"},"modified":"2025-07-11T20:11:54","modified_gmt":"2025-07-11T17:11:54","slug":"elegantsed-kuldsed-nuppkorvarongad-1-5-ct-lab-teemantidega-audrey","status":"publish","type":"product","link":"https:\/\/colibri-jewels.eu\/et\/toode\/elegantsed-kuldsed-nuppkorvarongad-1-5-ct-lab-teemantidega-audrey\/","title":{"rendered":"Elegantsed kuldsed nuppk\u00f5rvar\u00f5ngad 1.5 ct lab teemantidega &#8220;Audrey&#8221;"},"content":{"rendered":"<p><b>K\u00f5rvar\u00f5ngad &#8220;Audrey&#8221; laboratoorsete teemantidega<\/b><\/p>\n<p>Ajatu rafineeritus. K\u00f5rvar\u00f5ngad &#8220;Audrey&#8221; on l\u00fchikese luksuse kehastus, loodud neile, kes hindavad puhtaid jooni ja veatut s\u00e4ra. Stiiliikoon Audrey Hepburni j\u00e4rgi nimetatud k\u00f5rvar\u00f5ngad on loodud r\u00f5hutama teie loomulikku elegantsi ja peent maitset.<\/p>\n<p><b>Teadlik valik ja laitmatu kvaliteet:<\/b><\/p>\n<p>Pakume teile rohkem kui lihtsalt ehteid \u2013 pakume teadlikku valikut. Iga &#8220;Audrey&#8221; k\u00f5rvar\u00f5ngas on kaunistatud suurep\u00e4rase <b>laboratoorse teemandiga<\/b>, mille kaal on <b>1.5 karaati<\/b> ja millel on erakordsed omadused <b>E\/VVS2<\/b>. Need <b>laboratoorsed teemandid<\/b> ei ole mitte ainult keemilise, f\u00fc\u00fcsikalise ja optilise koostise poolest identsed looduslikele teemantidele, vaid esindavad ka eetilist ja keskkonnas\u00f5bralikku valikut. Valides &#8220;Audrey&#8221;, valite ilu ja stiili, elate hetkes, mitte hinna j\u00e4rgi, toetades vastutustundlikku tarbimist.<\/p>\n<p><b>Spetsifikatsioonid:<\/b><\/p>\n<ul>\n<li><b>Metall:<\/b> 585 prooviga valge kuld<\/li>\n<li><b>Kivid:<\/b> 2 lab teemanti<\/li>\n<li><b>Iga laboratoorse teemanti kaal:<\/b> 1.5 karaati<\/li>\n<li><b>V\u00e4rvus\/Puhtus:<\/b> E\/VVS2 (erakordne v\u00e4rvus, praktiliselt ilma sulanditeta)<\/li>\n<li><b>Sertifikaat<\/b>: Iga laboratoorse teemandiga kaasneb individuaalne sertifikaat, mis kinnitab selle kvaliteeti ja omadusi.<\/li>\n<li><b>Graveering: <\/b>Iga laboratoorse teemanti v\u00f6\u00f6l on lasergraveering sertifikaadi numbriga, mis tagab autentsuse.<\/li>\n<li><b>Kinnitus<\/b>: Turvalised kruvikinnitused (nuppk\u00f5rvar\u00f5ngad), mis tagavad mugava ja ohutu istuvuse.<\/li>\n<li><b>Disain:<\/b> Lakooniline, kuid samas luksuslik, sobib ideaalselt nii igap\u00e4evaseks kandmiseks kui ka erilisteks s\u00fcndmusteks.<\/li>\n<\/ul>\n<p><b>K\u00f5rvar\u00f5ngad &#8220;Audrey&#8221; ei ole lihtsalt ehted; need on avaldus teie stiili ja v\u00e4\u00e4rtushinnangute kohta. S\u00e4ra eredalt ja teadlikult! <\/b><\/p>\n","protected":false},"excerpt":{"rendered":"<p><b>Spetsifikatsioonid:<\/b><\/p>\n<ul>\n<li><b>Metall:<\/b> 585 prooviga valge kuld<\/li>\n<li><b>Kivid:<\/b> 2 lab teemanti<\/li>\n<li><b>Iga laboratoorse teemanti kaal:<\/b> 1.5 karaati<\/li>\n<li><b>V\u00e4rvus\/Puhtus:<\/b> E\/VVS2 (erakordne v\u00e4rvus, praktiliselt ilma sulanditeta)<\/li>\n<li><b>Sertifikaat<\/b>: Iga laboratoorse teemandiga kaasneb individuaalne sertifikaat, mis kinnitab selle kvaliteeti ja omadusi.<\/li>\n<li><b>Graveering: <\/b>Iga laboratoorse teemanti v\u00f6\u00f6l on lasergraveering sertifikaadi numbriga, mis tagab autentsuse.<\/li>\n<li><b>Kinnitus<\/b>: Turvalised kruvikinnitused (nuppk\u00f5rvar\u00f5ngad), mis tagavad mugava ja ohutu istuvuse.<\/li>\n<li><b>Disain:<\/b> Lakooniline, kuid samas luksuslik, sobib ideaalselt nii igap\u00e4evaseks kandmiseks kui ka erilisteks s\u00fcndmusteks.<\/li>\n<\/ul>\n","protected":false},"featured_media":55222,"comment_status":"open","ping_status":"closed","template":"","meta":[],"etheme_brands":[],"product_brand":[],"product_cat":[469],"product_tag":[476,472,1255,505,508],"class_list":{"0":"post-55247","1":"product","2":"type-product","3":"status-publish","4":"has-post-thumbnail","6":"product_cat-korvarongad","7":"product_tag-eksklusiivsed-ehted","8":"product_tag-klassika","9":"product_tag-lab-teemantid","10":"product_tag-lakooniline","11":"product_tag-solitaar","13":"first","14":"onbackorder","15":"shipping-taxable","16":"purchasable","17":"product-type-simple"},"acf":[],"yoast_head":"<!-- This site is optimized with the Yoast SEO Premium plugin v26.5 (Yoast SEO v26.8) - https:\/\/yoast.com\/product\/yoast-seo-premium-wordpress\/ -->\n<title>&quot;Audrey&quot; laboratoorsed teemantk\u00f5rvar\u00f5ngad 1.5 karaati valgest kullast<\/title>\n<meta name=\"description\" content=\"Elegantsed &quot;Audrey&quot; 585 valgest kullast nuppk\u00f5rvar\u00f5ngad 1.5 ct E\/VVS2 laboratoorsete teemantidega. Teadlik luksus: stiil, eetika, sertifitseeritud, graveeritud. Turvaline kruvikinnitus.\" \/>\n<meta name=\"robots\" content=\"index, follow, max-snippet:-1, max-image-preview:large, max-video-preview:-1\" \/>\n<link rel=\"canonical\" href=\"https:\/\/colibri-jewels.eu\/et\/toode\/elegantsed-kuldsed-nuppkorvarongad-1-5-ct-lab-teemantidega-audrey\/\" \/>\n<meta property=\"og:locale\" content=\"et_EE\" \/>\n<meta property=\"og:type\" content=\"article\" \/>\n<meta property=\"og:title\" content=\"Elegantsed kuldsed nuppk\u00f5rvar\u00f5ngad 1.5 ct lab teemantidega &quot;Audrey&quot;\" \/>\n<meta property=\"og:description\" content=\"Elegantsed &quot;Audrey&quot; 585 valgest kullast nuppk\u00f5rvar\u00f5ngad 1.5 ct E\/VVS2 laboratoorsete teemantidega. Teadlik luksus: stiil, eetika, sertifitseeritud, graveeritud. Turvaline kruvikinnitus.\" \/>\n<meta property=\"og:url\" content=\"https:\/\/colibri-jewels.eu\/et\/toode\/elegantsed-kuldsed-nuppkorvarongad-1-5-ct-lab-teemantidega-audrey\/\" \/>\n<meta property=\"og:site_name\" content=\"Colibri jewels\" \/>\n<meta property=\"article:publisher\" content=\"https:\/\/www.facebook.com\/colibri.jewels\" \/>\n<meta property=\"article:modified_time\" content=\"2025-07-11T17:11:54+00:00\" \/>\n<meta property=\"og:image\" content=\"https:\/\/colibri-jewels.eu\/wp-content\/uploads\/2025\/07\/golden-earrings-with-1.5-ct-diamonds-Audrey.jpg\" \/>\n\t<meta property=\"og:image:width\" content=\"1000\" \/>\n\t<meta property=\"og:image:height\" content=\"1000\" \/>\n\t<meta property=\"og:image:type\" content=\"image\/jpeg\" \/>\n<meta name=\"twitter:card\" content=\"summary_large_image\" \/>\n<meta name=\"twitter:label1\" content=\"Est. reading time\" \/>\n\t<meta name=\"twitter:data1\" content=\"1 minut\" \/>\n<script type=\"application\/ld+json\" class=\"yoast-schema-graph\">{\"@context\":\"https:\/\/schema.org\",\"@graph\":[{\"@type\":\"WebPage\",\"@id\":\"https:\/\/colibri-jewels.eu\/et\/toode\/elegantsed-kuldsed-nuppkorvarongad-1-5-ct-lab-teemantidega-audrey\/\",\"url\":\"https:\/\/colibri-jewels.eu\/et\/toode\/elegantsed-kuldsed-nuppkorvarongad-1-5-ct-lab-teemantidega-audrey\/\",\"name\":\"\\\"Audrey\\\" laboratoorsed teemantk\u00f5rvar\u00f5ngad 1.5 karaati valgest kullast\",\"isPartOf\":{\"@id\":\"https:\/\/colibri-jewels.eu\/et\/#website\"},\"primaryImageOfPage\":{\"@id\":\"https:\/\/colibri-jewels.eu\/et\/toode\/elegantsed-kuldsed-nuppkorvarongad-1-5-ct-lab-teemantidega-audrey\/#primaryimage\"},\"image\":{\"@id\":\"https:\/\/colibri-jewels.eu\/et\/toode\/elegantsed-kuldsed-nuppkorvarongad-1-5-ct-lab-teemantidega-audrey\/#primaryimage\"},\"thumbnailUrl\":\"https:\/\/colibri-jewels.eu\/wp-content\/uploads\/2025\/07\/golden-earrings-with-1.5-ct-diamonds-Audrey.jpg\",\"datePublished\":\"2025-07-11T16:50:17+00:00\",\"dateModified\":\"2025-07-11T17:11:54+00:00\",\"description\":\"Elegantsed \\\"Audrey\\\" 585 valgest kullast nuppk\u00f5rvar\u00f5ngad 1.5 ct E\/VVS2 laboratoorsete teemantidega. Teadlik luksus: stiil, eetika, sertifitseeritud, graveeritud. Turvaline kruvikinnitus.\",\"breadcrumb\":{\"@id\":\"https:\/\/colibri-jewels.eu\/et\/toode\/elegantsed-kuldsed-nuppkorvarongad-1-5-ct-lab-teemantidega-audrey\/#breadcrumb\"},\"inLanguage\":\"et\",\"potentialAction\":[{\"@type\":\"ReadAction\",\"target\":[\"https:\/\/colibri-jewels.eu\/et\/toode\/elegantsed-kuldsed-nuppkorvarongad-1-5-ct-lab-teemantidega-audrey\/\"]}]},{\"@type\":\"ImageObject\",\"inLanguage\":\"et\",\"@id\":\"https:\/\/colibri-jewels.eu\/et\/toode\/elegantsed-kuldsed-nuppkorvarongad-1-5-ct-lab-teemantidega-audrey\/#primaryimage\",\"url\":\"https:\/\/colibri-jewels.eu\/wp-content\/uploads\/2025\/07\/golden-earrings-with-1.5-ct-diamonds-Audrey.jpg\",\"contentUrl\":\"https:\/\/colibri-jewels.eu\/wp-content\/uploads\/2025\/07\/golden-earrings-with-1.5-ct-diamonds-Audrey.jpg\",\"width\":1000,\"height\":1000},{\"@type\":\"BreadcrumbList\",\"@id\":\"https:\/\/colibri-jewels.eu\/et\/toode\/elegantsed-kuldsed-nuppkorvarongad-1-5-ct-lab-teemantidega-audrey\/#breadcrumb\",\"itemListElement\":[{\"@type\":\"ListItem\",\"position\":1,\"name\":\"\u0413\u043b\u0430\u0432\u043d\u0430\u044f \u0441\u0442\u0440\u0430\u043d\u0438\u0446\u0430\",\"item\":\"https:\/\/colibri-jewels.eu\/et\/\"},{\"@type\":\"ListItem\",\"position\":2,\"name\":\"Pood\",\"item\":\"https:\/\/colibri-jewels.eu\/et\/pood\/\"},{\"@type\":\"ListItem\",\"position\":3,\"name\":\"Elegantsed kuldsed nuppk\u00f5rvar\u00f5ngad 1.5 ct lab teemantidega &#8220;Audrey&#8221;\"}]},{\"@type\":\"WebSite\",\"@id\":\"https:\/\/colibri-jewels.eu\/et\/#website\",\"url\":\"https:\/\/colibri-jewels.eu\/et\/\",\"name\":\"Colibri jewels\",\"description\":\"jewelry shop\",\"publisher\":{\"@id\":\"https:\/\/colibri-jewels.eu\/et\/#organization\"},\"potentialAction\":[{\"@type\":\"SearchAction\",\"target\":{\"@type\":\"EntryPoint\",\"urlTemplate\":\"https:\/\/colibri-jewels.eu\/et\/?s={search_term_string}\"},\"query-input\":{\"@type\":\"PropertyValueSpecification\",\"valueRequired\":true,\"valueName\":\"search_term_string\"}}],\"inLanguage\":\"et\"},{\"@type\":\"Organization\",\"@id\":\"https:\/\/colibri-jewels.eu\/et\/#organization\",\"name\":\"O\u00dc Colibri\",\"url\":\"https:\/\/colibri-jewels.eu\/et\/\",\"logo\":{\"@type\":\"ImageObject\",\"inLanguage\":\"et\",\"@id\":\"https:\/\/colibri-jewels.eu\/et\/#\/schema\/logo\/image\/\",\"url\":\"https:\/\/dev.colibri-jewels.eu\/wp-content\/uploads\/2021\/03\/colibri.png\",\"contentUrl\":\"https:\/\/dev.colibri-jewels.eu\/wp-content\/uploads\/2021\/03\/colibri.png\",\"width\":227,\"height\":130,\"caption\":\"O\u00dc Colibri\"},\"image\":{\"@id\":\"https:\/\/colibri-jewels.eu\/et\/#\/schema\/logo\/image\/\"},\"sameAs\":[\"https:\/\/www.facebook.com\/colibri.jewels\",\"https:\/\/www.instagram.com\/colibri.jewels\",\"https:\/\/www.tiktok.com\/colibri.jewels\"]}]}<\/script>\n<!-- \/ Yoast SEO Premium plugin. -->","yoast_head_json":{"title":"\"Audrey\" laboratoorsed teemantk\u00f5rvar\u00f5ngad 1.5 karaati valgest kullast","description":"Elegantsed \"Audrey\" 585 valgest kullast nuppk\u00f5rvar\u00f5ngad 1.5 ct E\/VVS2 laboratoorsete teemantidega. Teadlik luksus: stiil, eetika, sertifitseeritud, graveeritud. Turvaline kruvikinnitus.","robots":{"index":"index","follow":"follow","max-snippet":"max-snippet:-1","max-image-preview":"max-image-preview:large","max-video-preview":"max-video-preview:-1"},"canonical":"https:\/\/colibri-jewels.eu\/et\/toode\/elegantsed-kuldsed-nuppkorvarongad-1-5-ct-lab-teemantidega-audrey\/","og_locale":"et_EE","og_type":"article","og_title":"Elegantsed kuldsed nuppk\u00f5rvar\u00f5ngad 1.5 ct lab teemantidega \"Audrey\"","og_description":"Elegantsed \"Audrey\" 585 valgest kullast nuppk\u00f5rvar\u00f5ngad 1.5 ct E\/VVS2 laboratoorsete teemantidega. Teadlik luksus: stiil, eetika, sertifitseeritud, graveeritud. Turvaline kruvikinnitus.","og_url":"https:\/\/colibri-jewels.eu\/et\/toode\/elegantsed-kuldsed-nuppkorvarongad-1-5-ct-lab-teemantidega-audrey\/","og_site_name":"Colibri jewels","article_publisher":"https:\/\/www.facebook.com\/colibri.jewels","article_modified_time":"2025-07-11T17:11:54+00:00","og_image":[{"width":1000,"height":1000,"url":"https:\/\/colibri-jewels.eu\/wp-content\/uploads\/2025\/07\/golden-earrings-with-1.5-ct-diamonds-Audrey.jpg","type":"image\/jpeg"}],"twitter_card":"summary_large_image","twitter_misc":{"Est. reading time":"1 minut"},"schema":{"@context":"https:\/\/schema.org","@graph":[{"@type":"WebPage","@id":"https:\/\/colibri-jewels.eu\/et\/toode\/elegantsed-kuldsed-nuppkorvarongad-1-5-ct-lab-teemantidega-audrey\/","url":"https:\/\/colibri-jewels.eu\/et\/toode\/elegantsed-kuldsed-nuppkorvarongad-1-5-ct-lab-teemantidega-audrey\/","name":"\"Audrey\" laboratoorsed teemantk\u00f5rvar\u00f5ngad 1.5 karaati valgest kullast","isPartOf":{"@id":"https:\/\/colibri-jewels.eu\/et\/#website"},"primaryImageOfPage":{"@id":"https:\/\/colibri-jewels.eu\/et\/toode\/elegantsed-kuldsed-nuppkorvarongad-1-5-ct-lab-teemantidega-audrey\/#primaryimage"},"image":{"@id":"https:\/\/colibri-jewels.eu\/et\/toode\/elegantsed-kuldsed-nuppkorvarongad-1-5-ct-lab-teemantidega-audrey\/#primaryimage"},"thumbnailUrl":"https:\/\/colibri-jewels.eu\/wp-content\/uploads\/2025\/07\/golden-earrings-with-1.5-ct-diamonds-Audrey.jpg","datePublished":"2025-07-11T16:50:17+00:00","dateModified":"2025-07-11T17:11:54+00:00","description":"Elegantsed \"Audrey\" 585 valgest kullast nuppk\u00f5rvar\u00f5ngad 1.5 ct E\/VVS2 laboratoorsete teemantidega. Teadlik luksus: stiil, eetika, sertifitseeritud, graveeritud. Turvaline kruvikinnitus.","breadcrumb":{"@id":"https:\/\/colibri-jewels.eu\/et\/toode\/elegantsed-kuldsed-nuppkorvarongad-1-5-ct-lab-teemantidega-audrey\/#breadcrumb"},"inLanguage":"et","potentialAction":[{"@type":"ReadAction","target":["https:\/\/colibri-jewels.eu\/et\/toode\/elegantsed-kuldsed-nuppkorvarongad-1-5-ct-lab-teemantidega-audrey\/"]}]},{"@type":"ImageObject","inLanguage":"et","@id":"https:\/\/colibri-jewels.eu\/et\/toode\/elegantsed-kuldsed-nuppkorvarongad-1-5-ct-lab-teemantidega-audrey\/#primaryimage","url":"https:\/\/colibri-jewels.eu\/wp-content\/uploads\/2025\/07\/golden-earrings-with-1.5-ct-diamonds-Audrey.jpg","contentUrl":"https:\/\/colibri-jewels.eu\/wp-content\/uploads\/2025\/07\/golden-earrings-with-1.5-ct-diamonds-Audrey.jpg","width":1000,"height":1000},{"@type":"BreadcrumbList","@id":"https:\/\/colibri-jewels.eu\/et\/toode\/elegantsed-kuldsed-nuppkorvarongad-1-5-ct-lab-teemantidega-audrey\/#breadcrumb","itemListElement":[{"@type":"ListItem","position":1,"name":"\u0413\u043b\u0430\u0432\u043d\u0430\u044f \u0441\u0442\u0440\u0430\u043d\u0438\u0446\u0430","item":"https:\/\/colibri-jewels.eu\/et\/"},{"@type":"ListItem","position":2,"name":"Pood","item":"https:\/\/colibri-jewels.eu\/et\/pood\/"},{"@type":"ListItem","position":3,"name":"Elegantsed kuldsed nuppk\u00f5rvar\u00f5ngad 1.5 ct lab teemantidega &#8220;Audrey&#8221;"}]},{"@type":"WebSite","@id":"https:\/\/colibri-jewels.eu\/et\/#website","url":"https:\/\/colibri-jewels.eu\/et\/","name":"Colibri jewels","description":"jewelry shop","publisher":{"@id":"https:\/\/colibri-jewels.eu\/et\/#organization"},"potentialAction":[{"@type":"SearchAction","target":{"@type":"EntryPoint","urlTemplate":"https:\/\/colibri-jewels.eu\/et\/?s={search_term_string}"},"query-input":{"@type":"PropertyValueSpecification","valueRequired":true,"valueName":"search_term_string"}}],"inLanguage":"et"},{"@type":"Organization","@id":"https:\/\/colibri-jewels.eu\/et\/#organization","name":"O\u00dc Colibri","url":"https:\/\/colibri-jewels.eu\/et\/","logo":{"@type":"ImageObject","inLanguage":"et","@id":"https:\/\/colibri-jewels.eu\/et\/#\/schema\/logo\/image\/","url":"https:\/\/dev.colibri-jewels.eu\/wp-content\/uploads\/2021\/03\/colibri.png","contentUrl":"https:\/\/dev.colibri-jewels.eu\/wp-content\/uploads\/2021\/03\/colibri.png","width":227,"height":130,"caption":"O\u00dc Colibri"},"image":{"@id":"https:\/\/colibri-jewels.eu\/et\/#\/schema\/logo\/image\/"},"sameAs":["https:\/\/www.facebook.com\/colibri.jewels","https:\/\/www.instagram.com\/colibri.jewels","https:\/\/www.tiktok.com\/colibri.jewels"]}]}},"_links":{"self":[{"href":"https:\/\/colibri-jewels.eu\/et\/wp-json\/wp\/v2\/product\/55247","targetHints":{"allow":["GET"]}}],"collection":[{"href":"https:\/\/colibri-jewels.eu\/et\/wp-json\/wp\/v2\/product"}],"about":[{"href":"https:\/\/colibri-jewels.eu\/et\/wp-json\/wp\/v2\/types\/product"}],"replies":[{"embeddable":true,"href":"https:\/\/colibri-jewels.eu\/et\/wp-json\/wp\/v2\/comments?post=55247"}],"version-history":[{"count":0,"href":"https:\/\/colibri-jewels.eu\/et\/wp-json\/wp\/v2\/product\/55247\/revisions"}],"wp:featuredmedia":[{"embeddable":true,"href":"https:\/\/colibri-jewels.eu\/et\/wp-json\/wp\/v2\/media\/55222"}],"wp:attachment":[{"href":"https:\/\/colibri-jewels.eu\/et\/wp-json\/wp\/v2\/media?parent=55247"}],"wp:term":[{"taxonomy":"brand","embeddable":true,"href":"https:\/\/colibri-jewels.eu\/et\/wp-json\/wp\/v2\/etheme_brands?post=55247"},{"taxonomy":"product_brand","embeddable":true,"href":"https:\/\/colibri-jewels.eu\/et\/wp-json\/wp\/v2\/product_brand?post=55247"},{"taxonomy":"product_cat","embeddable":true,"href":"https:\/\/colibri-jewels.eu\/et\/wp-json\/wp\/v2\/product_cat?post=55247"},{"taxonomy":"product_tag","embeddable":true,"href":"https:\/\/colibri-jewels.eu\/et\/wp-json\/wp\/v2\/product_tag?post=55247"}],"curies":[{"name":"wp","href":"https:\/\/api.w.org\/{rel}","templated":true}]}}