{"id":55415,"date":"2025-09-24T12:12:01","date_gmt":"2025-09-24T09:12:01","guid":{"rendered":"https:\/\/colibri-jewels.eu\/?post_type=product&#038;p=55415"},"modified":"2025-08-14T12:32:21","modified_gmt":"2025-08-14T09:32:21","slug":"roosa-kullaga-sormus-safiiri-ja-teemantidega-leila","status":"publish","type":"product","link":"https:\/\/colibri-jewels.eu\/et\/toode\/roosa-kullaga-sormus-safiiri-ja-teemantidega-leila\/","title":{"rendered":"Roosa kullaga s\u00f5rmus safiiri ja teemantidega &#8220;Leila&#8221;"},"content":{"rendered":"<p>See elegantne s\u00f5rmus on tagasihoidliku luksuse ja laitmatu maitse kehastus. Kompositsiooni keskel on s\u00e4rav sinine safiir, mis on kindlalt paigutatud sooja roosa kulla raami, ning selle ilu r\u00f5hutab 14 s\u00e4deleva teemandi riba. S\u00f5rmus on ideaalne t\u00e4iendus nii \u00e4ri- kui ka igap\u00e4evasele stiilile. Suurep\u00e4rane valik neile, kes hindavad klassikalist elegantsi ja peenust.<\/p>\n<p>&nbsp;<\/p>\n","protected":false},"excerpt":{"rendered":"<ul>\n<li><b>Toote t\u00fc\u00fcp:<\/b> S\u00f5rmus<\/li>\n<li><b>Metall<\/b>: Kuld<\/li>\n<li><b>Proov:<\/b> 585<\/li>\n<li><b>Metalli v\u00e4rv:<\/b> Roosa<\/li>\n<li><b>Kivi 1:<\/b> Safiir (looduslik)\n<ul>\n<li><b>Kogus:<\/b> 1<\/li>\n<li><b>L\u00f5ige:<\/b> \u00dcmmargune<\/li>\n<li><b>Kaal:<\/b> 0,50 ct<\/li>\n<\/ul>\n<\/li>\n<li><b>Kivi 2:<\/b> Teemant (looduslik)\n<ul>\n<li><b>Kogus:<\/b> 14<\/li>\n<li><b>Lihv:<\/b> \u00dcmar (57 tahku)<\/li>\n<li><b>Kogukaal:<\/b> 0,22 ct<\/li>\n<\/ul>\n<\/li>\n<li><b>Suurus:<\/b> 16,5<\/li>\n<li><b>US Ring Size:<\/b> 6<\/li>\n<\/ul>\n","protected":false},"featured_media":55388,"comment_status":"open","ping_status":"closed","template":"","meta":[],"etheme_brands":[],"product_brand":[],"product_cat":[471],"product_tag":[474,472,505],"class_list":{"0":"post-55415","1":"product","2":"type-product","3":"status-publish","4":"has-post-thumbnail","6":"product_cat-sormused","7":"product_tag-kihlasormused","8":"product_tag-klassika","9":"product_tag-lakooniline","11":"first","12":"instock","13":"shipping-taxable","14":"purchasable","15":"product-type-simple"},"acf":[],"yoast_head":"<!-- This site is optimized with the Yoast SEO Premium plugin v26.5 (Yoast SEO v26.8) - https:\/\/yoast.com\/product\/yoast-seo-premium-wordpress\/ -->\n<title>Roosa kullaga s\u00f5rmus safiiri ja teemantidega &quot;Leila&quot; - Colibri jewels<\/title>\n<meta name=\"description\" content=\"Ostke elegantne 585 roosa kullaga s\u00f5rmus loodusliku safiiri ja teemantidega. Ideaalne ehe \u00e4ri- ja igap\u00e4evaseks stiiliks. Kohaletoimetamine Eestis.\" \/>\n<meta name=\"robots\" content=\"index, follow, max-snippet:-1, max-image-preview:large, max-video-preview:-1\" \/>\n<link rel=\"canonical\" href=\"https:\/\/colibri-jewels.eu\/et\/toode\/roosa-kullaga-sormus-safiiri-ja-teemantidega-leila\/\" \/>\n<meta property=\"og:locale\" content=\"et_EE\" \/>\n<meta property=\"og:type\" content=\"article\" \/>\n<meta property=\"og:title\" content=\"Roosa kullaga s\u00f5rmus safiiri ja teemantidega &quot;Leila&quot;\" \/>\n<meta property=\"og:description\" content=\"Ostke elegantne 585 roosa kullaga s\u00f5rmus loodusliku safiiri ja teemantidega. Ideaalne ehe \u00e4ri- ja igap\u00e4evaseks stiiliks. Kohaletoimetamine Eestis.\" \/>\n<meta property=\"og:url\" content=\"https:\/\/colibri-jewels.eu\/et\/toode\/roosa-kullaga-sormus-safiiri-ja-teemantidega-leila\/\" \/>\n<meta property=\"og:site_name\" content=\"Colibri jewels\" \/>\n<meta property=\"article:publisher\" content=\"https:\/\/www.facebook.com\/colibri.jewels\" \/>\n<meta property=\"og:image\" content=\"https:\/\/colibri-jewels.eu\/wp-content\/uploads\/2025\/08\/RS-6567-1.jpg\" \/>\n\t<meta property=\"og:image:width\" content=\"669\" \/>\n\t<meta property=\"og:image:height\" content=\"669\" \/>\n\t<meta property=\"og:image:type\" content=\"image\/jpeg\" \/>\n<meta name=\"twitter:card\" content=\"summary_large_image\" \/>\n<script type=\"application\/ld+json\" class=\"yoast-schema-graph\">{\"@context\":\"https:\/\/schema.org\",\"@graph\":[{\"@type\":\"WebPage\",\"@id\":\"https:\/\/colibri-jewels.eu\/et\/toode\/roosa-kullaga-sormus-safiiri-ja-teemantidega-leila\/\",\"url\":\"https:\/\/colibri-jewels.eu\/et\/toode\/roosa-kullaga-sormus-safiiri-ja-teemantidega-leila\/\",\"name\":\"Roosa kullaga s\u00f5rmus safiiri ja teemantidega \\\"Leila\\\" - Colibri jewels\",\"isPartOf\":{\"@id\":\"https:\/\/colibri-jewels.eu\/et\/#website\"},\"primaryImageOfPage\":{\"@id\":\"https:\/\/colibri-jewels.eu\/et\/toode\/roosa-kullaga-sormus-safiiri-ja-teemantidega-leila\/#primaryimage\"},\"image\":{\"@id\":\"https:\/\/colibri-jewels.eu\/et\/toode\/roosa-kullaga-sormus-safiiri-ja-teemantidega-leila\/#primaryimage\"},\"thumbnailUrl\":\"https:\/\/colibri-jewels.eu\/wp-content\/uploads\/2025\/08\/RS-6567-1.jpg\",\"datePublished\":\"2025-09-24T09:12:01+00:00\",\"description\":\"Ostke elegantne 585 roosa kullaga s\u00f5rmus loodusliku safiiri ja teemantidega. Ideaalne ehe \u00e4ri- ja igap\u00e4evaseks stiiliks. Kohaletoimetamine Eestis.\",\"breadcrumb\":{\"@id\":\"https:\/\/colibri-jewels.eu\/et\/toode\/roosa-kullaga-sormus-safiiri-ja-teemantidega-leila\/#breadcrumb\"},\"inLanguage\":\"et\",\"potentialAction\":[{\"@type\":\"ReadAction\",\"target\":[\"https:\/\/colibri-jewels.eu\/et\/toode\/roosa-kullaga-sormus-safiiri-ja-teemantidega-leila\/\"]}]},{\"@type\":\"ImageObject\",\"inLanguage\":\"et\",\"@id\":\"https:\/\/colibri-jewels.eu\/et\/toode\/roosa-kullaga-sormus-safiiri-ja-teemantidega-leila\/#primaryimage\",\"url\":\"https:\/\/colibri-jewels.eu\/wp-content\/uploads\/2025\/08\/RS-6567-1.jpg\",\"contentUrl\":\"https:\/\/colibri-jewels.eu\/wp-content\/uploads\/2025\/08\/RS-6567-1.jpg\",\"width\":669,\"height\":669},{\"@type\":\"BreadcrumbList\",\"@id\":\"https:\/\/colibri-jewels.eu\/et\/toode\/roosa-kullaga-sormus-safiiri-ja-teemantidega-leila\/#breadcrumb\",\"itemListElement\":[{\"@type\":\"ListItem\",\"position\":1,\"name\":\"\u0413\u043b\u0430\u0432\u043d\u0430\u044f \u0441\u0442\u0440\u0430\u043d\u0438\u0446\u0430\",\"item\":\"https:\/\/colibri-jewels.eu\/et\/\"},{\"@type\":\"ListItem\",\"position\":2,\"name\":\"Pood\",\"item\":\"https:\/\/colibri-jewels.eu\/et\/pood\/\"},{\"@type\":\"ListItem\",\"position\":3,\"name\":\"Roosa kullaga s\u00f5rmus safiiri ja teemantidega &#8220;Leila&#8221;\"}]},{\"@type\":\"WebSite\",\"@id\":\"https:\/\/colibri-jewels.eu\/et\/#website\",\"url\":\"https:\/\/colibri-jewels.eu\/et\/\",\"name\":\"Colibri jewels\",\"description\":\"jewelry shop\",\"publisher\":{\"@id\":\"https:\/\/colibri-jewels.eu\/et\/#organization\"},\"potentialAction\":[{\"@type\":\"SearchAction\",\"target\":{\"@type\":\"EntryPoint\",\"urlTemplate\":\"https:\/\/colibri-jewels.eu\/et\/?s={search_term_string}\"},\"query-input\":{\"@type\":\"PropertyValueSpecification\",\"valueRequired\":true,\"valueName\":\"search_term_string\"}}],\"inLanguage\":\"et\"},{\"@type\":\"Organization\",\"@id\":\"https:\/\/colibri-jewels.eu\/et\/#organization\",\"name\":\"O\u00dc Colibri\",\"url\":\"https:\/\/colibri-jewels.eu\/et\/\",\"logo\":{\"@type\":\"ImageObject\",\"inLanguage\":\"et\",\"@id\":\"https:\/\/colibri-jewels.eu\/et\/#\/schema\/logo\/image\/\",\"url\":\"https:\/\/dev.colibri-jewels.eu\/wp-content\/uploads\/2021\/03\/colibri.png\",\"contentUrl\":\"https:\/\/dev.colibri-jewels.eu\/wp-content\/uploads\/2021\/03\/colibri.png\",\"width\":227,\"height\":130,\"caption\":\"O\u00dc Colibri\"},\"image\":{\"@id\":\"https:\/\/colibri-jewels.eu\/et\/#\/schema\/logo\/image\/\"},\"sameAs\":[\"https:\/\/www.facebook.com\/colibri.jewels\",\"https:\/\/www.instagram.com\/colibri.jewels\",\"https:\/\/www.tiktok.com\/colibri.jewels\"]}]}<\/script>\n<!-- \/ Yoast SEO Premium plugin. -->","yoast_head_json":{"title":"Roosa kullaga s\u00f5rmus safiiri ja teemantidega \"Leila\" - Colibri jewels","description":"Ostke elegantne 585 roosa kullaga s\u00f5rmus loodusliku safiiri ja teemantidega. Ideaalne ehe \u00e4ri- ja igap\u00e4evaseks stiiliks. Kohaletoimetamine Eestis.","robots":{"index":"index","follow":"follow","max-snippet":"max-snippet:-1","max-image-preview":"max-image-preview:large","max-video-preview":"max-video-preview:-1"},"canonical":"https:\/\/colibri-jewels.eu\/et\/toode\/roosa-kullaga-sormus-safiiri-ja-teemantidega-leila\/","og_locale":"et_EE","og_type":"article","og_title":"Roosa kullaga s\u00f5rmus safiiri ja teemantidega \"Leila\"","og_description":"Ostke elegantne 585 roosa kullaga s\u00f5rmus loodusliku safiiri ja teemantidega. Ideaalne ehe \u00e4ri- ja igap\u00e4evaseks stiiliks. Kohaletoimetamine Eestis.","og_url":"https:\/\/colibri-jewels.eu\/et\/toode\/roosa-kullaga-sormus-safiiri-ja-teemantidega-leila\/","og_site_name":"Colibri jewels","article_publisher":"https:\/\/www.facebook.com\/colibri.jewels","og_image":[{"width":669,"height":669,"url":"https:\/\/colibri-jewels.eu\/wp-content\/uploads\/2025\/08\/RS-6567-1.jpg","type":"image\/jpeg"}],"twitter_card":"summary_large_image","schema":{"@context":"https:\/\/schema.org","@graph":[{"@type":"WebPage","@id":"https:\/\/colibri-jewels.eu\/et\/toode\/roosa-kullaga-sormus-safiiri-ja-teemantidega-leila\/","url":"https:\/\/colibri-jewels.eu\/et\/toode\/roosa-kullaga-sormus-safiiri-ja-teemantidega-leila\/","name":"Roosa kullaga s\u00f5rmus safiiri ja teemantidega \"Leila\" - Colibri jewels","isPartOf":{"@id":"https:\/\/colibri-jewels.eu\/et\/#website"},"primaryImageOfPage":{"@id":"https:\/\/colibri-jewels.eu\/et\/toode\/roosa-kullaga-sormus-safiiri-ja-teemantidega-leila\/#primaryimage"},"image":{"@id":"https:\/\/colibri-jewels.eu\/et\/toode\/roosa-kullaga-sormus-safiiri-ja-teemantidega-leila\/#primaryimage"},"thumbnailUrl":"https:\/\/colibri-jewels.eu\/wp-content\/uploads\/2025\/08\/RS-6567-1.jpg","datePublished":"2025-09-24T09:12:01+00:00","description":"Ostke elegantne 585 roosa kullaga s\u00f5rmus loodusliku safiiri ja teemantidega. Ideaalne ehe \u00e4ri- ja igap\u00e4evaseks stiiliks. Kohaletoimetamine Eestis.","breadcrumb":{"@id":"https:\/\/colibri-jewels.eu\/et\/toode\/roosa-kullaga-sormus-safiiri-ja-teemantidega-leila\/#breadcrumb"},"inLanguage":"et","potentialAction":[{"@type":"ReadAction","target":["https:\/\/colibri-jewels.eu\/et\/toode\/roosa-kullaga-sormus-safiiri-ja-teemantidega-leila\/"]}]},{"@type":"ImageObject","inLanguage":"et","@id":"https:\/\/colibri-jewels.eu\/et\/toode\/roosa-kullaga-sormus-safiiri-ja-teemantidega-leila\/#primaryimage","url":"https:\/\/colibri-jewels.eu\/wp-content\/uploads\/2025\/08\/RS-6567-1.jpg","contentUrl":"https:\/\/colibri-jewels.eu\/wp-content\/uploads\/2025\/08\/RS-6567-1.jpg","width":669,"height":669},{"@type":"BreadcrumbList","@id":"https:\/\/colibri-jewels.eu\/et\/toode\/roosa-kullaga-sormus-safiiri-ja-teemantidega-leila\/#breadcrumb","itemListElement":[{"@type":"ListItem","position":1,"name":"\u0413\u043b\u0430\u0432\u043d\u0430\u044f \u0441\u0442\u0440\u0430\u043d\u0438\u0446\u0430","item":"https:\/\/colibri-jewels.eu\/et\/"},{"@type":"ListItem","position":2,"name":"Pood","item":"https:\/\/colibri-jewels.eu\/et\/pood\/"},{"@type":"ListItem","position":3,"name":"Roosa kullaga s\u00f5rmus safiiri ja teemantidega &#8220;Leila&#8221;"}]},{"@type":"WebSite","@id":"https:\/\/colibri-jewels.eu\/et\/#website","url":"https:\/\/colibri-jewels.eu\/et\/","name":"Colibri jewels","description":"jewelry shop","publisher":{"@id":"https:\/\/colibri-jewels.eu\/et\/#organization"},"potentialAction":[{"@type":"SearchAction","target":{"@type":"EntryPoint","urlTemplate":"https:\/\/colibri-jewels.eu\/et\/?s={search_term_string}"},"query-input":{"@type":"PropertyValueSpecification","valueRequired":true,"valueName":"search_term_string"}}],"inLanguage":"et"},{"@type":"Organization","@id":"https:\/\/colibri-jewels.eu\/et\/#organization","name":"O\u00dc Colibri","url":"https:\/\/colibri-jewels.eu\/et\/","logo":{"@type":"ImageObject","inLanguage":"et","@id":"https:\/\/colibri-jewels.eu\/et\/#\/schema\/logo\/image\/","url":"https:\/\/dev.colibri-jewels.eu\/wp-content\/uploads\/2021\/03\/colibri.png","contentUrl":"https:\/\/dev.colibri-jewels.eu\/wp-content\/uploads\/2021\/03\/colibri.png","width":227,"height":130,"caption":"O\u00dc Colibri"},"image":{"@id":"https:\/\/colibri-jewels.eu\/et\/#\/schema\/logo\/image\/"},"sameAs":["https:\/\/www.facebook.com\/colibri.jewels","https:\/\/www.instagram.com\/colibri.jewels","https:\/\/www.tiktok.com\/colibri.jewels"]}]}},"_links":{"self":[{"href":"https:\/\/colibri-jewels.eu\/et\/wp-json\/wp\/v2\/product\/55415","targetHints":{"allow":["GET"]}}],"collection":[{"href":"https:\/\/colibri-jewels.eu\/et\/wp-json\/wp\/v2\/product"}],"about":[{"href":"https:\/\/colibri-jewels.eu\/et\/wp-json\/wp\/v2\/types\/product"}],"replies":[{"embeddable":true,"href":"https:\/\/colibri-jewels.eu\/et\/wp-json\/wp\/v2\/comments?post=55415"}],"version-history":[{"count":0,"href":"https:\/\/colibri-jewels.eu\/et\/wp-json\/wp\/v2\/product\/55415\/revisions"}],"wp:featuredmedia":[{"embeddable":true,"href":"https:\/\/colibri-jewels.eu\/et\/wp-json\/wp\/v2\/media\/55388"}],"wp:attachment":[{"href":"https:\/\/colibri-jewels.eu\/et\/wp-json\/wp\/v2\/media?parent=55415"}],"wp:term":[{"taxonomy":"brand","embeddable":true,"href":"https:\/\/colibri-jewels.eu\/et\/wp-json\/wp\/v2\/etheme_brands?post=55415"},{"taxonomy":"product_brand","embeddable":true,"href":"https:\/\/colibri-jewels.eu\/et\/wp-json\/wp\/v2\/product_brand?post=55415"},{"taxonomy":"product_cat","embeddable":true,"href":"https:\/\/colibri-jewels.eu\/et\/wp-json\/wp\/v2\/product_cat?post=55415"},{"taxonomy":"product_tag","embeddable":true,"href":"https:\/\/colibri-jewels.eu\/et\/wp-json\/wp\/v2\/product_tag?post=55415"}],"curies":[{"name":"wp","href":"https:\/\/api.w.org\/{rel}","templated":true}]}}