{"id":55788,"date":"2025-08-21T21:13:47","date_gmt":"2025-08-21T18:13:47","guid":{"rendered":"https:\/\/colibri-jewels.eu\/?post_type=product&#038;p=55788"},"modified":"2025-08-21T21:55:33","modified_gmt":"2025-08-21T18:55:33","slug":"pikad-rippuvad-korvarongad-capri","status":"publish","type":"product","link":"https:\/\/colibri-jewels.eu\/et\/toode\/pikad-rippuvad-korvarongad-capri\/","title":{"rendered":"Pikad rippuvad k\u00f5rvar\u00f5ngad &#8220;Capri&#8221;"},"content":{"rendered":"<p>Pikad rippuvad k\u00f5rvar\u00f5ngad &#8220;Capri&#8221; kollektsioonist &#8220;Itaalia puhkus&#8221; on suvise elegantsi kehastus. Iga k\u00f5rvar\u00f5ngas koosneb mitmest t\u00e4ielikult liikuvast l\u00fclist, mis annab ehtele liikumisel kauni s\u00e4ra. K\u00f5rvar\u00f5ngad on valmistatud h\u00f5bedast ja kaetud roodiumiga lisakaitse ja s\u00e4ra andmiseks. Keskmine element on naturaalsest p\u00e4rlmutrist s\u00e4tendava mustriga. Liblikkinnituse lukustust\u00fc\u00fcp tagab kindla kinnituse.<\/p>\n","protected":false},"excerpt":{"rendered":"<p>Pikad rippuvad k\u00f5rvar\u00f5ngad &#8220;Capri&#8221; kollektsioonist &#8220;Itaalia puhkus&#8221; on suvise elegantsi kehastus. Iga k\u00f5rvar\u00f5ngas koosneb mitmest t\u00e4ielikult liikuvast l\u00fclist, mis annab ehtele liikumisel kauni s\u00e4ra. K\u00f5rvar\u00f5ngad&#8230;<\/p>\n","protected":false},"featured_media":55649,"comment_status":"open","ping_status":"closed","template":"","meta":[],"etheme_brands":[],"product_brand":[],"product_cat":[469],"product_tag":[],"class_list":{"0":"post-55788","1":"product","2":"type-product","3":"status-publish","4":"has-post-thumbnail","6":"product_cat-korvarongad","8":"first","9":"instock","10":"shipping-taxable","11":"purchasable","12":"product-type-simple"},"acf":[],"yoast_head":"<!-- This site is optimized with the Yoast SEO Premium plugin v26.5 (Yoast SEO v26.8) - https:\/\/yoast.com\/product\/yoast-seo-premium-wordpress\/ -->\n<title>Pikad rippuvad k\u00f5rvar\u00f5ngad &quot;Capri&quot; - Colibri jewels<\/title>\n<meta name=\"description\" content=\"Osta pikad h\u00f5bedast p\u00e4rlmutriga k\u00f5rvar\u00f5ngad &quot;Capri&quot;. Elegantsed rippuvad k\u00f5rvar\u00f5ngad liikuvate l\u00fclidega. Ideaalne eriliseks s\u00fcndmuseks.\" \/>\n<meta name=\"robots\" content=\"index, follow, max-snippet:-1, max-image-preview:large, max-video-preview:-1\" \/>\n<link rel=\"canonical\" href=\"https:\/\/colibri-jewels.eu\/et\/toode\/pikad-rippuvad-korvarongad-capri\/\" \/>\n<meta property=\"og:locale\" content=\"et_EE\" \/>\n<meta property=\"og:type\" content=\"article\" \/>\n<meta property=\"og:title\" content=\"Pikad rippuvad k\u00f5rvar\u00f5ngad &quot;Capri&quot;\" \/>\n<meta property=\"og:description\" content=\"Osta pikad h\u00f5bedast p\u00e4rlmutriga k\u00f5rvar\u00f5ngad &quot;Capri&quot;. Elegantsed rippuvad k\u00f5rvar\u00f5ngad liikuvate l\u00fclidega. Ideaalne eriliseks s\u00fcndmuseks.\" \/>\n<meta property=\"og:url\" content=\"https:\/\/colibri-jewels.eu\/et\/toode\/pikad-rippuvad-korvarongad-capri\/\" \/>\n<meta property=\"og:site_name\" content=\"Colibri jewels\" \/>\n<meta property=\"article:publisher\" content=\"https:\/\/www.facebook.com\/colibri.jewels\" \/>\n<meta property=\"article:modified_time\" content=\"2025-08-21T18:55:33+00:00\" \/>\n<meta property=\"og:image\" content=\"https:\/\/colibri-jewels.eu\/wp-content\/uploads\/2025\/08\/dangle-long-silver-earrings-with-mother-of-pearl.jpg\" \/>\n\t<meta property=\"og:image:width\" content=\"1000\" \/>\n\t<meta property=\"og:image:height\" content=\"1000\" \/>\n\t<meta property=\"og:image:type\" content=\"image\/jpeg\" \/>\n<meta name=\"twitter:card\" content=\"summary_large_image\" \/>\n<script type=\"application\/ld+json\" class=\"yoast-schema-graph\">{\"@context\":\"https:\/\/schema.org\",\"@graph\":[{\"@type\":\"WebPage\",\"@id\":\"https:\/\/colibri-jewels.eu\/et\/toode\/pikad-rippuvad-korvarongad-capri\/\",\"url\":\"https:\/\/colibri-jewels.eu\/et\/toode\/pikad-rippuvad-korvarongad-capri\/\",\"name\":\"Pikad rippuvad k\u00f5rvar\u00f5ngad \\\"Capri\\\" - Colibri jewels\",\"isPartOf\":{\"@id\":\"https:\/\/colibri-jewels.eu\/et\/#website\"},\"primaryImageOfPage\":{\"@id\":\"https:\/\/colibri-jewels.eu\/et\/toode\/pikad-rippuvad-korvarongad-capri\/#primaryimage\"},\"image\":{\"@id\":\"https:\/\/colibri-jewels.eu\/et\/toode\/pikad-rippuvad-korvarongad-capri\/#primaryimage\"},\"thumbnailUrl\":\"https:\/\/colibri-jewels.eu\/wp-content\/uploads\/2025\/08\/dangle-long-silver-earrings-with-mother-of-pearl.jpg\",\"datePublished\":\"2025-08-21T18:13:47+00:00\",\"dateModified\":\"2025-08-21T18:55:33+00:00\",\"description\":\"Osta pikad h\u00f5bedast p\u00e4rlmutriga k\u00f5rvar\u00f5ngad \\\"Capri\\\". Elegantsed rippuvad k\u00f5rvar\u00f5ngad liikuvate l\u00fclidega. Ideaalne eriliseks s\u00fcndmuseks.\",\"breadcrumb\":{\"@id\":\"https:\/\/colibri-jewels.eu\/et\/toode\/pikad-rippuvad-korvarongad-capri\/#breadcrumb\"},\"inLanguage\":\"et\",\"potentialAction\":[{\"@type\":\"ReadAction\",\"target\":[\"https:\/\/colibri-jewels.eu\/et\/toode\/pikad-rippuvad-korvarongad-capri\/\"]}]},{\"@type\":\"ImageObject\",\"inLanguage\":\"et\",\"@id\":\"https:\/\/colibri-jewels.eu\/et\/toode\/pikad-rippuvad-korvarongad-capri\/#primaryimage\",\"url\":\"https:\/\/colibri-jewels.eu\/wp-content\/uploads\/2025\/08\/dangle-long-silver-earrings-with-mother-of-pearl.jpg\",\"contentUrl\":\"https:\/\/colibri-jewels.eu\/wp-content\/uploads\/2025\/08\/dangle-long-silver-earrings-with-mother-of-pearl.jpg\",\"width\":1000,\"height\":1000},{\"@type\":\"BreadcrumbList\",\"@id\":\"https:\/\/colibri-jewels.eu\/et\/toode\/pikad-rippuvad-korvarongad-capri\/#breadcrumb\",\"itemListElement\":[{\"@type\":\"ListItem\",\"position\":1,\"name\":\"\u0413\u043b\u0430\u0432\u043d\u0430\u044f \u0441\u0442\u0440\u0430\u043d\u0438\u0446\u0430\",\"item\":\"https:\/\/colibri-jewels.eu\/et\/\"},{\"@type\":\"ListItem\",\"position\":2,\"name\":\"Pood\",\"item\":\"https:\/\/colibri-jewels.eu\/et\/pood\/\"},{\"@type\":\"ListItem\",\"position\":3,\"name\":\"Pikad rippuvad k\u00f5rvar\u00f5ngad &#8220;Capri&#8221;\"}]},{\"@type\":\"WebSite\",\"@id\":\"https:\/\/colibri-jewels.eu\/et\/#website\",\"url\":\"https:\/\/colibri-jewels.eu\/et\/\",\"name\":\"Colibri jewels\",\"description\":\"jewelry shop\",\"publisher\":{\"@id\":\"https:\/\/colibri-jewels.eu\/et\/#organization\"},\"potentialAction\":[{\"@type\":\"SearchAction\",\"target\":{\"@type\":\"EntryPoint\",\"urlTemplate\":\"https:\/\/colibri-jewels.eu\/et\/?s={search_term_string}\"},\"query-input\":{\"@type\":\"PropertyValueSpecification\",\"valueRequired\":true,\"valueName\":\"search_term_string\"}}],\"inLanguage\":\"et\"},{\"@type\":\"Organization\",\"@id\":\"https:\/\/colibri-jewels.eu\/et\/#organization\",\"name\":\"O\u00dc Colibri\",\"url\":\"https:\/\/colibri-jewels.eu\/et\/\",\"logo\":{\"@type\":\"ImageObject\",\"inLanguage\":\"et\",\"@id\":\"https:\/\/colibri-jewels.eu\/et\/#\/schema\/logo\/image\/\",\"url\":\"https:\/\/dev.colibri-jewels.eu\/wp-content\/uploads\/2021\/03\/colibri.png\",\"contentUrl\":\"https:\/\/dev.colibri-jewels.eu\/wp-content\/uploads\/2021\/03\/colibri.png\",\"width\":227,\"height\":130,\"caption\":\"O\u00dc Colibri\"},\"image\":{\"@id\":\"https:\/\/colibri-jewels.eu\/et\/#\/schema\/logo\/image\/\"},\"sameAs\":[\"https:\/\/www.facebook.com\/colibri.jewels\",\"https:\/\/www.instagram.com\/colibri.jewels\",\"https:\/\/www.tiktok.com\/colibri.jewels\"]}]}<\/script>\n<!-- \/ Yoast SEO Premium plugin. -->","yoast_head_json":{"title":"Pikad rippuvad k\u00f5rvar\u00f5ngad \"Capri\" - Colibri jewels","description":"Osta pikad h\u00f5bedast p\u00e4rlmutriga k\u00f5rvar\u00f5ngad \"Capri\". Elegantsed rippuvad k\u00f5rvar\u00f5ngad liikuvate l\u00fclidega. Ideaalne eriliseks s\u00fcndmuseks.","robots":{"index":"index","follow":"follow","max-snippet":"max-snippet:-1","max-image-preview":"max-image-preview:large","max-video-preview":"max-video-preview:-1"},"canonical":"https:\/\/colibri-jewels.eu\/et\/toode\/pikad-rippuvad-korvarongad-capri\/","og_locale":"et_EE","og_type":"article","og_title":"Pikad rippuvad k\u00f5rvar\u00f5ngad \"Capri\"","og_description":"Osta pikad h\u00f5bedast p\u00e4rlmutriga k\u00f5rvar\u00f5ngad \"Capri\". Elegantsed rippuvad k\u00f5rvar\u00f5ngad liikuvate l\u00fclidega. Ideaalne eriliseks s\u00fcndmuseks.","og_url":"https:\/\/colibri-jewels.eu\/et\/toode\/pikad-rippuvad-korvarongad-capri\/","og_site_name":"Colibri jewels","article_publisher":"https:\/\/www.facebook.com\/colibri.jewels","article_modified_time":"2025-08-21T18:55:33+00:00","og_image":[{"width":1000,"height":1000,"url":"https:\/\/colibri-jewels.eu\/wp-content\/uploads\/2025\/08\/dangle-long-silver-earrings-with-mother-of-pearl.jpg","type":"image\/jpeg"}],"twitter_card":"summary_large_image","schema":{"@context":"https:\/\/schema.org","@graph":[{"@type":"WebPage","@id":"https:\/\/colibri-jewels.eu\/et\/toode\/pikad-rippuvad-korvarongad-capri\/","url":"https:\/\/colibri-jewels.eu\/et\/toode\/pikad-rippuvad-korvarongad-capri\/","name":"Pikad rippuvad k\u00f5rvar\u00f5ngad \"Capri\" - Colibri jewels","isPartOf":{"@id":"https:\/\/colibri-jewels.eu\/et\/#website"},"primaryImageOfPage":{"@id":"https:\/\/colibri-jewels.eu\/et\/toode\/pikad-rippuvad-korvarongad-capri\/#primaryimage"},"image":{"@id":"https:\/\/colibri-jewels.eu\/et\/toode\/pikad-rippuvad-korvarongad-capri\/#primaryimage"},"thumbnailUrl":"https:\/\/colibri-jewels.eu\/wp-content\/uploads\/2025\/08\/dangle-long-silver-earrings-with-mother-of-pearl.jpg","datePublished":"2025-08-21T18:13:47+00:00","dateModified":"2025-08-21T18:55:33+00:00","description":"Osta pikad h\u00f5bedast p\u00e4rlmutriga k\u00f5rvar\u00f5ngad \"Capri\". Elegantsed rippuvad k\u00f5rvar\u00f5ngad liikuvate l\u00fclidega. Ideaalne eriliseks s\u00fcndmuseks.","breadcrumb":{"@id":"https:\/\/colibri-jewels.eu\/et\/toode\/pikad-rippuvad-korvarongad-capri\/#breadcrumb"},"inLanguage":"et","potentialAction":[{"@type":"ReadAction","target":["https:\/\/colibri-jewels.eu\/et\/toode\/pikad-rippuvad-korvarongad-capri\/"]}]},{"@type":"ImageObject","inLanguage":"et","@id":"https:\/\/colibri-jewels.eu\/et\/toode\/pikad-rippuvad-korvarongad-capri\/#primaryimage","url":"https:\/\/colibri-jewels.eu\/wp-content\/uploads\/2025\/08\/dangle-long-silver-earrings-with-mother-of-pearl.jpg","contentUrl":"https:\/\/colibri-jewels.eu\/wp-content\/uploads\/2025\/08\/dangle-long-silver-earrings-with-mother-of-pearl.jpg","width":1000,"height":1000},{"@type":"BreadcrumbList","@id":"https:\/\/colibri-jewels.eu\/et\/toode\/pikad-rippuvad-korvarongad-capri\/#breadcrumb","itemListElement":[{"@type":"ListItem","position":1,"name":"\u0413\u043b\u0430\u0432\u043d\u0430\u044f \u0441\u0442\u0440\u0430\u043d\u0438\u0446\u0430","item":"https:\/\/colibri-jewels.eu\/et\/"},{"@type":"ListItem","position":2,"name":"Pood","item":"https:\/\/colibri-jewels.eu\/et\/pood\/"},{"@type":"ListItem","position":3,"name":"Pikad rippuvad k\u00f5rvar\u00f5ngad &#8220;Capri&#8221;"}]},{"@type":"WebSite","@id":"https:\/\/colibri-jewels.eu\/et\/#website","url":"https:\/\/colibri-jewels.eu\/et\/","name":"Colibri jewels","description":"jewelry shop","publisher":{"@id":"https:\/\/colibri-jewels.eu\/et\/#organization"},"potentialAction":[{"@type":"SearchAction","target":{"@type":"EntryPoint","urlTemplate":"https:\/\/colibri-jewels.eu\/et\/?s={search_term_string}"},"query-input":{"@type":"PropertyValueSpecification","valueRequired":true,"valueName":"search_term_string"}}],"inLanguage":"et"},{"@type":"Organization","@id":"https:\/\/colibri-jewels.eu\/et\/#organization","name":"O\u00dc Colibri","url":"https:\/\/colibri-jewels.eu\/et\/","logo":{"@type":"ImageObject","inLanguage":"et","@id":"https:\/\/colibri-jewels.eu\/et\/#\/schema\/logo\/image\/","url":"https:\/\/dev.colibri-jewels.eu\/wp-content\/uploads\/2021\/03\/colibri.png","contentUrl":"https:\/\/dev.colibri-jewels.eu\/wp-content\/uploads\/2021\/03\/colibri.png","width":227,"height":130,"caption":"O\u00dc Colibri"},"image":{"@id":"https:\/\/colibri-jewels.eu\/et\/#\/schema\/logo\/image\/"},"sameAs":["https:\/\/www.facebook.com\/colibri.jewels","https:\/\/www.instagram.com\/colibri.jewels","https:\/\/www.tiktok.com\/colibri.jewels"]}]}},"_links":{"self":[{"href":"https:\/\/colibri-jewels.eu\/et\/wp-json\/wp\/v2\/product\/55788","targetHints":{"allow":["GET"]}}],"collection":[{"href":"https:\/\/colibri-jewels.eu\/et\/wp-json\/wp\/v2\/product"}],"about":[{"href":"https:\/\/colibri-jewels.eu\/et\/wp-json\/wp\/v2\/types\/product"}],"replies":[{"embeddable":true,"href":"https:\/\/colibri-jewels.eu\/et\/wp-json\/wp\/v2\/comments?post=55788"}],"version-history":[{"count":0,"href":"https:\/\/colibri-jewels.eu\/et\/wp-json\/wp\/v2\/product\/55788\/revisions"}],"wp:featuredmedia":[{"embeddable":true,"href":"https:\/\/colibri-jewels.eu\/et\/wp-json\/wp\/v2\/media\/55649"}],"wp:attachment":[{"href":"https:\/\/colibri-jewels.eu\/et\/wp-json\/wp\/v2\/media?parent=55788"}],"wp:term":[{"taxonomy":"brand","embeddable":true,"href":"https:\/\/colibri-jewels.eu\/et\/wp-json\/wp\/v2\/etheme_brands?post=55788"},{"taxonomy":"product_brand","embeddable":true,"href":"https:\/\/colibri-jewels.eu\/et\/wp-json\/wp\/v2\/product_brand?post=55788"},{"taxonomy":"product_cat","embeddable":true,"href":"https:\/\/colibri-jewels.eu\/et\/wp-json\/wp\/v2\/product_cat?post=55788"},{"taxonomy":"product_tag","embeddable":true,"href":"https:\/\/colibri-jewels.eu\/et\/wp-json\/wp\/v2\/product_tag?post=55788"}],"curies":[{"name":"wp","href":"https:\/\/api.w.org\/{rel}","templated":true}]}}