{"id":55799,"date":"2025-08-21T21:38:07","date_gmt":"2025-08-21T18:38:07","guid":{"rendered":"https:\/\/colibri-jewels.eu\/?post_type=product&#038;p=55799"},"modified":"2025-08-21T21:55:10","modified_gmt":"2025-08-21T18:55:10","slug":"pikad-rippuvad-korvarongad-capri-copy-2","status":"publish","type":"product","link":"https:\/\/colibri-jewels.eu\/et\/toode\/pikad-rippuvad-korvarongad-capri-copy-2\/","title":{"rendered":"H\u00f5bedased k\u00f5rvar\u00f5ngad &#8220;Amalfi&#8221;"},"content":{"rendered":"<p>H\u00f5bedased k\u00f5rvar\u00f5ngad &#8220;Amalfi&#8221; kollektsioonist &#8220;Itaalia puhkus&#8221; \u00fchendavad soojuse ja rafineerituse. Ehe on valmistatud h\u00f5bedast, millel on topeltroodiumkate \u2013 valge ja kollane, mis loob ainulaadse kahev\u00e4rvilise efekti. \u00dclemine s\u00fcdamekujuline element on kaunistatud v\u00e4ikeste kristallidega ja alumisel on suur morganiiti imiteeriv kristall, mida \u00fcmbritsevad paljud s\u00e4ravad kristallid. T\u00e4nu kruvikinnitustele on k\u00f5rvar\u00f5ngad kindlalt k\u00f5rvas.<\/p>\n","protected":false},"excerpt":{"rendered":"<p>H\u00f5bedased k\u00f5rvar\u00f5ngad &#8220;Amalfi&#8221; kollektsioonist &#8220;Itaalia puhkus&#8221; \u00fchendavad soojuse ja rafineerituse. Ehe on valmistatud h\u00f5bedast, millel on topeltroodiumkate \u2013 valge ja kollane, mis loob ainulaadse kahev\u00e4rvilise&#8230;<\/p>\n","protected":false},"featured_media":55803,"comment_status":"open","ping_status":"closed","template":"","meta":[],"etheme_brands":[],"product_brand":[],"product_cat":[469],"product_tag":[],"class_list":{"0":"post-55799","1":"product","2":"type-product","3":"status-publish","4":"has-post-thumbnail","6":"product_cat-korvarongad","8":"first","9":"instock","10":"shipping-taxable","11":"purchasable","12":"product-type-simple"},"acf":[],"yoast_head":"<!-- This site is optimized with the Yoast SEO Premium plugin v26.5 (Yoast SEO v26.8) - https:\/\/yoast.com\/product\/yoast-seo-premium-wordpress\/ -->\n<title>H\u00f5bedased k\u00f5rvar\u00f5ngad &quot;Amalfi&quot; - Colibri jewels<\/title>\n<meta name=\"description\" content=\"Ostke h\u00f5bedased rippuvad k\u00f5rvar\u00f5ngad &quot;Amalfi&quot; roodiumkattega. Elegantsed k\u00f5rvar\u00f5ngad kollektsioonist &quot;Itaalia puhkus&quot; morganiidi imitatsiooni ja kruvikinnitusega.\" \/>\n<meta name=\"robots\" content=\"index, follow, max-snippet:-1, max-image-preview:large, max-video-preview:-1\" \/>\n<link rel=\"canonical\" href=\"https:\/\/colibri-jewels.eu\/et\/toode\/pikad-rippuvad-korvarongad-capri-copy-2\/\" \/>\n<meta property=\"og:locale\" content=\"et_EE\" \/>\n<meta property=\"og:type\" content=\"article\" \/>\n<meta property=\"og:title\" content=\"H\u00f5bedased k\u00f5rvar\u00f5ngad &quot;Amalfi&quot;\" \/>\n<meta property=\"og:description\" content=\"Ostke h\u00f5bedased rippuvad k\u00f5rvar\u00f5ngad &quot;Amalfi&quot; roodiumkattega. Elegantsed k\u00f5rvar\u00f5ngad kollektsioonist &quot;Itaalia puhkus&quot; morganiidi imitatsiooni ja kruvikinnitusega.\" \/>\n<meta property=\"og:url\" content=\"https:\/\/colibri-jewels.eu\/et\/toode\/pikad-rippuvad-korvarongad-capri-copy-2\/\" \/>\n<meta property=\"og:site_name\" content=\"Colibri jewels\" \/>\n<meta property=\"article:publisher\" content=\"https:\/\/www.facebook.com\/colibri.jewels\" \/>\n<meta property=\"article:modified_time\" content=\"2025-08-21T18:55:10+00:00\" \/>\n<meta property=\"og:image\" content=\"https:\/\/colibri-jewels.eu\/wp-content\/uploads\/2025\/08\/silver-dangle-earrings-with-pink-heart-pendant.jpg\" \/>\n\t<meta property=\"og:image:width\" content=\"1000\" \/>\n\t<meta property=\"og:image:height\" content=\"1000\" \/>\n\t<meta property=\"og:image:type\" content=\"image\/jpeg\" \/>\n<meta name=\"twitter:card\" content=\"summary_large_image\" \/>\n<script type=\"application\/ld+json\" class=\"yoast-schema-graph\">{\"@context\":\"https:\/\/schema.org\",\"@graph\":[{\"@type\":\"WebPage\",\"@id\":\"https:\/\/colibri-jewels.eu\/et\/toode\/pikad-rippuvad-korvarongad-capri-copy-2\/\",\"url\":\"https:\/\/colibri-jewels.eu\/et\/toode\/pikad-rippuvad-korvarongad-capri-copy-2\/\",\"name\":\"H\u00f5bedased k\u00f5rvar\u00f5ngad \\\"Amalfi\\\" - Colibri jewels\",\"isPartOf\":{\"@id\":\"https:\/\/colibri-jewels.eu\/et\/#website\"},\"primaryImageOfPage\":{\"@id\":\"https:\/\/colibri-jewels.eu\/et\/toode\/pikad-rippuvad-korvarongad-capri-copy-2\/#primaryimage\"},\"image\":{\"@id\":\"https:\/\/colibri-jewels.eu\/et\/toode\/pikad-rippuvad-korvarongad-capri-copy-2\/#primaryimage\"},\"thumbnailUrl\":\"https:\/\/colibri-jewels.eu\/wp-content\/uploads\/2025\/08\/silver-dangle-earrings-with-pink-heart-pendant.jpg\",\"datePublished\":\"2025-08-21T18:38:07+00:00\",\"dateModified\":\"2025-08-21T18:55:10+00:00\",\"description\":\"Ostke h\u00f5bedased rippuvad k\u00f5rvar\u00f5ngad \\\"Amalfi\\\" roodiumkattega. Elegantsed k\u00f5rvar\u00f5ngad kollektsioonist \\\"Itaalia puhkus\\\" morganiidi imitatsiooni ja kruvikinnitusega.\",\"breadcrumb\":{\"@id\":\"https:\/\/colibri-jewels.eu\/et\/toode\/pikad-rippuvad-korvarongad-capri-copy-2\/#breadcrumb\"},\"inLanguage\":\"et\",\"potentialAction\":[{\"@type\":\"ReadAction\",\"target\":[\"https:\/\/colibri-jewels.eu\/et\/toode\/pikad-rippuvad-korvarongad-capri-copy-2\/\"]}]},{\"@type\":\"ImageObject\",\"inLanguage\":\"et\",\"@id\":\"https:\/\/colibri-jewels.eu\/et\/toode\/pikad-rippuvad-korvarongad-capri-copy-2\/#primaryimage\",\"url\":\"https:\/\/colibri-jewels.eu\/wp-content\/uploads\/2025\/08\/silver-dangle-earrings-with-pink-heart-pendant.jpg\",\"contentUrl\":\"https:\/\/colibri-jewels.eu\/wp-content\/uploads\/2025\/08\/silver-dangle-earrings-with-pink-heart-pendant.jpg\",\"width\":1000,\"height\":1000},{\"@type\":\"BreadcrumbList\",\"@id\":\"https:\/\/colibri-jewels.eu\/et\/toode\/pikad-rippuvad-korvarongad-capri-copy-2\/#breadcrumb\",\"itemListElement\":[{\"@type\":\"ListItem\",\"position\":1,\"name\":\"\u0413\u043b\u0430\u0432\u043d\u0430\u044f \u0441\u0442\u0440\u0430\u043d\u0438\u0446\u0430\",\"item\":\"https:\/\/colibri-jewels.eu\/et\/\"},{\"@type\":\"ListItem\",\"position\":2,\"name\":\"Pood\",\"item\":\"https:\/\/colibri-jewels.eu\/et\/pood\/\"},{\"@type\":\"ListItem\",\"position\":3,\"name\":\"H\u00f5bedased k\u00f5rvar\u00f5ngad &#8220;Amalfi&#8221;\"}]},{\"@type\":\"WebSite\",\"@id\":\"https:\/\/colibri-jewels.eu\/et\/#website\",\"url\":\"https:\/\/colibri-jewels.eu\/et\/\",\"name\":\"Colibri jewels\",\"description\":\"jewelry shop\",\"publisher\":{\"@id\":\"https:\/\/colibri-jewels.eu\/et\/#organization\"},\"potentialAction\":[{\"@type\":\"SearchAction\",\"target\":{\"@type\":\"EntryPoint\",\"urlTemplate\":\"https:\/\/colibri-jewels.eu\/et\/?s={search_term_string}\"},\"query-input\":{\"@type\":\"PropertyValueSpecification\",\"valueRequired\":true,\"valueName\":\"search_term_string\"}}],\"inLanguage\":\"et\"},{\"@type\":\"Organization\",\"@id\":\"https:\/\/colibri-jewels.eu\/et\/#organization\",\"name\":\"O\u00dc Colibri\",\"url\":\"https:\/\/colibri-jewels.eu\/et\/\",\"logo\":{\"@type\":\"ImageObject\",\"inLanguage\":\"et\",\"@id\":\"https:\/\/colibri-jewels.eu\/et\/#\/schema\/logo\/image\/\",\"url\":\"https:\/\/dev.colibri-jewels.eu\/wp-content\/uploads\/2021\/03\/colibri.png\",\"contentUrl\":\"https:\/\/dev.colibri-jewels.eu\/wp-content\/uploads\/2021\/03\/colibri.png\",\"width\":227,\"height\":130,\"caption\":\"O\u00dc Colibri\"},\"image\":{\"@id\":\"https:\/\/colibri-jewels.eu\/et\/#\/schema\/logo\/image\/\"},\"sameAs\":[\"https:\/\/www.facebook.com\/colibri.jewels\",\"https:\/\/www.instagram.com\/colibri.jewels\",\"https:\/\/www.tiktok.com\/colibri.jewels\"]}]}<\/script>\n<!-- \/ Yoast SEO Premium plugin. -->","yoast_head_json":{"title":"H\u00f5bedased k\u00f5rvar\u00f5ngad \"Amalfi\" - Colibri jewels","description":"Ostke h\u00f5bedased rippuvad k\u00f5rvar\u00f5ngad \"Amalfi\" roodiumkattega. Elegantsed k\u00f5rvar\u00f5ngad kollektsioonist \"Itaalia puhkus\" morganiidi imitatsiooni ja kruvikinnitusega.","robots":{"index":"index","follow":"follow","max-snippet":"max-snippet:-1","max-image-preview":"max-image-preview:large","max-video-preview":"max-video-preview:-1"},"canonical":"https:\/\/colibri-jewels.eu\/et\/toode\/pikad-rippuvad-korvarongad-capri-copy-2\/","og_locale":"et_EE","og_type":"article","og_title":"H\u00f5bedased k\u00f5rvar\u00f5ngad \"Amalfi\"","og_description":"Ostke h\u00f5bedased rippuvad k\u00f5rvar\u00f5ngad \"Amalfi\" roodiumkattega. Elegantsed k\u00f5rvar\u00f5ngad kollektsioonist \"Itaalia puhkus\" morganiidi imitatsiooni ja kruvikinnitusega.","og_url":"https:\/\/colibri-jewels.eu\/et\/toode\/pikad-rippuvad-korvarongad-capri-copy-2\/","og_site_name":"Colibri jewels","article_publisher":"https:\/\/www.facebook.com\/colibri.jewels","article_modified_time":"2025-08-21T18:55:10+00:00","og_image":[{"width":1000,"height":1000,"url":"https:\/\/colibri-jewels.eu\/wp-content\/uploads\/2025\/08\/silver-dangle-earrings-with-pink-heart-pendant.jpg","type":"image\/jpeg"}],"twitter_card":"summary_large_image","schema":{"@context":"https:\/\/schema.org","@graph":[{"@type":"WebPage","@id":"https:\/\/colibri-jewels.eu\/et\/toode\/pikad-rippuvad-korvarongad-capri-copy-2\/","url":"https:\/\/colibri-jewels.eu\/et\/toode\/pikad-rippuvad-korvarongad-capri-copy-2\/","name":"H\u00f5bedased k\u00f5rvar\u00f5ngad \"Amalfi\" - Colibri jewels","isPartOf":{"@id":"https:\/\/colibri-jewels.eu\/et\/#website"},"primaryImageOfPage":{"@id":"https:\/\/colibri-jewels.eu\/et\/toode\/pikad-rippuvad-korvarongad-capri-copy-2\/#primaryimage"},"image":{"@id":"https:\/\/colibri-jewels.eu\/et\/toode\/pikad-rippuvad-korvarongad-capri-copy-2\/#primaryimage"},"thumbnailUrl":"https:\/\/colibri-jewels.eu\/wp-content\/uploads\/2025\/08\/silver-dangle-earrings-with-pink-heart-pendant.jpg","datePublished":"2025-08-21T18:38:07+00:00","dateModified":"2025-08-21T18:55:10+00:00","description":"Ostke h\u00f5bedased rippuvad k\u00f5rvar\u00f5ngad \"Amalfi\" roodiumkattega. Elegantsed k\u00f5rvar\u00f5ngad kollektsioonist \"Itaalia puhkus\" morganiidi imitatsiooni ja kruvikinnitusega.","breadcrumb":{"@id":"https:\/\/colibri-jewels.eu\/et\/toode\/pikad-rippuvad-korvarongad-capri-copy-2\/#breadcrumb"},"inLanguage":"et","potentialAction":[{"@type":"ReadAction","target":["https:\/\/colibri-jewels.eu\/et\/toode\/pikad-rippuvad-korvarongad-capri-copy-2\/"]}]},{"@type":"ImageObject","inLanguage":"et","@id":"https:\/\/colibri-jewels.eu\/et\/toode\/pikad-rippuvad-korvarongad-capri-copy-2\/#primaryimage","url":"https:\/\/colibri-jewels.eu\/wp-content\/uploads\/2025\/08\/silver-dangle-earrings-with-pink-heart-pendant.jpg","contentUrl":"https:\/\/colibri-jewels.eu\/wp-content\/uploads\/2025\/08\/silver-dangle-earrings-with-pink-heart-pendant.jpg","width":1000,"height":1000},{"@type":"BreadcrumbList","@id":"https:\/\/colibri-jewels.eu\/et\/toode\/pikad-rippuvad-korvarongad-capri-copy-2\/#breadcrumb","itemListElement":[{"@type":"ListItem","position":1,"name":"\u0413\u043b\u0430\u0432\u043d\u0430\u044f \u0441\u0442\u0440\u0430\u043d\u0438\u0446\u0430","item":"https:\/\/colibri-jewels.eu\/et\/"},{"@type":"ListItem","position":2,"name":"Pood","item":"https:\/\/colibri-jewels.eu\/et\/pood\/"},{"@type":"ListItem","position":3,"name":"H\u00f5bedased k\u00f5rvar\u00f5ngad &#8220;Amalfi&#8221;"}]},{"@type":"WebSite","@id":"https:\/\/colibri-jewels.eu\/et\/#website","url":"https:\/\/colibri-jewels.eu\/et\/","name":"Colibri jewels","description":"jewelry shop","publisher":{"@id":"https:\/\/colibri-jewels.eu\/et\/#organization"},"potentialAction":[{"@type":"SearchAction","target":{"@type":"EntryPoint","urlTemplate":"https:\/\/colibri-jewels.eu\/et\/?s={search_term_string}"},"query-input":{"@type":"PropertyValueSpecification","valueRequired":true,"valueName":"search_term_string"}}],"inLanguage":"et"},{"@type":"Organization","@id":"https:\/\/colibri-jewels.eu\/et\/#organization","name":"O\u00dc Colibri","url":"https:\/\/colibri-jewels.eu\/et\/","logo":{"@type":"ImageObject","inLanguage":"et","@id":"https:\/\/colibri-jewels.eu\/et\/#\/schema\/logo\/image\/","url":"https:\/\/dev.colibri-jewels.eu\/wp-content\/uploads\/2021\/03\/colibri.png","contentUrl":"https:\/\/dev.colibri-jewels.eu\/wp-content\/uploads\/2021\/03\/colibri.png","width":227,"height":130,"caption":"O\u00dc Colibri"},"image":{"@id":"https:\/\/colibri-jewels.eu\/et\/#\/schema\/logo\/image\/"},"sameAs":["https:\/\/www.facebook.com\/colibri.jewels","https:\/\/www.instagram.com\/colibri.jewels","https:\/\/www.tiktok.com\/colibri.jewels"]}]}},"_links":{"self":[{"href":"https:\/\/colibri-jewels.eu\/et\/wp-json\/wp\/v2\/product\/55799","targetHints":{"allow":["GET"]}}],"collection":[{"href":"https:\/\/colibri-jewels.eu\/et\/wp-json\/wp\/v2\/product"}],"about":[{"href":"https:\/\/colibri-jewels.eu\/et\/wp-json\/wp\/v2\/types\/product"}],"replies":[{"embeddable":true,"href":"https:\/\/colibri-jewels.eu\/et\/wp-json\/wp\/v2\/comments?post=55799"}],"version-history":[{"count":0,"href":"https:\/\/colibri-jewels.eu\/et\/wp-json\/wp\/v2\/product\/55799\/revisions"}],"wp:featuredmedia":[{"embeddable":true,"href":"https:\/\/colibri-jewels.eu\/et\/wp-json\/wp\/v2\/media\/55803"}],"wp:attachment":[{"href":"https:\/\/colibri-jewels.eu\/et\/wp-json\/wp\/v2\/media?parent=55799"}],"wp:term":[{"taxonomy":"brand","embeddable":true,"href":"https:\/\/colibri-jewels.eu\/et\/wp-json\/wp\/v2\/etheme_brands?post=55799"},{"taxonomy":"product_brand","embeddable":true,"href":"https:\/\/colibri-jewels.eu\/et\/wp-json\/wp\/v2\/product_brand?post=55799"},{"taxonomy":"product_cat","embeddable":true,"href":"https:\/\/colibri-jewels.eu\/et\/wp-json\/wp\/v2\/product_cat?post=55799"},{"taxonomy":"product_tag","embeddable":true,"href":"https:\/\/colibri-jewels.eu\/et\/wp-json\/wp\/v2\/product_tag?post=55799"}],"curies":[{"name":"wp","href":"https:\/\/api.w.org\/{rel}","templated":true}]}}