{"id":55888,"date":"2025-08-22T12:06:55","date_gmt":"2025-08-22T09:06:55","guid":{"rendered":"https:\/\/colibri-jewels.eu\/?post_type=product&#038;p=55888"},"modified":"2025-08-22T12:21:23","modified_gmt":"2025-08-22T09:21:23","slug":"hobedased-korvarongad-firenze-copy","status":"publish","type":"product","link":"https:\/\/colibri-jewels.eu\/et\/toode\/hobedased-korvarongad-firenze-copy\/","title":{"rendered":"H\u00f5bedased k\u00f5rvar\u00f5ngad &#8220;Firenze&#8221;"},"content":{"rendered":"<p>Need elegantsed &#8220;Firenze&#8221; k\u00f5rvar\u00f5ngad kollektsioonist &#8220;Itaalia puhkus&#8221; on klassikalise stiili kehastus. K\u00f5rvar\u00f5ngad on valmistatud musta roodiumiga kaetud h\u00f5bedast ja kaunistatud kultiveeritud mustade p\u00e4rlitega. Selged jooned ja s\u00e4delevad kristallid r\u00f5hutavad ehte rafineeritust. T\u00f6\u00f6kindlad katalaani lukud tagavad mugavuse ja turvalisuse kandmisel.<\/p>\n","protected":false},"excerpt":{"rendered":"<p>Need elegantsed &#8220;Firenze&#8221; k\u00f5rvar\u00f5ngad kollektsioonist &#8220;Itaalia puhkus&#8221; on klassikalise stiili kehastus. K\u00f5rvar\u00f5ngad on valmistatud musta roodiumiga kaetud h\u00f5bedast ja kaunistatud kultiveeritud mustade p\u00e4rlitega. Selged jooned&#8230;<\/p>\n","protected":false},"featured_media":55703,"comment_status":"open","ping_status":"closed","template":"","meta":[],"etheme_brands":[],"product_brand":[],"product_cat":[469],"product_tag":[],"class_list":{"0":"post-55888","1":"product","2":"type-product","3":"status-publish","4":"has-post-thumbnail","6":"product_cat-korvarongad","8":"first","9":"instock","10":"shipping-taxable","11":"purchasable","12":"product-type-simple"},"acf":[],"yoast_head":"<!-- This site is optimized with the Yoast SEO Premium plugin v26.5 (Yoast SEO v26.8) - https:\/\/yoast.com\/product\/yoast-seo-premium-wordpress\/ -->\n<title>H\u00f5bedased k\u00f5rvar\u00f5ngad &quot;Firenze&quot; - Colibri jewels<\/title>\n<meta name=\"description\" content=\"Osta musta roodiumiga kaetud h\u00f5bedast &quot;Firenze&quot; k\u00f5rvar\u00f5ngad musta kultiveeritud p\u00e4rliga. Elegantsed rippuvad k\u00f5rvar\u00f5ngad kollektsioonist &quot;Itaalia puhkus&quot;.\" \/>\n<meta name=\"robots\" content=\"index, follow, max-snippet:-1, max-image-preview:large, max-video-preview:-1\" \/>\n<link rel=\"canonical\" href=\"https:\/\/colibri-jewels.eu\/et\/toode\/hobedased-korvarongad-firenze-copy\/\" \/>\n<meta property=\"og:locale\" content=\"et_EE\" \/>\n<meta property=\"og:type\" content=\"article\" \/>\n<meta property=\"og:title\" content=\"H\u00f5bedased k\u00f5rvar\u00f5ngad &quot;Firenze&quot;\" \/>\n<meta property=\"og:description\" content=\"Osta musta roodiumiga kaetud h\u00f5bedast &quot;Firenze&quot; k\u00f5rvar\u00f5ngad musta kultiveeritud p\u00e4rliga. Elegantsed rippuvad k\u00f5rvar\u00f5ngad kollektsioonist &quot;Itaalia puhkus&quot;.\" \/>\n<meta property=\"og:url\" content=\"https:\/\/colibri-jewels.eu\/et\/toode\/hobedased-korvarongad-firenze-copy\/\" \/>\n<meta property=\"og:site_name\" content=\"Colibri jewels\" \/>\n<meta property=\"article:publisher\" content=\"https:\/\/www.facebook.com\/colibri.jewels\" \/>\n<meta property=\"article:modified_time\" content=\"2025-08-22T09:21:23+00:00\" \/>\n<meta property=\"og:image\" content=\"https:\/\/colibri-jewels.eu\/wp-content\/uploads\/2025\/08\/silver-earrings-with-black-drop-pearl.jpg\" \/>\n\t<meta property=\"og:image:width\" content=\"1000\" \/>\n\t<meta property=\"og:image:height\" content=\"1000\" \/>\n\t<meta property=\"og:image:type\" content=\"image\/jpeg\" \/>\n<meta name=\"twitter:card\" content=\"summary_large_image\" \/>\n<script type=\"application\/ld+json\" class=\"yoast-schema-graph\">{\"@context\":\"https:\/\/schema.org\",\"@graph\":[{\"@type\":\"WebPage\",\"@id\":\"https:\/\/colibri-jewels.eu\/et\/toode\/hobedased-korvarongad-firenze-copy\/\",\"url\":\"https:\/\/colibri-jewels.eu\/et\/toode\/hobedased-korvarongad-firenze-copy\/\",\"name\":\"H\u00f5bedased k\u00f5rvar\u00f5ngad \\\"Firenze\\\" - Colibri jewels\",\"isPartOf\":{\"@id\":\"https:\/\/colibri-jewels.eu\/et\/#website\"},\"primaryImageOfPage\":{\"@id\":\"https:\/\/colibri-jewels.eu\/et\/toode\/hobedased-korvarongad-firenze-copy\/#primaryimage\"},\"image\":{\"@id\":\"https:\/\/colibri-jewels.eu\/et\/toode\/hobedased-korvarongad-firenze-copy\/#primaryimage\"},\"thumbnailUrl\":\"https:\/\/colibri-jewels.eu\/wp-content\/uploads\/2025\/08\/silver-earrings-with-black-drop-pearl.jpg\",\"datePublished\":\"2025-08-22T09:06:55+00:00\",\"dateModified\":\"2025-08-22T09:21:23+00:00\",\"description\":\"Osta musta roodiumiga kaetud h\u00f5bedast \\\"Firenze\\\" k\u00f5rvar\u00f5ngad musta kultiveeritud p\u00e4rliga. Elegantsed rippuvad k\u00f5rvar\u00f5ngad kollektsioonist \\\"Itaalia puhkus\\\".\",\"breadcrumb\":{\"@id\":\"https:\/\/colibri-jewels.eu\/et\/toode\/hobedased-korvarongad-firenze-copy\/#breadcrumb\"},\"inLanguage\":\"et\",\"potentialAction\":[{\"@type\":\"ReadAction\",\"target\":[\"https:\/\/colibri-jewels.eu\/et\/toode\/hobedased-korvarongad-firenze-copy\/\"]}]},{\"@type\":\"ImageObject\",\"inLanguage\":\"et\",\"@id\":\"https:\/\/colibri-jewels.eu\/et\/toode\/hobedased-korvarongad-firenze-copy\/#primaryimage\",\"url\":\"https:\/\/colibri-jewels.eu\/wp-content\/uploads\/2025\/08\/silver-earrings-with-black-drop-pearl.jpg\",\"contentUrl\":\"https:\/\/colibri-jewels.eu\/wp-content\/uploads\/2025\/08\/silver-earrings-with-black-drop-pearl.jpg\",\"width\":1000,\"height\":1000},{\"@type\":\"BreadcrumbList\",\"@id\":\"https:\/\/colibri-jewels.eu\/et\/toode\/hobedased-korvarongad-firenze-copy\/#breadcrumb\",\"itemListElement\":[{\"@type\":\"ListItem\",\"position\":1,\"name\":\"\u0413\u043b\u0430\u0432\u043d\u0430\u044f \u0441\u0442\u0440\u0430\u043d\u0438\u0446\u0430\",\"item\":\"https:\/\/colibri-jewels.eu\/et\/\"},{\"@type\":\"ListItem\",\"position\":2,\"name\":\"Pood\",\"item\":\"https:\/\/colibri-jewels.eu\/et\/pood\/\"},{\"@type\":\"ListItem\",\"position\":3,\"name\":\"H\u00f5bedased k\u00f5rvar\u00f5ngad &#8220;Firenze&#8221;\"}]},{\"@type\":\"WebSite\",\"@id\":\"https:\/\/colibri-jewels.eu\/et\/#website\",\"url\":\"https:\/\/colibri-jewels.eu\/et\/\",\"name\":\"Colibri jewels\",\"description\":\"jewelry shop\",\"publisher\":{\"@id\":\"https:\/\/colibri-jewels.eu\/et\/#organization\"},\"potentialAction\":[{\"@type\":\"SearchAction\",\"target\":{\"@type\":\"EntryPoint\",\"urlTemplate\":\"https:\/\/colibri-jewels.eu\/et\/?s={search_term_string}\"},\"query-input\":{\"@type\":\"PropertyValueSpecification\",\"valueRequired\":true,\"valueName\":\"search_term_string\"}}],\"inLanguage\":\"et\"},{\"@type\":\"Organization\",\"@id\":\"https:\/\/colibri-jewels.eu\/et\/#organization\",\"name\":\"O\u00dc Colibri\",\"url\":\"https:\/\/colibri-jewels.eu\/et\/\",\"logo\":{\"@type\":\"ImageObject\",\"inLanguage\":\"et\",\"@id\":\"https:\/\/colibri-jewels.eu\/et\/#\/schema\/logo\/image\/\",\"url\":\"https:\/\/dev.colibri-jewels.eu\/wp-content\/uploads\/2021\/03\/colibri.png\",\"contentUrl\":\"https:\/\/dev.colibri-jewels.eu\/wp-content\/uploads\/2021\/03\/colibri.png\",\"width\":227,\"height\":130,\"caption\":\"O\u00dc Colibri\"},\"image\":{\"@id\":\"https:\/\/colibri-jewels.eu\/et\/#\/schema\/logo\/image\/\"},\"sameAs\":[\"https:\/\/www.facebook.com\/colibri.jewels\",\"https:\/\/www.instagram.com\/colibri.jewels\",\"https:\/\/www.tiktok.com\/colibri.jewels\"]}]}<\/script>\n<!-- \/ Yoast SEO Premium plugin. -->","yoast_head_json":{"title":"H\u00f5bedased k\u00f5rvar\u00f5ngad \"Firenze\" - Colibri jewels","description":"Osta musta roodiumiga kaetud h\u00f5bedast \"Firenze\" k\u00f5rvar\u00f5ngad musta kultiveeritud p\u00e4rliga. Elegantsed rippuvad k\u00f5rvar\u00f5ngad kollektsioonist \"Itaalia puhkus\".","robots":{"index":"index","follow":"follow","max-snippet":"max-snippet:-1","max-image-preview":"max-image-preview:large","max-video-preview":"max-video-preview:-1"},"canonical":"https:\/\/colibri-jewels.eu\/et\/toode\/hobedased-korvarongad-firenze-copy\/","og_locale":"et_EE","og_type":"article","og_title":"H\u00f5bedased k\u00f5rvar\u00f5ngad \"Firenze\"","og_description":"Osta musta roodiumiga kaetud h\u00f5bedast \"Firenze\" k\u00f5rvar\u00f5ngad musta kultiveeritud p\u00e4rliga. Elegantsed rippuvad k\u00f5rvar\u00f5ngad kollektsioonist \"Itaalia puhkus\".","og_url":"https:\/\/colibri-jewels.eu\/et\/toode\/hobedased-korvarongad-firenze-copy\/","og_site_name":"Colibri jewels","article_publisher":"https:\/\/www.facebook.com\/colibri.jewels","article_modified_time":"2025-08-22T09:21:23+00:00","og_image":[{"width":1000,"height":1000,"url":"https:\/\/colibri-jewels.eu\/wp-content\/uploads\/2025\/08\/silver-earrings-with-black-drop-pearl.jpg","type":"image\/jpeg"}],"twitter_card":"summary_large_image","schema":{"@context":"https:\/\/schema.org","@graph":[{"@type":"WebPage","@id":"https:\/\/colibri-jewels.eu\/et\/toode\/hobedased-korvarongad-firenze-copy\/","url":"https:\/\/colibri-jewels.eu\/et\/toode\/hobedased-korvarongad-firenze-copy\/","name":"H\u00f5bedased k\u00f5rvar\u00f5ngad \"Firenze\" - Colibri jewels","isPartOf":{"@id":"https:\/\/colibri-jewels.eu\/et\/#website"},"primaryImageOfPage":{"@id":"https:\/\/colibri-jewels.eu\/et\/toode\/hobedased-korvarongad-firenze-copy\/#primaryimage"},"image":{"@id":"https:\/\/colibri-jewels.eu\/et\/toode\/hobedased-korvarongad-firenze-copy\/#primaryimage"},"thumbnailUrl":"https:\/\/colibri-jewels.eu\/wp-content\/uploads\/2025\/08\/silver-earrings-with-black-drop-pearl.jpg","datePublished":"2025-08-22T09:06:55+00:00","dateModified":"2025-08-22T09:21:23+00:00","description":"Osta musta roodiumiga kaetud h\u00f5bedast \"Firenze\" k\u00f5rvar\u00f5ngad musta kultiveeritud p\u00e4rliga. Elegantsed rippuvad k\u00f5rvar\u00f5ngad kollektsioonist \"Itaalia puhkus\".","breadcrumb":{"@id":"https:\/\/colibri-jewels.eu\/et\/toode\/hobedased-korvarongad-firenze-copy\/#breadcrumb"},"inLanguage":"et","potentialAction":[{"@type":"ReadAction","target":["https:\/\/colibri-jewels.eu\/et\/toode\/hobedased-korvarongad-firenze-copy\/"]}]},{"@type":"ImageObject","inLanguage":"et","@id":"https:\/\/colibri-jewels.eu\/et\/toode\/hobedased-korvarongad-firenze-copy\/#primaryimage","url":"https:\/\/colibri-jewels.eu\/wp-content\/uploads\/2025\/08\/silver-earrings-with-black-drop-pearl.jpg","contentUrl":"https:\/\/colibri-jewels.eu\/wp-content\/uploads\/2025\/08\/silver-earrings-with-black-drop-pearl.jpg","width":1000,"height":1000},{"@type":"BreadcrumbList","@id":"https:\/\/colibri-jewels.eu\/et\/toode\/hobedased-korvarongad-firenze-copy\/#breadcrumb","itemListElement":[{"@type":"ListItem","position":1,"name":"\u0413\u043b\u0430\u0432\u043d\u0430\u044f \u0441\u0442\u0440\u0430\u043d\u0438\u0446\u0430","item":"https:\/\/colibri-jewels.eu\/et\/"},{"@type":"ListItem","position":2,"name":"Pood","item":"https:\/\/colibri-jewels.eu\/et\/pood\/"},{"@type":"ListItem","position":3,"name":"H\u00f5bedased k\u00f5rvar\u00f5ngad &#8220;Firenze&#8221;"}]},{"@type":"WebSite","@id":"https:\/\/colibri-jewels.eu\/et\/#website","url":"https:\/\/colibri-jewels.eu\/et\/","name":"Colibri jewels","description":"jewelry shop","publisher":{"@id":"https:\/\/colibri-jewels.eu\/et\/#organization"},"potentialAction":[{"@type":"SearchAction","target":{"@type":"EntryPoint","urlTemplate":"https:\/\/colibri-jewels.eu\/et\/?s={search_term_string}"},"query-input":{"@type":"PropertyValueSpecification","valueRequired":true,"valueName":"search_term_string"}}],"inLanguage":"et"},{"@type":"Organization","@id":"https:\/\/colibri-jewels.eu\/et\/#organization","name":"O\u00dc Colibri","url":"https:\/\/colibri-jewels.eu\/et\/","logo":{"@type":"ImageObject","inLanguage":"et","@id":"https:\/\/colibri-jewels.eu\/et\/#\/schema\/logo\/image\/","url":"https:\/\/dev.colibri-jewels.eu\/wp-content\/uploads\/2021\/03\/colibri.png","contentUrl":"https:\/\/dev.colibri-jewels.eu\/wp-content\/uploads\/2021\/03\/colibri.png","width":227,"height":130,"caption":"O\u00dc Colibri"},"image":{"@id":"https:\/\/colibri-jewels.eu\/et\/#\/schema\/logo\/image\/"},"sameAs":["https:\/\/www.facebook.com\/colibri.jewels","https:\/\/www.instagram.com\/colibri.jewels","https:\/\/www.tiktok.com\/colibri.jewels"]}]}},"_links":{"self":[{"href":"https:\/\/colibri-jewels.eu\/et\/wp-json\/wp\/v2\/product\/55888","targetHints":{"allow":["GET"]}}],"collection":[{"href":"https:\/\/colibri-jewels.eu\/et\/wp-json\/wp\/v2\/product"}],"about":[{"href":"https:\/\/colibri-jewels.eu\/et\/wp-json\/wp\/v2\/types\/product"}],"replies":[{"embeddable":true,"href":"https:\/\/colibri-jewels.eu\/et\/wp-json\/wp\/v2\/comments?post=55888"}],"version-history":[{"count":0,"href":"https:\/\/colibri-jewels.eu\/et\/wp-json\/wp\/v2\/product\/55888\/revisions"}],"wp:featuredmedia":[{"embeddable":true,"href":"https:\/\/colibri-jewels.eu\/et\/wp-json\/wp\/v2\/media\/55703"}],"wp:attachment":[{"href":"https:\/\/colibri-jewels.eu\/et\/wp-json\/wp\/v2\/media?parent=55888"}],"wp:term":[{"taxonomy":"brand","embeddable":true,"href":"https:\/\/colibri-jewels.eu\/et\/wp-json\/wp\/v2\/etheme_brands?post=55888"},{"taxonomy":"product_brand","embeddable":true,"href":"https:\/\/colibri-jewels.eu\/et\/wp-json\/wp\/v2\/product_brand?post=55888"},{"taxonomy":"product_cat","embeddable":true,"href":"https:\/\/colibri-jewels.eu\/et\/wp-json\/wp\/v2\/product_cat?post=55888"},{"taxonomy":"product_tag","embeddable":true,"href":"https:\/\/colibri-jewels.eu\/et\/wp-json\/wp\/v2\/product_tag?post=55888"}],"curies":[{"name":"wp","href":"https:\/\/api.w.org\/{rel}","templated":true}]}}