{"id":55909,"date":"2025-08-22T21:59:08","date_gmt":"2025-08-22T18:59:08","guid":{"rendered":"https:\/\/colibri-jewels.eu\/?post_type=product&#038;p=55909"},"modified":"2025-08-23T17:13:15","modified_gmt":"2025-08-23T14:13:15","slug":"hobedased-korvarongad-firenze-copy-3","status":"publish","type":"product","link":"https:\/\/colibri-jewels.eu\/et\/toode\/hobedased-korvarongad-firenze-copy-3\/","title":{"rendered":"H\u00f5bedased k\u00f5rvar\u00f5ngad &#8220;Positano&#8221;"},"content":{"rendered":"<p>Need elegantsed &#8220;Positano&#8221; k\u00f5rvar\u00f5ngad kollektsioonist &#8220;Itaalia puhkus&#8221; on elegantsi ja kuupaiste kehastus. Ehe on valmistatud h\u00f5bedast ning inkrusteeritud loodusliku p\u00e4rlmutri ja salap\u00e4rase kuukiviga, mida \u00fcmbritsevad s\u00e4ravad kristallid. T\u00e4nu t\u00f6\u00f6kindlatele katalaani lukkudele on k\u00f5rvar\u00f5ngad mugavad ja turvalised kanda kogu p\u00e4eva jooksul.<\/p>\n","protected":false},"excerpt":{"rendered":"<p>Need elegantsed &#8220;Positano&#8221; k\u00f5rvar\u00f5ngad kollektsioonist &#8220;Itaalia puhkus&#8221; on elegantsi ja kuupaiste kehastus. Ehe on valmistatud h\u00f5bedast ning inkrusteeritud loodusliku p\u00e4rlmutri ja salap\u00e4rase kuukiviga, mida \u00fcmbritsevad&#8230;<\/p>\n","protected":false},"featured_media":55715,"comment_status":"open","ping_status":"closed","template":"","meta":[],"etheme_brands":[],"product_brand":[],"product_cat":[469],"product_tag":[],"class_list":{"0":"post-55909","1":"product","2":"type-product","3":"status-publish","4":"has-post-thumbnail","6":"product_cat-korvarongad","8":"first","9":"instock","10":"shipping-taxable","11":"purchasable","12":"product-type-simple"},"acf":[],"yoast_head":"<!-- This site is optimized with the Yoast SEO Premium plugin v26.5 (Yoast SEO v26.8) - https:\/\/yoast.com\/product\/yoast-seo-premium-wordpress\/ -->\n<title>H\u00f5bedased k\u00f5rvar\u00f5ngad &quot;Positano&quot; - Colibri jewels<\/title>\n<meta name=\"description\" content=\"Osta h\u00f5bedased k\u00f5rvar\u00f5ngad &quot;Positano&quot; p\u00e4rlmutri ja kuukiviga. Peened k\u00f5rvar\u00f5ngad &quot;Itaalia puhkus&quot; kollektsioonist katalaani lukuga.\" \/>\n<meta name=\"robots\" content=\"index, follow, max-snippet:-1, max-image-preview:large, max-video-preview:-1\" \/>\n<link rel=\"canonical\" href=\"https:\/\/colibri-jewels.eu\/et\/toode\/hobedased-korvarongad-firenze-copy-3\/\" \/>\n<meta property=\"og:locale\" content=\"et_EE\" \/>\n<meta property=\"og:type\" content=\"article\" \/>\n<meta property=\"og:title\" content=\"H\u00f5bedased k\u00f5rvar\u00f5ngad &quot;Positano&quot;\" \/>\n<meta property=\"og:description\" content=\"Osta h\u00f5bedased k\u00f5rvar\u00f5ngad &quot;Positano&quot; p\u00e4rlmutri ja kuukiviga. Peened k\u00f5rvar\u00f5ngad &quot;Itaalia puhkus&quot; kollektsioonist katalaani lukuga.\" \/>\n<meta property=\"og:url\" content=\"https:\/\/colibri-jewels.eu\/et\/toode\/hobedased-korvarongad-firenze-copy-3\/\" \/>\n<meta property=\"og:site_name\" content=\"Colibri jewels\" \/>\n<meta property=\"article:publisher\" content=\"https:\/\/www.facebook.com\/colibri.jewels\" \/>\n<meta property=\"article:modified_time\" content=\"2025-08-23T14:13:15+00:00\" \/>\n<meta property=\"og:image\" content=\"https:\/\/colibri-jewels.eu\/wp-content\/uploads\/2025\/08\/silver-earrings-with-mother-of-pearl-and-moonstone-\u2014-\u043a\u043e\u043f\u0438\u044f.jpg\" \/>\n\t<meta property=\"og:image:width\" content=\"1000\" \/>\n\t<meta property=\"og:image:height\" content=\"1000\" \/>\n\t<meta property=\"og:image:type\" content=\"image\/jpeg\" \/>\n<meta name=\"twitter:card\" content=\"summary_large_image\" \/>\n<script type=\"application\/ld+json\" class=\"yoast-schema-graph\">{\"@context\":\"https:\/\/schema.org\",\"@graph\":[{\"@type\":\"WebPage\",\"@id\":\"https:\/\/colibri-jewels.eu\/et\/toode\/hobedased-korvarongad-firenze-copy-3\/\",\"url\":\"https:\/\/colibri-jewels.eu\/et\/toode\/hobedased-korvarongad-firenze-copy-3\/\",\"name\":\"H\u00f5bedased k\u00f5rvar\u00f5ngad \\\"Positano\\\" - Colibri jewels\",\"isPartOf\":{\"@id\":\"https:\/\/colibri-jewels.eu\/et\/#website\"},\"primaryImageOfPage\":{\"@id\":\"https:\/\/colibri-jewels.eu\/et\/toode\/hobedased-korvarongad-firenze-copy-3\/#primaryimage\"},\"image\":{\"@id\":\"https:\/\/colibri-jewels.eu\/et\/toode\/hobedased-korvarongad-firenze-copy-3\/#primaryimage\"},\"thumbnailUrl\":\"https:\/\/colibri-jewels.eu\/wp-content\/uploads\/2025\/08\/silver-earrings-with-mother-of-pearl-and-moonstone-\u2014-\u043a\u043e\u043f\u0438\u044f.jpg\",\"datePublished\":\"2025-08-22T18:59:08+00:00\",\"dateModified\":\"2025-08-23T14:13:15+00:00\",\"description\":\"Osta h\u00f5bedased k\u00f5rvar\u00f5ngad \\\"Positano\\\" p\u00e4rlmutri ja kuukiviga. Peened k\u00f5rvar\u00f5ngad \\\"Itaalia puhkus\\\" kollektsioonist katalaani lukuga.\",\"breadcrumb\":{\"@id\":\"https:\/\/colibri-jewels.eu\/et\/toode\/hobedased-korvarongad-firenze-copy-3\/#breadcrumb\"},\"inLanguage\":\"et\",\"potentialAction\":[{\"@type\":\"ReadAction\",\"target\":[\"https:\/\/colibri-jewels.eu\/et\/toode\/hobedased-korvarongad-firenze-copy-3\/\"]}]},{\"@type\":\"ImageObject\",\"inLanguage\":\"et\",\"@id\":\"https:\/\/colibri-jewels.eu\/et\/toode\/hobedased-korvarongad-firenze-copy-3\/#primaryimage\",\"url\":\"https:\/\/colibri-jewels.eu\/wp-content\/uploads\/2025\/08\/silver-earrings-with-mother-of-pearl-and-moonstone-\u2014-\u043a\u043e\u043f\u0438\u044f.jpg\",\"contentUrl\":\"https:\/\/colibri-jewels.eu\/wp-content\/uploads\/2025\/08\/silver-earrings-with-mother-of-pearl-and-moonstone-\u2014-\u043a\u043e\u043f\u0438\u044f.jpg\",\"width\":1000,\"height\":1000},{\"@type\":\"BreadcrumbList\",\"@id\":\"https:\/\/colibri-jewels.eu\/et\/toode\/hobedased-korvarongad-firenze-copy-3\/#breadcrumb\",\"itemListElement\":[{\"@type\":\"ListItem\",\"position\":1,\"name\":\"\u0413\u043b\u0430\u0432\u043d\u0430\u044f \u0441\u0442\u0440\u0430\u043d\u0438\u0446\u0430\",\"item\":\"https:\/\/colibri-jewels.eu\/et\/\"},{\"@type\":\"ListItem\",\"position\":2,\"name\":\"Pood\",\"item\":\"https:\/\/colibri-jewels.eu\/et\/pood\/\"},{\"@type\":\"ListItem\",\"position\":3,\"name\":\"H\u00f5bedased k\u00f5rvar\u00f5ngad &#8220;Positano&#8221;\"}]},{\"@type\":\"WebSite\",\"@id\":\"https:\/\/colibri-jewels.eu\/et\/#website\",\"url\":\"https:\/\/colibri-jewels.eu\/et\/\",\"name\":\"Colibri jewels\",\"description\":\"jewelry shop\",\"publisher\":{\"@id\":\"https:\/\/colibri-jewels.eu\/et\/#organization\"},\"potentialAction\":[{\"@type\":\"SearchAction\",\"target\":{\"@type\":\"EntryPoint\",\"urlTemplate\":\"https:\/\/colibri-jewels.eu\/et\/?s={search_term_string}\"},\"query-input\":{\"@type\":\"PropertyValueSpecification\",\"valueRequired\":true,\"valueName\":\"search_term_string\"}}],\"inLanguage\":\"et\"},{\"@type\":\"Organization\",\"@id\":\"https:\/\/colibri-jewels.eu\/et\/#organization\",\"name\":\"O\u00dc Colibri\",\"url\":\"https:\/\/colibri-jewels.eu\/et\/\",\"logo\":{\"@type\":\"ImageObject\",\"inLanguage\":\"et\",\"@id\":\"https:\/\/colibri-jewels.eu\/et\/#\/schema\/logo\/image\/\",\"url\":\"https:\/\/dev.colibri-jewels.eu\/wp-content\/uploads\/2021\/03\/colibri.png\",\"contentUrl\":\"https:\/\/dev.colibri-jewels.eu\/wp-content\/uploads\/2021\/03\/colibri.png\",\"width\":227,\"height\":130,\"caption\":\"O\u00dc Colibri\"},\"image\":{\"@id\":\"https:\/\/colibri-jewels.eu\/et\/#\/schema\/logo\/image\/\"},\"sameAs\":[\"https:\/\/www.facebook.com\/colibri.jewels\",\"https:\/\/www.instagram.com\/colibri.jewels\",\"https:\/\/www.tiktok.com\/colibri.jewels\"]}]}<\/script>\n<!-- \/ Yoast SEO Premium plugin. -->","yoast_head_json":{"title":"H\u00f5bedased k\u00f5rvar\u00f5ngad \"Positano\" - Colibri jewels","description":"Osta h\u00f5bedased k\u00f5rvar\u00f5ngad \"Positano\" p\u00e4rlmutri ja kuukiviga. Peened k\u00f5rvar\u00f5ngad \"Itaalia puhkus\" kollektsioonist katalaani lukuga.","robots":{"index":"index","follow":"follow","max-snippet":"max-snippet:-1","max-image-preview":"max-image-preview:large","max-video-preview":"max-video-preview:-1"},"canonical":"https:\/\/colibri-jewels.eu\/et\/toode\/hobedased-korvarongad-firenze-copy-3\/","og_locale":"et_EE","og_type":"article","og_title":"H\u00f5bedased k\u00f5rvar\u00f5ngad \"Positano\"","og_description":"Osta h\u00f5bedased k\u00f5rvar\u00f5ngad \"Positano\" p\u00e4rlmutri ja kuukiviga. Peened k\u00f5rvar\u00f5ngad \"Itaalia puhkus\" kollektsioonist katalaani lukuga.","og_url":"https:\/\/colibri-jewels.eu\/et\/toode\/hobedased-korvarongad-firenze-copy-3\/","og_site_name":"Colibri jewels","article_publisher":"https:\/\/www.facebook.com\/colibri.jewels","article_modified_time":"2025-08-23T14:13:15+00:00","og_image":[{"width":1000,"height":1000,"url":"https:\/\/colibri-jewels.eu\/wp-content\/uploads\/2025\/08\/silver-earrings-with-mother-of-pearl-and-moonstone-\u2014-\u043a\u043e\u043f\u0438\u044f.jpg","type":"image\/jpeg"}],"twitter_card":"summary_large_image","schema":{"@context":"https:\/\/schema.org","@graph":[{"@type":"WebPage","@id":"https:\/\/colibri-jewels.eu\/et\/toode\/hobedased-korvarongad-firenze-copy-3\/","url":"https:\/\/colibri-jewels.eu\/et\/toode\/hobedased-korvarongad-firenze-copy-3\/","name":"H\u00f5bedased k\u00f5rvar\u00f5ngad \"Positano\" - Colibri jewels","isPartOf":{"@id":"https:\/\/colibri-jewels.eu\/et\/#website"},"primaryImageOfPage":{"@id":"https:\/\/colibri-jewels.eu\/et\/toode\/hobedased-korvarongad-firenze-copy-3\/#primaryimage"},"image":{"@id":"https:\/\/colibri-jewels.eu\/et\/toode\/hobedased-korvarongad-firenze-copy-3\/#primaryimage"},"thumbnailUrl":"https:\/\/colibri-jewels.eu\/wp-content\/uploads\/2025\/08\/silver-earrings-with-mother-of-pearl-and-moonstone-\u2014-\u043a\u043e\u043f\u0438\u044f.jpg","datePublished":"2025-08-22T18:59:08+00:00","dateModified":"2025-08-23T14:13:15+00:00","description":"Osta h\u00f5bedased k\u00f5rvar\u00f5ngad \"Positano\" p\u00e4rlmutri ja kuukiviga. Peened k\u00f5rvar\u00f5ngad \"Itaalia puhkus\" kollektsioonist katalaani lukuga.","breadcrumb":{"@id":"https:\/\/colibri-jewels.eu\/et\/toode\/hobedased-korvarongad-firenze-copy-3\/#breadcrumb"},"inLanguage":"et","potentialAction":[{"@type":"ReadAction","target":["https:\/\/colibri-jewels.eu\/et\/toode\/hobedased-korvarongad-firenze-copy-3\/"]}]},{"@type":"ImageObject","inLanguage":"et","@id":"https:\/\/colibri-jewels.eu\/et\/toode\/hobedased-korvarongad-firenze-copy-3\/#primaryimage","url":"https:\/\/colibri-jewels.eu\/wp-content\/uploads\/2025\/08\/silver-earrings-with-mother-of-pearl-and-moonstone-\u2014-\u043a\u043e\u043f\u0438\u044f.jpg","contentUrl":"https:\/\/colibri-jewels.eu\/wp-content\/uploads\/2025\/08\/silver-earrings-with-mother-of-pearl-and-moonstone-\u2014-\u043a\u043e\u043f\u0438\u044f.jpg","width":1000,"height":1000},{"@type":"BreadcrumbList","@id":"https:\/\/colibri-jewels.eu\/et\/toode\/hobedased-korvarongad-firenze-copy-3\/#breadcrumb","itemListElement":[{"@type":"ListItem","position":1,"name":"\u0413\u043b\u0430\u0432\u043d\u0430\u044f \u0441\u0442\u0440\u0430\u043d\u0438\u0446\u0430","item":"https:\/\/colibri-jewels.eu\/et\/"},{"@type":"ListItem","position":2,"name":"Pood","item":"https:\/\/colibri-jewels.eu\/et\/pood\/"},{"@type":"ListItem","position":3,"name":"H\u00f5bedased k\u00f5rvar\u00f5ngad &#8220;Positano&#8221;"}]},{"@type":"WebSite","@id":"https:\/\/colibri-jewels.eu\/et\/#website","url":"https:\/\/colibri-jewels.eu\/et\/","name":"Colibri jewels","description":"jewelry shop","publisher":{"@id":"https:\/\/colibri-jewels.eu\/et\/#organization"},"potentialAction":[{"@type":"SearchAction","target":{"@type":"EntryPoint","urlTemplate":"https:\/\/colibri-jewels.eu\/et\/?s={search_term_string}"},"query-input":{"@type":"PropertyValueSpecification","valueRequired":true,"valueName":"search_term_string"}}],"inLanguage":"et"},{"@type":"Organization","@id":"https:\/\/colibri-jewels.eu\/et\/#organization","name":"O\u00dc Colibri","url":"https:\/\/colibri-jewels.eu\/et\/","logo":{"@type":"ImageObject","inLanguage":"et","@id":"https:\/\/colibri-jewels.eu\/et\/#\/schema\/logo\/image\/","url":"https:\/\/dev.colibri-jewels.eu\/wp-content\/uploads\/2021\/03\/colibri.png","contentUrl":"https:\/\/dev.colibri-jewels.eu\/wp-content\/uploads\/2021\/03\/colibri.png","width":227,"height":130,"caption":"O\u00dc Colibri"},"image":{"@id":"https:\/\/colibri-jewels.eu\/et\/#\/schema\/logo\/image\/"},"sameAs":["https:\/\/www.facebook.com\/colibri.jewels","https:\/\/www.instagram.com\/colibri.jewels","https:\/\/www.tiktok.com\/colibri.jewels"]}]}},"_links":{"self":[{"href":"https:\/\/colibri-jewels.eu\/et\/wp-json\/wp\/v2\/product\/55909","targetHints":{"allow":["GET"]}}],"collection":[{"href":"https:\/\/colibri-jewels.eu\/et\/wp-json\/wp\/v2\/product"}],"about":[{"href":"https:\/\/colibri-jewels.eu\/et\/wp-json\/wp\/v2\/types\/product"}],"replies":[{"embeddable":true,"href":"https:\/\/colibri-jewels.eu\/et\/wp-json\/wp\/v2\/comments?post=55909"}],"version-history":[{"count":0,"href":"https:\/\/colibri-jewels.eu\/et\/wp-json\/wp\/v2\/product\/55909\/revisions"}],"wp:featuredmedia":[{"embeddable":true,"href":"https:\/\/colibri-jewels.eu\/et\/wp-json\/wp\/v2\/media\/55715"}],"wp:attachment":[{"href":"https:\/\/colibri-jewels.eu\/et\/wp-json\/wp\/v2\/media?parent=55909"}],"wp:term":[{"taxonomy":"brand","embeddable":true,"href":"https:\/\/colibri-jewels.eu\/et\/wp-json\/wp\/v2\/etheme_brands?post=55909"},{"taxonomy":"product_brand","embeddable":true,"href":"https:\/\/colibri-jewels.eu\/et\/wp-json\/wp\/v2\/product_brand?post=55909"},{"taxonomy":"product_cat","embeddable":true,"href":"https:\/\/colibri-jewels.eu\/et\/wp-json\/wp\/v2\/product_cat?post=55909"},{"taxonomy":"product_tag","embeddable":true,"href":"https:\/\/colibri-jewels.eu\/et\/wp-json\/wp\/v2\/product_tag?post=55909"}],"curies":[{"name":"wp","href":"https:\/\/api.w.org\/{rel}","templated":true}]}}