{"id":56072,"date":"2026-01-25T17:30:20","date_gmt":"2026-01-25T15:30:20","guid":{"rendered":"https:\/\/colibri-jewels.eu\/?post_type=product&#038;p=56072"},"modified":"2025-10-02T23:15:23","modified_gmt":"2025-10-02T20:15:23","slug":"valgest-kullast-sormus-polsterdatud-laboridiamandiga-michelle-copy","status":"publish","type":"product","link":"https:\/\/colibri-jewels.eu\/et\/toode\/valgest-kullast-sormus-polsterdatud-laboridiamandiga-michelle-copy\/","title":{"rendered":"Kuldne s\u00f5rmus cuschon-l\u00f5ikega kollase lab teemantiga &#8220;Michelle&#8221;"},"content":{"rendered":"<p>Kollasest kullast s\u00f5rmus 1.04-karaadise cuschon-l\u00f5ikega kollase laboriteemantiga \u2013 elegantsi ja s\u00e4\u00e4stva luksuse segu. Laboriteemandid pakuvad sama s\u00e4ra, puhtust ja vastupidavust nagu kaevandatud kivid, olles loodud keskkonnahoidlikult. Cuschon-l\u00f5ige oma pehmete, \u00fcmarate servade ja \u00f5rna s\u00e4raga lisab kivile erilise s\u00fcgavuse ja romantilise v\u00f5lu. S\u00e4rav ja samal ajal \u00f5rn kollane v\u00e4rv toob sinu igap\u00e4evaellu p\u00e4ikesepaistet. See peen disain r\u00f5hutab sinu unikaalsust ja rafineeritust.    <\/p>\n<p>Klassikaline stiil ja see karaadikaalu valiti selle j\u00e4rgi, et see s\u00f5rmus n\u00e4eks t\u00f5eliselt luksuslik v\u00e4lja, kuid j\u00e4\u00e4ks siiski mugavaks igap\u00e4evaseks kandmiseks.<\/p>\n<p>Teemant: 1.04 ct., Fancy Vivid Yellow\/VVS2, Rahvusvahelise Gemmoloogiainstituudi (IGI) sertifikaadiga ja lasergraveeringuga selle numbriga v\u00f6\u00f6l.<\/p>\n<p>S\u00f5rmuse suurus on 17,5, tellida saab ka teist suurust, kuldset v\u00e4rvi v\u00f5i kasv\u00f5i plaatina!<\/p>\n","protected":false},"excerpt":{"rendered":"<p>Kollasest kullast s\u00f5rmus 1.04-karaadise cuschon-l\u00f5ikega kollase laboriteemantiga \u2013 elegantsi ja s\u00e4\u00e4stva luksuse segu. Laboriteemandid pakuvad sama s\u00e4ra, puhtust ja vastupidavust nagu kaevandatud kivid, olles loodud&#8230;<\/p>\n","protected":false},"featured_media":62250,"comment_status":"open","ping_status":"closed","template":"","meta":[],"etheme_brands":[],"product_brand":[],"product_cat":[471],"product_tag":[476,474,1255,508],"class_list":{"0":"post-56072","1":"product","2":"type-product","3":"status-publish","4":"has-post-thumbnail","6":"product_cat-sormused","7":"product_tag-eksklusiivsed-ehted","8":"product_tag-kihlasormused","9":"product_tag-lab-teemantid","10":"product_tag-solitaar","12":"first","13":"instock","14":"shipping-taxable","15":"purchasable","16":"product-type-simple"},"acf":[],"yoast_head":"<!-- This site is optimized with the Yoast SEO Premium plugin v26.5 (Yoast SEO v26.8) - https:\/\/yoast.com\/product\/yoast-seo-premium-wordpress\/ -->\n<title>Kuldne s\u00f5rmus cuschon-l\u00f5ikega kollase lab teemantiga &quot;Michelle&quot; - Colibri jewels<\/title>\n<meta name=\"robots\" content=\"index, follow, max-snippet:-1, max-image-preview:large, max-video-preview:-1\" \/>\n<link rel=\"canonical\" href=\"https:\/\/colibri-jewels.eu\/et\/toode\/valgest-kullast-sormus-polsterdatud-laboridiamandiga-michelle-copy\/\" \/>\n<meta property=\"og:locale\" content=\"et_EE\" \/>\n<meta property=\"og:type\" content=\"article\" \/>\n<meta property=\"og:title\" content=\"Kuldne s\u00f5rmus cuschon-l\u00f5ikega kollase lab teemantiga &quot;Michelle&quot;\" \/>\n<meta property=\"og:description\" content=\"Kollasest kullast s\u00f5rmus 1.04-karaadise cuschon-l\u00f5ikega kollase laboriteemantiga \u2013 elegantsi ja s\u00e4\u00e4stva luksuse segu. Laboriteemandid pakuvad sama s\u00e4ra, puhtust ja vastupidavust nagu kaevandatud kivid, olles loodud...\" \/>\n<meta property=\"og:url\" content=\"https:\/\/colibri-jewels.eu\/et\/toode\/valgest-kullast-sormus-polsterdatud-laboridiamandiga-michelle-copy\/\" \/>\n<meta property=\"og:site_name\" content=\"Colibri jewels\" \/>\n<meta property=\"article:publisher\" content=\"https:\/\/www.facebook.com\/colibri.jewels\" \/>\n<meta property=\"og:image\" content=\"https:\/\/colibri-jewels.eu\/wp-content\/uploads\/2025\/08\/golden-engagement-ring-with-yellow-lab-diamond-cushion-E-00846.jpg\" \/>\n\t<meta property=\"og:image:width\" content=\"1000\" \/>\n\t<meta property=\"og:image:height\" content=\"1000\" \/>\n\t<meta property=\"og:image:type\" content=\"image\/jpeg\" \/>\n<meta name=\"twitter:card\" content=\"summary_large_image\" \/>\n<meta name=\"twitter:label1\" content=\"Est. reading time\" \/>\n\t<meta name=\"twitter:data1\" content=\"1 minut\" \/>\n<script type=\"application\/ld+json\" class=\"yoast-schema-graph\">{\"@context\":\"https:\/\/schema.org\",\"@graph\":[{\"@type\":\"WebPage\",\"@id\":\"https:\/\/colibri-jewels.eu\/et\/toode\/valgest-kullast-sormus-polsterdatud-laboridiamandiga-michelle-copy\/\",\"url\":\"https:\/\/colibri-jewels.eu\/et\/toode\/valgest-kullast-sormus-polsterdatud-laboridiamandiga-michelle-copy\/\",\"name\":\"Kuldne s\u00f5rmus cuschon-l\u00f5ikega kollase lab teemantiga \\\"Michelle\\\" - Colibri jewels\",\"isPartOf\":{\"@id\":\"https:\/\/colibri-jewels.eu\/et\/#website\"},\"primaryImageOfPage\":{\"@id\":\"https:\/\/colibri-jewels.eu\/et\/toode\/valgest-kullast-sormus-polsterdatud-laboridiamandiga-michelle-copy\/#primaryimage\"},\"image\":{\"@id\":\"https:\/\/colibri-jewels.eu\/et\/toode\/valgest-kullast-sormus-polsterdatud-laboridiamandiga-michelle-copy\/#primaryimage\"},\"thumbnailUrl\":\"https:\/\/colibri-jewels.eu\/wp-content\/uploads\/2025\/12\/laconic-golden-ring-with-yellow-lab-diamond-cushion-cut-Michelle_.jpg\",\"datePublished\":\"2026-01-25T15:30:20+00:00\",\"breadcrumb\":{\"@id\":\"https:\/\/colibri-jewels.eu\/et\/toode\/valgest-kullast-sormus-polsterdatud-laboridiamandiga-michelle-copy\/#breadcrumb\"},\"inLanguage\":\"et\",\"potentialAction\":[{\"@type\":\"ReadAction\",\"target\":[\"https:\/\/colibri-jewels.eu\/et\/toode\/valgest-kullast-sormus-polsterdatud-laboridiamandiga-michelle-copy\/\"]}]},{\"@type\":\"ImageObject\",\"inLanguage\":\"et\",\"@id\":\"https:\/\/colibri-jewels.eu\/et\/toode\/valgest-kullast-sormus-polsterdatud-laboridiamandiga-michelle-copy\/#primaryimage\",\"url\":\"https:\/\/colibri-jewels.eu\/wp-content\/uploads\/2025\/12\/laconic-golden-ring-with-yellow-lab-diamond-cushion-cut-Michelle_.jpg\",\"contentUrl\":\"https:\/\/colibri-jewels.eu\/wp-content\/uploads\/2025\/12\/laconic-golden-ring-with-yellow-lab-diamond-cushion-cut-Michelle_.jpg\",\"width\":1000,\"height\":1000},{\"@type\":\"BreadcrumbList\",\"@id\":\"https:\/\/colibri-jewels.eu\/et\/toode\/valgest-kullast-sormus-polsterdatud-laboridiamandiga-michelle-copy\/#breadcrumb\",\"itemListElement\":[{\"@type\":\"ListItem\",\"position\":1,\"name\":\"\u0413\u043b\u0430\u0432\u043d\u0430\u044f \u0441\u0442\u0440\u0430\u043d\u0438\u0446\u0430\",\"item\":\"https:\/\/colibri-jewels.eu\/et\/\"},{\"@type\":\"ListItem\",\"position\":2,\"name\":\"Pood\",\"item\":\"https:\/\/colibri-jewels.eu\/et\/pood\/\"},{\"@type\":\"ListItem\",\"position\":3,\"name\":\"Kuldne s\u00f5rmus cuschon-l\u00f5ikega kollase lab teemantiga &#8220;Michelle&#8221;\"}]},{\"@type\":\"WebSite\",\"@id\":\"https:\/\/colibri-jewels.eu\/et\/#website\",\"url\":\"https:\/\/colibri-jewels.eu\/et\/\",\"name\":\"Colibri jewels\",\"description\":\"jewelry shop\",\"publisher\":{\"@id\":\"https:\/\/colibri-jewels.eu\/et\/#organization\"},\"potentialAction\":[{\"@type\":\"SearchAction\",\"target\":{\"@type\":\"EntryPoint\",\"urlTemplate\":\"https:\/\/colibri-jewels.eu\/et\/?s={search_term_string}\"},\"query-input\":{\"@type\":\"PropertyValueSpecification\",\"valueRequired\":true,\"valueName\":\"search_term_string\"}}],\"inLanguage\":\"et\"},{\"@type\":\"Organization\",\"@id\":\"https:\/\/colibri-jewels.eu\/et\/#organization\",\"name\":\"O\u00dc Colibri\",\"url\":\"https:\/\/colibri-jewels.eu\/et\/\",\"logo\":{\"@type\":\"ImageObject\",\"inLanguage\":\"et\",\"@id\":\"https:\/\/colibri-jewels.eu\/et\/#\/schema\/logo\/image\/\",\"url\":\"https:\/\/dev.colibri-jewels.eu\/wp-content\/uploads\/2021\/03\/colibri.png\",\"contentUrl\":\"https:\/\/dev.colibri-jewels.eu\/wp-content\/uploads\/2021\/03\/colibri.png\",\"width\":227,\"height\":130,\"caption\":\"O\u00dc Colibri\"},\"image\":{\"@id\":\"https:\/\/colibri-jewels.eu\/et\/#\/schema\/logo\/image\/\"},\"sameAs\":[\"https:\/\/www.facebook.com\/colibri.jewels\",\"https:\/\/www.instagram.com\/colibri.jewels\",\"https:\/\/www.tiktok.com\/colibri.jewels\"]}]}<\/script>\n<!-- \/ Yoast SEO Premium plugin. -->","yoast_head_json":{"title":"Kuldne s\u00f5rmus cuschon-l\u00f5ikega kollase lab teemantiga \"Michelle\" - Colibri jewels","robots":{"index":"index","follow":"follow","max-snippet":"max-snippet:-1","max-image-preview":"max-image-preview:large","max-video-preview":"max-video-preview:-1"},"canonical":"https:\/\/colibri-jewels.eu\/et\/toode\/valgest-kullast-sormus-polsterdatud-laboridiamandiga-michelle-copy\/","og_locale":"et_EE","og_type":"article","og_title":"Kuldne s\u00f5rmus cuschon-l\u00f5ikega kollase lab teemantiga \"Michelle\"","og_description":"Kollasest kullast s\u00f5rmus 1.04-karaadise cuschon-l\u00f5ikega kollase laboriteemantiga \u2013 elegantsi ja s\u00e4\u00e4stva luksuse segu. Laboriteemandid pakuvad sama s\u00e4ra, puhtust ja vastupidavust nagu kaevandatud kivid, olles loodud...","og_url":"https:\/\/colibri-jewels.eu\/et\/toode\/valgest-kullast-sormus-polsterdatud-laboridiamandiga-michelle-copy\/","og_site_name":"Colibri jewels","article_publisher":"https:\/\/www.facebook.com\/colibri.jewels","og_image":[{"width":1000,"height":1000,"url":"https:\/\/colibri-jewels.eu\/wp-content\/uploads\/2025\/08\/golden-engagement-ring-with-yellow-lab-diamond-cushion-E-00846.jpg","type":"image\/jpeg"}],"twitter_card":"summary_large_image","twitter_misc":{"Est. reading time":"1 minut"},"schema":{"@context":"https:\/\/schema.org","@graph":[{"@type":"WebPage","@id":"https:\/\/colibri-jewels.eu\/et\/toode\/valgest-kullast-sormus-polsterdatud-laboridiamandiga-michelle-copy\/","url":"https:\/\/colibri-jewels.eu\/et\/toode\/valgest-kullast-sormus-polsterdatud-laboridiamandiga-michelle-copy\/","name":"Kuldne s\u00f5rmus cuschon-l\u00f5ikega kollase lab teemantiga \"Michelle\" - Colibri jewels","isPartOf":{"@id":"https:\/\/colibri-jewels.eu\/et\/#website"},"primaryImageOfPage":{"@id":"https:\/\/colibri-jewels.eu\/et\/toode\/valgest-kullast-sormus-polsterdatud-laboridiamandiga-michelle-copy\/#primaryimage"},"image":{"@id":"https:\/\/colibri-jewels.eu\/et\/toode\/valgest-kullast-sormus-polsterdatud-laboridiamandiga-michelle-copy\/#primaryimage"},"thumbnailUrl":"https:\/\/colibri-jewels.eu\/wp-content\/uploads\/2025\/12\/laconic-golden-ring-with-yellow-lab-diamond-cushion-cut-Michelle_.jpg","datePublished":"2026-01-25T15:30:20+00:00","breadcrumb":{"@id":"https:\/\/colibri-jewels.eu\/et\/toode\/valgest-kullast-sormus-polsterdatud-laboridiamandiga-michelle-copy\/#breadcrumb"},"inLanguage":"et","potentialAction":[{"@type":"ReadAction","target":["https:\/\/colibri-jewels.eu\/et\/toode\/valgest-kullast-sormus-polsterdatud-laboridiamandiga-michelle-copy\/"]}]},{"@type":"ImageObject","inLanguage":"et","@id":"https:\/\/colibri-jewels.eu\/et\/toode\/valgest-kullast-sormus-polsterdatud-laboridiamandiga-michelle-copy\/#primaryimage","url":"https:\/\/colibri-jewels.eu\/wp-content\/uploads\/2025\/12\/laconic-golden-ring-with-yellow-lab-diamond-cushion-cut-Michelle_.jpg","contentUrl":"https:\/\/colibri-jewels.eu\/wp-content\/uploads\/2025\/12\/laconic-golden-ring-with-yellow-lab-diamond-cushion-cut-Michelle_.jpg","width":1000,"height":1000},{"@type":"BreadcrumbList","@id":"https:\/\/colibri-jewels.eu\/et\/toode\/valgest-kullast-sormus-polsterdatud-laboridiamandiga-michelle-copy\/#breadcrumb","itemListElement":[{"@type":"ListItem","position":1,"name":"\u0413\u043b\u0430\u0432\u043d\u0430\u044f \u0441\u0442\u0440\u0430\u043d\u0438\u0446\u0430","item":"https:\/\/colibri-jewels.eu\/et\/"},{"@type":"ListItem","position":2,"name":"Pood","item":"https:\/\/colibri-jewels.eu\/et\/pood\/"},{"@type":"ListItem","position":3,"name":"Kuldne s\u00f5rmus cuschon-l\u00f5ikega kollase lab teemantiga &#8220;Michelle&#8221;"}]},{"@type":"WebSite","@id":"https:\/\/colibri-jewels.eu\/et\/#website","url":"https:\/\/colibri-jewels.eu\/et\/","name":"Colibri jewels","description":"jewelry shop","publisher":{"@id":"https:\/\/colibri-jewels.eu\/et\/#organization"},"potentialAction":[{"@type":"SearchAction","target":{"@type":"EntryPoint","urlTemplate":"https:\/\/colibri-jewels.eu\/et\/?s={search_term_string}"},"query-input":{"@type":"PropertyValueSpecification","valueRequired":true,"valueName":"search_term_string"}}],"inLanguage":"et"},{"@type":"Organization","@id":"https:\/\/colibri-jewels.eu\/et\/#organization","name":"O\u00dc Colibri","url":"https:\/\/colibri-jewels.eu\/et\/","logo":{"@type":"ImageObject","inLanguage":"et","@id":"https:\/\/colibri-jewels.eu\/et\/#\/schema\/logo\/image\/","url":"https:\/\/dev.colibri-jewels.eu\/wp-content\/uploads\/2021\/03\/colibri.png","contentUrl":"https:\/\/dev.colibri-jewels.eu\/wp-content\/uploads\/2021\/03\/colibri.png","width":227,"height":130,"caption":"O\u00dc Colibri"},"image":{"@id":"https:\/\/colibri-jewels.eu\/et\/#\/schema\/logo\/image\/"},"sameAs":["https:\/\/www.facebook.com\/colibri.jewels","https:\/\/www.instagram.com\/colibri.jewels","https:\/\/www.tiktok.com\/colibri.jewels"]}]}},"_links":{"self":[{"href":"https:\/\/colibri-jewels.eu\/et\/wp-json\/wp\/v2\/product\/56072","targetHints":{"allow":["GET"]}}],"collection":[{"href":"https:\/\/colibri-jewels.eu\/et\/wp-json\/wp\/v2\/product"}],"about":[{"href":"https:\/\/colibri-jewels.eu\/et\/wp-json\/wp\/v2\/types\/product"}],"replies":[{"embeddable":true,"href":"https:\/\/colibri-jewels.eu\/et\/wp-json\/wp\/v2\/comments?post=56072"}],"version-history":[{"count":1,"href":"https:\/\/colibri-jewels.eu\/et\/wp-json\/wp\/v2\/product\/56072\/revisions"}],"predecessor-version":[{"id":57272,"href":"https:\/\/colibri-jewels.eu\/et\/wp-json\/wp\/v2\/product\/56072\/revisions\/57272"}],"wp:featuredmedia":[{"embeddable":true,"href":"https:\/\/colibri-jewels.eu\/et\/wp-json\/wp\/v2\/media\/62250"}],"wp:attachment":[{"href":"https:\/\/colibri-jewels.eu\/et\/wp-json\/wp\/v2\/media?parent=56072"}],"wp:term":[{"taxonomy":"brand","embeddable":true,"href":"https:\/\/colibri-jewels.eu\/et\/wp-json\/wp\/v2\/etheme_brands?post=56072"},{"taxonomy":"product_brand","embeddable":true,"href":"https:\/\/colibri-jewels.eu\/et\/wp-json\/wp\/v2\/product_brand?post=56072"},{"taxonomy":"product_cat","embeddable":true,"href":"https:\/\/colibri-jewels.eu\/et\/wp-json\/wp\/v2\/product_cat?post=56072"},{"taxonomy":"product_tag","embeddable":true,"href":"https:\/\/colibri-jewels.eu\/et\/wp-json\/wp\/v2\/product_tag?post=56072"}],"curies":[{"name":"wp","href":"https:\/\/api.w.org\/{rel}","templated":true}]}}