{"id":56108,"date":"2025-09-18T21:33:02","date_gmt":"2025-09-18T18:33:02","guid":{"rendered":"https:\/\/colibri-jewels.eu\/?post_type=product&#038;p=56108"},"modified":"2025-09-18T21:39:38","modified_gmt":"2025-09-18T18:39:38","slug":"valge-kuld-lab-teemantiga-korvarongad-papillon-grande","status":"publish","type":"product","link":"https:\/\/colibri-jewels.eu\/et\/toode\/valge-kuld-lab-teemantiga-korvarongad-papillon-grande\/","title":{"rendered":"Valge kuld Lab teemantiga k\u00f5rvar\u00f5ngad &#8220;Papillon Grande&#8221;"},"content":{"rendered":"<p>Need Papillon Grande k\u00f5rvar\u00f5ngad on peenuse ja kerguse kehastus. Liblikakujulised, s\u00e4delevad need t\u00e4nu neljale suurele lab teemantile. 585 valge kulla raam r\u00f5hutab kivide k\u00fclma s\u00e4ra ning mugavad ja turvalised keeratavad kinnitused tagavad mugavuse ja turvalisuse kandmisel. Papillon Grande on ideaalne valik neile, kes otsivad s\u00e4ravat, kuid samas elegantset ehet, mis on silmapaistev detail nii igap\u00e4evaseks kui ka \u00f5htuseks riietuseks.   <\/p>\n<p>K\u00f5rvar\u00f5ngad on 10 mm laiad.<\/p>\n","protected":false},"excerpt":{"rendered":"<p>Valge kullast liblikak\u00f5rvar\u00f5ngad lab-teemantidega.<\/p>\n<ul>\n<li><b>Toote t\u00fc\u00fcp:<\/b> N\u00f6\u00f6pk\u00f5rvar\u00f5ngad<\/li>\n<li><b>Metall:<\/b> Kuld<\/li>\n<li><b>Proov:<\/b> 585<\/li>\n<li><b>Metalli v\u00e4rv:<\/b> Valge<\/li>\n<li><b>Toote kaal:<\/b> 2,38 g<\/li>\n<li><b>Kivi:<\/b> Lab teemant\n<ul>\n<li><b>Kogus:<\/b> 8 pcs<\/li>\n<li><b>Lihv<\/b>: Markiis, pirn<\/li>\n<li><b>Kogukaal:<\/b> 1,50 ct<\/li>\n<\/ul>\n<\/li>\n<li><b>Kinnituse t\u00fc\u00fcp:<\/b> Keeratav<\/li>\n<\/ul>\n","protected":false},"featured_media":57143,"comment_status":"open","ping_status":"closed","template":"","meta":[],"etheme_brands":[],"product_brand":[],"product_cat":[469],"product_tag":[476,472,1255,499],"class_list":{"0":"post-56108","1":"product","2":"type-product","3":"status-publish","4":"has-post-thumbnail","6":"product_cat-korvarongad","7":"product_tag-eksklusiivsed-ehted","8":"product_tag-klassika","9":"product_tag-lab-teemantid","10":"product_tag-romantiline","12":"first","13":"instock","14":"shipping-taxable","15":"purchasable","16":"product-type-simple"},"acf":[],"yoast_head":"<!-- This site is optimized with the Yoast SEO Premium plugin v26.5 (Yoast SEO v26.8) - https:\/\/yoast.com\/product\/yoast-seo-premium-wordpress\/ -->\n<title>Valge kuld Lab teemantiga k\u00f5rvar\u00f5ngad &quot;Papillon Grande&quot; - Colibri jewels<\/title>\n<meta name=\"description\" content=\"Osta elegantsed Papillon Grande liblikakujulised k\u00f5rvar\u00f5ngad valgest kullast, lab teemantidega. Ideaalne ehe igaks s\u00fcndmuseks. Kohaletoimetamine \u00fcle Eesti.\" \/>\n<meta name=\"robots\" content=\"index, follow, max-snippet:-1, max-image-preview:large, max-video-preview:-1\" \/>\n<link rel=\"canonical\" href=\"https:\/\/colibri-jewels.eu\/et\/toode\/valge-kuld-lab-teemantiga-korvarongad-papillon-grande\/\" \/>\n<meta property=\"og:locale\" content=\"et_EE\" \/>\n<meta property=\"og:type\" content=\"article\" \/>\n<meta property=\"og:title\" content=\"Valge kuld Lab teemantiga k\u00f5rvar\u00f5ngad &quot;Papillon Grande&quot;\" \/>\n<meta property=\"og:description\" content=\"Osta elegantsed Papillon Grande liblikakujulised k\u00f5rvar\u00f5ngad valgest kullast, lab teemantidega. Ideaalne ehe igaks s\u00fcndmuseks. Kohaletoimetamine \u00fcle Eesti.\" \/>\n<meta property=\"og:url\" content=\"https:\/\/colibri-jewels.eu\/et\/toode\/valge-kuld-lab-teemantiga-korvarongad-papillon-grande\/\" \/>\n<meta property=\"og:site_name\" content=\"Colibri jewels\" \/>\n<meta property=\"article:publisher\" content=\"https:\/\/www.facebook.com\/colibri.jewels\" \/>\n<meta property=\"article:modified_time\" content=\"2025-09-18T18:39:38+00:00\" \/>\n<meta property=\"og:image\" content=\"https:\/\/colibri-jewels.eu\/wp-content\/uploads\/2025\/09\/white-gold-lab-diamond-butterfly-earrings.jpg\" \/>\n\t<meta property=\"og:image:width\" content=\"1000\" \/>\n\t<meta property=\"og:image:height\" content=\"1000\" \/>\n\t<meta property=\"og:image:type\" content=\"image\/jpeg\" \/>\n<meta name=\"twitter:card\" content=\"summary_large_image\" \/>\n<script type=\"application\/ld+json\" class=\"yoast-schema-graph\">{\"@context\":\"https:\/\/schema.org\",\"@graph\":[{\"@type\":\"WebPage\",\"@id\":\"https:\/\/colibri-jewels.eu\/et\/toode\/valge-kuld-lab-teemantiga-korvarongad-papillon-grande\/\",\"url\":\"https:\/\/colibri-jewels.eu\/et\/toode\/valge-kuld-lab-teemantiga-korvarongad-papillon-grande\/\",\"name\":\"Valge kuld Lab teemantiga k\u00f5rvar\u00f5ngad \\\"Papillon Grande\\\" - Colibri jewels\",\"isPartOf\":{\"@id\":\"https:\/\/colibri-jewels.eu\/et\/#website\"},\"primaryImageOfPage\":{\"@id\":\"https:\/\/colibri-jewels.eu\/et\/toode\/valge-kuld-lab-teemantiga-korvarongad-papillon-grande\/#primaryimage\"},\"image\":{\"@id\":\"https:\/\/colibri-jewels.eu\/et\/toode\/valge-kuld-lab-teemantiga-korvarongad-papillon-grande\/#primaryimage\"},\"thumbnailUrl\":\"https:\/\/colibri-jewels.eu\/wp-content\/uploads\/2025\/09\/white-gold-lab-diamond-butterfly-earrings.jpg\",\"datePublished\":\"2025-09-18T18:33:02+00:00\",\"dateModified\":\"2025-09-18T18:39:38+00:00\",\"description\":\"Osta elegantsed Papillon Grande liblikakujulised k\u00f5rvar\u00f5ngad valgest kullast, lab teemantidega. Ideaalne ehe igaks s\u00fcndmuseks. Kohaletoimetamine \u00fcle Eesti.\",\"breadcrumb\":{\"@id\":\"https:\/\/colibri-jewels.eu\/et\/toode\/valge-kuld-lab-teemantiga-korvarongad-papillon-grande\/#breadcrumb\"},\"inLanguage\":\"et\",\"potentialAction\":[{\"@type\":\"ReadAction\",\"target\":[\"https:\/\/colibri-jewels.eu\/et\/toode\/valge-kuld-lab-teemantiga-korvarongad-papillon-grande\/\"]}]},{\"@type\":\"ImageObject\",\"inLanguage\":\"et\",\"@id\":\"https:\/\/colibri-jewels.eu\/et\/toode\/valge-kuld-lab-teemantiga-korvarongad-papillon-grande\/#primaryimage\",\"url\":\"https:\/\/colibri-jewels.eu\/wp-content\/uploads\/2025\/09\/white-gold-lab-diamond-butterfly-earrings.jpg\",\"contentUrl\":\"https:\/\/colibri-jewels.eu\/wp-content\/uploads\/2025\/09\/white-gold-lab-diamond-butterfly-earrings.jpg\",\"width\":1000,\"height\":1000},{\"@type\":\"BreadcrumbList\",\"@id\":\"https:\/\/colibri-jewels.eu\/et\/toode\/valge-kuld-lab-teemantiga-korvarongad-papillon-grande\/#breadcrumb\",\"itemListElement\":[{\"@type\":\"ListItem\",\"position\":1,\"name\":\"\u0413\u043b\u0430\u0432\u043d\u0430\u044f \u0441\u0442\u0440\u0430\u043d\u0438\u0446\u0430\",\"item\":\"https:\/\/colibri-jewels.eu\/et\/\"},{\"@type\":\"ListItem\",\"position\":2,\"name\":\"Pood\",\"item\":\"https:\/\/colibri-jewels.eu\/et\/pood\/\"},{\"@type\":\"ListItem\",\"position\":3,\"name\":\"Valge kuld Lab teemantiga k\u00f5rvar\u00f5ngad &#8220;Papillon Grande&#8221;\"}]},{\"@type\":\"WebSite\",\"@id\":\"https:\/\/colibri-jewels.eu\/et\/#website\",\"url\":\"https:\/\/colibri-jewels.eu\/et\/\",\"name\":\"Colibri jewels\",\"description\":\"jewelry shop\",\"publisher\":{\"@id\":\"https:\/\/colibri-jewels.eu\/et\/#organization\"},\"potentialAction\":[{\"@type\":\"SearchAction\",\"target\":{\"@type\":\"EntryPoint\",\"urlTemplate\":\"https:\/\/colibri-jewels.eu\/et\/?s={search_term_string}\"},\"query-input\":{\"@type\":\"PropertyValueSpecification\",\"valueRequired\":true,\"valueName\":\"search_term_string\"}}],\"inLanguage\":\"et\"},{\"@type\":\"Organization\",\"@id\":\"https:\/\/colibri-jewels.eu\/et\/#organization\",\"name\":\"O\u00dc Colibri\",\"url\":\"https:\/\/colibri-jewels.eu\/et\/\",\"logo\":{\"@type\":\"ImageObject\",\"inLanguage\":\"et\",\"@id\":\"https:\/\/colibri-jewels.eu\/et\/#\/schema\/logo\/image\/\",\"url\":\"https:\/\/dev.colibri-jewels.eu\/wp-content\/uploads\/2021\/03\/colibri.png\",\"contentUrl\":\"https:\/\/dev.colibri-jewels.eu\/wp-content\/uploads\/2021\/03\/colibri.png\",\"width\":227,\"height\":130,\"caption\":\"O\u00dc Colibri\"},\"image\":{\"@id\":\"https:\/\/colibri-jewels.eu\/et\/#\/schema\/logo\/image\/\"},\"sameAs\":[\"https:\/\/www.facebook.com\/colibri.jewels\",\"https:\/\/www.instagram.com\/colibri.jewels\",\"https:\/\/www.tiktok.com\/colibri.jewels\"]}]}<\/script>\n<!-- \/ Yoast SEO Premium plugin. -->","yoast_head_json":{"title":"Valge kuld Lab teemantiga k\u00f5rvar\u00f5ngad \"Papillon Grande\" - Colibri jewels","description":"Osta elegantsed Papillon Grande liblikakujulised k\u00f5rvar\u00f5ngad valgest kullast, lab teemantidega. Ideaalne ehe igaks s\u00fcndmuseks. Kohaletoimetamine \u00fcle Eesti.","robots":{"index":"index","follow":"follow","max-snippet":"max-snippet:-1","max-image-preview":"max-image-preview:large","max-video-preview":"max-video-preview:-1"},"canonical":"https:\/\/colibri-jewels.eu\/et\/toode\/valge-kuld-lab-teemantiga-korvarongad-papillon-grande\/","og_locale":"et_EE","og_type":"article","og_title":"Valge kuld Lab teemantiga k\u00f5rvar\u00f5ngad \"Papillon Grande\"","og_description":"Osta elegantsed Papillon Grande liblikakujulised k\u00f5rvar\u00f5ngad valgest kullast, lab teemantidega. Ideaalne ehe igaks s\u00fcndmuseks. Kohaletoimetamine \u00fcle Eesti.","og_url":"https:\/\/colibri-jewels.eu\/et\/toode\/valge-kuld-lab-teemantiga-korvarongad-papillon-grande\/","og_site_name":"Colibri jewels","article_publisher":"https:\/\/www.facebook.com\/colibri.jewels","article_modified_time":"2025-09-18T18:39:38+00:00","og_image":[{"width":1000,"height":1000,"url":"https:\/\/colibri-jewels.eu\/wp-content\/uploads\/2025\/09\/white-gold-lab-diamond-butterfly-earrings.jpg","type":"image\/jpeg"}],"twitter_card":"summary_large_image","schema":{"@context":"https:\/\/schema.org","@graph":[{"@type":"WebPage","@id":"https:\/\/colibri-jewels.eu\/et\/toode\/valge-kuld-lab-teemantiga-korvarongad-papillon-grande\/","url":"https:\/\/colibri-jewels.eu\/et\/toode\/valge-kuld-lab-teemantiga-korvarongad-papillon-grande\/","name":"Valge kuld Lab teemantiga k\u00f5rvar\u00f5ngad \"Papillon Grande\" - Colibri jewels","isPartOf":{"@id":"https:\/\/colibri-jewels.eu\/et\/#website"},"primaryImageOfPage":{"@id":"https:\/\/colibri-jewels.eu\/et\/toode\/valge-kuld-lab-teemantiga-korvarongad-papillon-grande\/#primaryimage"},"image":{"@id":"https:\/\/colibri-jewels.eu\/et\/toode\/valge-kuld-lab-teemantiga-korvarongad-papillon-grande\/#primaryimage"},"thumbnailUrl":"https:\/\/colibri-jewels.eu\/wp-content\/uploads\/2025\/09\/white-gold-lab-diamond-butterfly-earrings.jpg","datePublished":"2025-09-18T18:33:02+00:00","dateModified":"2025-09-18T18:39:38+00:00","description":"Osta elegantsed Papillon Grande liblikakujulised k\u00f5rvar\u00f5ngad valgest kullast, lab teemantidega. Ideaalne ehe igaks s\u00fcndmuseks. Kohaletoimetamine \u00fcle Eesti.","breadcrumb":{"@id":"https:\/\/colibri-jewels.eu\/et\/toode\/valge-kuld-lab-teemantiga-korvarongad-papillon-grande\/#breadcrumb"},"inLanguage":"et","potentialAction":[{"@type":"ReadAction","target":["https:\/\/colibri-jewels.eu\/et\/toode\/valge-kuld-lab-teemantiga-korvarongad-papillon-grande\/"]}]},{"@type":"ImageObject","inLanguage":"et","@id":"https:\/\/colibri-jewels.eu\/et\/toode\/valge-kuld-lab-teemantiga-korvarongad-papillon-grande\/#primaryimage","url":"https:\/\/colibri-jewels.eu\/wp-content\/uploads\/2025\/09\/white-gold-lab-diamond-butterfly-earrings.jpg","contentUrl":"https:\/\/colibri-jewels.eu\/wp-content\/uploads\/2025\/09\/white-gold-lab-diamond-butterfly-earrings.jpg","width":1000,"height":1000},{"@type":"BreadcrumbList","@id":"https:\/\/colibri-jewels.eu\/et\/toode\/valge-kuld-lab-teemantiga-korvarongad-papillon-grande\/#breadcrumb","itemListElement":[{"@type":"ListItem","position":1,"name":"\u0413\u043b\u0430\u0432\u043d\u0430\u044f \u0441\u0442\u0440\u0430\u043d\u0438\u0446\u0430","item":"https:\/\/colibri-jewels.eu\/et\/"},{"@type":"ListItem","position":2,"name":"Pood","item":"https:\/\/colibri-jewels.eu\/et\/pood\/"},{"@type":"ListItem","position":3,"name":"Valge kuld Lab teemantiga k\u00f5rvar\u00f5ngad &#8220;Papillon Grande&#8221;"}]},{"@type":"WebSite","@id":"https:\/\/colibri-jewels.eu\/et\/#website","url":"https:\/\/colibri-jewels.eu\/et\/","name":"Colibri jewels","description":"jewelry shop","publisher":{"@id":"https:\/\/colibri-jewels.eu\/et\/#organization"},"potentialAction":[{"@type":"SearchAction","target":{"@type":"EntryPoint","urlTemplate":"https:\/\/colibri-jewels.eu\/et\/?s={search_term_string}"},"query-input":{"@type":"PropertyValueSpecification","valueRequired":true,"valueName":"search_term_string"}}],"inLanguage":"et"},{"@type":"Organization","@id":"https:\/\/colibri-jewels.eu\/et\/#organization","name":"O\u00dc Colibri","url":"https:\/\/colibri-jewels.eu\/et\/","logo":{"@type":"ImageObject","inLanguage":"et","@id":"https:\/\/colibri-jewels.eu\/et\/#\/schema\/logo\/image\/","url":"https:\/\/dev.colibri-jewels.eu\/wp-content\/uploads\/2021\/03\/colibri.png","contentUrl":"https:\/\/dev.colibri-jewels.eu\/wp-content\/uploads\/2021\/03\/colibri.png","width":227,"height":130,"caption":"O\u00dc Colibri"},"image":{"@id":"https:\/\/colibri-jewels.eu\/et\/#\/schema\/logo\/image\/"},"sameAs":["https:\/\/www.facebook.com\/colibri.jewels","https:\/\/www.instagram.com\/colibri.jewels","https:\/\/www.tiktok.com\/colibri.jewels"]}]}},"_links":{"self":[{"href":"https:\/\/colibri-jewels.eu\/et\/wp-json\/wp\/v2\/product\/56108","targetHints":{"allow":["GET"]}}],"collection":[{"href":"https:\/\/colibri-jewels.eu\/et\/wp-json\/wp\/v2\/product"}],"about":[{"href":"https:\/\/colibri-jewels.eu\/et\/wp-json\/wp\/v2\/types\/product"}],"replies":[{"embeddable":true,"href":"https:\/\/colibri-jewels.eu\/et\/wp-json\/wp\/v2\/comments?post=56108"}],"version-history":[{"count":0,"href":"https:\/\/colibri-jewels.eu\/et\/wp-json\/wp\/v2\/product\/56108\/revisions"}],"wp:featuredmedia":[{"embeddable":true,"href":"https:\/\/colibri-jewels.eu\/et\/wp-json\/wp\/v2\/media\/57143"}],"wp:attachment":[{"href":"https:\/\/colibri-jewels.eu\/et\/wp-json\/wp\/v2\/media?parent=56108"}],"wp:term":[{"taxonomy":"brand","embeddable":true,"href":"https:\/\/colibri-jewels.eu\/et\/wp-json\/wp\/v2\/etheme_brands?post=56108"},{"taxonomy":"product_brand","embeddable":true,"href":"https:\/\/colibri-jewels.eu\/et\/wp-json\/wp\/v2\/product_brand?post=56108"},{"taxonomy":"product_cat","embeddable":true,"href":"https:\/\/colibri-jewels.eu\/et\/wp-json\/wp\/v2\/product_cat?post=56108"},{"taxonomy":"product_tag","embeddable":true,"href":"https:\/\/colibri-jewels.eu\/et\/wp-json\/wp\/v2\/product_tag?post=56108"}],"curies":[{"name":"wp","href":"https:\/\/api.w.org\/{rel}","templated":true}]}}