{"id":56780,"date":"2025-09-18T11:18:04","date_gmt":"2025-09-18T08:18:04","guid":{"rendered":"https:\/\/colibri-jewels.eu\/?post_type=product&#038;p=56780"},"modified":"2025-09-18T11:47:12","modified_gmt":"2025-09-18T08:47:12","slug":"solana-hobedased-kollase-topaasiga-korvarongad-copy","status":"publish","type":"product","link":"https:\/\/colibri-jewels.eu\/et\/toode\/solana-hobedased-kollase-topaasiga-korvarongad-copy\/","title":{"rendered":"&#8220;Solana&#8221; H\u00f5bedased tsitriiniga k\u00f5rvar\u00f5ngad"},"content":{"rendered":"<p><b>Solana k\u00f5rvar\u00f5ngad<\/b> on igavese s\u00e4ra ja minimalistliku elegantsi kehastus. Ehte s\u00fcdameks on eluj\u00f5uline, rikkaliku v\u00e4rviga <b>kollane tsitriin<\/b>, mis on paigaldatud rangelt ja stiilselt bezel-kinnitusse. Need k\u00f5rvar\u00f5ngad on loodud neile, kes hindavad joonte puhtust ja looduse ilu.<\/p>\n<p>Iga <b>Solana<\/b> ehe on ainulaadne. <b>Kinnine raam<\/b> on keeruline juveelit\u00f6\u00f6tehnika, mis n\u00f5uab k\u00f5rgeimat meisterlikkust. Me loome iga raami k\u00e4sitsi, kohandades selle t\u00e4pselt iga \u00fcksiku kivi suuruse ja kuju j\u00e4rgi, sest looduses pole kahte t\u00e4pselt \u00fchesugust v\u00e4\u00e4riskivi. See tagab kivile ideaalse sobivuse ja usaldusv\u00e4\u00e4rse kaitse, muutes teie ehte t\u00f5eliselt eriliseks.<\/p>\n<ul>\n<li><b>Kollektsiooni nimi:<\/b> Solana<\/li>\n<li><b>Toote t\u00fc\u00fcp:<\/b> K\u00f5rvar\u00f5ngad<\/li>\n<li><b>Metall:<\/b> H\u00f5be (roodiumiga katmata)<\/li>\n<li><b>Kivi:<\/b> Looduslik tsitriin<\/li>\n<li><b>Kivi suurus:<\/b> 17&#215;12 mm<\/li>\n<li><b>\u00dcldsuurus:<\/b> 3.5 cm<\/li>\n<li><b>Erip\u00e4ra:<\/b> K\u00e4sit\u00f6\u00f6, unikaalne kinnine kinnitus<\/li>\n<\/ul>\n<p>Tellimuse esitamisel saate valida <b>lisaks roodiumiga katmise<\/b>, et anda ehtele s\u00e4ravam l\u00e4ige ja t\u00e4iendav kaitse tuhmumise eest.<\/p>\n","protected":false},"excerpt":{"rendered":"<p>Solana k\u00f5rvar\u00f5ngad erksa tsitriiniga rangelt bezel-kinnitusse paigutatud. K\u00e4sitsi valmistatud ja minimalistlik disain neile, kes hindavad ajatut klassikat.<\/p>\n","protected":false},"featured_media":56795,"comment_status":"open","ping_status":"closed","template":"","meta":[],"etheme_brands":[],"product_brand":[],"product_cat":[469],"product_tag":[],"class_list":{"0":"post-56780","1":"product","2":"type-product","3":"status-publish","4":"has-post-thumbnail","6":"product_cat-korvarongad","8":"first","9":"instock","10":"shipping-taxable","11":"purchasable","12":"product-type-variable"},"acf":[],"yoast_head":"<!-- This site is optimized with the Yoast SEO Premium plugin v26.5 (Yoast SEO v26.8) - https:\/\/yoast.com\/product\/yoast-seo-premium-wordpress\/ -->\n<title>&quot;Solana&quot; H\u00f5bedased tsitriiniga k\u00f5rvar\u00f5ngad - Colibri jewels<\/title>\n<meta name=\"robots\" content=\"index, follow, max-snippet:-1, max-image-preview:large, max-video-preview:-1\" \/>\n<link rel=\"canonical\" href=\"https:\/\/colibri-jewels.eu\/et\/toode\/solana-hobedased-kollase-topaasiga-korvarongad-copy\/\" \/>\n<meta property=\"og:locale\" content=\"et_EE\" \/>\n<meta property=\"og:type\" content=\"article\" \/>\n<meta property=\"og:title\" content=\"&quot;Solana&quot; H\u00f5bedased tsitriiniga k\u00f5rvar\u00f5ngad\" \/>\n<meta property=\"og:description\" content=\"Solana k\u00f5rvar\u00f5ngad erksa tsitriiniga rangelt bezel-kinnitusse paigutatud. K\u00e4sitsi valmistatud ja minimalistlik disain neile, kes hindavad ajatut klassikat.\" \/>\n<meta property=\"og:url\" content=\"https:\/\/colibri-jewels.eu\/et\/toode\/solana-hobedased-kollase-topaasiga-korvarongad-copy\/\" \/>\n<meta property=\"og:site_name\" content=\"Colibri jewels\" \/>\n<meta property=\"article:publisher\" content=\"https:\/\/www.facebook.com\/colibri.jewels\" \/>\n<meta property=\"article:modified_time\" content=\"2025-09-18T08:47:12+00:00\" \/>\n<meta property=\"og:image\" content=\"https:\/\/colibri-jewels.eu\/wp-content\/uploads\/2025\/09\/PXL_20250915_111047385-\u043a\u043e\u043f\u0438\u044f.jpg\" \/>\n\t<meta property=\"og:image:width\" content=\"1000\" \/>\n\t<meta property=\"og:image:height\" content=\"1000\" \/>\n\t<meta property=\"og:image:type\" content=\"image\/jpeg\" \/>\n<meta name=\"twitter:card\" content=\"summary_large_image\" \/>\n<meta name=\"twitter:label1\" content=\"Est. reading time\" \/>\n\t<meta name=\"twitter:data1\" content=\"1 minut\" \/>\n<script type=\"application\/ld+json\" class=\"yoast-schema-graph\">{\"@context\":\"https:\/\/schema.org\",\"@graph\":[{\"@type\":\"WebPage\",\"@id\":\"https:\/\/colibri-jewels.eu\/et\/toode\/solana-hobedased-kollase-topaasiga-korvarongad-copy\/\",\"url\":\"https:\/\/colibri-jewels.eu\/et\/toode\/solana-hobedased-kollase-topaasiga-korvarongad-copy\/\",\"name\":\"\\\"Solana\\\" H\u00f5bedased tsitriiniga k\u00f5rvar\u00f5ngad - Colibri jewels\",\"isPartOf\":{\"@id\":\"https:\/\/colibri-jewels.eu\/et\/#website\"},\"primaryImageOfPage\":{\"@id\":\"https:\/\/colibri-jewels.eu\/et\/toode\/solana-hobedased-kollase-topaasiga-korvarongad-copy\/#primaryimage\"},\"image\":{\"@id\":\"https:\/\/colibri-jewels.eu\/et\/toode\/solana-hobedased-kollase-topaasiga-korvarongad-copy\/#primaryimage\"},\"thumbnailUrl\":\"https:\/\/colibri-jewels.eu\/wp-content\/uploads\/2025\/09\/PXL_20250915_111047385-\u043a\u043e\u043f\u0438\u044f.jpg\",\"datePublished\":\"2025-09-18T08:18:04+00:00\",\"dateModified\":\"2025-09-18T08:47:12+00:00\",\"breadcrumb\":{\"@id\":\"https:\/\/colibri-jewels.eu\/et\/toode\/solana-hobedased-kollase-topaasiga-korvarongad-copy\/#breadcrumb\"},\"inLanguage\":\"et\",\"potentialAction\":[{\"@type\":\"ReadAction\",\"target\":[\"https:\/\/colibri-jewels.eu\/et\/toode\/solana-hobedased-kollase-topaasiga-korvarongad-copy\/\"]}]},{\"@type\":\"ImageObject\",\"inLanguage\":\"et\",\"@id\":\"https:\/\/colibri-jewels.eu\/et\/toode\/solana-hobedased-kollase-topaasiga-korvarongad-copy\/#primaryimage\",\"url\":\"https:\/\/colibri-jewels.eu\/wp-content\/uploads\/2025\/09\/PXL_20250915_111047385-\u043a\u043e\u043f\u0438\u044f.jpg\",\"contentUrl\":\"https:\/\/colibri-jewels.eu\/wp-content\/uploads\/2025\/09\/PXL_20250915_111047385-\u043a\u043e\u043f\u0438\u044f.jpg\",\"width\":1000,\"height\":1000},{\"@type\":\"BreadcrumbList\",\"@id\":\"https:\/\/colibri-jewels.eu\/et\/toode\/solana-hobedased-kollase-topaasiga-korvarongad-copy\/#breadcrumb\",\"itemListElement\":[{\"@type\":\"ListItem\",\"position\":1,\"name\":\"\u0413\u043b\u0430\u0432\u043d\u0430\u044f \u0441\u0442\u0440\u0430\u043d\u0438\u0446\u0430\",\"item\":\"https:\/\/colibri-jewels.eu\/et\/\"},{\"@type\":\"ListItem\",\"position\":2,\"name\":\"Pood\",\"item\":\"https:\/\/colibri-jewels.eu\/et\/pood\/\"},{\"@type\":\"ListItem\",\"position\":3,\"name\":\"&#8220;Solana&#8221; H\u00f5bedased tsitriiniga k\u00f5rvar\u00f5ngad\"}]},{\"@type\":\"WebSite\",\"@id\":\"https:\/\/colibri-jewels.eu\/et\/#website\",\"url\":\"https:\/\/colibri-jewels.eu\/et\/\",\"name\":\"Colibri jewels\",\"description\":\"jewelry shop\",\"publisher\":{\"@id\":\"https:\/\/colibri-jewels.eu\/et\/#organization\"},\"potentialAction\":[{\"@type\":\"SearchAction\",\"target\":{\"@type\":\"EntryPoint\",\"urlTemplate\":\"https:\/\/colibri-jewels.eu\/et\/?s={search_term_string}\"},\"query-input\":{\"@type\":\"PropertyValueSpecification\",\"valueRequired\":true,\"valueName\":\"search_term_string\"}}],\"inLanguage\":\"et\"},{\"@type\":\"Organization\",\"@id\":\"https:\/\/colibri-jewels.eu\/et\/#organization\",\"name\":\"O\u00dc Colibri\",\"url\":\"https:\/\/colibri-jewels.eu\/et\/\",\"logo\":{\"@type\":\"ImageObject\",\"inLanguage\":\"et\",\"@id\":\"https:\/\/colibri-jewels.eu\/et\/#\/schema\/logo\/image\/\",\"url\":\"https:\/\/dev.colibri-jewels.eu\/wp-content\/uploads\/2021\/03\/colibri.png\",\"contentUrl\":\"https:\/\/dev.colibri-jewels.eu\/wp-content\/uploads\/2021\/03\/colibri.png\",\"width\":227,\"height\":130,\"caption\":\"O\u00dc Colibri\"},\"image\":{\"@id\":\"https:\/\/colibri-jewels.eu\/et\/#\/schema\/logo\/image\/\"},\"sameAs\":[\"https:\/\/www.facebook.com\/colibri.jewels\",\"https:\/\/www.instagram.com\/colibri.jewels\",\"https:\/\/www.tiktok.com\/colibri.jewels\"]}]}<\/script>\n<!-- \/ Yoast SEO Premium plugin. -->","yoast_head_json":{"title":"\"Solana\" H\u00f5bedased tsitriiniga k\u00f5rvar\u00f5ngad - Colibri jewels","robots":{"index":"index","follow":"follow","max-snippet":"max-snippet:-1","max-image-preview":"max-image-preview:large","max-video-preview":"max-video-preview:-1"},"canonical":"https:\/\/colibri-jewels.eu\/et\/toode\/solana-hobedased-kollase-topaasiga-korvarongad-copy\/","og_locale":"et_EE","og_type":"article","og_title":"\"Solana\" H\u00f5bedased tsitriiniga k\u00f5rvar\u00f5ngad","og_description":"Solana k\u00f5rvar\u00f5ngad erksa tsitriiniga rangelt bezel-kinnitusse paigutatud. K\u00e4sitsi valmistatud ja minimalistlik disain neile, kes hindavad ajatut klassikat.","og_url":"https:\/\/colibri-jewels.eu\/et\/toode\/solana-hobedased-kollase-topaasiga-korvarongad-copy\/","og_site_name":"Colibri jewels","article_publisher":"https:\/\/www.facebook.com\/colibri.jewels","article_modified_time":"2025-09-18T08:47:12+00:00","og_image":[{"width":1000,"height":1000,"url":"https:\/\/colibri-jewels.eu\/wp-content\/uploads\/2025\/09\/PXL_20250915_111047385-\u043a\u043e\u043f\u0438\u044f.jpg","type":"image\/jpeg"}],"twitter_card":"summary_large_image","twitter_misc":{"Est. reading time":"1 minut"},"schema":{"@context":"https:\/\/schema.org","@graph":[{"@type":"WebPage","@id":"https:\/\/colibri-jewels.eu\/et\/toode\/solana-hobedased-kollase-topaasiga-korvarongad-copy\/","url":"https:\/\/colibri-jewels.eu\/et\/toode\/solana-hobedased-kollase-topaasiga-korvarongad-copy\/","name":"\"Solana\" H\u00f5bedased tsitriiniga k\u00f5rvar\u00f5ngad - Colibri jewels","isPartOf":{"@id":"https:\/\/colibri-jewels.eu\/et\/#website"},"primaryImageOfPage":{"@id":"https:\/\/colibri-jewels.eu\/et\/toode\/solana-hobedased-kollase-topaasiga-korvarongad-copy\/#primaryimage"},"image":{"@id":"https:\/\/colibri-jewels.eu\/et\/toode\/solana-hobedased-kollase-topaasiga-korvarongad-copy\/#primaryimage"},"thumbnailUrl":"https:\/\/colibri-jewels.eu\/wp-content\/uploads\/2025\/09\/PXL_20250915_111047385-\u043a\u043e\u043f\u0438\u044f.jpg","datePublished":"2025-09-18T08:18:04+00:00","dateModified":"2025-09-18T08:47:12+00:00","breadcrumb":{"@id":"https:\/\/colibri-jewels.eu\/et\/toode\/solana-hobedased-kollase-topaasiga-korvarongad-copy\/#breadcrumb"},"inLanguage":"et","potentialAction":[{"@type":"ReadAction","target":["https:\/\/colibri-jewels.eu\/et\/toode\/solana-hobedased-kollase-topaasiga-korvarongad-copy\/"]}]},{"@type":"ImageObject","inLanguage":"et","@id":"https:\/\/colibri-jewels.eu\/et\/toode\/solana-hobedased-kollase-topaasiga-korvarongad-copy\/#primaryimage","url":"https:\/\/colibri-jewels.eu\/wp-content\/uploads\/2025\/09\/PXL_20250915_111047385-\u043a\u043e\u043f\u0438\u044f.jpg","contentUrl":"https:\/\/colibri-jewels.eu\/wp-content\/uploads\/2025\/09\/PXL_20250915_111047385-\u043a\u043e\u043f\u0438\u044f.jpg","width":1000,"height":1000},{"@type":"BreadcrumbList","@id":"https:\/\/colibri-jewels.eu\/et\/toode\/solana-hobedased-kollase-topaasiga-korvarongad-copy\/#breadcrumb","itemListElement":[{"@type":"ListItem","position":1,"name":"\u0413\u043b\u0430\u0432\u043d\u0430\u044f \u0441\u0442\u0440\u0430\u043d\u0438\u0446\u0430","item":"https:\/\/colibri-jewels.eu\/et\/"},{"@type":"ListItem","position":2,"name":"Pood","item":"https:\/\/colibri-jewels.eu\/et\/pood\/"},{"@type":"ListItem","position":3,"name":"&#8220;Solana&#8221; H\u00f5bedased tsitriiniga k\u00f5rvar\u00f5ngad"}]},{"@type":"WebSite","@id":"https:\/\/colibri-jewels.eu\/et\/#website","url":"https:\/\/colibri-jewels.eu\/et\/","name":"Colibri jewels","description":"jewelry shop","publisher":{"@id":"https:\/\/colibri-jewels.eu\/et\/#organization"},"potentialAction":[{"@type":"SearchAction","target":{"@type":"EntryPoint","urlTemplate":"https:\/\/colibri-jewels.eu\/et\/?s={search_term_string}"},"query-input":{"@type":"PropertyValueSpecification","valueRequired":true,"valueName":"search_term_string"}}],"inLanguage":"et"},{"@type":"Organization","@id":"https:\/\/colibri-jewels.eu\/et\/#organization","name":"O\u00dc Colibri","url":"https:\/\/colibri-jewels.eu\/et\/","logo":{"@type":"ImageObject","inLanguage":"et","@id":"https:\/\/colibri-jewels.eu\/et\/#\/schema\/logo\/image\/","url":"https:\/\/dev.colibri-jewels.eu\/wp-content\/uploads\/2021\/03\/colibri.png","contentUrl":"https:\/\/dev.colibri-jewels.eu\/wp-content\/uploads\/2021\/03\/colibri.png","width":227,"height":130,"caption":"O\u00dc Colibri"},"image":{"@id":"https:\/\/colibri-jewels.eu\/et\/#\/schema\/logo\/image\/"},"sameAs":["https:\/\/www.facebook.com\/colibri.jewels","https:\/\/www.instagram.com\/colibri.jewels","https:\/\/www.tiktok.com\/colibri.jewels"]}]}},"_links":{"self":[{"href":"https:\/\/colibri-jewels.eu\/et\/wp-json\/wp\/v2\/product\/56780","targetHints":{"allow":["GET"]}}],"collection":[{"href":"https:\/\/colibri-jewels.eu\/et\/wp-json\/wp\/v2\/product"}],"about":[{"href":"https:\/\/colibri-jewels.eu\/et\/wp-json\/wp\/v2\/types\/product"}],"replies":[{"embeddable":true,"href":"https:\/\/colibri-jewels.eu\/et\/wp-json\/wp\/v2\/comments?post=56780"}],"version-history":[{"count":0,"href":"https:\/\/colibri-jewels.eu\/et\/wp-json\/wp\/v2\/product\/56780\/revisions"}],"wp:featuredmedia":[{"embeddable":true,"href":"https:\/\/colibri-jewels.eu\/et\/wp-json\/wp\/v2\/media\/56795"}],"wp:attachment":[{"href":"https:\/\/colibri-jewels.eu\/et\/wp-json\/wp\/v2\/media?parent=56780"}],"wp:term":[{"taxonomy":"brand","embeddable":true,"href":"https:\/\/colibri-jewels.eu\/et\/wp-json\/wp\/v2\/etheme_brands?post=56780"},{"taxonomy":"product_brand","embeddable":true,"href":"https:\/\/colibri-jewels.eu\/et\/wp-json\/wp\/v2\/product_brand?post=56780"},{"taxonomy":"product_cat","embeddable":true,"href":"https:\/\/colibri-jewels.eu\/et\/wp-json\/wp\/v2\/product_cat?post=56780"},{"taxonomy":"product_tag","embeddable":true,"href":"https:\/\/colibri-jewels.eu\/et\/wp-json\/wp\/v2\/product_tag?post=56780"}],"curies":[{"name":"wp","href":"https:\/\/api.w.org\/{rel}","templated":true}]}}