{"id":57206,"date":"2025-09-24T11:29:03","date_gmt":"2025-09-24T08:29:03","guid":{"rendered":"https:\/\/colibri-jewels.eu\/?post_type=product&#038;p=57206"},"modified":"2025-09-24T11:54:53","modified_gmt":"2025-09-24T08:54:53","slug":"kuld-korvarongad-kollaste-teemantidega-liora","status":"publish","type":"product","link":"https:\/\/colibri-jewels.eu\/et\/toode\/kuld-korvarongad-kollaste-teemantidega-liora\/","title":{"rendered":"Kuld k\u00f5rvar\u00f5ngad kollaste teemantidega &#8220;Liora&#8221;"},"content":{"rendered":"<p data-start=\"157\" data-end=\"501\">K\u00f5rvar\u00f5ngad<strong data-start=\"161\" data-end=\"170\"> Liora<\/strong> on justkui p\u00e4ikesekiir, mis on p\u00fc\u00fctu v\u00e4\u00e4riskivisse. Keskmeks on kaks s\u00e4ravat kollast padja l\u00f5ikega teemanti Fancy Vivid, puhtus <strong data-start=\"323\" data-end=\"331\">VVS2<\/strong> \u2014 veidi \u00fcle \u00fche karaadi kummaski, kokku <strong data-start=\"387\" data-end=\"398\">2,13 c<\/strong>t. Nende kuldset s\u00e4ra r\u00f5hutavad kollasest kullast kividraamid, justkui p\u00e4ike oleks leidnud oma kodu.<\/p>\n<p data-start=\"503\" data-end=\"773\">K\u00f5rvar\u00f5ngaste p\u00f5hiosa on valmistatud valgest kullast ning kaunistatud briljantl\u00f5ikeliste teemantidega: elegantsed pirnil\u00f5ikega kivid kogumassiga <strong data-start=\"628\" data-end=\"639\">0,24 ct<\/strong> ja 18 \u00fcmmargust kivi (<strong data-start=\"680\" data-end=\"691\">0,22 ct<\/strong>) moodustavad s\u00e4rava valguse kaskaadi. Kogu kaal \u2014 <strong data-start=\"760\" data-end=\"770\">4,03 g<\/strong>.<\/p>\n<p data-start=\"775\" data-end=\"935\">Liora on lugu valgusest ja r\u00f5\u00f5must, mis j\u00e4\u00e4vad alati l\u00e4hedale. Need k\u00f5rvar\u00f5ngad on loodud naisele, kelle kohalolek toob soojust ja lummust.<\/p>\n<p data-start=\"937\" data-end=\"1076\">K\u00f5rvar\u00f5ngaid saab t\u00e4iendada <strong data-start=\"973\" data-end=\"982\">Liora<\/strong> s\u00f5rmusega, mille keskel on 2-karaadine kollane teemant \u2014 koos moodustub elegantne komplekt.<\/p>\n<p>&nbsp;<\/p>\n<p data-start=\"1078\" data-end=\"1206\">K\u00f5ik teemandid on laboris kasvatatud \u2014 Liora on \u00fchtaegu luksuse s\u00fcmbol ja kaasaegne v\u00e4\u00e4rtus.<\/p>\n<h3 data-start=\"1208\" data-end=\"1229\">Tehnilised andmed<\/h3>\n<ul data-start=\"1230\" data-end=\"1535\">\n<li data-start=\"1230\" data-end=\"1266\">\n<p data-start=\"1232\" data-end=\"1266\"><strong data-start=\"1232\" data-end=\"1242\">Materjal:<\/strong> valge ja kollane kuld<\/p>\n<\/li>\n<li data-start=\"1267\" data-end=\"1295\">\n<p data-start=\"1269\" data-end=\"1295\"><strong data-start=\"1269\" data-end=\"1286\">Kogukaal:<\/strong> 4,03 g<\/p>\n<\/li>\n<li data-start=\"1296\" data-end=\"1392\">\n<p data-start=\"1298\" data-end=\"1392\"><strong data-start=\"1298\" data-end=\"1314\">Peamised kivid: <\/strong>2 kollast padjal\u00f5ikega teemanti, Fancy Vivid, VVS2, kokku 2,13 ct (\u22481,06 ct iga)<\/p>\n<\/li>\n<li data-start=\"1393\" data-end=\"1501\">\n<p data-start=\"1395\" data-end=\"1419\"><strong data-start=\"1395\" data-end=\"1417\">Lisakivid:<\/strong><\/p>\n<ul data-start=\"1422\" data-end=\"1501\">\n<li data-start=\"1422\" data-end=\"1461\">\n<p data-start=\"1424\" data-end=\"1461\">2 pirnil\u00f5ikega teemanti \u2014 0,24 ct<\/p>\n<\/li>\n<li data-start=\"1464\" data-end=\"1501\">\n<p data-start=\"1466\" data-end=\"1501\">18 \u00fcmmargust teemanti \u2014 0,22 ct<\/p>\n<\/li>\n<\/ul>\n<\/li>\n<li data-start=\"1502\" data-end=\"1535\">\n<p data-start=\"1504\" data-end=\"1535\"><strong data-start=\"1504\" data-end=\"1523\">P\u00e4ritolu:<\/strong> laboris kasvatatud teemandid<\/p>\n<\/li>\n<\/ul>\n","protected":false},"excerpt":{"rendered":"<p>Elegantsed <strong data-start=\"415\" data-end=\"424\">Liora<\/strong> k\u00f5rvar\u00f5ngad valgest ja kollasest kullast, s\u00e4ravate kollaste teemantidega (2,13 ct) ja valgete kivide kaskaadiga. Eksklusiivne ehe, saadaval koos s\u00f5rmusega.<\/p>\n","protected":false},"featured_media":57203,"comment_status":"open","ping_status":"closed","template":"","meta":[],"etheme_brands":[],"product_brand":[],"product_cat":[469],"product_tag":[476,1255,499,508],"class_list":{"0":"post-57206","1":"product","2":"type-product","3":"status-publish","4":"has-post-thumbnail","6":"product_cat-korvarongad","7":"product_tag-eksklusiivsed-ehted","8":"product_tag-lab-teemantid","9":"product_tag-romantiline","10":"product_tag-solitaar","12":"first","13":"onbackorder","14":"shipping-taxable","15":"purchasable","16":"product-type-simple"},"acf":[],"yoast_head":"<!-- This site is optimized with the Yoast SEO Premium plugin v26.5 (Yoast SEO v26.8) - https:\/\/yoast.com\/product\/yoast-seo-premium-wordpress\/ -->\n<title>Kuld k\u00f5rvar\u00f5ngad kollaste teemantidega &quot;Liora&quot; - Colibri jewels<\/title>\n<meta name=\"description\" content=\"Eksklusiivsed Liora kuldk\u00f5rvar\u00f5ngad kollaste padjal\u00f5ikega teemantidega ja valgete kivide kaskaadiga. Laboriteemandid, valge ja kollane kuld.\" \/>\n<meta name=\"robots\" content=\"index, follow, max-snippet:-1, max-image-preview:large, max-video-preview:-1\" \/>\n<link rel=\"canonical\" href=\"https:\/\/colibri-jewels.eu\/et\/toode\/kuld-korvarongad-kollaste-teemantidega-liora\/\" \/>\n<meta property=\"og:locale\" content=\"et_EE\" \/>\n<meta property=\"og:type\" content=\"article\" \/>\n<meta property=\"og:title\" content=\"Kuld k\u00f5rvar\u00f5ngad kollaste teemantidega &quot;Liora&quot;\" \/>\n<meta property=\"og:description\" content=\"Eksklusiivsed Liora kuldk\u00f5rvar\u00f5ngad kollaste padjal\u00f5ikega teemantidega ja valgete kivide kaskaadiga. Laboriteemandid, valge ja kollane kuld.\" \/>\n<meta property=\"og:url\" content=\"https:\/\/colibri-jewels.eu\/et\/toode\/kuld-korvarongad-kollaste-teemantidega-liora\/\" \/>\n<meta property=\"og:site_name\" content=\"Colibri jewels\" \/>\n<meta property=\"article:publisher\" content=\"https:\/\/www.facebook.com\/colibri.jewels\" \/>\n<meta property=\"article:modified_time\" content=\"2025-09-24T08:54:53+00:00\" \/>\n<meta property=\"og:image\" content=\"https:\/\/colibri-jewels.eu\/wp-content\/uploads\/2025\/09\/yellow-cushion-diamond-earrings-Arianna-00867.jpg\" \/>\n\t<meta property=\"og:image:width\" content=\"1000\" \/>\n\t<meta property=\"og:image:height\" content=\"1000\" \/>\n\t<meta property=\"og:image:type\" content=\"image\/jpeg\" \/>\n<meta name=\"twitter:card\" content=\"summary_large_image\" \/>\n<meta name=\"twitter:label1\" content=\"Est. reading time\" \/>\n\t<meta name=\"twitter:data1\" content=\"1 minut\" \/>\n<script type=\"application\/ld+json\" class=\"yoast-schema-graph\">{\"@context\":\"https:\/\/schema.org\",\"@graph\":[{\"@type\":\"WebPage\",\"@id\":\"https:\/\/colibri-jewels.eu\/et\/toode\/kuld-korvarongad-kollaste-teemantidega-liora\/\",\"url\":\"https:\/\/colibri-jewels.eu\/et\/toode\/kuld-korvarongad-kollaste-teemantidega-liora\/\",\"name\":\"Kuld k\u00f5rvar\u00f5ngad kollaste teemantidega \\\"Liora\\\" - Colibri jewels\",\"isPartOf\":{\"@id\":\"https:\/\/colibri-jewels.eu\/et\/#website\"},\"primaryImageOfPage\":{\"@id\":\"https:\/\/colibri-jewels.eu\/et\/toode\/kuld-korvarongad-kollaste-teemantidega-liora\/#primaryimage\"},\"image\":{\"@id\":\"https:\/\/colibri-jewels.eu\/et\/toode\/kuld-korvarongad-kollaste-teemantidega-liora\/#primaryimage\"},\"thumbnailUrl\":\"https:\/\/colibri-jewels.eu\/wp-content\/uploads\/2025\/09\/yellow-cushion-diamond-earrings-Arianna-00867.jpg\",\"datePublished\":\"2025-09-24T08:29:03+00:00\",\"dateModified\":\"2025-09-24T08:54:53+00:00\",\"description\":\"Eksklusiivsed Liora kuldk\u00f5rvar\u00f5ngad kollaste padjal\u00f5ikega teemantidega ja valgete kivide kaskaadiga. Laboriteemandid, valge ja kollane kuld.\",\"breadcrumb\":{\"@id\":\"https:\/\/colibri-jewels.eu\/et\/toode\/kuld-korvarongad-kollaste-teemantidega-liora\/#breadcrumb\"},\"inLanguage\":\"et\",\"potentialAction\":[{\"@type\":\"ReadAction\",\"target\":[\"https:\/\/colibri-jewels.eu\/et\/toode\/kuld-korvarongad-kollaste-teemantidega-liora\/\"]}]},{\"@type\":\"ImageObject\",\"inLanguage\":\"et\",\"@id\":\"https:\/\/colibri-jewels.eu\/et\/toode\/kuld-korvarongad-kollaste-teemantidega-liora\/#primaryimage\",\"url\":\"https:\/\/colibri-jewels.eu\/wp-content\/uploads\/2025\/09\/yellow-cushion-diamond-earrings-Arianna-00867.jpg\",\"contentUrl\":\"https:\/\/colibri-jewels.eu\/wp-content\/uploads\/2025\/09\/yellow-cushion-diamond-earrings-Arianna-00867.jpg\",\"width\":1000,\"height\":1000},{\"@type\":\"BreadcrumbList\",\"@id\":\"https:\/\/colibri-jewels.eu\/et\/toode\/kuld-korvarongad-kollaste-teemantidega-liora\/#breadcrumb\",\"itemListElement\":[{\"@type\":\"ListItem\",\"position\":1,\"name\":\"\u0413\u043b\u0430\u0432\u043d\u0430\u044f \u0441\u0442\u0440\u0430\u043d\u0438\u0446\u0430\",\"item\":\"https:\/\/colibri-jewels.eu\/et\/\"},{\"@type\":\"ListItem\",\"position\":2,\"name\":\"Pood\",\"item\":\"https:\/\/colibri-jewels.eu\/et\/pood\/\"},{\"@type\":\"ListItem\",\"position\":3,\"name\":\"Kuld k\u00f5rvar\u00f5ngad kollaste teemantidega &#8220;Liora&#8221;\"}]},{\"@type\":\"WebSite\",\"@id\":\"https:\/\/colibri-jewels.eu\/et\/#website\",\"url\":\"https:\/\/colibri-jewels.eu\/et\/\",\"name\":\"Colibri jewels\",\"description\":\"jewelry shop\",\"publisher\":{\"@id\":\"https:\/\/colibri-jewels.eu\/et\/#organization\"},\"potentialAction\":[{\"@type\":\"SearchAction\",\"target\":{\"@type\":\"EntryPoint\",\"urlTemplate\":\"https:\/\/colibri-jewels.eu\/et\/?s={search_term_string}\"},\"query-input\":{\"@type\":\"PropertyValueSpecification\",\"valueRequired\":true,\"valueName\":\"search_term_string\"}}],\"inLanguage\":\"et\"},{\"@type\":\"Organization\",\"@id\":\"https:\/\/colibri-jewels.eu\/et\/#organization\",\"name\":\"O\u00dc Colibri\",\"url\":\"https:\/\/colibri-jewels.eu\/et\/\",\"logo\":{\"@type\":\"ImageObject\",\"inLanguage\":\"et\",\"@id\":\"https:\/\/colibri-jewels.eu\/et\/#\/schema\/logo\/image\/\",\"url\":\"https:\/\/dev.colibri-jewels.eu\/wp-content\/uploads\/2021\/03\/colibri.png\",\"contentUrl\":\"https:\/\/dev.colibri-jewels.eu\/wp-content\/uploads\/2021\/03\/colibri.png\",\"width\":227,\"height\":130,\"caption\":\"O\u00dc Colibri\"},\"image\":{\"@id\":\"https:\/\/colibri-jewels.eu\/et\/#\/schema\/logo\/image\/\"},\"sameAs\":[\"https:\/\/www.facebook.com\/colibri.jewels\",\"https:\/\/www.instagram.com\/colibri.jewels\",\"https:\/\/www.tiktok.com\/colibri.jewels\"]}]}<\/script>\n<!-- \/ Yoast SEO Premium plugin. -->","yoast_head_json":{"title":"Kuld k\u00f5rvar\u00f5ngad kollaste teemantidega \"Liora\" - Colibri jewels","description":"Eksklusiivsed Liora kuldk\u00f5rvar\u00f5ngad kollaste padjal\u00f5ikega teemantidega ja valgete kivide kaskaadiga. Laboriteemandid, valge ja kollane kuld.","robots":{"index":"index","follow":"follow","max-snippet":"max-snippet:-1","max-image-preview":"max-image-preview:large","max-video-preview":"max-video-preview:-1"},"canonical":"https:\/\/colibri-jewels.eu\/et\/toode\/kuld-korvarongad-kollaste-teemantidega-liora\/","og_locale":"et_EE","og_type":"article","og_title":"Kuld k\u00f5rvar\u00f5ngad kollaste teemantidega \"Liora\"","og_description":"Eksklusiivsed Liora kuldk\u00f5rvar\u00f5ngad kollaste padjal\u00f5ikega teemantidega ja valgete kivide kaskaadiga. Laboriteemandid, valge ja kollane kuld.","og_url":"https:\/\/colibri-jewels.eu\/et\/toode\/kuld-korvarongad-kollaste-teemantidega-liora\/","og_site_name":"Colibri jewels","article_publisher":"https:\/\/www.facebook.com\/colibri.jewels","article_modified_time":"2025-09-24T08:54:53+00:00","og_image":[{"width":1000,"height":1000,"url":"https:\/\/colibri-jewels.eu\/wp-content\/uploads\/2025\/09\/yellow-cushion-diamond-earrings-Arianna-00867.jpg","type":"image\/jpeg"}],"twitter_card":"summary_large_image","twitter_misc":{"Est. reading time":"1 minut"},"schema":{"@context":"https:\/\/schema.org","@graph":[{"@type":"WebPage","@id":"https:\/\/colibri-jewels.eu\/et\/toode\/kuld-korvarongad-kollaste-teemantidega-liora\/","url":"https:\/\/colibri-jewels.eu\/et\/toode\/kuld-korvarongad-kollaste-teemantidega-liora\/","name":"Kuld k\u00f5rvar\u00f5ngad kollaste teemantidega \"Liora\" - Colibri jewels","isPartOf":{"@id":"https:\/\/colibri-jewels.eu\/et\/#website"},"primaryImageOfPage":{"@id":"https:\/\/colibri-jewels.eu\/et\/toode\/kuld-korvarongad-kollaste-teemantidega-liora\/#primaryimage"},"image":{"@id":"https:\/\/colibri-jewels.eu\/et\/toode\/kuld-korvarongad-kollaste-teemantidega-liora\/#primaryimage"},"thumbnailUrl":"https:\/\/colibri-jewels.eu\/wp-content\/uploads\/2025\/09\/yellow-cushion-diamond-earrings-Arianna-00867.jpg","datePublished":"2025-09-24T08:29:03+00:00","dateModified":"2025-09-24T08:54:53+00:00","description":"Eksklusiivsed Liora kuldk\u00f5rvar\u00f5ngad kollaste padjal\u00f5ikega teemantidega ja valgete kivide kaskaadiga. Laboriteemandid, valge ja kollane kuld.","breadcrumb":{"@id":"https:\/\/colibri-jewels.eu\/et\/toode\/kuld-korvarongad-kollaste-teemantidega-liora\/#breadcrumb"},"inLanguage":"et","potentialAction":[{"@type":"ReadAction","target":["https:\/\/colibri-jewels.eu\/et\/toode\/kuld-korvarongad-kollaste-teemantidega-liora\/"]}]},{"@type":"ImageObject","inLanguage":"et","@id":"https:\/\/colibri-jewels.eu\/et\/toode\/kuld-korvarongad-kollaste-teemantidega-liora\/#primaryimage","url":"https:\/\/colibri-jewels.eu\/wp-content\/uploads\/2025\/09\/yellow-cushion-diamond-earrings-Arianna-00867.jpg","contentUrl":"https:\/\/colibri-jewels.eu\/wp-content\/uploads\/2025\/09\/yellow-cushion-diamond-earrings-Arianna-00867.jpg","width":1000,"height":1000},{"@type":"BreadcrumbList","@id":"https:\/\/colibri-jewels.eu\/et\/toode\/kuld-korvarongad-kollaste-teemantidega-liora\/#breadcrumb","itemListElement":[{"@type":"ListItem","position":1,"name":"\u0413\u043b\u0430\u0432\u043d\u0430\u044f \u0441\u0442\u0440\u0430\u043d\u0438\u0446\u0430","item":"https:\/\/colibri-jewels.eu\/et\/"},{"@type":"ListItem","position":2,"name":"Pood","item":"https:\/\/colibri-jewels.eu\/et\/pood\/"},{"@type":"ListItem","position":3,"name":"Kuld k\u00f5rvar\u00f5ngad kollaste teemantidega &#8220;Liora&#8221;"}]},{"@type":"WebSite","@id":"https:\/\/colibri-jewels.eu\/et\/#website","url":"https:\/\/colibri-jewels.eu\/et\/","name":"Colibri jewels","description":"jewelry shop","publisher":{"@id":"https:\/\/colibri-jewels.eu\/et\/#organization"},"potentialAction":[{"@type":"SearchAction","target":{"@type":"EntryPoint","urlTemplate":"https:\/\/colibri-jewels.eu\/et\/?s={search_term_string}"},"query-input":{"@type":"PropertyValueSpecification","valueRequired":true,"valueName":"search_term_string"}}],"inLanguage":"et"},{"@type":"Organization","@id":"https:\/\/colibri-jewels.eu\/et\/#organization","name":"O\u00dc Colibri","url":"https:\/\/colibri-jewels.eu\/et\/","logo":{"@type":"ImageObject","inLanguage":"et","@id":"https:\/\/colibri-jewels.eu\/et\/#\/schema\/logo\/image\/","url":"https:\/\/dev.colibri-jewels.eu\/wp-content\/uploads\/2021\/03\/colibri.png","contentUrl":"https:\/\/dev.colibri-jewels.eu\/wp-content\/uploads\/2021\/03\/colibri.png","width":227,"height":130,"caption":"O\u00dc Colibri"},"image":{"@id":"https:\/\/colibri-jewels.eu\/et\/#\/schema\/logo\/image\/"},"sameAs":["https:\/\/www.facebook.com\/colibri.jewels","https:\/\/www.instagram.com\/colibri.jewels","https:\/\/www.tiktok.com\/colibri.jewels"]}]}},"_links":{"self":[{"href":"https:\/\/colibri-jewels.eu\/et\/wp-json\/wp\/v2\/product\/57206","targetHints":{"allow":["GET"]}}],"collection":[{"href":"https:\/\/colibri-jewels.eu\/et\/wp-json\/wp\/v2\/product"}],"about":[{"href":"https:\/\/colibri-jewels.eu\/et\/wp-json\/wp\/v2\/types\/product"}],"replies":[{"embeddable":true,"href":"https:\/\/colibri-jewels.eu\/et\/wp-json\/wp\/v2\/comments?post=57206"}],"version-history":[{"count":0,"href":"https:\/\/colibri-jewels.eu\/et\/wp-json\/wp\/v2\/product\/57206\/revisions"}],"wp:featuredmedia":[{"embeddable":true,"href":"https:\/\/colibri-jewels.eu\/et\/wp-json\/wp\/v2\/media\/57203"}],"wp:attachment":[{"href":"https:\/\/colibri-jewels.eu\/et\/wp-json\/wp\/v2\/media?parent=57206"}],"wp:term":[{"taxonomy":"brand","embeddable":true,"href":"https:\/\/colibri-jewels.eu\/et\/wp-json\/wp\/v2\/etheme_brands?post=57206"},{"taxonomy":"product_brand","embeddable":true,"href":"https:\/\/colibri-jewels.eu\/et\/wp-json\/wp\/v2\/product_brand?post=57206"},{"taxonomy":"product_cat","embeddable":true,"href":"https:\/\/colibri-jewels.eu\/et\/wp-json\/wp\/v2\/product_cat?post=57206"},{"taxonomy":"product_tag","embeddable":true,"href":"https:\/\/colibri-jewels.eu\/et\/wp-json\/wp\/v2\/product_tag?post=57206"}],"curies":[{"name":"wp","href":"https:\/\/api.w.org\/{rel}","templated":true}]}}