{"id":57225,"date":"2025-09-28T16:43:40","date_gmt":"2025-09-28T13:43:40","guid":{"rendered":"https:\/\/colibri-jewels.eu\/?post_type=product&#038;p=57225"},"modified":"2025-09-28T17:14:41","modified_gmt":"2025-09-28T14:14:41","slug":"valgest-kullast-ripats-naturaalse-smaragdiga","status":"publish","type":"product","link":"https:\/\/colibri-jewels.eu\/et\/toode\/valgest-kullast-ripats-naturaalse-smaragdiga\/","title":{"rendered":"Valgest kullast ripats naturaalse smaragdiga"},"content":{"rendered":"<p>See ripats on luksusliku klassika ja laitmatu stiili kehastus. Kompositsiooni keskel s\u00e4rab 0.89 ct k\u00fcllusliku rohelise v\u00e4rviga <b>looduslik smaragd<\/b>, mis on lihvitud <b>cushion (padi)<\/b> kujuga, andes sellele pehmust ja vintage&#8217;i v\u00f5lu.<\/p>\n<p>Smaragd on efektiivselt raamitud s\u00e4deleva <b>20 lab teemanti<\/b> aupaistega (halo), mis v\u00f5imendab keskuskivi s\u00e4ra ja r\u00f5hutab selle s\u00fcgavust. Ripats on valmistatud <b>585 valgest kullast<\/b>, mis toob esile teemantide ja smaragdi kontrastse ilu. See on ideaalne kingitus, mis lisab igale v\u00e4limusele peene aktsendi.<\/p>\n<p><b>Tehniline teave:<\/b><\/p>\n<ul>\n<li><b>Toote t\u00fc\u00fcp:<\/b> Ripats<\/li>\n<li><b>Metall:<\/b> Kuld<\/li>\n<li><b>Proov:<\/b> 585<\/li>\n<li><b>Metalli v\u00e4rv:<\/b> Valge<\/li>\n<li><b>Kivi 1 (Keskel):<\/b> Smaragd (Looduslik)\n<ul>\n<li><b>Kogus:<\/b> 1 tk<\/li>\n<li><b>Lihv:<\/b> Cushion<\/li>\n<li><b>Kaal: <\/b>0,89 ct<\/li>\n<\/ul>\n<\/li>\n<li><b>Kivi 2 (Raam):<\/b> Lab teemant\n<ul>\n<li><b>Kogus: <\/b>20 tk<\/li>\n<li><b>L\u00f5ige:<\/b> \u00dcmmargune<\/li>\n<li><b>Kogukaal:<\/b> 0.07 ct<\/li>\n<\/ul>\n<\/li>\n<li><b>\u00dcldine stiil: <\/b>Halo<\/li>\n<li><b>Otstarve:<\/b> Ehe, Kingitus<\/li>\n<\/ul>\n","protected":false},"excerpt":{"rendered":"<p>Elegantne 585 valgest kullast ripats naturaalse smaragdiga (0,89 ct) cushion-lihvi ja s\u00e4deleva lab teemanti raamiga.<\/p>\n","protected":false},"featured_media":57224,"comment_status":"open","ping_status":"closed","template":"","meta":[],"etheme_brands":[],"product_brand":[],"product_cat":[470],"product_tag":[],"class_list":{"0":"post-57225","1":"product","2":"type-product","3":"status-publish","4":"has-post-thumbnail","6":"product_cat-kaelakeed-ja-ripatsid","8":"first","9":"instock","10":"shipping-taxable","11":"purchasable","12":"product-type-simple"},"acf":[],"yoast_head":"<!-- This site is optimized with the Yoast SEO Premium plugin v26.5 (Yoast SEO v26.8) - https:\/\/yoast.com\/product\/yoast-seo-premium-wordpress\/ -->\n<title>Valgest kullast ripats naturaalse smaragdiga - Colibri jewels<\/title>\n<meta name=\"description\" content=\"Elegantne 585 valgest kullast ripats naturaalse cushion-lihviga smaragdi (0,89 ct) ja 20 s\u00e4deleva lab teemanti raamiga. Klassika, mis v\u00e4\u00e4rib imetlust. Kohaletoimetamine Eestis.\" \/>\n<meta name=\"robots\" content=\"index, follow, max-snippet:-1, max-image-preview:large, max-video-preview:-1\" \/>\n<link rel=\"canonical\" href=\"https:\/\/colibri-jewels.eu\/et\/toode\/valgest-kullast-ripats-naturaalse-smaragdiga\/\" \/>\n<meta property=\"og:locale\" content=\"et_EE\" \/>\n<meta property=\"og:type\" content=\"article\" \/>\n<meta property=\"og:title\" content=\"Valgest kullast ripats naturaalse smaragdiga\" \/>\n<meta property=\"og:description\" content=\"Elegantne 585 valgest kullast ripats naturaalse cushion-lihviga smaragdi (0,89 ct) ja 20 s\u00e4deleva lab teemanti raamiga. Klassika, mis v\u00e4\u00e4rib imetlust. Kohaletoimetamine Eestis.\" \/>\n<meta property=\"og:url\" content=\"https:\/\/colibri-jewels.eu\/et\/toode\/valgest-kullast-ripats-naturaalse-smaragdiga\/\" \/>\n<meta property=\"og:site_name\" content=\"Colibri jewels\" \/>\n<meta property=\"article:publisher\" content=\"https:\/\/www.facebook.com\/colibri.jewels\" \/>\n<meta property=\"article:modified_time\" content=\"2025-09-28T14:14:41+00:00\" \/>\n<meta property=\"og:image\" content=\"https:\/\/colibri-jewels.eu\/wp-content\/uploads\/2025\/09\/white-gold-emerald-pendant-00866.jpg\" \/>\n\t<meta property=\"og:image:width\" content=\"1000\" \/>\n\t<meta property=\"og:image:height\" content=\"1000\" \/>\n\t<meta property=\"og:image:type\" content=\"image\/jpeg\" \/>\n<meta name=\"twitter:card\" content=\"summary_large_image\" \/>\n<meta name=\"twitter:label1\" content=\"Est. reading time\" \/>\n\t<meta name=\"twitter:data1\" content=\"1 minut\" \/>\n<script type=\"application\/ld+json\" class=\"yoast-schema-graph\">{\"@context\":\"https:\/\/schema.org\",\"@graph\":[{\"@type\":\"WebPage\",\"@id\":\"https:\/\/colibri-jewels.eu\/et\/toode\/valgest-kullast-ripats-naturaalse-smaragdiga\/\",\"url\":\"https:\/\/colibri-jewels.eu\/et\/toode\/valgest-kullast-ripats-naturaalse-smaragdiga\/\",\"name\":\"Valgest kullast ripats naturaalse smaragdiga - Colibri jewels\",\"isPartOf\":{\"@id\":\"https:\/\/colibri-jewels.eu\/et\/#website\"},\"primaryImageOfPage\":{\"@id\":\"https:\/\/colibri-jewels.eu\/et\/toode\/valgest-kullast-ripats-naturaalse-smaragdiga\/#primaryimage\"},\"image\":{\"@id\":\"https:\/\/colibri-jewels.eu\/et\/toode\/valgest-kullast-ripats-naturaalse-smaragdiga\/#primaryimage\"},\"thumbnailUrl\":\"https:\/\/colibri-jewels.eu\/wp-content\/uploads\/2025\/09\/white-gold-emerald-pendant-00866.jpg\",\"datePublished\":\"2025-09-28T13:43:40+00:00\",\"dateModified\":\"2025-09-28T14:14:41+00:00\",\"description\":\"Elegantne 585 valgest kullast ripats naturaalse cushion-lihviga smaragdi (0,89 ct) ja 20 s\u00e4deleva lab teemanti raamiga. Klassika, mis v\u00e4\u00e4rib imetlust. Kohaletoimetamine Eestis.\",\"breadcrumb\":{\"@id\":\"https:\/\/colibri-jewels.eu\/et\/toode\/valgest-kullast-ripats-naturaalse-smaragdiga\/#breadcrumb\"},\"inLanguage\":\"et\",\"potentialAction\":[{\"@type\":\"ReadAction\",\"target\":[\"https:\/\/colibri-jewels.eu\/et\/toode\/valgest-kullast-ripats-naturaalse-smaragdiga\/\"]}]},{\"@type\":\"ImageObject\",\"inLanguage\":\"et\",\"@id\":\"https:\/\/colibri-jewels.eu\/et\/toode\/valgest-kullast-ripats-naturaalse-smaragdiga\/#primaryimage\",\"url\":\"https:\/\/colibri-jewels.eu\/wp-content\/uploads\/2025\/09\/white-gold-emerald-pendant-00866.jpg\",\"contentUrl\":\"https:\/\/colibri-jewels.eu\/wp-content\/uploads\/2025\/09\/white-gold-emerald-pendant-00866.jpg\",\"width\":1000,\"height\":1000},{\"@type\":\"BreadcrumbList\",\"@id\":\"https:\/\/colibri-jewels.eu\/et\/toode\/valgest-kullast-ripats-naturaalse-smaragdiga\/#breadcrumb\",\"itemListElement\":[{\"@type\":\"ListItem\",\"position\":1,\"name\":\"\u0413\u043b\u0430\u0432\u043d\u0430\u044f \u0441\u0442\u0440\u0430\u043d\u0438\u0446\u0430\",\"item\":\"https:\/\/colibri-jewels.eu\/et\/\"},{\"@type\":\"ListItem\",\"position\":2,\"name\":\"Pood\",\"item\":\"https:\/\/colibri-jewels.eu\/et\/pood\/\"},{\"@type\":\"ListItem\",\"position\":3,\"name\":\"Valgest kullast ripats naturaalse smaragdiga\"}]},{\"@type\":\"WebSite\",\"@id\":\"https:\/\/colibri-jewels.eu\/et\/#website\",\"url\":\"https:\/\/colibri-jewels.eu\/et\/\",\"name\":\"Colibri jewels\",\"description\":\"jewelry shop\",\"publisher\":{\"@id\":\"https:\/\/colibri-jewels.eu\/et\/#organization\"},\"potentialAction\":[{\"@type\":\"SearchAction\",\"target\":{\"@type\":\"EntryPoint\",\"urlTemplate\":\"https:\/\/colibri-jewels.eu\/et\/?s={search_term_string}\"},\"query-input\":{\"@type\":\"PropertyValueSpecification\",\"valueRequired\":true,\"valueName\":\"search_term_string\"}}],\"inLanguage\":\"et\"},{\"@type\":\"Organization\",\"@id\":\"https:\/\/colibri-jewels.eu\/et\/#organization\",\"name\":\"O\u00dc Colibri\",\"url\":\"https:\/\/colibri-jewels.eu\/et\/\",\"logo\":{\"@type\":\"ImageObject\",\"inLanguage\":\"et\",\"@id\":\"https:\/\/colibri-jewels.eu\/et\/#\/schema\/logo\/image\/\",\"url\":\"https:\/\/dev.colibri-jewels.eu\/wp-content\/uploads\/2021\/03\/colibri.png\",\"contentUrl\":\"https:\/\/dev.colibri-jewels.eu\/wp-content\/uploads\/2021\/03\/colibri.png\",\"width\":227,\"height\":130,\"caption\":\"O\u00dc Colibri\"},\"image\":{\"@id\":\"https:\/\/colibri-jewels.eu\/et\/#\/schema\/logo\/image\/\"},\"sameAs\":[\"https:\/\/www.facebook.com\/colibri.jewels\",\"https:\/\/www.instagram.com\/colibri.jewels\",\"https:\/\/www.tiktok.com\/colibri.jewels\"]}]}<\/script>\n<!-- \/ Yoast SEO Premium plugin. -->","yoast_head_json":{"title":"Valgest kullast ripats naturaalse smaragdiga - Colibri jewels","description":"Elegantne 585 valgest kullast ripats naturaalse cushion-lihviga smaragdi (0,89 ct) ja 20 s\u00e4deleva lab teemanti raamiga. Klassika, mis v\u00e4\u00e4rib imetlust. Kohaletoimetamine Eestis.","robots":{"index":"index","follow":"follow","max-snippet":"max-snippet:-1","max-image-preview":"max-image-preview:large","max-video-preview":"max-video-preview:-1"},"canonical":"https:\/\/colibri-jewels.eu\/et\/toode\/valgest-kullast-ripats-naturaalse-smaragdiga\/","og_locale":"et_EE","og_type":"article","og_title":"Valgest kullast ripats naturaalse smaragdiga","og_description":"Elegantne 585 valgest kullast ripats naturaalse cushion-lihviga smaragdi (0,89 ct) ja 20 s\u00e4deleva lab teemanti raamiga. Klassika, mis v\u00e4\u00e4rib imetlust. Kohaletoimetamine Eestis.","og_url":"https:\/\/colibri-jewels.eu\/et\/toode\/valgest-kullast-ripats-naturaalse-smaragdiga\/","og_site_name":"Colibri jewels","article_publisher":"https:\/\/www.facebook.com\/colibri.jewels","article_modified_time":"2025-09-28T14:14:41+00:00","og_image":[{"width":1000,"height":1000,"url":"https:\/\/colibri-jewels.eu\/wp-content\/uploads\/2025\/09\/white-gold-emerald-pendant-00866.jpg","type":"image\/jpeg"}],"twitter_card":"summary_large_image","twitter_misc":{"Est. reading time":"1 minut"},"schema":{"@context":"https:\/\/schema.org","@graph":[{"@type":"WebPage","@id":"https:\/\/colibri-jewels.eu\/et\/toode\/valgest-kullast-ripats-naturaalse-smaragdiga\/","url":"https:\/\/colibri-jewels.eu\/et\/toode\/valgest-kullast-ripats-naturaalse-smaragdiga\/","name":"Valgest kullast ripats naturaalse smaragdiga - Colibri jewels","isPartOf":{"@id":"https:\/\/colibri-jewels.eu\/et\/#website"},"primaryImageOfPage":{"@id":"https:\/\/colibri-jewels.eu\/et\/toode\/valgest-kullast-ripats-naturaalse-smaragdiga\/#primaryimage"},"image":{"@id":"https:\/\/colibri-jewels.eu\/et\/toode\/valgest-kullast-ripats-naturaalse-smaragdiga\/#primaryimage"},"thumbnailUrl":"https:\/\/colibri-jewels.eu\/wp-content\/uploads\/2025\/09\/white-gold-emerald-pendant-00866.jpg","datePublished":"2025-09-28T13:43:40+00:00","dateModified":"2025-09-28T14:14:41+00:00","description":"Elegantne 585 valgest kullast ripats naturaalse cushion-lihviga smaragdi (0,89 ct) ja 20 s\u00e4deleva lab teemanti raamiga. Klassika, mis v\u00e4\u00e4rib imetlust. Kohaletoimetamine Eestis.","breadcrumb":{"@id":"https:\/\/colibri-jewels.eu\/et\/toode\/valgest-kullast-ripats-naturaalse-smaragdiga\/#breadcrumb"},"inLanguage":"et","potentialAction":[{"@type":"ReadAction","target":["https:\/\/colibri-jewels.eu\/et\/toode\/valgest-kullast-ripats-naturaalse-smaragdiga\/"]}]},{"@type":"ImageObject","inLanguage":"et","@id":"https:\/\/colibri-jewels.eu\/et\/toode\/valgest-kullast-ripats-naturaalse-smaragdiga\/#primaryimage","url":"https:\/\/colibri-jewels.eu\/wp-content\/uploads\/2025\/09\/white-gold-emerald-pendant-00866.jpg","contentUrl":"https:\/\/colibri-jewels.eu\/wp-content\/uploads\/2025\/09\/white-gold-emerald-pendant-00866.jpg","width":1000,"height":1000},{"@type":"BreadcrumbList","@id":"https:\/\/colibri-jewels.eu\/et\/toode\/valgest-kullast-ripats-naturaalse-smaragdiga\/#breadcrumb","itemListElement":[{"@type":"ListItem","position":1,"name":"\u0413\u043b\u0430\u0432\u043d\u0430\u044f \u0441\u0442\u0440\u0430\u043d\u0438\u0446\u0430","item":"https:\/\/colibri-jewels.eu\/et\/"},{"@type":"ListItem","position":2,"name":"Pood","item":"https:\/\/colibri-jewels.eu\/et\/pood\/"},{"@type":"ListItem","position":3,"name":"Valgest kullast ripats naturaalse smaragdiga"}]},{"@type":"WebSite","@id":"https:\/\/colibri-jewels.eu\/et\/#website","url":"https:\/\/colibri-jewels.eu\/et\/","name":"Colibri jewels","description":"jewelry shop","publisher":{"@id":"https:\/\/colibri-jewels.eu\/et\/#organization"},"potentialAction":[{"@type":"SearchAction","target":{"@type":"EntryPoint","urlTemplate":"https:\/\/colibri-jewels.eu\/et\/?s={search_term_string}"},"query-input":{"@type":"PropertyValueSpecification","valueRequired":true,"valueName":"search_term_string"}}],"inLanguage":"et"},{"@type":"Organization","@id":"https:\/\/colibri-jewels.eu\/et\/#organization","name":"O\u00dc Colibri","url":"https:\/\/colibri-jewels.eu\/et\/","logo":{"@type":"ImageObject","inLanguage":"et","@id":"https:\/\/colibri-jewels.eu\/et\/#\/schema\/logo\/image\/","url":"https:\/\/dev.colibri-jewels.eu\/wp-content\/uploads\/2021\/03\/colibri.png","contentUrl":"https:\/\/dev.colibri-jewels.eu\/wp-content\/uploads\/2021\/03\/colibri.png","width":227,"height":130,"caption":"O\u00dc Colibri"},"image":{"@id":"https:\/\/colibri-jewels.eu\/et\/#\/schema\/logo\/image\/"},"sameAs":["https:\/\/www.facebook.com\/colibri.jewels","https:\/\/www.instagram.com\/colibri.jewels","https:\/\/www.tiktok.com\/colibri.jewels"]}]}},"_links":{"self":[{"href":"https:\/\/colibri-jewels.eu\/et\/wp-json\/wp\/v2\/product\/57225","targetHints":{"allow":["GET"]}}],"collection":[{"href":"https:\/\/colibri-jewels.eu\/et\/wp-json\/wp\/v2\/product"}],"about":[{"href":"https:\/\/colibri-jewels.eu\/et\/wp-json\/wp\/v2\/types\/product"}],"replies":[{"embeddable":true,"href":"https:\/\/colibri-jewels.eu\/et\/wp-json\/wp\/v2\/comments?post=57225"}],"version-history":[{"count":0,"href":"https:\/\/colibri-jewels.eu\/et\/wp-json\/wp\/v2\/product\/57225\/revisions"}],"wp:featuredmedia":[{"embeddable":true,"href":"https:\/\/colibri-jewels.eu\/et\/wp-json\/wp\/v2\/media\/57224"}],"wp:attachment":[{"href":"https:\/\/colibri-jewels.eu\/et\/wp-json\/wp\/v2\/media?parent=57225"}],"wp:term":[{"taxonomy":"brand","embeddable":true,"href":"https:\/\/colibri-jewels.eu\/et\/wp-json\/wp\/v2\/etheme_brands?post=57225"},{"taxonomy":"product_brand","embeddable":true,"href":"https:\/\/colibri-jewels.eu\/et\/wp-json\/wp\/v2\/product_brand?post=57225"},{"taxonomy":"product_cat","embeddable":true,"href":"https:\/\/colibri-jewels.eu\/et\/wp-json\/wp\/v2\/product_cat?post=57225"},{"taxonomy":"product_tag","embeddable":true,"href":"https:\/\/colibri-jewels.eu\/et\/wp-json\/wp\/v2\/product_tag?post=57225"}],"curies":[{"name":"wp","href":"https:\/\/api.w.org\/{rel}","templated":true}]}}