{"id":57296,"date":"2026-01-25T17:35:09","date_gmt":"2026-01-25T15:35:09","guid":{"rendered":"https:\/\/colibri-jewels.eu\/?post_type=product&#038;p=57296"},"modified":"2026-01-12T14:56:29","modified_gmt":"2026-01-12T12:56:29","slug":"kihlasormus-valgest-kullast-lab-teemantiga-105-ct-arianna","status":"publish","type":"product","link":"https:\/\/colibri-jewels.eu\/et\/toode\/kihlasormus-valgest-kullast-lab-teemantiga-105-ct-arianna\/","title":{"rendered":"Kihlas\u00f5rmus valgest kullast lab teemantiga 1,04 ct &#8220;Arianna&#8221;"},"content":{"rendered":"<p>S\u00f5rmus <b>Arianna<\/b> on igavese armastuse lubadus, kehastunud s\u00e4ravasse valgesse kulda. Selle <b>halo<\/b>-stiilis disain on loodud r\u00f5hutama tunnete ilu ja puhtust.<\/p>\n<p>Kompositsiooni keskel on suurep\u00e4rane <b>lab teemant<\/b> <b>cushion<\/b>-lihvi, kaaluga <b>1,04 karaati<\/b>, millel on erakordsed omadused <b>D\/VVS2<\/b> (ideaalselt v\u00e4rvitu, praktiliselt ilma lisanditeta). Seda \u00fcmbritseb 34 teemanti, luues uskumatu s\u00e4ra, mis s\u00fcmboliseerib teie suhte s\u00e4ra.<\/p>\n<p><b>Lab teemantid<\/b> on keemiliselt koostiselt, f\u00fc\u00fcsikalistelt ja optilistelt omadustelt looduslike kividega t\u00e4iesti identsed. Kesksele teemantile v\u00e4ljastatakse kindlasti <b>rahvusvaheline sertifikaat<\/b>.<\/p>\n<p>S\u00f5rmus Arianna on ideaalne valik selleks \u00fcheks, erutavaks hetkeks. Seda on v\u00f5imalik valmistada ka eritellimusena looduslike teemantidega.<\/p>\n<h3>Tehniline teave:<\/h3>\n<p>&nbsp;<\/p>\n<ul>\n<li><b>Toote t\u00fc\u00fcp:<\/b> S\u00f5rmus<\/li>\n<li><b>Metall:<\/b> Kuld<\/li>\n<li><b>Proov:<\/b> 585<\/li>\n<li><b>Metalli v\u00e4rv:<\/b> Valge<\/li>\n<li><b>Kivi 1 (Keskel):<\/b> Lab teemant\n<ul>\n<li><b>Kogus:<\/b> 1 tk<\/li>\n<li><b>Lihv:<\/b> Cushion<\/li>\n<li><b>Kaal:<\/b> 1.04 ct<\/li>\n<li><b>Omadused: <\/b>D \/ VVS2<\/li>\n<li><b>Sertifitseerimine:<\/b> Jah (rahvusvaheline sertifikaat)<\/li>\n<\/ul>\n<\/li>\n<li><b>Kivi 2 (Raam\/V\u00f5ru)<\/b>: Lab teemant\n<ul>\n<li><b>Kogus:<\/b> 40 tk<\/li>\n<li><b>L\u00f5ige:<\/b> \u00dcmmargune<\/li>\n<li><b>Kogukaal:<\/b> 0,50 ct<\/li>\n<\/ul>\n<\/li>\n<li><b>Teemantide kogukaal:<\/b> 1,54 ct<\/li>\n<li><b>\u00dcldine stiil: <\/b>Halo<\/li>\n<li><b>Valikud:<\/b> V\u00f5imalik tellida looduslike teemantidega<\/li>\n<\/ul>\n","protected":false},"excerpt":{"rendered":"<p>Luksuslik s\u00f5rmus Arianna 585 valgest kullast. Keskne lab teemant 1,05 ct D\/VVS1 (cushion-lihv) ja 34 lab teemanti halo-raamis.<\/p>\n","protected":false},"featured_media":57292,"comment_status":"open","ping_status":"closed","template":"","meta":[],"etheme_brands":[],"product_brand":[],"product_cat":[471],"product_tag":[474,472,1255,499,508],"class_list":{"0":"post-57296","1":"product","2":"type-product","3":"status-publish","4":"has-post-thumbnail","6":"product_cat-sormused","7":"product_tag-kihlasormused","8":"product_tag-klassika","9":"product_tag-lab-teemantid","10":"product_tag-romantiline","11":"product_tag-solitaar","13":"first","14":"instock","15":"shipping-taxable","16":"purchasable","17":"product-type-simple"},"acf":[],"yoast_head":"<!-- This site is optimized with the Yoast SEO Premium plugin v26.5 (Yoast SEO v26.8) - https:\/\/yoast.com\/product\/yoast-seo-premium-wordpress\/ -->\n<title>Kihlas\u00f5rmus valgest kullast lab teemantiga 1,04 ct &quot;Arianna&quot; - Colibri jewels<\/title>\n<meta name=\"description\" content=\"Romantiline s\u00f5rmus Arianna 585 valgest kullast keskse lab teemantiga (1,05 ct, D\/VVS1) cushion-lihvi ja s\u00e4deleva halo-ga. V\u00f5imalus tellida looduslike teemantidega.\" \/>\n<meta name=\"robots\" content=\"index, follow, max-snippet:-1, max-image-preview:large, max-video-preview:-1\" \/>\n<link rel=\"canonical\" href=\"https:\/\/colibri-jewels.eu\/et\/toode\/kihlasormus-valgest-kullast-lab-teemantiga-105-ct-arianna\/\" \/>\n<meta property=\"og:locale\" content=\"et_EE\" \/>\n<meta property=\"og:type\" content=\"article\" \/>\n<meta property=\"og:title\" content=\"Kihlas\u00f5rmus valgest kullast lab teemantiga 1,04 ct &quot;Arianna&quot;\" \/>\n<meta property=\"og:description\" content=\"Romantiline s\u00f5rmus Arianna 585 valgest kullast keskse lab teemantiga (1,05 ct, D\/VVS1) cushion-lihvi ja s\u00e4deleva halo-ga. V\u00f5imalus tellida looduslike teemantidega.\" \/>\n<meta property=\"og:url\" content=\"https:\/\/colibri-jewels.eu\/et\/toode\/kihlasormus-valgest-kullast-lab-teemantiga-105-ct-arianna\/\" \/>\n<meta property=\"og:site_name\" content=\"Colibri jewels\" \/>\n<meta property=\"article:publisher\" content=\"https:\/\/www.facebook.com\/colibri.jewels\" \/>\n<meta property=\"og:image\" content=\"https:\/\/colibri-jewels.eu\/wp-content\/uploads\/2025\/10\/cushion-halo.jpg\" \/>\n\t<meta property=\"og:image:width\" content=\"1000\" \/>\n\t<meta property=\"og:image:height\" content=\"1000\" \/>\n\t<meta property=\"og:image:type\" content=\"image\/jpeg\" \/>\n<meta name=\"twitter:card\" content=\"summary_large_image\" \/>\n<meta name=\"twitter:label1\" content=\"Est. reading time\" \/>\n\t<meta name=\"twitter:data1\" content=\"1 minut\" \/>\n<script type=\"application\/ld+json\" class=\"yoast-schema-graph\">{\"@context\":\"https:\/\/schema.org\",\"@graph\":[{\"@type\":\"WebPage\",\"@id\":\"https:\/\/colibri-jewels.eu\/et\/toode\/kihlasormus-valgest-kullast-lab-teemantiga-105-ct-arianna\/\",\"url\":\"https:\/\/colibri-jewels.eu\/et\/toode\/kihlasormus-valgest-kullast-lab-teemantiga-105-ct-arianna\/\",\"name\":\"Kihlas\u00f5rmus valgest kullast lab teemantiga 1,04 ct \\\"Arianna\\\" - Colibri jewels\",\"isPartOf\":{\"@id\":\"https:\/\/colibri-jewels.eu\/et\/#website\"},\"primaryImageOfPage\":{\"@id\":\"https:\/\/colibri-jewels.eu\/et\/toode\/kihlasormus-valgest-kullast-lab-teemantiga-105-ct-arianna\/#primaryimage\"},\"image\":{\"@id\":\"https:\/\/colibri-jewels.eu\/et\/toode\/kihlasormus-valgest-kullast-lab-teemantiga-105-ct-arianna\/#primaryimage\"},\"thumbnailUrl\":\"https:\/\/colibri-jewels.eu\/wp-content\/uploads\/2025\/10\/cushion-halo.jpg\",\"datePublished\":\"2026-01-25T15:35:09+00:00\",\"description\":\"Romantiline s\u00f5rmus Arianna 585 valgest kullast keskse lab teemantiga (1,05 ct, D\/VVS1) cushion-lihvi ja s\u00e4deleva halo-ga. V\u00f5imalus tellida looduslike teemantidega.\",\"breadcrumb\":{\"@id\":\"https:\/\/colibri-jewels.eu\/et\/toode\/kihlasormus-valgest-kullast-lab-teemantiga-105-ct-arianna\/#breadcrumb\"},\"inLanguage\":\"et\",\"potentialAction\":[{\"@type\":\"ReadAction\",\"target\":[\"https:\/\/colibri-jewels.eu\/et\/toode\/kihlasormus-valgest-kullast-lab-teemantiga-105-ct-arianna\/\"]}]},{\"@type\":\"ImageObject\",\"inLanguage\":\"et\",\"@id\":\"https:\/\/colibri-jewels.eu\/et\/toode\/kihlasormus-valgest-kullast-lab-teemantiga-105-ct-arianna\/#primaryimage\",\"url\":\"https:\/\/colibri-jewels.eu\/wp-content\/uploads\/2025\/10\/cushion-halo.jpg\",\"contentUrl\":\"https:\/\/colibri-jewels.eu\/wp-content\/uploads\/2025\/10\/cushion-halo.jpg\",\"width\":1000,\"height\":1000},{\"@type\":\"BreadcrumbList\",\"@id\":\"https:\/\/colibri-jewels.eu\/et\/toode\/kihlasormus-valgest-kullast-lab-teemantiga-105-ct-arianna\/#breadcrumb\",\"itemListElement\":[{\"@type\":\"ListItem\",\"position\":1,\"name\":\"\u0413\u043b\u0430\u0432\u043d\u0430\u044f \u0441\u0442\u0440\u0430\u043d\u0438\u0446\u0430\",\"item\":\"https:\/\/colibri-jewels.eu\/et\/\"},{\"@type\":\"ListItem\",\"position\":2,\"name\":\"Pood\",\"item\":\"https:\/\/colibri-jewels.eu\/et\/pood\/\"},{\"@type\":\"ListItem\",\"position\":3,\"name\":\"Kihlas\u00f5rmus valgest kullast lab teemantiga 1,04 ct &#171;Arianna&#187;\"}]},{\"@type\":\"WebSite\",\"@id\":\"https:\/\/colibri-jewels.eu\/et\/#website\",\"url\":\"https:\/\/colibri-jewels.eu\/et\/\",\"name\":\"Colibri jewels\",\"description\":\"jewelry shop\",\"publisher\":{\"@id\":\"https:\/\/colibri-jewels.eu\/et\/#organization\"},\"potentialAction\":[{\"@type\":\"SearchAction\",\"target\":{\"@type\":\"EntryPoint\",\"urlTemplate\":\"https:\/\/colibri-jewels.eu\/et\/?s={search_term_string}\"},\"query-input\":{\"@type\":\"PropertyValueSpecification\",\"valueRequired\":true,\"valueName\":\"search_term_string\"}}],\"inLanguage\":\"et\"},{\"@type\":\"Organization\",\"@id\":\"https:\/\/colibri-jewels.eu\/et\/#organization\",\"name\":\"O\u00dc Colibri\",\"url\":\"https:\/\/colibri-jewels.eu\/et\/\",\"logo\":{\"@type\":\"ImageObject\",\"inLanguage\":\"et\",\"@id\":\"https:\/\/colibri-jewels.eu\/et\/#\/schema\/logo\/image\/\",\"url\":\"https:\/\/dev.colibri-jewels.eu\/wp-content\/uploads\/2021\/03\/colibri.png\",\"contentUrl\":\"https:\/\/dev.colibri-jewels.eu\/wp-content\/uploads\/2021\/03\/colibri.png\",\"width\":227,\"height\":130,\"caption\":\"O\u00dc Colibri\"},\"image\":{\"@id\":\"https:\/\/colibri-jewels.eu\/et\/#\/schema\/logo\/image\/\"},\"sameAs\":[\"https:\/\/www.facebook.com\/colibri.jewels\",\"https:\/\/www.instagram.com\/colibri.jewels\",\"https:\/\/www.tiktok.com\/colibri.jewels\"]}]}<\/script>\n<!-- \/ Yoast SEO Premium plugin. -->","yoast_head_json":{"title":"Kihlas\u00f5rmus valgest kullast lab teemantiga 1,04 ct \"Arianna\" - Colibri jewels","description":"Romantiline s\u00f5rmus Arianna 585 valgest kullast keskse lab teemantiga (1,05 ct, D\/VVS1) cushion-lihvi ja s\u00e4deleva halo-ga. V\u00f5imalus tellida looduslike teemantidega.","robots":{"index":"index","follow":"follow","max-snippet":"max-snippet:-1","max-image-preview":"max-image-preview:large","max-video-preview":"max-video-preview:-1"},"canonical":"https:\/\/colibri-jewels.eu\/et\/toode\/kihlasormus-valgest-kullast-lab-teemantiga-105-ct-arianna\/","og_locale":"et_EE","og_type":"article","og_title":"Kihlas\u00f5rmus valgest kullast lab teemantiga 1,04 ct \"Arianna\"","og_description":"Romantiline s\u00f5rmus Arianna 585 valgest kullast keskse lab teemantiga (1,05 ct, D\/VVS1) cushion-lihvi ja s\u00e4deleva halo-ga. V\u00f5imalus tellida looduslike teemantidega.","og_url":"https:\/\/colibri-jewels.eu\/et\/toode\/kihlasormus-valgest-kullast-lab-teemantiga-105-ct-arianna\/","og_site_name":"Colibri jewels","article_publisher":"https:\/\/www.facebook.com\/colibri.jewels","og_image":[{"width":1000,"height":1000,"url":"https:\/\/colibri-jewels.eu\/wp-content\/uploads\/2025\/10\/cushion-halo.jpg","type":"image\/jpeg"}],"twitter_card":"summary_large_image","twitter_misc":{"Est. reading time":"1 minut"},"schema":{"@context":"https:\/\/schema.org","@graph":[{"@type":"WebPage","@id":"https:\/\/colibri-jewels.eu\/et\/toode\/kihlasormus-valgest-kullast-lab-teemantiga-105-ct-arianna\/","url":"https:\/\/colibri-jewels.eu\/et\/toode\/kihlasormus-valgest-kullast-lab-teemantiga-105-ct-arianna\/","name":"Kihlas\u00f5rmus valgest kullast lab teemantiga 1,04 ct \"Arianna\" - Colibri jewels","isPartOf":{"@id":"https:\/\/colibri-jewels.eu\/et\/#website"},"primaryImageOfPage":{"@id":"https:\/\/colibri-jewels.eu\/et\/toode\/kihlasormus-valgest-kullast-lab-teemantiga-105-ct-arianna\/#primaryimage"},"image":{"@id":"https:\/\/colibri-jewels.eu\/et\/toode\/kihlasormus-valgest-kullast-lab-teemantiga-105-ct-arianna\/#primaryimage"},"thumbnailUrl":"https:\/\/colibri-jewels.eu\/wp-content\/uploads\/2025\/10\/cushion-halo.jpg","datePublished":"2026-01-25T15:35:09+00:00","description":"Romantiline s\u00f5rmus Arianna 585 valgest kullast keskse lab teemantiga (1,05 ct, D\/VVS1) cushion-lihvi ja s\u00e4deleva halo-ga. V\u00f5imalus tellida looduslike teemantidega.","breadcrumb":{"@id":"https:\/\/colibri-jewels.eu\/et\/toode\/kihlasormus-valgest-kullast-lab-teemantiga-105-ct-arianna\/#breadcrumb"},"inLanguage":"et","potentialAction":[{"@type":"ReadAction","target":["https:\/\/colibri-jewels.eu\/et\/toode\/kihlasormus-valgest-kullast-lab-teemantiga-105-ct-arianna\/"]}]},{"@type":"ImageObject","inLanguage":"et","@id":"https:\/\/colibri-jewels.eu\/et\/toode\/kihlasormus-valgest-kullast-lab-teemantiga-105-ct-arianna\/#primaryimage","url":"https:\/\/colibri-jewels.eu\/wp-content\/uploads\/2025\/10\/cushion-halo.jpg","contentUrl":"https:\/\/colibri-jewels.eu\/wp-content\/uploads\/2025\/10\/cushion-halo.jpg","width":1000,"height":1000},{"@type":"BreadcrumbList","@id":"https:\/\/colibri-jewels.eu\/et\/toode\/kihlasormus-valgest-kullast-lab-teemantiga-105-ct-arianna\/#breadcrumb","itemListElement":[{"@type":"ListItem","position":1,"name":"\u0413\u043b\u0430\u0432\u043d\u0430\u044f \u0441\u0442\u0440\u0430\u043d\u0438\u0446\u0430","item":"https:\/\/colibri-jewels.eu\/et\/"},{"@type":"ListItem","position":2,"name":"Pood","item":"https:\/\/colibri-jewels.eu\/et\/pood\/"},{"@type":"ListItem","position":3,"name":"Kihlas\u00f5rmus valgest kullast lab teemantiga 1,04 ct &#171;Arianna&#187;"}]},{"@type":"WebSite","@id":"https:\/\/colibri-jewels.eu\/et\/#website","url":"https:\/\/colibri-jewels.eu\/et\/","name":"Colibri jewels","description":"jewelry shop","publisher":{"@id":"https:\/\/colibri-jewels.eu\/et\/#organization"},"potentialAction":[{"@type":"SearchAction","target":{"@type":"EntryPoint","urlTemplate":"https:\/\/colibri-jewels.eu\/et\/?s={search_term_string}"},"query-input":{"@type":"PropertyValueSpecification","valueRequired":true,"valueName":"search_term_string"}}],"inLanguage":"et"},{"@type":"Organization","@id":"https:\/\/colibri-jewels.eu\/et\/#organization","name":"O\u00dc Colibri","url":"https:\/\/colibri-jewels.eu\/et\/","logo":{"@type":"ImageObject","inLanguage":"et","@id":"https:\/\/colibri-jewels.eu\/et\/#\/schema\/logo\/image\/","url":"https:\/\/dev.colibri-jewels.eu\/wp-content\/uploads\/2021\/03\/colibri.png","contentUrl":"https:\/\/dev.colibri-jewels.eu\/wp-content\/uploads\/2021\/03\/colibri.png","width":227,"height":130,"caption":"O\u00dc Colibri"},"image":{"@id":"https:\/\/colibri-jewels.eu\/et\/#\/schema\/logo\/image\/"},"sameAs":["https:\/\/www.facebook.com\/colibri.jewels","https:\/\/www.instagram.com\/colibri.jewels","https:\/\/www.tiktok.com\/colibri.jewels"]}]}},"_links":{"self":[{"href":"https:\/\/colibri-jewels.eu\/et\/wp-json\/wp\/v2\/product\/57296","targetHints":{"allow":["GET"]}}],"collection":[{"href":"https:\/\/colibri-jewels.eu\/et\/wp-json\/wp\/v2\/product"}],"about":[{"href":"https:\/\/colibri-jewels.eu\/et\/wp-json\/wp\/v2\/types\/product"}],"replies":[{"embeddable":true,"href":"https:\/\/colibri-jewels.eu\/et\/wp-json\/wp\/v2\/comments?post=57296"}],"version-history":[{"count":2,"href":"https:\/\/colibri-jewels.eu\/et\/wp-json\/wp\/v2\/product\/57296\/revisions"}],"predecessor-version":[{"id":62433,"href":"https:\/\/colibri-jewels.eu\/et\/wp-json\/wp\/v2\/product\/57296\/revisions\/62433"}],"wp:featuredmedia":[{"embeddable":true,"href":"https:\/\/colibri-jewels.eu\/et\/wp-json\/wp\/v2\/media\/57292"}],"wp:attachment":[{"href":"https:\/\/colibri-jewels.eu\/et\/wp-json\/wp\/v2\/media?parent=57296"}],"wp:term":[{"taxonomy":"brand","embeddable":true,"href":"https:\/\/colibri-jewels.eu\/et\/wp-json\/wp\/v2\/etheme_brands?post=57296"},{"taxonomy":"product_brand","embeddable":true,"href":"https:\/\/colibri-jewels.eu\/et\/wp-json\/wp\/v2\/product_brand?post=57296"},{"taxonomy":"product_cat","embeddable":true,"href":"https:\/\/colibri-jewels.eu\/et\/wp-json\/wp\/v2\/product_cat?post=57296"},{"taxonomy":"product_tag","embeddable":true,"href":"https:\/\/colibri-jewels.eu\/et\/wp-json\/wp\/v2\/product_tag?post=57296"}],"curies":[{"name":"wp","href":"https:\/\/api.w.org\/{rel}","templated":true}]}}