{"id":57501,"date":"2025-10-21T11:36:54","date_gmt":"2025-10-21T08:36:54","guid":{"rendered":"https:\/\/colibri-jewels.eu\/?post_type=product&#038;p=57501"},"modified":"2025-10-21T12:15:38","modified_gmt":"2025-10-21T09:15:38","slug":"hobedast-amulett-lada-puu-perekonna-suda","status":"publish","type":"product","link":"https:\/\/colibri-jewels.eu\/et\/toode\/hobedast-amulett-lada-puu-perekonna-suda\/","title":{"rendered":"H\u00f5bedast amulett &#8220;Lada puu \u2013 Perekonna s\u00fcda&#8221;"},"content":{"rendered":"<p>Ripats on Elupuu s\u00fcmboli ja graatsilise naise kujutise oskuslik p\u00f5imumine. Kompositsioon on inspireeritud slaavi jumalanna Lada \u2014 suure Ro\u017eanitsa (S\u00fcnnituse\/S\u00fcnni Patroon), kes annab perekonnale rahu ja \u00fcksmeelt \u2014 kujutisest. Naisfiguur, mis on kompositsiooni keskpunkt ja Puu &#8220;t\u00fcvi&#8221;, kehastab Suguv\u00f5sa Alustajat. Ta s\u00fcmboliseerib purunematut sidet esivanematega (juured) ja viljakat j\u00f5udu, mis on suunatud j\u00e4reltulijate \u00f5itsengule (oksad). Ripats on v\u00f5imas amulett, mis aitab kaasa:<\/p>\n<ul>\n<li><span class=\"\">Pere\u00f5nnele ja harmooniale suhetes.<\/span><\/li>\n<li><span class=\"\">Patroonile emaduses ja s\u00fcnnitamisel.<\/span><\/li>\n<li><span class=\"\">Suguv\u00f5sa sidemete tugevdamisele ja naiseliku tarkuse edasiandmisele.<\/span><\/li>\n<\/ul>\n<p>See ei ole lihtsalt ehe, see on Lada \u2014 slaavi armastuse ja perekondliku \u00fcksmeele jumalanna \u2014 talisman. Graatsiline figuur, mis on muutunud Puu tugevaks t\u00fcveks, isikustab seda, kes hoiab perekonna kollet ning toob Suguv\u00f5sale armastust ja harmooniat.<\/p>\n<p>Kandke seda ripatsit amulettina, mis t\u00f5mbab majja ladi (\u00fcksmeelt), kaitseb abieluliitu ja aitab kaasa Suguv\u00f5sa j\u00e4tkamisele. Las see saab Teie isiklikuks Ro\u017eanitsa kehastuseks, andes emaduse j\u00f5u ja \u00f5nne, ning meenutab Teie keskset, eluandvat rolli oma perekonna ajaloos.<\/p>\n","protected":false},"excerpt":{"rendered":"<p>S\u00fcmbolistlik h\u00f5beripats &#8220;Elupuu&#8221; naisfiguuriga. Amulett, mis kehastab slaavi jumalannat Ladat \u2014 armastuse, abielu ja soo j\u00e4tkamise patroon. Naiseliku j\u00f5u, harmoonia ja purunematu sideme s\u00fcmbol perekonnaga. Imeline kingitus naisele, kes on Suguv\u00f5sa s\u00fcda.<\/p>\n","protected":false},"featured_media":57499,"comment_status":"open","ping_status":"closed","template":"","meta":[],"etheme_brands":[],"product_brand":[],"product_cat":[470],"product_tag":[506],"class_list":{"0":"post-57501","1":"product","2":"type-product","3":"status-publish","4":"has-post-thumbnail","6":"product_cat-kaelakeed-ja-ripatsid","7":"product_tag-ruunid","9":"first","10":"outofstock","11":"shipping-taxable","12":"purchasable","13":"product-type-simple"},"acf":[],"yoast_head":"<!-- This site is optimized with the Yoast SEO Premium plugin v26.5 (Yoast SEO v26.8) - https:\/\/yoast.com\/product\/yoast-seo-premium-wordpress\/ -->\n<title>H\u00f5bedast amulett &quot;Lada puu \u2013 Perekonna s\u00fcda&quot; - Colibri jewels<\/title>\n<meta name=\"robots\" content=\"index, follow, max-snippet:-1, max-image-preview:large, max-video-preview:-1\" \/>\n<link rel=\"canonical\" href=\"https:\/\/colibri-jewels.eu\/et\/toode\/hobedast-amulett-lada-puu-perekonna-suda\/\" \/>\n<meta property=\"og:locale\" content=\"et_EE\" \/>\n<meta property=\"og:type\" content=\"article\" \/>\n<meta property=\"og:title\" content=\"H\u00f5bedast amulett &quot;Lada puu \u2013 Perekonna s\u00fcda&quot;\" \/>\n<meta property=\"og:description\" content=\"S\u00fcmbolistlik h\u00f5beripats &quot;Elupuu&quot; naisfiguuriga. Amulett, mis kehastab slaavi jumalannat Ladat \u2014 armastuse, abielu ja soo j\u00e4tkamise patroon. Naiseliku j\u00f5u, harmoonia ja purunematu sideme s\u00fcmbol perekonnaga. Imeline kingitus naisele, kes on Suguv\u00f5sa s\u00fcda.\" \/>\n<meta property=\"og:url\" content=\"https:\/\/colibri-jewels.eu\/et\/toode\/hobedast-amulett-lada-puu-perekonna-suda\/\" \/>\n<meta property=\"og:site_name\" content=\"Colibri jewels\" \/>\n<meta property=\"article:publisher\" content=\"https:\/\/www.facebook.com\/colibri.jewels\" \/>\n<meta property=\"article:modified_time\" content=\"2025-10-21T09:15:38+00:00\" \/>\n<meta property=\"og:image\" content=\"https:\/\/colibri-jewels.eu\/wp-content\/uploads\/2025\/10\/2381-full.jpg\" \/>\n\t<meta property=\"og:image:width\" content=\"1000\" \/>\n\t<meta property=\"og:image:height\" content=\"1000\" \/>\n\t<meta property=\"og:image:type\" content=\"image\/jpeg\" \/>\n<meta name=\"twitter:card\" content=\"summary_large_image\" \/>\n<meta name=\"twitter:label1\" content=\"Est. reading time\" \/>\n\t<meta name=\"twitter:data1\" content=\"1 minut\" \/>\n<script type=\"application\/ld+json\" class=\"yoast-schema-graph\">{\"@context\":\"https:\/\/schema.org\",\"@graph\":[{\"@type\":\"WebPage\",\"@id\":\"https:\/\/colibri-jewels.eu\/et\/toode\/hobedast-amulett-lada-puu-perekonna-suda\/\",\"url\":\"https:\/\/colibri-jewels.eu\/et\/toode\/hobedast-amulett-lada-puu-perekonna-suda\/\",\"name\":\"H\u00f5bedast amulett \\\"Lada puu \u2013 Perekonna s\u00fcda\\\" - Colibri jewels\",\"isPartOf\":{\"@id\":\"https:\/\/colibri-jewels.eu\/et\/#website\"},\"primaryImageOfPage\":{\"@id\":\"https:\/\/colibri-jewels.eu\/et\/toode\/hobedast-amulett-lada-puu-perekonna-suda\/#primaryimage\"},\"image\":{\"@id\":\"https:\/\/colibri-jewels.eu\/et\/toode\/hobedast-amulett-lada-puu-perekonna-suda\/#primaryimage\"},\"thumbnailUrl\":\"https:\/\/colibri-jewels.eu\/wp-content\/uploads\/2025\/10\/2381-full.jpg\",\"datePublished\":\"2025-10-21T08:36:54+00:00\",\"dateModified\":\"2025-10-21T09:15:38+00:00\",\"breadcrumb\":{\"@id\":\"https:\/\/colibri-jewels.eu\/et\/toode\/hobedast-amulett-lada-puu-perekonna-suda\/#breadcrumb\"},\"inLanguage\":\"et\",\"potentialAction\":[{\"@type\":\"ReadAction\",\"target\":[\"https:\/\/colibri-jewels.eu\/et\/toode\/hobedast-amulett-lada-puu-perekonna-suda\/\"]}]},{\"@type\":\"ImageObject\",\"inLanguage\":\"et\",\"@id\":\"https:\/\/colibri-jewels.eu\/et\/toode\/hobedast-amulett-lada-puu-perekonna-suda\/#primaryimage\",\"url\":\"https:\/\/colibri-jewels.eu\/wp-content\/uploads\/2025\/10\/2381-full.jpg\",\"contentUrl\":\"https:\/\/colibri-jewels.eu\/wp-content\/uploads\/2025\/10\/2381-full.jpg\",\"width\":1000,\"height\":1000},{\"@type\":\"BreadcrumbList\",\"@id\":\"https:\/\/colibri-jewels.eu\/et\/toode\/hobedast-amulett-lada-puu-perekonna-suda\/#breadcrumb\",\"itemListElement\":[{\"@type\":\"ListItem\",\"position\":1,\"name\":\"\u0413\u043b\u0430\u0432\u043d\u0430\u044f \u0441\u0442\u0440\u0430\u043d\u0438\u0446\u0430\",\"item\":\"https:\/\/colibri-jewels.eu\/et\/\"},{\"@type\":\"ListItem\",\"position\":2,\"name\":\"Pood\",\"item\":\"https:\/\/colibri-jewels.eu\/et\/pood\/\"},{\"@type\":\"ListItem\",\"position\":3,\"name\":\"H\u00f5bedast amulett &#8220;Lada puu \u2013 Perekonna s\u00fcda&#8221;\"}]},{\"@type\":\"WebSite\",\"@id\":\"https:\/\/colibri-jewels.eu\/et\/#website\",\"url\":\"https:\/\/colibri-jewels.eu\/et\/\",\"name\":\"Colibri jewels\",\"description\":\"jewelry shop\",\"publisher\":{\"@id\":\"https:\/\/colibri-jewels.eu\/et\/#organization\"},\"potentialAction\":[{\"@type\":\"SearchAction\",\"target\":{\"@type\":\"EntryPoint\",\"urlTemplate\":\"https:\/\/colibri-jewels.eu\/et\/?s={search_term_string}\"},\"query-input\":{\"@type\":\"PropertyValueSpecification\",\"valueRequired\":true,\"valueName\":\"search_term_string\"}}],\"inLanguage\":\"et\"},{\"@type\":\"Organization\",\"@id\":\"https:\/\/colibri-jewels.eu\/et\/#organization\",\"name\":\"O\u00dc Colibri\",\"url\":\"https:\/\/colibri-jewels.eu\/et\/\",\"logo\":{\"@type\":\"ImageObject\",\"inLanguage\":\"et\",\"@id\":\"https:\/\/colibri-jewels.eu\/et\/#\/schema\/logo\/image\/\",\"url\":\"https:\/\/dev.colibri-jewels.eu\/wp-content\/uploads\/2021\/03\/colibri.png\",\"contentUrl\":\"https:\/\/dev.colibri-jewels.eu\/wp-content\/uploads\/2021\/03\/colibri.png\",\"width\":227,\"height\":130,\"caption\":\"O\u00dc Colibri\"},\"image\":{\"@id\":\"https:\/\/colibri-jewels.eu\/et\/#\/schema\/logo\/image\/\"},\"sameAs\":[\"https:\/\/www.facebook.com\/colibri.jewels\",\"https:\/\/www.instagram.com\/colibri.jewels\",\"https:\/\/www.tiktok.com\/colibri.jewels\"]}]}<\/script>\n<!-- \/ Yoast SEO Premium plugin. -->","yoast_head_json":{"title":"H\u00f5bedast amulett \"Lada puu \u2013 Perekonna s\u00fcda\" - Colibri jewels","robots":{"index":"index","follow":"follow","max-snippet":"max-snippet:-1","max-image-preview":"max-image-preview:large","max-video-preview":"max-video-preview:-1"},"canonical":"https:\/\/colibri-jewels.eu\/et\/toode\/hobedast-amulett-lada-puu-perekonna-suda\/","og_locale":"et_EE","og_type":"article","og_title":"H\u00f5bedast amulett \"Lada puu \u2013 Perekonna s\u00fcda\"","og_description":"S\u00fcmbolistlik h\u00f5beripats \"Elupuu\" naisfiguuriga. Amulett, mis kehastab slaavi jumalannat Ladat \u2014 armastuse, abielu ja soo j\u00e4tkamise patroon. Naiseliku j\u00f5u, harmoonia ja purunematu sideme s\u00fcmbol perekonnaga. Imeline kingitus naisele, kes on Suguv\u00f5sa s\u00fcda.","og_url":"https:\/\/colibri-jewels.eu\/et\/toode\/hobedast-amulett-lada-puu-perekonna-suda\/","og_site_name":"Colibri jewels","article_publisher":"https:\/\/www.facebook.com\/colibri.jewels","article_modified_time":"2025-10-21T09:15:38+00:00","og_image":[{"width":1000,"height":1000,"url":"https:\/\/colibri-jewels.eu\/wp-content\/uploads\/2025\/10\/2381-full.jpg","type":"image\/jpeg"}],"twitter_card":"summary_large_image","twitter_misc":{"Est. reading time":"1 minut"},"schema":{"@context":"https:\/\/schema.org","@graph":[{"@type":"WebPage","@id":"https:\/\/colibri-jewels.eu\/et\/toode\/hobedast-amulett-lada-puu-perekonna-suda\/","url":"https:\/\/colibri-jewels.eu\/et\/toode\/hobedast-amulett-lada-puu-perekonna-suda\/","name":"H\u00f5bedast amulett \"Lada puu \u2013 Perekonna s\u00fcda\" - Colibri jewels","isPartOf":{"@id":"https:\/\/colibri-jewels.eu\/et\/#website"},"primaryImageOfPage":{"@id":"https:\/\/colibri-jewels.eu\/et\/toode\/hobedast-amulett-lada-puu-perekonna-suda\/#primaryimage"},"image":{"@id":"https:\/\/colibri-jewels.eu\/et\/toode\/hobedast-amulett-lada-puu-perekonna-suda\/#primaryimage"},"thumbnailUrl":"https:\/\/colibri-jewels.eu\/wp-content\/uploads\/2025\/10\/2381-full.jpg","datePublished":"2025-10-21T08:36:54+00:00","dateModified":"2025-10-21T09:15:38+00:00","breadcrumb":{"@id":"https:\/\/colibri-jewels.eu\/et\/toode\/hobedast-amulett-lada-puu-perekonna-suda\/#breadcrumb"},"inLanguage":"et","potentialAction":[{"@type":"ReadAction","target":["https:\/\/colibri-jewels.eu\/et\/toode\/hobedast-amulett-lada-puu-perekonna-suda\/"]}]},{"@type":"ImageObject","inLanguage":"et","@id":"https:\/\/colibri-jewels.eu\/et\/toode\/hobedast-amulett-lada-puu-perekonna-suda\/#primaryimage","url":"https:\/\/colibri-jewels.eu\/wp-content\/uploads\/2025\/10\/2381-full.jpg","contentUrl":"https:\/\/colibri-jewels.eu\/wp-content\/uploads\/2025\/10\/2381-full.jpg","width":1000,"height":1000},{"@type":"BreadcrumbList","@id":"https:\/\/colibri-jewels.eu\/et\/toode\/hobedast-amulett-lada-puu-perekonna-suda\/#breadcrumb","itemListElement":[{"@type":"ListItem","position":1,"name":"\u0413\u043b\u0430\u0432\u043d\u0430\u044f \u0441\u0442\u0440\u0430\u043d\u0438\u0446\u0430","item":"https:\/\/colibri-jewels.eu\/et\/"},{"@type":"ListItem","position":2,"name":"Pood","item":"https:\/\/colibri-jewels.eu\/et\/pood\/"},{"@type":"ListItem","position":3,"name":"H\u00f5bedast amulett &#8220;Lada puu \u2013 Perekonna s\u00fcda&#8221;"}]},{"@type":"WebSite","@id":"https:\/\/colibri-jewels.eu\/et\/#website","url":"https:\/\/colibri-jewels.eu\/et\/","name":"Colibri jewels","description":"jewelry shop","publisher":{"@id":"https:\/\/colibri-jewels.eu\/et\/#organization"},"potentialAction":[{"@type":"SearchAction","target":{"@type":"EntryPoint","urlTemplate":"https:\/\/colibri-jewels.eu\/et\/?s={search_term_string}"},"query-input":{"@type":"PropertyValueSpecification","valueRequired":true,"valueName":"search_term_string"}}],"inLanguage":"et"},{"@type":"Organization","@id":"https:\/\/colibri-jewels.eu\/et\/#organization","name":"O\u00dc Colibri","url":"https:\/\/colibri-jewels.eu\/et\/","logo":{"@type":"ImageObject","inLanguage":"et","@id":"https:\/\/colibri-jewels.eu\/et\/#\/schema\/logo\/image\/","url":"https:\/\/dev.colibri-jewels.eu\/wp-content\/uploads\/2021\/03\/colibri.png","contentUrl":"https:\/\/dev.colibri-jewels.eu\/wp-content\/uploads\/2021\/03\/colibri.png","width":227,"height":130,"caption":"O\u00dc Colibri"},"image":{"@id":"https:\/\/colibri-jewels.eu\/et\/#\/schema\/logo\/image\/"},"sameAs":["https:\/\/www.facebook.com\/colibri.jewels","https:\/\/www.instagram.com\/colibri.jewels","https:\/\/www.tiktok.com\/colibri.jewels"]}]}},"_links":{"self":[{"href":"https:\/\/colibri-jewels.eu\/et\/wp-json\/wp\/v2\/product\/57501","targetHints":{"allow":["GET"]}}],"collection":[{"href":"https:\/\/colibri-jewels.eu\/et\/wp-json\/wp\/v2\/product"}],"about":[{"href":"https:\/\/colibri-jewels.eu\/et\/wp-json\/wp\/v2\/types\/product"}],"replies":[{"embeddable":true,"href":"https:\/\/colibri-jewels.eu\/et\/wp-json\/wp\/v2\/comments?post=57501"}],"version-history":[{"count":1,"href":"https:\/\/colibri-jewels.eu\/et\/wp-json\/wp\/v2\/product\/57501\/revisions"}],"predecessor-version":[{"id":57522,"href":"https:\/\/colibri-jewels.eu\/et\/wp-json\/wp\/v2\/product\/57501\/revisions\/57522"}],"wp:featuredmedia":[{"embeddable":true,"href":"https:\/\/colibri-jewels.eu\/et\/wp-json\/wp\/v2\/media\/57499"}],"wp:attachment":[{"href":"https:\/\/colibri-jewels.eu\/et\/wp-json\/wp\/v2\/media?parent=57501"}],"wp:term":[{"taxonomy":"brand","embeddable":true,"href":"https:\/\/colibri-jewels.eu\/et\/wp-json\/wp\/v2\/etheme_brands?post=57501"},{"taxonomy":"product_brand","embeddable":true,"href":"https:\/\/colibri-jewels.eu\/et\/wp-json\/wp\/v2\/product_brand?post=57501"},{"taxonomy":"product_cat","embeddable":true,"href":"https:\/\/colibri-jewels.eu\/et\/wp-json\/wp\/v2\/product_cat?post=57501"},{"taxonomy":"product_tag","embeddable":true,"href":"https:\/\/colibri-jewels.eu\/et\/wp-json\/wp\/v2\/product_tag?post=57501"}],"curies":[{"name":"wp","href":"https:\/\/api.w.org\/{rel}","templated":true}]}}