{"id":57564,"date":"2025-10-25T21:25:36","date_gmt":"2025-10-25T18:25:36","guid":{"rendered":"https:\/\/colibri-jewels.eu\/?post_type=product&#038;p=57564"},"modified":"2025-10-25T22:08:17","modified_gmt":"2025-10-25T19:08:17","slug":"kuldne-lab-diamond-sormus-tiana-radiant-lihviga","status":"publish","type":"product","link":"https:\/\/colibri-jewels.eu\/et\/toode\/kuldne-lab-diamond-sormus-tiana-radiant-lihviga\/","title":{"rendered":"Kuldne Lab Diamond s\u00f5rmus &#8220;Tiana&#8221; radiant-lihviga"},"content":{"rendered":"<p><b>Tiana<\/b> s\u00f5rmus on elegantsi ja luksuse kehastus. Graatsiline disain 585 prooviga valgest kullast r\u00f5hutab peamise kivi ilu \u2014 suurep\u00e4rast laboriteemanti kaaluga 1.70 karaati, Radiant-l\u00f5ikega ja erakordsete D\/VVS2 omadustega. 14 laboriteemandist koosnev riba kogukaaluga 0.40 karaati lisab ehtele t\u00e4iendavat s\u00e4ra ja peenust. Laboriteemantidel on identne keemiline, f\u00fc\u00fcsiline ja optiline koostis nagu looduslikel teemantidel, tagades sama suursugususe ja vastupidavuse. Samal ajal on need looduslike analoogidega v\u00f5rreldes oluliselt \u00f6konoomsem valik, mis v\u00f5imaldab Teil valida suurema kivi v\u00f5i keerukama disaini.<\/p>\n<p><b>Eelised<\/b><\/p>\n<ul>\n<li>Luksuslik laboriteemant Radiant-l\u00f5ikega (1.70 ct).<\/li>\n<li>Kivi k\u00f5rgeimad omadused: V\u00e4rv D (v\u00e4rvitu), Puhtus VVS2.<\/li>\n<li>Laboriteemantide riba s\u00f5rmuse v\u00f5rul t\u00e4iendavaks s\u00e4rinaks.<\/li>\n<li>Klassikaline ja elegantne disain.<\/li>\n<\/ul>\n<p><b>Individuaaltellimus<\/b><\/p>\n<ul>\n<li>Me saame valmistada <b>Tiana<\/b> s\u00f5rmuse laboriteemandiga mistahes teise karaadikaalu, v\u00e4rvi v\u00f5i puhtusega vastavalt Teie individuaalsele soovile.<\/li>\n<li>V\u00f5imalik valmistamine 585 prooviga kollasest v\u00f5i roosast kullast, samuti plaatinast.<\/li>\n<\/ul>\n<p><b>Valmistamise aeg<\/b>: 4\u20135 n\u00e4dalat. <b>Komplektis:<\/b> Sertifikaat kesksele laboriteemandile.<\/p>\n","protected":false},"excerpt":{"rendered":"<p><b>Tiana<\/b> S\u00f5rmus. Peen kihlas\u00f5rmus 585 prooviga valgest kullast. Keskmine laboriteemant Radiant-l\u00f5ikega 1.70 ct (D\/VVS2), \u00fcmbritsetud teemantribaga (0.40 ct). Luksus ilma kompromissideta: laboriteemandid on identsed looduslikega, kuid oluliselt \u00f6konoomsemad. Saadaval tellimiseks mistahes karaadikaalus.<\/p>\n","protected":false},"featured_media":57560,"comment_status":"open","ping_status":"closed","template":"","meta":[],"etheme_brands":[],"product_brand":[],"product_cat":[471],"product_tag":[474,1255,508],"class_list":{"0":"post-57564","1":"product","2":"type-product","3":"status-publish","4":"has-post-thumbnail","6":"product_cat-sormused","7":"product_tag-kihlasormused","8":"product_tag-lab-teemantid","9":"product_tag-solitaar","11":"first","12":"onbackorder","13":"shipping-taxable","14":"purchasable","15":"product-type-simple"},"acf":[],"yoast_head":"<!-- This site is optimized with the Yoast SEO Premium plugin v26.5 (Yoast SEO v26.8) - https:\/\/yoast.com\/product\/yoast-seo-premium-wordpress\/ -->\n<title>Kuldne Lab Diamond s\u00f5rmus &quot;Tiana&quot; radiant-lihviga - Colibri jewels<\/title>\n<meta name=\"description\" content=\"Tiana kihlas\u00f5rmus. Laboriteemant Radiant-l\u00f5ikega 1.70 karaati D\/VVS2. Luksuslik disain, valge kuld, teemantriba.\" \/>\n<meta name=\"robots\" content=\"index, follow, max-snippet:-1, max-image-preview:large, max-video-preview:-1\" \/>\n<link rel=\"canonical\" href=\"https:\/\/colibri-jewels.eu\/et\/toode\/kuldne-lab-diamond-sormus-tiana-radiant-lihviga\/\" \/>\n<meta property=\"og:locale\" content=\"et_EE\" \/>\n<meta property=\"og:type\" content=\"article\" \/>\n<meta property=\"og:title\" content=\"Kuldne Lab Diamond s\u00f5rmus &quot;Tiana&quot; radiant-lihviga\" \/>\n<meta property=\"og:description\" content=\"Tiana kihlas\u00f5rmus. Laboriteemant Radiant-l\u00f5ikega 1.70 karaati D\/VVS2. Luksuslik disain, valge kuld, teemantriba.\" \/>\n<meta property=\"og:url\" content=\"https:\/\/colibri-jewels.eu\/et\/toode\/kuldne-lab-diamond-sormus-tiana-radiant-lihviga\/\" \/>\n<meta property=\"og:site_name\" content=\"Colibri jewels\" \/>\n<meta property=\"article:publisher\" content=\"https:\/\/www.facebook.com\/colibri.jewels\" \/>\n<meta property=\"article:modified_time\" content=\"2025-10-25T19:08:17+00:00\" \/>\n<meta property=\"og:image\" content=\"https:\/\/colibri-jewels.eu\/wp-content\/uploads\/2025\/10\/golden-ring-with-lab-diamond-radiant-cut-R-00869w.jpg\" \/>\n\t<meta property=\"og:image:width\" content=\"1000\" \/>\n\t<meta property=\"og:image:height\" content=\"1000\" \/>\n\t<meta property=\"og:image:type\" content=\"image\/jpeg\" \/>\n<meta name=\"twitter:card\" content=\"summary_large_image\" \/>\n<meta name=\"twitter:label1\" content=\"Est. reading time\" \/>\n\t<meta name=\"twitter:data1\" content=\"1 minut\" \/>\n<script type=\"application\/ld+json\" class=\"yoast-schema-graph\">{\"@context\":\"https:\/\/schema.org\",\"@graph\":[{\"@type\":\"WebPage\",\"@id\":\"https:\/\/colibri-jewels.eu\/et\/toode\/kuldne-lab-diamond-sormus-tiana-radiant-lihviga\/\",\"url\":\"https:\/\/colibri-jewels.eu\/et\/toode\/kuldne-lab-diamond-sormus-tiana-radiant-lihviga\/\",\"name\":\"Kuldne Lab Diamond s\u00f5rmus \\\"Tiana\\\" radiant-lihviga - Colibri jewels\",\"isPartOf\":{\"@id\":\"https:\/\/colibri-jewels.eu\/et\/#website\"},\"primaryImageOfPage\":{\"@id\":\"https:\/\/colibri-jewels.eu\/et\/toode\/kuldne-lab-diamond-sormus-tiana-radiant-lihviga\/#primaryimage\"},\"image\":{\"@id\":\"https:\/\/colibri-jewels.eu\/et\/toode\/kuldne-lab-diamond-sormus-tiana-radiant-lihviga\/#primaryimage\"},\"thumbnailUrl\":\"https:\/\/colibri-jewels.eu\/wp-content\/uploads\/2025\/10\/golden-ring-with-lab-diamond-radiant-cut-R-00869w.jpg\",\"datePublished\":\"2025-10-25T18:25:36+00:00\",\"dateModified\":\"2025-10-25T19:08:17+00:00\",\"description\":\"Tiana kihlas\u00f5rmus. Laboriteemant Radiant-l\u00f5ikega 1.70 karaati D\/VVS2. Luksuslik disain, valge kuld, teemantriba.\",\"breadcrumb\":{\"@id\":\"https:\/\/colibri-jewels.eu\/et\/toode\/kuldne-lab-diamond-sormus-tiana-radiant-lihviga\/#breadcrumb\"},\"inLanguage\":\"et\",\"potentialAction\":[{\"@type\":\"ReadAction\",\"target\":[\"https:\/\/colibri-jewels.eu\/et\/toode\/kuldne-lab-diamond-sormus-tiana-radiant-lihviga\/\"]}]},{\"@type\":\"ImageObject\",\"inLanguage\":\"et\",\"@id\":\"https:\/\/colibri-jewels.eu\/et\/toode\/kuldne-lab-diamond-sormus-tiana-radiant-lihviga\/#primaryimage\",\"url\":\"https:\/\/colibri-jewels.eu\/wp-content\/uploads\/2025\/10\/golden-ring-with-lab-diamond-radiant-cut-R-00869w.jpg\",\"contentUrl\":\"https:\/\/colibri-jewels.eu\/wp-content\/uploads\/2025\/10\/golden-ring-with-lab-diamond-radiant-cut-R-00869w.jpg\",\"width\":1000,\"height\":1000},{\"@type\":\"BreadcrumbList\",\"@id\":\"https:\/\/colibri-jewels.eu\/et\/toode\/kuldne-lab-diamond-sormus-tiana-radiant-lihviga\/#breadcrumb\",\"itemListElement\":[{\"@type\":\"ListItem\",\"position\":1,\"name\":\"\u0413\u043b\u0430\u0432\u043d\u0430\u044f \u0441\u0442\u0440\u0430\u043d\u0438\u0446\u0430\",\"item\":\"https:\/\/colibri-jewels.eu\/et\/\"},{\"@type\":\"ListItem\",\"position\":2,\"name\":\"Pood\",\"item\":\"https:\/\/colibri-jewels.eu\/et\/pood\/\"},{\"@type\":\"ListItem\",\"position\":3,\"name\":\"Kuldne Lab Diamond s\u00f5rmus &#8220;Tiana&#8221; radiant-lihviga\"}]},{\"@type\":\"WebSite\",\"@id\":\"https:\/\/colibri-jewels.eu\/et\/#website\",\"url\":\"https:\/\/colibri-jewels.eu\/et\/\",\"name\":\"Colibri jewels\",\"description\":\"jewelry shop\",\"publisher\":{\"@id\":\"https:\/\/colibri-jewels.eu\/et\/#organization\"},\"potentialAction\":[{\"@type\":\"SearchAction\",\"target\":{\"@type\":\"EntryPoint\",\"urlTemplate\":\"https:\/\/colibri-jewels.eu\/et\/?s={search_term_string}\"},\"query-input\":{\"@type\":\"PropertyValueSpecification\",\"valueRequired\":true,\"valueName\":\"search_term_string\"}}],\"inLanguage\":\"et\"},{\"@type\":\"Organization\",\"@id\":\"https:\/\/colibri-jewels.eu\/et\/#organization\",\"name\":\"O\u00dc Colibri\",\"url\":\"https:\/\/colibri-jewels.eu\/et\/\",\"logo\":{\"@type\":\"ImageObject\",\"inLanguage\":\"et\",\"@id\":\"https:\/\/colibri-jewels.eu\/et\/#\/schema\/logo\/image\/\",\"url\":\"https:\/\/dev.colibri-jewels.eu\/wp-content\/uploads\/2021\/03\/colibri.png\",\"contentUrl\":\"https:\/\/dev.colibri-jewels.eu\/wp-content\/uploads\/2021\/03\/colibri.png\",\"width\":227,\"height\":130,\"caption\":\"O\u00dc Colibri\"},\"image\":{\"@id\":\"https:\/\/colibri-jewels.eu\/et\/#\/schema\/logo\/image\/\"},\"sameAs\":[\"https:\/\/www.facebook.com\/colibri.jewels\",\"https:\/\/www.instagram.com\/colibri.jewels\",\"https:\/\/www.tiktok.com\/colibri.jewels\"]}]}<\/script>\n<!-- \/ Yoast SEO Premium plugin. -->","yoast_head_json":{"title":"Kuldne Lab Diamond s\u00f5rmus \"Tiana\" radiant-lihviga - Colibri jewels","description":"Tiana kihlas\u00f5rmus. Laboriteemant Radiant-l\u00f5ikega 1.70 karaati D\/VVS2. Luksuslik disain, valge kuld, teemantriba.","robots":{"index":"index","follow":"follow","max-snippet":"max-snippet:-1","max-image-preview":"max-image-preview:large","max-video-preview":"max-video-preview:-1"},"canonical":"https:\/\/colibri-jewels.eu\/et\/toode\/kuldne-lab-diamond-sormus-tiana-radiant-lihviga\/","og_locale":"et_EE","og_type":"article","og_title":"Kuldne Lab Diamond s\u00f5rmus \"Tiana\" radiant-lihviga","og_description":"Tiana kihlas\u00f5rmus. Laboriteemant Radiant-l\u00f5ikega 1.70 karaati D\/VVS2. Luksuslik disain, valge kuld, teemantriba.","og_url":"https:\/\/colibri-jewels.eu\/et\/toode\/kuldne-lab-diamond-sormus-tiana-radiant-lihviga\/","og_site_name":"Colibri jewels","article_publisher":"https:\/\/www.facebook.com\/colibri.jewels","article_modified_time":"2025-10-25T19:08:17+00:00","og_image":[{"width":1000,"height":1000,"url":"https:\/\/colibri-jewels.eu\/wp-content\/uploads\/2025\/10\/golden-ring-with-lab-diamond-radiant-cut-R-00869w.jpg","type":"image\/jpeg"}],"twitter_card":"summary_large_image","twitter_misc":{"Est. reading time":"1 minut"},"schema":{"@context":"https:\/\/schema.org","@graph":[{"@type":"WebPage","@id":"https:\/\/colibri-jewels.eu\/et\/toode\/kuldne-lab-diamond-sormus-tiana-radiant-lihviga\/","url":"https:\/\/colibri-jewels.eu\/et\/toode\/kuldne-lab-diamond-sormus-tiana-radiant-lihviga\/","name":"Kuldne Lab Diamond s\u00f5rmus \"Tiana\" radiant-lihviga - Colibri jewels","isPartOf":{"@id":"https:\/\/colibri-jewels.eu\/et\/#website"},"primaryImageOfPage":{"@id":"https:\/\/colibri-jewels.eu\/et\/toode\/kuldne-lab-diamond-sormus-tiana-radiant-lihviga\/#primaryimage"},"image":{"@id":"https:\/\/colibri-jewels.eu\/et\/toode\/kuldne-lab-diamond-sormus-tiana-radiant-lihviga\/#primaryimage"},"thumbnailUrl":"https:\/\/colibri-jewels.eu\/wp-content\/uploads\/2025\/10\/golden-ring-with-lab-diamond-radiant-cut-R-00869w.jpg","datePublished":"2025-10-25T18:25:36+00:00","dateModified":"2025-10-25T19:08:17+00:00","description":"Tiana kihlas\u00f5rmus. Laboriteemant Radiant-l\u00f5ikega 1.70 karaati D\/VVS2. Luksuslik disain, valge kuld, teemantriba.","breadcrumb":{"@id":"https:\/\/colibri-jewels.eu\/et\/toode\/kuldne-lab-diamond-sormus-tiana-radiant-lihviga\/#breadcrumb"},"inLanguage":"et","potentialAction":[{"@type":"ReadAction","target":["https:\/\/colibri-jewels.eu\/et\/toode\/kuldne-lab-diamond-sormus-tiana-radiant-lihviga\/"]}]},{"@type":"ImageObject","inLanguage":"et","@id":"https:\/\/colibri-jewels.eu\/et\/toode\/kuldne-lab-diamond-sormus-tiana-radiant-lihviga\/#primaryimage","url":"https:\/\/colibri-jewels.eu\/wp-content\/uploads\/2025\/10\/golden-ring-with-lab-diamond-radiant-cut-R-00869w.jpg","contentUrl":"https:\/\/colibri-jewels.eu\/wp-content\/uploads\/2025\/10\/golden-ring-with-lab-diamond-radiant-cut-R-00869w.jpg","width":1000,"height":1000},{"@type":"BreadcrumbList","@id":"https:\/\/colibri-jewels.eu\/et\/toode\/kuldne-lab-diamond-sormus-tiana-radiant-lihviga\/#breadcrumb","itemListElement":[{"@type":"ListItem","position":1,"name":"\u0413\u043b\u0430\u0432\u043d\u0430\u044f \u0441\u0442\u0440\u0430\u043d\u0438\u0446\u0430","item":"https:\/\/colibri-jewels.eu\/et\/"},{"@type":"ListItem","position":2,"name":"Pood","item":"https:\/\/colibri-jewels.eu\/et\/pood\/"},{"@type":"ListItem","position":3,"name":"Kuldne Lab Diamond s\u00f5rmus &#8220;Tiana&#8221; radiant-lihviga"}]},{"@type":"WebSite","@id":"https:\/\/colibri-jewels.eu\/et\/#website","url":"https:\/\/colibri-jewels.eu\/et\/","name":"Colibri jewels","description":"jewelry shop","publisher":{"@id":"https:\/\/colibri-jewels.eu\/et\/#organization"},"potentialAction":[{"@type":"SearchAction","target":{"@type":"EntryPoint","urlTemplate":"https:\/\/colibri-jewels.eu\/et\/?s={search_term_string}"},"query-input":{"@type":"PropertyValueSpecification","valueRequired":true,"valueName":"search_term_string"}}],"inLanguage":"et"},{"@type":"Organization","@id":"https:\/\/colibri-jewels.eu\/et\/#organization","name":"O\u00dc Colibri","url":"https:\/\/colibri-jewels.eu\/et\/","logo":{"@type":"ImageObject","inLanguage":"et","@id":"https:\/\/colibri-jewels.eu\/et\/#\/schema\/logo\/image\/","url":"https:\/\/dev.colibri-jewels.eu\/wp-content\/uploads\/2021\/03\/colibri.png","contentUrl":"https:\/\/dev.colibri-jewels.eu\/wp-content\/uploads\/2021\/03\/colibri.png","width":227,"height":130,"caption":"O\u00dc Colibri"},"image":{"@id":"https:\/\/colibri-jewels.eu\/et\/#\/schema\/logo\/image\/"},"sameAs":["https:\/\/www.facebook.com\/colibri.jewels","https:\/\/www.instagram.com\/colibri.jewels","https:\/\/www.tiktok.com\/colibri.jewels"]}]}},"_links":{"self":[{"href":"https:\/\/colibri-jewels.eu\/et\/wp-json\/wp\/v2\/product\/57564","targetHints":{"allow":["GET"]}}],"collection":[{"href":"https:\/\/colibri-jewels.eu\/et\/wp-json\/wp\/v2\/product"}],"about":[{"href":"https:\/\/colibri-jewels.eu\/et\/wp-json\/wp\/v2\/types\/product"}],"replies":[{"embeddable":true,"href":"https:\/\/colibri-jewels.eu\/et\/wp-json\/wp\/v2\/comments?post=57564"}],"version-history":[{"count":1,"href":"https:\/\/colibri-jewels.eu\/et\/wp-json\/wp\/v2\/product\/57564\/revisions"}],"predecessor-version":[{"id":57571,"href":"https:\/\/colibri-jewels.eu\/et\/wp-json\/wp\/v2\/product\/57564\/revisions\/57571"}],"wp:featuredmedia":[{"embeddable":true,"href":"https:\/\/colibri-jewels.eu\/et\/wp-json\/wp\/v2\/media\/57560"}],"wp:attachment":[{"href":"https:\/\/colibri-jewels.eu\/et\/wp-json\/wp\/v2\/media?parent=57564"}],"wp:term":[{"taxonomy":"brand","embeddable":true,"href":"https:\/\/colibri-jewels.eu\/et\/wp-json\/wp\/v2\/etheme_brands?post=57564"},{"taxonomy":"product_brand","embeddable":true,"href":"https:\/\/colibri-jewels.eu\/et\/wp-json\/wp\/v2\/product_brand?post=57564"},{"taxonomy":"product_cat","embeddable":true,"href":"https:\/\/colibri-jewels.eu\/et\/wp-json\/wp\/v2\/product_cat?post=57564"},{"taxonomy":"product_tag","embeddable":true,"href":"https:\/\/colibri-jewels.eu\/et\/wp-json\/wp\/v2\/product_tag?post=57564"}],"curies":[{"name":"wp","href":"https:\/\/api.w.org\/{rel}","templated":true}]}}