{"id":57796,"date":"2025-11-12T22:27:53","date_gmt":"2025-11-12T20:27:53","guid":{"rendered":"https:\/\/colibri-jewels.eu\/?post_type=product&#038;p=57796"},"modified":"2025-11-12T22:42:13","modified_gmt":"2025-11-12T20:42:13","slug":"eksklusiivne-kuldsormus-35-karaadise-labteemandiga-elizabeth","status":"publish","type":"product","link":"https:\/\/colibri-jewels.eu\/et\/toode\/eksklusiivne-kuldsormus-35-karaadise-labteemandiga-elizabeth\/","title":{"rendered":"Eksklusiivne kulds\u00f5rmus 3,5 karaadise labteemandiga &#8220;Elizabeth&#8221;"},"content":{"rendered":"<p data-start=\"1911\" data-end=\"2221\">Kuningliku v\u00e4\u00e4rikuse ja ajatu ilu s\u00fcmbol.<br data-start=\"2011\" data-end=\"2014\" \/>S\u00f5rmus <em data-start=\"1955\" data-end=\"1966\">Elizabeth<\/em> on loodud neile, kes hindavad t\u00e4iuslikkust ja elegantsi.<br \/>\nKeskne <strong data-start=\"2033\" data-end=\"2061\">pirnikujuline teemant kaalub 3,55 karaati<\/strong> (E\/VVS2), mida t\u00e4iendavad kaks k\u00fclgteemanti <strong data-start=\"2107\" data-end=\"2118\">0,45 karaati<\/strong> kumbki. Nende s\u00e4rav valgus loob \u00fclevoolava hiilguse, mis p\u00fc\u00fcab pilku igas liikumises.<\/p>\n<p data-start=\"2223\" data-end=\"2436\">Valmistatud <strong data-start=\"2234\" data-end=\"2252\">valgest kullast (750 proov)<\/strong>, \u00fchendades kaasaegse tehnoloogia ja klassikalise ilu.<br data-start=\"2316\" data-end=\"2319\" \/>K\u00f5igil teemantidel on <strong data-start=\"2335\" data-end=\"2348\">sertifikaadid<\/strong>, mis kinnitavad nende p\u00e4ritolu ja kvaliteeti.<\/p>\n<p>&nbsp;<\/p>\n<p data-start=\"2438\" data-end=\"2504\">See s\u00f5rmus on enesekindluse, stiili ja sisemise j\u00f5u v\u00e4ljendus.<\/p>\n<p data-start=\"2438\" data-end=\"2504\">Valge kuld 750 proov.<br data-start=\"2593\" data-end=\"2596\" \/>Keskne pirnikujuline laboratoorne teemant \u2014 3,55 ct, E\/VVS2.<br data-start=\"2639\" data-end=\"2642\" \/>Kaks k\u00fclgteemanti \u2014 0,45 ct kumbki, E\/VVS2.<br data-start=\"2693\" data-end=\"2696\" \/>Kogukaal \u2014 4,45 ct.<br data-start=\"2727\" data-end=\"2730\" \/>Kolmekivine disain, avatud kast, sertifitseeritud kivid.<\/p>\n","protected":false},"excerpt":{"rendered":"<p>Valgest kullast s\u00f5rmus <em data-start=\"2821\" data-end=\"2832\">Elizabeth<\/em> 3,55 ct keskse teemandi ja kahe 0,45 ct k\u00fclgkiviga \u2014 kuningliku elegantsi ja t\u00e4iusliku maitse kehastus.<\/p>\n","protected":false},"featured_media":57792,"comment_status":"open","ping_status":"closed","template":"","meta":[],"etheme_brands":[],"product_brand":[],"product_cat":[471],"product_tag":[476,474,472],"class_list":{"0":"post-57796","1":"product","2":"type-product","3":"status-publish","4":"has-post-thumbnail","6":"product_cat-sormused","7":"product_tag-eksklusiivsed-ehted","8":"product_tag-kihlasormused","9":"product_tag-klassika","11":"first","12":"onbackorder","13":"shipping-taxable","14":"purchasable","15":"product-type-simple"},"acf":[],"yoast_head":"<!-- This site is optimized with the Yoast SEO Premium plugin v26.5 (Yoast SEO v26.8) - https:\/\/yoast.com\/product\/yoast-seo-premium-wordpress\/ -->\n<title>Eksklusiivne kulds\u00f5rmus 3,5 karaadise labteemandiga &quot;Elizabeth&quot; - Colibri jewels<\/title>\n<meta name=\"description\" content=\"Elizabeth s\u00f5rmus valgest kullast laboratoorsete teemantidega 4,45 ct \u2014 keskne 3,55 ct kivi, luksus ja ajatu s\u00e4ra.\" \/>\n<meta name=\"robots\" content=\"index, follow, max-snippet:-1, max-image-preview:large, max-video-preview:-1\" \/>\n<link rel=\"canonical\" href=\"https:\/\/colibri-jewels.eu\/et\/toode\/eksklusiivne-kuldsormus-35-karaadise-labteemandiga-elizabeth\/\" \/>\n<meta property=\"og:locale\" content=\"et_EE\" \/>\n<meta property=\"og:type\" content=\"article\" \/>\n<meta property=\"og:title\" content=\"Eksklusiivne kulds\u00f5rmus 3,5 karaadise labteemandiga &quot;Elizabeth&quot;\" \/>\n<meta property=\"og:description\" content=\"Elizabeth s\u00f5rmus valgest kullast laboratoorsete teemantidega 4,45 ct \u2014 keskne 3,55 ct kivi, luksus ja ajatu s\u00e4ra.\" \/>\n<meta property=\"og:url\" content=\"https:\/\/colibri-jewels.eu\/et\/toode\/eksklusiivne-kuldsormus-35-karaadise-labteemandiga-elizabeth\/\" \/>\n<meta property=\"og:site_name\" content=\"Colibri jewels\" \/>\n<meta property=\"article:publisher\" content=\"https:\/\/www.facebook.com\/colibri.jewels\" \/>\n<meta property=\"article:modified_time\" content=\"2025-11-12T20:42:13+00:00\" \/>\n<meta property=\"og:image\" content=\"https:\/\/colibri-jewels.eu\/wp-content\/uploads\/2025\/11\/golden-ring-with-lab-diamonds-3-pears-3-ct-RD-00873.jpg\" \/>\n\t<meta property=\"og:image:width\" content=\"1000\" \/>\n\t<meta property=\"og:image:height\" content=\"1000\" \/>\n\t<meta property=\"og:image:type\" content=\"image\/jpeg\" \/>\n<meta name=\"twitter:card\" content=\"summary_large_image\" \/>\n<meta name=\"twitter:label1\" content=\"Est. reading time\" \/>\n\t<meta name=\"twitter:data1\" content=\"1 minut\" \/>\n<script type=\"application\/ld+json\" class=\"yoast-schema-graph\">{\"@context\":\"https:\/\/schema.org\",\"@graph\":[{\"@type\":\"WebPage\",\"@id\":\"https:\/\/colibri-jewels.eu\/et\/toode\/eksklusiivne-kuldsormus-35-karaadise-labteemandiga-elizabeth\/\",\"url\":\"https:\/\/colibri-jewels.eu\/et\/toode\/eksklusiivne-kuldsormus-35-karaadise-labteemandiga-elizabeth\/\",\"name\":\"Eksklusiivne kulds\u00f5rmus 3,5 karaadise labteemandiga \\\"Elizabeth\\\" - Colibri jewels\",\"isPartOf\":{\"@id\":\"https:\/\/colibri-jewels.eu\/et\/#website\"},\"primaryImageOfPage\":{\"@id\":\"https:\/\/colibri-jewels.eu\/et\/toode\/eksklusiivne-kuldsormus-35-karaadise-labteemandiga-elizabeth\/#primaryimage\"},\"image\":{\"@id\":\"https:\/\/colibri-jewels.eu\/et\/toode\/eksklusiivne-kuldsormus-35-karaadise-labteemandiga-elizabeth\/#primaryimage\"},\"thumbnailUrl\":\"https:\/\/colibri-jewels.eu\/wp-content\/uploads\/2025\/11\/golden-ring-with-lab-diamonds-3-pears-3-ct-RD-00873.jpg\",\"datePublished\":\"2025-11-12T20:27:53+00:00\",\"dateModified\":\"2025-11-12T20:42:13+00:00\",\"description\":\"Elizabeth s\u00f5rmus valgest kullast laboratoorsete teemantidega 4,45 ct \u2014 keskne 3,55 ct kivi, luksus ja ajatu s\u00e4ra.\",\"breadcrumb\":{\"@id\":\"https:\/\/colibri-jewels.eu\/et\/toode\/eksklusiivne-kuldsormus-35-karaadise-labteemandiga-elizabeth\/#breadcrumb\"},\"inLanguage\":\"et\",\"potentialAction\":[{\"@type\":\"ReadAction\",\"target\":[\"https:\/\/colibri-jewels.eu\/et\/toode\/eksklusiivne-kuldsormus-35-karaadise-labteemandiga-elizabeth\/\"]}]},{\"@type\":\"ImageObject\",\"inLanguage\":\"et\",\"@id\":\"https:\/\/colibri-jewels.eu\/et\/toode\/eksklusiivne-kuldsormus-35-karaadise-labteemandiga-elizabeth\/#primaryimage\",\"url\":\"https:\/\/colibri-jewels.eu\/wp-content\/uploads\/2025\/11\/golden-ring-with-lab-diamonds-3-pears-3-ct-RD-00873.jpg\",\"contentUrl\":\"https:\/\/colibri-jewels.eu\/wp-content\/uploads\/2025\/11\/golden-ring-with-lab-diamonds-3-pears-3-ct-RD-00873.jpg\",\"width\":1000,\"height\":1000},{\"@type\":\"BreadcrumbList\",\"@id\":\"https:\/\/colibri-jewels.eu\/et\/toode\/eksklusiivne-kuldsormus-35-karaadise-labteemandiga-elizabeth\/#breadcrumb\",\"itemListElement\":[{\"@type\":\"ListItem\",\"position\":1,\"name\":\"\u0413\u043b\u0430\u0432\u043d\u0430\u044f \u0441\u0442\u0440\u0430\u043d\u0438\u0446\u0430\",\"item\":\"https:\/\/colibri-jewels.eu\/et\/\"},{\"@type\":\"ListItem\",\"position\":2,\"name\":\"Pood\",\"item\":\"https:\/\/colibri-jewels.eu\/et\/pood\/\"},{\"@type\":\"ListItem\",\"position\":3,\"name\":\"Eksklusiivne kulds\u00f5rmus 3,5 karaadise labteemandiga &#8220;Elizabeth&#8221;\"}]},{\"@type\":\"WebSite\",\"@id\":\"https:\/\/colibri-jewels.eu\/et\/#website\",\"url\":\"https:\/\/colibri-jewels.eu\/et\/\",\"name\":\"Colibri jewels\",\"description\":\"jewelry shop\",\"publisher\":{\"@id\":\"https:\/\/colibri-jewels.eu\/et\/#organization\"},\"potentialAction\":[{\"@type\":\"SearchAction\",\"target\":{\"@type\":\"EntryPoint\",\"urlTemplate\":\"https:\/\/colibri-jewels.eu\/et\/?s={search_term_string}\"},\"query-input\":{\"@type\":\"PropertyValueSpecification\",\"valueRequired\":true,\"valueName\":\"search_term_string\"}}],\"inLanguage\":\"et\"},{\"@type\":\"Organization\",\"@id\":\"https:\/\/colibri-jewels.eu\/et\/#organization\",\"name\":\"O\u00dc Colibri\",\"url\":\"https:\/\/colibri-jewels.eu\/et\/\",\"logo\":{\"@type\":\"ImageObject\",\"inLanguage\":\"et\",\"@id\":\"https:\/\/colibri-jewels.eu\/et\/#\/schema\/logo\/image\/\",\"url\":\"https:\/\/dev.colibri-jewels.eu\/wp-content\/uploads\/2021\/03\/colibri.png\",\"contentUrl\":\"https:\/\/dev.colibri-jewels.eu\/wp-content\/uploads\/2021\/03\/colibri.png\",\"width\":227,\"height\":130,\"caption\":\"O\u00dc Colibri\"},\"image\":{\"@id\":\"https:\/\/colibri-jewels.eu\/et\/#\/schema\/logo\/image\/\"},\"sameAs\":[\"https:\/\/www.facebook.com\/colibri.jewels\",\"https:\/\/www.instagram.com\/colibri.jewels\",\"https:\/\/www.tiktok.com\/colibri.jewels\"]}]}<\/script>\n<!-- \/ Yoast SEO Premium plugin. -->","yoast_head_json":{"title":"Eksklusiivne kulds\u00f5rmus 3,5 karaadise labteemandiga \"Elizabeth\" - Colibri jewels","description":"Elizabeth s\u00f5rmus valgest kullast laboratoorsete teemantidega 4,45 ct \u2014 keskne 3,55 ct kivi, luksus ja ajatu s\u00e4ra.","robots":{"index":"index","follow":"follow","max-snippet":"max-snippet:-1","max-image-preview":"max-image-preview:large","max-video-preview":"max-video-preview:-1"},"canonical":"https:\/\/colibri-jewels.eu\/et\/toode\/eksklusiivne-kuldsormus-35-karaadise-labteemandiga-elizabeth\/","og_locale":"et_EE","og_type":"article","og_title":"Eksklusiivne kulds\u00f5rmus 3,5 karaadise labteemandiga \"Elizabeth\"","og_description":"Elizabeth s\u00f5rmus valgest kullast laboratoorsete teemantidega 4,45 ct \u2014 keskne 3,55 ct kivi, luksus ja ajatu s\u00e4ra.","og_url":"https:\/\/colibri-jewels.eu\/et\/toode\/eksklusiivne-kuldsormus-35-karaadise-labteemandiga-elizabeth\/","og_site_name":"Colibri jewels","article_publisher":"https:\/\/www.facebook.com\/colibri.jewels","article_modified_time":"2025-11-12T20:42:13+00:00","og_image":[{"width":1000,"height":1000,"url":"https:\/\/colibri-jewels.eu\/wp-content\/uploads\/2025\/11\/golden-ring-with-lab-diamonds-3-pears-3-ct-RD-00873.jpg","type":"image\/jpeg"}],"twitter_card":"summary_large_image","twitter_misc":{"Est. reading time":"1 minut"},"schema":{"@context":"https:\/\/schema.org","@graph":[{"@type":"WebPage","@id":"https:\/\/colibri-jewels.eu\/et\/toode\/eksklusiivne-kuldsormus-35-karaadise-labteemandiga-elizabeth\/","url":"https:\/\/colibri-jewels.eu\/et\/toode\/eksklusiivne-kuldsormus-35-karaadise-labteemandiga-elizabeth\/","name":"Eksklusiivne kulds\u00f5rmus 3,5 karaadise labteemandiga \"Elizabeth\" - Colibri jewels","isPartOf":{"@id":"https:\/\/colibri-jewels.eu\/et\/#website"},"primaryImageOfPage":{"@id":"https:\/\/colibri-jewels.eu\/et\/toode\/eksklusiivne-kuldsormus-35-karaadise-labteemandiga-elizabeth\/#primaryimage"},"image":{"@id":"https:\/\/colibri-jewels.eu\/et\/toode\/eksklusiivne-kuldsormus-35-karaadise-labteemandiga-elizabeth\/#primaryimage"},"thumbnailUrl":"https:\/\/colibri-jewels.eu\/wp-content\/uploads\/2025\/11\/golden-ring-with-lab-diamonds-3-pears-3-ct-RD-00873.jpg","datePublished":"2025-11-12T20:27:53+00:00","dateModified":"2025-11-12T20:42:13+00:00","description":"Elizabeth s\u00f5rmus valgest kullast laboratoorsete teemantidega 4,45 ct \u2014 keskne 3,55 ct kivi, luksus ja ajatu s\u00e4ra.","breadcrumb":{"@id":"https:\/\/colibri-jewels.eu\/et\/toode\/eksklusiivne-kuldsormus-35-karaadise-labteemandiga-elizabeth\/#breadcrumb"},"inLanguage":"et","potentialAction":[{"@type":"ReadAction","target":["https:\/\/colibri-jewels.eu\/et\/toode\/eksklusiivne-kuldsormus-35-karaadise-labteemandiga-elizabeth\/"]}]},{"@type":"ImageObject","inLanguage":"et","@id":"https:\/\/colibri-jewels.eu\/et\/toode\/eksklusiivne-kuldsormus-35-karaadise-labteemandiga-elizabeth\/#primaryimage","url":"https:\/\/colibri-jewels.eu\/wp-content\/uploads\/2025\/11\/golden-ring-with-lab-diamonds-3-pears-3-ct-RD-00873.jpg","contentUrl":"https:\/\/colibri-jewels.eu\/wp-content\/uploads\/2025\/11\/golden-ring-with-lab-diamonds-3-pears-3-ct-RD-00873.jpg","width":1000,"height":1000},{"@type":"BreadcrumbList","@id":"https:\/\/colibri-jewels.eu\/et\/toode\/eksklusiivne-kuldsormus-35-karaadise-labteemandiga-elizabeth\/#breadcrumb","itemListElement":[{"@type":"ListItem","position":1,"name":"\u0413\u043b\u0430\u0432\u043d\u0430\u044f \u0441\u0442\u0440\u0430\u043d\u0438\u0446\u0430","item":"https:\/\/colibri-jewels.eu\/et\/"},{"@type":"ListItem","position":2,"name":"Pood","item":"https:\/\/colibri-jewels.eu\/et\/pood\/"},{"@type":"ListItem","position":3,"name":"Eksklusiivne kulds\u00f5rmus 3,5 karaadise labteemandiga &#8220;Elizabeth&#8221;"}]},{"@type":"WebSite","@id":"https:\/\/colibri-jewels.eu\/et\/#website","url":"https:\/\/colibri-jewels.eu\/et\/","name":"Colibri jewels","description":"jewelry shop","publisher":{"@id":"https:\/\/colibri-jewels.eu\/et\/#organization"},"potentialAction":[{"@type":"SearchAction","target":{"@type":"EntryPoint","urlTemplate":"https:\/\/colibri-jewels.eu\/et\/?s={search_term_string}"},"query-input":{"@type":"PropertyValueSpecification","valueRequired":true,"valueName":"search_term_string"}}],"inLanguage":"et"},{"@type":"Organization","@id":"https:\/\/colibri-jewels.eu\/et\/#organization","name":"O\u00dc Colibri","url":"https:\/\/colibri-jewels.eu\/et\/","logo":{"@type":"ImageObject","inLanguage":"et","@id":"https:\/\/colibri-jewels.eu\/et\/#\/schema\/logo\/image\/","url":"https:\/\/dev.colibri-jewels.eu\/wp-content\/uploads\/2021\/03\/colibri.png","contentUrl":"https:\/\/dev.colibri-jewels.eu\/wp-content\/uploads\/2021\/03\/colibri.png","width":227,"height":130,"caption":"O\u00dc Colibri"},"image":{"@id":"https:\/\/colibri-jewels.eu\/et\/#\/schema\/logo\/image\/"},"sameAs":["https:\/\/www.facebook.com\/colibri.jewels","https:\/\/www.instagram.com\/colibri.jewels","https:\/\/www.tiktok.com\/colibri.jewels"]}]}},"_links":{"self":[{"href":"https:\/\/colibri-jewels.eu\/et\/wp-json\/wp\/v2\/product\/57796","targetHints":{"allow":["GET"]}}],"collection":[{"href":"https:\/\/colibri-jewels.eu\/et\/wp-json\/wp\/v2\/product"}],"about":[{"href":"https:\/\/colibri-jewels.eu\/et\/wp-json\/wp\/v2\/types\/product"}],"replies":[{"embeddable":true,"href":"https:\/\/colibri-jewels.eu\/et\/wp-json\/wp\/v2\/comments?post=57796"}],"version-history":[{"count":2,"href":"https:\/\/colibri-jewels.eu\/et\/wp-json\/wp\/v2\/product\/57796\/revisions"}],"predecessor-version":[{"id":57805,"href":"https:\/\/colibri-jewels.eu\/et\/wp-json\/wp\/v2\/product\/57796\/revisions\/57805"}],"wp:featuredmedia":[{"embeddable":true,"href":"https:\/\/colibri-jewels.eu\/et\/wp-json\/wp\/v2\/media\/57792"}],"wp:attachment":[{"href":"https:\/\/colibri-jewels.eu\/et\/wp-json\/wp\/v2\/media?parent=57796"}],"wp:term":[{"taxonomy":"brand","embeddable":true,"href":"https:\/\/colibri-jewels.eu\/et\/wp-json\/wp\/v2\/etheme_brands?post=57796"},{"taxonomy":"product_brand","embeddable":true,"href":"https:\/\/colibri-jewels.eu\/et\/wp-json\/wp\/v2\/product_brand?post=57796"},{"taxonomy":"product_cat","embeddable":true,"href":"https:\/\/colibri-jewels.eu\/et\/wp-json\/wp\/v2\/product_cat?post=57796"},{"taxonomy":"product_tag","embeddable":true,"href":"https:\/\/colibri-jewels.eu\/et\/wp-json\/wp\/v2\/product_tag?post=57796"}],"curies":[{"name":"wp","href":"https:\/\/api.w.org\/{rel}","templated":true}]}}