{"id":62567,"date":"2026-01-25T16:59:32","date_gmt":"2026-01-25T14:59:32","guid":{"rendered":"https:\/\/colibri-jewels.eu\/?post_type=product&#038;p=62567"},"modified":"2026-01-25T17:43:27","modified_gmt":"2026-01-25T15:43:27","slug":"sormus-jaaleek-hobe-ja-looduslik-lumiobsidiaan","status":"publish","type":"product","link":"https:\/\/colibri-jewels.eu\/et\/toode\/sormus-jaaleek-hobe-ja-looduslik-lumiobsidiaan\/","title":{"rendered":"S\u00f5rmus &#8220;J\u00e4\u00e4leek&#8221; H\u00f5be ja looduslik lumiobsidiaan"},"content":{"rendered":"<p data-path-to-node=\"3\">Tunnetage looduse \u00fcrgset j\u00f5udu. See lakooniline h\u00f5bes\u00f5rmus on kaunistatud lumiobsidiaanist kaba\u0161oniga \u2014 see on haruldane vulkaanilise klaasi liik. Kivi musta s\u00fcgavust kaunistavad kordumatud mustrid, mis meenutavad esimesi lumehelbeid \u00f6\u00f6taevas.<\/p>\n<p data-path-to-node=\"4\"><b data-path-to-node=\"4\" data-index-in-node=\"0\">Eksklusiivsus ja p\u00e4ritolu<\/b><\/p>\n<ul data-path-to-node=\"5\">\n<li>\n<p data-path-to-node=\"5,0,0\"><b data-path-to-node=\"5,0,0\" data-index-in-node=\"0\">S\u00fcndinud tules:<\/b> Obsidiaan tekib r\u00e4nirikka laava kiirel jahtumisel. See on Maa tektoonilise aktiivsuse k\u00fclmunud hetk.<\/p>\n<\/li>\n<li>\n<p data-path-to-node=\"5,1,0\"><b data-path-to-node=\"5,1,0\" data-index-in-node=\"0\">Looduslik maal:<\/b> &#8220;Lumehelbed&#8221; kivis on kristobaliidi kristallid. Kuna kristalliseerumisprotsess on alati juhuslik, <b data-path-to-node=\"5,1,0\" data-index-in-node=\"133\">ei ole olemas kahte t\u00e4pselt \u00fchesugust kivi<\/b>. Teie s\u00f5rmus on ainulaadne.<\/p>\n<\/li>\n<li>\n<p data-path-to-node=\"5,2,0\"><b data-path-to-node=\"5,2,0\" data-index-in-node=\"0\">S\u00fcmbolism:<\/b> Juba ammustest aegadest on obsidiaani peetud puhtuse ja tasakaalu kiviks, mis aitab s\u00e4ilitada rahu igas olukorras.<\/p>\n<\/li>\n<\/ul>\n<p data-path-to-node=\"6\">\n","protected":false},"excerpt":{"rendered":"<p data-path-to-node=\"6\"><b data-path-to-node=\"6\" data-index-in-node=\"0\">Tehnilised andmed<\/b><\/p>\n<ul data-path-to-node=\"7\">\n<li>\n<p data-path-to-node=\"7,0,0\"><b data-path-to-node=\"7,0,0\" data-index-in-node=\"0\">Materjal:<\/b> H\u00f5be.<\/p>\n<\/li>\n<li>\n<p data-path-to-node=\"7,1,0\">Panus: Looduslik lumiobsidiaan.<\/p>\n<\/li>\n<li>\n<p data-path-to-node=\"7,2,0\"><b data-path-to-node=\"7,2,0\" data-index-in-node=\"0\">Stiil:<\/b> Minimalism, r\u00f5hk kivi tekstuuril.<\/p>\n<\/li>\n<\/ul>\n","protected":false},"featured_media":62565,"comment_status":"open","ping_status":"closed","template":"","meta":[],"etheme_brands":[],"product_brand":[],"product_cat":[471],"product_tag":[],"class_list":{"0":"post-62567","1":"product","2":"type-product","3":"status-publish","4":"has-post-thumbnail","6":"product_cat-sormused","8":"first","9":"instock","10":"shipping-taxable","11":"purchasable","12":"product-type-simple"},"acf":[],"yoast_head":"<!-- This site is optimized with the Yoast SEO Premium plugin v26.5 (Yoast SEO v26.8) - https:\/\/yoast.com\/product\/yoast-seo-premium-wordpress\/ -->\n<title>S\u00f5rmus &quot;J\u00e4\u00e4leek&quot; H\u00f5be ja looduslik lumiobsidiaan - Colibri jewels<\/title>\n<meta name=\"robots\" content=\"index, follow, max-snippet:-1, max-image-preview:large, max-video-preview:-1\" \/>\n<link rel=\"canonical\" href=\"https:\/\/colibri-jewels.eu\/et\/toode\/sormus-jaaleek-hobe-ja-looduslik-lumiobsidiaan\/\" \/>\n<meta property=\"og:locale\" content=\"et_EE\" \/>\n<meta property=\"og:type\" content=\"article\" \/>\n<meta property=\"og:title\" content=\"S\u00f5rmus &quot;J\u00e4\u00e4leek&quot; H\u00f5be ja looduslik lumiobsidiaan\" \/>\n<meta property=\"og:description\" content=\"Tehnilised andmed     Materjal: H\u00f5be.    Panus: Looduslik lumiobsidiaan.    Stiil: Minimalism, r\u00f5hk kivi tekstuuril.\" \/>\n<meta property=\"og:url\" content=\"https:\/\/colibri-jewels.eu\/et\/toode\/sormus-jaaleek-hobe-ja-looduslik-lumiobsidiaan\/\" \/>\n<meta property=\"og:site_name\" content=\"Colibri jewels\" \/>\n<meta property=\"article:publisher\" content=\"https:\/\/www.facebook.com\/colibri.jewels\" \/>\n<meta property=\"article:modified_time\" content=\"2026-01-25T15:43:27+00:00\" \/>\n<meta property=\"og:image\" content=\"https:\/\/colibri-jewels.eu\/wp-content\/uploads\/2026\/01\/silver-ring-with-Snowflake-Obsidian_.jpg\" \/>\n\t<meta property=\"og:image:width\" content=\"1000\" \/>\n\t<meta property=\"og:image:height\" content=\"1000\" \/>\n\t<meta property=\"og:image:type\" content=\"image\/jpeg\" \/>\n<meta name=\"twitter:card\" content=\"summary_large_image\" \/>\n<script type=\"application\/ld+json\" class=\"yoast-schema-graph\">{\"@context\":\"https:\/\/schema.org\",\"@graph\":[{\"@type\":\"WebPage\",\"@id\":\"https:\/\/colibri-jewels.eu\/et\/toode\/sormus-jaaleek-hobe-ja-looduslik-lumiobsidiaan\/\",\"url\":\"https:\/\/colibri-jewels.eu\/et\/toode\/sormus-jaaleek-hobe-ja-looduslik-lumiobsidiaan\/\",\"name\":\"S\u00f5rmus \\\"J\u00e4\u00e4leek\\\" H\u00f5be ja looduslik lumiobsidiaan - Colibri jewels\",\"isPartOf\":{\"@id\":\"https:\/\/colibri-jewels.eu\/et\/#website\"},\"primaryImageOfPage\":{\"@id\":\"https:\/\/colibri-jewels.eu\/et\/toode\/sormus-jaaleek-hobe-ja-looduslik-lumiobsidiaan\/#primaryimage\"},\"image\":{\"@id\":\"https:\/\/colibri-jewels.eu\/et\/toode\/sormus-jaaleek-hobe-ja-looduslik-lumiobsidiaan\/#primaryimage\"},\"thumbnailUrl\":\"https:\/\/colibri-jewels.eu\/wp-content\/uploads\/2026\/01\/silver-ring-with-Snowflake-Obsidian_.jpg\",\"datePublished\":\"2026-01-25T14:59:32+00:00\",\"dateModified\":\"2026-01-25T15:43:27+00:00\",\"breadcrumb\":{\"@id\":\"https:\/\/colibri-jewels.eu\/et\/toode\/sormus-jaaleek-hobe-ja-looduslik-lumiobsidiaan\/#breadcrumb\"},\"inLanguage\":\"et\",\"potentialAction\":[{\"@type\":\"ReadAction\",\"target\":[\"https:\/\/colibri-jewels.eu\/et\/toode\/sormus-jaaleek-hobe-ja-looduslik-lumiobsidiaan\/\"]}]},{\"@type\":\"ImageObject\",\"inLanguage\":\"et\",\"@id\":\"https:\/\/colibri-jewels.eu\/et\/toode\/sormus-jaaleek-hobe-ja-looduslik-lumiobsidiaan\/#primaryimage\",\"url\":\"https:\/\/colibri-jewels.eu\/wp-content\/uploads\/2026\/01\/silver-ring-with-Snowflake-Obsidian_.jpg\",\"contentUrl\":\"https:\/\/colibri-jewels.eu\/wp-content\/uploads\/2026\/01\/silver-ring-with-Snowflake-Obsidian_.jpg\",\"width\":1000,\"height\":1000},{\"@type\":\"BreadcrumbList\",\"@id\":\"https:\/\/colibri-jewels.eu\/et\/toode\/sormus-jaaleek-hobe-ja-looduslik-lumiobsidiaan\/#breadcrumb\",\"itemListElement\":[{\"@type\":\"ListItem\",\"position\":1,\"name\":\"\u0413\u043b\u0430\u0432\u043d\u0430\u044f \u0441\u0442\u0440\u0430\u043d\u0438\u0446\u0430\",\"item\":\"https:\/\/colibri-jewels.eu\/et\/\"},{\"@type\":\"ListItem\",\"position\":2,\"name\":\"Pood\",\"item\":\"https:\/\/colibri-jewels.eu\/et\/pood\/\"},{\"@type\":\"ListItem\",\"position\":3,\"name\":\"S\u00f5rmus &#171;J\u00e4\u00e4leek&#187; H\u00f5be ja looduslik lumiobsidiaan\"}]},{\"@type\":\"WebSite\",\"@id\":\"https:\/\/colibri-jewels.eu\/et\/#website\",\"url\":\"https:\/\/colibri-jewels.eu\/et\/\",\"name\":\"Colibri jewels\",\"description\":\"jewelry shop\",\"publisher\":{\"@id\":\"https:\/\/colibri-jewels.eu\/et\/#organization\"},\"potentialAction\":[{\"@type\":\"SearchAction\",\"target\":{\"@type\":\"EntryPoint\",\"urlTemplate\":\"https:\/\/colibri-jewels.eu\/et\/?s={search_term_string}\"},\"query-input\":{\"@type\":\"PropertyValueSpecification\",\"valueRequired\":true,\"valueName\":\"search_term_string\"}}],\"inLanguage\":\"et\"},{\"@type\":\"Organization\",\"@id\":\"https:\/\/colibri-jewels.eu\/et\/#organization\",\"name\":\"O\u00dc Colibri\",\"url\":\"https:\/\/colibri-jewels.eu\/et\/\",\"logo\":{\"@type\":\"ImageObject\",\"inLanguage\":\"et\",\"@id\":\"https:\/\/colibri-jewels.eu\/et\/#\/schema\/logo\/image\/\",\"url\":\"https:\/\/dev.colibri-jewels.eu\/wp-content\/uploads\/2021\/03\/colibri.png\",\"contentUrl\":\"https:\/\/dev.colibri-jewels.eu\/wp-content\/uploads\/2021\/03\/colibri.png\",\"width\":227,\"height\":130,\"caption\":\"O\u00dc Colibri\"},\"image\":{\"@id\":\"https:\/\/colibri-jewels.eu\/et\/#\/schema\/logo\/image\/\"},\"sameAs\":[\"https:\/\/www.facebook.com\/colibri.jewels\",\"https:\/\/www.instagram.com\/colibri.jewels\",\"https:\/\/www.tiktok.com\/colibri.jewels\"]}]}<\/script>\n<!-- \/ Yoast SEO Premium plugin. -->","yoast_head_json":{"title":"S\u00f5rmus \"J\u00e4\u00e4leek\" H\u00f5be ja looduslik lumiobsidiaan - Colibri jewels","robots":{"index":"index","follow":"follow","max-snippet":"max-snippet:-1","max-image-preview":"max-image-preview:large","max-video-preview":"max-video-preview:-1"},"canonical":"https:\/\/colibri-jewels.eu\/et\/toode\/sormus-jaaleek-hobe-ja-looduslik-lumiobsidiaan\/","og_locale":"et_EE","og_type":"article","og_title":"S\u00f5rmus \"J\u00e4\u00e4leek\" H\u00f5be ja looduslik lumiobsidiaan","og_description":"Tehnilised andmed     Materjal: H\u00f5be.    Panus: Looduslik lumiobsidiaan.    Stiil: Minimalism, r\u00f5hk kivi tekstuuril.","og_url":"https:\/\/colibri-jewels.eu\/et\/toode\/sormus-jaaleek-hobe-ja-looduslik-lumiobsidiaan\/","og_site_name":"Colibri jewels","article_publisher":"https:\/\/www.facebook.com\/colibri.jewels","article_modified_time":"2026-01-25T15:43:27+00:00","og_image":[{"width":1000,"height":1000,"url":"https:\/\/colibri-jewels.eu\/wp-content\/uploads\/2026\/01\/silver-ring-with-Snowflake-Obsidian_.jpg","type":"image\/jpeg"}],"twitter_card":"summary_large_image","schema":{"@context":"https:\/\/schema.org","@graph":[{"@type":"WebPage","@id":"https:\/\/colibri-jewels.eu\/et\/toode\/sormus-jaaleek-hobe-ja-looduslik-lumiobsidiaan\/","url":"https:\/\/colibri-jewels.eu\/et\/toode\/sormus-jaaleek-hobe-ja-looduslik-lumiobsidiaan\/","name":"S\u00f5rmus \"J\u00e4\u00e4leek\" H\u00f5be ja looduslik lumiobsidiaan - Colibri jewels","isPartOf":{"@id":"https:\/\/colibri-jewels.eu\/et\/#website"},"primaryImageOfPage":{"@id":"https:\/\/colibri-jewels.eu\/et\/toode\/sormus-jaaleek-hobe-ja-looduslik-lumiobsidiaan\/#primaryimage"},"image":{"@id":"https:\/\/colibri-jewels.eu\/et\/toode\/sormus-jaaleek-hobe-ja-looduslik-lumiobsidiaan\/#primaryimage"},"thumbnailUrl":"https:\/\/colibri-jewels.eu\/wp-content\/uploads\/2026\/01\/silver-ring-with-Snowflake-Obsidian_.jpg","datePublished":"2026-01-25T14:59:32+00:00","dateModified":"2026-01-25T15:43:27+00:00","breadcrumb":{"@id":"https:\/\/colibri-jewels.eu\/et\/toode\/sormus-jaaleek-hobe-ja-looduslik-lumiobsidiaan\/#breadcrumb"},"inLanguage":"et","potentialAction":[{"@type":"ReadAction","target":["https:\/\/colibri-jewels.eu\/et\/toode\/sormus-jaaleek-hobe-ja-looduslik-lumiobsidiaan\/"]}]},{"@type":"ImageObject","inLanguage":"et","@id":"https:\/\/colibri-jewels.eu\/et\/toode\/sormus-jaaleek-hobe-ja-looduslik-lumiobsidiaan\/#primaryimage","url":"https:\/\/colibri-jewels.eu\/wp-content\/uploads\/2026\/01\/silver-ring-with-Snowflake-Obsidian_.jpg","contentUrl":"https:\/\/colibri-jewels.eu\/wp-content\/uploads\/2026\/01\/silver-ring-with-Snowflake-Obsidian_.jpg","width":1000,"height":1000},{"@type":"BreadcrumbList","@id":"https:\/\/colibri-jewels.eu\/et\/toode\/sormus-jaaleek-hobe-ja-looduslik-lumiobsidiaan\/#breadcrumb","itemListElement":[{"@type":"ListItem","position":1,"name":"\u0413\u043b\u0430\u0432\u043d\u0430\u044f \u0441\u0442\u0440\u0430\u043d\u0438\u0446\u0430","item":"https:\/\/colibri-jewels.eu\/et\/"},{"@type":"ListItem","position":2,"name":"Pood","item":"https:\/\/colibri-jewels.eu\/et\/pood\/"},{"@type":"ListItem","position":3,"name":"S\u00f5rmus &#171;J\u00e4\u00e4leek&#187; H\u00f5be ja looduslik lumiobsidiaan"}]},{"@type":"WebSite","@id":"https:\/\/colibri-jewels.eu\/et\/#website","url":"https:\/\/colibri-jewels.eu\/et\/","name":"Colibri jewels","description":"jewelry shop","publisher":{"@id":"https:\/\/colibri-jewels.eu\/et\/#organization"},"potentialAction":[{"@type":"SearchAction","target":{"@type":"EntryPoint","urlTemplate":"https:\/\/colibri-jewels.eu\/et\/?s={search_term_string}"},"query-input":{"@type":"PropertyValueSpecification","valueRequired":true,"valueName":"search_term_string"}}],"inLanguage":"et"},{"@type":"Organization","@id":"https:\/\/colibri-jewels.eu\/et\/#organization","name":"O\u00dc Colibri","url":"https:\/\/colibri-jewels.eu\/et\/","logo":{"@type":"ImageObject","inLanguage":"et","@id":"https:\/\/colibri-jewels.eu\/et\/#\/schema\/logo\/image\/","url":"https:\/\/dev.colibri-jewels.eu\/wp-content\/uploads\/2021\/03\/colibri.png","contentUrl":"https:\/\/dev.colibri-jewels.eu\/wp-content\/uploads\/2021\/03\/colibri.png","width":227,"height":130,"caption":"O\u00dc Colibri"},"image":{"@id":"https:\/\/colibri-jewels.eu\/et\/#\/schema\/logo\/image\/"},"sameAs":["https:\/\/www.facebook.com\/colibri.jewels","https:\/\/www.instagram.com\/colibri.jewels","https:\/\/www.tiktok.com\/colibri.jewels"]}]}},"_links":{"self":[{"href":"https:\/\/colibri-jewels.eu\/et\/wp-json\/wp\/v2\/product\/62567","targetHints":{"allow":["GET"]}}],"collection":[{"href":"https:\/\/colibri-jewels.eu\/et\/wp-json\/wp\/v2\/product"}],"about":[{"href":"https:\/\/colibri-jewels.eu\/et\/wp-json\/wp\/v2\/types\/product"}],"replies":[{"embeddable":true,"href":"https:\/\/colibri-jewels.eu\/et\/wp-json\/wp\/v2\/comments?post=62567"}],"version-history":[{"count":1,"href":"https:\/\/colibri-jewels.eu\/et\/wp-json\/wp\/v2\/product\/62567\/revisions"}],"predecessor-version":[{"id":62606,"href":"https:\/\/colibri-jewels.eu\/et\/wp-json\/wp\/v2\/product\/62567\/revisions\/62606"}],"wp:featuredmedia":[{"embeddable":true,"href":"https:\/\/colibri-jewels.eu\/et\/wp-json\/wp\/v2\/media\/62565"}],"wp:attachment":[{"href":"https:\/\/colibri-jewels.eu\/et\/wp-json\/wp\/v2\/media?parent=62567"}],"wp:term":[{"taxonomy":"brand","embeddable":true,"href":"https:\/\/colibri-jewels.eu\/et\/wp-json\/wp\/v2\/etheme_brands?post=62567"},{"taxonomy":"product_brand","embeddable":true,"href":"https:\/\/colibri-jewels.eu\/et\/wp-json\/wp\/v2\/product_brand?post=62567"},{"taxonomy":"product_cat","embeddable":true,"href":"https:\/\/colibri-jewels.eu\/et\/wp-json\/wp\/v2\/product_cat?post=62567"},{"taxonomy":"product_tag","embeddable":true,"href":"https:\/\/colibri-jewels.eu\/et\/wp-json\/wp\/v2\/product_tag?post=62567"}],"curies":[{"name":"wp","href":"https:\/\/api.w.org\/{rel}","templated":true}]}}