{"id":62834,"date":"2026-02-24T13:06:40","date_gmt":"2026-02-24T11:06:40","guid":{"rendered":"https:\/\/colibri-jewels.eu\/?post_type=product&#038;p=62834"},"modified":"2026-02-24T13:17:07","modified_gmt":"2026-02-24T11:17:07","slug":"hobedast-korvarongad-ametustidega-lucy-copy","status":"publish","type":"product","link":"https:\/\/colibri-jewels.eu\/et\/toode\/hobedast-korvarongad-ametustidega-lucy-copy\/","title":{"rendered":"H\u00f5bedane s\u00f5rmus amet\u00fcstiga &#8220;Lucy&#8221;"},"content":{"rendered":"<p>Klassikalise ja lakoonilise stiiliga elegantne h\u00f5bedane s\u00f5rmus erkvioletse amet\u00fcsti &#8220;smaragd&#8221; l\u00f5ikega. Umbes 2 karaati, ideaalne suurus &#8211; sobib ideaalselt igale s\u00f5rmele.<\/p>\n<p>H\u00f5be, roodiumkate.<\/p>\n","protected":false},"excerpt":{"rendered":"<p>Klassikalise ja lakoonilise stiiliga elegantne h\u00f5bedane s\u00f5rmus erkvioletse amet\u00fcsti &#8220;smaragd&#8221; l\u00f5ikega. Umbes 2 karaati, ideaalne suurus &#8211; sobib ideaalselt igale s\u00f5rmele. H\u00f5be, roodiumkate.<\/p>\n","protected":false},"featured_media":62845,"comment_status":"open","ping_status":"closed","template":"","meta":[],"etheme_brands":[],"product_brand":[],"product_cat":[471],"product_tag":[],"class_list":{"0":"post-62834","1":"product","2":"type-product","3":"status-publish","4":"has-post-thumbnail","6":"product_cat-sormused","8":"first","9":"instock","10":"shipping-taxable","11":"purchasable","12":"product-type-variable"},"acf":[],"yoast_head":"<!-- This site is optimized with the Yoast SEO Premium plugin v26.5 (Yoast SEO v26.8) - https:\/\/yoast.com\/product\/yoast-seo-premium-wordpress\/ -->\n<title>H\u00f5bedane s\u00f5rmus amet\u00fcstiga &quot;Lucy&quot; - Colibri jewels<\/title>\n<meta name=\"description\" content=\"Klassikalise ja lakoonilise stiiliga elegantne h\u00f5bedane s\u00f5rmus erkvioletse amet\u00fcsti &quot;smaragd&quot; l\u00f5ikega. Umbes 2 karaati, ideaalne suurus - sobib ideaalselt igale s\u00f5rmele.\" \/>\n<meta name=\"robots\" content=\"index, follow, max-snippet:-1, max-image-preview:large, max-video-preview:-1\" \/>\n<link rel=\"canonical\" href=\"https:\/\/colibri-jewels.eu\/et\/toode\/hobedast-korvarongad-ametustidega-lucy-copy\/\" \/>\n<meta property=\"og:locale\" content=\"et_EE\" \/>\n<meta property=\"og:type\" content=\"article\" \/>\n<meta property=\"og:title\" content=\"H\u00f5bedane s\u00f5rmus amet\u00fcstiga &quot;Lucy&quot;\" \/>\n<meta property=\"og:description\" content=\"Klassikalise ja lakoonilise stiiliga elegantne h\u00f5bedane s\u00f5rmus erkvioletse amet\u00fcsti &quot;smaragd&quot; l\u00f5ikega. Umbes 2 karaati, ideaalne suurus - sobib ideaalselt igale s\u00f5rmele.\" \/>\n<meta property=\"og:url\" content=\"https:\/\/colibri-jewels.eu\/et\/toode\/hobedast-korvarongad-ametustidega-lucy-copy\/\" \/>\n<meta property=\"og:site_name\" content=\"Colibri jewels\" \/>\n<meta property=\"article:publisher\" content=\"https:\/\/www.facebook.com\/colibri.jewels\" \/>\n<meta property=\"article:modified_time\" content=\"2026-02-24T11:17:07+00:00\" \/>\n<meta property=\"og:image\" content=\"https:\/\/colibri-jewels.eu\/wp-content\/uploads\/2026\/02\/silver-ring-with-octagon-emerald-cut-amethyst-Lucy.jpg\" \/>\n\t<meta property=\"og:image:width\" content=\"1000\" \/>\n\t<meta property=\"og:image:height\" content=\"1000\" \/>\n\t<meta property=\"og:image:type\" content=\"image\/jpeg\" \/>\n<meta name=\"twitter:card\" content=\"summary_large_image\" \/>\n<script type=\"application\/ld+json\" class=\"yoast-schema-graph\">{\"@context\":\"https:\/\/schema.org\",\"@graph\":[{\"@type\":\"WebPage\",\"@id\":\"https:\/\/colibri-jewels.eu\/et\/toode\/hobedast-korvarongad-ametustidega-lucy-copy\/\",\"url\":\"https:\/\/colibri-jewels.eu\/et\/toode\/hobedast-korvarongad-ametustidega-lucy-copy\/\",\"name\":\"H\u00f5bedane s\u00f5rmus amet\u00fcstiga \\\"Lucy\\\" - Colibri jewels\",\"isPartOf\":{\"@id\":\"https:\/\/colibri-jewels.eu\/et\/#website\"},\"primaryImageOfPage\":{\"@id\":\"https:\/\/colibri-jewels.eu\/et\/toode\/hobedast-korvarongad-ametustidega-lucy-copy\/#primaryimage\"},\"image\":{\"@id\":\"https:\/\/colibri-jewels.eu\/et\/toode\/hobedast-korvarongad-ametustidega-lucy-copy\/#primaryimage\"},\"thumbnailUrl\":\"https:\/\/colibri-jewels.eu\/wp-content\/uploads\/2026\/02\/silver-ring-with-octagon-emerald-cut-amethyst-Lucy.jpg\",\"datePublished\":\"2026-02-24T11:06:40+00:00\",\"dateModified\":\"2026-02-24T11:17:07+00:00\",\"description\":\"Klassikalise ja lakoonilise stiiliga elegantne h\u00f5bedane s\u00f5rmus erkvioletse amet\u00fcsti \\\"smaragd\\\" l\u00f5ikega. Umbes 2 karaati, ideaalne suurus - sobib ideaalselt igale s\u00f5rmele.\",\"breadcrumb\":{\"@id\":\"https:\/\/colibri-jewels.eu\/et\/toode\/hobedast-korvarongad-ametustidega-lucy-copy\/#breadcrumb\"},\"inLanguage\":\"et\",\"potentialAction\":[{\"@type\":\"ReadAction\",\"target\":[\"https:\/\/colibri-jewels.eu\/et\/toode\/hobedast-korvarongad-ametustidega-lucy-copy\/\"]}]},{\"@type\":\"ImageObject\",\"inLanguage\":\"et\",\"@id\":\"https:\/\/colibri-jewels.eu\/et\/toode\/hobedast-korvarongad-ametustidega-lucy-copy\/#primaryimage\",\"url\":\"https:\/\/colibri-jewels.eu\/wp-content\/uploads\/2026\/02\/silver-ring-with-octagon-emerald-cut-amethyst-Lucy.jpg\",\"contentUrl\":\"https:\/\/colibri-jewels.eu\/wp-content\/uploads\/2026\/02\/silver-ring-with-octagon-emerald-cut-amethyst-Lucy.jpg\",\"width\":1000,\"height\":1000},{\"@type\":\"BreadcrumbList\",\"@id\":\"https:\/\/colibri-jewels.eu\/et\/toode\/hobedast-korvarongad-ametustidega-lucy-copy\/#breadcrumb\",\"itemListElement\":[{\"@type\":\"ListItem\",\"position\":1,\"name\":\"\u0413\u043b\u0430\u0432\u043d\u0430\u044f \u0441\u0442\u0440\u0430\u043d\u0438\u0446\u0430\",\"item\":\"https:\/\/colibri-jewels.eu\/et\/\"},{\"@type\":\"ListItem\",\"position\":2,\"name\":\"Pood\",\"item\":\"https:\/\/colibri-jewels.eu\/et\/pood\/\"},{\"@type\":\"ListItem\",\"position\":3,\"name\":\"H\u00f5bedane s\u00f5rmus amet\u00fcstiga &#171;Lucy&#187;\"}]},{\"@type\":\"WebSite\",\"@id\":\"https:\/\/colibri-jewels.eu\/et\/#website\",\"url\":\"https:\/\/colibri-jewels.eu\/et\/\",\"name\":\"Colibri jewels\",\"description\":\"jewelry shop\",\"publisher\":{\"@id\":\"https:\/\/colibri-jewels.eu\/et\/#organization\"},\"potentialAction\":[{\"@type\":\"SearchAction\",\"target\":{\"@type\":\"EntryPoint\",\"urlTemplate\":\"https:\/\/colibri-jewels.eu\/et\/?s={search_term_string}\"},\"query-input\":{\"@type\":\"PropertyValueSpecification\",\"valueRequired\":true,\"valueName\":\"search_term_string\"}}],\"inLanguage\":\"et\"},{\"@type\":\"Organization\",\"@id\":\"https:\/\/colibri-jewels.eu\/et\/#organization\",\"name\":\"O\u00dc Colibri\",\"url\":\"https:\/\/colibri-jewels.eu\/et\/\",\"logo\":{\"@type\":\"ImageObject\",\"inLanguage\":\"et\",\"@id\":\"https:\/\/colibri-jewels.eu\/et\/#\/schema\/logo\/image\/\",\"url\":\"https:\/\/dev.colibri-jewels.eu\/wp-content\/uploads\/2021\/03\/colibri.png\",\"contentUrl\":\"https:\/\/dev.colibri-jewels.eu\/wp-content\/uploads\/2021\/03\/colibri.png\",\"width\":227,\"height\":130,\"caption\":\"O\u00dc Colibri\"},\"image\":{\"@id\":\"https:\/\/colibri-jewels.eu\/et\/#\/schema\/logo\/image\/\"},\"sameAs\":[\"https:\/\/www.facebook.com\/colibri.jewels\",\"https:\/\/www.instagram.com\/colibri.jewels\",\"https:\/\/www.tiktok.com\/colibri.jewels\"]}]}<\/script>\n<!-- \/ Yoast SEO Premium plugin. -->","yoast_head_json":{"title":"H\u00f5bedane s\u00f5rmus amet\u00fcstiga \"Lucy\" - Colibri jewels","description":"Klassikalise ja lakoonilise stiiliga elegantne h\u00f5bedane s\u00f5rmus erkvioletse amet\u00fcsti \"smaragd\" l\u00f5ikega. Umbes 2 karaati, ideaalne suurus - sobib ideaalselt igale s\u00f5rmele.","robots":{"index":"index","follow":"follow","max-snippet":"max-snippet:-1","max-image-preview":"max-image-preview:large","max-video-preview":"max-video-preview:-1"},"canonical":"https:\/\/colibri-jewels.eu\/et\/toode\/hobedast-korvarongad-ametustidega-lucy-copy\/","og_locale":"et_EE","og_type":"article","og_title":"H\u00f5bedane s\u00f5rmus amet\u00fcstiga \"Lucy\"","og_description":"Klassikalise ja lakoonilise stiiliga elegantne h\u00f5bedane s\u00f5rmus erkvioletse amet\u00fcsti \"smaragd\" l\u00f5ikega. Umbes 2 karaati, ideaalne suurus - sobib ideaalselt igale s\u00f5rmele.","og_url":"https:\/\/colibri-jewels.eu\/et\/toode\/hobedast-korvarongad-ametustidega-lucy-copy\/","og_site_name":"Colibri jewels","article_publisher":"https:\/\/www.facebook.com\/colibri.jewels","article_modified_time":"2026-02-24T11:17:07+00:00","og_image":[{"width":1000,"height":1000,"url":"https:\/\/colibri-jewels.eu\/wp-content\/uploads\/2026\/02\/silver-ring-with-octagon-emerald-cut-amethyst-Lucy.jpg","type":"image\/jpeg"}],"twitter_card":"summary_large_image","schema":{"@context":"https:\/\/schema.org","@graph":[{"@type":"WebPage","@id":"https:\/\/colibri-jewels.eu\/et\/toode\/hobedast-korvarongad-ametustidega-lucy-copy\/","url":"https:\/\/colibri-jewels.eu\/et\/toode\/hobedast-korvarongad-ametustidega-lucy-copy\/","name":"H\u00f5bedane s\u00f5rmus amet\u00fcstiga \"Lucy\" - Colibri jewels","isPartOf":{"@id":"https:\/\/colibri-jewels.eu\/et\/#website"},"primaryImageOfPage":{"@id":"https:\/\/colibri-jewels.eu\/et\/toode\/hobedast-korvarongad-ametustidega-lucy-copy\/#primaryimage"},"image":{"@id":"https:\/\/colibri-jewels.eu\/et\/toode\/hobedast-korvarongad-ametustidega-lucy-copy\/#primaryimage"},"thumbnailUrl":"https:\/\/colibri-jewels.eu\/wp-content\/uploads\/2026\/02\/silver-ring-with-octagon-emerald-cut-amethyst-Lucy.jpg","datePublished":"2026-02-24T11:06:40+00:00","dateModified":"2026-02-24T11:17:07+00:00","description":"Klassikalise ja lakoonilise stiiliga elegantne h\u00f5bedane s\u00f5rmus erkvioletse amet\u00fcsti \"smaragd\" l\u00f5ikega. Umbes 2 karaati, ideaalne suurus - sobib ideaalselt igale s\u00f5rmele.","breadcrumb":{"@id":"https:\/\/colibri-jewels.eu\/et\/toode\/hobedast-korvarongad-ametustidega-lucy-copy\/#breadcrumb"},"inLanguage":"et","potentialAction":[{"@type":"ReadAction","target":["https:\/\/colibri-jewels.eu\/et\/toode\/hobedast-korvarongad-ametustidega-lucy-copy\/"]}]},{"@type":"ImageObject","inLanguage":"et","@id":"https:\/\/colibri-jewels.eu\/et\/toode\/hobedast-korvarongad-ametustidega-lucy-copy\/#primaryimage","url":"https:\/\/colibri-jewels.eu\/wp-content\/uploads\/2026\/02\/silver-ring-with-octagon-emerald-cut-amethyst-Lucy.jpg","contentUrl":"https:\/\/colibri-jewels.eu\/wp-content\/uploads\/2026\/02\/silver-ring-with-octagon-emerald-cut-amethyst-Lucy.jpg","width":1000,"height":1000},{"@type":"BreadcrumbList","@id":"https:\/\/colibri-jewels.eu\/et\/toode\/hobedast-korvarongad-ametustidega-lucy-copy\/#breadcrumb","itemListElement":[{"@type":"ListItem","position":1,"name":"\u0413\u043b\u0430\u0432\u043d\u0430\u044f \u0441\u0442\u0440\u0430\u043d\u0438\u0446\u0430","item":"https:\/\/colibri-jewels.eu\/et\/"},{"@type":"ListItem","position":2,"name":"Pood","item":"https:\/\/colibri-jewels.eu\/et\/pood\/"},{"@type":"ListItem","position":3,"name":"H\u00f5bedane s\u00f5rmus amet\u00fcstiga &#171;Lucy&#187;"}]},{"@type":"WebSite","@id":"https:\/\/colibri-jewels.eu\/et\/#website","url":"https:\/\/colibri-jewels.eu\/et\/","name":"Colibri jewels","description":"jewelry shop","publisher":{"@id":"https:\/\/colibri-jewels.eu\/et\/#organization"},"potentialAction":[{"@type":"SearchAction","target":{"@type":"EntryPoint","urlTemplate":"https:\/\/colibri-jewels.eu\/et\/?s={search_term_string}"},"query-input":{"@type":"PropertyValueSpecification","valueRequired":true,"valueName":"search_term_string"}}],"inLanguage":"et"},{"@type":"Organization","@id":"https:\/\/colibri-jewels.eu\/et\/#organization","name":"O\u00dc Colibri","url":"https:\/\/colibri-jewels.eu\/et\/","logo":{"@type":"ImageObject","inLanguage":"et","@id":"https:\/\/colibri-jewels.eu\/et\/#\/schema\/logo\/image\/","url":"https:\/\/dev.colibri-jewels.eu\/wp-content\/uploads\/2021\/03\/colibri.png","contentUrl":"https:\/\/dev.colibri-jewels.eu\/wp-content\/uploads\/2021\/03\/colibri.png","width":227,"height":130,"caption":"O\u00dc Colibri"},"image":{"@id":"https:\/\/colibri-jewels.eu\/et\/#\/schema\/logo\/image\/"},"sameAs":["https:\/\/www.facebook.com\/colibri.jewels","https:\/\/www.instagram.com\/colibri.jewels","https:\/\/www.tiktok.com\/colibri.jewels"]}]}},"_links":{"self":[{"href":"https:\/\/colibri-jewels.eu\/et\/wp-json\/wp\/v2\/product\/62834","targetHints":{"allow":["GET"]}}],"collection":[{"href":"https:\/\/colibri-jewels.eu\/et\/wp-json\/wp\/v2\/product"}],"about":[{"href":"https:\/\/colibri-jewels.eu\/et\/wp-json\/wp\/v2\/types\/product"}],"replies":[{"embeddable":true,"href":"https:\/\/colibri-jewels.eu\/et\/wp-json\/wp\/v2\/comments?post=62834"}],"version-history":[{"count":3,"href":"https:\/\/colibri-jewels.eu\/et\/wp-json\/wp\/v2\/product\/62834\/revisions"}],"predecessor-version":[{"id":62858,"href":"https:\/\/colibri-jewels.eu\/et\/wp-json\/wp\/v2\/product\/62834\/revisions\/62858"}],"wp:featuredmedia":[{"embeddable":true,"href":"https:\/\/colibri-jewels.eu\/et\/wp-json\/wp\/v2\/media\/62845"}],"wp:attachment":[{"href":"https:\/\/colibri-jewels.eu\/et\/wp-json\/wp\/v2\/media?parent=62834"}],"wp:term":[{"taxonomy":"brand","embeddable":true,"href":"https:\/\/colibri-jewels.eu\/et\/wp-json\/wp\/v2\/etheme_brands?post=62834"},{"taxonomy":"product_brand","embeddable":true,"href":"https:\/\/colibri-jewels.eu\/et\/wp-json\/wp\/v2\/product_brand?post=62834"},{"taxonomy":"product_cat","embeddable":true,"href":"https:\/\/colibri-jewels.eu\/et\/wp-json\/wp\/v2\/product_cat?post=62834"},{"taxonomy":"product_tag","embeddable":true,"href":"https:\/\/colibri-jewels.eu\/et\/wp-json\/wp\/v2\/product_tag?post=62834"}],"curies":[{"name":"wp","href":"https:\/\/api.w.org\/{rel}","templated":true}]}}