{"id":62883,"date":"2026-02-28T14:33:55","date_gmt":"2026-02-28T12:33:55","guid":{"rendered":"https:\/\/colibri-jewels.eu\/?post_type=product&#038;p=62883"},"modified":"2026-02-28T14:42:56","modified_gmt":"2026-02-28T12:42:56","slug":"hobedane-ristikhein-kaekett-kolme-erineva-suurusega-musta-oonuksristikuga-copy-2","status":"publish","type":"product","link":"https:\/\/colibri-jewels.eu\/et\/toode\/hobedane-ristikhein-kaekett-kolme-erineva-suurusega-musta-oonuksristikuga-copy-2\/","title":{"rendered":"H\u00f5bedane &#8220;Ristikhein&#8221; k\u00e4ev\u00f5ru viie musta oon\u00fcksist ristikuga 15 mm"},"content":{"rendered":"<p>Hele ja s\u00e4rav h\u00f5bedane k\u00e4ev\u00f5ru \u00fche kuulsaima kujuga &#8211; ristikheinaga. Five clovers are set in one bracelet.<\/p>\n<p>K\u00e4ev\u00f5rul on pikkuse reguleerimiseks lisar\u00f5ngad.<\/p>\n<p>Iga ristiku l\u00e4bim\u00f5\u00f5t on 15 mm.<\/p>\n","protected":false},"excerpt":{"rendered":"<p>Hele ja s\u00e4rav h\u00f5bedane k\u00e4ev\u00f5ru \u00fche kuulsaima kujuga &#8211; ristikheinaga. Five clovers are set in one bracelet. K\u00e4ev\u00f5rul on pikkuse reguleerimiseks lisar\u00f5ngad. Iga ristiku l\u00e4bim\u00f5\u00f5t&#8230;<\/p>\n","protected":false},"featured_media":62880,"comment_status":"open","ping_status":"closed","template":"","meta":[],"etheme_brands":[],"product_brand":[],"product_cat":[467],"product_tag":[751],"class_list":{"0":"post-62883","1":"product","2":"type-product","3":"status-publish","4":"has-post-thumbnail","6":"product_cat-kaevoru","7":"product_tag-ristikhein","9":"first","10":"outofstock","11":"shipping-taxable","12":"purchasable","13":"product-type-simple"},"acf":[],"yoast_head":"<!-- This site is optimized with the Yoast SEO Premium plugin v26.5 (Yoast SEO v26.8) - https:\/\/yoast.com\/product\/yoast-seo-premium-wordpress\/ -->\n<title>H\u00f5bedane &quot;Ristikhein&quot; k\u00e4ev\u00f5ru viie musta oon\u00fcksist ristikuga 15 mm - Colibri jewels<\/title>\n<meta name=\"robots\" content=\"index, follow, max-snippet:-1, max-image-preview:large, max-video-preview:-1\" \/>\n<link rel=\"canonical\" href=\"https:\/\/colibri-jewels.eu\/et\/toode\/hobedane-ristikhein-kaekett-kolme-erineva-suurusega-musta-oonuksristikuga-copy-2\/\" \/>\n<meta property=\"og:locale\" content=\"et_EE\" \/>\n<meta property=\"og:type\" content=\"article\" \/>\n<meta property=\"og:title\" content=\"H\u00f5bedane &quot;Ristikhein&quot; k\u00e4ev\u00f5ru viie musta oon\u00fcksist ristikuga 15 mm\" \/>\n<meta property=\"og:description\" content=\"Hele ja s\u00e4rav h\u00f5bedane k\u00e4ev\u00f5ru \u00fche kuulsaima kujuga &#8211; ristikheinaga. Five clovers are set in one bracelet. K\u00e4ev\u00f5rul on pikkuse reguleerimiseks lisar\u00f5ngad. Iga ristiku l\u00e4bim\u00f5\u00f5t...\" \/>\n<meta property=\"og:url\" content=\"https:\/\/colibri-jewels.eu\/et\/toode\/hobedane-ristikhein-kaekett-kolme-erineva-suurusega-musta-oonuksristikuga-copy-2\/\" \/>\n<meta property=\"og:site_name\" content=\"Colibri jewels\" \/>\n<meta property=\"article:publisher\" content=\"https:\/\/www.facebook.com\/colibri.jewels\" \/>\n<meta property=\"article:modified_time\" content=\"2026-02-28T12:42:56+00:00\" \/>\n<meta property=\"og:image\" content=\"https:\/\/colibri-jewels.eu\/wp-content\/uploads\/2026\/02\/\u0414\u0438\u0437\u0430\u0439\u043d-\u0431\u0435\u0437-\u043d\u0430\u0437\u0432\u0430\u043d\u0438\u044f-2.jpg\" \/>\n\t<meta property=\"og:image:width\" content=\"2000\" \/>\n\t<meta property=\"og:image:height\" content=\"2000\" \/>\n\t<meta property=\"og:image:type\" content=\"image\/jpeg\" \/>\n<meta name=\"twitter:card\" content=\"summary_large_image\" \/>\n<script type=\"application\/ld+json\" class=\"yoast-schema-graph\">{\"@context\":\"https:\/\/schema.org\",\"@graph\":[{\"@type\":\"WebPage\",\"@id\":\"https:\/\/colibri-jewels.eu\/et\/toode\/hobedane-ristikhein-kaekett-kolme-erineva-suurusega-musta-oonuksristikuga-copy-2\/\",\"url\":\"https:\/\/colibri-jewels.eu\/et\/toode\/hobedane-ristikhein-kaekett-kolme-erineva-suurusega-musta-oonuksristikuga-copy-2\/\",\"name\":\"H\u00f5bedane \\\"Ristikhein\\\" k\u00e4ev\u00f5ru viie musta oon\u00fcksist ristikuga 15 mm - Colibri jewels\",\"isPartOf\":{\"@id\":\"https:\/\/colibri-jewels.eu\/et\/#website\"},\"primaryImageOfPage\":{\"@id\":\"https:\/\/colibri-jewels.eu\/et\/toode\/hobedane-ristikhein-kaekett-kolme-erineva-suurusega-musta-oonuksristikuga-copy-2\/#primaryimage\"},\"image\":{\"@id\":\"https:\/\/colibri-jewels.eu\/et\/toode\/hobedane-ristikhein-kaekett-kolme-erineva-suurusega-musta-oonuksristikuga-copy-2\/#primaryimage\"},\"thumbnailUrl\":\"https:\/\/colibri-jewels.eu\/wp-content\/uploads\/2026\/02\/\u0414\u0438\u0437\u0430\u0439\u043d-\u0431\u0435\u0437-\u043d\u0430\u0437\u0432\u0430\u043d\u0438\u044f-2.jpg\",\"datePublished\":\"2026-02-28T12:33:55+00:00\",\"dateModified\":\"2026-02-28T12:42:56+00:00\",\"breadcrumb\":{\"@id\":\"https:\/\/colibri-jewels.eu\/et\/toode\/hobedane-ristikhein-kaekett-kolme-erineva-suurusega-musta-oonuksristikuga-copy-2\/#breadcrumb\"},\"inLanguage\":\"et\",\"potentialAction\":[{\"@type\":\"ReadAction\",\"target\":[\"https:\/\/colibri-jewels.eu\/et\/toode\/hobedane-ristikhein-kaekett-kolme-erineva-suurusega-musta-oonuksristikuga-copy-2\/\"]}]},{\"@type\":\"ImageObject\",\"inLanguage\":\"et\",\"@id\":\"https:\/\/colibri-jewels.eu\/et\/toode\/hobedane-ristikhein-kaekett-kolme-erineva-suurusega-musta-oonuksristikuga-copy-2\/#primaryimage\",\"url\":\"https:\/\/colibri-jewels.eu\/wp-content\/uploads\/2026\/02\/\u0414\u0438\u0437\u0430\u0439\u043d-\u0431\u0435\u0437-\u043d\u0430\u0437\u0432\u0430\u043d\u0438\u044f-2.jpg\",\"contentUrl\":\"https:\/\/colibri-jewels.eu\/wp-content\/uploads\/2026\/02\/\u0414\u0438\u0437\u0430\u0439\u043d-\u0431\u0435\u0437-\u043d\u0430\u0437\u0432\u0430\u043d\u0438\u044f-2.jpg\",\"width\":2000,\"height\":2000},{\"@type\":\"BreadcrumbList\",\"@id\":\"https:\/\/colibri-jewels.eu\/et\/toode\/hobedane-ristikhein-kaekett-kolme-erineva-suurusega-musta-oonuksristikuga-copy-2\/#breadcrumb\",\"itemListElement\":[{\"@type\":\"ListItem\",\"position\":1,\"name\":\"\u0413\u043b\u0430\u0432\u043d\u0430\u044f \u0441\u0442\u0440\u0430\u043d\u0438\u0446\u0430\",\"item\":\"https:\/\/colibri-jewels.eu\/et\/\"},{\"@type\":\"ListItem\",\"position\":2,\"name\":\"Pood\",\"item\":\"https:\/\/colibri-jewels.eu\/et\/pood\/\"},{\"@type\":\"ListItem\",\"position\":3,\"name\":\"H\u00f5bedane &#171;Ristikhein&#187; k\u00e4ev\u00f5ru viie musta oon\u00fcksist ristikuga 15 mm\"}]},{\"@type\":\"WebSite\",\"@id\":\"https:\/\/colibri-jewels.eu\/et\/#website\",\"url\":\"https:\/\/colibri-jewels.eu\/et\/\",\"name\":\"Colibri jewels\",\"description\":\"jewelry shop\",\"publisher\":{\"@id\":\"https:\/\/colibri-jewels.eu\/et\/#organization\"},\"potentialAction\":[{\"@type\":\"SearchAction\",\"target\":{\"@type\":\"EntryPoint\",\"urlTemplate\":\"https:\/\/colibri-jewels.eu\/et\/?s={search_term_string}\"},\"query-input\":{\"@type\":\"PropertyValueSpecification\",\"valueRequired\":true,\"valueName\":\"search_term_string\"}}],\"inLanguage\":\"et\"},{\"@type\":\"Organization\",\"@id\":\"https:\/\/colibri-jewels.eu\/et\/#organization\",\"name\":\"O\u00dc Colibri\",\"url\":\"https:\/\/colibri-jewels.eu\/et\/\",\"logo\":{\"@type\":\"ImageObject\",\"inLanguage\":\"et\",\"@id\":\"https:\/\/colibri-jewels.eu\/et\/#\/schema\/logo\/image\/\",\"url\":\"https:\/\/dev.colibri-jewels.eu\/wp-content\/uploads\/2021\/03\/colibri.png\",\"contentUrl\":\"https:\/\/dev.colibri-jewels.eu\/wp-content\/uploads\/2021\/03\/colibri.png\",\"width\":227,\"height\":130,\"caption\":\"O\u00dc Colibri\"},\"image\":{\"@id\":\"https:\/\/colibri-jewels.eu\/et\/#\/schema\/logo\/image\/\"},\"sameAs\":[\"https:\/\/www.facebook.com\/colibri.jewels\",\"https:\/\/www.instagram.com\/colibri.jewels\",\"https:\/\/www.tiktok.com\/colibri.jewels\"]}]}<\/script>\n<!-- \/ Yoast SEO Premium plugin. -->","yoast_head_json":{"title":"H\u00f5bedane \"Ristikhein\" k\u00e4ev\u00f5ru viie musta oon\u00fcksist ristikuga 15 mm - Colibri jewels","robots":{"index":"index","follow":"follow","max-snippet":"max-snippet:-1","max-image-preview":"max-image-preview:large","max-video-preview":"max-video-preview:-1"},"canonical":"https:\/\/colibri-jewels.eu\/et\/toode\/hobedane-ristikhein-kaekett-kolme-erineva-suurusega-musta-oonuksristikuga-copy-2\/","og_locale":"et_EE","og_type":"article","og_title":"H\u00f5bedane \"Ristikhein\" k\u00e4ev\u00f5ru viie musta oon\u00fcksist ristikuga 15 mm","og_description":"Hele ja s\u00e4rav h\u00f5bedane k\u00e4ev\u00f5ru \u00fche kuulsaima kujuga &#8211; ristikheinaga. Five clovers are set in one bracelet. K\u00e4ev\u00f5rul on pikkuse reguleerimiseks lisar\u00f5ngad. Iga ristiku l\u00e4bim\u00f5\u00f5t...","og_url":"https:\/\/colibri-jewels.eu\/et\/toode\/hobedane-ristikhein-kaekett-kolme-erineva-suurusega-musta-oonuksristikuga-copy-2\/","og_site_name":"Colibri jewels","article_publisher":"https:\/\/www.facebook.com\/colibri.jewels","article_modified_time":"2026-02-28T12:42:56+00:00","og_image":[{"width":2000,"height":2000,"url":"https:\/\/colibri-jewels.eu\/wp-content\/uploads\/2026\/02\/\u0414\u0438\u0437\u0430\u0439\u043d-\u0431\u0435\u0437-\u043d\u0430\u0437\u0432\u0430\u043d\u0438\u044f-2.jpg","type":"image\/jpeg"}],"twitter_card":"summary_large_image","schema":{"@context":"https:\/\/schema.org","@graph":[{"@type":"WebPage","@id":"https:\/\/colibri-jewels.eu\/et\/toode\/hobedane-ristikhein-kaekett-kolme-erineva-suurusega-musta-oonuksristikuga-copy-2\/","url":"https:\/\/colibri-jewels.eu\/et\/toode\/hobedane-ristikhein-kaekett-kolme-erineva-suurusega-musta-oonuksristikuga-copy-2\/","name":"H\u00f5bedane \"Ristikhein\" k\u00e4ev\u00f5ru viie musta oon\u00fcksist ristikuga 15 mm - Colibri jewels","isPartOf":{"@id":"https:\/\/colibri-jewels.eu\/et\/#website"},"primaryImageOfPage":{"@id":"https:\/\/colibri-jewels.eu\/et\/toode\/hobedane-ristikhein-kaekett-kolme-erineva-suurusega-musta-oonuksristikuga-copy-2\/#primaryimage"},"image":{"@id":"https:\/\/colibri-jewels.eu\/et\/toode\/hobedane-ristikhein-kaekett-kolme-erineva-suurusega-musta-oonuksristikuga-copy-2\/#primaryimage"},"thumbnailUrl":"https:\/\/colibri-jewels.eu\/wp-content\/uploads\/2026\/02\/\u0414\u0438\u0437\u0430\u0439\u043d-\u0431\u0435\u0437-\u043d\u0430\u0437\u0432\u0430\u043d\u0438\u044f-2.jpg","datePublished":"2026-02-28T12:33:55+00:00","dateModified":"2026-02-28T12:42:56+00:00","breadcrumb":{"@id":"https:\/\/colibri-jewels.eu\/et\/toode\/hobedane-ristikhein-kaekett-kolme-erineva-suurusega-musta-oonuksristikuga-copy-2\/#breadcrumb"},"inLanguage":"et","potentialAction":[{"@type":"ReadAction","target":["https:\/\/colibri-jewels.eu\/et\/toode\/hobedane-ristikhein-kaekett-kolme-erineva-suurusega-musta-oonuksristikuga-copy-2\/"]}]},{"@type":"ImageObject","inLanguage":"et","@id":"https:\/\/colibri-jewels.eu\/et\/toode\/hobedane-ristikhein-kaekett-kolme-erineva-suurusega-musta-oonuksristikuga-copy-2\/#primaryimage","url":"https:\/\/colibri-jewels.eu\/wp-content\/uploads\/2026\/02\/\u0414\u0438\u0437\u0430\u0439\u043d-\u0431\u0435\u0437-\u043d\u0430\u0437\u0432\u0430\u043d\u0438\u044f-2.jpg","contentUrl":"https:\/\/colibri-jewels.eu\/wp-content\/uploads\/2026\/02\/\u0414\u0438\u0437\u0430\u0439\u043d-\u0431\u0435\u0437-\u043d\u0430\u0437\u0432\u0430\u043d\u0438\u044f-2.jpg","width":2000,"height":2000},{"@type":"BreadcrumbList","@id":"https:\/\/colibri-jewels.eu\/et\/toode\/hobedane-ristikhein-kaekett-kolme-erineva-suurusega-musta-oonuksristikuga-copy-2\/#breadcrumb","itemListElement":[{"@type":"ListItem","position":1,"name":"\u0413\u043b\u0430\u0432\u043d\u0430\u044f \u0441\u0442\u0440\u0430\u043d\u0438\u0446\u0430","item":"https:\/\/colibri-jewels.eu\/et\/"},{"@type":"ListItem","position":2,"name":"Pood","item":"https:\/\/colibri-jewels.eu\/et\/pood\/"},{"@type":"ListItem","position":3,"name":"H\u00f5bedane &#171;Ristikhein&#187; k\u00e4ev\u00f5ru viie musta oon\u00fcksist ristikuga 15 mm"}]},{"@type":"WebSite","@id":"https:\/\/colibri-jewels.eu\/et\/#website","url":"https:\/\/colibri-jewels.eu\/et\/","name":"Colibri jewels","description":"jewelry shop","publisher":{"@id":"https:\/\/colibri-jewels.eu\/et\/#organization"},"potentialAction":[{"@type":"SearchAction","target":{"@type":"EntryPoint","urlTemplate":"https:\/\/colibri-jewels.eu\/et\/?s={search_term_string}"},"query-input":{"@type":"PropertyValueSpecification","valueRequired":true,"valueName":"search_term_string"}}],"inLanguage":"et"},{"@type":"Organization","@id":"https:\/\/colibri-jewels.eu\/et\/#organization","name":"O\u00dc Colibri","url":"https:\/\/colibri-jewels.eu\/et\/","logo":{"@type":"ImageObject","inLanguage":"et","@id":"https:\/\/colibri-jewels.eu\/et\/#\/schema\/logo\/image\/","url":"https:\/\/dev.colibri-jewels.eu\/wp-content\/uploads\/2021\/03\/colibri.png","contentUrl":"https:\/\/dev.colibri-jewels.eu\/wp-content\/uploads\/2021\/03\/colibri.png","width":227,"height":130,"caption":"O\u00dc Colibri"},"image":{"@id":"https:\/\/colibri-jewels.eu\/et\/#\/schema\/logo\/image\/"},"sameAs":["https:\/\/www.facebook.com\/colibri.jewels","https:\/\/www.instagram.com\/colibri.jewels","https:\/\/www.tiktok.com\/colibri.jewels"]}]}},"_links":{"self":[{"href":"https:\/\/colibri-jewels.eu\/et\/wp-json\/wp\/v2\/product\/62883","targetHints":{"allow":["GET"]}}],"collection":[{"href":"https:\/\/colibri-jewels.eu\/et\/wp-json\/wp\/v2\/product"}],"about":[{"href":"https:\/\/colibri-jewels.eu\/et\/wp-json\/wp\/v2\/types\/product"}],"replies":[{"embeddable":true,"href":"https:\/\/colibri-jewels.eu\/et\/wp-json\/wp\/v2\/comments?post=62883"}],"version-history":[{"count":1,"href":"https:\/\/colibri-jewels.eu\/et\/wp-json\/wp\/v2\/product\/62883\/revisions"}],"predecessor-version":[{"id":62888,"href":"https:\/\/colibri-jewels.eu\/et\/wp-json\/wp\/v2\/product\/62883\/revisions\/62888"}],"wp:featuredmedia":[{"embeddable":true,"href":"https:\/\/colibri-jewels.eu\/et\/wp-json\/wp\/v2\/media\/62880"}],"wp:attachment":[{"href":"https:\/\/colibri-jewels.eu\/et\/wp-json\/wp\/v2\/media?parent=62883"}],"wp:term":[{"taxonomy":"brand","embeddable":true,"href":"https:\/\/colibri-jewels.eu\/et\/wp-json\/wp\/v2\/etheme_brands?post=62883"},{"taxonomy":"product_brand","embeddable":true,"href":"https:\/\/colibri-jewels.eu\/et\/wp-json\/wp\/v2\/product_brand?post=62883"},{"taxonomy":"product_cat","embeddable":true,"href":"https:\/\/colibri-jewels.eu\/et\/wp-json\/wp\/v2\/product_cat?post=62883"},{"taxonomy":"product_tag","embeddable":true,"href":"https:\/\/colibri-jewels.eu\/et\/wp-json\/wp\/v2\/product_tag?post=62883"}],"curies":[{"name":"wp","href":"https:\/\/api.w.org\/{rel}","templated":true}]}}