{"id":62945,"date":"2026-03-04T19:32:29","date_gmt":"2026-03-04T17:32:29","guid":{"rendered":"https:\/\/colibri-jewels.eu\/?post_type=product&#038;p=62945"},"modified":"2026-03-04T21:54:48","modified_gmt":"2026-03-04T19:54:48","slug":"alianserongas-7-laboriteemandiga-ummarguse-loikega-elysee","status":"publish","type":"product","link":"https:\/\/colibri-jewels.eu\/et\/toode\/alianserongas-7-laboriteemandiga-ummarguse-loikega-elysee\/","title":{"rendered":"Alianser\u00f5ngas 7 laboriteemandiga, \u00fcmmarguse l\u00f5ikega &#8220;\u00c9lys\u00e9e&#8221;"},"content":{"rendered":"<p data-start=\"184\" data-end=\"225\">Valge kuld. Klassika. Peen l\u00e4ige.<\/p>\n<p data-start=\"227\" data-end=\"395\">Seitse \u00fcmmargust laboriteemandit \u2014 iga\u00fcks 3 mm.<br data-start=\"270\" data-end=\"273\" \/>Kogukaal \u2014 0,77 ct.<br data-start=\"300\" data-end=\"303\" \/>T\u00e4iuslik rada neile, kes hindavad elegantset klassikat, kuid tahavad, et r\u00f5ngas oleks m\u00e4rgatav.<\/p>\n<p>&nbsp;<\/p>\n<p data-start=\"397\" data-end=\"460\">\u00c9lys\u00e9e \u2014 lihtne, peen luksus, ilma liigsete liialdusteta, aga iseloomuga.<\/p>\n<p data-start=\"617\" data-end=\"645\"><strong data-start=\"617\" data-end=\"643\">Toote spetsifikatsioonid<\/strong><\/p>\n<p data-start=\"647\" data-end=\"1055\">Toote nimi: \u00c9lys\u00e9e<br data-start=\"671\" data-end=\"674\" \/><strong data-start=\"674\" data-end=\"691\">Toote t\u00fc\u00fcp:<\/strong> Teemantidega alianser\u00f5ngas \/ R\u00f5ngasliin<br data-start=\"728\" data-end=\"731\" \/>Metall: 585 valge kuld<br data-start=\"756\" data-end=\"759\" \/>Teemandi t\u00fc\u00fcp: Laboriteemandid<br data-start=\"795\" data-end=\"798\" \/>L\u00f5ige: \u00dcmmargune<br data-start=\"820\" data-end=\"823\" \/>Kivide arv: 7<br data-start=\"848\" data-end=\"851\" \/>Kivide suurus: 3 mm<br data-start=\"873\" data-end=\"876\" \/>Kogukaal: 0,77 ct<br data-start=\"907\" data-end=\"910\" \/>Seadistus: Sirge joon<br data-start=\"949\" data-end=\"952\" \/>Stiil: Klassikaline, peen, m\u00e4rgatav<br data-start=\"991\" data-end=\"994\" \/>S\u00fcndmus: Kingitus, aastap\u00e4ev, igap\u00e4evane elegantne aksessuaar<\/p>\n","protected":false},"excerpt":{"rendered":"<p>\u00c9lys\u00e9e \u2014 14K valgest kullast r\u00f5ngas 7 \u00fcmmarguse laboriteemandiga (0,77 ct). Klassikaline, elegantne ja peenelt m\u00e4rgatav.<\/p>\n","protected":false},"featured_media":62940,"comment_status":"open","ping_status":"closed","template":"","meta":[],"etheme_brands":[],"product_brand":[],"product_cat":[471],"product_tag":[472,1255,564],"class_list":{"0":"post-62945","1":"product","2":"type-product","3":"status-publish","4":"has-post-thumbnail","6":"product_cat-sormused","7":"product_tag-klassika","8":"product_tag-lab-teemantid","9":"product_tag-liit","11":"first","12":"onbackorder","13":"shipping-taxable","14":"purchasable","15":"product-type-simple"},"acf":[],"yoast_head":"<!-- This site is optimized with the Yoast SEO Premium plugin v26.5 (Yoast SEO v26.8) - https:\/\/yoast.com\/product\/yoast-seo-premium-wordpress\/ -->\n<title>\u00c9lys\u00e9e \u2013 7 \u00fcmmargust laboriteemandit 0,77 ct | Valge kuld<\/title>\n<meta name=\"description\" content=\"\u00c9lys\u00e9e \u2014 14K valgest kullast r\u00f5ngas 7 \u00fcmmarguse laboriteemandiga (0,77 ct). Klassikaline, elegantne ja peenelt m\u00e4rgatav.\" \/>\n<meta name=\"robots\" content=\"index, follow, max-snippet:-1, max-image-preview:large, max-video-preview:-1\" \/>\n<link rel=\"canonical\" href=\"https:\/\/colibri-jewels.eu\/et\/toode\/alianserongas-7-laboriteemandiga-ummarguse-loikega-elysee\/\" \/>\n<meta property=\"og:locale\" content=\"et_EE\" \/>\n<meta property=\"og:type\" content=\"article\" \/>\n<meta property=\"og:title\" content=\"Alianser\u00f5ngas 7 laboriteemandiga, \u00fcmmarguse l\u00f5ikega &quot;\u00c9lys\u00e9e&quot;\" \/>\n<meta property=\"og:description\" content=\"\u00c9lys\u00e9e \u2014 14K valgest kullast r\u00f5ngas 7 \u00fcmmarguse laboriteemandiga (0,77 ct). Klassikaline, elegantne ja peenelt m\u00e4rgatav.\" \/>\n<meta property=\"og:url\" content=\"https:\/\/colibri-jewels.eu\/et\/toode\/alianserongas-7-laboriteemandiga-ummarguse-loikega-elysee\/\" \/>\n<meta property=\"og:site_name\" content=\"Colibri jewels\" \/>\n<meta property=\"article:publisher\" content=\"https:\/\/www.facebook.com\/colibri.jewels\" \/>\n<meta property=\"article:modified_time\" content=\"2026-03-04T19:54:48+00:00\" \/>\n<meta property=\"og:image\" content=\"https:\/\/colibri-jewels.eu\/wp-content\/uploads\/2026\/03\/white-gold-lab-diamond-alliance-ring-Elysee_R-00880.jpg\" \/>\n\t<meta property=\"og:image:width\" content=\"1000\" \/>\n\t<meta property=\"og:image:height\" content=\"1000\" \/>\n\t<meta property=\"og:image:type\" content=\"image\/jpeg\" \/>\n<meta name=\"twitter:card\" content=\"summary_large_image\" \/>\n<script type=\"application\/ld+json\" class=\"yoast-schema-graph\">{\"@context\":\"https:\/\/schema.org\",\"@graph\":[{\"@type\":\"WebPage\",\"@id\":\"https:\/\/colibri-jewels.eu\/et\/toode\/alianserongas-7-laboriteemandiga-ummarguse-loikega-elysee\/\",\"url\":\"https:\/\/colibri-jewels.eu\/et\/toode\/alianserongas-7-laboriteemandiga-ummarguse-loikega-elysee\/\",\"name\":\"\u00c9lys\u00e9e \u2013 7 \u00fcmmargust laboriteemandit 0,77 ct | Valge kuld\",\"isPartOf\":{\"@id\":\"https:\/\/colibri-jewels.eu\/et\/#website\"},\"primaryImageOfPage\":{\"@id\":\"https:\/\/colibri-jewels.eu\/et\/toode\/alianserongas-7-laboriteemandiga-ummarguse-loikega-elysee\/#primaryimage\"},\"image\":{\"@id\":\"https:\/\/colibri-jewels.eu\/et\/toode\/alianserongas-7-laboriteemandiga-ummarguse-loikega-elysee\/#primaryimage\"},\"thumbnailUrl\":\"https:\/\/colibri-jewels.eu\/wp-content\/uploads\/2026\/03\/white-gold-lab-diamond-alliance-ring-Elysee_R-00880.jpg\",\"datePublished\":\"2026-03-04T17:32:29+00:00\",\"dateModified\":\"2026-03-04T19:54:48+00:00\",\"description\":\"\u00c9lys\u00e9e \u2014 14K valgest kullast r\u00f5ngas 7 \u00fcmmarguse laboriteemandiga (0,77 ct). Klassikaline, elegantne ja peenelt m\u00e4rgatav.\",\"breadcrumb\":{\"@id\":\"https:\/\/colibri-jewels.eu\/et\/toode\/alianserongas-7-laboriteemandiga-ummarguse-loikega-elysee\/#breadcrumb\"},\"inLanguage\":\"et\",\"potentialAction\":[{\"@type\":\"ReadAction\",\"target\":[\"https:\/\/colibri-jewels.eu\/et\/toode\/alianserongas-7-laboriteemandiga-ummarguse-loikega-elysee\/\"]}]},{\"@type\":\"ImageObject\",\"inLanguage\":\"et\",\"@id\":\"https:\/\/colibri-jewels.eu\/et\/toode\/alianserongas-7-laboriteemandiga-ummarguse-loikega-elysee\/#primaryimage\",\"url\":\"https:\/\/colibri-jewels.eu\/wp-content\/uploads\/2026\/03\/white-gold-lab-diamond-alliance-ring-Elysee_R-00880.jpg\",\"contentUrl\":\"https:\/\/colibri-jewels.eu\/wp-content\/uploads\/2026\/03\/white-gold-lab-diamond-alliance-ring-Elysee_R-00880.jpg\",\"width\":1000,\"height\":1000},{\"@type\":\"BreadcrumbList\",\"@id\":\"https:\/\/colibri-jewels.eu\/et\/toode\/alianserongas-7-laboriteemandiga-ummarguse-loikega-elysee\/#breadcrumb\",\"itemListElement\":[{\"@type\":\"ListItem\",\"position\":1,\"name\":\"\u0413\u043b\u0430\u0432\u043d\u0430\u044f \u0441\u0442\u0440\u0430\u043d\u0438\u0446\u0430\",\"item\":\"https:\/\/colibri-jewels.eu\/et\/\"},{\"@type\":\"ListItem\",\"position\":2,\"name\":\"Pood\",\"item\":\"https:\/\/colibri-jewels.eu\/et\/pood\/\"},{\"@type\":\"ListItem\",\"position\":3,\"name\":\"Alianser\u00f5ngas 7 laboriteemandiga, \u00fcmmarguse l\u00f5ikega &#8221;\u00c9lys\u00e9e&#8221;\"}]},{\"@type\":\"WebSite\",\"@id\":\"https:\/\/colibri-jewels.eu\/et\/#website\",\"url\":\"https:\/\/colibri-jewels.eu\/et\/\",\"name\":\"Colibri jewels\",\"description\":\"jewelry shop\",\"publisher\":{\"@id\":\"https:\/\/colibri-jewels.eu\/et\/#organization\"},\"potentialAction\":[{\"@type\":\"SearchAction\",\"target\":{\"@type\":\"EntryPoint\",\"urlTemplate\":\"https:\/\/colibri-jewels.eu\/et\/?s={search_term_string}\"},\"query-input\":{\"@type\":\"PropertyValueSpecification\",\"valueRequired\":true,\"valueName\":\"search_term_string\"}}],\"inLanguage\":\"et\"},{\"@type\":\"Organization\",\"@id\":\"https:\/\/colibri-jewels.eu\/et\/#organization\",\"name\":\"O\u00dc Colibri\",\"url\":\"https:\/\/colibri-jewels.eu\/et\/\",\"logo\":{\"@type\":\"ImageObject\",\"inLanguage\":\"et\",\"@id\":\"https:\/\/colibri-jewels.eu\/et\/#\/schema\/logo\/image\/\",\"url\":\"https:\/\/dev.colibri-jewels.eu\/wp-content\/uploads\/2021\/03\/colibri.png\",\"contentUrl\":\"https:\/\/dev.colibri-jewels.eu\/wp-content\/uploads\/2021\/03\/colibri.png\",\"width\":227,\"height\":130,\"caption\":\"O\u00dc Colibri\"},\"image\":{\"@id\":\"https:\/\/colibri-jewels.eu\/et\/#\/schema\/logo\/image\/\"},\"sameAs\":[\"https:\/\/www.facebook.com\/colibri.jewels\",\"https:\/\/www.instagram.com\/colibri.jewels\",\"https:\/\/www.tiktok.com\/colibri.jewels\"]}]}<\/script>\n<!-- \/ Yoast SEO Premium plugin. -->","yoast_head_json":{"title":"\u00c9lys\u00e9e \u2013 7 \u00fcmmargust laboriteemandit 0,77 ct | Valge kuld","description":"\u00c9lys\u00e9e \u2014 14K valgest kullast r\u00f5ngas 7 \u00fcmmarguse laboriteemandiga (0,77 ct). Klassikaline, elegantne ja peenelt m\u00e4rgatav.","robots":{"index":"index","follow":"follow","max-snippet":"max-snippet:-1","max-image-preview":"max-image-preview:large","max-video-preview":"max-video-preview:-1"},"canonical":"https:\/\/colibri-jewels.eu\/et\/toode\/alianserongas-7-laboriteemandiga-ummarguse-loikega-elysee\/","og_locale":"et_EE","og_type":"article","og_title":"Alianser\u00f5ngas 7 laboriteemandiga, \u00fcmmarguse l\u00f5ikega \"\u00c9lys\u00e9e\"","og_description":"\u00c9lys\u00e9e \u2014 14K valgest kullast r\u00f5ngas 7 \u00fcmmarguse laboriteemandiga (0,77 ct). Klassikaline, elegantne ja peenelt m\u00e4rgatav.","og_url":"https:\/\/colibri-jewels.eu\/et\/toode\/alianserongas-7-laboriteemandiga-ummarguse-loikega-elysee\/","og_site_name":"Colibri jewels","article_publisher":"https:\/\/www.facebook.com\/colibri.jewels","article_modified_time":"2026-03-04T19:54:48+00:00","og_image":[{"width":1000,"height":1000,"url":"https:\/\/colibri-jewels.eu\/wp-content\/uploads\/2026\/03\/white-gold-lab-diamond-alliance-ring-Elysee_R-00880.jpg","type":"image\/jpeg"}],"twitter_card":"summary_large_image","schema":{"@context":"https:\/\/schema.org","@graph":[{"@type":"WebPage","@id":"https:\/\/colibri-jewels.eu\/et\/toode\/alianserongas-7-laboriteemandiga-ummarguse-loikega-elysee\/","url":"https:\/\/colibri-jewels.eu\/et\/toode\/alianserongas-7-laboriteemandiga-ummarguse-loikega-elysee\/","name":"\u00c9lys\u00e9e \u2013 7 \u00fcmmargust laboriteemandit 0,77 ct | Valge kuld","isPartOf":{"@id":"https:\/\/colibri-jewels.eu\/et\/#website"},"primaryImageOfPage":{"@id":"https:\/\/colibri-jewels.eu\/et\/toode\/alianserongas-7-laboriteemandiga-ummarguse-loikega-elysee\/#primaryimage"},"image":{"@id":"https:\/\/colibri-jewels.eu\/et\/toode\/alianserongas-7-laboriteemandiga-ummarguse-loikega-elysee\/#primaryimage"},"thumbnailUrl":"https:\/\/colibri-jewels.eu\/wp-content\/uploads\/2026\/03\/white-gold-lab-diamond-alliance-ring-Elysee_R-00880.jpg","datePublished":"2026-03-04T17:32:29+00:00","dateModified":"2026-03-04T19:54:48+00:00","description":"\u00c9lys\u00e9e \u2014 14K valgest kullast r\u00f5ngas 7 \u00fcmmarguse laboriteemandiga (0,77 ct). Klassikaline, elegantne ja peenelt m\u00e4rgatav.","breadcrumb":{"@id":"https:\/\/colibri-jewels.eu\/et\/toode\/alianserongas-7-laboriteemandiga-ummarguse-loikega-elysee\/#breadcrumb"},"inLanguage":"et","potentialAction":[{"@type":"ReadAction","target":["https:\/\/colibri-jewels.eu\/et\/toode\/alianserongas-7-laboriteemandiga-ummarguse-loikega-elysee\/"]}]},{"@type":"ImageObject","inLanguage":"et","@id":"https:\/\/colibri-jewels.eu\/et\/toode\/alianserongas-7-laboriteemandiga-ummarguse-loikega-elysee\/#primaryimage","url":"https:\/\/colibri-jewels.eu\/wp-content\/uploads\/2026\/03\/white-gold-lab-diamond-alliance-ring-Elysee_R-00880.jpg","contentUrl":"https:\/\/colibri-jewels.eu\/wp-content\/uploads\/2026\/03\/white-gold-lab-diamond-alliance-ring-Elysee_R-00880.jpg","width":1000,"height":1000},{"@type":"BreadcrumbList","@id":"https:\/\/colibri-jewels.eu\/et\/toode\/alianserongas-7-laboriteemandiga-ummarguse-loikega-elysee\/#breadcrumb","itemListElement":[{"@type":"ListItem","position":1,"name":"\u0413\u043b\u0430\u0432\u043d\u0430\u044f \u0441\u0442\u0440\u0430\u043d\u0438\u0446\u0430","item":"https:\/\/colibri-jewels.eu\/et\/"},{"@type":"ListItem","position":2,"name":"Pood","item":"https:\/\/colibri-jewels.eu\/et\/pood\/"},{"@type":"ListItem","position":3,"name":"Alianser\u00f5ngas 7 laboriteemandiga, \u00fcmmarguse l\u00f5ikega &#8221;\u00c9lys\u00e9e&#8221;"}]},{"@type":"WebSite","@id":"https:\/\/colibri-jewels.eu\/et\/#website","url":"https:\/\/colibri-jewels.eu\/et\/","name":"Colibri jewels","description":"jewelry shop","publisher":{"@id":"https:\/\/colibri-jewels.eu\/et\/#organization"},"potentialAction":[{"@type":"SearchAction","target":{"@type":"EntryPoint","urlTemplate":"https:\/\/colibri-jewels.eu\/et\/?s={search_term_string}"},"query-input":{"@type":"PropertyValueSpecification","valueRequired":true,"valueName":"search_term_string"}}],"inLanguage":"et"},{"@type":"Organization","@id":"https:\/\/colibri-jewels.eu\/et\/#organization","name":"O\u00dc Colibri","url":"https:\/\/colibri-jewels.eu\/et\/","logo":{"@type":"ImageObject","inLanguage":"et","@id":"https:\/\/colibri-jewels.eu\/et\/#\/schema\/logo\/image\/","url":"https:\/\/dev.colibri-jewels.eu\/wp-content\/uploads\/2021\/03\/colibri.png","contentUrl":"https:\/\/dev.colibri-jewels.eu\/wp-content\/uploads\/2021\/03\/colibri.png","width":227,"height":130,"caption":"O\u00dc Colibri"},"image":{"@id":"https:\/\/colibri-jewels.eu\/et\/#\/schema\/logo\/image\/"},"sameAs":["https:\/\/www.facebook.com\/colibri.jewels","https:\/\/www.instagram.com\/colibri.jewels","https:\/\/www.tiktok.com\/colibri.jewels"]}]}},"_links":{"self":[{"href":"https:\/\/colibri-jewels.eu\/et\/wp-json\/wp\/v2\/product\/62945","targetHints":{"allow":["GET"]}}],"collection":[{"href":"https:\/\/colibri-jewels.eu\/et\/wp-json\/wp\/v2\/product"}],"about":[{"href":"https:\/\/colibri-jewels.eu\/et\/wp-json\/wp\/v2\/types\/product"}],"replies":[{"embeddable":true,"href":"https:\/\/colibri-jewels.eu\/et\/wp-json\/wp\/v2\/comments?post=62945"}],"version-history":[{"count":2,"href":"https:\/\/colibri-jewels.eu\/et\/wp-json\/wp\/v2\/product\/62945\/revisions"}],"predecessor-version":[{"id":62979,"href":"https:\/\/colibri-jewels.eu\/et\/wp-json\/wp\/v2\/product\/62945\/revisions\/62979"}],"wp:featuredmedia":[{"embeddable":true,"href":"https:\/\/colibri-jewels.eu\/et\/wp-json\/wp\/v2\/media\/62940"}],"wp:attachment":[{"href":"https:\/\/colibri-jewels.eu\/et\/wp-json\/wp\/v2\/media?parent=62945"}],"wp:term":[{"taxonomy":"brand","embeddable":true,"href":"https:\/\/colibri-jewels.eu\/et\/wp-json\/wp\/v2\/etheme_brands?post=62945"},{"taxonomy":"product_brand","embeddable":true,"href":"https:\/\/colibri-jewels.eu\/et\/wp-json\/wp\/v2\/product_brand?post=62945"},{"taxonomy":"product_cat","embeddable":true,"href":"https:\/\/colibri-jewels.eu\/et\/wp-json\/wp\/v2\/product_cat?post=62945"},{"taxonomy":"product_tag","embeddable":true,"href":"https:\/\/colibri-jewels.eu\/et\/wp-json\/wp\/v2\/product_tag?post=62945"}],"curies":[{"name":"wp","href":"https:\/\/api.w.org\/{rel}","templated":true}]}}