{"id":63002,"date":"2026-03-23T18:25:38","date_gmt":"2026-03-23T16:25:38","guid":{"rendered":"https:\/\/colibri-jewels.eu\/?post_type=product&#038;p=63002"},"modified":"2026-03-18T19:19:30","modified_gmt":"2026-03-18T17:19:30","slug":"thalia-kullast-kaelakee-cushion-loikega-laboriteemantiga","status":"publish","type":"product","link":"https:\/\/colibri-jewels.eu\/et\/toode\/thalia-kullast-kaelakee-cushion-loikega-laboriteemantiga\/","title":{"rendered":"Thalia \u2013 kullast kaelakee cushion-l\u00f5ikega laboriteemantiga"},"content":{"rendered":"<p data-start=\"382\" data-end=\"620\">Elegantne kullast kaelakee cushion-l\u00f5ikega laboriteemantiga \u2014 v\u00e4ike valguses\u00e4de, mis t\u00f5mbab pilgu enda poole. 0,70-karaadine teemant on kinnitatud lakoonilisse kasti, et miski ei varjutaks selle s\u00e4ra. <\/p>\n<p data-start=\"622\" data-end=\"772\">\u00d5rn 40 cm ankettkett langeb kaunilt rangluude vahele, r\u00f5hutades kaela joont ja luues kerge ning loomuliku elegantsi tunde.<\/p>\n<p data-start=\"774\" data-end=\"856\">Teemant on laboris kasvatatud ja IGI sertifikaadiga, v\u00e4rvus E, puhtus VVS2.<\/p>\n<p>&nbsp;<\/p>\n<p data-start=\"858\" data-end=\"922\">M\u00f5nikord piisab vaid \u00fchest s\u00e4demest, et kogu v\u00e4limus saaks uue s\u00e4ra.<\/p>\n<h2 data-section-id=\"189qedo\" data-start=\"929\" data-end=\"947\">Toote andmed<\/h2>\n<p data-start=\"949\" data-end=\"1007\">Toode: Thalia kaelakee<br data-start=\"977\" data-end=\"980\"><strong data-start=\"980\" data-end=\"995\">Kollektsioon:<\/strong> The Muses<\/p>\n<p data-start=\"1009\" data-end=\"1063\">Ehte t\u00fc\u00fcp: teemantkaelakee<br data-start=\"1043\" data-end=\"1046\"><strong data-start=\"1046\" data-end=\"1056\">Metall<\/strong>: kuld<\/p>\n<p data-start=\"1065\" data-end=\"1121\"><strong data-start=\"1065\" data-end=\"1080\">Keti t\u00fc\u00fcp:<\/strong> ankettkett<br data-start=\"1093\" data-end=\"1096\"><strong data-start=\"1096\" data-end=\"1113\">Keti pikkus:<\/strong> 40 cm<\/p>\n<p data-start=\"1123\" data-end=\"1267\"><strong data-start=\"1123\" data-end=\"1140\">Keskne kivi:<\/strong> laboriteemant<br data-start=\"1158\" data-end=\"1161\"><strong data-start=\"1161\" data-end=\"1169\">L\u00f5ige:<\/strong> cushion<br data-start=\"1177\" data-end=\"1180\"><strong data-start=\"1180\" data-end=\"1197\">Karaat:<\/strong> 0,70 ct<br data-start=\"1205\" data-end=\"1208\"><strong data-start=\"1208\" data-end=\"1218\">V\u00e4rvus:<\/strong> E<br data-start=\"1220\" data-end=\"1223\"><strong data-start=\"1223\" data-end=\"1235\">Puhtus:<\/strong> VVS2<br data-start=\"1240\" data-end=\"1243\"><strong data-start=\"1243\" data-end=\"1261\">Sertifikaat<\/strong>: IGI<\/p>\n<p data-start=\"1269\" data-end=\"1329\"><strong data-start=\"1269\" data-end=\"1281\">Kinnitus:<\/strong> minimalistlik kast<\/p>\n<p data-start=\"1331\" data-end=\"1441\"><strong data-start=\"1331\" data-end=\"1341\">Stiil:<\/strong> minimalistlik ja elegantne fine jewelry<br data-start=\"1382\" data-end=\"1385\"><strong data-start=\"1385\" data-end=\"1399\">Asend:<\/strong> langeb rangluude vahele<\/p>\n<p data-start=\"1443\" data-end=\"1512\"><strong data-start=\"1443\" data-end=\"1460\">Sobib:<\/strong> igap\u00e4evaseks kandmiseks, kihiliste ehete kombineerimiseks, minimalistliku stiili austajatele.<\/p>\n<h2 data-section-id=\"19x8d55\" data-start=\"1519\" data-end=\"1540\"><strong style=\"font-size: 16px;\" data-start=\"1443\" data-end=\"1460\">Keywords \/ tags<\/strong><\/h2>\n<p data-start=\"1542\" data-end=\"1802\">minimalistlik teemantkaelakee, padjaga l\u00f5igatud teemantkaelakee, laboris kasvatatud teemantidega ripats, 0,70 karaadine teemantkaelakee, IGI sertifitseeritud laboriteemantidega ehted, kuldne minimalistlik teemantkaelakee, igap\u00e4evane teemantkaelakee, moodne peen ehetega kaelakee, rangluuga kaelakee<\/p>\n","protected":false},"excerpt":{"rendered":"<p>Minimalistlik kullast kaelakee 0,70 ct cushion-l\u00f5ikega laboriteemantiga (E\/VVS2), IGI sertifikaadiga.<br data-start=\"272\" data-end=\"275\">\u00d5rn 40 cm ankettkett langeb elegantselt rangluude vahele.<\/p>\n","protected":false},"featured_media":63000,"comment_status":"open","ping_status":"closed","template":"","meta":[],"etheme_brands":[],"product_brand":[],"product_cat":[470],"product_tag":[472,1255,505,499,508],"class_list":{"0":"post-63002","1":"product","2":"type-product","3":"status-publish","4":"has-post-thumbnail","6":"product_cat-kaelakeed-ja-ripatsid","7":"product_tag-klassika","8":"product_tag-lab-teemantid","9":"product_tag-lakooniline","10":"product_tag-romantiline","11":"product_tag-solitaar","13":"first","14":"instock","15":"shipping-taxable","16":"purchasable","17":"product-type-simple"},"acf":[],"yoast_head":"<!-- This site is optimized with the Yoast SEO Premium plugin v26.5 (Yoast SEO v26.8) - https:\/\/yoast.com\/product\/yoast-seo-premium-wordpress\/ -->\n<title>Thalia \u2013 kullast kaelakee cushion-l\u00f5ikega laboriteemantiga - Colibri jewels<\/title>\n<meta name=\"description\" content=\"Minimalistlik kullast kaelakee Thalia 0,70 ct cushion-l\u00f5ikega laboriteemantiga (E\/VVS2), IGI sertifikaadiga. Elegantne 40 cm ankettkett, mis langeb kaunilt rangluude vahele.\" \/>\n<meta name=\"robots\" content=\"index, follow, max-snippet:-1, max-image-preview:large, max-video-preview:-1\" \/>\n<link rel=\"canonical\" href=\"https:\/\/colibri-jewels.eu\/et\/toode\/thalia-kullast-kaelakee-cushion-loikega-laboriteemantiga\/\" \/>\n<meta property=\"og:locale\" content=\"et_EE\" \/>\n<meta property=\"og:type\" content=\"article\" \/>\n<meta property=\"og:title\" content=\"Thalia \u2013 kullast kaelakee cushion-l\u00f5ikega laboriteemantiga\" \/>\n<meta property=\"og:description\" content=\"Minimalistlik kullast kaelakee Thalia 0,70 ct cushion-l\u00f5ikega laboriteemantiga (E\/VVS2), IGI sertifikaadiga. Elegantne 40 cm ankettkett, mis langeb kaunilt rangluude vahele.\" \/>\n<meta property=\"og:url\" content=\"https:\/\/colibri-jewels.eu\/et\/toode\/thalia-kullast-kaelakee-cushion-loikega-laboriteemantiga\/\" \/>\n<meta property=\"og:site_name\" content=\"Colibri jewels\" \/>\n<meta property=\"article:publisher\" content=\"https:\/\/www.facebook.com\/colibri.jewels\" \/>\n<meta property=\"og:image\" content=\"https:\/\/colibri-jewels.eu\/wp-content\/uploads\/2026\/03\/Thalia-\u2013-Gold-Necklace-with-Cushion-Lab-Diamond_N00884.jpg\" \/>\n\t<meta property=\"og:image:width\" content=\"1000\" \/>\n\t<meta property=\"og:image:height\" content=\"1000\" \/>\n\t<meta property=\"og:image:type\" content=\"image\/jpeg\" \/>\n<meta name=\"twitter:card\" content=\"summary_large_image\" \/>\n<meta name=\"twitter:label1\" content=\"Est. reading time\" \/>\n\t<meta name=\"twitter:data1\" content=\"1 minut\" \/>\n<script type=\"application\/ld+json\" class=\"yoast-schema-graph\">{\"@context\":\"https:\/\/schema.org\",\"@graph\":[{\"@type\":\"WebPage\",\"@id\":\"https:\/\/colibri-jewels.eu\/et\/toode\/thalia-kullast-kaelakee-cushion-loikega-laboriteemantiga\/\",\"url\":\"https:\/\/colibri-jewels.eu\/et\/toode\/thalia-kullast-kaelakee-cushion-loikega-laboriteemantiga\/\",\"name\":\"Thalia \u2013 kullast kaelakee cushion-l\u00f5ikega laboriteemantiga - Colibri jewels\",\"isPartOf\":{\"@id\":\"https:\/\/colibri-jewels.eu\/et\/#website\"},\"primaryImageOfPage\":{\"@id\":\"https:\/\/colibri-jewels.eu\/et\/toode\/thalia-kullast-kaelakee-cushion-loikega-laboriteemantiga\/#primaryimage\"},\"image\":{\"@id\":\"https:\/\/colibri-jewels.eu\/et\/toode\/thalia-kullast-kaelakee-cushion-loikega-laboriteemantiga\/#primaryimage\"},\"thumbnailUrl\":\"https:\/\/colibri-jewels.eu\/wp-content\/uploads\/2026\/03\/Thalia-\u2013-Gold-Necklace-with-Cushion-Lab-Diamond_N00884.jpg\",\"datePublished\":\"2026-03-23T16:25:38+00:00\",\"description\":\"Minimalistlik kullast kaelakee Thalia 0,70 ct cushion-l\u00f5ikega laboriteemantiga (E\/VVS2), IGI sertifikaadiga. Elegantne 40 cm ankettkett, mis langeb kaunilt rangluude vahele.\",\"breadcrumb\":{\"@id\":\"https:\/\/colibri-jewels.eu\/et\/toode\/thalia-kullast-kaelakee-cushion-loikega-laboriteemantiga\/#breadcrumb\"},\"inLanguage\":\"et\",\"potentialAction\":[{\"@type\":\"ReadAction\",\"target\":[\"https:\/\/colibri-jewels.eu\/et\/toode\/thalia-kullast-kaelakee-cushion-loikega-laboriteemantiga\/\"]}]},{\"@type\":\"ImageObject\",\"inLanguage\":\"et\",\"@id\":\"https:\/\/colibri-jewels.eu\/et\/toode\/thalia-kullast-kaelakee-cushion-loikega-laboriteemantiga\/#primaryimage\",\"url\":\"https:\/\/colibri-jewels.eu\/wp-content\/uploads\/2026\/03\/Thalia-\u2013-Gold-Necklace-with-Cushion-Lab-Diamond_N00884.jpg\",\"contentUrl\":\"https:\/\/colibri-jewels.eu\/wp-content\/uploads\/2026\/03\/Thalia-\u2013-Gold-Necklace-with-Cushion-Lab-Diamond_N00884.jpg\",\"width\":1000,\"height\":1000},{\"@type\":\"BreadcrumbList\",\"@id\":\"https:\/\/colibri-jewels.eu\/et\/toode\/thalia-kullast-kaelakee-cushion-loikega-laboriteemantiga\/#breadcrumb\",\"itemListElement\":[{\"@type\":\"ListItem\",\"position\":1,\"name\":\"\u0413\u043b\u0430\u0432\u043d\u0430\u044f \u0441\u0442\u0440\u0430\u043d\u0438\u0446\u0430\",\"item\":\"https:\/\/colibri-jewels.eu\/et\/\"},{\"@type\":\"ListItem\",\"position\":2,\"name\":\"Pood\",\"item\":\"https:\/\/colibri-jewels.eu\/et\/pood\/\"},{\"@type\":\"ListItem\",\"position\":3,\"name\":\"Thalia \u2013 kullast kaelakee cushion-l\u00f5ikega laboriteemantiga\"}]},{\"@type\":\"WebSite\",\"@id\":\"https:\/\/colibri-jewels.eu\/et\/#website\",\"url\":\"https:\/\/colibri-jewels.eu\/et\/\",\"name\":\"Colibri jewels\",\"description\":\"jewelry shop\",\"publisher\":{\"@id\":\"https:\/\/colibri-jewels.eu\/et\/#organization\"},\"potentialAction\":[{\"@type\":\"SearchAction\",\"target\":{\"@type\":\"EntryPoint\",\"urlTemplate\":\"https:\/\/colibri-jewels.eu\/et\/?s={search_term_string}\"},\"query-input\":{\"@type\":\"PropertyValueSpecification\",\"valueRequired\":true,\"valueName\":\"search_term_string\"}}],\"inLanguage\":\"et\"},{\"@type\":\"Organization\",\"@id\":\"https:\/\/colibri-jewels.eu\/et\/#organization\",\"name\":\"O\u00dc Colibri\",\"url\":\"https:\/\/colibri-jewels.eu\/et\/\",\"logo\":{\"@type\":\"ImageObject\",\"inLanguage\":\"et\",\"@id\":\"https:\/\/colibri-jewels.eu\/et\/#\/schema\/logo\/image\/\",\"url\":\"https:\/\/dev.colibri-jewels.eu\/wp-content\/uploads\/2021\/03\/colibri.png\",\"contentUrl\":\"https:\/\/dev.colibri-jewels.eu\/wp-content\/uploads\/2021\/03\/colibri.png\",\"width\":227,\"height\":130,\"caption\":\"O\u00dc Colibri\"},\"image\":{\"@id\":\"https:\/\/colibri-jewels.eu\/et\/#\/schema\/logo\/image\/\"},\"sameAs\":[\"https:\/\/www.facebook.com\/colibri.jewels\",\"https:\/\/www.instagram.com\/colibri.jewels\",\"https:\/\/www.tiktok.com\/colibri.jewels\"]}]}<\/script>\n<!-- \/ Yoast SEO Premium plugin. -->","yoast_head_json":{"title":"Thalia \u2013 kullast kaelakee cushion-l\u00f5ikega laboriteemantiga - Colibri jewels","description":"Minimalistlik kullast kaelakee Thalia 0,70 ct cushion-l\u00f5ikega laboriteemantiga (E\/VVS2), IGI sertifikaadiga. Elegantne 40 cm ankettkett, mis langeb kaunilt rangluude vahele.","robots":{"index":"index","follow":"follow","max-snippet":"max-snippet:-1","max-image-preview":"max-image-preview:large","max-video-preview":"max-video-preview:-1"},"canonical":"https:\/\/colibri-jewels.eu\/et\/toode\/thalia-kullast-kaelakee-cushion-loikega-laboriteemantiga\/","og_locale":"et_EE","og_type":"article","og_title":"Thalia \u2013 kullast kaelakee cushion-l\u00f5ikega laboriteemantiga","og_description":"Minimalistlik kullast kaelakee Thalia 0,70 ct cushion-l\u00f5ikega laboriteemantiga (E\/VVS2), IGI sertifikaadiga. Elegantne 40 cm ankettkett, mis langeb kaunilt rangluude vahele.","og_url":"https:\/\/colibri-jewels.eu\/et\/toode\/thalia-kullast-kaelakee-cushion-loikega-laboriteemantiga\/","og_site_name":"Colibri jewels","article_publisher":"https:\/\/www.facebook.com\/colibri.jewels","og_image":[{"width":1000,"height":1000,"url":"https:\/\/colibri-jewels.eu\/wp-content\/uploads\/2026\/03\/Thalia-\u2013-Gold-Necklace-with-Cushion-Lab-Diamond_N00884.jpg","type":"image\/jpeg"}],"twitter_card":"summary_large_image","twitter_misc":{"Est. reading time":"1 minut"},"schema":{"@context":"https:\/\/schema.org","@graph":[{"@type":"WebPage","@id":"https:\/\/colibri-jewels.eu\/et\/toode\/thalia-kullast-kaelakee-cushion-loikega-laboriteemantiga\/","url":"https:\/\/colibri-jewels.eu\/et\/toode\/thalia-kullast-kaelakee-cushion-loikega-laboriteemantiga\/","name":"Thalia \u2013 kullast kaelakee cushion-l\u00f5ikega laboriteemantiga - Colibri jewels","isPartOf":{"@id":"https:\/\/colibri-jewels.eu\/et\/#website"},"primaryImageOfPage":{"@id":"https:\/\/colibri-jewels.eu\/et\/toode\/thalia-kullast-kaelakee-cushion-loikega-laboriteemantiga\/#primaryimage"},"image":{"@id":"https:\/\/colibri-jewels.eu\/et\/toode\/thalia-kullast-kaelakee-cushion-loikega-laboriteemantiga\/#primaryimage"},"thumbnailUrl":"https:\/\/colibri-jewels.eu\/wp-content\/uploads\/2026\/03\/Thalia-\u2013-Gold-Necklace-with-Cushion-Lab-Diamond_N00884.jpg","datePublished":"2026-03-23T16:25:38+00:00","description":"Minimalistlik kullast kaelakee Thalia 0,70 ct cushion-l\u00f5ikega laboriteemantiga (E\/VVS2), IGI sertifikaadiga. Elegantne 40 cm ankettkett, mis langeb kaunilt rangluude vahele.","breadcrumb":{"@id":"https:\/\/colibri-jewels.eu\/et\/toode\/thalia-kullast-kaelakee-cushion-loikega-laboriteemantiga\/#breadcrumb"},"inLanguage":"et","potentialAction":[{"@type":"ReadAction","target":["https:\/\/colibri-jewels.eu\/et\/toode\/thalia-kullast-kaelakee-cushion-loikega-laboriteemantiga\/"]}]},{"@type":"ImageObject","inLanguage":"et","@id":"https:\/\/colibri-jewels.eu\/et\/toode\/thalia-kullast-kaelakee-cushion-loikega-laboriteemantiga\/#primaryimage","url":"https:\/\/colibri-jewels.eu\/wp-content\/uploads\/2026\/03\/Thalia-\u2013-Gold-Necklace-with-Cushion-Lab-Diamond_N00884.jpg","contentUrl":"https:\/\/colibri-jewels.eu\/wp-content\/uploads\/2026\/03\/Thalia-\u2013-Gold-Necklace-with-Cushion-Lab-Diamond_N00884.jpg","width":1000,"height":1000},{"@type":"BreadcrumbList","@id":"https:\/\/colibri-jewels.eu\/et\/toode\/thalia-kullast-kaelakee-cushion-loikega-laboriteemantiga\/#breadcrumb","itemListElement":[{"@type":"ListItem","position":1,"name":"\u0413\u043b\u0430\u0432\u043d\u0430\u044f \u0441\u0442\u0440\u0430\u043d\u0438\u0446\u0430","item":"https:\/\/colibri-jewels.eu\/et\/"},{"@type":"ListItem","position":2,"name":"Pood","item":"https:\/\/colibri-jewels.eu\/et\/pood\/"},{"@type":"ListItem","position":3,"name":"Thalia \u2013 kullast kaelakee cushion-l\u00f5ikega laboriteemantiga"}]},{"@type":"WebSite","@id":"https:\/\/colibri-jewels.eu\/et\/#website","url":"https:\/\/colibri-jewels.eu\/et\/","name":"Colibri jewels","description":"jewelry shop","publisher":{"@id":"https:\/\/colibri-jewels.eu\/et\/#organization"},"potentialAction":[{"@type":"SearchAction","target":{"@type":"EntryPoint","urlTemplate":"https:\/\/colibri-jewels.eu\/et\/?s={search_term_string}"},"query-input":{"@type":"PropertyValueSpecification","valueRequired":true,"valueName":"search_term_string"}}],"inLanguage":"et"},{"@type":"Organization","@id":"https:\/\/colibri-jewels.eu\/et\/#organization","name":"O\u00dc Colibri","url":"https:\/\/colibri-jewels.eu\/et\/","logo":{"@type":"ImageObject","inLanguage":"et","@id":"https:\/\/colibri-jewels.eu\/et\/#\/schema\/logo\/image\/","url":"https:\/\/dev.colibri-jewels.eu\/wp-content\/uploads\/2021\/03\/colibri.png","contentUrl":"https:\/\/dev.colibri-jewels.eu\/wp-content\/uploads\/2021\/03\/colibri.png","width":227,"height":130,"caption":"O\u00dc Colibri"},"image":{"@id":"https:\/\/colibri-jewels.eu\/et\/#\/schema\/logo\/image\/"},"sameAs":["https:\/\/www.facebook.com\/colibri.jewels","https:\/\/www.instagram.com\/colibri.jewels","https:\/\/www.tiktok.com\/colibri.jewels"]}]}},"_links":{"self":[{"href":"https:\/\/colibri-jewels.eu\/et\/wp-json\/wp\/v2\/product\/63002","targetHints":{"allow":["GET"]}}],"collection":[{"href":"https:\/\/colibri-jewels.eu\/et\/wp-json\/wp\/v2\/product"}],"about":[{"href":"https:\/\/colibri-jewels.eu\/et\/wp-json\/wp\/v2\/types\/product"}],"replies":[{"embeddable":true,"href":"https:\/\/colibri-jewels.eu\/et\/wp-json\/wp\/v2\/comments?post=63002"}],"version-history":[{"count":3,"href":"https:\/\/colibri-jewels.eu\/et\/wp-json\/wp\/v2\/product\/63002\/revisions"}],"predecessor-version":[{"id":63105,"href":"https:\/\/colibri-jewels.eu\/et\/wp-json\/wp\/v2\/product\/63002\/revisions\/63105"}],"wp:featuredmedia":[{"embeddable":true,"href":"https:\/\/colibri-jewels.eu\/et\/wp-json\/wp\/v2\/media\/63000"}],"wp:attachment":[{"href":"https:\/\/colibri-jewels.eu\/et\/wp-json\/wp\/v2\/media?parent=63002"}],"wp:term":[{"taxonomy":"brand","embeddable":true,"href":"https:\/\/colibri-jewels.eu\/et\/wp-json\/wp\/v2\/etheme_brands?post=63002"},{"taxonomy":"product_brand","embeddable":true,"href":"https:\/\/colibri-jewels.eu\/et\/wp-json\/wp\/v2\/product_brand?post=63002"},{"taxonomy":"product_cat","embeddable":true,"href":"https:\/\/colibri-jewels.eu\/et\/wp-json\/wp\/v2\/product_cat?post=63002"},{"taxonomy":"product_tag","embeddable":true,"href":"https:\/\/colibri-jewels.eu\/et\/wp-json\/wp\/v2\/product_tag?post=63002"}],"curies":[{"name":"wp","href":"https:\/\/api.w.org\/{rel}","templated":true}]}}