{"id":63052,"date":"2026-03-23T18:25:17","date_gmt":"2026-03-23T16:25:17","guid":{"rendered":"https:\/\/colibri-jewels.eu\/?post_type=product&#038;p=63052"},"modified":"2026-04-24T13:25:01","modified_gmt":"2026-04-24T10:25:01","slug":"erato-kullast-kaelakee-fancy-intense-pink-laboriteemantiga","status":"publish","type":"product","link":"https:\/\/colibri-jewels.eu\/et\/toode\/erato-kullast-kaelakee-fancy-intense-pink-laboriteemantiga\/","title":{"rendered":"Erato \u2013 kullast kaelakee Fancy Intense Pink laboriteemantiga"},"content":{"rendered":"<p data-start=\"641\" data-end=\"904\">Elegantne kullast kaelakee Fancy Intense Pink tooniga laboriteemantiga \u2014 haruldane ja pilkup\u00fc\u00fcdev v\u00e4rv. 0,70-karaadine pear-l\u00f5ikega teemant on kinnitatud lakoonilisse kasti, et selle v\u00e4rv ja s\u00e4ra p\u00e4\u00e4seksid t\u00e4ielikult esile. <\/p>\n<p data-start=\"906\" data-end=\"1031\">\u00d5rn 40 cm ankettkett langeb kaunilt rangluude vahele, r\u00f5hutades kaela joont ja luues kerge elegantsi.<\/p>\n<p data-start=\"1033\" data-end=\"1132\">Teemant on laboris kasvatatud ja IGI sertifikaadiga.<\/p>\n<p>&nbsp;<\/p>\n<p data-start=\"1134\" data-end=\"1228\">M\u00f5nikord piisab \u00fchest v\u00e4rvis\u00e4rast, et ehe muutuks eriliseks.<\/p>\n<h3 data-section-id=\"1o2c85r\" data-start=\"1235\" data-end=\"1254\">Toote andmed<\/h3>\n<p data-start=\"1256\" data-end=\"1313\"><strong data-start=\"1256\" data-end=\"1268\">Toode:<\/strong> Erato kaelakee<br data-start=\"1283\" data-end=\"1286\"><strong data-start=\"1286\" data-end=\"1301\">Kollektsioon:<\/strong> The Muses<\/p>\n<p data-start=\"1315\" data-end=\"1369\"><strong data-start=\"1315\" data-end=\"1332\">Ehte t\u00fc\u00fcp<\/strong>: teemantkaelakee<br data-start=\"1349\" data-end=\"1352\"><strong data-start=\"1352\" data-end=\"1362\">Metall:<\/strong> kuld<\/p>\n<p data-start=\"1371\" data-end=\"1427\"><strong data-start=\"1371\" data-end=\"1386\">Keti t\u00fc\u00fcp: <\/strong>ankettkett<br data-start=\"1399\" data-end=\"1402\"><strong data-start=\"1402\" data-end=\"1419\">Keti pikkus:<\/strong> 40 cm<\/p>\n<p data-start=\"1429\" data-end=\"1570\"><strong data-start=\"1429\" data-end=\"1446\">Keskne kivi:<\/strong> laboriteemant<br data-start=\"1464\" data-end=\"1467\"><strong data-start=\"1467\" data-end=\"1475\">L\u00f5ige:<\/strong> pear<br data-start=\"1483\" data-end=\"1486\"><strong data-start=\"1486\" data-end=\"1503\">Karaat: <\/strong>0,70 ct<br data-start=\"1511\" data-end=\"1514\"><strong data-start=\"1514\" data-end=\"1524\">V\u00e4rvus:<\/strong> Fancy Intense Pink<br data-start=\"1543\" data-end=\"1546\"><strong data-start=\"1546\" data-end=\"1564\">Sertifikaat: <\/strong>IGI<\/p>\n<p data-start=\"1572\" data-end=\"1630\"><strong data-start=\"1572\" data-end=\"1584\">Kinnitus:<\/strong> minimalistlik kast<\/p>\n<p data-start=\"1632\" data-end=\"1742\"><strong data-start=\"1632\" data-end=\"1642\">Stiil: <\/strong>Minimalistlik, elegantne ja moodne ehe<br data-start=\"1683\" data-end=\"1686\"><strong data-start=\"1686\" data-end=\"1700\">Paigutus<\/strong>: M\u00f5eldud asetsema rangluude vahel<\/p>\n<p data-start=\"1744\" data-end=\"1823\"><strong data-start=\"1744\" data-end=\"1761\">Sobib:<\/strong> igap\u00e4evaseks kandmiseks, kihiliseks kandmiseks, \u00f5rnade v\u00e4rviliste teemantide armastajatele.<\/p>\n<h3 data-section-id=\"1ixc7my\" data-start=\"1830\" data-end=\"1852\"><\/h3>\n<p data-start=\"1854\" data-end=\"2087\">roosa teemantkaelakee, fancy intense pink teemantkaelakee, laboris kasvatatud roosa teemantripats, pirnil\u00f5ikeline roosa teemantkaelakee, kuldne roosa teemantkaelakee, minimalistlik teemantkaelakee, moodne peenehte kaelakee, rangluu kaelakee<\/p>\n","protected":false},"excerpt":{"rendered":"<p>Minimalistlik kullast kaelakee 0,70 ct cushion-l\u00f5ikega Fancy Intense Pink laboriteemantiga, IGI sertifikaadiga.<br data-start=\"530\" data-end=\"533\">\u00d5rn 40 cm ankettkett langeb elegantselt rangluude vahele.<\/p>\n","protected":false},"featured_media":63049,"comment_status":"open","ping_status":"closed","template":"","meta":[],"etheme_brands":[],"product_brand":[],"product_cat":[470],"product_tag":[472,1255,505,499,508],"class_list":{"0":"post-63052","1":"product","2":"type-product","3":"status-publish","4":"has-post-thumbnail","6":"product_cat-kaelakeed-ja-ripatsid","7":"product_tag-klassika","8":"product_tag-lab-teemantid","9":"product_tag-lakooniline","10":"product_tag-romantiline","11":"product_tag-solitaar","13":"first","14":"instock","15":"shipping-taxable","16":"purchasable","17":"product-type-simple"},"acf":[],"yoast_head":"<!-- This site is optimized with the Yoast SEO Premium plugin v26.5 (Yoast SEO v26.8) - https:\/\/yoast.com\/product\/yoast-seo-premium-wordpress\/ -->\n<title>Erato \u2013 kullast kaelakee Fancy Intense Pink laboriteemantiga - Colibri jewels<\/title>\n<meta name=\"description\" content=\"Elegantne kullast kaelakee Erato 0,70 ct Fancy Intense Pink laboriteemantiga. Minimalistlik disain ja \u00f5rn 40 cm ankettkett.\" \/>\n<meta name=\"robots\" content=\"index, follow, max-snippet:-1, max-image-preview:large, max-video-preview:-1\" \/>\n<link rel=\"canonical\" href=\"https:\/\/colibri-jewels.eu\/et\/toode\/erato-kullast-kaelakee-fancy-intense-pink-laboriteemantiga\/\" \/>\n<meta property=\"og:locale\" content=\"et_EE\" \/>\n<meta property=\"og:type\" content=\"article\" \/>\n<meta property=\"og:title\" content=\"Erato \u2013 kullast kaelakee Fancy Intense Pink laboriteemantiga\" \/>\n<meta property=\"og:description\" content=\"Elegantne kullast kaelakee Erato 0,70 ct Fancy Intense Pink laboriteemantiga. Minimalistlik disain ja \u00f5rn 40 cm ankettkett.\" \/>\n<meta property=\"og:url\" content=\"https:\/\/colibri-jewels.eu\/et\/toode\/erato-kullast-kaelakee-fancy-intense-pink-laboriteemantiga\/\" \/>\n<meta property=\"og:site_name\" content=\"Colibri jewels\" \/>\n<meta property=\"article:publisher\" content=\"https:\/\/www.facebook.com\/colibri.jewels\" \/>\n<meta property=\"article:modified_time\" content=\"2026-04-24T10:25:01+00:00\" \/>\n<meta property=\"og:image\" content=\"https:\/\/colibri-jewels.eu\/wp-content\/uploads\/2026\/03\/Erato-\u2013-Gold-Necklace-with-pink-pear-Lab-Diamond_N00886.jpg\" \/>\n\t<meta property=\"og:image:width\" content=\"1000\" \/>\n\t<meta property=\"og:image:height\" content=\"1000\" \/>\n\t<meta property=\"og:image:type\" content=\"image\/jpeg\" \/>\n<meta name=\"twitter:card\" content=\"summary_large_image\" \/>\n<meta name=\"twitter:label1\" content=\"Est. reading time\" \/>\n\t<meta name=\"twitter:data1\" content=\"1 minut\" \/>\n<script type=\"application\/ld+json\" class=\"yoast-schema-graph\">{\"@context\":\"https:\/\/schema.org\",\"@graph\":[{\"@type\":\"WebPage\",\"@id\":\"https:\/\/colibri-jewels.eu\/et\/toode\/erato-kullast-kaelakee-fancy-intense-pink-laboriteemantiga\/\",\"url\":\"https:\/\/colibri-jewels.eu\/et\/toode\/erato-kullast-kaelakee-fancy-intense-pink-laboriteemantiga\/\",\"name\":\"Erato \u2013 kullast kaelakee Fancy Intense Pink laboriteemantiga - Colibri jewels\",\"isPartOf\":{\"@id\":\"https:\/\/colibri-jewels.eu\/et\/#website\"},\"primaryImageOfPage\":{\"@id\":\"https:\/\/colibri-jewels.eu\/et\/toode\/erato-kullast-kaelakee-fancy-intense-pink-laboriteemantiga\/#primaryimage\"},\"image\":{\"@id\":\"https:\/\/colibri-jewels.eu\/et\/toode\/erato-kullast-kaelakee-fancy-intense-pink-laboriteemantiga\/#primaryimage\"},\"thumbnailUrl\":\"https:\/\/colibri-jewels.eu\/wp-content\/uploads\/2026\/03\/Erato-\u2013-Gold-Necklace-with-pink-pear-Lab-Diamond_N00886.jpg\",\"datePublished\":\"2026-03-23T16:25:17+00:00\",\"dateModified\":\"2026-04-24T10:25:01+00:00\",\"description\":\"Elegantne kullast kaelakee Erato 0,70 ct Fancy Intense Pink laboriteemantiga. Minimalistlik disain ja \u00f5rn 40 cm ankettkett.\",\"breadcrumb\":{\"@id\":\"https:\/\/colibri-jewels.eu\/et\/toode\/erato-kullast-kaelakee-fancy-intense-pink-laboriteemantiga\/#breadcrumb\"},\"inLanguage\":\"et\",\"potentialAction\":[{\"@type\":\"ReadAction\",\"target\":[\"https:\/\/colibri-jewels.eu\/et\/toode\/erato-kullast-kaelakee-fancy-intense-pink-laboriteemantiga\/\"]}]},{\"@type\":\"ImageObject\",\"inLanguage\":\"et\",\"@id\":\"https:\/\/colibri-jewels.eu\/et\/toode\/erato-kullast-kaelakee-fancy-intense-pink-laboriteemantiga\/#primaryimage\",\"url\":\"https:\/\/colibri-jewels.eu\/wp-content\/uploads\/2026\/03\/Erato-\u2013-Gold-Necklace-with-pink-pear-Lab-Diamond_N00886.jpg\",\"contentUrl\":\"https:\/\/colibri-jewels.eu\/wp-content\/uploads\/2026\/03\/Erato-\u2013-Gold-Necklace-with-pink-pear-Lab-Diamond_N00886.jpg\",\"width\":1000,\"height\":1000},{\"@type\":\"BreadcrumbList\",\"@id\":\"https:\/\/colibri-jewels.eu\/et\/toode\/erato-kullast-kaelakee-fancy-intense-pink-laboriteemantiga\/#breadcrumb\",\"itemListElement\":[{\"@type\":\"ListItem\",\"position\":1,\"name\":\"\u0413\u043b\u0430\u0432\u043d\u0430\u044f \u0441\u0442\u0440\u0430\u043d\u0438\u0446\u0430\",\"item\":\"https:\/\/colibri-jewels.eu\/et\/\"},{\"@type\":\"ListItem\",\"position\":2,\"name\":\"Pood\",\"item\":\"https:\/\/colibri-jewels.eu\/et\/pood\/\"},{\"@type\":\"ListItem\",\"position\":3,\"name\":\"Erato \u2013 kullast kaelakee Fancy Intense Pink laboriteemantiga\"}]},{\"@type\":\"WebSite\",\"@id\":\"https:\/\/colibri-jewels.eu\/et\/#website\",\"url\":\"https:\/\/colibri-jewels.eu\/et\/\",\"name\":\"Colibri jewels\",\"description\":\"jewelry shop\",\"publisher\":{\"@id\":\"https:\/\/colibri-jewels.eu\/et\/#organization\"},\"potentialAction\":[{\"@type\":\"SearchAction\",\"target\":{\"@type\":\"EntryPoint\",\"urlTemplate\":\"https:\/\/colibri-jewels.eu\/et\/?s={search_term_string}\"},\"query-input\":{\"@type\":\"PropertyValueSpecification\",\"valueRequired\":true,\"valueName\":\"search_term_string\"}}],\"inLanguage\":\"et\"},{\"@type\":\"Organization\",\"@id\":\"https:\/\/colibri-jewels.eu\/et\/#organization\",\"name\":\"O\u00dc Colibri\",\"url\":\"https:\/\/colibri-jewels.eu\/et\/\",\"logo\":{\"@type\":\"ImageObject\",\"inLanguage\":\"et\",\"@id\":\"https:\/\/colibri-jewels.eu\/et\/#\/schema\/logo\/image\/\",\"url\":\"https:\/\/dev.colibri-jewels.eu\/wp-content\/uploads\/2021\/03\/colibri.png\",\"contentUrl\":\"https:\/\/dev.colibri-jewels.eu\/wp-content\/uploads\/2021\/03\/colibri.png\",\"width\":227,\"height\":130,\"caption\":\"O\u00dc Colibri\"},\"image\":{\"@id\":\"https:\/\/colibri-jewels.eu\/et\/#\/schema\/logo\/image\/\"},\"sameAs\":[\"https:\/\/www.facebook.com\/colibri.jewels\",\"https:\/\/www.instagram.com\/colibri.jewels\",\"https:\/\/www.tiktok.com\/colibri.jewels\"]}]}<\/script>\n<!-- \/ Yoast SEO Premium plugin. -->","yoast_head_json":{"title":"Erato \u2013 kullast kaelakee Fancy Intense Pink laboriteemantiga - Colibri jewels","description":"Elegantne kullast kaelakee Erato 0,70 ct Fancy Intense Pink laboriteemantiga. Minimalistlik disain ja \u00f5rn 40 cm ankettkett.","robots":{"index":"index","follow":"follow","max-snippet":"max-snippet:-1","max-image-preview":"max-image-preview:large","max-video-preview":"max-video-preview:-1"},"canonical":"https:\/\/colibri-jewels.eu\/et\/toode\/erato-kullast-kaelakee-fancy-intense-pink-laboriteemantiga\/","og_locale":"et_EE","og_type":"article","og_title":"Erato \u2013 kullast kaelakee Fancy Intense Pink laboriteemantiga","og_description":"Elegantne kullast kaelakee Erato 0,70 ct Fancy Intense Pink laboriteemantiga. Minimalistlik disain ja \u00f5rn 40 cm ankettkett.","og_url":"https:\/\/colibri-jewels.eu\/et\/toode\/erato-kullast-kaelakee-fancy-intense-pink-laboriteemantiga\/","og_site_name":"Colibri jewels","article_publisher":"https:\/\/www.facebook.com\/colibri.jewels","article_modified_time":"2026-04-24T10:25:01+00:00","og_image":[{"width":1000,"height":1000,"url":"https:\/\/colibri-jewels.eu\/wp-content\/uploads\/2026\/03\/Erato-\u2013-Gold-Necklace-with-pink-pear-Lab-Diamond_N00886.jpg","type":"image\/jpeg"}],"twitter_card":"summary_large_image","twitter_misc":{"Est. reading time":"1 minut"},"schema":{"@context":"https:\/\/schema.org","@graph":[{"@type":"WebPage","@id":"https:\/\/colibri-jewels.eu\/et\/toode\/erato-kullast-kaelakee-fancy-intense-pink-laboriteemantiga\/","url":"https:\/\/colibri-jewels.eu\/et\/toode\/erato-kullast-kaelakee-fancy-intense-pink-laboriteemantiga\/","name":"Erato \u2013 kullast kaelakee Fancy Intense Pink laboriteemantiga - Colibri jewels","isPartOf":{"@id":"https:\/\/colibri-jewels.eu\/et\/#website"},"primaryImageOfPage":{"@id":"https:\/\/colibri-jewels.eu\/et\/toode\/erato-kullast-kaelakee-fancy-intense-pink-laboriteemantiga\/#primaryimage"},"image":{"@id":"https:\/\/colibri-jewels.eu\/et\/toode\/erato-kullast-kaelakee-fancy-intense-pink-laboriteemantiga\/#primaryimage"},"thumbnailUrl":"https:\/\/colibri-jewels.eu\/wp-content\/uploads\/2026\/03\/Erato-\u2013-Gold-Necklace-with-pink-pear-Lab-Diamond_N00886.jpg","datePublished":"2026-03-23T16:25:17+00:00","dateModified":"2026-04-24T10:25:01+00:00","description":"Elegantne kullast kaelakee Erato 0,70 ct Fancy Intense Pink laboriteemantiga. Minimalistlik disain ja \u00f5rn 40 cm ankettkett.","breadcrumb":{"@id":"https:\/\/colibri-jewels.eu\/et\/toode\/erato-kullast-kaelakee-fancy-intense-pink-laboriteemantiga\/#breadcrumb"},"inLanguage":"et","potentialAction":[{"@type":"ReadAction","target":["https:\/\/colibri-jewels.eu\/et\/toode\/erato-kullast-kaelakee-fancy-intense-pink-laboriteemantiga\/"]}]},{"@type":"ImageObject","inLanguage":"et","@id":"https:\/\/colibri-jewels.eu\/et\/toode\/erato-kullast-kaelakee-fancy-intense-pink-laboriteemantiga\/#primaryimage","url":"https:\/\/colibri-jewels.eu\/wp-content\/uploads\/2026\/03\/Erato-\u2013-Gold-Necklace-with-pink-pear-Lab-Diamond_N00886.jpg","contentUrl":"https:\/\/colibri-jewels.eu\/wp-content\/uploads\/2026\/03\/Erato-\u2013-Gold-Necklace-with-pink-pear-Lab-Diamond_N00886.jpg","width":1000,"height":1000},{"@type":"BreadcrumbList","@id":"https:\/\/colibri-jewels.eu\/et\/toode\/erato-kullast-kaelakee-fancy-intense-pink-laboriteemantiga\/#breadcrumb","itemListElement":[{"@type":"ListItem","position":1,"name":"\u0413\u043b\u0430\u0432\u043d\u0430\u044f \u0441\u0442\u0440\u0430\u043d\u0438\u0446\u0430","item":"https:\/\/colibri-jewels.eu\/et\/"},{"@type":"ListItem","position":2,"name":"Pood","item":"https:\/\/colibri-jewels.eu\/et\/pood\/"},{"@type":"ListItem","position":3,"name":"Erato \u2013 kullast kaelakee Fancy Intense Pink laboriteemantiga"}]},{"@type":"WebSite","@id":"https:\/\/colibri-jewels.eu\/et\/#website","url":"https:\/\/colibri-jewels.eu\/et\/","name":"Colibri jewels","description":"jewelry shop","publisher":{"@id":"https:\/\/colibri-jewels.eu\/et\/#organization"},"potentialAction":[{"@type":"SearchAction","target":{"@type":"EntryPoint","urlTemplate":"https:\/\/colibri-jewels.eu\/et\/?s={search_term_string}"},"query-input":{"@type":"PropertyValueSpecification","valueRequired":true,"valueName":"search_term_string"}}],"inLanguage":"et"},{"@type":"Organization","@id":"https:\/\/colibri-jewels.eu\/et\/#organization","name":"O\u00dc Colibri","url":"https:\/\/colibri-jewels.eu\/et\/","logo":{"@type":"ImageObject","inLanguage":"et","@id":"https:\/\/colibri-jewels.eu\/et\/#\/schema\/logo\/image\/","url":"https:\/\/dev.colibri-jewels.eu\/wp-content\/uploads\/2021\/03\/colibri.png","contentUrl":"https:\/\/dev.colibri-jewels.eu\/wp-content\/uploads\/2021\/03\/colibri.png","width":227,"height":130,"caption":"O\u00dc Colibri"},"image":{"@id":"https:\/\/colibri-jewels.eu\/et\/#\/schema\/logo\/image\/"},"sameAs":["https:\/\/www.facebook.com\/colibri.jewels","https:\/\/www.instagram.com\/colibri.jewels","https:\/\/www.tiktok.com\/colibri.jewels"]}]}},"_links":{"self":[{"href":"https:\/\/colibri-jewels.eu\/et\/wp-json\/wp\/v2\/product\/63052","targetHints":{"allow":["GET"]}}],"collection":[{"href":"https:\/\/colibri-jewels.eu\/et\/wp-json\/wp\/v2\/product"}],"about":[{"href":"https:\/\/colibri-jewels.eu\/et\/wp-json\/wp\/v2\/types\/product"}],"replies":[{"embeddable":true,"href":"https:\/\/colibri-jewels.eu\/et\/wp-json\/wp\/v2\/comments?post=63052"}],"version-history":[{"count":2,"href":"https:\/\/colibri-jewels.eu\/et\/wp-json\/wp\/v2\/product\/63052\/revisions"}],"predecessor-version":[{"id":63112,"href":"https:\/\/colibri-jewels.eu\/et\/wp-json\/wp\/v2\/product\/63052\/revisions\/63112"}],"wp:featuredmedia":[{"embeddable":true,"href":"https:\/\/colibri-jewels.eu\/et\/wp-json\/wp\/v2\/media\/63049"}],"wp:attachment":[{"href":"https:\/\/colibri-jewels.eu\/et\/wp-json\/wp\/v2\/media?parent=63052"}],"wp:term":[{"taxonomy":"brand","embeddable":true,"href":"https:\/\/colibri-jewels.eu\/et\/wp-json\/wp\/v2\/etheme_brands?post=63052"},{"taxonomy":"product_brand","embeddable":true,"href":"https:\/\/colibri-jewels.eu\/et\/wp-json\/wp\/v2\/product_brand?post=63052"},{"taxonomy":"product_cat","embeddable":true,"href":"https:\/\/colibri-jewels.eu\/et\/wp-json\/wp\/v2\/product_cat?post=63052"},{"taxonomy":"product_tag","embeddable":true,"href":"https:\/\/colibri-jewels.eu\/et\/wp-json\/wp\/v2\/product_tag?post=63052"}],"curies":[{"name":"wp","href":"https:\/\/api.w.org\/{rel}","templated":true}]}}