{"id":63215,"date":"2026-03-19T18:59:29","date_gmt":"2026-03-19T16:59:29","guid":{"rendered":"https:\/\/colibri-jewels.eu\/?post_type=product&#038;p=63215"},"modified":"2026-03-19T19:54:01","modified_gmt":"2026-03-19T17:54:01","slug":"caprice-kasitoo-hobedane-sormus-ripatsidega","status":"publish","type":"product","link":"https:\/\/colibri-jewels.eu\/et\/toode\/caprice-kasitoo-hobedane-sormus-ripatsidega\/","title":{"rendered":"&#8220;Caprice&#8221; &#8211; k\u00e4sit\u00f6\u00f6 h\u00f5bedane s\u00f5rmus ripatsidega"},"content":{"rendered":"<p>Caprice \u2014 t\u00e4ielikult k\u00e4sitsi valmistatud h\u00f5bes\u00f5rmus kaasaegse mitmekihilise disainiga.<br \/>\nS\u00f5rmusel on liikuvad ripatsid, mis libisevad vabalt m\u00f6\u00f6da s\u00f5rmust ega ole fikseeritud \u00fchte kohta, luues \u00f5rna liikumise efekti. \u00dcks ripatsitest on pehme roosa mageveep\u00e4rl, mida t\u00e4iendab poleeritud metallist detail kontrasti loomiseks.<br \/>\nMinimalistlik, m\u00e4nguline ja kaasaegne ehe, mis sobib igap\u00e4evaseks kandmiseks v\u00f5i eriliseks kingituseks.<\/p>\n<p>Puhas h\u00f5be, roodium kate.<\/p>\n","protected":false},"excerpt":{"rendered":"<p>Caprice \u2014 t\u00e4ielikult k\u00e4sitsi valmistatud h\u00f5bes\u00f5rmus kaasaegse mitmekihilise disainiga. S\u00f5rmusel on liikuvad ripatsid, mis libisevad vabalt m\u00f6\u00f6da s\u00f5rmust ega ole fikseeritud \u00fchte kohta, luues \u00f5rna&#8230;<\/p>\n","protected":false},"featured_media":63213,"comment_status":"open","ping_status":"closed","template":"","meta":[],"etheme_brands":[],"product_brand":[],"product_cat":[471],"product_tag":[],"class_list":{"0":"post-63215","1":"product","2":"type-product","3":"status-publish","4":"has-post-thumbnail","6":"product_cat-sormused","8":"first","9":"instock","10":"shipping-taxable","11":"purchasable","12":"product-type-simple"},"acf":[],"yoast_head":"<!-- This site is optimized with the Yoast SEO Premium plugin v26.5 (Yoast SEO v26.8) - https:\/\/yoast.com\/product\/yoast-seo-premium-wordpress\/ -->\n<title>&quot;Caprice&quot; - k\u00e4sit\u00f6\u00f6 h\u00f5bedane s\u00f5rmus ripatsidega - Colibri jewels<\/title>\n<meta name=\"description\" content=\"Caprice \u2014 stiilne k\u00e4sit\u00f6\u00f6na valminud h\u00f5bedast s\u00f5rmus liikuvate ripatsite ja roosa p\u00e4rliga. Kerge, m\u00e4nguline ja moodne ehe igap\u00e4evaseks kandmiseks.\" \/>\n<meta name=\"robots\" content=\"index, follow, max-snippet:-1, max-image-preview:large, max-video-preview:-1\" \/>\n<link rel=\"canonical\" href=\"https:\/\/colibri-jewels.eu\/et\/toode\/caprice-kasitoo-hobedane-sormus-ripatsidega\/\" \/>\n<meta property=\"og:locale\" content=\"et_EE\" \/>\n<meta property=\"og:type\" content=\"article\" \/>\n<meta property=\"og:title\" content=\"&quot;Caprice&quot; - k\u00e4sit\u00f6\u00f6 h\u00f5bedane s\u00f5rmus ripatsidega\" \/>\n<meta property=\"og:description\" content=\"Caprice \u2014 stiilne k\u00e4sit\u00f6\u00f6na valminud h\u00f5bedast s\u00f5rmus liikuvate ripatsite ja roosa p\u00e4rliga. Kerge, m\u00e4nguline ja moodne ehe igap\u00e4evaseks kandmiseks.\" \/>\n<meta property=\"og:url\" content=\"https:\/\/colibri-jewels.eu\/et\/toode\/caprice-kasitoo-hobedane-sormus-ripatsidega\/\" \/>\n<meta property=\"og:site_name\" content=\"Colibri jewels\" \/>\n<meta property=\"article:publisher\" content=\"https:\/\/www.facebook.com\/colibri.jewels\" \/>\n<meta property=\"article:modified_time\" content=\"2026-03-19T17:54:01+00:00\" \/>\n<meta property=\"og:image\" content=\"https:\/\/colibri-jewels.eu\/wp-content\/uploads\/2026\/02\/silver-ring-with-pendants-Caprice.jpg\" \/>\n\t<meta property=\"og:image:width\" content=\"1000\" \/>\n\t<meta property=\"og:image:height\" content=\"1000\" \/>\n\t<meta property=\"og:image:type\" content=\"image\/jpeg\" \/>\n<meta name=\"twitter:card\" content=\"summary_large_image\" \/>\n<script type=\"application\/ld+json\" class=\"yoast-schema-graph\">{\"@context\":\"https:\/\/schema.org\",\"@graph\":[{\"@type\":\"WebPage\",\"@id\":\"https:\/\/colibri-jewels.eu\/et\/toode\/caprice-kasitoo-hobedane-sormus-ripatsidega\/\",\"url\":\"https:\/\/colibri-jewels.eu\/et\/toode\/caprice-kasitoo-hobedane-sormus-ripatsidega\/\",\"name\":\"\\\"Caprice\\\" - k\u00e4sit\u00f6\u00f6 h\u00f5bedane s\u00f5rmus ripatsidega - Colibri jewels\",\"isPartOf\":{\"@id\":\"https:\/\/colibri-jewels.eu\/et\/#website\"},\"primaryImageOfPage\":{\"@id\":\"https:\/\/colibri-jewels.eu\/et\/toode\/caprice-kasitoo-hobedane-sormus-ripatsidega\/#primaryimage\"},\"image\":{\"@id\":\"https:\/\/colibri-jewels.eu\/et\/toode\/caprice-kasitoo-hobedane-sormus-ripatsidega\/#primaryimage\"},\"thumbnailUrl\":\"https:\/\/colibri-jewels.eu\/wp-content\/uploads\/2026\/02\/silver-ring-with-pendants-Caprice.jpg\",\"datePublished\":\"2026-03-19T16:59:29+00:00\",\"dateModified\":\"2026-03-19T17:54:01+00:00\",\"description\":\"Caprice \u2014 stiilne k\u00e4sit\u00f6\u00f6na valminud h\u00f5bedast s\u00f5rmus liikuvate ripatsite ja roosa p\u00e4rliga. Kerge, m\u00e4nguline ja moodne ehe igap\u00e4evaseks kandmiseks.\",\"breadcrumb\":{\"@id\":\"https:\/\/colibri-jewels.eu\/et\/toode\/caprice-kasitoo-hobedane-sormus-ripatsidega\/#breadcrumb\"},\"inLanguage\":\"et\",\"potentialAction\":[{\"@type\":\"ReadAction\",\"target\":[\"https:\/\/colibri-jewels.eu\/et\/toode\/caprice-kasitoo-hobedane-sormus-ripatsidega\/\"]}]},{\"@type\":\"ImageObject\",\"inLanguage\":\"et\",\"@id\":\"https:\/\/colibri-jewels.eu\/et\/toode\/caprice-kasitoo-hobedane-sormus-ripatsidega\/#primaryimage\",\"url\":\"https:\/\/colibri-jewels.eu\/wp-content\/uploads\/2026\/02\/silver-ring-with-pendants-Caprice.jpg\",\"contentUrl\":\"https:\/\/colibri-jewels.eu\/wp-content\/uploads\/2026\/02\/silver-ring-with-pendants-Caprice.jpg\",\"width\":1000,\"height\":1000},{\"@type\":\"BreadcrumbList\",\"@id\":\"https:\/\/colibri-jewels.eu\/et\/toode\/caprice-kasitoo-hobedane-sormus-ripatsidega\/#breadcrumb\",\"itemListElement\":[{\"@type\":\"ListItem\",\"position\":1,\"name\":\"\u0413\u043b\u0430\u0432\u043d\u0430\u044f \u0441\u0442\u0440\u0430\u043d\u0438\u0446\u0430\",\"item\":\"https:\/\/colibri-jewels.eu\/et\/\"},{\"@type\":\"ListItem\",\"position\":2,\"name\":\"Pood\",\"item\":\"https:\/\/colibri-jewels.eu\/et\/pood\/\"},{\"@type\":\"ListItem\",\"position\":3,\"name\":\"&#8221;Caprice&#8221; &#8211; k\u00e4sit\u00f6\u00f6 h\u00f5bedane s\u00f5rmus ripatsidega\"}]},{\"@type\":\"WebSite\",\"@id\":\"https:\/\/colibri-jewels.eu\/et\/#website\",\"url\":\"https:\/\/colibri-jewels.eu\/et\/\",\"name\":\"Colibri jewels\",\"description\":\"jewelry shop\",\"publisher\":{\"@id\":\"https:\/\/colibri-jewels.eu\/et\/#organization\"},\"potentialAction\":[{\"@type\":\"SearchAction\",\"target\":{\"@type\":\"EntryPoint\",\"urlTemplate\":\"https:\/\/colibri-jewels.eu\/et\/?s={search_term_string}\"},\"query-input\":{\"@type\":\"PropertyValueSpecification\",\"valueRequired\":true,\"valueName\":\"search_term_string\"}}],\"inLanguage\":\"et\"},{\"@type\":\"Organization\",\"@id\":\"https:\/\/colibri-jewels.eu\/et\/#organization\",\"name\":\"O\u00dc Colibri\",\"url\":\"https:\/\/colibri-jewels.eu\/et\/\",\"logo\":{\"@type\":\"ImageObject\",\"inLanguage\":\"et\",\"@id\":\"https:\/\/colibri-jewels.eu\/et\/#\/schema\/logo\/image\/\",\"url\":\"https:\/\/dev.colibri-jewels.eu\/wp-content\/uploads\/2021\/03\/colibri.png\",\"contentUrl\":\"https:\/\/dev.colibri-jewels.eu\/wp-content\/uploads\/2021\/03\/colibri.png\",\"width\":227,\"height\":130,\"caption\":\"O\u00dc Colibri\"},\"image\":{\"@id\":\"https:\/\/colibri-jewels.eu\/et\/#\/schema\/logo\/image\/\"},\"sameAs\":[\"https:\/\/www.facebook.com\/colibri.jewels\",\"https:\/\/www.instagram.com\/colibri.jewels\",\"https:\/\/www.tiktok.com\/colibri.jewels\"]}]}<\/script>\n<!-- \/ Yoast SEO Premium plugin. -->","yoast_head_json":{"title":"\"Caprice\" - k\u00e4sit\u00f6\u00f6 h\u00f5bedane s\u00f5rmus ripatsidega - Colibri jewels","description":"Caprice \u2014 stiilne k\u00e4sit\u00f6\u00f6na valminud h\u00f5bedast s\u00f5rmus liikuvate ripatsite ja roosa p\u00e4rliga. Kerge, m\u00e4nguline ja moodne ehe igap\u00e4evaseks kandmiseks.","robots":{"index":"index","follow":"follow","max-snippet":"max-snippet:-1","max-image-preview":"max-image-preview:large","max-video-preview":"max-video-preview:-1"},"canonical":"https:\/\/colibri-jewels.eu\/et\/toode\/caprice-kasitoo-hobedane-sormus-ripatsidega\/","og_locale":"et_EE","og_type":"article","og_title":"\"Caprice\" - k\u00e4sit\u00f6\u00f6 h\u00f5bedane s\u00f5rmus ripatsidega","og_description":"Caprice \u2014 stiilne k\u00e4sit\u00f6\u00f6na valminud h\u00f5bedast s\u00f5rmus liikuvate ripatsite ja roosa p\u00e4rliga. Kerge, m\u00e4nguline ja moodne ehe igap\u00e4evaseks kandmiseks.","og_url":"https:\/\/colibri-jewels.eu\/et\/toode\/caprice-kasitoo-hobedane-sormus-ripatsidega\/","og_site_name":"Colibri jewels","article_publisher":"https:\/\/www.facebook.com\/colibri.jewels","article_modified_time":"2026-03-19T17:54:01+00:00","og_image":[{"width":1000,"height":1000,"url":"https:\/\/colibri-jewels.eu\/wp-content\/uploads\/2026\/02\/silver-ring-with-pendants-Caprice.jpg","type":"image\/jpeg"}],"twitter_card":"summary_large_image","schema":{"@context":"https:\/\/schema.org","@graph":[{"@type":"WebPage","@id":"https:\/\/colibri-jewels.eu\/et\/toode\/caprice-kasitoo-hobedane-sormus-ripatsidega\/","url":"https:\/\/colibri-jewels.eu\/et\/toode\/caprice-kasitoo-hobedane-sormus-ripatsidega\/","name":"\"Caprice\" - k\u00e4sit\u00f6\u00f6 h\u00f5bedane s\u00f5rmus ripatsidega - Colibri jewels","isPartOf":{"@id":"https:\/\/colibri-jewels.eu\/et\/#website"},"primaryImageOfPage":{"@id":"https:\/\/colibri-jewels.eu\/et\/toode\/caprice-kasitoo-hobedane-sormus-ripatsidega\/#primaryimage"},"image":{"@id":"https:\/\/colibri-jewels.eu\/et\/toode\/caprice-kasitoo-hobedane-sormus-ripatsidega\/#primaryimage"},"thumbnailUrl":"https:\/\/colibri-jewels.eu\/wp-content\/uploads\/2026\/02\/silver-ring-with-pendants-Caprice.jpg","datePublished":"2026-03-19T16:59:29+00:00","dateModified":"2026-03-19T17:54:01+00:00","description":"Caprice \u2014 stiilne k\u00e4sit\u00f6\u00f6na valminud h\u00f5bedast s\u00f5rmus liikuvate ripatsite ja roosa p\u00e4rliga. Kerge, m\u00e4nguline ja moodne ehe igap\u00e4evaseks kandmiseks.","breadcrumb":{"@id":"https:\/\/colibri-jewels.eu\/et\/toode\/caprice-kasitoo-hobedane-sormus-ripatsidega\/#breadcrumb"},"inLanguage":"et","potentialAction":[{"@type":"ReadAction","target":["https:\/\/colibri-jewels.eu\/et\/toode\/caprice-kasitoo-hobedane-sormus-ripatsidega\/"]}]},{"@type":"ImageObject","inLanguage":"et","@id":"https:\/\/colibri-jewels.eu\/et\/toode\/caprice-kasitoo-hobedane-sormus-ripatsidega\/#primaryimage","url":"https:\/\/colibri-jewels.eu\/wp-content\/uploads\/2026\/02\/silver-ring-with-pendants-Caprice.jpg","contentUrl":"https:\/\/colibri-jewels.eu\/wp-content\/uploads\/2026\/02\/silver-ring-with-pendants-Caprice.jpg","width":1000,"height":1000},{"@type":"BreadcrumbList","@id":"https:\/\/colibri-jewels.eu\/et\/toode\/caprice-kasitoo-hobedane-sormus-ripatsidega\/#breadcrumb","itemListElement":[{"@type":"ListItem","position":1,"name":"\u0413\u043b\u0430\u0432\u043d\u0430\u044f \u0441\u0442\u0440\u0430\u043d\u0438\u0446\u0430","item":"https:\/\/colibri-jewels.eu\/et\/"},{"@type":"ListItem","position":2,"name":"Pood","item":"https:\/\/colibri-jewels.eu\/et\/pood\/"},{"@type":"ListItem","position":3,"name":"&#8221;Caprice&#8221; &#8211; k\u00e4sit\u00f6\u00f6 h\u00f5bedane s\u00f5rmus ripatsidega"}]},{"@type":"WebSite","@id":"https:\/\/colibri-jewels.eu\/et\/#website","url":"https:\/\/colibri-jewels.eu\/et\/","name":"Colibri jewels","description":"jewelry shop","publisher":{"@id":"https:\/\/colibri-jewels.eu\/et\/#organization"},"potentialAction":[{"@type":"SearchAction","target":{"@type":"EntryPoint","urlTemplate":"https:\/\/colibri-jewels.eu\/et\/?s={search_term_string}"},"query-input":{"@type":"PropertyValueSpecification","valueRequired":true,"valueName":"search_term_string"}}],"inLanguage":"et"},{"@type":"Organization","@id":"https:\/\/colibri-jewels.eu\/et\/#organization","name":"O\u00dc Colibri","url":"https:\/\/colibri-jewels.eu\/et\/","logo":{"@type":"ImageObject","inLanguage":"et","@id":"https:\/\/colibri-jewels.eu\/et\/#\/schema\/logo\/image\/","url":"https:\/\/dev.colibri-jewels.eu\/wp-content\/uploads\/2021\/03\/colibri.png","contentUrl":"https:\/\/dev.colibri-jewels.eu\/wp-content\/uploads\/2021\/03\/colibri.png","width":227,"height":130,"caption":"O\u00dc Colibri"},"image":{"@id":"https:\/\/colibri-jewels.eu\/et\/#\/schema\/logo\/image\/"},"sameAs":["https:\/\/www.facebook.com\/colibri.jewels","https:\/\/www.instagram.com\/colibri.jewels","https:\/\/www.tiktok.com\/colibri.jewels"]}]}},"_links":{"self":[{"href":"https:\/\/colibri-jewels.eu\/et\/wp-json\/wp\/v2\/product\/63215","targetHints":{"allow":["GET"]}}],"collection":[{"href":"https:\/\/colibri-jewels.eu\/et\/wp-json\/wp\/v2\/product"}],"about":[{"href":"https:\/\/colibri-jewels.eu\/et\/wp-json\/wp\/v2\/types\/product"}],"replies":[{"embeddable":true,"href":"https:\/\/colibri-jewels.eu\/et\/wp-json\/wp\/v2\/comments?post=63215"}],"version-history":[{"count":1,"href":"https:\/\/colibri-jewels.eu\/et\/wp-json\/wp\/v2\/product\/63215\/revisions"}],"predecessor-version":[{"id":63220,"href":"https:\/\/colibri-jewels.eu\/et\/wp-json\/wp\/v2\/product\/63215\/revisions\/63220"}],"wp:featuredmedia":[{"embeddable":true,"href":"https:\/\/colibri-jewels.eu\/et\/wp-json\/wp\/v2\/media\/63213"}],"wp:attachment":[{"href":"https:\/\/colibri-jewels.eu\/et\/wp-json\/wp\/v2\/media?parent=63215"}],"wp:term":[{"taxonomy":"brand","embeddable":true,"href":"https:\/\/colibri-jewels.eu\/et\/wp-json\/wp\/v2\/etheme_brands?post=63215"},{"taxonomy":"product_brand","embeddable":true,"href":"https:\/\/colibri-jewels.eu\/et\/wp-json\/wp\/v2\/product_brand?post=63215"},{"taxonomy":"product_cat","embeddable":true,"href":"https:\/\/colibri-jewels.eu\/et\/wp-json\/wp\/v2\/product_cat?post=63215"},{"taxonomy":"product_tag","embeddable":true,"href":"https:\/\/colibri-jewels.eu\/et\/wp-json\/wp\/v2\/product_tag?post=63215"}],"curies":[{"name":"wp","href":"https:\/\/api.w.org\/{rel}","templated":true}]}}