{"id":63405,"date":"2026-04-06T11:57:10","date_gmt":"2026-04-06T08:57:10","guid":{"rendered":"https:\/\/colibri-jewels.eu\/?post_type=product&#038;p=63405"},"modified":"2026-04-06T14:12:09","modified_gmt":"2026-04-06T11:12:09","slug":"vespera-elegantsed-pussetid-valgest-kullast-cushion-loikega-lab-teemantidega-copy","status":"publish","type":"product","link":"https:\/\/colibri-jewels.eu\/et\/toode\/vespera-elegantsed-pussetid-valgest-kullast-cushion-loikega-lab-teemantidega-copy\/","title":{"rendered":"Vespera \u2014 elegantsed pussetid valgest kullast cushion-l\u00f5ikega 1 ct lab teemantidega"},"content":{"rendered":"<p dir=\"auto\" style=\"white-space-collapse: preserve;\">Vespera \u2014 elegantsed pussetid valgest kullast 585 prooviga lab cushion-l\u00f5ikega teemantidega.<\/p>\n<p dir=\"auto\" style=\"white-space-collapse: preserve;\">K\u00f5rvar\u00f5ngad-pussetid kahe 1-karaadise teemantiga. Pehme romantiline cushion-l\u00f5ige annab sametise, \u00f5rna s\u00e4ra \u2014 erinevalt klassikalise \u00fcmara teemandi range s\u00e4delusest. Tugevad kruvilukud ja klamberkinnitus tagavad mugavuse ja turvalisuse. Iga teemant on IGI sertifitseeritud.<\/p>\n<p>&nbsp;<\/p>\n<p dir=\"auto\" style=\"white-space-collapse: preserve;\">Ideaalne valik kuldseid k\u00f5rvar\u00f5ngaid neile, kes hindavad rafineeritud vintage-\u00f5rnust ja kaasaegset luksust.<\/p>\n","protected":false},"excerpt":{"rendered":"<p dir=\"auto\" style=\"white-space-collapse: preserve;\">Vespera \u2014 elegantsed pussetid valgest kullast 585 prooviga lab cushion-l\u00f5ikega teemantidega.<\/p>\n<p dir=\"auto\" style=\"white-space-collapse: preserve;\">K\u00f5rvar\u00f5ngad-pussetid kahe 1-karaadise teemantiga. Pehme romantiline cushion-l\u00f5ige annab sametise, \u00f5rna s\u00e4ra \u2014 erinevalt klassikalise \u00fcmara teemandi range s\u00e4delusest. Tugevad kruvilukud ja klamberkinnitus tagavad mugavuse ja turvalisuse. Iga teemant on IGI sertifitseeritud.<\/p>\n<p>&nbsp;<\/p>\n<p dir=\"auto\" style=\"white-space-collapse: preserve;\">Ideaalne valik kuldseid k\u00f5rvar\u00f5ngaid neile, kes hindavad rafineeritud vintage-\u00f5rnust ja kaasaegset luksust.<\/p>\n","protected":false},"featured_media":63396,"comment_status":"open","ping_status":"closed","template":"","meta":[],"etheme_brands":[],"product_brand":[],"product_cat":[469],"product_tag":[472,505,508],"class_list":{"0":"post-63405","1":"product","2":"type-product","3":"status-publish","4":"has-post-thumbnail","6":"product_cat-korvarongad","7":"product_tag-klassika","8":"product_tag-lakooniline","9":"product_tag-solitaar","11":"first","12":"instock","13":"shipping-taxable","14":"purchasable","15":"product-type-simple"},"acf":[],"yoast_head":"<!-- This site is optimized with the Yoast SEO Premium plugin v26.5 (Yoast SEO v26.8) - https:\/\/yoast.com\/product\/yoast-seo-premium-wordpress\/ -->\n<title>Vespera \u2014 elegantsed pussetid valgest kullast cushion-l\u00f5ikega 1 ct lab teemantidega - Colibri jewels<\/title>\n<meta name=\"description\" content=\"Vespera \u2014 elegantsed 585 valgekullast pussetid lab cushion-l\u00f5ikega teemantidega (1 karaat iga). Sametiselt \u00f5rn s\u00e4ra, kruvilukud, klamberkinnitus, IGI sertifikaadid. Vintage-\u00f5rnus kohtub modernse luksusega.\" \/>\n<meta name=\"robots\" content=\"index, follow, max-snippet:-1, max-image-preview:large, max-video-preview:-1\" \/>\n<link rel=\"canonical\" href=\"https:\/\/colibri-jewels.eu\/et\/toode\/vespera-elegantsed-pussetid-valgest-kullast-cushion-loikega-lab-teemantidega-copy\/\" \/>\n<meta property=\"og:locale\" content=\"et_EE\" \/>\n<meta property=\"og:type\" content=\"article\" \/>\n<meta property=\"og:title\" content=\"Vespera \u2014 elegantsed pussetid valgest kullast cushion-l\u00f5ikega 1 ct lab teemantidega\" \/>\n<meta property=\"og:description\" content=\"Vespera \u2014 elegantsed 585 valgekullast pussetid lab cushion-l\u00f5ikega teemantidega (1 karaat iga). Sametiselt \u00f5rn s\u00e4ra, kruvilukud, klamberkinnitus, IGI sertifikaadid. Vintage-\u00f5rnus kohtub modernse luksusega.\" \/>\n<meta property=\"og:url\" content=\"https:\/\/colibri-jewels.eu\/et\/toode\/vespera-elegantsed-pussetid-valgest-kullast-cushion-loikega-lab-teemantidega-copy\/\" \/>\n<meta property=\"og:site_name\" content=\"Colibri jewels\" \/>\n<meta property=\"article:publisher\" content=\"https:\/\/www.facebook.com\/colibri.jewels\" \/>\n<meta property=\"article:modified_time\" content=\"2026-04-06T11:12:09+00:00\" \/>\n<meta property=\"og:image\" content=\"https:\/\/colibri-jewels.eu\/wp-content\/uploads\/2026\/04\/white-gold-studs-earrings-with-lab-diamonds-cusions-1-ct-Vespera.jpg\" \/>\n\t<meta property=\"og:image:width\" content=\"1000\" \/>\n\t<meta property=\"og:image:height\" content=\"1000\" \/>\n\t<meta property=\"og:image:type\" content=\"image\/jpeg\" \/>\n<meta name=\"twitter:card\" content=\"summary_large_image\" \/>\n<script type=\"application\/ld+json\" class=\"yoast-schema-graph\">{\"@context\":\"https:\/\/schema.org\",\"@graph\":[{\"@type\":\"WebPage\",\"@id\":\"https:\/\/colibri-jewels.eu\/et\/toode\/vespera-elegantsed-pussetid-valgest-kullast-cushion-loikega-lab-teemantidega-copy\/\",\"url\":\"https:\/\/colibri-jewels.eu\/et\/toode\/vespera-elegantsed-pussetid-valgest-kullast-cushion-loikega-lab-teemantidega-copy\/\",\"name\":\"Vespera \u2014 elegantsed pussetid valgest kullast cushion-l\u00f5ikega 1 ct lab teemantidega - Colibri jewels\",\"isPartOf\":{\"@id\":\"https:\/\/colibri-jewels.eu\/et\/#website\"},\"primaryImageOfPage\":{\"@id\":\"https:\/\/colibri-jewels.eu\/et\/toode\/vespera-elegantsed-pussetid-valgest-kullast-cushion-loikega-lab-teemantidega-copy\/#primaryimage\"},\"image\":{\"@id\":\"https:\/\/colibri-jewels.eu\/et\/toode\/vespera-elegantsed-pussetid-valgest-kullast-cushion-loikega-lab-teemantidega-copy\/#primaryimage\"},\"thumbnailUrl\":\"https:\/\/colibri-jewels.eu\/wp-content\/uploads\/2026\/04\/white-gold-studs-earrings-with-lab-diamonds-cusions-1-ct-Vespera.jpg\",\"datePublished\":\"2026-04-06T08:57:10+00:00\",\"dateModified\":\"2026-04-06T11:12:09+00:00\",\"description\":\"Vespera \u2014 elegantsed 585 valgekullast pussetid lab cushion-l\u00f5ikega teemantidega (1 karaat iga). Sametiselt \u00f5rn s\u00e4ra, kruvilukud, klamberkinnitus, IGI sertifikaadid. Vintage-\u00f5rnus kohtub modernse luksusega.\",\"breadcrumb\":{\"@id\":\"https:\/\/colibri-jewels.eu\/et\/toode\/vespera-elegantsed-pussetid-valgest-kullast-cushion-loikega-lab-teemantidega-copy\/#breadcrumb\"},\"inLanguage\":\"et\",\"potentialAction\":[{\"@type\":\"ReadAction\",\"target\":[\"https:\/\/colibri-jewels.eu\/et\/toode\/vespera-elegantsed-pussetid-valgest-kullast-cushion-loikega-lab-teemantidega-copy\/\"]}]},{\"@type\":\"ImageObject\",\"inLanguage\":\"et\",\"@id\":\"https:\/\/colibri-jewels.eu\/et\/toode\/vespera-elegantsed-pussetid-valgest-kullast-cushion-loikega-lab-teemantidega-copy\/#primaryimage\",\"url\":\"https:\/\/colibri-jewels.eu\/wp-content\/uploads\/2026\/04\/white-gold-studs-earrings-with-lab-diamonds-cusions-1-ct-Vespera.jpg\",\"contentUrl\":\"https:\/\/colibri-jewels.eu\/wp-content\/uploads\/2026\/04\/white-gold-studs-earrings-with-lab-diamonds-cusions-1-ct-Vespera.jpg\",\"width\":1000,\"height\":1000},{\"@type\":\"BreadcrumbList\",\"@id\":\"https:\/\/colibri-jewels.eu\/et\/toode\/vespera-elegantsed-pussetid-valgest-kullast-cushion-loikega-lab-teemantidega-copy\/#breadcrumb\",\"itemListElement\":[{\"@type\":\"ListItem\",\"position\":1,\"name\":\"\u0413\u043b\u0430\u0432\u043d\u0430\u044f \u0441\u0442\u0440\u0430\u043d\u0438\u0446\u0430\",\"item\":\"https:\/\/colibri-jewels.eu\/et\/\"},{\"@type\":\"ListItem\",\"position\":2,\"name\":\"Pood\",\"item\":\"https:\/\/colibri-jewels.eu\/et\/pood\/\"},{\"@type\":\"ListItem\",\"position\":3,\"name\":\"Vespera \u2014 elegantsed pussetid valgest kullast cushion-l\u00f5ikega 1 ct lab teemantidega\"}]},{\"@type\":\"WebSite\",\"@id\":\"https:\/\/colibri-jewels.eu\/et\/#website\",\"url\":\"https:\/\/colibri-jewels.eu\/et\/\",\"name\":\"Colibri jewels\",\"description\":\"jewelry shop\",\"publisher\":{\"@id\":\"https:\/\/colibri-jewels.eu\/et\/#organization\"},\"potentialAction\":[{\"@type\":\"SearchAction\",\"target\":{\"@type\":\"EntryPoint\",\"urlTemplate\":\"https:\/\/colibri-jewels.eu\/et\/?s={search_term_string}\"},\"query-input\":{\"@type\":\"PropertyValueSpecification\",\"valueRequired\":true,\"valueName\":\"search_term_string\"}}],\"inLanguage\":\"et\"},{\"@type\":\"Organization\",\"@id\":\"https:\/\/colibri-jewels.eu\/et\/#organization\",\"name\":\"O\u00dc Colibri\",\"url\":\"https:\/\/colibri-jewels.eu\/et\/\",\"logo\":{\"@type\":\"ImageObject\",\"inLanguage\":\"et\",\"@id\":\"https:\/\/colibri-jewels.eu\/et\/#\/schema\/logo\/image\/\",\"url\":\"https:\/\/dev.colibri-jewels.eu\/wp-content\/uploads\/2021\/03\/colibri.png\",\"contentUrl\":\"https:\/\/dev.colibri-jewels.eu\/wp-content\/uploads\/2021\/03\/colibri.png\",\"width\":227,\"height\":130,\"caption\":\"O\u00dc Colibri\"},\"image\":{\"@id\":\"https:\/\/colibri-jewels.eu\/et\/#\/schema\/logo\/image\/\"},\"sameAs\":[\"https:\/\/www.facebook.com\/colibri.jewels\",\"https:\/\/www.instagram.com\/colibri.jewels\",\"https:\/\/www.tiktok.com\/colibri.jewels\"]}]}<\/script>\n<!-- \/ Yoast SEO Premium plugin. -->","yoast_head_json":{"title":"Vespera \u2014 elegantsed pussetid valgest kullast cushion-l\u00f5ikega 1 ct lab teemantidega - Colibri jewels","description":"Vespera \u2014 elegantsed 585 valgekullast pussetid lab cushion-l\u00f5ikega teemantidega (1 karaat iga). Sametiselt \u00f5rn s\u00e4ra, kruvilukud, klamberkinnitus, IGI sertifikaadid. Vintage-\u00f5rnus kohtub modernse luksusega.","robots":{"index":"index","follow":"follow","max-snippet":"max-snippet:-1","max-image-preview":"max-image-preview:large","max-video-preview":"max-video-preview:-1"},"canonical":"https:\/\/colibri-jewels.eu\/et\/toode\/vespera-elegantsed-pussetid-valgest-kullast-cushion-loikega-lab-teemantidega-copy\/","og_locale":"et_EE","og_type":"article","og_title":"Vespera \u2014 elegantsed pussetid valgest kullast cushion-l\u00f5ikega 1 ct lab teemantidega","og_description":"Vespera \u2014 elegantsed 585 valgekullast pussetid lab cushion-l\u00f5ikega teemantidega (1 karaat iga). Sametiselt \u00f5rn s\u00e4ra, kruvilukud, klamberkinnitus, IGI sertifikaadid. Vintage-\u00f5rnus kohtub modernse luksusega.","og_url":"https:\/\/colibri-jewels.eu\/et\/toode\/vespera-elegantsed-pussetid-valgest-kullast-cushion-loikega-lab-teemantidega-copy\/","og_site_name":"Colibri jewels","article_publisher":"https:\/\/www.facebook.com\/colibri.jewels","article_modified_time":"2026-04-06T11:12:09+00:00","og_image":[{"width":1000,"height":1000,"url":"https:\/\/colibri-jewels.eu\/wp-content\/uploads\/2026\/04\/white-gold-studs-earrings-with-lab-diamonds-cusions-1-ct-Vespera.jpg","type":"image\/jpeg"}],"twitter_card":"summary_large_image","schema":{"@context":"https:\/\/schema.org","@graph":[{"@type":"WebPage","@id":"https:\/\/colibri-jewels.eu\/et\/toode\/vespera-elegantsed-pussetid-valgest-kullast-cushion-loikega-lab-teemantidega-copy\/","url":"https:\/\/colibri-jewels.eu\/et\/toode\/vespera-elegantsed-pussetid-valgest-kullast-cushion-loikega-lab-teemantidega-copy\/","name":"Vespera \u2014 elegantsed pussetid valgest kullast cushion-l\u00f5ikega 1 ct lab teemantidega - Colibri jewels","isPartOf":{"@id":"https:\/\/colibri-jewels.eu\/et\/#website"},"primaryImageOfPage":{"@id":"https:\/\/colibri-jewels.eu\/et\/toode\/vespera-elegantsed-pussetid-valgest-kullast-cushion-loikega-lab-teemantidega-copy\/#primaryimage"},"image":{"@id":"https:\/\/colibri-jewels.eu\/et\/toode\/vespera-elegantsed-pussetid-valgest-kullast-cushion-loikega-lab-teemantidega-copy\/#primaryimage"},"thumbnailUrl":"https:\/\/colibri-jewels.eu\/wp-content\/uploads\/2026\/04\/white-gold-studs-earrings-with-lab-diamonds-cusions-1-ct-Vespera.jpg","datePublished":"2026-04-06T08:57:10+00:00","dateModified":"2026-04-06T11:12:09+00:00","description":"Vespera \u2014 elegantsed 585 valgekullast pussetid lab cushion-l\u00f5ikega teemantidega (1 karaat iga). Sametiselt \u00f5rn s\u00e4ra, kruvilukud, klamberkinnitus, IGI sertifikaadid. Vintage-\u00f5rnus kohtub modernse luksusega.","breadcrumb":{"@id":"https:\/\/colibri-jewels.eu\/et\/toode\/vespera-elegantsed-pussetid-valgest-kullast-cushion-loikega-lab-teemantidega-copy\/#breadcrumb"},"inLanguage":"et","potentialAction":[{"@type":"ReadAction","target":["https:\/\/colibri-jewels.eu\/et\/toode\/vespera-elegantsed-pussetid-valgest-kullast-cushion-loikega-lab-teemantidega-copy\/"]}]},{"@type":"ImageObject","inLanguage":"et","@id":"https:\/\/colibri-jewels.eu\/et\/toode\/vespera-elegantsed-pussetid-valgest-kullast-cushion-loikega-lab-teemantidega-copy\/#primaryimage","url":"https:\/\/colibri-jewels.eu\/wp-content\/uploads\/2026\/04\/white-gold-studs-earrings-with-lab-diamonds-cusions-1-ct-Vespera.jpg","contentUrl":"https:\/\/colibri-jewels.eu\/wp-content\/uploads\/2026\/04\/white-gold-studs-earrings-with-lab-diamonds-cusions-1-ct-Vespera.jpg","width":1000,"height":1000},{"@type":"BreadcrumbList","@id":"https:\/\/colibri-jewels.eu\/et\/toode\/vespera-elegantsed-pussetid-valgest-kullast-cushion-loikega-lab-teemantidega-copy\/#breadcrumb","itemListElement":[{"@type":"ListItem","position":1,"name":"\u0413\u043b\u0430\u0432\u043d\u0430\u044f \u0441\u0442\u0440\u0430\u043d\u0438\u0446\u0430","item":"https:\/\/colibri-jewels.eu\/et\/"},{"@type":"ListItem","position":2,"name":"Pood","item":"https:\/\/colibri-jewels.eu\/et\/pood\/"},{"@type":"ListItem","position":3,"name":"Vespera \u2014 elegantsed pussetid valgest kullast cushion-l\u00f5ikega 1 ct lab teemantidega"}]},{"@type":"WebSite","@id":"https:\/\/colibri-jewels.eu\/et\/#website","url":"https:\/\/colibri-jewels.eu\/et\/","name":"Colibri jewels","description":"jewelry shop","publisher":{"@id":"https:\/\/colibri-jewels.eu\/et\/#organization"},"potentialAction":[{"@type":"SearchAction","target":{"@type":"EntryPoint","urlTemplate":"https:\/\/colibri-jewels.eu\/et\/?s={search_term_string}"},"query-input":{"@type":"PropertyValueSpecification","valueRequired":true,"valueName":"search_term_string"}}],"inLanguage":"et"},{"@type":"Organization","@id":"https:\/\/colibri-jewels.eu\/et\/#organization","name":"O\u00dc Colibri","url":"https:\/\/colibri-jewels.eu\/et\/","logo":{"@type":"ImageObject","inLanguage":"et","@id":"https:\/\/colibri-jewels.eu\/et\/#\/schema\/logo\/image\/","url":"https:\/\/dev.colibri-jewels.eu\/wp-content\/uploads\/2021\/03\/colibri.png","contentUrl":"https:\/\/dev.colibri-jewels.eu\/wp-content\/uploads\/2021\/03\/colibri.png","width":227,"height":130,"caption":"O\u00dc Colibri"},"image":{"@id":"https:\/\/colibri-jewels.eu\/et\/#\/schema\/logo\/image\/"},"sameAs":["https:\/\/www.facebook.com\/colibri.jewels","https:\/\/www.instagram.com\/colibri.jewels","https:\/\/www.tiktok.com\/colibri.jewels"]}]}},"_links":{"self":[{"href":"https:\/\/colibri-jewels.eu\/et\/wp-json\/wp\/v2\/product\/63405","targetHints":{"allow":["GET"]}}],"collection":[{"href":"https:\/\/colibri-jewels.eu\/et\/wp-json\/wp\/v2\/product"}],"about":[{"href":"https:\/\/colibri-jewels.eu\/et\/wp-json\/wp\/v2\/types\/product"}],"replies":[{"embeddable":true,"href":"https:\/\/colibri-jewels.eu\/et\/wp-json\/wp\/v2\/comments?post=63405"}],"version-history":[{"count":2,"href":"https:\/\/colibri-jewels.eu\/et\/wp-json\/wp\/v2\/product\/63405\/revisions"}],"predecessor-version":[{"id":63421,"href":"https:\/\/colibri-jewels.eu\/et\/wp-json\/wp\/v2\/product\/63405\/revisions\/63421"}],"wp:featuredmedia":[{"embeddable":true,"href":"https:\/\/colibri-jewels.eu\/et\/wp-json\/wp\/v2\/media\/63396"}],"wp:attachment":[{"href":"https:\/\/colibri-jewels.eu\/et\/wp-json\/wp\/v2\/media?parent=63405"}],"wp:term":[{"taxonomy":"brand","embeddable":true,"href":"https:\/\/colibri-jewels.eu\/et\/wp-json\/wp\/v2\/etheme_brands?post=63405"},{"taxonomy":"product_brand","embeddable":true,"href":"https:\/\/colibri-jewels.eu\/et\/wp-json\/wp\/v2\/product_brand?post=63405"},{"taxonomy":"product_cat","embeddable":true,"href":"https:\/\/colibri-jewels.eu\/et\/wp-json\/wp\/v2\/product_cat?post=63405"},{"taxonomy":"product_tag","embeddable":true,"href":"https:\/\/colibri-jewels.eu\/et\/wp-json\/wp\/v2\/product_tag?post=63405"}],"curies":[{"name":"wp","href":"https:\/\/api.w.org\/{rel}","templated":true}]}}