{"id":63466,"date":"2026-04-27T13:27:36","date_gmt":"2026-04-27T10:27:36","guid":{"rendered":"https:\/\/colibri-jewels.eu\/?post_type=product&#038;p=63466"},"modified":"2026-04-16T22:30:03","modified_gmt":"2026-04-16T19:30:03","slug":"kuldne-safiiriga-sormus-iris","status":"publish","type":"product","link":"https:\/\/colibri-jewels.eu\/et\/toode\/kuldne-safiiriga-sormus-iris\/","title":{"rendered":"Kuldne safiiriga s\u00f5rmus &#8220;Iris&#8221;"},"content":{"rendered":"","protected":false},"excerpt":{"rendered":"<p>Elegantne minimalistlik s\u00f5rmus, milles kohtuvad range geomeetria ja s\u00fcgav v\u00e4rvitoon. Kompositsiooni keskmes on smaragdil\u00f5ikega looduslik saphir, mida t\u00e4iendavad k\u00fclgedel asuvad trapetsikujulised lab timantid. Disain r\u00f5hutab arhitektuurset t\u00e4psust ja v\u00e4\u00e4riskivide \u00f5ilsust.<\/p>\n<p data-path-to-node=\"2\"><b data-path-to-node=\"2\" data-index-in-node=\"0\">Spetsifikatsioonid:<\/b><\/p>\n<ul data-path-to-node=\"3\">\n<li>\n<p data-path-to-node=\"3,0,0\"><b data-path-to-node=\"3,0,0\" data-index-in-node=\"0\">Model:<\/b> Iris<\/p>\n<\/li>\n<li>\n<p data-path-to-node=\"3,1,0\"><b data-path-to-node=\"3,1,0\" data-index-in-node=\"0\">Metall:<\/b> 14K kuld (585)<\/p>\n<\/li>\n<li>\n<p data-path-to-node=\"3,2,0\"><b data-path-to-node=\"3,2,0\" data-index-in-node=\"0\">P\u00f5hikivi:<\/b> Looduslik saphir<\/p>\n<\/li>\n<li>\n<p data-path-to-node=\"3,3,0\"><b data-path-to-node=\"3,3,0\" data-index-in-node=\"0\">Kivi m\u00f5\u00f5dud:<\/b> 6&#215;4 mm<\/p>\n<\/li>\n<li>\n<p data-path-to-node=\"3,4,0\"><b data-path-to-node=\"3,4,0\" data-index-in-node=\"0\">Kaal karaatides:<\/b> 0.67 ct<\/p>\n<\/li>\n<li>\n<p data-path-to-node=\"3,5,0\"><b data-path-to-node=\"3,5,0\" data-index-in-node=\"0\">K\u00f5rvalkivid:<\/b> Lab timantid (2 tk)<\/p>\n<\/li>\n<li>\n<p data-path-to-node=\"3,6,0\"><b data-path-to-node=\"3,6,0\" data-index-in-node=\"0\">K\u00f5rvalkivide lihv:<\/b> Trapets<\/p>\n<\/li>\n<li>\n<p data-path-to-node=\"3,7,0\"><b data-path-to-node=\"3,7,0\" data-index-in-node=\"0\">K\u00f5rvalkivide kaal: <\/b>0.26 ct (kokku)<\/p>\n<\/li>\n<li>\n<p data-path-to-node=\"3,8,0\"><b data-path-to-node=\"3,8,0\" data-index-in-node=\"0\">S\u00f5rmuse suurus:<\/b> 17<\/p>\n<\/li>\n<\/ul>\n<p data-path-to-node=\"4\">Keywords: kuld s\u00f5rmus, smaragdil\u00f5ikega saphir, lab timant, saphiriga s\u00f5rmus, ehted, astmeline lihv saphir, minimalistlikud ehted.<\/p>\n","protected":false},"featured_media":63462,"comment_status":"open","ping_status":"closed","template":"","meta":[],"etheme_brands":[],"product_brand":[],"product_cat":[471],"product_tag":[],"class_list":{"0":"post-63466","1":"product","2":"type-product","3":"status-publish","4":"has-post-thumbnail","6":"product_cat-sormused","8":"first","9":"instock","10":"shipping-taxable","11":"purchasable","12":"product-type-simple"},"acf":[],"yoast_head":"<!-- This site is optimized with the Yoast SEO Premium plugin v26.5 (Yoast SEO v26.8) - https:\/\/yoast.com\/product\/yoast-seo-premium-wordpress\/ -->\n<title>Kuldne safiiriga s\u00f5rmus &quot;Iris&quot; - Colibri jewels<\/title>\n<meta name=\"robots\" content=\"index, follow, max-snippet:-1, max-image-preview:large, max-video-preview:-1\" \/>\n<link rel=\"canonical\" href=\"https:\/\/colibri-jewels.eu\/et\/toode\/kuldne-safiiriga-sormus-iris\/\" \/>\n<meta property=\"og:locale\" content=\"et_EE\" \/>\n<meta property=\"og:type\" content=\"article\" \/>\n<meta property=\"og:title\" content=\"Kuldne safiiriga s\u00f5rmus &quot;Iris&quot;\" \/>\n<meta property=\"og:description\" content=\"Elegantne minimalistlik s\u00f5rmus, milles kohtuvad range geomeetria ja s\u00fcgav v\u00e4rvitoon. Kompositsiooni keskmes on smaragdil\u00f5ikega looduslik saphir, mida t\u00e4iendavad k\u00fclgedel asuvad trapetsikujulised lab timantid. Disain r\u00f5hutab arhitektuurset t\u00e4psust ja v\u00e4\u00e4riskivide \u00f5ilsust. Spetsifikatsioonid:     Model: Iris    Metall: 14K kuld (585)    P\u00f5hikivi: Looduslik saphir    Kivi m\u00f5\u00f5dud: 6x4 mm    Kaal karaatides: 0.67 ct    K\u00f5rvalkivid: Lab timantid (2 tk)    K\u00f5rvalkivide lihv: Trapets    K\u00f5rvalkivide kaal: 0.26 ct (kokku)    S\u00f5rmuse suurus: 17   Keywords: kuld s\u00f5rmus, smaragdil\u00f5ikega saphir, lab timant, saphiriga s\u00f5rmus, ehted, astmeline lihv saphir, minimalistlikud ehted.\" \/>\n<meta property=\"og:url\" content=\"https:\/\/colibri-jewels.eu\/et\/toode\/kuldne-safiiriga-sormus-iris\/\" \/>\n<meta property=\"og:site_name\" content=\"Colibri jewels\" \/>\n<meta property=\"article:publisher\" content=\"https:\/\/www.facebook.com\/colibri.jewels\" \/>\n<meta property=\"og:image\" content=\"https:\/\/colibri-jewels.eu\/wp-content\/uploads\/2026\/04\/7D1A4994-1-scaled.jpg\" \/>\n\t<meta property=\"og:image:width\" content=\"2560\" \/>\n\t<meta property=\"og:image:height\" content=\"2560\" \/>\n\t<meta property=\"og:image:type\" content=\"image\/jpeg\" \/>\n<meta name=\"twitter:card\" content=\"summary_large_image\" \/>\n<script type=\"application\/ld+json\" class=\"yoast-schema-graph\">{\"@context\":\"https:\/\/schema.org\",\"@graph\":[{\"@type\":\"WebPage\",\"@id\":\"https:\/\/colibri-jewels.eu\/et\/toode\/kuldne-safiiriga-sormus-iris\/\",\"url\":\"https:\/\/colibri-jewels.eu\/et\/toode\/kuldne-safiiriga-sormus-iris\/\",\"name\":\"Kuldne safiiriga s\u00f5rmus \\\"Iris\\\" - Colibri jewels\",\"isPartOf\":{\"@id\":\"https:\/\/colibri-jewels.eu\/et\/#website\"},\"primaryImageOfPage\":{\"@id\":\"https:\/\/colibri-jewels.eu\/et\/toode\/kuldne-safiiriga-sormus-iris\/#primaryimage\"},\"image\":{\"@id\":\"https:\/\/colibri-jewels.eu\/et\/toode\/kuldne-safiiriga-sormus-iris\/#primaryimage\"},\"thumbnailUrl\":\"https:\/\/colibri-jewels.eu\/wp-content\/uploads\/2026\/04\/7D1A4994-1-scaled.jpg\",\"datePublished\":\"2026-04-27T10:27:36+00:00\",\"breadcrumb\":{\"@id\":\"https:\/\/colibri-jewels.eu\/et\/toode\/kuldne-safiiriga-sormus-iris\/#breadcrumb\"},\"inLanguage\":\"et\",\"potentialAction\":[{\"@type\":\"ReadAction\",\"target\":[\"https:\/\/colibri-jewels.eu\/et\/toode\/kuldne-safiiriga-sormus-iris\/\"]}]},{\"@type\":\"ImageObject\",\"inLanguage\":\"et\",\"@id\":\"https:\/\/colibri-jewels.eu\/et\/toode\/kuldne-safiiriga-sormus-iris\/#primaryimage\",\"url\":\"https:\/\/colibri-jewels.eu\/wp-content\/uploads\/2026\/04\/7D1A4994-1-scaled.jpg\",\"contentUrl\":\"https:\/\/colibri-jewels.eu\/wp-content\/uploads\/2026\/04\/7D1A4994-1-scaled.jpg\",\"width\":2560,\"height\":2560},{\"@type\":\"BreadcrumbList\",\"@id\":\"https:\/\/colibri-jewels.eu\/et\/toode\/kuldne-safiiriga-sormus-iris\/#breadcrumb\",\"itemListElement\":[{\"@type\":\"ListItem\",\"position\":1,\"name\":\"\u0413\u043b\u0430\u0432\u043d\u0430\u044f \u0441\u0442\u0440\u0430\u043d\u0438\u0446\u0430\",\"item\":\"https:\/\/colibri-jewels.eu\/et\/\"},{\"@type\":\"ListItem\",\"position\":2,\"name\":\"Pood\",\"item\":\"https:\/\/colibri-jewels.eu\/et\/pood\/\"},{\"@type\":\"ListItem\",\"position\":3,\"name\":\"Kuldne safiiriga s\u00f5rmus &#8221;Iris&#8221;\"}]},{\"@type\":\"WebSite\",\"@id\":\"https:\/\/colibri-jewels.eu\/et\/#website\",\"url\":\"https:\/\/colibri-jewels.eu\/et\/\",\"name\":\"Colibri jewels\",\"description\":\"jewelry shop\",\"publisher\":{\"@id\":\"https:\/\/colibri-jewels.eu\/et\/#organization\"},\"potentialAction\":[{\"@type\":\"SearchAction\",\"target\":{\"@type\":\"EntryPoint\",\"urlTemplate\":\"https:\/\/colibri-jewels.eu\/et\/?s={search_term_string}\"},\"query-input\":{\"@type\":\"PropertyValueSpecification\",\"valueRequired\":true,\"valueName\":\"search_term_string\"}}],\"inLanguage\":\"et\"},{\"@type\":\"Organization\",\"@id\":\"https:\/\/colibri-jewels.eu\/et\/#organization\",\"name\":\"O\u00dc Colibri\",\"url\":\"https:\/\/colibri-jewels.eu\/et\/\",\"logo\":{\"@type\":\"ImageObject\",\"inLanguage\":\"et\",\"@id\":\"https:\/\/colibri-jewels.eu\/et\/#\/schema\/logo\/image\/\",\"url\":\"https:\/\/dev.colibri-jewels.eu\/wp-content\/uploads\/2021\/03\/colibri.png\",\"contentUrl\":\"https:\/\/dev.colibri-jewels.eu\/wp-content\/uploads\/2021\/03\/colibri.png\",\"width\":227,\"height\":130,\"caption\":\"O\u00dc Colibri\"},\"image\":{\"@id\":\"https:\/\/colibri-jewels.eu\/et\/#\/schema\/logo\/image\/\"},\"sameAs\":[\"https:\/\/www.facebook.com\/colibri.jewels\",\"https:\/\/www.instagram.com\/colibri.jewels\",\"https:\/\/www.tiktok.com\/colibri.jewels\"]}]}<\/script>\n<!-- \/ Yoast SEO Premium plugin. -->","yoast_head_json":{"title":"Kuldne safiiriga s\u00f5rmus \"Iris\" - Colibri jewels","robots":{"index":"index","follow":"follow","max-snippet":"max-snippet:-1","max-image-preview":"max-image-preview:large","max-video-preview":"max-video-preview:-1"},"canonical":"https:\/\/colibri-jewels.eu\/et\/toode\/kuldne-safiiriga-sormus-iris\/","og_locale":"et_EE","og_type":"article","og_title":"Kuldne safiiriga s\u00f5rmus \"Iris\"","og_description":"Elegantne minimalistlik s\u00f5rmus, milles kohtuvad range geomeetria ja s\u00fcgav v\u00e4rvitoon. Kompositsiooni keskmes on smaragdil\u00f5ikega looduslik saphir, mida t\u00e4iendavad k\u00fclgedel asuvad trapetsikujulised lab timantid. Disain r\u00f5hutab arhitektuurset t\u00e4psust ja v\u00e4\u00e4riskivide \u00f5ilsust. Spetsifikatsioonid:     Model: Iris    Metall: 14K kuld (585)    P\u00f5hikivi: Looduslik saphir    Kivi m\u00f5\u00f5dud: 6x4 mm    Kaal karaatides: 0.67 ct    K\u00f5rvalkivid: Lab timantid (2 tk)    K\u00f5rvalkivide lihv: Trapets    K\u00f5rvalkivide kaal: 0.26 ct (kokku)    S\u00f5rmuse suurus: 17   Keywords: kuld s\u00f5rmus, smaragdil\u00f5ikega saphir, lab timant, saphiriga s\u00f5rmus, ehted, astmeline lihv saphir, minimalistlikud ehted.","og_url":"https:\/\/colibri-jewels.eu\/et\/toode\/kuldne-safiiriga-sormus-iris\/","og_site_name":"Colibri jewels","article_publisher":"https:\/\/www.facebook.com\/colibri.jewels","og_image":[{"width":2560,"height":2560,"url":"https:\/\/colibri-jewels.eu\/wp-content\/uploads\/2026\/04\/7D1A4994-1-scaled.jpg","type":"image\/jpeg"}],"twitter_card":"summary_large_image","schema":{"@context":"https:\/\/schema.org","@graph":[{"@type":"WebPage","@id":"https:\/\/colibri-jewels.eu\/et\/toode\/kuldne-safiiriga-sormus-iris\/","url":"https:\/\/colibri-jewels.eu\/et\/toode\/kuldne-safiiriga-sormus-iris\/","name":"Kuldne safiiriga s\u00f5rmus \"Iris\" - Colibri jewels","isPartOf":{"@id":"https:\/\/colibri-jewels.eu\/et\/#website"},"primaryImageOfPage":{"@id":"https:\/\/colibri-jewels.eu\/et\/toode\/kuldne-safiiriga-sormus-iris\/#primaryimage"},"image":{"@id":"https:\/\/colibri-jewels.eu\/et\/toode\/kuldne-safiiriga-sormus-iris\/#primaryimage"},"thumbnailUrl":"https:\/\/colibri-jewels.eu\/wp-content\/uploads\/2026\/04\/7D1A4994-1-scaled.jpg","datePublished":"2026-04-27T10:27:36+00:00","breadcrumb":{"@id":"https:\/\/colibri-jewels.eu\/et\/toode\/kuldne-safiiriga-sormus-iris\/#breadcrumb"},"inLanguage":"et","potentialAction":[{"@type":"ReadAction","target":["https:\/\/colibri-jewels.eu\/et\/toode\/kuldne-safiiriga-sormus-iris\/"]}]},{"@type":"ImageObject","inLanguage":"et","@id":"https:\/\/colibri-jewels.eu\/et\/toode\/kuldne-safiiriga-sormus-iris\/#primaryimage","url":"https:\/\/colibri-jewels.eu\/wp-content\/uploads\/2026\/04\/7D1A4994-1-scaled.jpg","contentUrl":"https:\/\/colibri-jewels.eu\/wp-content\/uploads\/2026\/04\/7D1A4994-1-scaled.jpg","width":2560,"height":2560},{"@type":"BreadcrumbList","@id":"https:\/\/colibri-jewels.eu\/et\/toode\/kuldne-safiiriga-sormus-iris\/#breadcrumb","itemListElement":[{"@type":"ListItem","position":1,"name":"\u0413\u043b\u0430\u0432\u043d\u0430\u044f \u0441\u0442\u0440\u0430\u043d\u0438\u0446\u0430","item":"https:\/\/colibri-jewels.eu\/et\/"},{"@type":"ListItem","position":2,"name":"Pood","item":"https:\/\/colibri-jewels.eu\/et\/pood\/"},{"@type":"ListItem","position":3,"name":"Kuldne safiiriga s\u00f5rmus &#8221;Iris&#8221;"}]},{"@type":"WebSite","@id":"https:\/\/colibri-jewels.eu\/et\/#website","url":"https:\/\/colibri-jewels.eu\/et\/","name":"Colibri jewels","description":"jewelry shop","publisher":{"@id":"https:\/\/colibri-jewels.eu\/et\/#organization"},"potentialAction":[{"@type":"SearchAction","target":{"@type":"EntryPoint","urlTemplate":"https:\/\/colibri-jewels.eu\/et\/?s={search_term_string}"},"query-input":{"@type":"PropertyValueSpecification","valueRequired":true,"valueName":"search_term_string"}}],"inLanguage":"et"},{"@type":"Organization","@id":"https:\/\/colibri-jewels.eu\/et\/#organization","name":"O\u00dc Colibri","url":"https:\/\/colibri-jewels.eu\/et\/","logo":{"@type":"ImageObject","inLanguage":"et","@id":"https:\/\/colibri-jewels.eu\/et\/#\/schema\/logo\/image\/","url":"https:\/\/dev.colibri-jewels.eu\/wp-content\/uploads\/2021\/03\/colibri.png","contentUrl":"https:\/\/dev.colibri-jewels.eu\/wp-content\/uploads\/2021\/03\/colibri.png","width":227,"height":130,"caption":"O\u00dc Colibri"},"image":{"@id":"https:\/\/colibri-jewels.eu\/et\/#\/schema\/logo\/image\/"},"sameAs":["https:\/\/www.facebook.com\/colibri.jewels","https:\/\/www.instagram.com\/colibri.jewels","https:\/\/www.tiktok.com\/colibri.jewels"]}]}},"_links":{"self":[{"href":"https:\/\/colibri-jewels.eu\/et\/wp-json\/wp\/v2\/product\/63466","targetHints":{"allow":["GET"]}}],"collection":[{"href":"https:\/\/colibri-jewels.eu\/et\/wp-json\/wp\/v2\/product"}],"about":[{"href":"https:\/\/colibri-jewels.eu\/et\/wp-json\/wp\/v2\/types\/product"}],"replies":[{"embeddable":true,"href":"https:\/\/colibri-jewels.eu\/et\/wp-json\/wp\/v2\/comments?post=63466"}],"version-history":[{"count":1,"href":"https:\/\/colibri-jewels.eu\/et\/wp-json\/wp\/v2\/product\/63466\/revisions"}],"predecessor-version":[{"id":63496,"href":"https:\/\/colibri-jewels.eu\/et\/wp-json\/wp\/v2\/product\/63466\/revisions\/63496"}],"wp:featuredmedia":[{"embeddable":true,"href":"https:\/\/colibri-jewels.eu\/et\/wp-json\/wp\/v2\/media\/63462"}],"wp:attachment":[{"href":"https:\/\/colibri-jewels.eu\/et\/wp-json\/wp\/v2\/media?parent=63466"}],"wp:term":[{"taxonomy":"brand","embeddable":true,"href":"https:\/\/colibri-jewels.eu\/et\/wp-json\/wp\/v2\/etheme_brands?post=63466"},{"taxonomy":"product_brand","embeddable":true,"href":"https:\/\/colibri-jewels.eu\/et\/wp-json\/wp\/v2\/product_brand?post=63466"},{"taxonomy":"product_cat","embeddable":true,"href":"https:\/\/colibri-jewels.eu\/et\/wp-json\/wp\/v2\/product_cat?post=63466"},{"taxonomy":"product_tag","embeddable":true,"href":"https:\/\/colibri-jewels.eu\/et\/wp-json\/wp\/v2\/product_tag?post=63466"}],"curies":[{"name":"wp","href":"https:\/\/api.w.org\/{rel}","templated":true}]}}