{"id":63473,"date":"2026-04-16T21:46:31","date_gmt":"2026-04-16T18:46:31","guid":{"rendered":"https:\/\/colibri-jewels.eu\/?post_type=product&#038;p=63473"},"modified":"2026-04-16T22:29:55","modified_gmt":"2026-04-16T19:29:55","slug":"lab-teemantiga-1-20-ct-eleanor-kihlasormus-solitaar-copy","status":"publish","type":"product","link":"https:\/\/colibri-jewels.eu\/et\/toode\/lab-teemantiga-1-20-ct-eleanor-kihlasormus-solitaar-copy\/","title":{"rendered":"Kihlas\u00f5rmus lab teemandiga 2,50 ct &#8220;Eleanor&#8221;"},"content":{"rendered":"<p data-start=\"89\" data-end=\"234\">Ajatu elegantsus, mis on kehastatud s\u00e4ravas teemantis. See 585 prooviga valgest kullast s\u00f5rmus on teie armastuse s\u00fcmbol \u2013 igavene ja puhas, nagu selle v\u00e4\u00e4riskivi.<\/p>\n<p data-start=\"236\" data-end=\"471\">Laboris kasvatatud keskne teemant on sama s\u00e4delev, vastupidav ja kaunis kui looduslik. Kuid selle p\u00e4ritolu on eetiline ning selle loomine \u00fchendab tipptasemel tehnoloogia ja keskkonnas\u00f5bralikkuse.<\/p>\n<p data-start=\"473\" data-end=\"562\">\ud83d\udc8e Materjalid:<br data-start=\"490\" data-end=\"493\" \/>\u2014 14K valge kuld<br data-start=\"509\" data-end=\"512\" \/>\u2014 2,50-karaadine lab teemant, \u00fcmmargune briljantlihviga, E-v\u00e4rv, VVS2 selgus, IGI sertifikaat<\/p>\n<p data-start=\"564\" data-end=\"756\">\u2728 <strong data-start=\"566\" data-end=\"601\">Miks valida laboris kasvatatud teemant?<br data-start=\"601\" data-end=\"604\" \/><\/strong>\u2014 Keemilise koostise ja omaduste poolest identne loodusliku teemantiga<br data-start=\"666\" data-end=\"669\" \/>\u2014 Eetiline valik: ei kahjusta loodust ega inimesi<br data-start=\"717\" data-end=\"720\" \/>\u2014 Loodud innovaatilise tehnoloogia abil<\/p>\n<p data-start=\"758\" data-end=\"858\">See s\u00f5rmus pole lihtsalt ehe \u2013 see on lubadus armastusest, p\u00fchendumusest ja luksuslikust tulevikust koos.<\/p>\n<p data-start=\"860\" data-end=\"930\">\ud83d\udce6 <strong data-start=\"863\" data-end=\"876\">Kohaletoimetamine<\/strong>: Tasuta \u00fcle maailma<br data-start=\"891\" data-end=\"894\" \/>\ud83c\udf81 <strong data-start=\"897\" data-end=\"911\">Pakend:<\/strong> Elegantne kinkekarp<\/p>\n","protected":false},"excerpt":{"rendered":"<p>Ajatu elegantsus, mis on kehastatud s\u00e4ravas teemantis. See 585 prooviga valgest kullast s\u00f5rmus on teie armastuse s\u00fcmbol \u2013 igavene ja puhas, nagu selle v\u00e4\u00e4riskivi. Laboris&#8230;<\/p>\n","protected":false},"featured_media":63476,"comment_status":"open","ping_status":"closed","template":"","meta":[],"etheme_brands":[],"product_brand":[],"product_cat":[471],"product_tag":[474,472,1255,499,508],"class_list":{"0":"post-63473","1":"product","2":"type-product","3":"status-publish","4":"has-post-thumbnail","6":"product_cat-sormused","7":"product_tag-kihlasormused","8":"product_tag-klassika","9":"product_tag-lab-teemantid","10":"product_tag-romantiline","11":"product_tag-solitaar","13":"first","14":"onbackorder","15":"shipping-taxable","16":"purchasable","17":"product-type-simple"},"acf":[],"yoast_head":"<!-- This site is optimized with the Yoast SEO Premium plugin v26.5 (Yoast SEO v26.8) - https:\/\/yoast.com\/product\/yoast-seo-premium-wordpress\/ -->\n<title>Kihlas\u00f5rmus lab teemandiga 2,50 ct &quot;Eleanor&quot; - Colibri jewels<\/title>\n<meta name=\"description\" content=\"Elegantne kihlas\u00f5rmus 14-karaadisest valgest kullast 2,5-karaadise lab teemandiga. Puhtus, s\u00e4ra ja eetika \u2013 teie armastuse t\u00e4iuslik s\u00fcmbol.\" \/>\n<meta name=\"robots\" content=\"index, follow, max-snippet:-1, max-image-preview:large, max-video-preview:-1\" \/>\n<link rel=\"canonical\" href=\"https:\/\/colibri-jewels.eu\/et\/toode\/lab-teemantiga-1-20-ct-eleanor-kihlasormus-solitaar-copy\/\" \/>\n<meta property=\"og:locale\" content=\"et_EE\" \/>\n<meta property=\"og:type\" content=\"article\" \/>\n<meta property=\"og:title\" content=\"Kihlas\u00f5rmus lab teemandiga 2,50 ct &quot;Eleanor&quot;\" \/>\n<meta property=\"og:description\" content=\"Elegantne kihlas\u00f5rmus 14-karaadisest valgest kullast 2,5-karaadise lab teemandiga. Puhtus, s\u00e4ra ja eetika \u2013 teie armastuse t\u00e4iuslik s\u00fcmbol.\" \/>\n<meta property=\"og:url\" content=\"https:\/\/colibri-jewels.eu\/et\/toode\/lab-teemantiga-1-20-ct-eleanor-kihlasormus-solitaar-copy\/\" \/>\n<meta property=\"og:site_name\" content=\"Colibri jewels\" \/>\n<meta property=\"article:publisher\" content=\"https:\/\/www.facebook.com\/colibri.jewels\" \/>\n<meta property=\"article:modified_time\" content=\"2026-04-16T19:29:55+00:00\" \/>\n<meta property=\"og:image\" content=\"https:\/\/colibri-jewels.eu\/wp-content\/uploads\/2026\/04\/7D1A4984-1-scaled.jpg\" \/>\n\t<meta property=\"og:image:width\" content=\"2560\" \/>\n\t<meta property=\"og:image:height\" content=\"2560\" \/>\n\t<meta property=\"og:image:type\" content=\"image\/jpeg\" \/>\n<meta name=\"twitter:card\" content=\"summary_large_image\" \/>\n<meta name=\"twitter:label1\" content=\"Est. reading time\" \/>\n\t<meta name=\"twitter:data1\" content=\"1 minut\" \/>\n<script type=\"application\/ld+json\" class=\"yoast-schema-graph\">{\"@context\":\"https:\/\/schema.org\",\"@graph\":[{\"@type\":\"WebPage\",\"@id\":\"https:\/\/colibri-jewels.eu\/et\/toode\/lab-teemantiga-1-20-ct-eleanor-kihlasormus-solitaar-copy\/\",\"url\":\"https:\/\/colibri-jewels.eu\/et\/toode\/lab-teemantiga-1-20-ct-eleanor-kihlasormus-solitaar-copy\/\",\"name\":\"Kihlas\u00f5rmus lab teemandiga 2,50 ct \\\"Eleanor\\\" - Colibri jewels\",\"isPartOf\":{\"@id\":\"https:\/\/colibri-jewels.eu\/et\/#website\"},\"primaryImageOfPage\":{\"@id\":\"https:\/\/colibri-jewels.eu\/et\/toode\/lab-teemantiga-1-20-ct-eleanor-kihlasormus-solitaar-copy\/#primaryimage\"},\"image\":{\"@id\":\"https:\/\/colibri-jewels.eu\/et\/toode\/lab-teemantiga-1-20-ct-eleanor-kihlasormus-solitaar-copy\/#primaryimage\"},\"thumbnailUrl\":\"https:\/\/colibri-jewels.eu\/wp-content\/uploads\/2026\/04\/7D1A4984-1-scaled.jpg\",\"datePublished\":\"2026-04-16T18:46:31+00:00\",\"dateModified\":\"2026-04-16T19:29:55+00:00\",\"description\":\"Elegantne kihlas\u00f5rmus 14-karaadisest valgest kullast 2,5-karaadise lab teemandiga. Puhtus, s\u00e4ra ja eetika \u2013 teie armastuse t\u00e4iuslik s\u00fcmbol.\",\"breadcrumb\":{\"@id\":\"https:\/\/colibri-jewels.eu\/et\/toode\/lab-teemantiga-1-20-ct-eleanor-kihlasormus-solitaar-copy\/#breadcrumb\"},\"inLanguage\":\"et\",\"potentialAction\":[{\"@type\":\"ReadAction\",\"target\":[\"https:\/\/colibri-jewels.eu\/et\/toode\/lab-teemantiga-1-20-ct-eleanor-kihlasormus-solitaar-copy\/\"]}]},{\"@type\":\"ImageObject\",\"inLanguage\":\"et\",\"@id\":\"https:\/\/colibri-jewels.eu\/et\/toode\/lab-teemantiga-1-20-ct-eleanor-kihlasormus-solitaar-copy\/#primaryimage\",\"url\":\"https:\/\/colibri-jewels.eu\/wp-content\/uploads\/2026\/04\/7D1A4984-1-scaled.jpg\",\"contentUrl\":\"https:\/\/colibri-jewels.eu\/wp-content\/uploads\/2026\/04\/7D1A4984-1-scaled.jpg\",\"width\":2560,\"height\":2560},{\"@type\":\"BreadcrumbList\",\"@id\":\"https:\/\/colibri-jewels.eu\/et\/toode\/lab-teemantiga-1-20-ct-eleanor-kihlasormus-solitaar-copy\/#breadcrumb\",\"itemListElement\":[{\"@type\":\"ListItem\",\"position\":1,\"name\":\"\u0413\u043b\u0430\u0432\u043d\u0430\u044f \u0441\u0442\u0440\u0430\u043d\u0438\u0446\u0430\",\"item\":\"https:\/\/colibri-jewels.eu\/et\/\"},{\"@type\":\"ListItem\",\"position\":2,\"name\":\"Pood\",\"item\":\"https:\/\/colibri-jewels.eu\/et\/pood\/\"},{\"@type\":\"ListItem\",\"position\":3,\"name\":\"Kihlas\u00f5rmus lab teemandiga 2,50 ct &#171;Eleanor&#187;\"}]},{\"@type\":\"WebSite\",\"@id\":\"https:\/\/colibri-jewels.eu\/et\/#website\",\"url\":\"https:\/\/colibri-jewels.eu\/et\/\",\"name\":\"Colibri jewels\",\"description\":\"jewelry shop\",\"publisher\":{\"@id\":\"https:\/\/colibri-jewels.eu\/et\/#organization\"},\"potentialAction\":[{\"@type\":\"SearchAction\",\"target\":{\"@type\":\"EntryPoint\",\"urlTemplate\":\"https:\/\/colibri-jewels.eu\/et\/?s={search_term_string}\"},\"query-input\":{\"@type\":\"PropertyValueSpecification\",\"valueRequired\":true,\"valueName\":\"search_term_string\"}}],\"inLanguage\":\"et\"},{\"@type\":\"Organization\",\"@id\":\"https:\/\/colibri-jewels.eu\/et\/#organization\",\"name\":\"O\u00dc Colibri\",\"url\":\"https:\/\/colibri-jewels.eu\/et\/\",\"logo\":{\"@type\":\"ImageObject\",\"inLanguage\":\"et\",\"@id\":\"https:\/\/colibri-jewels.eu\/et\/#\/schema\/logo\/image\/\",\"url\":\"https:\/\/dev.colibri-jewels.eu\/wp-content\/uploads\/2021\/03\/colibri.png\",\"contentUrl\":\"https:\/\/dev.colibri-jewels.eu\/wp-content\/uploads\/2021\/03\/colibri.png\",\"width\":227,\"height\":130,\"caption\":\"O\u00dc Colibri\"},\"image\":{\"@id\":\"https:\/\/colibri-jewels.eu\/et\/#\/schema\/logo\/image\/\"},\"sameAs\":[\"https:\/\/www.facebook.com\/colibri.jewels\",\"https:\/\/www.instagram.com\/colibri.jewels\",\"https:\/\/www.tiktok.com\/colibri.jewels\"]}]}<\/script>\n<!-- \/ Yoast SEO Premium plugin. -->","yoast_head_json":{"title":"Kihlas\u00f5rmus lab teemandiga 2,50 ct \"Eleanor\" - Colibri jewels","description":"Elegantne kihlas\u00f5rmus 14-karaadisest valgest kullast 2,5-karaadise lab teemandiga. Puhtus, s\u00e4ra ja eetika \u2013 teie armastuse t\u00e4iuslik s\u00fcmbol.","robots":{"index":"index","follow":"follow","max-snippet":"max-snippet:-1","max-image-preview":"max-image-preview:large","max-video-preview":"max-video-preview:-1"},"canonical":"https:\/\/colibri-jewels.eu\/et\/toode\/lab-teemantiga-1-20-ct-eleanor-kihlasormus-solitaar-copy\/","og_locale":"et_EE","og_type":"article","og_title":"Kihlas\u00f5rmus lab teemandiga 2,50 ct \"Eleanor\"","og_description":"Elegantne kihlas\u00f5rmus 14-karaadisest valgest kullast 2,5-karaadise lab teemandiga. Puhtus, s\u00e4ra ja eetika \u2013 teie armastuse t\u00e4iuslik s\u00fcmbol.","og_url":"https:\/\/colibri-jewels.eu\/et\/toode\/lab-teemantiga-1-20-ct-eleanor-kihlasormus-solitaar-copy\/","og_site_name":"Colibri jewels","article_publisher":"https:\/\/www.facebook.com\/colibri.jewels","article_modified_time":"2026-04-16T19:29:55+00:00","og_image":[{"width":2560,"height":2560,"url":"https:\/\/colibri-jewels.eu\/wp-content\/uploads\/2026\/04\/7D1A4984-1-scaled.jpg","type":"image\/jpeg"}],"twitter_card":"summary_large_image","twitter_misc":{"Est. reading time":"1 minut"},"schema":{"@context":"https:\/\/schema.org","@graph":[{"@type":"WebPage","@id":"https:\/\/colibri-jewels.eu\/et\/toode\/lab-teemantiga-1-20-ct-eleanor-kihlasormus-solitaar-copy\/","url":"https:\/\/colibri-jewels.eu\/et\/toode\/lab-teemantiga-1-20-ct-eleanor-kihlasormus-solitaar-copy\/","name":"Kihlas\u00f5rmus lab teemandiga 2,50 ct \"Eleanor\" - Colibri jewels","isPartOf":{"@id":"https:\/\/colibri-jewels.eu\/et\/#website"},"primaryImageOfPage":{"@id":"https:\/\/colibri-jewels.eu\/et\/toode\/lab-teemantiga-1-20-ct-eleanor-kihlasormus-solitaar-copy\/#primaryimage"},"image":{"@id":"https:\/\/colibri-jewels.eu\/et\/toode\/lab-teemantiga-1-20-ct-eleanor-kihlasormus-solitaar-copy\/#primaryimage"},"thumbnailUrl":"https:\/\/colibri-jewels.eu\/wp-content\/uploads\/2026\/04\/7D1A4984-1-scaled.jpg","datePublished":"2026-04-16T18:46:31+00:00","dateModified":"2026-04-16T19:29:55+00:00","description":"Elegantne kihlas\u00f5rmus 14-karaadisest valgest kullast 2,5-karaadise lab teemandiga. Puhtus, s\u00e4ra ja eetika \u2013 teie armastuse t\u00e4iuslik s\u00fcmbol.","breadcrumb":{"@id":"https:\/\/colibri-jewels.eu\/et\/toode\/lab-teemantiga-1-20-ct-eleanor-kihlasormus-solitaar-copy\/#breadcrumb"},"inLanguage":"et","potentialAction":[{"@type":"ReadAction","target":["https:\/\/colibri-jewels.eu\/et\/toode\/lab-teemantiga-1-20-ct-eleanor-kihlasormus-solitaar-copy\/"]}]},{"@type":"ImageObject","inLanguage":"et","@id":"https:\/\/colibri-jewels.eu\/et\/toode\/lab-teemantiga-1-20-ct-eleanor-kihlasormus-solitaar-copy\/#primaryimage","url":"https:\/\/colibri-jewels.eu\/wp-content\/uploads\/2026\/04\/7D1A4984-1-scaled.jpg","contentUrl":"https:\/\/colibri-jewels.eu\/wp-content\/uploads\/2026\/04\/7D1A4984-1-scaled.jpg","width":2560,"height":2560},{"@type":"BreadcrumbList","@id":"https:\/\/colibri-jewels.eu\/et\/toode\/lab-teemantiga-1-20-ct-eleanor-kihlasormus-solitaar-copy\/#breadcrumb","itemListElement":[{"@type":"ListItem","position":1,"name":"\u0413\u043b\u0430\u0432\u043d\u0430\u044f \u0441\u0442\u0440\u0430\u043d\u0438\u0446\u0430","item":"https:\/\/colibri-jewels.eu\/et\/"},{"@type":"ListItem","position":2,"name":"Pood","item":"https:\/\/colibri-jewels.eu\/et\/pood\/"},{"@type":"ListItem","position":3,"name":"Kihlas\u00f5rmus lab teemandiga 2,50 ct &#171;Eleanor&#187;"}]},{"@type":"WebSite","@id":"https:\/\/colibri-jewels.eu\/et\/#website","url":"https:\/\/colibri-jewels.eu\/et\/","name":"Colibri jewels","description":"jewelry shop","publisher":{"@id":"https:\/\/colibri-jewels.eu\/et\/#organization"},"potentialAction":[{"@type":"SearchAction","target":{"@type":"EntryPoint","urlTemplate":"https:\/\/colibri-jewels.eu\/et\/?s={search_term_string}"},"query-input":{"@type":"PropertyValueSpecification","valueRequired":true,"valueName":"search_term_string"}}],"inLanguage":"et"},{"@type":"Organization","@id":"https:\/\/colibri-jewels.eu\/et\/#organization","name":"O\u00dc Colibri","url":"https:\/\/colibri-jewels.eu\/et\/","logo":{"@type":"ImageObject","inLanguage":"et","@id":"https:\/\/colibri-jewels.eu\/et\/#\/schema\/logo\/image\/","url":"https:\/\/dev.colibri-jewels.eu\/wp-content\/uploads\/2021\/03\/colibri.png","contentUrl":"https:\/\/dev.colibri-jewels.eu\/wp-content\/uploads\/2021\/03\/colibri.png","width":227,"height":130,"caption":"O\u00dc Colibri"},"image":{"@id":"https:\/\/colibri-jewels.eu\/et\/#\/schema\/logo\/image\/"},"sameAs":["https:\/\/www.facebook.com\/colibri.jewels","https:\/\/www.instagram.com\/colibri.jewels","https:\/\/www.tiktok.com\/colibri.jewels"]}]}},"_links":{"self":[{"href":"https:\/\/colibri-jewels.eu\/et\/wp-json\/wp\/v2\/product\/63473","targetHints":{"allow":["GET"]}}],"collection":[{"href":"https:\/\/colibri-jewels.eu\/et\/wp-json\/wp\/v2\/product"}],"about":[{"href":"https:\/\/colibri-jewels.eu\/et\/wp-json\/wp\/v2\/types\/product"}],"replies":[{"embeddable":true,"href":"https:\/\/colibri-jewels.eu\/et\/wp-json\/wp\/v2\/comments?post=63473"}],"version-history":[{"count":2,"href":"https:\/\/colibri-jewels.eu\/et\/wp-json\/wp\/v2\/product\/63473\/revisions"}],"predecessor-version":[{"id":63493,"href":"https:\/\/colibri-jewels.eu\/et\/wp-json\/wp\/v2\/product\/63473\/revisions\/63493"}],"wp:featuredmedia":[{"embeddable":true,"href":"https:\/\/colibri-jewels.eu\/et\/wp-json\/wp\/v2\/media\/63476"}],"wp:attachment":[{"href":"https:\/\/colibri-jewels.eu\/et\/wp-json\/wp\/v2\/media?parent=63473"}],"wp:term":[{"taxonomy":"brand","embeddable":true,"href":"https:\/\/colibri-jewels.eu\/et\/wp-json\/wp\/v2\/etheme_brands?post=63473"},{"taxonomy":"product_brand","embeddable":true,"href":"https:\/\/colibri-jewels.eu\/et\/wp-json\/wp\/v2\/product_brand?post=63473"},{"taxonomy":"product_cat","embeddable":true,"href":"https:\/\/colibri-jewels.eu\/et\/wp-json\/wp\/v2\/product_cat?post=63473"},{"taxonomy":"product_tag","embeddable":true,"href":"https:\/\/colibri-jewels.eu\/et\/wp-json\/wp\/v2\/product_tag?post=63473"}],"curies":[{"name":"wp","href":"https:\/\/api.w.org\/{rel}","templated":true}]}}