{"id":63522,"date":"2026-04-17T22:02:20","date_gmt":"2026-04-17T19:02:20","guid":{"rendered":"https:\/\/colibri-jewels.eu\/?post_type=product&#038;p=63522"},"modified":"2026-04-17T23:15:15","modified_gmt":"2026-04-17T20:15:15","slug":"kuldsed-teemantkorvarongad-triya","status":"publish","type":"product","link":"https:\/\/colibri-jewels.eu\/et\/toode\/kuldsed-teemantkorvarongad-triya\/","title":{"rendered":"Kuldsed teemantk\u00f5rvar\u00f5ngad &#8220;Triya&#8221;"},"content":{"rendered":"<p>Lakoonilised teemantk\u00f5rvar\u00f5ngad v\u00e4ikeste, kuid s\u00e4ravate teemantidega ja valgest kullast aktsent-istutusega. Usaldusv\u00e4\u00e4rsed kinnitused, istuvad mugavalt.<\/p>\n<p>Teemantid &#8211; 6 tk., 0,13 ct, G-H\/VS.<\/p>\n","protected":false},"excerpt":{"rendered":"<p>Lakoonilised teemantk\u00f5rvar\u00f5ngad v\u00e4ikeste, kuid s\u00e4ravate teemantidega ja valgest kullast aktsent-istutusega. Usaldusv\u00e4\u00e4rsed kinnitused, istuvad mugavalt. Teemantid &#8211; 6 tk., 0,13 ct, G-H\/VS.<\/p>\n","protected":false},"featured_media":63521,"comment_status":"open","ping_status":"closed","template":"","meta":[],"etheme_brands":[],"product_brand":[],"product_cat":[469],"product_tag":[472,505],"class_list":{"0":"post-63522","1":"product","2":"type-product","3":"status-publish","4":"has-post-thumbnail","6":"product_cat-korvarongad","7":"product_tag-klassika","8":"product_tag-lakooniline","10":"first","11":"instock","12":"shipping-taxable","13":"purchasable","14":"product-type-simple"},"acf":[],"yoast_head":"<!-- This site is optimized with the Yoast SEO Premium plugin v26.5 (Yoast SEO v26.8) - https:\/\/yoast.com\/product\/yoast-seo-premium-wordpress\/ -->\n<title>Kuldsed teemantk\u00f5rvar\u00f5ngad &quot;Triya&quot; - Colibri jewels<\/title>\n<meta name=\"robots\" content=\"index, follow, max-snippet:-1, max-image-preview:large, max-video-preview:-1\" \/>\n<link rel=\"canonical\" href=\"https:\/\/colibri-jewels.eu\/et\/toode\/kuldsed-teemantkorvarongad-triya\/\" \/>\n<meta property=\"og:locale\" content=\"et_EE\" \/>\n<meta property=\"og:type\" content=\"article\" \/>\n<meta property=\"og:title\" content=\"Kuldsed teemantk\u00f5rvar\u00f5ngad &quot;Triya&quot;\" \/>\n<meta property=\"og:description\" content=\"Lakoonilised teemantk\u00f5rvar\u00f5ngad v\u00e4ikeste, kuid s\u00e4ravate teemantidega ja valgest kullast aktsent-istutusega. Usaldusv\u00e4\u00e4rsed kinnitused, istuvad mugavalt. Teemantid &#8211; 6 tk., 0,13 ct, G-H\/VS.\" \/>\n<meta property=\"og:url\" content=\"https:\/\/colibri-jewels.eu\/et\/toode\/kuldsed-teemantkorvarongad-triya\/\" \/>\n<meta property=\"og:site_name\" content=\"Colibri jewels\" \/>\n<meta property=\"article:publisher\" content=\"https:\/\/www.facebook.com\/colibri.jewels\" \/>\n<meta property=\"article:modified_time\" content=\"2026-04-17T20:15:15+00:00\" \/>\n<meta property=\"og:image\" content=\"https:\/\/colibri-jewels.eu\/wp-content\/uploads\/2026\/04\/PXL_20260414_115104126-copy.jpg\" \/>\n\t<meta property=\"og:image:width\" content=\"1362\" \/>\n\t<meta property=\"og:image:height\" content=\"1362\" \/>\n\t<meta property=\"og:image:type\" content=\"image\/jpeg\" \/>\n<meta name=\"twitter:card\" content=\"summary_large_image\" \/>\n<script type=\"application\/ld+json\" class=\"yoast-schema-graph\">{\"@context\":\"https:\/\/schema.org\",\"@graph\":[{\"@type\":\"WebPage\",\"@id\":\"https:\/\/colibri-jewels.eu\/et\/toode\/kuldsed-teemantkorvarongad-triya\/\",\"url\":\"https:\/\/colibri-jewels.eu\/et\/toode\/kuldsed-teemantkorvarongad-triya\/\",\"name\":\"Kuldsed teemantk\u00f5rvar\u00f5ngad \\\"Triya\\\" - Colibri jewels\",\"isPartOf\":{\"@id\":\"https:\/\/colibri-jewels.eu\/et\/#website\"},\"primaryImageOfPage\":{\"@id\":\"https:\/\/colibri-jewels.eu\/et\/toode\/kuldsed-teemantkorvarongad-triya\/#primaryimage\"},\"image\":{\"@id\":\"https:\/\/colibri-jewels.eu\/et\/toode\/kuldsed-teemantkorvarongad-triya\/#primaryimage\"},\"thumbnailUrl\":\"https:\/\/colibri-jewels.eu\/wp-content\/uploads\/2026\/04\/PXL_20260414_115104126-copy.jpg\",\"datePublished\":\"2026-04-17T19:02:20+00:00\",\"dateModified\":\"2026-04-17T20:15:15+00:00\",\"breadcrumb\":{\"@id\":\"https:\/\/colibri-jewels.eu\/et\/toode\/kuldsed-teemantkorvarongad-triya\/#breadcrumb\"},\"inLanguage\":\"et\",\"potentialAction\":[{\"@type\":\"ReadAction\",\"target\":[\"https:\/\/colibri-jewels.eu\/et\/toode\/kuldsed-teemantkorvarongad-triya\/\"]}]},{\"@type\":\"ImageObject\",\"inLanguage\":\"et\",\"@id\":\"https:\/\/colibri-jewels.eu\/et\/toode\/kuldsed-teemantkorvarongad-triya\/#primaryimage\",\"url\":\"https:\/\/colibri-jewels.eu\/wp-content\/uploads\/2026\/04\/PXL_20260414_115104126-copy.jpg\",\"contentUrl\":\"https:\/\/colibri-jewels.eu\/wp-content\/uploads\/2026\/04\/PXL_20260414_115104126-copy.jpg\",\"width\":1362,\"height\":1362},{\"@type\":\"BreadcrumbList\",\"@id\":\"https:\/\/colibri-jewels.eu\/et\/toode\/kuldsed-teemantkorvarongad-triya\/#breadcrumb\",\"itemListElement\":[{\"@type\":\"ListItem\",\"position\":1,\"name\":\"\u0413\u043b\u0430\u0432\u043d\u0430\u044f \u0441\u0442\u0440\u0430\u043d\u0438\u0446\u0430\",\"item\":\"https:\/\/colibri-jewels.eu\/et\/\"},{\"@type\":\"ListItem\",\"position\":2,\"name\":\"Pood\",\"item\":\"https:\/\/colibri-jewels.eu\/et\/pood\/\"},{\"@type\":\"ListItem\",\"position\":3,\"name\":\"Kuldsed teemantk\u00f5rvar\u00f5ngad &#171;Triya&#187;\"}]},{\"@type\":\"WebSite\",\"@id\":\"https:\/\/colibri-jewels.eu\/et\/#website\",\"url\":\"https:\/\/colibri-jewels.eu\/et\/\",\"name\":\"Colibri jewels\",\"description\":\"jewelry shop\",\"publisher\":{\"@id\":\"https:\/\/colibri-jewels.eu\/et\/#organization\"},\"potentialAction\":[{\"@type\":\"SearchAction\",\"target\":{\"@type\":\"EntryPoint\",\"urlTemplate\":\"https:\/\/colibri-jewels.eu\/et\/?s={search_term_string}\"},\"query-input\":{\"@type\":\"PropertyValueSpecification\",\"valueRequired\":true,\"valueName\":\"search_term_string\"}}],\"inLanguage\":\"et\"},{\"@type\":\"Organization\",\"@id\":\"https:\/\/colibri-jewels.eu\/et\/#organization\",\"name\":\"O\u00dc Colibri\",\"url\":\"https:\/\/colibri-jewels.eu\/et\/\",\"logo\":{\"@type\":\"ImageObject\",\"inLanguage\":\"et\",\"@id\":\"https:\/\/colibri-jewels.eu\/et\/#\/schema\/logo\/image\/\",\"url\":\"https:\/\/dev.colibri-jewels.eu\/wp-content\/uploads\/2021\/03\/colibri.png\",\"contentUrl\":\"https:\/\/dev.colibri-jewels.eu\/wp-content\/uploads\/2021\/03\/colibri.png\",\"width\":227,\"height\":130,\"caption\":\"O\u00dc Colibri\"},\"image\":{\"@id\":\"https:\/\/colibri-jewels.eu\/et\/#\/schema\/logo\/image\/\"},\"sameAs\":[\"https:\/\/www.facebook.com\/colibri.jewels\",\"https:\/\/www.instagram.com\/colibri.jewels\",\"https:\/\/www.tiktok.com\/colibri.jewels\"]}]}<\/script>\n<!-- \/ Yoast SEO Premium plugin. -->","yoast_head_json":{"title":"Kuldsed teemantk\u00f5rvar\u00f5ngad \"Triya\" - Colibri jewels","robots":{"index":"index","follow":"follow","max-snippet":"max-snippet:-1","max-image-preview":"max-image-preview:large","max-video-preview":"max-video-preview:-1"},"canonical":"https:\/\/colibri-jewels.eu\/et\/toode\/kuldsed-teemantkorvarongad-triya\/","og_locale":"et_EE","og_type":"article","og_title":"Kuldsed teemantk\u00f5rvar\u00f5ngad \"Triya\"","og_description":"Lakoonilised teemantk\u00f5rvar\u00f5ngad v\u00e4ikeste, kuid s\u00e4ravate teemantidega ja valgest kullast aktsent-istutusega. Usaldusv\u00e4\u00e4rsed kinnitused, istuvad mugavalt. Teemantid &#8211; 6 tk., 0,13 ct, G-H\/VS.","og_url":"https:\/\/colibri-jewels.eu\/et\/toode\/kuldsed-teemantkorvarongad-triya\/","og_site_name":"Colibri jewels","article_publisher":"https:\/\/www.facebook.com\/colibri.jewels","article_modified_time":"2026-04-17T20:15:15+00:00","og_image":[{"width":1362,"height":1362,"url":"https:\/\/colibri-jewels.eu\/wp-content\/uploads\/2026\/04\/PXL_20260414_115104126-copy.jpg","type":"image\/jpeg"}],"twitter_card":"summary_large_image","schema":{"@context":"https:\/\/schema.org","@graph":[{"@type":"WebPage","@id":"https:\/\/colibri-jewels.eu\/et\/toode\/kuldsed-teemantkorvarongad-triya\/","url":"https:\/\/colibri-jewels.eu\/et\/toode\/kuldsed-teemantkorvarongad-triya\/","name":"Kuldsed teemantk\u00f5rvar\u00f5ngad \"Triya\" - Colibri jewels","isPartOf":{"@id":"https:\/\/colibri-jewels.eu\/et\/#website"},"primaryImageOfPage":{"@id":"https:\/\/colibri-jewels.eu\/et\/toode\/kuldsed-teemantkorvarongad-triya\/#primaryimage"},"image":{"@id":"https:\/\/colibri-jewels.eu\/et\/toode\/kuldsed-teemantkorvarongad-triya\/#primaryimage"},"thumbnailUrl":"https:\/\/colibri-jewels.eu\/wp-content\/uploads\/2026\/04\/PXL_20260414_115104126-copy.jpg","datePublished":"2026-04-17T19:02:20+00:00","dateModified":"2026-04-17T20:15:15+00:00","breadcrumb":{"@id":"https:\/\/colibri-jewels.eu\/et\/toode\/kuldsed-teemantkorvarongad-triya\/#breadcrumb"},"inLanguage":"et","potentialAction":[{"@type":"ReadAction","target":["https:\/\/colibri-jewels.eu\/et\/toode\/kuldsed-teemantkorvarongad-triya\/"]}]},{"@type":"ImageObject","inLanguage":"et","@id":"https:\/\/colibri-jewels.eu\/et\/toode\/kuldsed-teemantkorvarongad-triya\/#primaryimage","url":"https:\/\/colibri-jewels.eu\/wp-content\/uploads\/2026\/04\/PXL_20260414_115104126-copy.jpg","contentUrl":"https:\/\/colibri-jewels.eu\/wp-content\/uploads\/2026\/04\/PXL_20260414_115104126-copy.jpg","width":1362,"height":1362},{"@type":"BreadcrumbList","@id":"https:\/\/colibri-jewels.eu\/et\/toode\/kuldsed-teemantkorvarongad-triya\/#breadcrumb","itemListElement":[{"@type":"ListItem","position":1,"name":"\u0413\u043b\u0430\u0432\u043d\u0430\u044f \u0441\u0442\u0440\u0430\u043d\u0438\u0446\u0430","item":"https:\/\/colibri-jewels.eu\/et\/"},{"@type":"ListItem","position":2,"name":"Pood","item":"https:\/\/colibri-jewels.eu\/et\/pood\/"},{"@type":"ListItem","position":3,"name":"Kuldsed teemantk\u00f5rvar\u00f5ngad &#171;Triya&#187;"}]},{"@type":"WebSite","@id":"https:\/\/colibri-jewels.eu\/et\/#website","url":"https:\/\/colibri-jewels.eu\/et\/","name":"Colibri jewels","description":"jewelry shop","publisher":{"@id":"https:\/\/colibri-jewels.eu\/et\/#organization"},"potentialAction":[{"@type":"SearchAction","target":{"@type":"EntryPoint","urlTemplate":"https:\/\/colibri-jewels.eu\/et\/?s={search_term_string}"},"query-input":{"@type":"PropertyValueSpecification","valueRequired":true,"valueName":"search_term_string"}}],"inLanguage":"et"},{"@type":"Organization","@id":"https:\/\/colibri-jewels.eu\/et\/#organization","name":"O\u00dc Colibri","url":"https:\/\/colibri-jewels.eu\/et\/","logo":{"@type":"ImageObject","inLanguage":"et","@id":"https:\/\/colibri-jewels.eu\/et\/#\/schema\/logo\/image\/","url":"https:\/\/dev.colibri-jewels.eu\/wp-content\/uploads\/2021\/03\/colibri.png","contentUrl":"https:\/\/dev.colibri-jewels.eu\/wp-content\/uploads\/2021\/03\/colibri.png","width":227,"height":130,"caption":"O\u00dc Colibri"},"image":{"@id":"https:\/\/colibri-jewels.eu\/et\/#\/schema\/logo\/image\/"},"sameAs":["https:\/\/www.facebook.com\/colibri.jewels","https:\/\/www.instagram.com\/colibri.jewels","https:\/\/www.tiktok.com\/colibri.jewels"]}]}},"_links":{"self":[{"href":"https:\/\/colibri-jewels.eu\/et\/wp-json\/wp\/v2\/product\/63522","targetHints":{"allow":["GET"]}}],"collection":[{"href":"https:\/\/colibri-jewels.eu\/et\/wp-json\/wp\/v2\/product"}],"about":[{"href":"https:\/\/colibri-jewels.eu\/et\/wp-json\/wp\/v2\/types\/product"}],"replies":[{"embeddable":true,"href":"https:\/\/colibri-jewels.eu\/et\/wp-json\/wp\/v2\/comments?post=63522"}],"version-history":[{"count":2,"href":"https:\/\/colibri-jewels.eu\/et\/wp-json\/wp\/v2\/product\/63522\/revisions"}],"predecessor-version":[{"id":63589,"href":"https:\/\/colibri-jewels.eu\/et\/wp-json\/wp\/v2\/product\/63522\/revisions\/63589"}],"wp:featuredmedia":[{"embeddable":true,"href":"https:\/\/colibri-jewels.eu\/et\/wp-json\/wp\/v2\/media\/63521"}],"wp:attachment":[{"href":"https:\/\/colibri-jewels.eu\/et\/wp-json\/wp\/v2\/media?parent=63522"}],"wp:term":[{"taxonomy":"brand","embeddable":true,"href":"https:\/\/colibri-jewels.eu\/et\/wp-json\/wp\/v2\/etheme_brands?post=63522"},{"taxonomy":"product_brand","embeddable":true,"href":"https:\/\/colibri-jewels.eu\/et\/wp-json\/wp\/v2\/product_brand?post=63522"},{"taxonomy":"product_cat","embeddable":true,"href":"https:\/\/colibri-jewels.eu\/et\/wp-json\/wp\/v2\/product_cat?post=63522"},{"taxonomy":"product_tag","embeddable":true,"href":"https:\/\/colibri-jewels.eu\/et\/wp-json\/wp\/v2\/product_tag?post=63522"}],"curies":[{"name":"wp","href":"https:\/\/api.w.org\/{rel}","templated":true}]}}