{"id":63576,"date":"2026-04-17T23:07:40","date_gmt":"2026-04-17T20:07:40","guid":{"rendered":"https:\/\/colibri-jewels.eu\/?post_type=product&#038;p=63576"},"modified":"2026-04-17T23:13:23","modified_gmt":"2026-04-17T20:13:23","slug":"kuldne-ripats-taveedi-taht-2","status":"publish","type":"product","link":"https:\/\/colibri-jewels.eu\/et\/toode\/kuldne-ripats-taveedi-taht-2\/","title":{"rendered":"Kuldne ripats &#8220;Taveedi t\u00e4ht&#8221;"},"content":{"rendered":"<p>Kahepoolne ripats &#8220;Taaveti t\u00e4ht&#8221; mustade tsirkoonidega, \u00fcks pool \u2014 roosa kuld, teine \u2014 valge kuld.<br \/>\nRipatsi kaal 1,26 g.<\/p>\n","protected":false},"excerpt":{"rendered":"<p>Kahepoolne ripats &#8220;Taaveti t\u00e4ht&#8221; mustade tsirkoonidega, \u00fcks pool \u2014 roosa kuld, teine \u2014 valge kuld. Ripatsi kaal 1,26 g.<\/p>\n","protected":false},"featured_media":63574,"comment_status":"open","ping_status":"closed","template":"","meta":[],"etheme_brands":[],"product_brand":[],"product_cat":[470],"product_tag":[769],"class_list":{"0":"post-63576","1":"product","2":"type-product","3":"status-publish","4":"has-post-thumbnail","6":"product_cat-kaelakeed-ja-ripatsid","7":"product_tag-iisraeli-sumbolid","9":"first","10":"instock","11":"shipping-taxable","12":"purchasable","13":"product-type-simple"},"acf":[],"yoast_head":"<!-- This site is optimized with the Yoast SEO Premium plugin v26.5 (Yoast SEO v26.8) - https:\/\/yoast.com\/product\/yoast-seo-premium-wordpress\/ -->\n<title>Kuldne ripats &quot;Taveedi t\u00e4ht&quot; - Colibri jewels<\/title>\n<meta name=\"robots\" content=\"index, follow, max-snippet:-1, max-image-preview:large, max-video-preview:-1\" \/>\n<link rel=\"canonical\" href=\"https:\/\/colibri-jewels.eu\/et\/toode\/kuldne-ripats-taveedi-taht-2\/\" \/>\n<meta property=\"og:locale\" content=\"et_EE\" \/>\n<meta property=\"og:type\" content=\"article\" \/>\n<meta property=\"og:title\" content=\"Kuldne ripats &quot;Taveedi t\u00e4ht&quot;\" \/>\n<meta property=\"og:description\" content=\"Kahepoolne ripats &#8220;Taaveti t\u00e4ht&#8221; mustade tsirkoonidega, \u00fcks pool \u2014 roosa kuld, teine \u2014 valge kuld. Ripatsi kaal 1,26 g.\" \/>\n<meta property=\"og:url\" content=\"https:\/\/colibri-jewels.eu\/et\/toode\/kuldne-ripats-taveedi-taht-2\/\" \/>\n<meta property=\"og:site_name\" content=\"Colibri jewels\" \/>\n<meta property=\"article:publisher\" content=\"https:\/\/www.facebook.com\/colibri.jewels\" \/>\n<meta property=\"article:modified_time\" content=\"2026-04-17T20:13:23+00:00\" \/>\n<meta property=\"og:image\" content=\"https:\/\/colibri-jewels.eu\/wp-content\/uploads\/2026\/04\/PXL_20260414_122415851-copy.jpg\" \/>\n\t<meta property=\"og:image:width\" content=\"1616\" \/>\n\t<meta property=\"og:image:height\" content=\"1616\" \/>\n\t<meta property=\"og:image:type\" content=\"image\/jpeg\" \/>\n<meta name=\"twitter:card\" content=\"summary_large_image\" \/>\n<script type=\"application\/ld+json\" class=\"yoast-schema-graph\">{\"@context\":\"https:\/\/schema.org\",\"@graph\":[{\"@type\":\"WebPage\",\"@id\":\"https:\/\/colibri-jewels.eu\/et\/toode\/kuldne-ripats-taveedi-taht-2\/\",\"url\":\"https:\/\/colibri-jewels.eu\/et\/toode\/kuldne-ripats-taveedi-taht-2\/\",\"name\":\"Kuldne ripats \\\"Taveedi t\u00e4ht\\\" - Colibri jewels\",\"isPartOf\":{\"@id\":\"https:\/\/colibri-jewels.eu\/et\/#website\"},\"primaryImageOfPage\":{\"@id\":\"https:\/\/colibri-jewels.eu\/et\/toode\/kuldne-ripats-taveedi-taht-2\/#primaryimage\"},\"image\":{\"@id\":\"https:\/\/colibri-jewels.eu\/et\/toode\/kuldne-ripats-taveedi-taht-2\/#primaryimage\"},\"thumbnailUrl\":\"https:\/\/colibri-jewels.eu\/wp-content\/uploads\/2026\/04\/PXL_20260414_122415851-copy.jpg\",\"datePublished\":\"2026-04-17T20:07:40+00:00\",\"dateModified\":\"2026-04-17T20:13:23+00:00\",\"breadcrumb\":{\"@id\":\"https:\/\/colibri-jewels.eu\/et\/toode\/kuldne-ripats-taveedi-taht-2\/#breadcrumb\"},\"inLanguage\":\"et\",\"potentialAction\":[{\"@type\":\"ReadAction\",\"target\":[\"https:\/\/colibri-jewels.eu\/et\/toode\/kuldne-ripats-taveedi-taht-2\/\"]}]},{\"@type\":\"ImageObject\",\"inLanguage\":\"et\",\"@id\":\"https:\/\/colibri-jewels.eu\/et\/toode\/kuldne-ripats-taveedi-taht-2\/#primaryimage\",\"url\":\"https:\/\/colibri-jewels.eu\/wp-content\/uploads\/2026\/04\/PXL_20260414_122415851-copy.jpg\",\"contentUrl\":\"https:\/\/colibri-jewels.eu\/wp-content\/uploads\/2026\/04\/PXL_20260414_122415851-copy.jpg\",\"width\":1616,\"height\":1616},{\"@type\":\"BreadcrumbList\",\"@id\":\"https:\/\/colibri-jewels.eu\/et\/toode\/kuldne-ripats-taveedi-taht-2\/#breadcrumb\",\"itemListElement\":[{\"@type\":\"ListItem\",\"position\":1,\"name\":\"\u0413\u043b\u0430\u0432\u043d\u0430\u044f \u0441\u0442\u0440\u0430\u043d\u0438\u0446\u0430\",\"item\":\"https:\/\/colibri-jewels.eu\/et\/\"},{\"@type\":\"ListItem\",\"position\":2,\"name\":\"Pood\",\"item\":\"https:\/\/colibri-jewels.eu\/et\/pood\/\"},{\"@type\":\"ListItem\",\"position\":3,\"name\":\"Kuldne ripats &#8221;Taveedi t\u00e4ht&#8221;\"}]},{\"@type\":\"WebSite\",\"@id\":\"https:\/\/colibri-jewels.eu\/et\/#website\",\"url\":\"https:\/\/colibri-jewels.eu\/et\/\",\"name\":\"Colibri jewels\",\"description\":\"jewelry shop\",\"publisher\":{\"@id\":\"https:\/\/colibri-jewels.eu\/et\/#organization\"},\"potentialAction\":[{\"@type\":\"SearchAction\",\"target\":{\"@type\":\"EntryPoint\",\"urlTemplate\":\"https:\/\/colibri-jewels.eu\/et\/?s={search_term_string}\"},\"query-input\":{\"@type\":\"PropertyValueSpecification\",\"valueRequired\":true,\"valueName\":\"search_term_string\"}}],\"inLanguage\":\"et\"},{\"@type\":\"Organization\",\"@id\":\"https:\/\/colibri-jewels.eu\/et\/#organization\",\"name\":\"O\u00dc Colibri\",\"url\":\"https:\/\/colibri-jewels.eu\/et\/\",\"logo\":{\"@type\":\"ImageObject\",\"inLanguage\":\"et\",\"@id\":\"https:\/\/colibri-jewels.eu\/et\/#\/schema\/logo\/image\/\",\"url\":\"https:\/\/dev.colibri-jewels.eu\/wp-content\/uploads\/2021\/03\/colibri.png\",\"contentUrl\":\"https:\/\/dev.colibri-jewels.eu\/wp-content\/uploads\/2021\/03\/colibri.png\",\"width\":227,\"height\":130,\"caption\":\"O\u00dc Colibri\"},\"image\":{\"@id\":\"https:\/\/colibri-jewels.eu\/et\/#\/schema\/logo\/image\/\"},\"sameAs\":[\"https:\/\/www.facebook.com\/colibri.jewels\",\"https:\/\/www.instagram.com\/colibri.jewels\",\"https:\/\/www.tiktok.com\/colibri.jewels\"]}]}<\/script>\n<!-- \/ Yoast SEO Premium plugin. -->","yoast_head_json":{"title":"Kuldne ripats \"Taveedi t\u00e4ht\" - Colibri jewels","robots":{"index":"index","follow":"follow","max-snippet":"max-snippet:-1","max-image-preview":"max-image-preview:large","max-video-preview":"max-video-preview:-1"},"canonical":"https:\/\/colibri-jewels.eu\/et\/toode\/kuldne-ripats-taveedi-taht-2\/","og_locale":"et_EE","og_type":"article","og_title":"Kuldne ripats \"Taveedi t\u00e4ht\"","og_description":"Kahepoolne ripats &#8220;Taaveti t\u00e4ht&#8221; mustade tsirkoonidega, \u00fcks pool \u2014 roosa kuld, teine \u2014 valge kuld. Ripatsi kaal 1,26 g.","og_url":"https:\/\/colibri-jewels.eu\/et\/toode\/kuldne-ripats-taveedi-taht-2\/","og_site_name":"Colibri jewels","article_publisher":"https:\/\/www.facebook.com\/colibri.jewels","article_modified_time":"2026-04-17T20:13:23+00:00","og_image":[{"width":1616,"height":1616,"url":"https:\/\/colibri-jewels.eu\/wp-content\/uploads\/2026\/04\/PXL_20260414_122415851-copy.jpg","type":"image\/jpeg"}],"twitter_card":"summary_large_image","schema":{"@context":"https:\/\/schema.org","@graph":[{"@type":"WebPage","@id":"https:\/\/colibri-jewels.eu\/et\/toode\/kuldne-ripats-taveedi-taht-2\/","url":"https:\/\/colibri-jewels.eu\/et\/toode\/kuldne-ripats-taveedi-taht-2\/","name":"Kuldne ripats \"Taveedi t\u00e4ht\" - Colibri jewels","isPartOf":{"@id":"https:\/\/colibri-jewels.eu\/et\/#website"},"primaryImageOfPage":{"@id":"https:\/\/colibri-jewels.eu\/et\/toode\/kuldne-ripats-taveedi-taht-2\/#primaryimage"},"image":{"@id":"https:\/\/colibri-jewels.eu\/et\/toode\/kuldne-ripats-taveedi-taht-2\/#primaryimage"},"thumbnailUrl":"https:\/\/colibri-jewels.eu\/wp-content\/uploads\/2026\/04\/PXL_20260414_122415851-copy.jpg","datePublished":"2026-04-17T20:07:40+00:00","dateModified":"2026-04-17T20:13:23+00:00","breadcrumb":{"@id":"https:\/\/colibri-jewels.eu\/et\/toode\/kuldne-ripats-taveedi-taht-2\/#breadcrumb"},"inLanguage":"et","potentialAction":[{"@type":"ReadAction","target":["https:\/\/colibri-jewels.eu\/et\/toode\/kuldne-ripats-taveedi-taht-2\/"]}]},{"@type":"ImageObject","inLanguage":"et","@id":"https:\/\/colibri-jewels.eu\/et\/toode\/kuldne-ripats-taveedi-taht-2\/#primaryimage","url":"https:\/\/colibri-jewels.eu\/wp-content\/uploads\/2026\/04\/PXL_20260414_122415851-copy.jpg","contentUrl":"https:\/\/colibri-jewels.eu\/wp-content\/uploads\/2026\/04\/PXL_20260414_122415851-copy.jpg","width":1616,"height":1616},{"@type":"BreadcrumbList","@id":"https:\/\/colibri-jewels.eu\/et\/toode\/kuldne-ripats-taveedi-taht-2\/#breadcrumb","itemListElement":[{"@type":"ListItem","position":1,"name":"\u0413\u043b\u0430\u0432\u043d\u0430\u044f \u0441\u0442\u0440\u0430\u043d\u0438\u0446\u0430","item":"https:\/\/colibri-jewels.eu\/et\/"},{"@type":"ListItem","position":2,"name":"Pood","item":"https:\/\/colibri-jewels.eu\/et\/pood\/"},{"@type":"ListItem","position":3,"name":"Kuldne ripats &#8221;Taveedi t\u00e4ht&#8221;"}]},{"@type":"WebSite","@id":"https:\/\/colibri-jewels.eu\/et\/#website","url":"https:\/\/colibri-jewels.eu\/et\/","name":"Colibri jewels","description":"jewelry shop","publisher":{"@id":"https:\/\/colibri-jewels.eu\/et\/#organization"},"potentialAction":[{"@type":"SearchAction","target":{"@type":"EntryPoint","urlTemplate":"https:\/\/colibri-jewels.eu\/et\/?s={search_term_string}"},"query-input":{"@type":"PropertyValueSpecification","valueRequired":true,"valueName":"search_term_string"}}],"inLanguage":"et"},{"@type":"Organization","@id":"https:\/\/colibri-jewels.eu\/et\/#organization","name":"O\u00dc Colibri","url":"https:\/\/colibri-jewels.eu\/et\/","logo":{"@type":"ImageObject","inLanguage":"et","@id":"https:\/\/colibri-jewels.eu\/et\/#\/schema\/logo\/image\/","url":"https:\/\/dev.colibri-jewels.eu\/wp-content\/uploads\/2021\/03\/colibri.png","contentUrl":"https:\/\/dev.colibri-jewels.eu\/wp-content\/uploads\/2021\/03\/colibri.png","width":227,"height":130,"caption":"O\u00dc Colibri"},"image":{"@id":"https:\/\/colibri-jewels.eu\/et\/#\/schema\/logo\/image\/"},"sameAs":["https:\/\/www.facebook.com\/colibri.jewels","https:\/\/www.instagram.com\/colibri.jewels","https:\/\/www.tiktok.com\/colibri.jewels"]}]}},"_links":{"self":[{"href":"https:\/\/colibri-jewels.eu\/et\/wp-json\/wp\/v2\/product\/63576","targetHints":{"allow":["GET"]}}],"collection":[{"href":"https:\/\/colibri-jewels.eu\/et\/wp-json\/wp\/v2\/product"}],"about":[{"href":"https:\/\/colibri-jewels.eu\/et\/wp-json\/wp\/v2\/types\/product"}],"replies":[{"embeddable":true,"href":"https:\/\/colibri-jewels.eu\/et\/wp-json\/wp\/v2\/comments?post=63576"}],"version-history":[{"count":2,"href":"https:\/\/colibri-jewels.eu\/et\/wp-json\/wp\/v2\/product\/63576\/revisions"}],"predecessor-version":[{"id":63581,"href":"https:\/\/colibri-jewels.eu\/et\/wp-json\/wp\/v2\/product\/63576\/revisions\/63581"}],"wp:featuredmedia":[{"embeddable":true,"href":"https:\/\/colibri-jewels.eu\/et\/wp-json\/wp\/v2\/media\/63574"}],"wp:attachment":[{"href":"https:\/\/colibri-jewels.eu\/et\/wp-json\/wp\/v2\/media?parent=63576"}],"wp:term":[{"taxonomy":"brand","embeddable":true,"href":"https:\/\/colibri-jewels.eu\/et\/wp-json\/wp\/v2\/etheme_brands?post=63576"},{"taxonomy":"product_brand","embeddable":true,"href":"https:\/\/colibri-jewels.eu\/et\/wp-json\/wp\/v2\/product_brand?post=63576"},{"taxonomy":"product_cat","embeddable":true,"href":"https:\/\/colibri-jewels.eu\/et\/wp-json\/wp\/v2\/product_cat?post=63576"},{"taxonomy":"product_tag","embeddable":true,"href":"https:\/\/colibri-jewels.eu\/et\/wp-json\/wp\/v2\/product_tag?post=63576"}],"curies":[{"name":"wp","href":"https:\/\/api.w.org\/{rel}","templated":true}]}}