{"id":63612,"date":"2026-04-23T18:56:20","date_gmt":"2026-04-23T15:56:20","guid":{"rendered":"https:\/\/colibri-jewels.eu\/?post_type=product&#038;p=63612"},"modified":"2026-04-23T19:14:19","modified_gmt":"2026-04-23T16:14:19","slug":"vintage-stiilis-korvarongad-sertifitseeritud-briljantidega-amelie","status":"publish","type":"product","link":"https:\/\/colibri-jewels.eu\/et\/toode\/vintage-stiilis-korvarongad-sertifitseeritud-briljantidega-amelie\/","title":{"rendered":"Vintage-stiilis k\u00f5rvar\u00f5ngad sertifitseeritud briljantidega &#8220;Amelie&#8221;"},"content":{"rendered":"<p data-path-to-node=\"5\">Vintage-k\u00f5rvar\u00f5ngad Amelie on austusavaldus traditsioonidele ja p\u00f5lvkondade vahelisele sidemele. Disain on inspireeritud revolutsioonieelsest klassikast: briljant on asetatud \u201eroosi\u201c kujulisse hoidikusse, mis toimib reflektorina, suurendades visuaalselt kivi m\u00f5\u00f5tmeid ja s\u00e4ra. Need on loodud olema t\u00fctarlapse esimeseks hinnaliseks ehteks, mida p\u00e4randatakse edasi emalt t\u00fctrele v\u00f5i vanaemalt t\u00fctret\u00fctrele.<\/p>\n<p data-path-to-node=\"6\"><b data-path-to-node=\"6\" data-index-in-node=\"0\">Spetsifikatsioonid:<\/b><\/p>\n<ul data-path-to-node=\"7\">\n<li>\n<p data-path-to-node=\"7,0,0\"><b data-path-to-node=\"7,0,0\" data-index-in-node=\"0\">Model:<\/b> Amelie<\/p>\n<\/li>\n<li>\n<p data-path-to-node=\"7,1,0\"><b data-path-to-node=\"7,1,0\" data-index-in-node=\"0\">Metall:<\/b> Kuld 585 (Punane kuld, valgest kullast detailid)<\/p>\n<\/li>\n<li>\n<p data-path-to-node=\"7,2,0\"><b data-path-to-node=\"7,2,0\" data-index-in-node=\"0\">Kivid<\/b>: Briljandid (2 tk), GIA sertifikaat<\/p>\n<\/li>\n<li>\n<p data-path-to-node=\"7,3,0\"><b data-path-to-node=\"7,3,0\" data-index-in-node=\"0\">Kaal:<\/b> 0.30 ct (2 x 0.15 ct)<\/p>\n<\/li>\n<li>\n<p data-path-to-node=\"7,4,0\"><b data-path-to-node=\"7,4,0\" data-index-in-node=\"0\">Sertifikaat:<\/b> GIA<\/p>\n<\/li>\n<li>\n<p data-path-to-node=\"7,5,0\"><b data-path-to-node=\"7,5,0\" data-index-in-node=\"0\">Disain:<\/b> Vintage-roos \/ Reflektor-istutus<\/p>\n<\/li>\n<li>\n<p data-path-to-node=\"7,6,0\"><b data-path-to-node=\"7,6,0\" data-index-in-node=\"0\">Luku t\u00fc\u00fcp:<\/b> Inglise lukk<\/p>\n<\/li>\n<\/ul>\n<p data-path-to-node=\"8\"><b data-path-to-node=\"8\" data-index-in-node=\"0\">M\u00e4rks\u00f5nad:<\/b> briljantk\u00f5rvar\u00f5ngad, GIA-sertifikaadiga briljantk\u00f5rvar\u00f5ngad, vintage-ehted, esimene kingitus lapsele, p\u00e4randvaraks olevad ehted, roos-istutus, kingitus t\u00fctrele, kingitus t\u00fctret\u00fctrele.<\/p>\n","protected":false},"excerpt":{"rendered":"<p>Vintage-k\u00f5rvar\u00f5ngad Amelie on austusavaldus traditsioonidele ja p\u00f5lvkondade vahelisele sidemele. Disain on inspireeritud revolutsioonieelsest klassikast: briljant on asetatud \u201eroosi\u201c kujulisse hoidikusse, mis toimib reflektorina, suurendades visuaalselt&#8230;<\/p>\n","protected":false},"featured_media":63611,"comment_status":"open","ping_status":"closed","template":"","meta":[],"etheme_brands":[],"product_brand":[],"product_cat":[469],"product_tag":[472],"class_list":{"0":"post-63612","1":"product","2":"type-product","3":"status-publish","4":"has-post-thumbnail","6":"product_cat-korvarongad","7":"product_tag-klassika","9":"first","10":"onbackorder","11":"shipping-taxable","12":"purchasable","13":"product-type-simple"},"acf":[],"yoast_head":"<!-- This site is optimized with the Yoast SEO Premium plugin v26.5 (Yoast SEO v26.8) - https:\/\/yoast.com\/product\/yoast-seo-premium-wordpress\/ -->\n<title>Vintage-stiilis k\u00f5rvar\u00f5ngad sertifitseeritud briljantidega &quot;Amelie&quot; - Colibri jewels<\/title>\n<meta name=\"robots\" content=\"index, follow, max-snippet:-1, max-image-preview:large, max-video-preview:-1\" \/>\n<link rel=\"canonical\" href=\"https:\/\/colibri-jewels.eu\/et\/toode\/vintage-stiilis-korvarongad-sertifitseeritud-briljantidega-amelie\/\" \/>\n<meta property=\"og:locale\" content=\"et_EE\" \/>\n<meta property=\"og:type\" content=\"article\" \/>\n<meta property=\"og:title\" content=\"Vintage-stiilis k\u00f5rvar\u00f5ngad sertifitseeritud briljantidega &quot;Amelie&quot;\" \/>\n<meta property=\"og:description\" content=\"Vintage-k\u00f5rvar\u00f5ngad Amelie on austusavaldus traditsioonidele ja p\u00f5lvkondade vahelisele sidemele. Disain on inspireeritud revolutsioonieelsest klassikast: briljant on asetatud \u201eroosi\u201c kujulisse hoidikusse, mis toimib reflektorina, suurendades visuaalselt...\" \/>\n<meta property=\"og:url\" content=\"https:\/\/colibri-jewels.eu\/et\/toode\/vintage-stiilis-korvarongad-sertifitseeritud-briljantidega-amelie\/\" \/>\n<meta property=\"og:site_name\" content=\"Colibri jewels\" \/>\n<meta property=\"article:publisher\" content=\"https:\/\/www.facebook.com\/colibri.jewels\" \/>\n<meta property=\"article:modified_time\" content=\"2026-04-23T16:14:19+00:00\" \/>\n<meta property=\"og:image\" content=\"https:\/\/colibri-jewels.eu\/wp-content\/uploads\/2026\/04\/vintage-style-diamond-earrings-Amelie.jpg\" \/>\n\t<meta property=\"og:image:width\" content=\"1000\" \/>\n\t<meta property=\"og:image:height\" content=\"1000\" \/>\n\t<meta property=\"og:image:type\" content=\"image\/jpeg\" \/>\n<meta name=\"twitter:card\" content=\"summary_large_image\" \/>\n<meta name=\"twitter:label1\" content=\"Est. reading time\" \/>\n\t<meta name=\"twitter:data1\" content=\"1 minut\" \/>\n<script type=\"application\/ld+json\" class=\"yoast-schema-graph\">{\"@context\":\"https:\/\/schema.org\",\"@graph\":[{\"@type\":\"WebPage\",\"@id\":\"https:\/\/colibri-jewels.eu\/et\/toode\/vintage-stiilis-korvarongad-sertifitseeritud-briljantidega-amelie\/\",\"url\":\"https:\/\/colibri-jewels.eu\/et\/toode\/vintage-stiilis-korvarongad-sertifitseeritud-briljantidega-amelie\/\",\"name\":\"Vintage-stiilis k\u00f5rvar\u00f5ngad sertifitseeritud briljantidega \\\"Amelie\\\" - Colibri jewels\",\"isPartOf\":{\"@id\":\"https:\/\/colibri-jewels.eu\/et\/#website\"},\"primaryImageOfPage\":{\"@id\":\"https:\/\/colibri-jewels.eu\/et\/toode\/vintage-stiilis-korvarongad-sertifitseeritud-briljantidega-amelie\/#primaryimage\"},\"image\":{\"@id\":\"https:\/\/colibri-jewels.eu\/et\/toode\/vintage-stiilis-korvarongad-sertifitseeritud-briljantidega-amelie\/#primaryimage\"},\"thumbnailUrl\":\"https:\/\/colibri-jewels.eu\/wp-content\/uploads\/2026\/04\/vintage-style-diamond-earrings-Amelie.jpg\",\"datePublished\":\"2026-04-23T15:56:20+00:00\",\"dateModified\":\"2026-04-23T16:14:19+00:00\",\"breadcrumb\":{\"@id\":\"https:\/\/colibri-jewels.eu\/et\/toode\/vintage-stiilis-korvarongad-sertifitseeritud-briljantidega-amelie\/#breadcrumb\"},\"inLanguage\":\"et\",\"potentialAction\":[{\"@type\":\"ReadAction\",\"target\":[\"https:\/\/colibri-jewels.eu\/et\/toode\/vintage-stiilis-korvarongad-sertifitseeritud-briljantidega-amelie\/\"]}]},{\"@type\":\"ImageObject\",\"inLanguage\":\"et\",\"@id\":\"https:\/\/colibri-jewels.eu\/et\/toode\/vintage-stiilis-korvarongad-sertifitseeritud-briljantidega-amelie\/#primaryimage\",\"url\":\"https:\/\/colibri-jewels.eu\/wp-content\/uploads\/2026\/04\/vintage-style-diamond-earrings-Amelie.jpg\",\"contentUrl\":\"https:\/\/colibri-jewels.eu\/wp-content\/uploads\/2026\/04\/vintage-style-diamond-earrings-Amelie.jpg\",\"width\":1000,\"height\":1000},{\"@type\":\"BreadcrumbList\",\"@id\":\"https:\/\/colibri-jewels.eu\/et\/toode\/vintage-stiilis-korvarongad-sertifitseeritud-briljantidega-amelie\/#breadcrumb\",\"itemListElement\":[{\"@type\":\"ListItem\",\"position\":1,\"name\":\"\u0413\u043b\u0430\u0432\u043d\u0430\u044f \u0441\u0442\u0440\u0430\u043d\u0438\u0446\u0430\",\"item\":\"https:\/\/colibri-jewels.eu\/et\/\"},{\"@type\":\"ListItem\",\"position\":2,\"name\":\"Pood\",\"item\":\"https:\/\/colibri-jewels.eu\/et\/pood\/\"},{\"@type\":\"ListItem\",\"position\":3,\"name\":\"Vintage-stiilis k\u00f5rvar\u00f5ngad sertifitseeritud briljantidega &#171;Amelie&#187;\"}]},{\"@type\":\"WebSite\",\"@id\":\"https:\/\/colibri-jewels.eu\/et\/#website\",\"url\":\"https:\/\/colibri-jewels.eu\/et\/\",\"name\":\"Colibri jewels\",\"description\":\"jewelry shop\",\"publisher\":{\"@id\":\"https:\/\/colibri-jewels.eu\/et\/#organization\"},\"potentialAction\":[{\"@type\":\"SearchAction\",\"target\":{\"@type\":\"EntryPoint\",\"urlTemplate\":\"https:\/\/colibri-jewels.eu\/et\/?s={search_term_string}\"},\"query-input\":{\"@type\":\"PropertyValueSpecification\",\"valueRequired\":true,\"valueName\":\"search_term_string\"}}],\"inLanguage\":\"et\"},{\"@type\":\"Organization\",\"@id\":\"https:\/\/colibri-jewels.eu\/et\/#organization\",\"name\":\"O\u00dc Colibri\",\"url\":\"https:\/\/colibri-jewels.eu\/et\/\",\"logo\":{\"@type\":\"ImageObject\",\"inLanguage\":\"et\",\"@id\":\"https:\/\/colibri-jewels.eu\/et\/#\/schema\/logo\/image\/\",\"url\":\"https:\/\/dev.colibri-jewels.eu\/wp-content\/uploads\/2021\/03\/colibri.png\",\"contentUrl\":\"https:\/\/dev.colibri-jewels.eu\/wp-content\/uploads\/2021\/03\/colibri.png\",\"width\":227,\"height\":130,\"caption\":\"O\u00dc Colibri\"},\"image\":{\"@id\":\"https:\/\/colibri-jewels.eu\/et\/#\/schema\/logo\/image\/\"},\"sameAs\":[\"https:\/\/www.facebook.com\/colibri.jewels\",\"https:\/\/www.instagram.com\/colibri.jewels\",\"https:\/\/www.tiktok.com\/colibri.jewels\"]}]}<\/script>\n<!-- \/ Yoast SEO Premium plugin. -->","yoast_head_json":{"title":"Vintage-stiilis k\u00f5rvar\u00f5ngad sertifitseeritud briljantidega \"Amelie\" - Colibri jewels","robots":{"index":"index","follow":"follow","max-snippet":"max-snippet:-1","max-image-preview":"max-image-preview:large","max-video-preview":"max-video-preview:-1"},"canonical":"https:\/\/colibri-jewels.eu\/et\/toode\/vintage-stiilis-korvarongad-sertifitseeritud-briljantidega-amelie\/","og_locale":"et_EE","og_type":"article","og_title":"Vintage-stiilis k\u00f5rvar\u00f5ngad sertifitseeritud briljantidega \"Amelie\"","og_description":"Vintage-k\u00f5rvar\u00f5ngad Amelie on austusavaldus traditsioonidele ja p\u00f5lvkondade vahelisele sidemele. Disain on inspireeritud revolutsioonieelsest klassikast: briljant on asetatud \u201eroosi\u201c kujulisse hoidikusse, mis toimib reflektorina, suurendades visuaalselt...","og_url":"https:\/\/colibri-jewels.eu\/et\/toode\/vintage-stiilis-korvarongad-sertifitseeritud-briljantidega-amelie\/","og_site_name":"Colibri jewels","article_publisher":"https:\/\/www.facebook.com\/colibri.jewels","article_modified_time":"2026-04-23T16:14:19+00:00","og_image":[{"width":1000,"height":1000,"url":"https:\/\/colibri-jewels.eu\/wp-content\/uploads\/2026\/04\/vintage-style-diamond-earrings-Amelie.jpg","type":"image\/jpeg"}],"twitter_card":"summary_large_image","twitter_misc":{"Est. reading time":"1 minut"},"schema":{"@context":"https:\/\/schema.org","@graph":[{"@type":"WebPage","@id":"https:\/\/colibri-jewels.eu\/et\/toode\/vintage-stiilis-korvarongad-sertifitseeritud-briljantidega-amelie\/","url":"https:\/\/colibri-jewels.eu\/et\/toode\/vintage-stiilis-korvarongad-sertifitseeritud-briljantidega-amelie\/","name":"Vintage-stiilis k\u00f5rvar\u00f5ngad sertifitseeritud briljantidega \"Amelie\" - Colibri jewels","isPartOf":{"@id":"https:\/\/colibri-jewels.eu\/et\/#website"},"primaryImageOfPage":{"@id":"https:\/\/colibri-jewels.eu\/et\/toode\/vintage-stiilis-korvarongad-sertifitseeritud-briljantidega-amelie\/#primaryimage"},"image":{"@id":"https:\/\/colibri-jewels.eu\/et\/toode\/vintage-stiilis-korvarongad-sertifitseeritud-briljantidega-amelie\/#primaryimage"},"thumbnailUrl":"https:\/\/colibri-jewels.eu\/wp-content\/uploads\/2026\/04\/vintage-style-diamond-earrings-Amelie.jpg","datePublished":"2026-04-23T15:56:20+00:00","dateModified":"2026-04-23T16:14:19+00:00","breadcrumb":{"@id":"https:\/\/colibri-jewels.eu\/et\/toode\/vintage-stiilis-korvarongad-sertifitseeritud-briljantidega-amelie\/#breadcrumb"},"inLanguage":"et","potentialAction":[{"@type":"ReadAction","target":["https:\/\/colibri-jewels.eu\/et\/toode\/vintage-stiilis-korvarongad-sertifitseeritud-briljantidega-amelie\/"]}]},{"@type":"ImageObject","inLanguage":"et","@id":"https:\/\/colibri-jewels.eu\/et\/toode\/vintage-stiilis-korvarongad-sertifitseeritud-briljantidega-amelie\/#primaryimage","url":"https:\/\/colibri-jewels.eu\/wp-content\/uploads\/2026\/04\/vintage-style-diamond-earrings-Amelie.jpg","contentUrl":"https:\/\/colibri-jewels.eu\/wp-content\/uploads\/2026\/04\/vintage-style-diamond-earrings-Amelie.jpg","width":1000,"height":1000},{"@type":"BreadcrumbList","@id":"https:\/\/colibri-jewels.eu\/et\/toode\/vintage-stiilis-korvarongad-sertifitseeritud-briljantidega-amelie\/#breadcrumb","itemListElement":[{"@type":"ListItem","position":1,"name":"\u0413\u043b\u0430\u0432\u043d\u0430\u044f \u0441\u0442\u0440\u0430\u043d\u0438\u0446\u0430","item":"https:\/\/colibri-jewels.eu\/et\/"},{"@type":"ListItem","position":2,"name":"Pood","item":"https:\/\/colibri-jewels.eu\/et\/pood\/"},{"@type":"ListItem","position":3,"name":"Vintage-stiilis k\u00f5rvar\u00f5ngad sertifitseeritud briljantidega &#171;Amelie&#187;"}]},{"@type":"WebSite","@id":"https:\/\/colibri-jewels.eu\/et\/#website","url":"https:\/\/colibri-jewels.eu\/et\/","name":"Colibri jewels","description":"jewelry shop","publisher":{"@id":"https:\/\/colibri-jewels.eu\/et\/#organization"},"potentialAction":[{"@type":"SearchAction","target":{"@type":"EntryPoint","urlTemplate":"https:\/\/colibri-jewels.eu\/et\/?s={search_term_string}"},"query-input":{"@type":"PropertyValueSpecification","valueRequired":true,"valueName":"search_term_string"}}],"inLanguage":"et"},{"@type":"Organization","@id":"https:\/\/colibri-jewels.eu\/et\/#organization","name":"O\u00dc Colibri","url":"https:\/\/colibri-jewels.eu\/et\/","logo":{"@type":"ImageObject","inLanguage":"et","@id":"https:\/\/colibri-jewels.eu\/et\/#\/schema\/logo\/image\/","url":"https:\/\/dev.colibri-jewels.eu\/wp-content\/uploads\/2021\/03\/colibri.png","contentUrl":"https:\/\/dev.colibri-jewels.eu\/wp-content\/uploads\/2021\/03\/colibri.png","width":227,"height":130,"caption":"O\u00dc Colibri"},"image":{"@id":"https:\/\/colibri-jewels.eu\/et\/#\/schema\/logo\/image\/"},"sameAs":["https:\/\/www.facebook.com\/colibri.jewels","https:\/\/www.instagram.com\/colibri.jewels","https:\/\/www.tiktok.com\/colibri.jewels"]}]}},"_links":{"self":[{"href":"https:\/\/colibri-jewels.eu\/et\/wp-json\/wp\/v2\/product\/63612","targetHints":{"allow":["GET"]}}],"collection":[{"href":"https:\/\/colibri-jewels.eu\/et\/wp-json\/wp\/v2\/product"}],"about":[{"href":"https:\/\/colibri-jewels.eu\/et\/wp-json\/wp\/v2\/types\/product"}],"replies":[{"embeddable":true,"href":"https:\/\/colibri-jewels.eu\/et\/wp-json\/wp\/v2\/comments?post=63612"}],"version-history":[{"count":2,"href":"https:\/\/colibri-jewels.eu\/et\/wp-json\/wp\/v2\/product\/63612\/revisions"}],"predecessor-version":[{"id":63620,"href":"https:\/\/colibri-jewels.eu\/et\/wp-json\/wp\/v2\/product\/63612\/revisions\/63620"}],"wp:featuredmedia":[{"embeddable":true,"href":"https:\/\/colibri-jewels.eu\/et\/wp-json\/wp\/v2\/media\/63611"}],"wp:attachment":[{"href":"https:\/\/colibri-jewels.eu\/et\/wp-json\/wp\/v2\/media?parent=63612"}],"wp:term":[{"taxonomy":"brand","embeddable":true,"href":"https:\/\/colibri-jewels.eu\/et\/wp-json\/wp\/v2\/etheme_brands?post=63612"},{"taxonomy":"product_brand","embeddable":true,"href":"https:\/\/colibri-jewels.eu\/et\/wp-json\/wp\/v2\/product_brand?post=63612"},{"taxonomy":"product_cat","embeddable":true,"href":"https:\/\/colibri-jewels.eu\/et\/wp-json\/wp\/v2\/product_cat?post=63612"},{"taxonomy":"product_tag","embeddable":true,"href":"https:\/\/colibri-jewels.eu\/et\/wp-json\/wp\/v2\/product_tag?post=63612"}],"curies":[{"name":"wp","href":"https:\/\/api.w.org\/{rel}","templated":true}]}}