{"id":49651,"date":"2025-05-04T19:05:12","date_gmt":"2025-05-04T16:05:12","guid":{"rendered":"https:\/\/colibri-jewels.eu\/?page_id=49651"},"modified":"2025-05-21T14:47:47","modified_gmt":"2025-05-21T11:47:47","slug":"bonusjarjestelma","status":"publish","type":"page","link":"https:\/\/colibri-jewels.eu\/fi\/bonusjarjestelma\/","title":{"rendered":"Bonusj\u00e4rjestelm\u00e4"},"content":{"rendered":"\t\t<div data-elementor-type=\"wp-page\" data-elementor-id=\"49651\" class=\"elementor elementor-49651 elementor-49301\" data-elementor-post-type=\"page\">\n\t\t\t\t<div class=\"elementor-element elementor-element-a37e220 e-flex e-con-boxed e-con e-parent\" data-id=\"a37e220\" data-element_type=\"container\" data-settings=\"{&quot;background_background&quot;:&quot;classic&quot;}\">\n\t\t\t\t\t<div class=\"e-con-inner\">\n\t\t\t\t<div class=\"elementor-element elementor-element-2d1c5de elementor-align-center elementor-widget elementor-widget-etheme_advanced_headline\" data-id=\"2d1c5de\" data-element_type=\"widget\" data-widget_type=\"etheme_advanced_headline.default\">\n\t\t\t\t<div class=\"elementor-widget-container\">\n\t\t\t\t\t        \n        <div class=\"etheme-a-h-wrapper\">\n        \n            \n\t\t\t\n        <h2 class=\"etheme-advanced-headline etheme-advanced-headline-mask\">\n\n            Ansaitse bonuksia Colibrin avulla\n        <\/h2>\n\t\t\n                            <p class=\"etheme-a-h-text-after\">\n                    Osta, kutsu yst\u00e4vi\u00e4 ja ansaitse pisteit\u00e4, joita voit k\u00e4ytt\u00e4\u00e4 myym\u00e4l\u00e4ss\u00e4mme.                <\/p>\n                    \n        <\/div>\n        \n\t\t\t\t\t\t<\/div>\n\t\t\t\t<\/div>\n\t\t\t\t\t<\/div>\n\t\t\t\t<\/div>\n\t\t<div class=\"elementor-element elementor-element-9fa0a92 e-flex e-con-boxed e-con e-parent\" data-id=\"9fa0a92\" data-element_type=\"container\">\n\t\t\t\t\t<div class=\"e-con-inner\">\n\t\t\t\t<div class=\"elementor-element elementor-element-134b591 elementor-widget elementor-widget-text-editor\" data-id=\"134b591\" data-element_type=\"widget\" data-widget_type=\"text-editor.default\">\n\t\t\t\t<div class=\"elementor-widget-container\">\n\t\t\t\t\t\t\t\t\t<div style=\"text-align: center;\"><h1>Miten se toimii?<\/h1><h1>\ud83d\uded2<\/h1><p>Tee tilauksia \u2013 ansaitse bonuspisteit\u00e4<br \/>Mit\u00e4 enemm\u00e4n tilaat \u2013 sit\u00e4 enemm\u00e4n ansaitset!<br \/>Pisteet hyvitet\u00e4\u00e4n automaattisesti heti tilauksen vahvistuksen j\u00e4lkeen.<br \/>\u27a1 Esimerkki: Ostit sormuksen 300 eurolla \u2013 sait 9 euroa bonusta.<\/p><p>\ud83e\udd1d<\/p><p><strong>2. Kutsu yst\u00e4vi\u00e4 \u2013 jaa oma suosittelulinkkisi<\/strong><br \/>Onko sinulla yst\u00e4vi\u00e4, jotka my\u00f6s rakastavat koruja?<br \/>Hienoa! Jaa heille ainutlaatuinen suosittelulinkkisi ja ansaitse bonuksia heid\u00e4n tehdess\u00e4\u00e4n tilauksia.<\/p><p>Autat heit\u00e4 l\u00f6yt\u00e4m\u00e4\u00e4n mahtavan kaupan \u2013 ja me kiit\u00e4mme sinua bonuksilla.<br \/>\u27a1 L\u00f6yd\u00e4t suosittelulinkkisi omalta tilisivultasi kirjautumisen j\u00e4lkeen.<\/p><p>\ud83c\udf89<\/p><p><strong>3. Yst\u00e4v\u00e4si tekev\u00e4t tilauksia \u2013 sin\u00e4 ansaitset bonuksia.<\/strong><\/p><p>Heti kun suosittelemasi yst\u00e4v\u00e4 tekee tilauksen, saat osan summasta bonuspisteillesi.<br \/>Ei rajoituksia: kutsu jopa 10 yst\u00e4v\u00e4\u00e4 ja ansaitse bonuksia jokaiselta!<br \/>\u27a1 Bonukset hyvitet\u00e4\u00e4n yst\u00e4v\u00e4si maksun vahvistuksen j\u00e4lkeen.<br \/>Ja se on my\u00f6s 3% sinun tilillesi \u2013 jokaisen yst\u00e4v\u00e4si tilauksesta.<\/p><p>\ud83d\udcb3<\/p><p><strong>4. Lunasta pisteit\u00e4 tuotteisiin \u2013 helppoa ja palkitsevaa.<\/strong><br \/>Kun olet ker\u00e4nnyt tarpeeksi pisteit\u00e4, valitse vain tuote Colibrilta tai<br \/>kumppanimyym\u00e4l\u00e4st\u00e4mme, josta l\u00f6yd\u00e4t upeaa tekniikkaa. <a href=\"https:\/\/pood.webeclipse.ee\/\">https:\/\/pood.webeclipse.ee\/<\/a><\/p><p>ja k\u00e4yt\u00e4 pisteit\u00e4si kattamaan osa kustannuksista kassalla.<br \/>Pienikin bonus voi mukavasti pienent\u00e4\u00e4 kokonaissummaasi!<br \/>\u27a1 1 piste = 10 sentti\u00e4. Voit k\u00e4ytt\u00e4\u00e4 ne milloin tahansa.<\/p><p><strong>Mit\u00e4 bonuspisteet ovat?<\/strong><br \/>Jokaisesta tilauksesta ansaitset 3 % takaisin pistein\u00e4. 1 piste = 10 sentti\u00e4. Voit k\u00e4ytt\u00e4\u00e4 pisteit\u00e4 seuraavaan ostokseesi.<\/p><p><strong>Miten saan linkkini?<\/strong><br \/>\ud83c\udfaf Rekister\u00f6idy tai kirjaudu sis\u00e4\u00e4n tilillesi.<br \/>\ud83e\uddd1\u200d\ud83d\udcbb Mene kohtaan &#8221;Oma tili&#8221; \u2192 Hallintapaneeli.<br \/>\ud83d\udcce Sielt\u00e4 l\u00f6yd\u00e4t oman ainutlaatuisen suosittelulinkkisi.<\/p><\/div>\t\t\t\t\t\t\t\t<\/div>\n\t\t\t\t<\/div>\n\t\t\t\t\t<\/div>\n\t\t\t\t<\/div>\n\t\t<div class=\"elementor-element elementor-element-2ea943d e-flex e-con-boxed e-con e-parent\" data-id=\"2ea943d\" data-element_type=\"container\">\n\t\t\t\t\t<div class=\"e-con-inner\">\n\t\t\t\t<div class=\"elementor-element elementor-element-40f0447 elementor-align-center elementor-widget elementor-widget-text_button\" data-id=\"40f0447\" data-element_type=\"widget\" data-widget_type=\"text_button.default\">\n\t\t\t\t<div class=\"elementor-widget-container\">\n\t\t\t\t\t<div class=\"etheme-button-wrapper\"><a href=\"https:\/\/colibri-jewels.eu\/my-account\/\" class=\"fill-bottom has-fill etheme-text-button elementor-button\" role=\"button\">\n        <span class=\"elementor-button-content-wrapper\">\n            \n\t\t\t<span class=\"elementor-button-text\">Oma tili <\/span>\n\n            \n            \n        <\/span><\/a><\/div>\t\t\t\t<\/div>\n\t\t\t\t<\/div>\n\t\t\t\t\t<\/div>\n\t\t\t\t<\/div>\n\t\t\t\t<\/div>\n\t\t","protected":false},"excerpt":{"rendered":"<p>Ansaitse bonuksia Colibrin avulla Osta, kutsu yst\u00e4vi\u00e4 ja ansaitse pisteit\u00e4, joita voit k\u00e4ytt\u00e4\u00e4 myym\u00e4l\u00e4ss\u00e4mme. Miten se toimii? \ud83d\uded2 Tee tilauksia \u2013 ansaitse bonuspisteit\u00e4Mit\u00e4 enemm\u00e4n tilaat&#8230;<\/p>\n","protected":false},"author":1,"featured_media":0,"parent":0,"menu_order":0,"comment_status":"closed","ping_status":"closed","template":"","meta":{"footnotes":""},"class_list":["post-49651","page","type-page","status-publish","hentry"],"acf":[],"yoast_head":"<!-- This site is optimized with the Yoast SEO Premium plugin v26.5 (Yoast SEO v26.8) - https:\/\/yoast.com\/product\/yoast-seo-premium-wordpress\/ -->\n<title>Bonusj\u00e4rjestelm\u00e4 - Colibri jewels<\/title>\n<meta name=\"robots\" content=\"index, follow, max-snippet:-1, max-image-preview:large, max-video-preview:-1\" \/>\n<link rel=\"canonical\" href=\"https:\/\/colibri-jewels.eu\/fi\/bonusjarjestelma\/\" \/>\n<meta property=\"og:locale\" content=\"fi_FI\" \/>\n<meta property=\"og:type\" content=\"article\" \/>\n<meta property=\"og:title\" content=\"Bonusj\u00e4rjestelm\u00e4\" \/>\n<meta property=\"og:description\" content=\"Ansaitse bonuksia Colibrin avulla Osta, kutsu yst\u00e4vi\u00e4 ja ansaitse pisteit\u00e4, joita voit k\u00e4ytt\u00e4\u00e4 myym\u00e4l\u00e4ss\u00e4mme. Miten se toimii? \ud83d\uded2 Tee tilauksia \u2013 ansaitse bonuspisteit\u00e4Mit\u00e4 enemm\u00e4n tilaat...\" \/>\n<meta property=\"og:url\" content=\"https:\/\/colibri-jewels.eu\/fi\/bonusjarjestelma\/\" \/>\n<meta property=\"og:site_name\" content=\"Colibri jewels\" \/>\n<meta property=\"article:publisher\" content=\"https:\/\/www.facebook.com\/colibri.jewels\" \/>\n<meta property=\"article:modified_time\" content=\"2025-05-21T11:47:47+00:00\" \/>\n<meta name=\"twitter:card\" content=\"summary_large_image\" \/>\n<meta name=\"twitter:label1\" content=\"Arvioitu lukuaika\" \/>\n\t<meta name=\"twitter:data1\" content=\"1 minuutti\" \/>\n<script type=\"application\/ld+json\" class=\"yoast-schema-graph\">{\"@context\":\"https:\/\/schema.org\",\"@graph\":[{\"@type\":\"WebPage\",\"@id\":\"https:\/\/colibri-jewels.eu\/fi\/bonusjarjestelma\/\",\"url\":\"https:\/\/colibri-jewels.eu\/fi\/bonusjarjestelma\/\",\"name\":\"Bonusj\u00e4rjestelm\u00e4 - Colibri jewels\",\"isPartOf\":{\"@id\":\"https:\/\/colibri-jewels.eu\/fi\/#website\"},\"datePublished\":\"2025-05-04T16:05:12+00:00\",\"dateModified\":\"2025-05-21T11:47:47+00:00\",\"breadcrumb\":{\"@id\":\"https:\/\/colibri-jewels.eu\/fi\/bonusjarjestelma\/#breadcrumb\"},\"inLanguage\":\"fi\",\"potentialAction\":[{\"@type\":\"ReadAction\",\"target\":[\"https:\/\/colibri-jewels.eu\/fi\/bonusjarjestelma\/\"]}]},{\"@type\":\"BreadcrumbList\",\"@id\":\"https:\/\/colibri-jewels.eu\/fi\/bonusjarjestelma\/#breadcrumb\",\"itemListElement\":[{\"@type\":\"ListItem\",\"position\":1,\"name\":\"\u0413\u043b\u0430\u0432\u043d\u0430\u044f \u0441\u0442\u0440\u0430\u043d\u0438\u0446\u0430\",\"item\":\"https:\/\/colibri-jewels.eu\/fi\/\"},{\"@type\":\"ListItem\",\"position\":2,\"name\":\"Bonusj\u00e4rjestelm\u00e4\"}]},{\"@type\":\"WebSite\",\"@id\":\"https:\/\/colibri-jewels.eu\/fi\/#website\",\"url\":\"https:\/\/colibri-jewels.eu\/fi\/\",\"name\":\"Colibri jewels\",\"description\":\"jewelry shop\",\"publisher\":{\"@id\":\"https:\/\/colibri-jewels.eu\/fi\/#organization\"},\"potentialAction\":[{\"@type\":\"SearchAction\",\"target\":{\"@type\":\"EntryPoint\",\"urlTemplate\":\"https:\/\/colibri-jewels.eu\/fi\/?s={search_term_string}\"},\"query-input\":{\"@type\":\"PropertyValueSpecification\",\"valueRequired\":true,\"valueName\":\"search_term_string\"}}],\"inLanguage\":\"fi\"},{\"@type\":\"Organization\",\"@id\":\"https:\/\/colibri-jewels.eu\/fi\/#organization\",\"name\":\"O\u00dc Colibri\",\"url\":\"https:\/\/colibri-jewels.eu\/fi\/\",\"logo\":{\"@type\":\"ImageObject\",\"inLanguage\":\"fi\",\"@id\":\"https:\/\/colibri-jewels.eu\/fi\/#\/schema\/logo\/image\/\",\"url\":\"https:\/\/dev.colibri-jewels.eu\/wp-content\/uploads\/2021\/03\/colibri.png\",\"contentUrl\":\"https:\/\/dev.colibri-jewels.eu\/wp-content\/uploads\/2021\/03\/colibri.png\",\"width\":227,\"height\":130,\"caption\":\"O\u00dc Colibri\"},\"image\":{\"@id\":\"https:\/\/colibri-jewels.eu\/fi\/#\/schema\/logo\/image\/\"},\"sameAs\":[\"https:\/\/www.facebook.com\/colibri.jewels\",\"https:\/\/www.instagram.com\/colibri.jewels\",\"https:\/\/www.tiktok.com\/colibri.jewels\"]}]}<\/script>\n<!-- \/ Yoast SEO Premium plugin. -->","yoast_head_json":{"title":"Bonusj\u00e4rjestelm\u00e4 - Colibri jewels","robots":{"index":"index","follow":"follow","max-snippet":"max-snippet:-1","max-image-preview":"max-image-preview:large","max-video-preview":"max-video-preview:-1"},"canonical":"https:\/\/colibri-jewels.eu\/fi\/bonusjarjestelma\/","og_locale":"fi_FI","og_type":"article","og_title":"Bonusj\u00e4rjestelm\u00e4","og_description":"Ansaitse bonuksia Colibrin avulla Osta, kutsu yst\u00e4vi\u00e4 ja ansaitse pisteit\u00e4, joita voit k\u00e4ytt\u00e4\u00e4 myym\u00e4l\u00e4ss\u00e4mme. Miten se toimii? \ud83d\uded2 Tee tilauksia \u2013 ansaitse bonuspisteit\u00e4Mit\u00e4 enemm\u00e4n tilaat...","og_url":"https:\/\/colibri-jewels.eu\/fi\/bonusjarjestelma\/","og_site_name":"Colibri jewels","article_publisher":"https:\/\/www.facebook.com\/colibri.jewels","article_modified_time":"2025-05-21T11:47:47+00:00","twitter_card":"summary_large_image","twitter_misc":{"Arvioitu lukuaika":"1 minuutti"},"schema":{"@context":"https:\/\/schema.org","@graph":[{"@type":"WebPage","@id":"https:\/\/colibri-jewels.eu\/fi\/bonusjarjestelma\/","url":"https:\/\/colibri-jewels.eu\/fi\/bonusjarjestelma\/","name":"Bonusj\u00e4rjestelm\u00e4 - Colibri jewels","isPartOf":{"@id":"https:\/\/colibri-jewels.eu\/fi\/#website"},"datePublished":"2025-05-04T16:05:12+00:00","dateModified":"2025-05-21T11:47:47+00:00","breadcrumb":{"@id":"https:\/\/colibri-jewels.eu\/fi\/bonusjarjestelma\/#breadcrumb"},"inLanguage":"fi","potentialAction":[{"@type":"ReadAction","target":["https:\/\/colibri-jewels.eu\/fi\/bonusjarjestelma\/"]}]},{"@type":"BreadcrumbList","@id":"https:\/\/colibri-jewels.eu\/fi\/bonusjarjestelma\/#breadcrumb","itemListElement":[{"@type":"ListItem","position":1,"name":"\u0413\u043b\u0430\u0432\u043d\u0430\u044f \u0441\u0442\u0440\u0430\u043d\u0438\u0446\u0430","item":"https:\/\/colibri-jewels.eu\/fi\/"},{"@type":"ListItem","position":2,"name":"Bonusj\u00e4rjestelm\u00e4"}]},{"@type":"WebSite","@id":"https:\/\/colibri-jewels.eu\/fi\/#website","url":"https:\/\/colibri-jewels.eu\/fi\/","name":"Colibri jewels","description":"jewelry shop","publisher":{"@id":"https:\/\/colibri-jewels.eu\/fi\/#organization"},"potentialAction":[{"@type":"SearchAction","target":{"@type":"EntryPoint","urlTemplate":"https:\/\/colibri-jewels.eu\/fi\/?s={search_term_string}"},"query-input":{"@type":"PropertyValueSpecification","valueRequired":true,"valueName":"search_term_string"}}],"inLanguage":"fi"},{"@type":"Organization","@id":"https:\/\/colibri-jewels.eu\/fi\/#organization","name":"O\u00dc Colibri","url":"https:\/\/colibri-jewels.eu\/fi\/","logo":{"@type":"ImageObject","inLanguage":"fi","@id":"https:\/\/colibri-jewels.eu\/fi\/#\/schema\/logo\/image\/","url":"https:\/\/dev.colibri-jewels.eu\/wp-content\/uploads\/2021\/03\/colibri.png","contentUrl":"https:\/\/dev.colibri-jewels.eu\/wp-content\/uploads\/2021\/03\/colibri.png","width":227,"height":130,"caption":"O\u00dc Colibri"},"image":{"@id":"https:\/\/colibri-jewels.eu\/fi\/#\/schema\/logo\/image\/"},"sameAs":["https:\/\/www.facebook.com\/colibri.jewels","https:\/\/www.instagram.com\/colibri.jewels","https:\/\/www.tiktok.com\/colibri.jewels"]}]}},"_links":{"self":[{"href":"https:\/\/colibri-jewels.eu\/fi\/wp-json\/wp\/v2\/pages\/49651","targetHints":{"allow":["GET"]}}],"collection":[{"href":"https:\/\/colibri-jewels.eu\/fi\/wp-json\/wp\/v2\/pages"}],"about":[{"href":"https:\/\/colibri-jewels.eu\/fi\/wp-json\/wp\/v2\/types\/page"}],"author":[{"embeddable":true,"href":"https:\/\/colibri-jewels.eu\/fi\/wp-json\/wp\/v2\/users\/1"}],"replies":[{"embeddable":true,"href":"https:\/\/colibri-jewels.eu\/fi\/wp-json\/wp\/v2\/comments?post=49651"}],"version-history":[{"count":0,"href":"https:\/\/colibri-jewels.eu\/fi\/wp-json\/wp\/v2\/pages\/49651\/revisions"}],"wp:attachment":[{"href":"https:\/\/colibri-jewels.eu\/fi\/wp-json\/wp\/v2\/media?parent=49651"}],"curies":[{"name":"wp","href":"https:\/\/api.w.org\/{rel}","templated":true}]}}