{"id":49693,"date":"2022-04-19T12:05:53","date_gmt":"2022-04-19T09:05:53","guid":{"rendered":"https:\/\/colibri-jewels.eu\/?page_id=49693"},"modified":"2025-05-21T15:26:15","modified_gmt":"2025-05-21T12:26:15","slug":"seuraa-tilausta","status":"publish","type":"page","link":"https:\/\/colibri-jewels.eu\/fi\/seuraa-tilausta\/","title":{"rendered":"Seuraa tilausta"},"content":{"rendered":"\t\t<div data-elementor-type=\"wp-page\" data-elementor-id=\"49693\" class=\"elementor elementor-49693 elementor-41\" data-elementor-post-type=\"page\">\n\t\t\t\t\t\t<section class=\"elementor-section elementor-top-section elementor-element elementor-element-0f5163d elementor-section-stretched elementor-section-boxed elementor-section-height-default elementor-section-height-default\" data-id=\"0f5163d\" data-element_type=\"section\" data-settings=\"{&quot;stretch_section&quot;:&quot;section-stretched&quot;}\">\n\t\t\t\t\t\t<div class=\"elementor-container elementor-column-gap-custom\">\n\t\t\t\t\t<div class=\"elementor-column elementor-col-33 elementor-top-column elementor-element elementor-element-97102eb\" data-id=\"97102eb\" data-element_type=\"column\">\n\t\t\t<div class=\"elementor-widget-wrap elementor-element-populated\">\n\t\t\t\t\t\t<div class=\"elementor-element elementor-element-0a81aa6 elementor-widget elementor-widget-banner\" data-id=\"0a81aa6\" data-element_type=\"widget\" data-settings=\"{&quot;use_default_tags&quot;:&quot;no&quot;}\" data-widget_type=\"banner.default\">\n\t\t\t\t<div class=\"elementor-widget-container\">\n\t\t\t\t\t        <div id=\"banner-1885\" class=\"banner  banner-type-2 et_image-with-hover et_image-hover-2 with-diagonal text-left valign-middle font-style-dark\" >\n\n\t\t\t\n\t\t\t\t<img loading=\"lazy\" loading=\"lazy\" decoding=\"async\" width=\"449\" height=\"300\" src=\"https:\/\/colibri-jewels.eu\/wp-content\/uploads\/xstore\/xstore-placeholder.png\" data-src=\"https:\/\/colibri-jewels.eu\/wp-content\/uploads\/2025\/04\/23.jpg\" class=\" lazyload lazyload-simple et-lazyload-fadeIn\" alt=\"\" src=\"https:\/\/colibri-jewels.eu\/wp-content\/uploads\/xstore\/xstore-placeholder.png\" data-srcset=\"https:\/\/colibri-jewels.eu\/wp-content\/uploads\/2025\/04\/23.jpg 449w, https:\/\/colibri-jewels.eu\/wp-content\/uploads\/2025\/04\/23-300x200.jpg 300w, https:\/\/colibri-jewels.eu\/wp-content\/uploads\/2025\/04\/23-64x43.jpg 64w, https:\/\/colibri-jewels.eu\/wp-content\/uploads\/2025\/04\/23-1x1.jpg 1w, https:\/\/colibri-jewels.eu\/wp-content\/uploads\/2025\/04\/23-10x7.jpg 10w\" data-sizes=\"(max-width: 449px) 100vw, 449px\" \/>                <div class=\"banner-content \">\n\n\t\t\t\t\t<h2 class=\"banner-title \"><span>Tutustu uusimpiin koruihin<\/span><\/h2>                    <div class=\"content-inner\">\n\n\t\t\t\t\t\t\n                    <\/div>\n\t\t\t\t\t                    <div class=\"button-wrap\">\n\n\t\t\t\t\t\t\n\t\t\t\t\t\t\n                        <div onclick=\"window.open('https:\/\/colibri-jewels.eu\/shop-2\/','_blank')\" class=\"banner-button btn medium inline-block  cursor-pointer\">\n\t\t\t\t\t\tLis\u00e4tietoja                    <\/div>\n\n                <\/div>\n\t\t\t        <\/div>\n\n\t\t        <\/div>\n\n\t\t\t\t\t\t<\/div>\n\t\t\t\t<\/div>\n\t\t\t\t\t<\/div>\n\t\t<\/div>\n\t\t\t\t<div class=\"elementor-column elementor-col-33 elementor-top-column elementor-element elementor-element-07d2913\" data-id=\"07d2913\" data-element_type=\"column\">\n\t\t\t<div class=\"elementor-widget-wrap elementor-element-populated\">\n\t\t\t\t\t\t<div class=\"elementor-element elementor-element-54526ea elementor-widget elementor-widget-banner\" data-id=\"54526ea\" data-element_type=\"widget\" data-settings=\"{&quot;use_default_tags&quot;:&quot;no&quot;}\" data-widget_type=\"banner.default\">\n\t\t\t\t<div class=\"elementor-widget-container\">\n\t\t\t\t\t        <div id=\"banner-3944\" class=\"banner  banner-type-2 et_image-with-hover et_image-hover-2 with-diagonal text-left valign-middle font-style-dark\" >\n\n\t\t\t\n\t\t\t\t<img loading=\"lazy\" loading=\"lazy\" decoding=\"async\" width=\"450\" height=\"420\" src=\"https:\/\/colibri-jewels.eu\/wp-content\/uploads\/xstore\/xstore-placeholder.png\" data-src=\"https:\/\/colibri-jewels.eu\/wp-content\/uploads\/2025\/04\/22-1.jpg\" class=\" lazyload lazyload-simple et-lazyload-fadeIn\" alt=\"\" src=\"https:\/\/colibri-jewels.eu\/wp-content\/uploads\/xstore\/xstore-placeholder.png\" data-srcset=\"https:\/\/colibri-jewels.eu\/wp-content\/uploads\/2025\/04\/22-1.jpg 450w, https:\/\/colibri-jewels.eu\/wp-content\/uploads\/2025\/04\/22-1-300x280.jpg 300w, https:\/\/colibri-jewels.eu\/wp-content\/uploads\/2025\/04\/22-1-64x60.jpg 64w, https:\/\/colibri-jewels.eu\/wp-content\/uploads\/2025\/04\/22-1-1x1.jpg 1w, https:\/\/colibri-jewels.eu\/wp-content\/uploads\/2025\/04\/22-1-10x10.jpg 10w\" data-sizes=\"(max-width: 450px) 100vw, 450px\" \/>                <div class=\"banner-content \">\n\n\t\t\t\t\t<h2 class=\"banner-title \"><span>Jaa erityiset hetkesi<\/span><\/h2>                    <div class=\"content-inner\">\n\n\t\t\t\t\t\t\n                    <\/div>\n\t\t\t\t\t                    <div class=\"button-wrap\">\n\n\t\t\t\t\t\t\n\t\t\t\t\t\t\n                        <div onclick=\"window.open('https:\/\/colibri-jewels.eu\/product-tag\/wedding-rings\/','_blank')\" class=\"banner-button btn medium inline-block  cursor-pointer\">\n\t\t\t\t\t\tValitse omasi                    <\/div>\n\n                <\/div>\n\t\t\t        <\/div>\n\n\t\t        <\/div>\n\n\t\t\t\t\t\t<\/div>\n\t\t\t\t<\/div>\n\t\t\t\t\t<\/div>\n\t\t<\/div>\n\t\t\t\t<div class=\"elementor-column elementor-col-33 elementor-top-column elementor-element elementor-element-e3a166e\" data-id=\"e3a166e\" data-element_type=\"column\">\n\t\t\t<div class=\"elementor-widget-wrap elementor-element-populated\">\n\t\t\t\t\t\t<div class=\"elementor-element elementor-element-49791b6 elementor-widget elementor-widget-banner\" data-id=\"49791b6\" data-element_type=\"widget\" data-settings=\"{&quot;use_default_tags&quot;:&quot;no&quot;}\" data-widget_type=\"banner.default\">\n\t\t\t\t<div class=\"elementor-widget-container\">\n\t\t\t\t\t        <div id=\"banner-1617\" class=\"banner  banner-type-2 et_image-with-hover et_image-hover-2 with-diagonal text-left valign-middle font-style-dark\" >\n\n\t\t\t\n\t\t\t\t<img loading=\"lazy\" loading=\"lazy\" decoding=\"async\" width=\"449\" height=\"300\" src=\"https:\/\/colibri-jewels.eu\/wp-content\/uploads\/xstore\/xstore-placeholder.png\" data-src=\"https:\/\/colibri-jewels.eu\/wp-content\/uploads\/2025\/04\/24.jpg\" class=\" lazyload lazyload-simple et-lazyload-fadeIn\" alt=\"\" src=\"https:\/\/colibri-jewels.eu\/wp-content\/uploads\/xstore\/xstore-placeholder.png\" data-srcset=\"https:\/\/colibri-jewels.eu\/wp-content\/uploads\/2025\/04\/24.jpg 449w, https:\/\/colibri-jewels.eu\/wp-content\/uploads\/2025\/04\/24-300x200.jpg 300w, https:\/\/colibri-jewels.eu\/wp-content\/uploads\/2025\/04\/24-64x43.jpg 64w, https:\/\/colibri-jewels.eu\/wp-content\/uploads\/2025\/04\/24-1x1.jpg 1w, https:\/\/colibri-jewels.eu\/wp-content\/uploads\/2025\/04\/24-10x7.jpg 10w\" data-sizes=\"(max-width: 449px) 100vw, 449px\" \/>                <div class=\"banner-content \">\n\n\t\t\t\t\t<h2 class=\"banner-title \"><span>Tyylikk\u00e4\u00e4t korut<\/span><\/h2>                    <div class=\"content-inner\">\n\n\t\t\t\t\t\t\n                    <\/div>\n\t\t\t\t\t                    <div class=\"button-wrap\">\n\n\t\t\t\t\t\t\n\t\t\t\t\t\t\n                        <div onclick=\"window.open('https:\/\/colibri-jewels.eu\/shop-2\/','_blank')\" class=\"banner-button btn medium inline-block  cursor-pointer\">\n\t\t\t\t\t\tSiirry kauppaan                    <\/div>\n\n                <\/div>\n\t\t\t        <\/div>\n\n\t\t        <\/div>\n\n\t\t\t\t\t\t<\/div>\n\t\t\t\t<\/div>\n\t\t\t\t\t<\/div>\n\t\t<\/div>\n\t\t\t\t\t<\/div>\n\t\t<\/section>\n\t\t\t\t<section class=\"elementor-section elementor-top-section elementor-element elementor-element-ac4936a elementor-section-stretched elementor-section-boxed elementor-section-height-default elementor-section-height-default\" data-id=\"ac4936a\" data-element_type=\"section\" data-settings=\"{&quot;stretch_section&quot;:&quot;section-stretched&quot;}\">\n\t\t\t\t\t\t<div class=\"elementor-container elementor-column-gap-custom\">\n\t\t\t\t\t<div class=\"elementor-column elementor-col-33 elementor-top-column elementor-element elementor-element-e71de28\" data-id=\"e71de28\" data-element_type=\"column\">\n\t\t\t<div class=\"elementor-widget-wrap\">\n\t\t\t\t\t\t\t<\/div>\n\t\t<\/div>\n\t\t\t\t<div class=\"elementor-column elementor-col-33 elementor-top-column elementor-element elementor-element-2384cd9\" data-id=\"2384cd9\" data-element_type=\"column\">\n\t\t\t<div class=\"elementor-widget-wrap elementor-element-populated\">\n\t\t\t\t\t\t<div class=\"elementor-element elementor-element-fae446c elementor-widget elementor-widget-heading\" data-id=\"fae446c\" data-element_type=\"widget\" data-widget_type=\"heading.default\">\n\t\t\t\t<div class=\"elementor-widget-container\">\n\t\t\t\t\t<h2 class=\"elementor-heading-title elementor-size-default\">Ole aina ajan tasalla tilauksesi suhteen<\/h2>\t\t\t\t<\/div>\n\t\t\t\t<\/div>\n\t\t\t\t<div class=\"elementor-element elementor-element-68fdfbc text-center elementor-widget elementor-widget-shortcode\" data-id=\"68fdfbc\" data-element_type=\"widget\" data-widget_type=\"shortcode.default\">\n\t\t\t\t<div class=\"elementor-widget-container\">\n\t\t\t\t\t\t\t<div class=\"elementor-shortcode\"><div class=\"woocommerce\"><\/div><\/div>\n\t\t\t\t\t\t<\/div>\n\t\t\t\t<\/div>\n\t\t\t\t\t<\/div>\n\t\t<\/div>\n\t\t\t\t<div class=\"elementor-column elementor-col-33 elementor-top-column elementor-element elementor-element-43e191e\" data-id=\"43e191e\" data-element_type=\"column\">\n\t\t\t<div class=\"elementor-widget-wrap\">\n\t\t\t\t\t\t\t<\/div>\n\t\t<\/div>\n\t\t\t\t\t<\/div>\n\t\t<\/section>\n\t\t\t\t<\/div>\n\t\t","protected":false},"excerpt":{"rendered":"<p>Tutustu uusimpiin koruihin Lis\u00e4tietoja Jaa erityiset hetkesi Valitse omasi Tyylikk\u00e4\u00e4t korut Siirry kauppaan Ole aina ajan tasalla tilauksesi suhteen<\/p>\n","protected":false},"author":1,"featured_media":0,"parent":0,"menu_order":0,"comment_status":"closed","ping_status":"closed","template":"","meta":{"footnotes":""},"class_list":["post-49693","page","type-page","status-publish","hentry"],"acf":[],"yoast_head":"<!-- This site is optimized with the Yoast SEO Premium plugin v26.5 (Yoast SEO v26.8) - https:\/\/yoast.com\/product\/yoast-seo-premium-wordpress\/ -->\n<title>Seuraa tilausta - Colibri jewels<\/title>\n<meta name=\"robots\" content=\"index, follow, max-snippet:-1, max-image-preview:large, max-video-preview:-1\" \/>\n<link rel=\"canonical\" href=\"https:\/\/colibri-jewels.eu\/fi\/seuraa-tilausta\/\" \/>\n<meta property=\"og:locale\" content=\"fi_FI\" \/>\n<meta property=\"og:type\" content=\"article\" \/>\n<meta property=\"og:title\" content=\"Seuraa tilausta\" \/>\n<meta property=\"og:description\" content=\"Tutustu uusimpiin koruihin Lis\u00e4tietoja Jaa erityiset hetkesi Valitse omasi Tyylikk\u00e4\u00e4t korut Siirry kauppaan Ole aina ajan tasalla tilauksesi suhteen\" \/>\n<meta property=\"og:url\" content=\"https:\/\/colibri-jewels.eu\/fi\/seuraa-tilausta\/\" \/>\n<meta property=\"og:site_name\" content=\"Colibri jewels\" \/>\n<meta property=\"article:publisher\" content=\"https:\/\/www.facebook.com\/colibri.jewels\" \/>\n<meta property=\"article:modified_time\" content=\"2025-05-21T12:26:15+00:00\" \/>\n<meta property=\"og:image\" content=\"https:\/\/colibri-jewels.eu\/wp-content\/uploads\/2025\/04\/23.jpg\" \/>\n<meta name=\"twitter:card\" content=\"summary_large_image\" \/>\n<script type=\"application\/ld+json\" class=\"yoast-schema-graph\">{\"@context\":\"https:\/\/schema.org\",\"@graph\":[{\"@type\":\"WebPage\",\"@id\":\"https:\/\/colibri-jewels.eu\/fi\/seuraa-tilausta\/\",\"url\":\"https:\/\/colibri-jewels.eu\/fi\/seuraa-tilausta\/\",\"name\":\"Seuraa tilausta - Colibri jewels\",\"isPartOf\":{\"@id\":\"https:\/\/colibri-jewels.eu\/fi\/#website\"},\"primaryImageOfPage\":{\"@id\":\"https:\/\/colibri-jewels.eu\/fi\/seuraa-tilausta\/#primaryimage\"},\"image\":{\"@id\":\"https:\/\/colibri-jewels.eu\/fi\/seuraa-tilausta\/#primaryimage\"},\"thumbnailUrl\":\"https:\/\/colibri-jewels.eu\/wp-content\/uploads\/2025\/04\/23.jpg\",\"datePublished\":\"2022-04-19T09:05:53+00:00\",\"dateModified\":\"2025-05-21T12:26:15+00:00\",\"breadcrumb\":{\"@id\":\"https:\/\/colibri-jewels.eu\/fi\/seuraa-tilausta\/#breadcrumb\"},\"inLanguage\":\"fi\",\"potentialAction\":[{\"@type\":\"ReadAction\",\"target\":[\"https:\/\/colibri-jewels.eu\/fi\/seuraa-tilausta\/\"]}]},{\"@type\":\"ImageObject\",\"inLanguage\":\"fi\",\"@id\":\"https:\/\/colibri-jewels.eu\/fi\/seuraa-tilausta\/#primaryimage\",\"url\":\"https:\/\/colibri-jewels.eu\/wp-content\/uploads\/2025\/04\/23.jpg\",\"contentUrl\":\"https:\/\/colibri-jewels.eu\/wp-content\/uploads\/2025\/04\/23.jpg\"},{\"@type\":\"BreadcrumbList\",\"@id\":\"https:\/\/colibri-jewels.eu\/fi\/seuraa-tilausta\/#breadcrumb\",\"itemListElement\":[{\"@type\":\"ListItem\",\"position\":1,\"name\":\"\u0413\u043b\u0430\u0432\u043d\u0430\u044f \u0441\u0442\u0440\u0430\u043d\u0438\u0446\u0430\",\"item\":\"https:\/\/colibri-jewels.eu\/fi\/\"},{\"@type\":\"ListItem\",\"position\":2,\"name\":\"Seuraa tilausta\"}]},{\"@type\":\"WebSite\",\"@id\":\"https:\/\/colibri-jewels.eu\/fi\/#website\",\"url\":\"https:\/\/colibri-jewels.eu\/fi\/\",\"name\":\"Colibri jewels\",\"description\":\"jewelry shop\",\"publisher\":{\"@id\":\"https:\/\/colibri-jewels.eu\/fi\/#organization\"},\"potentialAction\":[{\"@type\":\"SearchAction\",\"target\":{\"@type\":\"EntryPoint\",\"urlTemplate\":\"https:\/\/colibri-jewels.eu\/fi\/?s={search_term_string}\"},\"query-input\":{\"@type\":\"PropertyValueSpecification\",\"valueRequired\":true,\"valueName\":\"search_term_string\"}}],\"inLanguage\":\"fi\"},{\"@type\":\"Organization\",\"@id\":\"https:\/\/colibri-jewels.eu\/fi\/#organization\",\"name\":\"O\u00dc Colibri\",\"url\":\"https:\/\/colibri-jewels.eu\/fi\/\",\"logo\":{\"@type\":\"ImageObject\",\"inLanguage\":\"fi\",\"@id\":\"https:\/\/colibri-jewels.eu\/fi\/#\/schema\/logo\/image\/\",\"url\":\"https:\/\/dev.colibri-jewels.eu\/wp-content\/uploads\/2021\/03\/colibri.png\",\"contentUrl\":\"https:\/\/dev.colibri-jewels.eu\/wp-content\/uploads\/2021\/03\/colibri.png\",\"width\":227,\"height\":130,\"caption\":\"O\u00dc Colibri\"},\"image\":{\"@id\":\"https:\/\/colibri-jewels.eu\/fi\/#\/schema\/logo\/image\/\"},\"sameAs\":[\"https:\/\/www.facebook.com\/colibri.jewels\",\"https:\/\/www.instagram.com\/colibri.jewels\",\"https:\/\/www.tiktok.com\/colibri.jewels\"]}]}<\/script>\n<!-- \/ Yoast SEO Premium plugin. -->","yoast_head_json":{"title":"Seuraa tilausta - Colibri jewels","robots":{"index":"index","follow":"follow","max-snippet":"max-snippet:-1","max-image-preview":"max-image-preview:large","max-video-preview":"max-video-preview:-1"},"canonical":"https:\/\/colibri-jewels.eu\/fi\/seuraa-tilausta\/","og_locale":"fi_FI","og_type":"article","og_title":"Seuraa tilausta","og_description":"Tutustu uusimpiin koruihin Lis\u00e4tietoja Jaa erityiset hetkesi Valitse omasi Tyylikk\u00e4\u00e4t korut Siirry kauppaan Ole aina ajan tasalla tilauksesi suhteen","og_url":"https:\/\/colibri-jewels.eu\/fi\/seuraa-tilausta\/","og_site_name":"Colibri jewels","article_publisher":"https:\/\/www.facebook.com\/colibri.jewels","article_modified_time":"2025-05-21T12:26:15+00:00","og_image":[{"url":"https:\/\/colibri-jewels.eu\/wp-content\/uploads\/2025\/04\/23.jpg","type":"","width":"","height":""}],"twitter_card":"summary_large_image","schema":{"@context":"https:\/\/schema.org","@graph":[{"@type":"WebPage","@id":"https:\/\/colibri-jewels.eu\/fi\/seuraa-tilausta\/","url":"https:\/\/colibri-jewels.eu\/fi\/seuraa-tilausta\/","name":"Seuraa tilausta - Colibri jewels","isPartOf":{"@id":"https:\/\/colibri-jewels.eu\/fi\/#website"},"primaryImageOfPage":{"@id":"https:\/\/colibri-jewels.eu\/fi\/seuraa-tilausta\/#primaryimage"},"image":{"@id":"https:\/\/colibri-jewels.eu\/fi\/seuraa-tilausta\/#primaryimage"},"thumbnailUrl":"https:\/\/colibri-jewels.eu\/wp-content\/uploads\/2025\/04\/23.jpg","datePublished":"2022-04-19T09:05:53+00:00","dateModified":"2025-05-21T12:26:15+00:00","breadcrumb":{"@id":"https:\/\/colibri-jewels.eu\/fi\/seuraa-tilausta\/#breadcrumb"},"inLanguage":"fi","potentialAction":[{"@type":"ReadAction","target":["https:\/\/colibri-jewels.eu\/fi\/seuraa-tilausta\/"]}]},{"@type":"ImageObject","inLanguage":"fi","@id":"https:\/\/colibri-jewels.eu\/fi\/seuraa-tilausta\/#primaryimage","url":"https:\/\/colibri-jewels.eu\/wp-content\/uploads\/2025\/04\/23.jpg","contentUrl":"https:\/\/colibri-jewels.eu\/wp-content\/uploads\/2025\/04\/23.jpg"},{"@type":"BreadcrumbList","@id":"https:\/\/colibri-jewels.eu\/fi\/seuraa-tilausta\/#breadcrumb","itemListElement":[{"@type":"ListItem","position":1,"name":"\u0413\u043b\u0430\u0432\u043d\u0430\u044f \u0441\u0442\u0440\u0430\u043d\u0438\u0446\u0430","item":"https:\/\/colibri-jewels.eu\/fi\/"},{"@type":"ListItem","position":2,"name":"Seuraa tilausta"}]},{"@type":"WebSite","@id":"https:\/\/colibri-jewels.eu\/fi\/#website","url":"https:\/\/colibri-jewels.eu\/fi\/","name":"Colibri jewels","description":"jewelry shop","publisher":{"@id":"https:\/\/colibri-jewels.eu\/fi\/#organization"},"potentialAction":[{"@type":"SearchAction","target":{"@type":"EntryPoint","urlTemplate":"https:\/\/colibri-jewels.eu\/fi\/?s={search_term_string}"},"query-input":{"@type":"PropertyValueSpecification","valueRequired":true,"valueName":"search_term_string"}}],"inLanguage":"fi"},{"@type":"Organization","@id":"https:\/\/colibri-jewels.eu\/fi\/#organization","name":"O\u00dc Colibri","url":"https:\/\/colibri-jewels.eu\/fi\/","logo":{"@type":"ImageObject","inLanguage":"fi","@id":"https:\/\/colibri-jewels.eu\/fi\/#\/schema\/logo\/image\/","url":"https:\/\/dev.colibri-jewels.eu\/wp-content\/uploads\/2021\/03\/colibri.png","contentUrl":"https:\/\/dev.colibri-jewels.eu\/wp-content\/uploads\/2021\/03\/colibri.png","width":227,"height":130,"caption":"O\u00dc Colibri"},"image":{"@id":"https:\/\/colibri-jewels.eu\/fi\/#\/schema\/logo\/image\/"},"sameAs":["https:\/\/www.facebook.com\/colibri.jewels","https:\/\/www.instagram.com\/colibri.jewels","https:\/\/www.tiktok.com\/colibri.jewels"]}]}},"_links":{"self":[{"href":"https:\/\/colibri-jewels.eu\/fi\/wp-json\/wp\/v2\/pages\/49693","targetHints":{"allow":["GET"]}}],"collection":[{"href":"https:\/\/colibri-jewels.eu\/fi\/wp-json\/wp\/v2\/pages"}],"about":[{"href":"https:\/\/colibri-jewels.eu\/fi\/wp-json\/wp\/v2\/types\/page"}],"author":[{"embeddable":true,"href":"https:\/\/colibri-jewels.eu\/fi\/wp-json\/wp\/v2\/users\/1"}],"replies":[{"embeddable":true,"href":"https:\/\/colibri-jewels.eu\/fi\/wp-json\/wp\/v2\/comments?post=49693"}],"version-history":[{"count":0,"href":"https:\/\/colibri-jewels.eu\/fi\/wp-json\/wp\/v2\/pages\/49693\/revisions"}],"wp:attachment":[{"href":"https:\/\/colibri-jewels.eu\/fi\/wp-json\/wp\/v2\/media?parent=49693"}],"curies":[{"name":"wp","href":"https:\/\/api.w.org\/{rel}","templated":true}]}}