{"id":49790,"date":"2025-05-05T18:48:59","date_gmt":"2025-05-05T15:48:59","guid":{"rendered":"https:\/\/colibri-jewels.eu\/?post_type=product&#038;p=49790"},"modified":"2025-05-21T23:12:05","modified_gmt":"2025-05-21T20:12:05","slug":"uskollinen-ratsu-riipus-hopeaa-ja-kullattua-zirkoneilla","status":"publish","type":"product","link":"https:\/\/colibri-jewels.eu\/fi\/tuote\/uskollinen-ratsu-riipus-hopeaa-ja-kullattua-zirkoneilla\/","title":{"rendered":"&#8221;Uskollinen Ratsu&#8221; -riipus \u2013 hopeaa ja kullattua, zirkoneilla"},"content":{"rendered":"<p>T\u00e4m\u00e4 hienostunut &#8221;Uskollinen Ratsu&#8221; -riipus ilment\u00e4\u00e4 hevosen sulokkuutta, voimaa ja uskollisuutta \u2013 jaloa el\u00e4int\u00e4, jota on kunnioitettu monissa kulttuureissa muinaisista ajoista l\u00e4htien. Kiilt\u00e4v\u00e4st\u00e4 hopeasta l\u00e4mpimill\u00e4 kultauksilla luotu riipus esitt\u00e4\u00e4 hevosen p\u00e4\u00e4n hienostunutta siluettia elegantin ympyr\u00e4n sis\u00e4ll\u00e4.<\/p>\n<p>Osa ympyr\u00e4st\u00e4 on koristeltu s\u00e4ihkyvill\u00e4 zirkoneilla, jotka tuovat riipukseen kirkkautta ja hienostuneisuutta. Viile\u00e4n hopean, l\u00e4mpim\u00e4n kullan ja s\u00e4teilevien kivien kontrasti luo ainutlaatuisen tyylin.<\/p>\n<p>Muinaisista ajoista l\u00e4htien hevonen on symboloinut vapautta, nopeutta, kest\u00e4vyytt\u00e4 ja uskollisuutta. Monissa kulttuureissa sit\u00e4 pidet\u00e4\u00e4n my\u00f6s toteemiel\u00e4imen\u00e4, joka edustaa sis\u00e4ist\u00e4 voimaa, jaloutta ja yhteytt\u00e4 alkukantaisiin vaistoihin. T\u00e4m\u00e4 riipus ei ole pelk\u00e4st\u00e4\u00e4n tyylik\u00e4s koru, vaan my\u00f6s onnenamuletti, joka muistuttaa sinua sis\u00e4isest\u00e4 voimastasi, sitoutumisesta ihanteisiisi ja vapauden tavoittelusta.<\/p>\n<p><b>Hy\u00f6dyt:<\/b><\/p>\n<ul>\n<li>Valmistettu korkealaatuisesta hopeasta, mik\u00e4 takaa kest\u00e4vyyden ja jalon kiillon.<\/li>\n<li>Kullatut yksityiskohdat tuovat muotoiluun l\u00e4mp\u00f6\u00e4 ja hienostuneisuutta.<\/li>\n<li>S\u00e4ihkyv\u00e4t zirkonit kiinnitt\u00e4v\u00e4t huomiota ja korostavat riipuksen eleganssia.<\/li>\n<li>Hevosen symboliikka edustaa uskollisuutta, vapautta ja sis\u00e4ist\u00e4 voimaa.<\/li>\n<li>Monipuolinen muotoilu sopii sek\u00e4 arkik\u00e4ytt\u00f6\u00f6n ett\u00e4 erityisiin tilaisuuksiin.<\/li>\n<li>On loistava lahja hevosihmisille ja niille, jotka arvostavat symbolisia koruja.<\/li>\n<\/ul>\n<p><b>Hoito-ohjeet:<\/b><\/p>\n<p>S\u00e4ilytt\u00e4\u00e4ksesi sen kiillon, pyyhi riipusta s\u00e4\u00e4nn\u00f6llisesti pehme\u00e4ll\u00e4 liinalla. V\u00e4lt\u00e4 kosketusta voimakkaiden kemikaalien kanssa.<\/p>\n","protected":false},"excerpt":{"rendered":"<p><b>Ominaisuudet:<\/b><\/p>\n<ul>\n<li><b>Materiaali:<\/b> Hopea<\/li>\n<li><b>Pinnoitus:<\/b> Kullattu (osittain)<\/li>\n<li><b>Kivet:<\/b> Zirkonia<\/li>\n<li><b>Tyyli<\/b>: Elegantti, Symbolinen<\/li>\n<li><b>Muotoilu:<\/b> Hevosen siluetti ympyr\u00e4n sis\u00e4ll\u00e4<\/li>\n<\/ul>\n","protected":false},"featured_media":49791,"comment_status":"open","ping_status":"closed","template":"","meta":[],"etheme_brands":[],"product_brand":[],"product_cat":[989],"product_tag":[992],"class_list":{"0":"post-49790","1":"product","2":"type-product","3":"status-publish","4":"has-post-thumbnail","6":"product_cat-kaulakorut-ja-riipukset","7":"product_tag-elainaiheiset","9":"first","10":"instock","11":"shipping-taxable","12":"purchasable","13":"product-type-simple"},"acf":[],"yoast_head":"<!-- This site is optimized with the Yoast SEO Premium plugin v26.5 (Yoast SEO v26.8) - https:\/\/yoast.com\/product\/yoast-seo-premium-wordpress\/ -->\n<title>&quot;Uskollinen Ratsu&quot; -riipus \u2013 hopeaa ja kullattua, zirkoneilla - Colibri jewels<\/title>\n<meta name=\"robots\" content=\"index, follow, max-snippet:-1, max-image-preview:large, max-video-preview:-1\" \/>\n<link rel=\"canonical\" href=\"https:\/\/colibri-jewels.eu\/fi\/tuote\/uskollinen-ratsu-riipus-hopeaa-ja-kullattua-zirkoneilla\/\" \/>\n<meta property=\"og:locale\" content=\"fi_FI\" \/>\n<meta property=\"og:type\" content=\"article\" \/>\n<meta property=\"og:title\" content=\"&quot;Uskollinen Ratsu&quot; -riipus \u2013 hopeaa ja kullattua, zirkoneilla\" \/>\n<meta property=\"og:description\" content=\"Ominaisuudet:   Materiaali: Hopea  Pinnoitus: Kullattu (osittain)  Kivet: Zirkonia  Tyyli: Elegantti, Symbolinen  Muotoilu: Hevosen siluetti ympyr\u00e4n sis\u00e4ll\u00e4\" \/>\n<meta property=\"og:url\" content=\"https:\/\/colibri-jewels.eu\/fi\/tuote\/uskollinen-ratsu-riipus-hopeaa-ja-kullattua-zirkoneilla\/\" \/>\n<meta property=\"og:site_name\" content=\"Colibri jewels\" \/>\n<meta property=\"article:publisher\" content=\"https:\/\/www.facebook.com\/colibri.jewels\" \/>\n<meta property=\"article:modified_time\" content=\"2025-05-21T20:12:05+00:00\" \/>\n<meta property=\"og:image\" content=\"https:\/\/colibri-jewels.eu\/wp-content\/uploads\/2025\/05\/silver-pendant-Horse.jpg\" \/>\n\t<meta property=\"og:image:width\" content=\"1000\" \/>\n\t<meta property=\"og:image:height\" content=\"1000\" \/>\n\t<meta property=\"og:image:type\" content=\"image\/jpeg\" \/>\n<meta name=\"twitter:card\" content=\"summary_large_image\" \/>\n<meta name=\"twitter:label1\" content=\"Arvioitu lukuaika\" \/>\n\t<meta name=\"twitter:data1\" content=\"1 minuutti\" \/>\n<script type=\"application\/ld+json\" class=\"yoast-schema-graph\">{\"@context\":\"https:\/\/schema.org\",\"@graph\":[{\"@type\":\"WebPage\",\"@id\":\"https:\/\/colibri-jewels.eu\/fi\/tuote\/uskollinen-ratsu-riipus-hopeaa-ja-kullattua-zirkoneilla\/\",\"url\":\"https:\/\/colibri-jewels.eu\/fi\/tuote\/uskollinen-ratsu-riipus-hopeaa-ja-kullattua-zirkoneilla\/\",\"name\":\"\\\"Uskollinen Ratsu\\\" -riipus \u2013 hopeaa ja kullattua, zirkoneilla - Colibri jewels\",\"isPartOf\":{\"@id\":\"https:\/\/colibri-jewels.eu\/fi\/#website\"},\"primaryImageOfPage\":{\"@id\":\"https:\/\/colibri-jewels.eu\/fi\/tuote\/uskollinen-ratsu-riipus-hopeaa-ja-kullattua-zirkoneilla\/#primaryimage\"},\"image\":{\"@id\":\"https:\/\/colibri-jewels.eu\/fi\/tuote\/uskollinen-ratsu-riipus-hopeaa-ja-kullattua-zirkoneilla\/#primaryimage\"},\"thumbnailUrl\":\"https:\/\/colibri-jewels.eu\/wp-content\/uploads\/2025\/05\/silver-pendant-Horse.jpg\",\"datePublished\":\"2025-05-05T15:48:59+00:00\",\"dateModified\":\"2025-05-21T20:12:05+00:00\",\"breadcrumb\":{\"@id\":\"https:\/\/colibri-jewels.eu\/fi\/tuote\/uskollinen-ratsu-riipus-hopeaa-ja-kullattua-zirkoneilla\/#breadcrumb\"},\"inLanguage\":\"fi\",\"potentialAction\":[{\"@type\":\"ReadAction\",\"target\":[\"https:\/\/colibri-jewels.eu\/fi\/tuote\/uskollinen-ratsu-riipus-hopeaa-ja-kullattua-zirkoneilla\/\"]}]},{\"@type\":\"ImageObject\",\"inLanguage\":\"fi\",\"@id\":\"https:\/\/colibri-jewels.eu\/fi\/tuote\/uskollinen-ratsu-riipus-hopeaa-ja-kullattua-zirkoneilla\/#primaryimage\",\"url\":\"https:\/\/colibri-jewels.eu\/wp-content\/uploads\/2025\/05\/silver-pendant-Horse.jpg\",\"contentUrl\":\"https:\/\/colibri-jewels.eu\/wp-content\/uploads\/2025\/05\/silver-pendant-Horse.jpg\",\"width\":1000,\"height\":1000},{\"@type\":\"BreadcrumbList\",\"@id\":\"https:\/\/colibri-jewels.eu\/fi\/tuote\/uskollinen-ratsu-riipus-hopeaa-ja-kullattua-zirkoneilla\/#breadcrumb\",\"itemListElement\":[{\"@type\":\"ListItem\",\"position\":1,\"name\":\"\u0413\u043b\u0430\u0432\u043d\u0430\u044f \u0441\u0442\u0440\u0430\u043d\u0438\u0446\u0430\",\"item\":\"https:\/\/colibri-jewels.eu\/fi\/\"},{\"@type\":\"ListItem\",\"position\":2,\"name\":\"Kauppa\",\"item\":\"https:\/\/colibri-jewels.eu\/fi\/kauppa\/\"},{\"@type\":\"ListItem\",\"position\":3,\"name\":\"&#8220;Uskollinen Ratsu&#8221; -riipus \u2013 hopeaa ja kullattua, zirkoneilla\"}]},{\"@type\":\"WebSite\",\"@id\":\"https:\/\/colibri-jewels.eu\/fi\/#website\",\"url\":\"https:\/\/colibri-jewels.eu\/fi\/\",\"name\":\"Colibri jewels\",\"description\":\"jewelry shop\",\"publisher\":{\"@id\":\"https:\/\/colibri-jewels.eu\/fi\/#organization\"},\"potentialAction\":[{\"@type\":\"SearchAction\",\"target\":{\"@type\":\"EntryPoint\",\"urlTemplate\":\"https:\/\/colibri-jewels.eu\/fi\/?s={search_term_string}\"},\"query-input\":{\"@type\":\"PropertyValueSpecification\",\"valueRequired\":true,\"valueName\":\"search_term_string\"}}],\"inLanguage\":\"fi\"},{\"@type\":\"Organization\",\"@id\":\"https:\/\/colibri-jewels.eu\/fi\/#organization\",\"name\":\"O\u00dc Colibri\",\"url\":\"https:\/\/colibri-jewels.eu\/fi\/\",\"logo\":{\"@type\":\"ImageObject\",\"inLanguage\":\"fi\",\"@id\":\"https:\/\/colibri-jewels.eu\/fi\/#\/schema\/logo\/image\/\",\"url\":\"https:\/\/dev.colibri-jewels.eu\/wp-content\/uploads\/2021\/03\/colibri.png\",\"contentUrl\":\"https:\/\/dev.colibri-jewels.eu\/wp-content\/uploads\/2021\/03\/colibri.png\",\"width\":227,\"height\":130,\"caption\":\"O\u00dc Colibri\"},\"image\":{\"@id\":\"https:\/\/colibri-jewels.eu\/fi\/#\/schema\/logo\/image\/\"},\"sameAs\":[\"https:\/\/www.facebook.com\/colibri.jewels\",\"https:\/\/www.instagram.com\/colibri.jewels\",\"https:\/\/www.tiktok.com\/colibri.jewels\"]}]}<\/script>\n<!-- \/ Yoast SEO Premium plugin. -->","yoast_head_json":{"title":"\"Uskollinen Ratsu\" -riipus \u2013 hopeaa ja kullattua, zirkoneilla - Colibri jewels","robots":{"index":"index","follow":"follow","max-snippet":"max-snippet:-1","max-image-preview":"max-image-preview:large","max-video-preview":"max-video-preview:-1"},"canonical":"https:\/\/colibri-jewels.eu\/fi\/tuote\/uskollinen-ratsu-riipus-hopeaa-ja-kullattua-zirkoneilla\/","og_locale":"fi_FI","og_type":"article","og_title":"\"Uskollinen Ratsu\" -riipus \u2013 hopeaa ja kullattua, zirkoneilla","og_description":"Ominaisuudet:   Materiaali: Hopea  Pinnoitus: Kullattu (osittain)  Kivet: Zirkonia  Tyyli: Elegantti, Symbolinen  Muotoilu: Hevosen siluetti ympyr\u00e4n sis\u00e4ll\u00e4","og_url":"https:\/\/colibri-jewels.eu\/fi\/tuote\/uskollinen-ratsu-riipus-hopeaa-ja-kullattua-zirkoneilla\/","og_site_name":"Colibri jewels","article_publisher":"https:\/\/www.facebook.com\/colibri.jewels","article_modified_time":"2025-05-21T20:12:05+00:00","og_image":[{"width":1000,"height":1000,"url":"https:\/\/colibri-jewels.eu\/wp-content\/uploads\/2025\/05\/silver-pendant-Horse.jpg","type":"image\/jpeg"}],"twitter_card":"summary_large_image","twitter_misc":{"Arvioitu lukuaika":"1 minuutti"},"schema":{"@context":"https:\/\/schema.org","@graph":[{"@type":"WebPage","@id":"https:\/\/colibri-jewels.eu\/fi\/tuote\/uskollinen-ratsu-riipus-hopeaa-ja-kullattua-zirkoneilla\/","url":"https:\/\/colibri-jewels.eu\/fi\/tuote\/uskollinen-ratsu-riipus-hopeaa-ja-kullattua-zirkoneilla\/","name":"\"Uskollinen Ratsu\" -riipus \u2013 hopeaa ja kullattua, zirkoneilla - Colibri jewels","isPartOf":{"@id":"https:\/\/colibri-jewels.eu\/fi\/#website"},"primaryImageOfPage":{"@id":"https:\/\/colibri-jewels.eu\/fi\/tuote\/uskollinen-ratsu-riipus-hopeaa-ja-kullattua-zirkoneilla\/#primaryimage"},"image":{"@id":"https:\/\/colibri-jewels.eu\/fi\/tuote\/uskollinen-ratsu-riipus-hopeaa-ja-kullattua-zirkoneilla\/#primaryimage"},"thumbnailUrl":"https:\/\/colibri-jewels.eu\/wp-content\/uploads\/2025\/05\/silver-pendant-Horse.jpg","datePublished":"2025-05-05T15:48:59+00:00","dateModified":"2025-05-21T20:12:05+00:00","breadcrumb":{"@id":"https:\/\/colibri-jewels.eu\/fi\/tuote\/uskollinen-ratsu-riipus-hopeaa-ja-kullattua-zirkoneilla\/#breadcrumb"},"inLanguage":"fi","potentialAction":[{"@type":"ReadAction","target":["https:\/\/colibri-jewels.eu\/fi\/tuote\/uskollinen-ratsu-riipus-hopeaa-ja-kullattua-zirkoneilla\/"]}]},{"@type":"ImageObject","inLanguage":"fi","@id":"https:\/\/colibri-jewels.eu\/fi\/tuote\/uskollinen-ratsu-riipus-hopeaa-ja-kullattua-zirkoneilla\/#primaryimage","url":"https:\/\/colibri-jewels.eu\/wp-content\/uploads\/2025\/05\/silver-pendant-Horse.jpg","contentUrl":"https:\/\/colibri-jewels.eu\/wp-content\/uploads\/2025\/05\/silver-pendant-Horse.jpg","width":1000,"height":1000},{"@type":"BreadcrumbList","@id":"https:\/\/colibri-jewels.eu\/fi\/tuote\/uskollinen-ratsu-riipus-hopeaa-ja-kullattua-zirkoneilla\/#breadcrumb","itemListElement":[{"@type":"ListItem","position":1,"name":"\u0413\u043b\u0430\u0432\u043d\u0430\u044f \u0441\u0442\u0440\u0430\u043d\u0438\u0446\u0430","item":"https:\/\/colibri-jewels.eu\/fi\/"},{"@type":"ListItem","position":2,"name":"Kauppa","item":"https:\/\/colibri-jewels.eu\/fi\/kauppa\/"},{"@type":"ListItem","position":3,"name":"&#8220;Uskollinen Ratsu&#8221; -riipus \u2013 hopeaa ja kullattua, zirkoneilla"}]},{"@type":"WebSite","@id":"https:\/\/colibri-jewels.eu\/fi\/#website","url":"https:\/\/colibri-jewels.eu\/fi\/","name":"Colibri jewels","description":"jewelry shop","publisher":{"@id":"https:\/\/colibri-jewels.eu\/fi\/#organization"},"potentialAction":[{"@type":"SearchAction","target":{"@type":"EntryPoint","urlTemplate":"https:\/\/colibri-jewels.eu\/fi\/?s={search_term_string}"},"query-input":{"@type":"PropertyValueSpecification","valueRequired":true,"valueName":"search_term_string"}}],"inLanguage":"fi"},{"@type":"Organization","@id":"https:\/\/colibri-jewels.eu\/fi\/#organization","name":"O\u00dc Colibri","url":"https:\/\/colibri-jewels.eu\/fi\/","logo":{"@type":"ImageObject","inLanguage":"fi","@id":"https:\/\/colibri-jewels.eu\/fi\/#\/schema\/logo\/image\/","url":"https:\/\/dev.colibri-jewels.eu\/wp-content\/uploads\/2021\/03\/colibri.png","contentUrl":"https:\/\/dev.colibri-jewels.eu\/wp-content\/uploads\/2021\/03\/colibri.png","width":227,"height":130,"caption":"O\u00dc Colibri"},"image":{"@id":"https:\/\/colibri-jewels.eu\/fi\/#\/schema\/logo\/image\/"},"sameAs":["https:\/\/www.facebook.com\/colibri.jewels","https:\/\/www.instagram.com\/colibri.jewels","https:\/\/www.tiktok.com\/colibri.jewels"]}]}},"_links":{"self":[{"href":"https:\/\/colibri-jewels.eu\/fi\/wp-json\/wp\/v2\/product\/49790","targetHints":{"allow":["GET"]}}],"collection":[{"href":"https:\/\/colibri-jewels.eu\/fi\/wp-json\/wp\/v2\/product"}],"about":[{"href":"https:\/\/colibri-jewels.eu\/fi\/wp-json\/wp\/v2\/types\/product"}],"replies":[{"embeddable":true,"href":"https:\/\/colibri-jewels.eu\/fi\/wp-json\/wp\/v2\/comments?post=49790"}],"version-history":[{"count":0,"href":"https:\/\/colibri-jewels.eu\/fi\/wp-json\/wp\/v2\/product\/49790\/revisions"}],"wp:featuredmedia":[{"embeddable":true,"href":"https:\/\/colibri-jewels.eu\/fi\/wp-json\/wp\/v2\/media\/49791"}],"wp:attachment":[{"href":"https:\/\/colibri-jewels.eu\/fi\/wp-json\/wp\/v2\/media?parent=49790"}],"wp:term":[{"taxonomy":"brand","embeddable":true,"href":"https:\/\/colibri-jewels.eu\/fi\/wp-json\/wp\/v2\/etheme_brands?post=49790"},{"taxonomy":"product_brand","embeddable":true,"href":"https:\/\/colibri-jewels.eu\/fi\/wp-json\/wp\/v2\/product_brand?post=49790"},{"taxonomy":"product_cat","embeddable":true,"href":"https:\/\/colibri-jewels.eu\/fi\/wp-json\/wp\/v2\/product_cat?post=49790"},{"taxonomy":"product_tag","embeddable":true,"href":"https:\/\/colibri-jewels.eu\/fi\/wp-json\/wp\/v2\/product_tag?post=49790"}],"curies":[{"name":"wp","href":"https:\/\/api.w.org\/{rel}","templated":true}]}}