{"id":49794,"date":"2025-05-03T11:21:21","date_gmt":"2025-05-03T08:21:21","guid":{"rendered":"https:\/\/colibri-jewels.eu\/?post_type=product&#038;p=49794"},"modified":"2025-05-21T23:12:20","modified_gmt":"2025-05-21T20:12:20","slug":"hopeiset-korvakorut-mahtavalla-lohikaarmeella-taryon","status":"publish","type":"product","link":"https:\/\/colibri-jewels.eu\/fi\/tuote\/hopeiset-korvakorut-mahtavalla-lohikaarmeella-taryon\/","title":{"rendered":"Hopeiset korvakorut mahtavalla lohik\u00e4\u00e4rmeell\u00e4 &#8221;Taryon&#8221;"},"content":{"rendered":"<p data-sourcepos=\"13:1-13:373\">Uppoudu myyttien ja suuruuden maailmaan &#8221;Taryon&#8221;-korusetin avulla. N\u00e4iss\u00e4 koruissa on ilmeik\u00e4s, veistoksellinen muotoilu, jossa mahtava, vaikuttavan yksityiskohtaisesti kuvattu lohik\u00e4\u00e4rme tuntuu her\u00e4\u00e4v\u00e4n eloon hopean kaarteissa, joissa on l\u00e4mmin kultaus. Sen suomut, kynnet ja liehuva harja on luotu kultasep\u00e4n tarkkuudella, mik\u00e4 luo tunteen volyymista ja dynaamisuudesta.<\/p>\n<p data-sourcepos=\"15:1-15:256\">Tyylin tunnusomainen piirre on korkea reliefi ja huolellinen huomio pienimpiin yksityiskohtiin, mik\u00e4 antaa koruille erityist\u00e4 ilmeikkyytt\u00e4 ja ainutlaatuisen luonteen. Lohik\u00e4\u00e4rme, joka kiertyy py\u00f6re\u00e4n pohjan ymp\u00e4rille, symboloi voimaa, viisautta ja suojaa.<\/p>\n<p data-sourcepos=\"17:1-17:253\">Lohik\u00e4\u00e4rmeen kuva on syv\u00e4ll\u00e4 monien maiden kulttuureissa, edustaen voimaa, jaloutta, hyv\u00e4\u00e4 onnea ja pitk\u00e4ik\u00e4isyytt\u00e4. T\u00e4m\u00e4 korusetti ei ole pelk\u00e4st\u00e4\u00e4n tyylik\u00e4s asuste, vaan my\u00f6s symboli sis\u00e4isest\u00e4 voimastasi ja hienostuneesta maustasi.<\/p>\n<p data-sourcepos=\"17:1-17:253\">Tunne legendaarisen lohik\u00e4\u00e4rmeen voima ja majesteettisuus &#8221;Taryon&#8221;-setin avulla!<\/p>\n","protected":false},"excerpt":{"rendered":"<p data-sourcepos=\"19:1-19:30\"><strong>Ominaisuudet (molemmat tuotteet):<\/strong><\/p>\n<ul data-sourcepos=\"21:1-26:0\">\n<li data-sourcepos=\"21:1-21:22\"><strong>Materiaali:<\/strong> Hopea<\/li>\n<li data-sourcepos=\"22:1-22:26\"><strong>Pinnoitus<\/strong>: Kullattu<\/li>\n<li data-sourcepos=\"23:1-23:36\"><strong>Tyyli:<\/strong> Veistoksellinen, Korkea Reliefi<\/li>\n<li data-sourcepos=\"24:1-24:44\"><strong>Muotoilu:<\/strong> Lohik\u00e4\u00e4rme kiertyy ympyr\u00e4n ymp\u00e4rille<\/li>\n<li data-sourcepos=\"25:1-26:0\"><strong>Yksityiskohdat:<\/strong> Eritt\u00e4in yksityiskohtainen<\/li>\n<\/ul>\n","protected":false},"featured_media":49795,"comment_status":"open","ping_status":"closed","template":"","meta":[],"etheme_brands":[],"product_brand":[],"product_cat":[987],"product_tag":[992],"class_list":{"0":"post-49794","1":"product","2":"type-product","3":"status-publish","4":"has-post-thumbnail","6":"product_cat-korvakorut","7":"product_tag-elainaiheiset","9":"first","10":"outofstock","11":"shipping-taxable","12":"purchasable","13":"product-type-simple"},"acf":[],"yoast_head":"<!-- This site is optimized with the Yoast SEO Premium plugin v26.5 (Yoast SEO v26.8) - https:\/\/yoast.com\/product\/yoast-seo-premium-wordpress\/ -->\n<title>Hopeiset korvakorut mahtavalla lohik\u00e4\u00e4rmeell\u00e4 &quot;Taryon&quot; - Colibri jewels<\/title>\n<meta name=\"robots\" content=\"index, follow, max-snippet:-1, max-image-preview:large, max-video-preview:-1\" \/>\n<link rel=\"canonical\" href=\"https:\/\/colibri-jewels.eu\/fi\/tuote\/hopeiset-korvakorut-mahtavalla-lohikaarmeella-taryon\/\" \/>\n<meta property=\"og:locale\" content=\"fi_FI\" \/>\n<meta property=\"og:type\" content=\"article\" \/>\n<meta property=\"og:title\" content=\"Hopeiset korvakorut mahtavalla lohik\u00e4\u00e4rmeell\u00e4 &quot;Taryon&quot;\" \/>\n<meta property=\"og:description\" content=\"Ominaisuudet (molemmat tuotteet):    Materiaali: Hopea  Pinnoitus: Kullattu  Tyyli: Veistoksellinen, Korkea Reliefi  Muotoilu: Lohik\u00e4\u00e4rme kiertyy ympyr\u00e4n ymp\u00e4rille  Yksityiskohdat: Eritt\u00e4in yksityiskohtainen\" \/>\n<meta property=\"og:url\" content=\"https:\/\/colibri-jewels.eu\/fi\/tuote\/hopeiset-korvakorut-mahtavalla-lohikaarmeella-taryon\/\" \/>\n<meta property=\"og:site_name\" content=\"Colibri jewels\" \/>\n<meta property=\"article:publisher\" content=\"https:\/\/www.facebook.com\/colibri.jewels\" \/>\n<meta property=\"article:modified_time\" content=\"2025-05-21T20:12:20+00:00\" \/>\n<meta property=\"og:image\" content=\"https:\/\/colibri-jewels.eu\/wp-content\/uploads\/2025\/04\/2227L_1.jpg\" \/>\n\t<meta property=\"og:image:width\" content=\"1000\" \/>\n\t<meta property=\"og:image:height\" content=\"1000\" \/>\n\t<meta property=\"og:image:type\" content=\"image\/jpeg\" \/>\n<meta name=\"twitter:card\" content=\"summary_large_image\" \/>\n<meta name=\"twitter:label1\" content=\"Arvioitu lukuaika\" \/>\n\t<meta name=\"twitter:data1\" content=\"1 minuutti\" \/>\n<script type=\"application\/ld+json\" class=\"yoast-schema-graph\">{\"@context\":\"https:\/\/schema.org\",\"@graph\":[{\"@type\":\"WebPage\",\"@id\":\"https:\/\/colibri-jewels.eu\/fi\/tuote\/hopeiset-korvakorut-mahtavalla-lohikaarmeella-taryon\/\",\"url\":\"https:\/\/colibri-jewels.eu\/fi\/tuote\/hopeiset-korvakorut-mahtavalla-lohikaarmeella-taryon\/\",\"name\":\"Hopeiset korvakorut mahtavalla lohik\u00e4\u00e4rmeell\u00e4 \\\"Taryon\\\" - Colibri jewels\",\"isPartOf\":{\"@id\":\"https:\/\/colibri-jewels.eu\/fi\/#website\"},\"primaryImageOfPage\":{\"@id\":\"https:\/\/colibri-jewels.eu\/fi\/tuote\/hopeiset-korvakorut-mahtavalla-lohikaarmeella-taryon\/#primaryimage\"},\"image\":{\"@id\":\"https:\/\/colibri-jewels.eu\/fi\/tuote\/hopeiset-korvakorut-mahtavalla-lohikaarmeella-taryon\/#primaryimage\"},\"thumbnailUrl\":\"https:\/\/colibri-jewels.eu\/wp-content\/uploads\/2025\/04\/2227L_1.jpg\",\"datePublished\":\"2025-05-03T08:21:21+00:00\",\"dateModified\":\"2025-05-21T20:12:20+00:00\",\"breadcrumb\":{\"@id\":\"https:\/\/colibri-jewels.eu\/fi\/tuote\/hopeiset-korvakorut-mahtavalla-lohikaarmeella-taryon\/#breadcrumb\"},\"inLanguage\":\"fi\",\"potentialAction\":[{\"@type\":\"ReadAction\",\"target\":[\"https:\/\/colibri-jewels.eu\/fi\/tuote\/hopeiset-korvakorut-mahtavalla-lohikaarmeella-taryon\/\"]}]},{\"@type\":\"ImageObject\",\"inLanguage\":\"fi\",\"@id\":\"https:\/\/colibri-jewels.eu\/fi\/tuote\/hopeiset-korvakorut-mahtavalla-lohikaarmeella-taryon\/#primaryimage\",\"url\":\"https:\/\/colibri-jewels.eu\/wp-content\/uploads\/2025\/04\/2227L_1.jpg\",\"contentUrl\":\"https:\/\/colibri-jewels.eu\/wp-content\/uploads\/2025\/04\/2227L_1.jpg\",\"width\":1000,\"height\":1000},{\"@type\":\"BreadcrumbList\",\"@id\":\"https:\/\/colibri-jewels.eu\/fi\/tuote\/hopeiset-korvakorut-mahtavalla-lohikaarmeella-taryon\/#breadcrumb\",\"itemListElement\":[{\"@type\":\"ListItem\",\"position\":1,\"name\":\"\u0413\u043b\u0430\u0432\u043d\u0430\u044f \u0441\u0442\u0440\u0430\u043d\u0438\u0446\u0430\",\"item\":\"https:\/\/colibri-jewels.eu\/fi\/\"},{\"@type\":\"ListItem\",\"position\":2,\"name\":\"Kauppa\",\"item\":\"https:\/\/colibri-jewels.eu\/fi\/kauppa\/\"},{\"@type\":\"ListItem\",\"position\":3,\"name\":\"Hopeiset korvakorut mahtavalla lohik\u00e4\u00e4rmeell\u00e4 &#8220;Taryon&#8221;\"}]},{\"@type\":\"WebSite\",\"@id\":\"https:\/\/colibri-jewels.eu\/fi\/#website\",\"url\":\"https:\/\/colibri-jewels.eu\/fi\/\",\"name\":\"Colibri jewels\",\"description\":\"jewelry shop\",\"publisher\":{\"@id\":\"https:\/\/colibri-jewels.eu\/fi\/#organization\"},\"potentialAction\":[{\"@type\":\"SearchAction\",\"target\":{\"@type\":\"EntryPoint\",\"urlTemplate\":\"https:\/\/colibri-jewels.eu\/fi\/?s={search_term_string}\"},\"query-input\":{\"@type\":\"PropertyValueSpecification\",\"valueRequired\":true,\"valueName\":\"search_term_string\"}}],\"inLanguage\":\"fi\"},{\"@type\":\"Organization\",\"@id\":\"https:\/\/colibri-jewels.eu\/fi\/#organization\",\"name\":\"O\u00dc Colibri\",\"url\":\"https:\/\/colibri-jewels.eu\/fi\/\",\"logo\":{\"@type\":\"ImageObject\",\"inLanguage\":\"fi\",\"@id\":\"https:\/\/colibri-jewels.eu\/fi\/#\/schema\/logo\/image\/\",\"url\":\"https:\/\/dev.colibri-jewels.eu\/wp-content\/uploads\/2021\/03\/colibri.png\",\"contentUrl\":\"https:\/\/dev.colibri-jewels.eu\/wp-content\/uploads\/2021\/03\/colibri.png\",\"width\":227,\"height\":130,\"caption\":\"O\u00dc Colibri\"},\"image\":{\"@id\":\"https:\/\/colibri-jewels.eu\/fi\/#\/schema\/logo\/image\/\"},\"sameAs\":[\"https:\/\/www.facebook.com\/colibri.jewels\",\"https:\/\/www.instagram.com\/colibri.jewels\",\"https:\/\/www.tiktok.com\/colibri.jewels\"]}]}<\/script>\n<!-- \/ Yoast SEO Premium plugin. -->","yoast_head_json":{"title":"Hopeiset korvakorut mahtavalla lohik\u00e4\u00e4rmeell\u00e4 \"Taryon\" - Colibri jewels","robots":{"index":"index","follow":"follow","max-snippet":"max-snippet:-1","max-image-preview":"max-image-preview:large","max-video-preview":"max-video-preview:-1"},"canonical":"https:\/\/colibri-jewels.eu\/fi\/tuote\/hopeiset-korvakorut-mahtavalla-lohikaarmeella-taryon\/","og_locale":"fi_FI","og_type":"article","og_title":"Hopeiset korvakorut mahtavalla lohik\u00e4\u00e4rmeell\u00e4 \"Taryon\"","og_description":"Ominaisuudet (molemmat tuotteet):    Materiaali: Hopea  Pinnoitus: Kullattu  Tyyli: Veistoksellinen, Korkea Reliefi  Muotoilu: Lohik\u00e4\u00e4rme kiertyy ympyr\u00e4n ymp\u00e4rille  Yksityiskohdat: Eritt\u00e4in yksityiskohtainen","og_url":"https:\/\/colibri-jewels.eu\/fi\/tuote\/hopeiset-korvakorut-mahtavalla-lohikaarmeella-taryon\/","og_site_name":"Colibri jewels","article_publisher":"https:\/\/www.facebook.com\/colibri.jewels","article_modified_time":"2025-05-21T20:12:20+00:00","og_image":[{"width":1000,"height":1000,"url":"https:\/\/colibri-jewels.eu\/wp-content\/uploads\/2025\/04\/2227L_1.jpg","type":"image\/jpeg"}],"twitter_card":"summary_large_image","twitter_misc":{"Arvioitu lukuaika":"1 minuutti"},"schema":{"@context":"https:\/\/schema.org","@graph":[{"@type":"WebPage","@id":"https:\/\/colibri-jewels.eu\/fi\/tuote\/hopeiset-korvakorut-mahtavalla-lohikaarmeella-taryon\/","url":"https:\/\/colibri-jewels.eu\/fi\/tuote\/hopeiset-korvakorut-mahtavalla-lohikaarmeella-taryon\/","name":"Hopeiset korvakorut mahtavalla lohik\u00e4\u00e4rmeell\u00e4 \"Taryon\" - Colibri jewels","isPartOf":{"@id":"https:\/\/colibri-jewels.eu\/fi\/#website"},"primaryImageOfPage":{"@id":"https:\/\/colibri-jewels.eu\/fi\/tuote\/hopeiset-korvakorut-mahtavalla-lohikaarmeella-taryon\/#primaryimage"},"image":{"@id":"https:\/\/colibri-jewels.eu\/fi\/tuote\/hopeiset-korvakorut-mahtavalla-lohikaarmeella-taryon\/#primaryimage"},"thumbnailUrl":"https:\/\/colibri-jewels.eu\/wp-content\/uploads\/2025\/04\/2227L_1.jpg","datePublished":"2025-05-03T08:21:21+00:00","dateModified":"2025-05-21T20:12:20+00:00","breadcrumb":{"@id":"https:\/\/colibri-jewels.eu\/fi\/tuote\/hopeiset-korvakorut-mahtavalla-lohikaarmeella-taryon\/#breadcrumb"},"inLanguage":"fi","potentialAction":[{"@type":"ReadAction","target":["https:\/\/colibri-jewels.eu\/fi\/tuote\/hopeiset-korvakorut-mahtavalla-lohikaarmeella-taryon\/"]}]},{"@type":"ImageObject","inLanguage":"fi","@id":"https:\/\/colibri-jewels.eu\/fi\/tuote\/hopeiset-korvakorut-mahtavalla-lohikaarmeella-taryon\/#primaryimage","url":"https:\/\/colibri-jewels.eu\/wp-content\/uploads\/2025\/04\/2227L_1.jpg","contentUrl":"https:\/\/colibri-jewels.eu\/wp-content\/uploads\/2025\/04\/2227L_1.jpg","width":1000,"height":1000},{"@type":"BreadcrumbList","@id":"https:\/\/colibri-jewels.eu\/fi\/tuote\/hopeiset-korvakorut-mahtavalla-lohikaarmeella-taryon\/#breadcrumb","itemListElement":[{"@type":"ListItem","position":1,"name":"\u0413\u043b\u0430\u0432\u043d\u0430\u044f \u0441\u0442\u0440\u0430\u043d\u0438\u0446\u0430","item":"https:\/\/colibri-jewels.eu\/fi\/"},{"@type":"ListItem","position":2,"name":"Kauppa","item":"https:\/\/colibri-jewels.eu\/fi\/kauppa\/"},{"@type":"ListItem","position":3,"name":"Hopeiset korvakorut mahtavalla lohik\u00e4\u00e4rmeell\u00e4 &#8220;Taryon&#8221;"}]},{"@type":"WebSite","@id":"https:\/\/colibri-jewels.eu\/fi\/#website","url":"https:\/\/colibri-jewels.eu\/fi\/","name":"Colibri jewels","description":"jewelry shop","publisher":{"@id":"https:\/\/colibri-jewels.eu\/fi\/#organization"},"potentialAction":[{"@type":"SearchAction","target":{"@type":"EntryPoint","urlTemplate":"https:\/\/colibri-jewels.eu\/fi\/?s={search_term_string}"},"query-input":{"@type":"PropertyValueSpecification","valueRequired":true,"valueName":"search_term_string"}}],"inLanguage":"fi"},{"@type":"Organization","@id":"https:\/\/colibri-jewels.eu\/fi\/#organization","name":"O\u00dc Colibri","url":"https:\/\/colibri-jewels.eu\/fi\/","logo":{"@type":"ImageObject","inLanguage":"fi","@id":"https:\/\/colibri-jewels.eu\/fi\/#\/schema\/logo\/image\/","url":"https:\/\/dev.colibri-jewels.eu\/wp-content\/uploads\/2021\/03\/colibri.png","contentUrl":"https:\/\/dev.colibri-jewels.eu\/wp-content\/uploads\/2021\/03\/colibri.png","width":227,"height":130,"caption":"O\u00dc Colibri"},"image":{"@id":"https:\/\/colibri-jewels.eu\/fi\/#\/schema\/logo\/image\/"},"sameAs":["https:\/\/www.facebook.com\/colibri.jewels","https:\/\/www.instagram.com\/colibri.jewels","https:\/\/www.tiktok.com\/colibri.jewels"]}]}},"_links":{"self":[{"href":"https:\/\/colibri-jewels.eu\/fi\/wp-json\/wp\/v2\/product\/49794","targetHints":{"allow":["GET"]}}],"collection":[{"href":"https:\/\/colibri-jewels.eu\/fi\/wp-json\/wp\/v2\/product"}],"about":[{"href":"https:\/\/colibri-jewels.eu\/fi\/wp-json\/wp\/v2\/types\/product"}],"replies":[{"embeddable":true,"href":"https:\/\/colibri-jewels.eu\/fi\/wp-json\/wp\/v2\/comments?post=49794"}],"version-history":[{"count":0,"href":"https:\/\/colibri-jewels.eu\/fi\/wp-json\/wp\/v2\/product\/49794\/revisions"}],"wp:featuredmedia":[{"embeddable":true,"href":"https:\/\/colibri-jewels.eu\/fi\/wp-json\/wp\/v2\/media\/49795"}],"wp:attachment":[{"href":"https:\/\/colibri-jewels.eu\/fi\/wp-json\/wp\/v2\/media?parent=49794"}],"wp:term":[{"taxonomy":"brand","embeddable":true,"href":"https:\/\/colibri-jewels.eu\/fi\/wp-json\/wp\/v2\/etheme_brands?post=49794"},{"taxonomy":"product_brand","embeddable":true,"href":"https:\/\/colibri-jewels.eu\/fi\/wp-json\/wp\/v2\/product_brand?post=49794"},{"taxonomy":"product_cat","embeddable":true,"href":"https:\/\/colibri-jewels.eu\/fi\/wp-json\/wp\/v2\/product_cat?post=49794"},{"taxonomy":"product_tag","embeddable":true,"href":"https:\/\/colibri-jewels.eu\/fi\/wp-json\/wp\/v2\/product_tag?post=49794"}],"curies":[{"name":"wp","href":"https:\/\/api.w.org\/{rel}","templated":true}]}}