{"id":49796,"date":"2025-05-03T11:20:51","date_gmt":"2025-05-03T08:20:51","guid":{"rendered":"https:\/\/colibri-jewels.eu\/?post_type=product&#038;p=49796"},"modified":"2025-05-21T23:12:26","modified_gmt":"2025-05-21T20:12:26","slug":"gorak-riipus-hopeinen-keihaankarki-agishjalmr-tunnuksella","status":"publish","type":"product","link":"https:\/\/colibri-jewels.eu\/fi\/tuote\/gorak-riipus-hopeinen-keihaankarki-agishjalmr-tunnuksella\/","title":{"rendered":"&#8221;Gorak&#8221;-riipus \u2013 hopeinen keih\u00e4\u00e4nk\u00e4rki \u00c4gishj\u00e1lmr-tunnuksella"},"content":{"rendered":"<p data-sourcepos=\"13:1-13:382\">Omaksu muinaisten voima ja suoja &#8221;Gorak&#8221;-riipuksella. T\u00e4m\u00e4 tyylik\u00e4s koru on muotoiltu jalosta hopeasta valmistetun, tyylitellyn keih\u00e4\u00e4nk\u00e4rjen muotoon, symboloiden rohkeutta, p\u00e4\u00e4tt\u00e4v\u00e4isyytt\u00e4 ja tarkoitusta. Sen selke\u00e4 muotoilu heijastaa soturin urheutta ja sis\u00e4ist\u00e4 voimaa. Riipuksen pinnassa on erottuva tekstuuri, joka korostaa sen alkukantaista voimaa ja yhteytt\u00e4 historiaan.<\/p>\n<p data-sourcepos=\"15:1-15:476\">Erityisen merkitt\u00e4v\u00e4 on sen pintaan kaiverrettu muinainen pohjoismainen symboli \u2013 <strong>\u00c4gishj\u00e1lmr (pelon kyp\u00e4r\u00e4)<\/strong>. T\u00e4m\u00e4 mystinen merkki, joka koostuu Algiz-riimuista ja kutsuu muinaisten jumalten suojelusta, on koottu siten, ett\u00e4 se torjuu kaiken vihamielisen voiman. Sen uskottiin antavan soturille voittamattomuuden, istuttavan pelkoa vihollisten syd\u00e4miin ja tuovan voiton taistelussa. Ajateltiin, ett\u00e4 \u00c4gishj\u00e1lmr keskitti kantajansa sis\u00e4isen voiman ja ohjasi sen puolustukseen.<\/p>\n<p data-sourcepos=\"17:1-17:269\">T\u00e4m\u00e4 riipus on voimakas amuletti ja tyylik\u00e4s asuste miehille, jotka arvostavat rohkeita, symbolisia koruja syv\u00e4llisell\u00e4 merkityksell\u00e4. Se t\u00e4ydent\u00e4\u00e4 t\u00e4ydellisesti sek\u00e4 rentoja ett\u00e4 karumpia tyylej\u00e4 korostaen itseluottamustasi, itsen\u00e4isyytt\u00e4si ja yhteytt\u00e4si muinaisiin perinteisiin.<\/p>\n<p data-sourcepos=\"26:1-26:13\"><strong>Hy\u00f6dyt:<\/strong><\/p>\n<ul data-sourcepos=\"28:1-34:0\">\n<li data-sourcepos=\"28:1-28:79\">Valmistettu korkealaatuisesta hopeasta, mik\u00e4 takaa kest\u00e4vyyden ja jalostuneen ulkon\u00e4\u00f6n.<\/li>\n<li data-sourcepos=\"29:1-29:62\">Maskuliininen ja selke\u00e4 muotoilu voimakkaalla symbolisella merkityksell\u00e4.<\/li>\n<li data-sourcepos=\"30:1-30:134\">\u00c4gishj\u00e1lmr-symboli Algiz-riimuineen, jotka on koottu erityisell\u00e4 tavalla, ilment\u00e4\u00e4 muinaisten jumalten suojelusta, voimaa ja voittoa.<\/li>\n<li data-sourcepos=\"31:1-31:67\">Korostaa yksil\u00f6llisyytt\u00e4 ja yhteytt\u00e4 muinaiseen pohjoismaiseen kulttuuriin.<\/li>\n<li data-sourcepos=\"32:1-32:97\">Erinomainen valinta miehille, jotka pit\u00e4v\u00e4t omaper\u00e4isist\u00e4 ja merkityksellisist\u00e4 koruista historiallisella taustalla.<\/li>\n<li data-sourcepos=\"33:1-34:0\">Voi olla erityinen ja merkityksellinen lahja.<\/li>\n<\/ul>\n<p data-sourcepos=\"35:1-35:22\"><strong>Hoito-ohjeet:<\/strong><\/p>\n<p data-sourcepos=\"37:1-37:121\">S\u00e4ilytt\u00e4\u00e4ksesi hopean kiillon, pyyhi riipusta s\u00e4\u00e4nn\u00f6llisesti pehme\u00e4ll\u00e4 liinalla. V\u00e4lt\u00e4 kosketusta voimakkaiden kemikaalien kanssa.<\/p>\n<p data-sourcepos=\"37:1-37:121\"><strong>Omaksu muinaisten jumalten voima ja suoja &#8221;Gorak&#8221;-hopeariipuksella ja \u00c4gishj\u00e1lmr-tunnuksella, joka on koottu Algiz-riimuista!<\/strong><\/p>\n","protected":false},"excerpt":{"rendered":"<p data-sourcepos=\"19:1-19:13\"><strong>Ominaisuudet:<\/strong><\/p>\n<ul data-sourcepos=\"21:1-25:0\">\n<li data-sourcepos=\"21:1-21:22\"><strong>Materiaali:<\/strong> Hopea<\/li>\n<li data-sourcepos=\"22:1-22:49\"><strong>Tyyli<\/strong>: Historiallinen, Soturi, Symbolinen, Pohjoismainen<\/li>\n<li data-sourcepos=\"23:1-23:72\"><strong>Muotoilu:<\/strong> Tyylitelty keih\u00e4\u00e4nk\u00e4rki \u00c4gishj\u00e1lmr-kaiverruksella<\/li>\n<li data-sourcepos=\"24:1-25:0\"><strong>Yksityiskohdat<\/strong>: Teksturoitu pinta, syv\u00e4 symboliikka (Algiz-riimut)<\/li>\n<\/ul>\n","protected":false},"featured_media":49797,"comment_status":"open","ping_status":"closed","template":"","meta":[],"etheme_brands":[],"product_brand":[],"product_cat":[989],"product_tag":[1002,1003],"class_list":{"0":"post-49796","1":"product","2":"type-product","3":"status-publish","4":"has-post-thumbnail","6":"product_cat-kaulakorut-ja-riipukset","7":"product_tag-lakoniset","8":"product_tag-miesten-korut","10":"first","11":"outofstock","12":"shipping-taxable","13":"purchasable","14":"product-type-simple"},"acf":[],"yoast_head":"<!-- This site is optimized with the Yoast SEO Premium plugin v26.5 (Yoast SEO v26.8) - https:\/\/yoast.com\/product\/yoast-seo-premium-wordpress\/ -->\n<title>&quot;Gorak&quot;-riipus \u2013 hopeinen keih\u00e4\u00e4nk\u00e4rki \u00c4gishj\u00e1lmr-tunnuksella - Colibri jewels<\/title>\n<meta name=\"robots\" content=\"index, follow, max-snippet:-1, max-image-preview:large, max-video-preview:-1\" \/>\n<link rel=\"canonical\" href=\"https:\/\/colibri-jewels.eu\/fi\/tuote\/gorak-riipus-hopeinen-keihaankarki-agishjalmr-tunnuksella\/\" \/>\n<meta property=\"og:locale\" content=\"fi_FI\" \/>\n<meta property=\"og:type\" content=\"article\" \/>\n<meta property=\"og:title\" content=\"&quot;Gorak&quot;-riipus \u2013 hopeinen keih\u00e4\u00e4nk\u00e4rki \u00c4gishj\u00e1lmr-tunnuksella\" \/>\n<meta property=\"og:description\" content=\"Ominaisuudet:    Materiaali: Hopea  Tyyli: Historiallinen, Soturi, Symbolinen, Pohjoismainen  Muotoilu: Tyylitelty keih\u00e4\u00e4nk\u00e4rki \u00c4gishj\u00e1lmr-kaiverruksella  Yksityiskohdat: Teksturoitu pinta, syv\u00e4 symboliikka (Algiz-riimut)\" \/>\n<meta property=\"og:url\" content=\"https:\/\/colibri-jewels.eu\/fi\/tuote\/gorak-riipus-hopeinen-keihaankarki-agishjalmr-tunnuksella\/\" \/>\n<meta property=\"og:site_name\" content=\"Colibri jewels\" \/>\n<meta property=\"article:publisher\" content=\"https:\/\/www.facebook.com\/colibri.jewels\" \/>\n<meta property=\"article:modified_time\" content=\"2025-05-21T20:12:26+00:00\" \/>\n<meta property=\"og:image\" content=\"https:\/\/colibri-jewels.eu\/wp-content\/uploads\/2025\/04\/2251.jpg\" \/>\n\t<meta property=\"og:image:width\" content=\"1000\" \/>\n\t<meta property=\"og:image:height\" content=\"1000\" \/>\n\t<meta property=\"og:image:type\" content=\"image\/jpeg\" \/>\n<meta name=\"twitter:card\" content=\"summary_large_image\" \/>\n<meta name=\"twitter:label1\" content=\"Arvioitu lukuaika\" \/>\n\t<meta name=\"twitter:data1\" content=\"1 minuutti\" \/>\n<script type=\"application\/ld+json\" class=\"yoast-schema-graph\">{\"@context\":\"https:\/\/schema.org\",\"@graph\":[{\"@type\":\"WebPage\",\"@id\":\"https:\/\/colibri-jewels.eu\/fi\/tuote\/gorak-riipus-hopeinen-keihaankarki-agishjalmr-tunnuksella\/\",\"url\":\"https:\/\/colibri-jewels.eu\/fi\/tuote\/gorak-riipus-hopeinen-keihaankarki-agishjalmr-tunnuksella\/\",\"name\":\"\\\"Gorak\\\"-riipus \u2013 hopeinen keih\u00e4\u00e4nk\u00e4rki \u00c4gishj\u00e1lmr-tunnuksella - Colibri jewels\",\"isPartOf\":{\"@id\":\"https:\/\/colibri-jewels.eu\/fi\/#website\"},\"primaryImageOfPage\":{\"@id\":\"https:\/\/colibri-jewels.eu\/fi\/tuote\/gorak-riipus-hopeinen-keihaankarki-agishjalmr-tunnuksella\/#primaryimage\"},\"image\":{\"@id\":\"https:\/\/colibri-jewels.eu\/fi\/tuote\/gorak-riipus-hopeinen-keihaankarki-agishjalmr-tunnuksella\/#primaryimage\"},\"thumbnailUrl\":\"https:\/\/colibri-jewels.eu\/wp-content\/uploads\/2025\/04\/2251.jpg\",\"datePublished\":\"2025-05-03T08:20:51+00:00\",\"dateModified\":\"2025-05-21T20:12:26+00:00\",\"breadcrumb\":{\"@id\":\"https:\/\/colibri-jewels.eu\/fi\/tuote\/gorak-riipus-hopeinen-keihaankarki-agishjalmr-tunnuksella\/#breadcrumb\"},\"inLanguage\":\"fi\",\"potentialAction\":[{\"@type\":\"ReadAction\",\"target\":[\"https:\/\/colibri-jewels.eu\/fi\/tuote\/gorak-riipus-hopeinen-keihaankarki-agishjalmr-tunnuksella\/\"]}]},{\"@type\":\"ImageObject\",\"inLanguage\":\"fi\",\"@id\":\"https:\/\/colibri-jewels.eu\/fi\/tuote\/gorak-riipus-hopeinen-keihaankarki-agishjalmr-tunnuksella\/#primaryimage\",\"url\":\"https:\/\/colibri-jewels.eu\/wp-content\/uploads\/2025\/04\/2251.jpg\",\"contentUrl\":\"https:\/\/colibri-jewels.eu\/wp-content\/uploads\/2025\/04\/2251.jpg\",\"width\":1000,\"height\":1000},{\"@type\":\"BreadcrumbList\",\"@id\":\"https:\/\/colibri-jewels.eu\/fi\/tuote\/gorak-riipus-hopeinen-keihaankarki-agishjalmr-tunnuksella\/#breadcrumb\",\"itemListElement\":[{\"@type\":\"ListItem\",\"position\":1,\"name\":\"\u0413\u043b\u0430\u0432\u043d\u0430\u044f \u0441\u0442\u0440\u0430\u043d\u0438\u0446\u0430\",\"item\":\"https:\/\/colibri-jewels.eu\/fi\/\"},{\"@type\":\"ListItem\",\"position\":2,\"name\":\"Kauppa\",\"item\":\"https:\/\/colibri-jewels.eu\/fi\/kauppa\/\"},{\"@type\":\"ListItem\",\"position\":3,\"name\":\"&#8220;Gorak&#8221;-riipus \u2013 hopeinen keih\u00e4\u00e4nk\u00e4rki \u00c4gishj\u00e1lmr-tunnuksella\"}]},{\"@type\":\"WebSite\",\"@id\":\"https:\/\/colibri-jewels.eu\/fi\/#website\",\"url\":\"https:\/\/colibri-jewels.eu\/fi\/\",\"name\":\"Colibri jewels\",\"description\":\"jewelry shop\",\"publisher\":{\"@id\":\"https:\/\/colibri-jewels.eu\/fi\/#organization\"},\"potentialAction\":[{\"@type\":\"SearchAction\",\"target\":{\"@type\":\"EntryPoint\",\"urlTemplate\":\"https:\/\/colibri-jewels.eu\/fi\/?s={search_term_string}\"},\"query-input\":{\"@type\":\"PropertyValueSpecification\",\"valueRequired\":true,\"valueName\":\"search_term_string\"}}],\"inLanguage\":\"fi\"},{\"@type\":\"Organization\",\"@id\":\"https:\/\/colibri-jewels.eu\/fi\/#organization\",\"name\":\"O\u00dc Colibri\",\"url\":\"https:\/\/colibri-jewels.eu\/fi\/\",\"logo\":{\"@type\":\"ImageObject\",\"inLanguage\":\"fi\",\"@id\":\"https:\/\/colibri-jewels.eu\/fi\/#\/schema\/logo\/image\/\",\"url\":\"https:\/\/dev.colibri-jewels.eu\/wp-content\/uploads\/2021\/03\/colibri.png\",\"contentUrl\":\"https:\/\/dev.colibri-jewels.eu\/wp-content\/uploads\/2021\/03\/colibri.png\",\"width\":227,\"height\":130,\"caption\":\"O\u00dc Colibri\"},\"image\":{\"@id\":\"https:\/\/colibri-jewels.eu\/fi\/#\/schema\/logo\/image\/\"},\"sameAs\":[\"https:\/\/www.facebook.com\/colibri.jewels\",\"https:\/\/www.instagram.com\/colibri.jewels\",\"https:\/\/www.tiktok.com\/colibri.jewels\"]}]}<\/script>\n<!-- \/ Yoast SEO Premium plugin. -->","yoast_head_json":{"title":"\"Gorak\"-riipus \u2013 hopeinen keih\u00e4\u00e4nk\u00e4rki \u00c4gishj\u00e1lmr-tunnuksella - Colibri jewels","robots":{"index":"index","follow":"follow","max-snippet":"max-snippet:-1","max-image-preview":"max-image-preview:large","max-video-preview":"max-video-preview:-1"},"canonical":"https:\/\/colibri-jewels.eu\/fi\/tuote\/gorak-riipus-hopeinen-keihaankarki-agishjalmr-tunnuksella\/","og_locale":"fi_FI","og_type":"article","og_title":"\"Gorak\"-riipus \u2013 hopeinen keih\u00e4\u00e4nk\u00e4rki \u00c4gishj\u00e1lmr-tunnuksella","og_description":"Ominaisuudet:    Materiaali: Hopea  Tyyli: Historiallinen, Soturi, Symbolinen, Pohjoismainen  Muotoilu: Tyylitelty keih\u00e4\u00e4nk\u00e4rki \u00c4gishj\u00e1lmr-kaiverruksella  Yksityiskohdat: Teksturoitu pinta, syv\u00e4 symboliikka (Algiz-riimut)","og_url":"https:\/\/colibri-jewels.eu\/fi\/tuote\/gorak-riipus-hopeinen-keihaankarki-agishjalmr-tunnuksella\/","og_site_name":"Colibri jewels","article_publisher":"https:\/\/www.facebook.com\/colibri.jewels","article_modified_time":"2025-05-21T20:12:26+00:00","og_image":[{"width":1000,"height":1000,"url":"https:\/\/colibri-jewels.eu\/wp-content\/uploads\/2025\/04\/2251.jpg","type":"image\/jpeg"}],"twitter_card":"summary_large_image","twitter_misc":{"Arvioitu lukuaika":"1 minuutti"},"schema":{"@context":"https:\/\/schema.org","@graph":[{"@type":"WebPage","@id":"https:\/\/colibri-jewels.eu\/fi\/tuote\/gorak-riipus-hopeinen-keihaankarki-agishjalmr-tunnuksella\/","url":"https:\/\/colibri-jewels.eu\/fi\/tuote\/gorak-riipus-hopeinen-keihaankarki-agishjalmr-tunnuksella\/","name":"\"Gorak\"-riipus \u2013 hopeinen keih\u00e4\u00e4nk\u00e4rki \u00c4gishj\u00e1lmr-tunnuksella - Colibri jewels","isPartOf":{"@id":"https:\/\/colibri-jewels.eu\/fi\/#website"},"primaryImageOfPage":{"@id":"https:\/\/colibri-jewels.eu\/fi\/tuote\/gorak-riipus-hopeinen-keihaankarki-agishjalmr-tunnuksella\/#primaryimage"},"image":{"@id":"https:\/\/colibri-jewels.eu\/fi\/tuote\/gorak-riipus-hopeinen-keihaankarki-agishjalmr-tunnuksella\/#primaryimage"},"thumbnailUrl":"https:\/\/colibri-jewels.eu\/wp-content\/uploads\/2025\/04\/2251.jpg","datePublished":"2025-05-03T08:20:51+00:00","dateModified":"2025-05-21T20:12:26+00:00","breadcrumb":{"@id":"https:\/\/colibri-jewels.eu\/fi\/tuote\/gorak-riipus-hopeinen-keihaankarki-agishjalmr-tunnuksella\/#breadcrumb"},"inLanguage":"fi","potentialAction":[{"@type":"ReadAction","target":["https:\/\/colibri-jewels.eu\/fi\/tuote\/gorak-riipus-hopeinen-keihaankarki-agishjalmr-tunnuksella\/"]}]},{"@type":"ImageObject","inLanguage":"fi","@id":"https:\/\/colibri-jewels.eu\/fi\/tuote\/gorak-riipus-hopeinen-keihaankarki-agishjalmr-tunnuksella\/#primaryimage","url":"https:\/\/colibri-jewels.eu\/wp-content\/uploads\/2025\/04\/2251.jpg","contentUrl":"https:\/\/colibri-jewels.eu\/wp-content\/uploads\/2025\/04\/2251.jpg","width":1000,"height":1000},{"@type":"BreadcrumbList","@id":"https:\/\/colibri-jewels.eu\/fi\/tuote\/gorak-riipus-hopeinen-keihaankarki-agishjalmr-tunnuksella\/#breadcrumb","itemListElement":[{"@type":"ListItem","position":1,"name":"\u0413\u043b\u0430\u0432\u043d\u0430\u044f \u0441\u0442\u0440\u0430\u043d\u0438\u0446\u0430","item":"https:\/\/colibri-jewels.eu\/fi\/"},{"@type":"ListItem","position":2,"name":"Kauppa","item":"https:\/\/colibri-jewels.eu\/fi\/kauppa\/"},{"@type":"ListItem","position":3,"name":"&#8220;Gorak&#8221;-riipus \u2013 hopeinen keih\u00e4\u00e4nk\u00e4rki \u00c4gishj\u00e1lmr-tunnuksella"}]},{"@type":"WebSite","@id":"https:\/\/colibri-jewels.eu\/fi\/#website","url":"https:\/\/colibri-jewels.eu\/fi\/","name":"Colibri jewels","description":"jewelry shop","publisher":{"@id":"https:\/\/colibri-jewels.eu\/fi\/#organization"},"potentialAction":[{"@type":"SearchAction","target":{"@type":"EntryPoint","urlTemplate":"https:\/\/colibri-jewels.eu\/fi\/?s={search_term_string}"},"query-input":{"@type":"PropertyValueSpecification","valueRequired":true,"valueName":"search_term_string"}}],"inLanguage":"fi"},{"@type":"Organization","@id":"https:\/\/colibri-jewels.eu\/fi\/#organization","name":"O\u00dc Colibri","url":"https:\/\/colibri-jewels.eu\/fi\/","logo":{"@type":"ImageObject","inLanguage":"fi","@id":"https:\/\/colibri-jewels.eu\/fi\/#\/schema\/logo\/image\/","url":"https:\/\/dev.colibri-jewels.eu\/wp-content\/uploads\/2021\/03\/colibri.png","contentUrl":"https:\/\/dev.colibri-jewels.eu\/wp-content\/uploads\/2021\/03\/colibri.png","width":227,"height":130,"caption":"O\u00dc Colibri"},"image":{"@id":"https:\/\/colibri-jewels.eu\/fi\/#\/schema\/logo\/image\/"},"sameAs":["https:\/\/www.facebook.com\/colibri.jewels","https:\/\/www.instagram.com\/colibri.jewels","https:\/\/www.tiktok.com\/colibri.jewels"]}]}},"_links":{"self":[{"href":"https:\/\/colibri-jewels.eu\/fi\/wp-json\/wp\/v2\/product\/49796","targetHints":{"allow":["GET"]}}],"collection":[{"href":"https:\/\/colibri-jewels.eu\/fi\/wp-json\/wp\/v2\/product"}],"about":[{"href":"https:\/\/colibri-jewels.eu\/fi\/wp-json\/wp\/v2\/types\/product"}],"replies":[{"embeddable":true,"href":"https:\/\/colibri-jewels.eu\/fi\/wp-json\/wp\/v2\/comments?post=49796"}],"version-history":[{"count":0,"href":"https:\/\/colibri-jewels.eu\/fi\/wp-json\/wp\/v2\/product\/49796\/revisions"}],"wp:featuredmedia":[{"embeddable":true,"href":"https:\/\/colibri-jewels.eu\/fi\/wp-json\/wp\/v2\/media\/49797"}],"wp:attachment":[{"href":"https:\/\/colibri-jewels.eu\/fi\/wp-json\/wp\/v2\/media?parent=49796"}],"wp:term":[{"taxonomy":"brand","embeddable":true,"href":"https:\/\/colibri-jewels.eu\/fi\/wp-json\/wp\/v2\/etheme_brands?post=49796"},{"taxonomy":"product_brand","embeddable":true,"href":"https:\/\/colibri-jewels.eu\/fi\/wp-json\/wp\/v2\/product_brand?post=49796"},{"taxonomy":"product_cat","embeddable":true,"href":"https:\/\/colibri-jewels.eu\/fi\/wp-json\/wp\/v2\/product_cat?post=49796"},{"taxonomy":"product_tag","embeddable":true,"href":"https:\/\/colibri-jewels.eu\/fi\/wp-json\/wp\/v2\/product_tag?post=49796"}],"curies":[{"name":"wp","href":"https:\/\/api.w.org\/{rel}","templated":true}]}}