{"id":49806,"date":"2025-05-03T11:20:38","date_gmt":"2025-05-03T08:20:38","guid":{"rendered":"https:\/\/colibri-jewels.eu\/?post_type=product&#038;p=49806"},"modified":"2025-05-21T23:17:13","modified_gmt":"2025-05-21T20:17:13","slug":"tyylikas-hopearannekoru-aegir","status":"publish","type":"product","link":"https:\/\/colibri-jewels.eu\/fi\/tuote\/tyylikas-hopearannekoru-aegir\/","title":{"rendered":"Tyylik\u00e4s hopearannekoru &#8221;Aegir&#8221;"},"content":{"rendered":"<p data-sourcepos=\"13:1-13:262\">Tunne meren voima &#8221;Aegir&#8221;-rannekorulla. T\u00e4m\u00e4n tyylikk\u00e4\u00e4n asusteen keskipiste on massiivinen hopealenkki, joka viittaa vahvoihin ankkuriketjuihin ja katkeamattomaan siteeseen mereen. Musta tekstiilinauha symboloi syv\u00e4\u00e4 merta ja sen salaper\u00e4isi\u00e4 salaisuuksia.  <\/p>\n<p data-sourcepos=\"15:1-15:333\">Rannekorun nimi tulee mahtavasta j\u00e4ttil\u00e4isest\u00e4 Aegirist\u00e4 pohjoismaisessa mytologiassa \u2013 merien ja valtamerten hallitsijasta. Legenda kertoo Aegirill\u00e4 olleen villi luonne, joskus h\u00e4n tyynnytti vedet, joskus taas p\u00e4\u00e4sti valloilleen rajuilmat. T\u00e4m\u00e4 rannekoru, yksinkertaisella mutta vahvalla muotoilullaan, muistuttaa sis\u00e4isest\u00e4 voimasta ja rajattomasta energiasta meiss\u00e4 kaikissa.  <\/p>\n<p data-sourcepos=\"17:1-17:178\">Kevyt ja mukava &#8221;Aegir&#8221;-rannekoru on t\u00e4ydellinen kaikille, jotka pit\u00e4v\u00e4t omaper\u00e4isyydest\u00e4 ja yhteydest\u00e4 mereen. S\u00e4\u00e4dett\u00e4v\u00e4n koon ansiosta l\u00f6yd\u00e4t juuri sopivan istuvuuden. <\/p>\n<p data-sourcepos=\"27:1-27:13\"><strong>Hy\u00f6dyt:<\/strong><\/p>\n<ul data-sourcepos=\"29:1-35:0\">\n<li data-sourcepos=\"29:1-29:52\">Tyylik\u00e4s ja yksinkertainen muotoilu, joka sopii mink\u00e4 tahansa asun kanssa.<\/li>\n<li data-sourcepos=\"30:1-30:68\">Hopean klassinen kiilto korostaa miehekkyytt\u00e4 ja itseluottamusta.<\/li>\n<li data-sourcepos=\"31:1-31:60\">Kest\u00e4v\u00e4 ja mukava tekstiilinauha tekee siit\u00e4 erinomaisen k\u00e4ytt\u00e4\u00e4.<\/li>\n<li data-sourcepos=\"32:1-32:65\">S\u00e4\u00e4dett\u00e4v\u00e4n koon ansiosta saat juuri sopivan istuvuuden ranteeseesi.<\/li>\n<li data-sourcepos=\"33:1-33:63\">Symbolinen nimi ja legenda antavat rannekorulle lis\u00e4merkityst\u00e4.<\/li>\n<li data-sourcepos=\"34:1-35:0\">Loistava lahja miehille, jotka arvostavat sis\u00e4ist\u00e4 voimaa ja merellist\u00e4 tunnelmaa.<\/li>\n<\/ul>\n<p data-sourcepos=\"36:1-36:22\"><strong>Hoito-ohjeet:<\/strong><\/p>\n<p data-sourcepos=\"38:1-38:123\">V\u00e4lt\u00e4 tekstiilinauhan liiallista kastumista, jotta se pysyy parhaimmillaan. Hopealenkin voit kiillottaa pehme\u00e4ll\u00e4 liinalla. <\/p>\n<p data-sourcepos=\"38:1-38:123\"><strong>Tunne valtameren voima &#8221;Aegir&#8221;-rannekorulla!<\/strong><\/p>\n","protected":false},"excerpt":{"rendered":"<p data-sourcepos=\"19:1-19:13\"><strong>Ominaisuudet:<\/strong><\/p>\n<ul data-sourcepos=\"21:1-26:0\">\n<li data-sourcepos=\"21:1-21:27\"><strong>Lenkin materiaali<\/strong>: Hopea<\/li>\n<li data-sourcepos=\"22:1-22:28\"><strong>Nauhan materiaali<\/strong>: Tekstiili<\/li>\n<li data-sourcepos=\"23:1-23:23\"><strong>Nauhan v\u00e4ri:<\/strong> Musta<\/li>\n<li data-sourcepos=\"24:1-24:43\"><strong>Tyyli:<\/strong> Merellinen, Minimalistinen, Symbolinen<\/li>\n<li data-sourcepos=\"25:1-26:0\"><strong>Yksityiskohdat:<\/strong> S\u00e4\u00e4dett\u00e4v\u00e4 koko<\/li>\n<\/ul>\n","protected":false},"featured_media":49807,"comment_status":"open","ping_status":"closed","template":"","meta":[],"etheme_brands":[],"product_brand":[],"product_cat":[985],"product_tag":[1002,1003],"class_list":{"0":"post-49806","1":"product","2":"type-product","3":"status-publish","4":"has-post-thumbnail","6":"product_cat-rannekorut","7":"product_tag-lakoniset","8":"product_tag-miesten-korut","10":"first","11":"onbackorder","12":"shipping-taxable","13":"purchasable","14":"product-type-simple"},"acf":[],"yoast_head":"<!-- This site is optimized with the Yoast SEO Premium plugin v26.5 (Yoast SEO v26.8) - https:\/\/yoast.com\/product\/yoast-seo-premium-wordpress\/ -->\n<title>Tyylik\u00e4s hopearannekoru &quot;Aegir&quot; - Colibri jewels<\/title>\n<meta name=\"robots\" content=\"index, follow, max-snippet:-1, max-image-preview:large, max-video-preview:-1\" \/>\n<link rel=\"canonical\" href=\"https:\/\/colibri-jewels.eu\/fi\/tuote\/tyylikas-hopearannekoru-aegir\/\" \/>\n<meta property=\"og:locale\" content=\"fi_FI\" \/>\n<meta property=\"og:type\" content=\"article\" \/>\n<meta property=\"og:title\" content=\"Tyylik\u00e4s hopearannekoru &quot;Aegir&quot;\" \/>\n<meta property=\"og:description\" content=\"Ominaisuudet:    Lenkin materiaali: Hopea  Nauhan materiaali: Tekstiili  Nauhan v\u00e4ri: Musta  Tyyli: Merellinen, Minimalistinen, Symbolinen  Yksityiskohdat: S\u00e4\u00e4dett\u00e4v\u00e4 koko\" \/>\n<meta property=\"og:url\" content=\"https:\/\/colibri-jewels.eu\/fi\/tuote\/tyylikas-hopearannekoru-aegir\/\" \/>\n<meta property=\"og:site_name\" content=\"Colibri jewels\" \/>\n<meta property=\"article:publisher\" content=\"https:\/\/www.facebook.com\/colibri.jewels\" \/>\n<meta property=\"article:modified_time\" content=\"2025-05-21T20:17:13+00:00\" \/>\n<meta property=\"og:image\" content=\"https:\/\/colibri-jewels.eu\/wp-content\/uploads\/2025\/04\/2198.jpg\" \/>\n\t<meta property=\"og:image:width\" content=\"1000\" \/>\n\t<meta property=\"og:image:height\" content=\"1000\" \/>\n\t<meta property=\"og:image:type\" content=\"image\/jpeg\" \/>\n<meta name=\"twitter:card\" content=\"summary_large_image\" \/>\n<meta name=\"twitter:label1\" content=\"Arvioitu lukuaika\" \/>\n\t<meta name=\"twitter:data1\" content=\"1 minuutti\" \/>\n<script type=\"application\/ld+json\" class=\"yoast-schema-graph\">{\"@context\":\"https:\/\/schema.org\",\"@graph\":[{\"@type\":\"WebPage\",\"@id\":\"https:\/\/colibri-jewels.eu\/fi\/tuote\/tyylikas-hopearannekoru-aegir\/\",\"url\":\"https:\/\/colibri-jewels.eu\/fi\/tuote\/tyylikas-hopearannekoru-aegir\/\",\"name\":\"Tyylik\u00e4s hopearannekoru \\\"Aegir\\\" - Colibri jewels\",\"isPartOf\":{\"@id\":\"https:\/\/colibri-jewels.eu\/fi\/#website\"},\"primaryImageOfPage\":{\"@id\":\"https:\/\/colibri-jewels.eu\/fi\/tuote\/tyylikas-hopearannekoru-aegir\/#primaryimage\"},\"image\":{\"@id\":\"https:\/\/colibri-jewels.eu\/fi\/tuote\/tyylikas-hopearannekoru-aegir\/#primaryimage\"},\"thumbnailUrl\":\"https:\/\/colibri-jewels.eu\/wp-content\/uploads\/2025\/04\/2198.jpg\",\"datePublished\":\"2025-05-03T08:20:38+00:00\",\"dateModified\":\"2025-05-21T20:17:13+00:00\",\"breadcrumb\":{\"@id\":\"https:\/\/colibri-jewels.eu\/fi\/tuote\/tyylikas-hopearannekoru-aegir\/#breadcrumb\"},\"inLanguage\":\"fi\",\"potentialAction\":[{\"@type\":\"ReadAction\",\"target\":[\"https:\/\/colibri-jewels.eu\/fi\/tuote\/tyylikas-hopearannekoru-aegir\/\"]}]},{\"@type\":\"ImageObject\",\"inLanguage\":\"fi\",\"@id\":\"https:\/\/colibri-jewels.eu\/fi\/tuote\/tyylikas-hopearannekoru-aegir\/#primaryimage\",\"url\":\"https:\/\/colibri-jewels.eu\/wp-content\/uploads\/2025\/04\/2198.jpg\",\"contentUrl\":\"https:\/\/colibri-jewels.eu\/wp-content\/uploads\/2025\/04\/2198.jpg\",\"width\":1000,\"height\":1000},{\"@type\":\"BreadcrumbList\",\"@id\":\"https:\/\/colibri-jewels.eu\/fi\/tuote\/tyylikas-hopearannekoru-aegir\/#breadcrumb\",\"itemListElement\":[{\"@type\":\"ListItem\",\"position\":1,\"name\":\"\u0413\u043b\u0430\u0432\u043d\u0430\u044f \u0441\u0442\u0440\u0430\u043d\u0438\u0446\u0430\",\"item\":\"https:\/\/colibri-jewels.eu\/fi\/\"},{\"@type\":\"ListItem\",\"position\":2,\"name\":\"Kauppa\",\"item\":\"https:\/\/colibri-jewels.eu\/fi\/kauppa\/\"},{\"@type\":\"ListItem\",\"position\":3,\"name\":\"Tyylik\u00e4s hopearannekoru &#8220;Aegir&#8221;\"}]},{\"@type\":\"WebSite\",\"@id\":\"https:\/\/colibri-jewels.eu\/fi\/#website\",\"url\":\"https:\/\/colibri-jewels.eu\/fi\/\",\"name\":\"Colibri jewels\",\"description\":\"jewelry shop\",\"publisher\":{\"@id\":\"https:\/\/colibri-jewels.eu\/fi\/#organization\"},\"potentialAction\":[{\"@type\":\"SearchAction\",\"target\":{\"@type\":\"EntryPoint\",\"urlTemplate\":\"https:\/\/colibri-jewels.eu\/fi\/?s={search_term_string}\"},\"query-input\":{\"@type\":\"PropertyValueSpecification\",\"valueRequired\":true,\"valueName\":\"search_term_string\"}}],\"inLanguage\":\"fi\"},{\"@type\":\"Organization\",\"@id\":\"https:\/\/colibri-jewels.eu\/fi\/#organization\",\"name\":\"O\u00dc Colibri\",\"url\":\"https:\/\/colibri-jewels.eu\/fi\/\",\"logo\":{\"@type\":\"ImageObject\",\"inLanguage\":\"fi\",\"@id\":\"https:\/\/colibri-jewels.eu\/fi\/#\/schema\/logo\/image\/\",\"url\":\"https:\/\/dev.colibri-jewels.eu\/wp-content\/uploads\/2021\/03\/colibri.png\",\"contentUrl\":\"https:\/\/dev.colibri-jewels.eu\/wp-content\/uploads\/2021\/03\/colibri.png\",\"width\":227,\"height\":130,\"caption\":\"O\u00dc Colibri\"},\"image\":{\"@id\":\"https:\/\/colibri-jewels.eu\/fi\/#\/schema\/logo\/image\/\"},\"sameAs\":[\"https:\/\/www.facebook.com\/colibri.jewels\",\"https:\/\/www.instagram.com\/colibri.jewels\",\"https:\/\/www.tiktok.com\/colibri.jewels\"]}]}<\/script>\n<!-- \/ Yoast SEO Premium plugin. -->","yoast_head_json":{"title":"Tyylik\u00e4s hopearannekoru \"Aegir\" - Colibri jewels","robots":{"index":"index","follow":"follow","max-snippet":"max-snippet:-1","max-image-preview":"max-image-preview:large","max-video-preview":"max-video-preview:-1"},"canonical":"https:\/\/colibri-jewels.eu\/fi\/tuote\/tyylikas-hopearannekoru-aegir\/","og_locale":"fi_FI","og_type":"article","og_title":"Tyylik\u00e4s hopearannekoru \"Aegir\"","og_description":"Ominaisuudet:    Lenkin materiaali: Hopea  Nauhan materiaali: Tekstiili  Nauhan v\u00e4ri: Musta  Tyyli: Merellinen, Minimalistinen, Symbolinen  Yksityiskohdat: S\u00e4\u00e4dett\u00e4v\u00e4 koko","og_url":"https:\/\/colibri-jewels.eu\/fi\/tuote\/tyylikas-hopearannekoru-aegir\/","og_site_name":"Colibri jewels","article_publisher":"https:\/\/www.facebook.com\/colibri.jewels","article_modified_time":"2025-05-21T20:17:13+00:00","og_image":[{"width":1000,"height":1000,"url":"https:\/\/colibri-jewels.eu\/wp-content\/uploads\/2025\/04\/2198.jpg","type":"image\/jpeg"}],"twitter_card":"summary_large_image","twitter_misc":{"Arvioitu lukuaika":"1 minuutti"},"schema":{"@context":"https:\/\/schema.org","@graph":[{"@type":"WebPage","@id":"https:\/\/colibri-jewels.eu\/fi\/tuote\/tyylikas-hopearannekoru-aegir\/","url":"https:\/\/colibri-jewels.eu\/fi\/tuote\/tyylikas-hopearannekoru-aegir\/","name":"Tyylik\u00e4s hopearannekoru \"Aegir\" - Colibri jewels","isPartOf":{"@id":"https:\/\/colibri-jewels.eu\/fi\/#website"},"primaryImageOfPage":{"@id":"https:\/\/colibri-jewels.eu\/fi\/tuote\/tyylikas-hopearannekoru-aegir\/#primaryimage"},"image":{"@id":"https:\/\/colibri-jewels.eu\/fi\/tuote\/tyylikas-hopearannekoru-aegir\/#primaryimage"},"thumbnailUrl":"https:\/\/colibri-jewels.eu\/wp-content\/uploads\/2025\/04\/2198.jpg","datePublished":"2025-05-03T08:20:38+00:00","dateModified":"2025-05-21T20:17:13+00:00","breadcrumb":{"@id":"https:\/\/colibri-jewels.eu\/fi\/tuote\/tyylikas-hopearannekoru-aegir\/#breadcrumb"},"inLanguage":"fi","potentialAction":[{"@type":"ReadAction","target":["https:\/\/colibri-jewels.eu\/fi\/tuote\/tyylikas-hopearannekoru-aegir\/"]}]},{"@type":"ImageObject","inLanguage":"fi","@id":"https:\/\/colibri-jewels.eu\/fi\/tuote\/tyylikas-hopearannekoru-aegir\/#primaryimage","url":"https:\/\/colibri-jewels.eu\/wp-content\/uploads\/2025\/04\/2198.jpg","contentUrl":"https:\/\/colibri-jewels.eu\/wp-content\/uploads\/2025\/04\/2198.jpg","width":1000,"height":1000},{"@type":"BreadcrumbList","@id":"https:\/\/colibri-jewels.eu\/fi\/tuote\/tyylikas-hopearannekoru-aegir\/#breadcrumb","itemListElement":[{"@type":"ListItem","position":1,"name":"\u0413\u043b\u0430\u0432\u043d\u0430\u044f \u0441\u0442\u0440\u0430\u043d\u0438\u0446\u0430","item":"https:\/\/colibri-jewels.eu\/fi\/"},{"@type":"ListItem","position":2,"name":"Kauppa","item":"https:\/\/colibri-jewels.eu\/fi\/kauppa\/"},{"@type":"ListItem","position":3,"name":"Tyylik\u00e4s hopearannekoru &#8220;Aegir&#8221;"}]},{"@type":"WebSite","@id":"https:\/\/colibri-jewels.eu\/fi\/#website","url":"https:\/\/colibri-jewels.eu\/fi\/","name":"Colibri jewels","description":"jewelry shop","publisher":{"@id":"https:\/\/colibri-jewels.eu\/fi\/#organization"},"potentialAction":[{"@type":"SearchAction","target":{"@type":"EntryPoint","urlTemplate":"https:\/\/colibri-jewels.eu\/fi\/?s={search_term_string}"},"query-input":{"@type":"PropertyValueSpecification","valueRequired":true,"valueName":"search_term_string"}}],"inLanguage":"fi"},{"@type":"Organization","@id":"https:\/\/colibri-jewels.eu\/fi\/#organization","name":"O\u00dc Colibri","url":"https:\/\/colibri-jewels.eu\/fi\/","logo":{"@type":"ImageObject","inLanguage":"fi","@id":"https:\/\/colibri-jewels.eu\/fi\/#\/schema\/logo\/image\/","url":"https:\/\/dev.colibri-jewels.eu\/wp-content\/uploads\/2021\/03\/colibri.png","contentUrl":"https:\/\/dev.colibri-jewels.eu\/wp-content\/uploads\/2021\/03\/colibri.png","width":227,"height":130,"caption":"O\u00dc Colibri"},"image":{"@id":"https:\/\/colibri-jewels.eu\/fi\/#\/schema\/logo\/image\/"},"sameAs":["https:\/\/www.facebook.com\/colibri.jewels","https:\/\/www.instagram.com\/colibri.jewels","https:\/\/www.tiktok.com\/colibri.jewels"]}]}},"_links":{"self":[{"href":"https:\/\/colibri-jewels.eu\/fi\/wp-json\/wp\/v2\/product\/49806","targetHints":{"allow":["GET"]}}],"collection":[{"href":"https:\/\/colibri-jewels.eu\/fi\/wp-json\/wp\/v2\/product"}],"about":[{"href":"https:\/\/colibri-jewels.eu\/fi\/wp-json\/wp\/v2\/types\/product"}],"replies":[{"embeddable":true,"href":"https:\/\/colibri-jewels.eu\/fi\/wp-json\/wp\/v2\/comments?post=49806"}],"version-history":[{"count":0,"href":"https:\/\/colibri-jewels.eu\/fi\/wp-json\/wp\/v2\/product\/49806\/revisions"}],"wp:featuredmedia":[{"embeddable":true,"href":"https:\/\/colibri-jewels.eu\/fi\/wp-json\/wp\/v2\/media\/49807"}],"wp:attachment":[{"href":"https:\/\/colibri-jewels.eu\/fi\/wp-json\/wp\/v2\/media?parent=49806"}],"wp:term":[{"taxonomy":"brand","embeddable":true,"href":"https:\/\/colibri-jewels.eu\/fi\/wp-json\/wp\/v2\/etheme_brands?post=49806"},{"taxonomy":"product_brand","embeddable":true,"href":"https:\/\/colibri-jewels.eu\/fi\/wp-json\/wp\/v2\/product_brand?post=49806"},{"taxonomy":"product_cat","embeddable":true,"href":"https:\/\/colibri-jewels.eu\/fi\/wp-json\/wp\/v2\/product_cat?post=49806"},{"taxonomy":"product_tag","embeddable":true,"href":"https:\/\/colibri-jewels.eu\/fi\/wp-json\/wp\/v2\/product_tag?post=49806"}],"curies":[{"name":"wp","href":"https:\/\/api.w.org\/{rel}","templated":true}]}}