{"id":49900,"date":"2025-04-18T22:22:25","date_gmt":"2025-04-18T19:22:25","guid":{"rendered":"https:\/\/colibri-jewels.eu\/?post_type=product&#038;p=49900"},"modified":"2025-05-22T00:08:37","modified_gmt":"2025-05-21T21:08:37","slug":"ultimate-hopeasormus-ametistilla-tesseract","status":"publish","type":"product","link":"https:\/\/colibri-jewels.eu\/fi\/tuote\/ultimate-hopeasormus-ametistilla-tesseract\/","title":{"rendered":"Ultimate hopeasormus ametistilla &#8221;Tesseract&#8221;"},"content":{"rendered":"<p><strong data-start=\"409\" data-end=\"422\">Tesseract<\/strong> ei ole pelkk\u00e4 sormus, se on kokonainen fiilis.<br data-start=\"460\" data-end=\"463\" \/>J\u00e4re\u00e4 hopeapala, johon isketty ripaus violettia (tietty ametisti).<br data-start=\"519\" data-end=\"522\" \/>Se ei v\u00e4lit\u00e4 trendeist\u00e4 \u2013 se <em data-start=\"554\" data-end=\"558\">on<\/em> trendi.<br data-start=\"569\" data-end=\"572\" \/>Laita t\u00e4m\u00e4 ranteeseen, niin ihmiset kysyy, milt\u00e4 planeetalta oot kotoisin.<br data-start=\"639\" data-end=\"642\" \/>Kuutio ulkopuolella, galaksien voima sis\u00e4ll\u00e4.<br data-start=\"691\" data-end=\"694\" \/>Tyylitaso: <em data-start=\"706\" data-end=\"765\">\u00e4l\u00e4 edes puhu mulle, ellet hallitse geometriaa sormissas<\/em>.<\/p>\n","protected":false},"excerpt":{"rendered":"<p>Sterlinghopeaa, rodinipinnoitus, mattapintainen.<\/p>\n<p>Sormuksen paino 14,99 g.<\/p>\n","protected":false},"featured_media":49901,"comment_status":"open","ping_status":"closed","template":"","meta":[],"etheme_brands":[],"product_brand":[],"product_cat":[990],"product_tag":[1002,999],"class_list":{"0":"post-49900","1":"product","2":"type-product","3":"status-publish","4":"has-post-thumbnail","6":"product_cat-sormukset","7":"product_tag-lakoniset","8":"product_tag-yksinoikeudella","10":"first","11":"instock","12":"shipping-taxable","13":"purchasable","14":"product-type-simple"},"acf":[],"yoast_head":"<!-- This site is optimized with the Yoast SEO Premium plugin v26.5 (Yoast SEO v26.8) - https:\/\/yoast.com\/product\/yoast-seo-premium-wordpress\/ -->\n<title>Ultimate hopeasormus ametistilla &quot;Tesseract&quot; - Colibri jewels<\/title>\n<meta name=\"description\" content=\"Massiivinen hopeasormus ametistilla. Ilmaisu niille, jotka eiv\u00e4t halua j\u00e4\u00e4d\u00e4 taustalle. Mukava k\u00e4ytt\u00e4\u00e4, n\u00e4ytt\u00e4\u00e4 kuin taide-esineelt\u00e4 planeetalta &quot;Min\u00e4 olen paras&quot;. Sopii mustan, valkoisen ja egoosi kanssa.\" \/>\n<meta name=\"robots\" content=\"index, follow, max-snippet:-1, max-image-preview:large, max-video-preview:-1\" \/>\n<link rel=\"canonical\" href=\"https:\/\/colibri-jewels.eu\/fi\/tuote\/ultimate-hopeasormus-ametistilla-tesseract\/\" \/>\n<meta property=\"og:locale\" content=\"fi_FI\" \/>\n<meta property=\"og:type\" content=\"article\" \/>\n<meta property=\"og:title\" content=\"Ultimate hopeasormus ametistilla &quot;Tesseract&quot;\" \/>\n<meta property=\"og:description\" content=\"Massiivinen hopeasormus ametistilla. Ilmaisu niille, jotka eiv\u00e4t halua j\u00e4\u00e4d\u00e4 taustalle. Mukava k\u00e4ytt\u00e4\u00e4, n\u00e4ytt\u00e4\u00e4 kuin taide-esineelt\u00e4 planeetalta &quot;Min\u00e4 olen paras&quot;. Sopii mustan, valkoisen ja egoosi kanssa.\" \/>\n<meta property=\"og:url\" content=\"https:\/\/colibri-jewels.eu\/fi\/tuote\/ultimate-hopeasormus-ametistilla-tesseract\/\" \/>\n<meta property=\"og:site_name\" content=\"Colibri jewels\" \/>\n<meta property=\"article:publisher\" content=\"https:\/\/www.facebook.com\/colibri.jewels\" \/>\n<meta property=\"article:modified_time\" content=\"2025-05-21T21:08:37+00:00\" \/>\n<meta property=\"og:image\" content=\"https:\/\/colibri-jewels.eu\/wp-content\/uploads\/2025\/03\/massive-cube-silver-ring-with-amethyst-Tesseract.jpg\" \/>\n\t<meta property=\"og:image:width\" content=\"1000\" \/>\n\t<meta property=\"og:image:height\" content=\"1000\" \/>\n\t<meta property=\"og:image:type\" content=\"image\/jpeg\" \/>\n<meta name=\"twitter:card\" content=\"summary_large_image\" \/>\n<script type=\"application\/ld+json\" class=\"yoast-schema-graph\">{\"@context\":\"https:\/\/schema.org\",\"@graph\":[{\"@type\":\"WebPage\",\"@id\":\"https:\/\/colibri-jewels.eu\/fi\/tuote\/ultimate-hopeasormus-ametistilla-tesseract\/\",\"url\":\"https:\/\/colibri-jewels.eu\/fi\/tuote\/ultimate-hopeasormus-ametistilla-tesseract\/\",\"name\":\"Ultimate hopeasormus ametistilla \\\"Tesseract\\\" - Colibri jewels\",\"isPartOf\":{\"@id\":\"https:\/\/colibri-jewels.eu\/fi\/#website\"},\"primaryImageOfPage\":{\"@id\":\"https:\/\/colibri-jewels.eu\/fi\/tuote\/ultimate-hopeasormus-ametistilla-tesseract\/#primaryimage\"},\"image\":{\"@id\":\"https:\/\/colibri-jewels.eu\/fi\/tuote\/ultimate-hopeasormus-ametistilla-tesseract\/#primaryimage\"},\"thumbnailUrl\":\"https:\/\/colibri-jewels.eu\/wp-content\/uploads\/2025\/03\/massive-cube-silver-ring-with-amethyst-Tesseract.jpg\",\"datePublished\":\"2025-04-18T19:22:25+00:00\",\"dateModified\":\"2025-05-21T21:08:37+00:00\",\"description\":\"Massiivinen hopeasormus ametistilla. Ilmaisu niille, jotka eiv\u00e4t halua j\u00e4\u00e4d\u00e4 taustalle. Mukava k\u00e4ytt\u00e4\u00e4, n\u00e4ytt\u00e4\u00e4 kuin taide-esineelt\u00e4 planeetalta \\\"Min\u00e4 olen paras\\\". Sopii mustan, valkoisen ja egoosi kanssa.\",\"breadcrumb\":{\"@id\":\"https:\/\/colibri-jewels.eu\/fi\/tuote\/ultimate-hopeasormus-ametistilla-tesseract\/#breadcrumb\"},\"inLanguage\":\"fi\",\"potentialAction\":[{\"@type\":\"ReadAction\",\"target\":[\"https:\/\/colibri-jewels.eu\/fi\/tuote\/ultimate-hopeasormus-ametistilla-tesseract\/\"]}]},{\"@type\":\"ImageObject\",\"inLanguage\":\"fi\",\"@id\":\"https:\/\/colibri-jewels.eu\/fi\/tuote\/ultimate-hopeasormus-ametistilla-tesseract\/#primaryimage\",\"url\":\"https:\/\/colibri-jewels.eu\/wp-content\/uploads\/2025\/03\/massive-cube-silver-ring-with-amethyst-Tesseract.jpg\",\"contentUrl\":\"https:\/\/colibri-jewels.eu\/wp-content\/uploads\/2025\/03\/massive-cube-silver-ring-with-amethyst-Tesseract.jpg\",\"width\":1000,\"height\":1000},{\"@type\":\"BreadcrumbList\",\"@id\":\"https:\/\/colibri-jewels.eu\/fi\/tuote\/ultimate-hopeasormus-ametistilla-tesseract\/#breadcrumb\",\"itemListElement\":[{\"@type\":\"ListItem\",\"position\":1,\"name\":\"\u0413\u043b\u0430\u0432\u043d\u0430\u044f \u0441\u0442\u0440\u0430\u043d\u0438\u0446\u0430\",\"item\":\"https:\/\/colibri-jewels.eu\/fi\/\"},{\"@type\":\"ListItem\",\"position\":2,\"name\":\"Kauppa\",\"item\":\"https:\/\/colibri-jewels.eu\/fi\/kauppa\/\"},{\"@type\":\"ListItem\",\"position\":3,\"name\":\"Ultimate hopeasormus ametistilla &#8220;Tesseract&#8221;\"}]},{\"@type\":\"WebSite\",\"@id\":\"https:\/\/colibri-jewels.eu\/fi\/#website\",\"url\":\"https:\/\/colibri-jewels.eu\/fi\/\",\"name\":\"Colibri jewels\",\"description\":\"jewelry shop\",\"publisher\":{\"@id\":\"https:\/\/colibri-jewels.eu\/fi\/#organization\"},\"potentialAction\":[{\"@type\":\"SearchAction\",\"target\":{\"@type\":\"EntryPoint\",\"urlTemplate\":\"https:\/\/colibri-jewels.eu\/fi\/?s={search_term_string}\"},\"query-input\":{\"@type\":\"PropertyValueSpecification\",\"valueRequired\":true,\"valueName\":\"search_term_string\"}}],\"inLanguage\":\"fi\"},{\"@type\":\"Organization\",\"@id\":\"https:\/\/colibri-jewels.eu\/fi\/#organization\",\"name\":\"O\u00dc Colibri\",\"url\":\"https:\/\/colibri-jewels.eu\/fi\/\",\"logo\":{\"@type\":\"ImageObject\",\"inLanguage\":\"fi\",\"@id\":\"https:\/\/colibri-jewels.eu\/fi\/#\/schema\/logo\/image\/\",\"url\":\"https:\/\/dev.colibri-jewels.eu\/wp-content\/uploads\/2021\/03\/colibri.png\",\"contentUrl\":\"https:\/\/dev.colibri-jewels.eu\/wp-content\/uploads\/2021\/03\/colibri.png\",\"width\":227,\"height\":130,\"caption\":\"O\u00dc Colibri\"},\"image\":{\"@id\":\"https:\/\/colibri-jewels.eu\/fi\/#\/schema\/logo\/image\/\"},\"sameAs\":[\"https:\/\/www.facebook.com\/colibri.jewels\",\"https:\/\/www.instagram.com\/colibri.jewels\",\"https:\/\/www.tiktok.com\/colibri.jewels\"]}]}<\/script>\n<!-- \/ Yoast SEO Premium plugin. -->","yoast_head_json":{"title":"Ultimate hopeasormus ametistilla \"Tesseract\" - Colibri jewels","description":"Massiivinen hopeasormus ametistilla. Ilmaisu niille, jotka eiv\u00e4t halua j\u00e4\u00e4d\u00e4 taustalle. Mukava k\u00e4ytt\u00e4\u00e4, n\u00e4ytt\u00e4\u00e4 kuin taide-esineelt\u00e4 planeetalta \"Min\u00e4 olen paras\". Sopii mustan, valkoisen ja egoosi kanssa.","robots":{"index":"index","follow":"follow","max-snippet":"max-snippet:-1","max-image-preview":"max-image-preview:large","max-video-preview":"max-video-preview:-1"},"canonical":"https:\/\/colibri-jewels.eu\/fi\/tuote\/ultimate-hopeasormus-ametistilla-tesseract\/","og_locale":"fi_FI","og_type":"article","og_title":"Ultimate hopeasormus ametistilla \"Tesseract\"","og_description":"Massiivinen hopeasormus ametistilla. Ilmaisu niille, jotka eiv\u00e4t halua j\u00e4\u00e4d\u00e4 taustalle. Mukava k\u00e4ytt\u00e4\u00e4, n\u00e4ytt\u00e4\u00e4 kuin taide-esineelt\u00e4 planeetalta \"Min\u00e4 olen paras\". Sopii mustan, valkoisen ja egoosi kanssa.","og_url":"https:\/\/colibri-jewels.eu\/fi\/tuote\/ultimate-hopeasormus-ametistilla-tesseract\/","og_site_name":"Colibri jewels","article_publisher":"https:\/\/www.facebook.com\/colibri.jewels","article_modified_time":"2025-05-21T21:08:37+00:00","og_image":[{"width":1000,"height":1000,"url":"https:\/\/colibri-jewels.eu\/wp-content\/uploads\/2025\/03\/massive-cube-silver-ring-with-amethyst-Tesseract.jpg","type":"image\/jpeg"}],"twitter_card":"summary_large_image","schema":{"@context":"https:\/\/schema.org","@graph":[{"@type":"WebPage","@id":"https:\/\/colibri-jewels.eu\/fi\/tuote\/ultimate-hopeasormus-ametistilla-tesseract\/","url":"https:\/\/colibri-jewels.eu\/fi\/tuote\/ultimate-hopeasormus-ametistilla-tesseract\/","name":"Ultimate hopeasormus ametistilla \"Tesseract\" - Colibri jewels","isPartOf":{"@id":"https:\/\/colibri-jewels.eu\/fi\/#website"},"primaryImageOfPage":{"@id":"https:\/\/colibri-jewels.eu\/fi\/tuote\/ultimate-hopeasormus-ametistilla-tesseract\/#primaryimage"},"image":{"@id":"https:\/\/colibri-jewels.eu\/fi\/tuote\/ultimate-hopeasormus-ametistilla-tesseract\/#primaryimage"},"thumbnailUrl":"https:\/\/colibri-jewels.eu\/wp-content\/uploads\/2025\/03\/massive-cube-silver-ring-with-amethyst-Tesseract.jpg","datePublished":"2025-04-18T19:22:25+00:00","dateModified":"2025-05-21T21:08:37+00:00","description":"Massiivinen hopeasormus ametistilla. Ilmaisu niille, jotka eiv\u00e4t halua j\u00e4\u00e4d\u00e4 taustalle. Mukava k\u00e4ytt\u00e4\u00e4, n\u00e4ytt\u00e4\u00e4 kuin taide-esineelt\u00e4 planeetalta \"Min\u00e4 olen paras\". Sopii mustan, valkoisen ja egoosi kanssa.","breadcrumb":{"@id":"https:\/\/colibri-jewels.eu\/fi\/tuote\/ultimate-hopeasormus-ametistilla-tesseract\/#breadcrumb"},"inLanguage":"fi","potentialAction":[{"@type":"ReadAction","target":["https:\/\/colibri-jewels.eu\/fi\/tuote\/ultimate-hopeasormus-ametistilla-tesseract\/"]}]},{"@type":"ImageObject","inLanguage":"fi","@id":"https:\/\/colibri-jewels.eu\/fi\/tuote\/ultimate-hopeasormus-ametistilla-tesseract\/#primaryimage","url":"https:\/\/colibri-jewels.eu\/wp-content\/uploads\/2025\/03\/massive-cube-silver-ring-with-amethyst-Tesseract.jpg","contentUrl":"https:\/\/colibri-jewels.eu\/wp-content\/uploads\/2025\/03\/massive-cube-silver-ring-with-amethyst-Tesseract.jpg","width":1000,"height":1000},{"@type":"BreadcrumbList","@id":"https:\/\/colibri-jewels.eu\/fi\/tuote\/ultimate-hopeasormus-ametistilla-tesseract\/#breadcrumb","itemListElement":[{"@type":"ListItem","position":1,"name":"\u0413\u043b\u0430\u0432\u043d\u0430\u044f \u0441\u0442\u0440\u0430\u043d\u0438\u0446\u0430","item":"https:\/\/colibri-jewels.eu\/fi\/"},{"@type":"ListItem","position":2,"name":"Kauppa","item":"https:\/\/colibri-jewels.eu\/fi\/kauppa\/"},{"@type":"ListItem","position":3,"name":"Ultimate hopeasormus ametistilla &#8220;Tesseract&#8221;"}]},{"@type":"WebSite","@id":"https:\/\/colibri-jewels.eu\/fi\/#website","url":"https:\/\/colibri-jewels.eu\/fi\/","name":"Colibri jewels","description":"jewelry shop","publisher":{"@id":"https:\/\/colibri-jewels.eu\/fi\/#organization"},"potentialAction":[{"@type":"SearchAction","target":{"@type":"EntryPoint","urlTemplate":"https:\/\/colibri-jewels.eu\/fi\/?s={search_term_string}"},"query-input":{"@type":"PropertyValueSpecification","valueRequired":true,"valueName":"search_term_string"}}],"inLanguage":"fi"},{"@type":"Organization","@id":"https:\/\/colibri-jewels.eu\/fi\/#organization","name":"O\u00dc Colibri","url":"https:\/\/colibri-jewels.eu\/fi\/","logo":{"@type":"ImageObject","inLanguage":"fi","@id":"https:\/\/colibri-jewels.eu\/fi\/#\/schema\/logo\/image\/","url":"https:\/\/dev.colibri-jewels.eu\/wp-content\/uploads\/2021\/03\/colibri.png","contentUrl":"https:\/\/dev.colibri-jewels.eu\/wp-content\/uploads\/2021\/03\/colibri.png","width":227,"height":130,"caption":"O\u00dc Colibri"},"image":{"@id":"https:\/\/colibri-jewels.eu\/fi\/#\/schema\/logo\/image\/"},"sameAs":["https:\/\/www.facebook.com\/colibri.jewels","https:\/\/www.instagram.com\/colibri.jewels","https:\/\/www.tiktok.com\/colibri.jewels"]}]}},"_links":{"self":[{"href":"https:\/\/colibri-jewels.eu\/fi\/wp-json\/wp\/v2\/product\/49900","targetHints":{"allow":["GET"]}}],"collection":[{"href":"https:\/\/colibri-jewels.eu\/fi\/wp-json\/wp\/v2\/product"}],"about":[{"href":"https:\/\/colibri-jewels.eu\/fi\/wp-json\/wp\/v2\/types\/product"}],"replies":[{"embeddable":true,"href":"https:\/\/colibri-jewels.eu\/fi\/wp-json\/wp\/v2\/comments?post=49900"}],"version-history":[{"count":0,"href":"https:\/\/colibri-jewels.eu\/fi\/wp-json\/wp\/v2\/product\/49900\/revisions"}],"wp:featuredmedia":[{"embeddable":true,"href":"https:\/\/colibri-jewels.eu\/fi\/wp-json\/wp\/v2\/media\/49901"}],"wp:attachment":[{"href":"https:\/\/colibri-jewels.eu\/fi\/wp-json\/wp\/v2\/media?parent=49900"}],"wp:term":[{"taxonomy":"brand","embeddable":true,"href":"https:\/\/colibri-jewels.eu\/fi\/wp-json\/wp\/v2\/etheme_brands?post=49900"},{"taxonomy":"product_brand","embeddable":true,"href":"https:\/\/colibri-jewels.eu\/fi\/wp-json\/wp\/v2\/product_brand?post=49900"},{"taxonomy":"product_cat","embeddable":true,"href":"https:\/\/colibri-jewels.eu\/fi\/wp-json\/wp\/v2\/product_cat?post=49900"},{"taxonomy":"product_tag","embeddable":true,"href":"https:\/\/colibri-jewels.eu\/fi\/wp-json\/wp\/v2\/product_tag?post=49900"}],"curies":[{"name":"wp","href":"https:\/\/api.w.org\/{rel}","templated":true}]}}