{"id":49928,"date":"2025-04-18T19:41:45","date_gmt":"2025-04-18T16:41:45","guid":{"rendered":"https:\/\/colibri-jewels.eu\/?post_type=product&#038;p=49928"},"modified":"2025-05-22T00:08:45","modified_gmt":"2025-05-21T21:08:45","slug":"ylelliset-hopeakorvakorut-aqualuce","status":"publish","type":"product","link":"https:\/\/colibri-jewels.eu\/fi\/tuote\/ylelliset-hopeakorvakorut-aqualuce\/","title":{"rendered":"Ylelliset hopeakorvakorut &#8221;AquaLuce&#8221;"},"content":{"rendered":"<p data-start=\"38\" data-end=\"275\"><strong data-start=\"38\" data-end=\"54\">AquaLuce-setti<\/strong><br data-start=\"54\" data-end=\"57\" \/>Veden puhtaus, valon leikki, muodon sulavuus \u2013 AquaLuce ilment\u00e4\u00e4 luonnon voimaa ja eleganssia. Sile\u00e4t hopealinjat muistuttavat ajassa pys\u00e4htyneit\u00e4 vesipisaroita, heijastaen valoa jokaisesta kaarteestaan.<\/p>\n<p data-start=\"277\" data-end=\"506\">T\u00e4m\u00e4 setti on samanaikaisesti n\u00e4ytt\u00e4v\u00e4 ja ilmava, suunniteltu niille, jotka arvostavat aistillisia muotoja ja jaloutta hehkua. Kaulakoru laskeutuu kauniisti kaulalle, korvakorut huokuvat hienostuneisuutta ja rohkea sormus on vaikuttava huomion keskipiste.<\/p>\n<p data-start=\"508\" data-end=\"567\"><strong data-start=\"508\" data-end=\"565\">AquaLuce \u2013 kun valo ja liike muuttuvat koruiksi.<\/strong><\/p>\n","protected":false},"excerpt":{"rendered":"<h4 data-start=\"280\" data-end=\"308\"><strong data-start=\"285\" data-end=\"306\">AquaLuce korvakorut<\/strong><\/h4>\n<p data-start=\"309\" data-end=\"524\">T\u00e4ydellinen pisaran muoto, vangittuna hopeaan. Rodinipinnoituksen jalo kiilto ja turvallinen englanninkoukku tekev\u00e4t n\u00e4ist\u00e4 korvakoruista tyylikk\u00e4\u00e4n lis\u00e4n mihin tahansa asuun. Ne ovat kuin valons\u00e4teit\u00e4, pys\u00e4ytettyin\u00e4 liikkeeseen.<\/p>\n<p data-start=\"309\" data-end=\"524\">Korvakorujen keskipaino 8,73 g.<\/p>\n<p data-start=\"551\" data-end=\"734\">\n","protected":false},"featured_media":49929,"comment_status":"open","ping_status":"closed","template":"","meta":[],"etheme_brands":[],"product_brand":[],"product_cat":[987],"product_tag":[1002,999],"class_list":{"0":"post-49928","1":"product","2":"type-product","3":"status-publish","4":"has-post-thumbnail","6":"product_cat-korvakorut","7":"product_tag-lakoniset","8":"product_tag-yksinoikeudella","10":"first","11":"instock","12":"shipping-taxable","13":"purchasable","14":"product-type-simple"},"acf":[],"yoast_head":"<!-- This site is optimized with the Yoast SEO Premium plugin v26.5 (Yoast SEO v26.8) - https:\/\/yoast.com\/product\/yoast-seo-premium-wordpress\/ -->\n<title>Ylelliset hopeakorvakorut &quot;AquaLuce&quot; - Colibri jewels<\/title>\n<meta name=\"robots\" content=\"index, follow, max-snippet:-1, max-image-preview:large, max-video-preview:-1\" \/>\n<link rel=\"canonical\" href=\"https:\/\/colibri-jewels.eu\/fi\/tuote\/ylelliset-hopeakorvakorut-aqualuce\/\" \/>\n<meta property=\"og:locale\" content=\"fi_FI\" \/>\n<meta property=\"og:type\" content=\"article\" \/>\n<meta property=\"og:title\" content=\"Ylelliset hopeakorvakorut &quot;AquaLuce&quot;\" \/>\n<meta property=\"og:description\" content=\"AquaLuce korvakorut T\u00e4ydellinen pisaran muoto, vangittuna hopeaan. Rodinipinnoituksen jalo kiilto ja turvallinen englanninkoukku tekev\u00e4t n\u00e4ist\u00e4 korvakoruista tyylikk\u00e4\u00e4n lis\u00e4n mihin tahansa asuun. Ne ovat kuin valons\u00e4teit\u00e4, pys\u00e4ytettyin\u00e4 liikkeeseen. Korvakorujen keskipaino 8,73 g.\" \/>\n<meta property=\"og:url\" content=\"https:\/\/colibri-jewels.eu\/fi\/tuote\/ylelliset-hopeakorvakorut-aqualuce\/\" \/>\n<meta property=\"og:site_name\" content=\"Colibri jewels\" \/>\n<meta property=\"article:publisher\" content=\"https:\/\/www.facebook.com\/colibri.jewels\" \/>\n<meta property=\"article:modified_time\" content=\"2025-05-21T21:08:45+00:00\" \/>\n<meta property=\"og:image\" content=\"https:\/\/colibri-jewels.eu\/wp-content\/uploads\/2025\/03\/silver-drop-shape-bottega-style-AquaLuce-earrings.jpg\" \/>\n\t<meta property=\"og:image:width\" content=\"1000\" \/>\n\t<meta property=\"og:image:height\" content=\"1000\" \/>\n\t<meta property=\"og:image:type\" content=\"image\/jpeg\" \/>\n<meta name=\"twitter:card\" content=\"summary_large_image\" \/>\n<script type=\"application\/ld+json\" class=\"yoast-schema-graph\">{\"@context\":\"https:\/\/schema.org\",\"@graph\":[{\"@type\":\"WebPage\",\"@id\":\"https:\/\/colibri-jewels.eu\/fi\/tuote\/ylelliset-hopeakorvakorut-aqualuce\/\",\"url\":\"https:\/\/colibri-jewels.eu\/fi\/tuote\/ylelliset-hopeakorvakorut-aqualuce\/\",\"name\":\"Ylelliset hopeakorvakorut \\\"AquaLuce\\\" - Colibri jewels\",\"isPartOf\":{\"@id\":\"https:\/\/colibri-jewels.eu\/fi\/#website\"},\"primaryImageOfPage\":{\"@id\":\"https:\/\/colibri-jewels.eu\/fi\/tuote\/ylelliset-hopeakorvakorut-aqualuce\/#primaryimage\"},\"image\":{\"@id\":\"https:\/\/colibri-jewels.eu\/fi\/tuote\/ylelliset-hopeakorvakorut-aqualuce\/#primaryimage\"},\"thumbnailUrl\":\"https:\/\/colibri-jewels.eu\/wp-content\/uploads\/2025\/03\/silver-drop-shape-bottega-style-AquaLuce-earrings.jpg\",\"datePublished\":\"2025-04-18T16:41:45+00:00\",\"dateModified\":\"2025-05-21T21:08:45+00:00\",\"breadcrumb\":{\"@id\":\"https:\/\/colibri-jewels.eu\/fi\/tuote\/ylelliset-hopeakorvakorut-aqualuce\/#breadcrumb\"},\"inLanguage\":\"fi\",\"potentialAction\":[{\"@type\":\"ReadAction\",\"target\":[\"https:\/\/colibri-jewels.eu\/fi\/tuote\/ylelliset-hopeakorvakorut-aqualuce\/\"]}]},{\"@type\":\"ImageObject\",\"inLanguage\":\"fi\",\"@id\":\"https:\/\/colibri-jewels.eu\/fi\/tuote\/ylelliset-hopeakorvakorut-aqualuce\/#primaryimage\",\"url\":\"https:\/\/colibri-jewels.eu\/wp-content\/uploads\/2025\/03\/silver-drop-shape-bottega-style-AquaLuce-earrings.jpg\",\"contentUrl\":\"https:\/\/colibri-jewels.eu\/wp-content\/uploads\/2025\/03\/silver-drop-shape-bottega-style-AquaLuce-earrings.jpg\",\"width\":1000,\"height\":1000},{\"@type\":\"BreadcrumbList\",\"@id\":\"https:\/\/colibri-jewels.eu\/fi\/tuote\/ylelliset-hopeakorvakorut-aqualuce\/#breadcrumb\",\"itemListElement\":[{\"@type\":\"ListItem\",\"position\":1,\"name\":\"\u0413\u043b\u0430\u0432\u043d\u0430\u044f \u0441\u0442\u0440\u0430\u043d\u0438\u0446\u0430\",\"item\":\"https:\/\/colibri-jewels.eu\/fi\/\"},{\"@type\":\"ListItem\",\"position\":2,\"name\":\"Kauppa\",\"item\":\"https:\/\/colibri-jewels.eu\/fi\/kauppa\/\"},{\"@type\":\"ListItem\",\"position\":3,\"name\":\"Ylelliset hopeakorvakorut &#8220;AquaLuce&#8221;\"}]},{\"@type\":\"WebSite\",\"@id\":\"https:\/\/colibri-jewels.eu\/fi\/#website\",\"url\":\"https:\/\/colibri-jewels.eu\/fi\/\",\"name\":\"Colibri jewels\",\"description\":\"jewelry shop\",\"publisher\":{\"@id\":\"https:\/\/colibri-jewels.eu\/fi\/#organization\"},\"potentialAction\":[{\"@type\":\"SearchAction\",\"target\":{\"@type\":\"EntryPoint\",\"urlTemplate\":\"https:\/\/colibri-jewels.eu\/fi\/?s={search_term_string}\"},\"query-input\":{\"@type\":\"PropertyValueSpecification\",\"valueRequired\":true,\"valueName\":\"search_term_string\"}}],\"inLanguage\":\"fi\"},{\"@type\":\"Organization\",\"@id\":\"https:\/\/colibri-jewels.eu\/fi\/#organization\",\"name\":\"O\u00dc Colibri\",\"url\":\"https:\/\/colibri-jewels.eu\/fi\/\",\"logo\":{\"@type\":\"ImageObject\",\"inLanguage\":\"fi\",\"@id\":\"https:\/\/colibri-jewels.eu\/fi\/#\/schema\/logo\/image\/\",\"url\":\"https:\/\/dev.colibri-jewels.eu\/wp-content\/uploads\/2021\/03\/colibri.png\",\"contentUrl\":\"https:\/\/dev.colibri-jewels.eu\/wp-content\/uploads\/2021\/03\/colibri.png\",\"width\":227,\"height\":130,\"caption\":\"O\u00dc Colibri\"},\"image\":{\"@id\":\"https:\/\/colibri-jewels.eu\/fi\/#\/schema\/logo\/image\/\"},\"sameAs\":[\"https:\/\/www.facebook.com\/colibri.jewels\",\"https:\/\/www.instagram.com\/colibri.jewels\",\"https:\/\/www.tiktok.com\/colibri.jewels\"]}]}<\/script>\n<!-- \/ Yoast SEO Premium plugin. -->","yoast_head_json":{"title":"Ylelliset hopeakorvakorut \"AquaLuce\" - Colibri jewels","robots":{"index":"index","follow":"follow","max-snippet":"max-snippet:-1","max-image-preview":"max-image-preview:large","max-video-preview":"max-video-preview:-1"},"canonical":"https:\/\/colibri-jewels.eu\/fi\/tuote\/ylelliset-hopeakorvakorut-aqualuce\/","og_locale":"fi_FI","og_type":"article","og_title":"Ylelliset hopeakorvakorut \"AquaLuce\"","og_description":"AquaLuce korvakorut T\u00e4ydellinen pisaran muoto, vangittuna hopeaan. Rodinipinnoituksen jalo kiilto ja turvallinen englanninkoukku tekev\u00e4t n\u00e4ist\u00e4 korvakoruista tyylikk\u00e4\u00e4n lis\u00e4n mihin tahansa asuun. Ne ovat kuin valons\u00e4teit\u00e4, pys\u00e4ytettyin\u00e4 liikkeeseen. Korvakorujen keskipaino 8,73 g.","og_url":"https:\/\/colibri-jewels.eu\/fi\/tuote\/ylelliset-hopeakorvakorut-aqualuce\/","og_site_name":"Colibri jewels","article_publisher":"https:\/\/www.facebook.com\/colibri.jewels","article_modified_time":"2025-05-21T21:08:45+00:00","og_image":[{"width":1000,"height":1000,"url":"https:\/\/colibri-jewels.eu\/wp-content\/uploads\/2025\/03\/silver-drop-shape-bottega-style-AquaLuce-earrings.jpg","type":"image\/jpeg"}],"twitter_card":"summary_large_image","schema":{"@context":"https:\/\/schema.org","@graph":[{"@type":"WebPage","@id":"https:\/\/colibri-jewels.eu\/fi\/tuote\/ylelliset-hopeakorvakorut-aqualuce\/","url":"https:\/\/colibri-jewels.eu\/fi\/tuote\/ylelliset-hopeakorvakorut-aqualuce\/","name":"Ylelliset hopeakorvakorut \"AquaLuce\" - Colibri jewels","isPartOf":{"@id":"https:\/\/colibri-jewels.eu\/fi\/#website"},"primaryImageOfPage":{"@id":"https:\/\/colibri-jewels.eu\/fi\/tuote\/ylelliset-hopeakorvakorut-aqualuce\/#primaryimage"},"image":{"@id":"https:\/\/colibri-jewels.eu\/fi\/tuote\/ylelliset-hopeakorvakorut-aqualuce\/#primaryimage"},"thumbnailUrl":"https:\/\/colibri-jewels.eu\/wp-content\/uploads\/2025\/03\/silver-drop-shape-bottega-style-AquaLuce-earrings.jpg","datePublished":"2025-04-18T16:41:45+00:00","dateModified":"2025-05-21T21:08:45+00:00","breadcrumb":{"@id":"https:\/\/colibri-jewels.eu\/fi\/tuote\/ylelliset-hopeakorvakorut-aqualuce\/#breadcrumb"},"inLanguage":"fi","potentialAction":[{"@type":"ReadAction","target":["https:\/\/colibri-jewels.eu\/fi\/tuote\/ylelliset-hopeakorvakorut-aqualuce\/"]}]},{"@type":"ImageObject","inLanguage":"fi","@id":"https:\/\/colibri-jewels.eu\/fi\/tuote\/ylelliset-hopeakorvakorut-aqualuce\/#primaryimage","url":"https:\/\/colibri-jewels.eu\/wp-content\/uploads\/2025\/03\/silver-drop-shape-bottega-style-AquaLuce-earrings.jpg","contentUrl":"https:\/\/colibri-jewels.eu\/wp-content\/uploads\/2025\/03\/silver-drop-shape-bottega-style-AquaLuce-earrings.jpg","width":1000,"height":1000},{"@type":"BreadcrumbList","@id":"https:\/\/colibri-jewels.eu\/fi\/tuote\/ylelliset-hopeakorvakorut-aqualuce\/#breadcrumb","itemListElement":[{"@type":"ListItem","position":1,"name":"\u0413\u043b\u0430\u0432\u043d\u0430\u044f \u0441\u0442\u0440\u0430\u043d\u0438\u0446\u0430","item":"https:\/\/colibri-jewels.eu\/fi\/"},{"@type":"ListItem","position":2,"name":"Kauppa","item":"https:\/\/colibri-jewels.eu\/fi\/kauppa\/"},{"@type":"ListItem","position":3,"name":"Ylelliset hopeakorvakorut &#8220;AquaLuce&#8221;"}]},{"@type":"WebSite","@id":"https:\/\/colibri-jewels.eu\/fi\/#website","url":"https:\/\/colibri-jewels.eu\/fi\/","name":"Colibri jewels","description":"jewelry shop","publisher":{"@id":"https:\/\/colibri-jewels.eu\/fi\/#organization"},"potentialAction":[{"@type":"SearchAction","target":{"@type":"EntryPoint","urlTemplate":"https:\/\/colibri-jewels.eu\/fi\/?s={search_term_string}"},"query-input":{"@type":"PropertyValueSpecification","valueRequired":true,"valueName":"search_term_string"}}],"inLanguage":"fi"},{"@type":"Organization","@id":"https:\/\/colibri-jewels.eu\/fi\/#organization","name":"O\u00dc Colibri","url":"https:\/\/colibri-jewels.eu\/fi\/","logo":{"@type":"ImageObject","inLanguage":"fi","@id":"https:\/\/colibri-jewels.eu\/fi\/#\/schema\/logo\/image\/","url":"https:\/\/dev.colibri-jewels.eu\/wp-content\/uploads\/2021\/03\/colibri.png","contentUrl":"https:\/\/dev.colibri-jewels.eu\/wp-content\/uploads\/2021\/03\/colibri.png","width":227,"height":130,"caption":"O\u00dc Colibri"},"image":{"@id":"https:\/\/colibri-jewels.eu\/fi\/#\/schema\/logo\/image\/"},"sameAs":["https:\/\/www.facebook.com\/colibri.jewels","https:\/\/www.instagram.com\/colibri.jewels","https:\/\/www.tiktok.com\/colibri.jewels"]}]}},"_links":{"self":[{"href":"https:\/\/colibri-jewels.eu\/fi\/wp-json\/wp\/v2\/product\/49928","targetHints":{"allow":["GET"]}}],"collection":[{"href":"https:\/\/colibri-jewels.eu\/fi\/wp-json\/wp\/v2\/product"}],"about":[{"href":"https:\/\/colibri-jewels.eu\/fi\/wp-json\/wp\/v2\/types\/product"}],"replies":[{"embeddable":true,"href":"https:\/\/colibri-jewels.eu\/fi\/wp-json\/wp\/v2\/comments?post=49928"}],"version-history":[{"count":0,"href":"https:\/\/colibri-jewels.eu\/fi\/wp-json\/wp\/v2\/product\/49928\/revisions"}],"wp:featuredmedia":[{"embeddable":true,"href":"https:\/\/colibri-jewels.eu\/fi\/wp-json\/wp\/v2\/media\/49929"}],"wp:attachment":[{"href":"https:\/\/colibri-jewels.eu\/fi\/wp-json\/wp\/v2\/media?parent=49928"}],"wp:term":[{"taxonomy":"brand","embeddable":true,"href":"https:\/\/colibri-jewels.eu\/fi\/wp-json\/wp\/v2\/etheme_brands?post=49928"},{"taxonomy":"product_brand","embeddable":true,"href":"https:\/\/colibri-jewels.eu\/fi\/wp-json\/wp\/v2\/product_brand?post=49928"},{"taxonomy":"product_cat","embeddable":true,"href":"https:\/\/colibri-jewels.eu\/fi\/wp-json\/wp\/v2\/product_cat?post=49928"},{"taxonomy":"product_tag","embeddable":true,"href":"https:\/\/colibri-jewels.eu\/fi\/wp-json\/wp\/v2\/product_tag?post=49928"}],"curies":[{"name":"wp","href":"https:\/\/api.w.org\/{rel}","templated":true}]}}