{"id":50215,"date":"2025-03-27T14:25:26","date_gmt":"2025-03-27T12:25:26","guid":{"rendered":"https:\/\/colibri-jewels.eu\/?post_type=product&#038;p=50215"},"modified":"2025-05-22T12:17:00","modified_gmt":"2025-05-22T09:17:00","slug":"kaulakoru-suuri-feeniks-n-8116","status":"publish","type":"product","link":"https:\/\/colibri-jewels.eu\/fi\/tuote\/kaulakoru-suuri-feeniks-n-8116\/","title":{"rendered":"Kaulakoru &#8221;Suuri Feeniks&#8221; N-8116"},"content":{"rendered":"<p>Yksi legendaarisimmista olennoista &#8211; Feeniks &#8211; tunnetaan hyvin kaikkialla maailmassa. Se on uudestisyntymisen ja uuden el\u00e4m\u00e4n symboli.<\/p>\n<p>Joskus uuden el\u00e4m\u00e4n voi aloittaa vasta t\u00e4ydellisen &#8221;tuhkaksi palamisen&#8221; j\u00e4lkeen.<\/p>\n<p>T\u00e4m\u00e4 mystinen lintu esiintyy monissa maailman mytologioissa: esimerkiksi muinaisessa Egyptiss\u00e4 se oli Ran, h\u00e4nen sielunsa, symboli.<\/p>\n<p>Kun muinaiset egyptil\u00e4iset kuvittelivat auringon linnun hahmossa, sen liikkumista taivaalla p\u00e4iv\u00e4n aikana verrattiin lentoon. Niinp\u00e4 Heliopoliissa, aurinkojumala Atumin keskuksessa, joka my\u00f6hemmin yhdistyi Rahan, syntyi myytti valaisimen ilmestymisest\u00e4 feeniksin hahmossa.<\/p>\n<p>Muinaisen Kiinan Rituskirjan mukaan on olemassa nelj\u00e4 hyv\u00e4\u00e4enteist\u00e4 tai henkist\u00e4 el\u00e4int\u00e4: yksisarvinen, feeniks, kilpikonna ja lohik\u00e4\u00e4rme. Feeniks ilment\u00e4\u00e4 sek\u00e4 yini\u00e4 ett\u00e4 yangia. Uros (&#8221;feng&#8221;) on yang, aurinkoperiaate, tulinen lintu. Naispuolisessa hypostaasissa (&#8221;huang&#8221;) feeniks tarkoittaa kauneutta, tunteiden hienovaraisuutta ja rauhaa, yini\u00e4, feminiinist\u00e4, kuuperiaatetta. Feeniksin ilmestymist\u00e4 pidettiin eritt\u00e4in suotuisana merkkin\u00e4, joka viittasi rauhaan, vaurauteen, hyv\u00e4\u00e4n hallintoon tai suuren viisaan ilmestymiseen.<\/p>\n<p>Japanissa feeniks on Aurinko, suoruus, uskollisuus, oikeudenmukaisuus, kuuliaisuus.<\/p>\n<p>Kreikkalaisen perinteen mukaan feeniks oli nousevan auringon kuva, uudistuneen el\u00e4m\u00e4n symboli tulisen kuoleman kautta.<\/p>\n<p>Roomalaisten keskuudessa se symboloi Rooman valtakunnan jumalallista alkuper\u00e4\u00e4, sen uudestisyntymist\u00e4 ja ikuista olemassaoloa.<\/p>\n<p>Kristillisess\u00e4 maailmassa feeniks merkitsee iankaikkisen el\u00e4m\u00e4n voittoa, yl\u00f6snousemusta, uskoa, pysyvyytt\u00e4; se on Kristuksen symboli. Varhaiskristillisyydess\u00e4 feeniks esiintyy jatkuvasti hautakivill\u00e4: t\u00e4ss\u00e4 sen merkitys on voitto kuolemasta, yl\u00f6snousemus kuolleista.<\/p>\n<p>My\u00f6s meid\u00e4n Feeniks-kaulakorumme liitet\u00e4\u00e4n jonkinlaiseen mystiikkaan. Se ei koskaan salli muiden korujen valua samaan aikaan. Vain yksi Feeniks voi olla valupuussa kerrallaan, muuten se ei valu kunnolla tai jopa polttaa valulaatikon.<\/p>\n<p><iframe loading=\"lazy\" title=\"NCZ 8116 \u0424\u0435\u043d\u0438\u043a\u0441\" width=\"1170\" height=\"658\" src=\"https:\/\/www.youtube.com\/embed\/Pv8oMgyjFzU?feature=oembed\" frameborder=\"0\" allow=\"accelerometer; autoplay; clipboard-write; encrypted-media; gyroscope; picture-in-picture; web-share\" referrerpolicy=\"strict-origin-when-cross-origin\" allowfullscreen><\/iframe><\/p>\n","protected":false},"excerpt":{"rendered":"<p>Hopea, rodiumpinnoite, kullattu.<\/p>\n<p>110 kristalli k\u00e4sity\u00f6n\u00e4 aseteltuna.<\/p>\n<p>T\u00e4ll\u00e4 hetkell\u00e4 tuote on loppu, mutta sen voi ennakkotilata. Uuden valmistaminen sinulle kest\u00e4\u00e4 noin 3-4 viikkoa.<\/p>\n","protected":false},"featured_media":50216,"comment_status":"open","ping_status":"closed","template":"","meta":[],"etheme_brands":[],"product_brand":[],"product_cat":[989],"product_tag":[992],"class_list":{"0":"post-50215","1":"product","2":"type-product","3":"status-publish","4":"has-post-thumbnail","6":"product_cat-kaulakorut-ja-riipukset","7":"product_tag-elainaiheiset","9":"first","10":"instock","11":"shipping-taxable","12":"purchasable","13":"product-type-simple"},"acf":[],"yoast_head":"<!-- This site is optimized with the Yoast SEO Premium plugin v26.5 (Yoast SEO v26.8) - https:\/\/yoast.com\/product\/yoast-seo-premium-wordpress\/ -->\n<title>Kaulakoru &quot;Suuri Feeniks&quot; N-8116 - Colibri jewels<\/title>\n<meta name=\"description\" content=\"Hopeasta luotu maaginen Feeniks, aivan kuin tuli. Hopeinen kaulakoru kullattuna ja s\u00e4ihkyvill\u00e4 kristalleilla, todella upea kaulakoru, jonka voit ostaa!\" \/>\n<meta name=\"robots\" content=\"index, follow, max-snippet:-1, max-image-preview:large, max-video-preview:-1\" \/>\n<link rel=\"canonical\" href=\"https:\/\/colibri-jewels.eu\/fi\/tuote\/kaulakoru-suuri-feeniks-n-8116\/\" \/>\n<meta property=\"og:locale\" content=\"fi_FI\" \/>\n<meta property=\"og:type\" content=\"article\" \/>\n<meta property=\"og:title\" content=\"Kaulakoru &quot;Suuri Feeniks&quot; N-8116\" \/>\n<meta property=\"og:description\" content=\"Hopeasta luotu maaginen Feeniks, aivan kuin tuli. Hopeinen kaulakoru kullattuna ja s\u00e4ihkyvill\u00e4 kristalleilla, todella upea kaulakoru, jonka voit ostaa!\" \/>\n<meta property=\"og:url\" content=\"https:\/\/colibri-jewels.eu\/fi\/tuote\/kaulakoru-suuri-feeniks-n-8116\/\" \/>\n<meta property=\"og:site_name\" content=\"Colibri jewels\" \/>\n<meta property=\"article:publisher\" content=\"https:\/\/www.facebook.com\/colibri.jewels\" \/>\n<meta property=\"article:modified_time\" content=\"2025-05-22T09:17:00+00:00\" \/>\n<meta property=\"og:image\" content=\"https:\/\/colibri-jewels.eu\/wp-content\/uploads\/2022\/06\/n-8116-web.jpg\" \/>\n\t<meta property=\"og:image:width\" content=\"1000\" \/>\n\t<meta property=\"og:image:height\" content=\"1000\" \/>\n\t<meta property=\"og:image:type\" content=\"image\/jpeg\" \/>\n<meta name=\"twitter:card\" content=\"summary_large_image\" \/>\n<meta name=\"twitter:label1\" content=\"Arvioitu lukuaika\" \/>\n\t<meta name=\"twitter:data1\" content=\"1 minuutti\" \/>\n<script type=\"application\/ld+json\" class=\"yoast-schema-graph\">{\"@context\":\"https:\/\/schema.org\",\"@graph\":[{\"@type\":\"WebPage\",\"@id\":\"https:\/\/colibri-jewels.eu\/fi\/tuote\/kaulakoru-suuri-feeniks-n-8116\/\",\"url\":\"https:\/\/colibri-jewels.eu\/fi\/tuote\/kaulakoru-suuri-feeniks-n-8116\/\",\"name\":\"Kaulakoru \\\"Suuri Feeniks\\\" N-8116 - Colibri jewels\",\"isPartOf\":{\"@id\":\"https:\/\/colibri-jewels.eu\/fi\/#website\"},\"primaryImageOfPage\":{\"@id\":\"https:\/\/colibri-jewels.eu\/fi\/tuote\/kaulakoru-suuri-feeniks-n-8116\/#primaryimage\"},\"image\":{\"@id\":\"https:\/\/colibri-jewels.eu\/fi\/tuote\/kaulakoru-suuri-feeniks-n-8116\/#primaryimage\"},\"thumbnailUrl\":\"https:\/\/colibri-jewels.eu\/wp-content\/uploads\/2022\/06\/n-8116-web.jpg\",\"datePublished\":\"2025-03-27T12:25:26+00:00\",\"dateModified\":\"2025-05-22T09:17:00+00:00\",\"description\":\"Hopeasta luotu maaginen Feeniks, aivan kuin tuli. Hopeinen kaulakoru kullattuna ja s\u00e4ihkyvill\u00e4 kristalleilla, todella upea kaulakoru, jonka voit ostaa!\",\"breadcrumb\":{\"@id\":\"https:\/\/colibri-jewels.eu\/fi\/tuote\/kaulakoru-suuri-feeniks-n-8116\/#breadcrumb\"},\"inLanguage\":\"fi\",\"potentialAction\":[{\"@type\":\"ReadAction\",\"target\":[\"https:\/\/colibri-jewels.eu\/fi\/tuote\/kaulakoru-suuri-feeniks-n-8116\/\"]}]},{\"@type\":\"ImageObject\",\"inLanguage\":\"fi\",\"@id\":\"https:\/\/colibri-jewels.eu\/fi\/tuote\/kaulakoru-suuri-feeniks-n-8116\/#primaryimage\",\"url\":\"https:\/\/colibri-jewels.eu\/wp-content\/uploads\/2022\/06\/n-8116-web.jpg\",\"contentUrl\":\"https:\/\/colibri-jewels.eu\/wp-content\/uploads\/2022\/06\/n-8116-web.jpg\",\"width\":1000,\"height\":1000},{\"@type\":\"BreadcrumbList\",\"@id\":\"https:\/\/colibri-jewels.eu\/fi\/tuote\/kaulakoru-suuri-feeniks-n-8116\/#breadcrumb\",\"itemListElement\":[{\"@type\":\"ListItem\",\"position\":1,\"name\":\"\u0413\u043b\u0430\u0432\u043d\u0430\u044f \u0441\u0442\u0440\u0430\u043d\u0438\u0446\u0430\",\"item\":\"https:\/\/colibri-jewels.eu\/fi\/\"},{\"@type\":\"ListItem\",\"position\":2,\"name\":\"Kauppa\",\"item\":\"https:\/\/colibri-jewels.eu\/fi\/kauppa\/\"},{\"@type\":\"ListItem\",\"position\":3,\"name\":\"Kaulakoru &#8220;Suuri Feeniks&#8221; N-8116\"}]},{\"@type\":\"WebSite\",\"@id\":\"https:\/\/colibri-jewels.eu\/fi\/#website\",\"url\":\"https:\/\/colibri-jewels.eu\/fi\/\",\"name\":\"Colibri jewels\",\"description\":\"jewelry shop\",\"publisher\":{\"@id\":\"https:\/\/colibri-jewels.eu\/fi\/#organization\"},\"potentialAction\":[{\"@type\":\"SearchAction\",\"target\":{\"@type\":\"EntryPoint\",\"urlTemplate\":\"https:\/\/colibri-jewels.eu\/fi\/?s={search_term_string}\"},\"query-input\":{\"@type\":\"PropertyValueSpecification\",\"valueRequired\":true,\"valueName\":\"search_term_string\"}}],\"inLanguage\":\"fi\"},{\"@type\":\"Organization\",\"@id\":\"https:\/\/colibri-jewels.eu\/fi\/#organization\",\"name\":\"O\u00dc Colibri\",\"url\":\"https:\/\/colibri-jewels.eu\/fi\/\",\"logo\":{\"@type\":\"ImageObject\",\"inLanguage\":\"fi\",\"@id\":\"https:\/\/colibri-jewels.eu\/fi\/#\/schema\/logo\/image\/\",\"url\":\"https:\/\/dev.colibri-jewels.eu\/wp-content\/uploads\/2021\/03\/colibri.png\",\"contentUrl\":\"https:\/\/dev.colibri-jewels.eu\/wp-content\/uploads\/2021\/03\/colibri.png\",\"width\":227,\"height\":130,\"caption\":\"O\u00dc Colibri\"},\"image\":{\"@id\":\"https:\/\/colibri-jewels.eu\/fi\/#\/schema\/logo\/image\/\"},\"sameAs\":[\"https:\/\/www.facebook.com\/colibri.jewels\",\"https:\/\/www.instagram.com\/colibri.jewels\",\"https:\/\/www.tiktok.com\/colibri.jewels\"]}]}<\/script>\n<!-- \/ Yoast SEO Premium plugin. -->","yoast_head_json":{"title":"Kaulakoru \"Suuri Feeniks\" N-8116 - Colibri jewels","description":"Hopeasta luotu maaginen Feeniks, aivan kuin tuli. Hopeinen kaulakoru kullattuna ja s\u00e4ihkyvill\u00e4 kristalleilla, todella upea kaulakoru, jonka voit ostaa!","robots":{"index":"index","follow":"follow","max-snippet":"max-snippet:-1","max-image-preview":"max-image-preview:large","max-video-preview":"max-video-preview:-1"},"canonical":"https:\/\/colibri-jewels.eu\/fi\/tuote\/kaulakoru-suuri-feeniks-n-8116\/","og_locale":"fi_FI","og_type":"article","og_title":"Kaulakoru \"Suuri Feeniks\" N-8116","og_description":"Hopeasta luotu maaginen Feeniks, aivan kuin tuli. Hopeinen kaulakoru kullattuna ja s\u00e4ihkyvill\u00e4 kristalleilla, todella upea kaulakoru, jonka voit ostaa!","og_url":"https:\/\/colibri-jewels.eu\/fi\/tuote\/kaulakoru-suuri-feeniks-n-8116\/","og_site_name":"Colibri jewels","article_publisher":"https:\/\/www.facebook.com\/colibri.jewels","article_modified_time":"2025-05-22T09:17:00+00:00","og_image":[{"width":1000,"height":1000,"url":"https:\/\/colibri-jewels.eu\/wp-content\/uploads\/2022\/06\/n-8116-web.jpg","type":"image\/jpeg"}],"twitter_card":"summary_large_image","twitter_misc":{"Arvioitu lukuaika":"1 minuutti"},"schema":{"@context":"https:\/\/schema.org","@graph":[{"@type":"WebPage","@id":"https:\/\/colibri-jewels.eu\/fi\/tuote\/kaulakoru-suuri-feeniks-n-8116\/","url":"https:\/\/colibri-jewels.eu\/fi\/tuote\/kaulakoru-suuri-feeniks-n-8116\/","name":"Kaulakoru \"Suuri Feeniks\" N-8116 - Colibri jewels","isPartOf":{"@id":"https:\/\/colibri-jewels.eu\/fi\/#website"},"primaryImageOfPage":{"@id":"https:\/\/colibri-jewels.eu\/fi\/tuote\/kaulakoru-suuri-feeniks-n-8116\/#primaryimage"},"image":{"@id":"https:\/\/colibri-jewels.eu\/fi\/tuote\/kaulakoru-suuri-feeniks-n-8116\/#primaryimage"},"thumbnailUrl":"https:\/\/colibri-jewels.eu\/wp-content\/uploads\/2022\/06\/n-8116-web.jpg","datePublished":"2025-03-27T12:25:26+00:00","dateModified":"2025-05-22T09:17:00+00:00","description":"Hopeasta luotu maaginen Feeniks, aivan kuin tuli. Hopeinen kaulakoru kullattuna ja s\u00e4ihkyvill\u00e4 kristalleilla, todella upea kaulakoru, jonka voit ostaa!","breadcrumb":{"@id":"https:\/\/colibri-jewels.eu\/fi\/tuote\/kaulakoru-suuri-feeniks-n-8116\/#breadcrumb"},"inLanguage":"fi","potentialAction":[{"@type":"ReadAction","target":["https:\/\/colibri-jewels.eu\/fi\/tuote\/kaulakoru-suuri-feeniks-n-8116\/"]}]},{"@type":"ImageObject","inLanguage":"fi","@id":"https:\/\/colibri-jewels.eu\/fi\/tuote\/kaulakoru-suuri-feeniks-n-8116\/#primaryimage","url":"https:\/\/colibri-jewels.eu\/wp-content\/uploads\/2022\/06\/n-8116-web.jpg","contentUrl":"https:\/\/colibri-jewels.eu\/wp-content\/uploads\/2022\/06\/n-8116-web.jpg","width":1000,"height":1000},{"@type":"BreadcrumbList","@id":"https:\/\/colibri-jewels.eu\/fi\/tuote\/kaulakoru-suuri-feeniks-n-8116\/#breadcrumb","itemListElement":[{"@type":"ListItem","position":1,"name":"\u0413\u043b\u0430\u0432\u043d\u0430\u044f \u0441\u0442\u0440\u0430\u043d\u0438\u0446\u0430","item":"https:\/\/colibri-jewels.eu\/fi\/"},{"@type":"ListItem","position":2,"name":"Kauppa","item":"https:\/\/colibri-jewels.eu\/fi\/kauppa\/"},{"@type":"ListItem","position":3,"name":"Kaulakoru &#8220;Suuri Feeniks&#8221; N-8116"}]},{"@type":"WebSite","@id":"https:\/\/colibri-jewels.eu\/fi\/#website","url":"https:\/\/colibri-jewels.eu\/fi\/","name":"Colibri jewels","description":"jewelry shop","publisher":{"@id":"https:\/\/colibri-jewels.eu\/fi\/#organization"},"potentialAction":[{"@type":"SearchAction","target":{"@type":"EntryPoint","urlTemplate":"https:\/\/colibri-jewels.eu\/fi\/?s={search_term_string}"},"query-input":{"@type":"PropertyValueSpecification","valueRequired":true,"valueName":"search_term_string"}}],"inLanguage":"fi"},{"@type":"Organization","@id":"https:\/\/colibri-jewels.eu\/fi\/#organization","name":"O\u00dc Colibri","url":"https:\/\/colibri-jewels.eu\/fi\/","logo":{"@type":"ImageObject","inLanguage":"fi","@id":"https:\/\/colibri-jewels.eu\/fi\/#\/schema\/logo\/image\/","url":"https:\/\/dev.colibri-jewels.eu\/wp-content\/uploads\/2021\/03\/colibri.png","contentUrl":"https:\/\/dev.colibri-jewels.eu\/wp-content\/uploads\/2021\/03\/colibri.png","width":227,"height":130,"caption":"O\u00dc Colibri"},"image":{"@id":"https:\/\/colibri-jewels.eu\/fi\/#\/schema\/logo\/image\/"},"sameAs":["https:\/\/www.facebook.com\/colibri.jewels","https:\/\/www.instagram.com\/colibri.jewels","https:\/\/www.tiktok.com\/colibri.jewels"]}]}},"_links":{"self":[{"href":"https:\/\/colibri-jewels.eu\/fi\/wp-json\/wp\/v2\/product\/50215","targetHints":{"allow":["GET"]}}],"collection":[{"href":"https:\/\/colibri-jewels.eu\/fi\/wp-json\/wp\/v2\/product"}],"about":[{"href":"https:\/\/colibri-jewels.eu\/fi\/wp-json\/wp\/v2\/types\/product"}],"replies":[{"embeddable":true,"href":"https:\/\/colibri-jewels.eu\/fi\/wp-json\/wp\/v2\/comments?post=50215"}],"version-history":[{"count":0,"href":"https:\/\/colibri-jewels.eu\/fi\/wp-json\/wp\/v2\/product\/50215\/revisions"}],"wp:featuredmedia":[{"embeddable":true,"href":"https:\/\/colibri-jewels.eu\/fi\/wp-json\/wp\/v2\/media\/50216"}],"wp:attachment":[{"href":"https:\/\/colibri-jewels.eu\/fi\/wp-json\/wp\/v2\/media?parent=50215"}],"wp:term":[{"taxonomy":"brand","embeddable":true,"href":"https:\/\/colibri-jewels.eu\/fi\/wp-json\/wp\/v2\/etheme_brands?post=50215"},{"taxonomy":"product_brand","embeddable":true,"href":"https:\/\/colibri-jewels.eu\/fi\/wp-json\/wp\/v2\/product_brand?post=50215"},{"taxonomy":"product_cat","embeddable":true,"href":"https:\/\/colibri-jewels.eu\/fi\/wp-json\/wp\/v2\/product_cat?post=50215"},{"taxonomy":"product_tag","embeddable":true,"href":"https:\/\/colibri-jewels.eu\/fi\/wp-json\/wp\/v2\/product_tag?post=50215"}],"curies":[{"name":"wp","href":"https:\/\/api.w.org\/{rel}","templated":true}]}}