{"id":50220,"date":"2025-03-27T14:00:05","date_gmt":"2025-03-27T12:00:05","guid":{"rendered":"https:\/\/colibri-jewels.eu\/?post_type=product&#038;p=50220"},"modified":"2025-05-22T12:16:26","modified_gmt":"2025-05-22T09:16:26","slug":"ainutlaatuinen-valkokultainen-sormus-jossa-2-ctn-laboratoriossa-kasvatettu-timantti-elara","status":"publish","type":"product","link":"https:\/\/colibri-jewels.eu\/fi\/tuote\/ainutlaatuinen-valkokultainen-sormus-jossa-2-ctn-laboratoriossa-kasvatettu-timantti-elara\/","title":{"rendered":"Ainutlaatuinen valkokultainen sormus, jossa 2 ct:n laboratoriossa kasvatettu timantti &#8221;Elara&#8221;"},"content":{"rendered":"<h5 data-start=\"603\" data-end=\"661\"><strong data-start=\"608\" data-end=\"659\">Elara-sormus \u2013 Siroa ja loistokasta joka linjassa.<\/strong><\/h5>\n<p class=\"\" data-start=\"663\" data-end=\"988\"><strong data-start=\"667\" data-end=\"676\">Elara<\/strong>-sormus on hienostuneisuuden ja modernin minimalismin ruumiillistuma. Upea <strong data-start=\"752\" data-end=\"790\">2 karaatin pisarahiontainen<\/strong> laboratoriossa kasvatettu timantti loistaa kuin j\u00e4\u00e4tynyt valopisar. Sile\u00e4\u00e4n <strong data-start=\"840\" data-end=\"858\">14 karaatin valkokultaan<\/strong> istutettuna sen puhtautta ja loistoa korostaa hienostunut ja ajaton muotoilu, yhdist\u00e4en klassisen eleganssin nykyaikaiseen tyyliin.<\/p>\n<h5 data-start=\"990\" data-end=\"1020\"><strong data-start=\"995\" data-end=\"1018\">Tarina Elarasta<\/strong><\/h5>\n<p class=\"\" data-start=\"1021\" data-end=\"1413\">Elara on yksi Jupiterin kuista, jota ymp\u00e4r\u00f6i salaper\u00e4isyyden ja taivaallisen s\u00e4teilyn aura. Legendan mukaan se oli my\u00f6s muinaisen nymfin nimi, jonka kauneus ylitti t\u00e4htien loiston. H\u00e4nen kyyneleens\u00e4, jotka jumalat muuttivat kallisarvoisiksi pisaroiksi, tulivat iankaikkisen rakkauden ja jumalaisen valon symboliksi. <strong data-start=\"1316\" data-end=\"1325\">Elara<\/strong>-sormus kantaa t\u00e4t\u00e4 legendaa muistuttaen meit\u00e4 siit\u00e4, ett\u00e4 todellinen loisto tulee aina sis\u00e4lt\u00e4.<\/p>\n<h5 data-start=\"1703\" data-end=\"1739\"><strong data-start=\"1707\" data-end=\"1737\">Miksi valita Elara-sormus?<\/strong><\/h5>\n<p class=\"\" data-start=\"1740\" data-end=\"2130\">\u2714 Sile\u00e4 minimalistinen muotoilu \u2013 korostaa timantin luonnollista kauneutta<br data-start=\"1812\" data-end=\"1815\" \/>\u2714 Laboratoriossa kasvatettu timantti \u2013 eettinen ja ymp\u00e4rist\u00f6yst\u00e4v\u00e4llinen valinta tinkim\u00e4tt\u00f6m\u00e4ll\u00e4 laadulla<br data-start=\"1898\" data-end=\"1901\" \/>\u2714 <strong data-start=\"1903\" data-end=\"1931\">E-v\u00e4ri ja VVS2-puhtaus<\/strong> \u2013 huippuluokan ominaisuudet poikkeuksellista loistoa varten<br data-start=\"1985\" data-end=\"1988\" \/>\u2714 Sertifioitu aitous \u2013 vahvistaa timantin puhtauden ja alkuper\u00e4n<br data-start=\"2055\" data-end=\"2058\" \/>\u2714 Ikuisen s\u00e4teilyn symboli \u2013 t\u00e4ydellinen lahja erityiseen hetkeen<\/p>\n<p class=\"\" data-start=\"2132\" data-end=\"2231\">Anna <strong data-start=\"2136\" data-end=\"2145\">Elaran<\/strong> tulla henkil\u00f6kohtaiseksi talismaniksesi, heijastaen rakkauden loistoa ja hienostunutta makua.<\/p>\n<p>&nbsp;<\/p>\n<p class=\"\" data-start=\"2233\" data-end=\"2268\">\ud83d\udccc <strong data-start=\"2236\" data-end=\"2256\">Tuotantoaika<\/strong>: 4\u20135 viikkoa<\/p>\n","protected":false},"excerpt":{"rendered":"<h6 style=\"font-family: 'Open Sans', sans-serif; font-style: normal; text-decoration-thickness: initial; text-decoration-style: initial; text-decoration-color: initial;\" data-start=\"1415\" data-end=\"1440\"><strong data-start=\"1419\" data-end=\"1438\">Tekniset tiedot:<\/strong><\/h6>\n<ul data-start=\"1441\" data-end=\"1701\">\n<li class=\"\" data-start=\"1441\" data-end=\"1470\">\n<p class=\"\" data-start=\"1443\" data-end=\"1470\"><strong data-start=\"1443\" data-end=\"1452\">Metalli<\/strong>: 14K valkokulta<\/p>\n<\/li>\n<li class=\"\" data-start=\"1471\" data-end=\"1701\">\n<p class=\"\" data-start=\"1473\" data-end=\"1531\"><strong data-start=\"1473\" data-end=\"1485\">Jalokivi:<\/strong> <strong data-start=\"1487\" data-end=\"1529\">Lab timantti (pisarahionta, 2 karaattia)<\/strong><\/p>\n<ul data-start=\"1534\" data-end=\"1701\">\n<li class=\"\" data-start=\"1534\" data-end=\"1566\">\n<p class=\"\" data-start=\"1536\" data-end=\"1566\"><strong data-start=\"1536\" data-end=\"1545\">V\u00e4ri:<\/strong> <strong data-start=\"1547\" data-end=\"1552\">E<\/strong> (v\u00e4rit\u00f6n)<\/p>\n<\/li>\n<li class=\"\" data-start=\"1569\" data-end=\"1610\">\n<p class=\"\" data-start=\"1571\" data-end=\"1610\"><strong data-start=\"1571\" data-end=\"1582\">Puhtaus<\/strong>: <strong data-start=\"1584\" data-end=\"1592\">VVS2<\/strong> (l\u00e4hes virheet\u00f6n)<\/p>\n<\/li>\n<li class=\"\" data-start=\"1613\" data-end=\"1701\">\n<p class=\"\" data-start=\"1615\" data-end=\"1701\"><strong data-start=\"1615\" data-end=\"1632\">Sertifiointi:<\/strong> Kansainv\u00e4linen gemmologinen laboratorio, kaiverrettu sertifikaatin numero.<\/p>\n<\/li>\n<\/ul>\n<\/li>\n<\/ul>\n","protected":false},"featured_media":50221,"comment_status":"open","ping_status":"closed","template":"","meta":[],"etheme_brands":[],"product_brand":[],"product_cat":[990],"product_tag":[997,1256,999],"class_list":{"0":"post-50220","1":"product","2":"type-product","3":"status-publish","4":"has-post-thumbnail","6":"product_cat-sormukset","7":"product_tag-kihlaus","8":"product_tag-lab-timantit","9":"product_tag-yksinoikeudella","11":"first","12":"onbackorder","13":"shipping-taxable","14":"purchasable","15":"product-type-simple"},"acf":[],"yoast_head":"<!-- This site is optimized with the Yoast SEO Premium plugin v26.5 (Yoast SEO v26.8) - https:\/\/yoast.com\/product\/yoast-seo-premium-wordpress\/ -->\n<title>Ainutlaatuinen valkokultainen sormus, jossa 2 ct:n laboratoriossa kasvatettu timantti &quot;Elara&quot; - Colibri jewels<\/title>\n<meta name=\"description\" content=\"Elara-sormus 14K valkokultaa, 2 karaatin pisarahiontaisella laboratoriossa kasvatetulla timantilla (E-v\u00e4ri, VVS2-puhtaus). Elegantti minimalistinen muotoilu sertifioidulla laadulla.\" \/>\n<meta name=\"robots\" content=\"index, follow, max-snippet:-1, max-image-preview:large, max-video-preview:-1\" \/>\n<link rel=\"canonical\" href=\"https:\/\/colibri-jewels.eu\/fi\/tuote\/ainutlaatuinen-valkokultainen-sormus-jossa-2-ctn-laboratoriossa-kasvatettu-timantti-elara\/\" \/>\n<meta property=\"og:locale\" content=\"fi_FI\" \/>\n<meta property=\"og:type\" content=\"article\" \/>\n<meta property=\"og:title\" content=\"Ainutlaatuinen valkokultainen sormus, jossa 2 ct:n laboratoriossa kasvatettu timantti &quot;Elara&quot;\" \/>\n<meta property=\"og:description\" content=\"Elara-sormus 14K valkokultaa, 2 karaatin pisarahiontaisella laboratoriossa kasvatetulla timantilla (E-v\u00e4ri, VVS2-puhtaus). Elegantti minimalistinen muotoilu sertifioidulla laadulla.\" \/>\n<meta property=\"og:url\" content=\"https:\/\/colibri-jewels.eu\/fi\/tuote\/ainutlaatuinen-valkokultainen-sormus-jossa-2-ctn-laboratoriossa-kasvatettu-timantti-elara\/\" \/>\n<meta property=\"og:site_name\" content=\"Colibri jewels\" \/>\n<meta property=\"article:publisher\" content=\"https:\/\/www.facebook.com\/colibri.jewels\" \/>\n<meta property=\"article:modified_time\" content=\"2025-05-22T09:16:26+00:00\" \/>\n<meta property=\"og:image\" content=\"https:\/\/colibri-jewels.eu\/wp-content\/uploads\/2024\/07\/white-gold-2-carat-moissanite-ring-RD-00839-6.jpg\" \/>\n\t<meta property=\"og:image:width\" content=\"1000\" \/>\n\t<meta property=\"og:image:height\" content=\"1000\" \/>\n\t<meta property=\"og:image:type\" content=\"image\/jpeg\" \/>\n<meta name=\"twitter:card\" content=\"summary_large_image\" \/>\n<meta name=\"twitter:label1\" content=\"Arvioitu lukuaika\" \/>\n\t<meta name=\"twitter:data1\" content=\"1 minuutti\" \/>\n<script type=\"application\/ld+json\" class=\"yoast-schema-graph\">{\"@context\":\"https:\/\/schema.org\",\"@graph\":[{\"@type\":\"WebPage\",\"@id\":\"https:\/\/colibri-jewels.eu\/fi\/tuote\/ainutlaatuinen-valkokultainen-sormus-jossa-2-ctn-laboratoriossa-kasvatettu-timantti-elara\/\",\"url\":\"https:\/\/colibri-jewels.eu\/fi\/tuote\/ainutlaatuinen-valkokultainen-sormus-jossa-2-ctn-laboratoriossa-kasvatettu-timantti-elara\/\",\"name\":\"Ainutlaatuinen valkokultainen sormus, jossa 2 ct:n laboratoriossa kasvatettu timantti \\\"Elara\\\" - Colibri jewels\",\"isPartOf\":{\"@id\":\"https:\/\/colibri-jewels.eu\/fi\/#website\"},\"primaryImageOfPage\":{\"@id\":\"https:\/\/colibri-jewels.eu\/fi\/tuote\/ainutlaatuinen-valkokultainen-sormus-jossa-2-ctn-laboratoriossa-kasvatettu-timantti-elara\/#primaryimage\"},\"image\":{\"@id\":\"https:\/\/colibri-jewels.eu\/fi\/tuote\/ainutlaatuinen-valkokultainen-sormus-jossa-2-ctn-laboratoriossa-kasvatettu-timantti-elara\/#primaryimage\"},\"thumbnailUrl\":\"https:\/\/colibri-jewels.eu\/wp-content\/uploads\/2024\/07\/white-gold-2-carat-moissanite-ring-RD-00839-6.jpg\",\"datePublished\":\"2025-03-27T12:00:05+00:00\",\"dateModified\":\"2025-05-22T09:16:26+00:00\",\"description\":\"Elara-sormus 14K valkokultaa, 2 karaatin pisarahiontaisella laboratoriossa kasvatetulla timantilla (E-v\u00e4ri, VVS2-puhtaus). Elegantti minimalistinen muotoilu sertifioidulla laadulla.\",\"breadcrumb\":{\"@id\":\"https:\/\/colibri-jewels.eu\/fi\/tuote\/ainutlaatuinen-valkokultainen-sormus-jossa-2-ctn-laboratoriossa-kasvatettu-timantti-elara\/#breadcrumb\"},\"inLanguage\":\"fi\",\"potentialAction\":[{\"@type\":\"ReadAction\",\"target\":[\"https:\/\/colibri-jewels.eu\/fi\/tuote\/ainutlaatuinen-valkokultainen-sormus-jossa-2-ctn-laboratoriossa-kasvatettu-timantti-elara\/\"]}]},{\"@type\":\"ImageObject\",\"inLanguage\":\"fi\",\"@id\":\"https:\/\/colibri-jewels.eu\/fi\/tuote\/ainutlaatuinen-valkokultainen-sormus-jossa-2-ctn-laboratoriossa-kasvatettu-timantti-elara\/#primaryimage\",\"url\":\"https:\/\/colibri-jewels.eu\/wp-content\/uploads\/2024\/07\/white-gold-2-carat-moissanite-ring-RD-00839-6.jpg\",\"contentUrl\":\"https:\/\/colibri-jewels.eu\/wp-content\/uploads\/2024\/07\/white-gold-2-carat-moissanite-ring-RD-00839-6.jpg\",\"width\":1000,\"height\":1000},{\"@type\":\"BreadcrumbList\",\"@id\":\"https:\/\/colibri-jewels.eu\/fi\/tuote\/ainutlaatuinen-valkokultainen-sormus-jossa-2-ctn-laboratoriossa-kasvatettu-timantti-elara\/#breadcrumb\",\"itemListElement\":[{\"@type\":\"ListItem\",\"position\":1,\"name\":\"\u0413\u043b\u0430\u0432\u043d\u0430\u044f \u0441\u0442\u0440\u0430\u043d\u0438\u0446\u0430\",\"item\":\"https:\/\/colibri-jewels.eu\/fi\/\"},{\"@type\":\"ListItem\",\"position\":2,\"name\":\"Kauppa\",\"item\":\"https:\/\/colibri-jewels.eu\/fi\/kauppa\/\"},{\"@type\":\"ListItem\",\"position\":3,\"name\":\"Ainutlaatuinen valkokultainen sormus, jossa 2 ct:n laboratoriossa kasvatettu timantti &#8220;Elara&#8221;\"}]},{\"@type\":\"WebSite\",\"@id\":\"https:\/\/colibri-jewels.eu\/fi\/#website\",\"url\":\"https:\/\/colibri-jewels.eu\/fi\/\",\"name\":\"Colibri jewels\",\"description\":\"jewelry shop\",\"publisher\":{\"@id\":\"https:\/\/colibri-jewels.eu\/fi\/#organization\"},\"potentialAction\":[{\"@type\":\"SearchAction\",\"target\":{\"@type\":\"EntryPoint\",\"urlTemplate\":\"https:\/\/colibri-jewels.eu\/fi\/?s={search_term_string}\"},\"query-input\":{\"@type\":\"PropertyValueSpecification\",\"valueRequired\":true,\"valueName\":\"search_term_string\"}}],\"inLanguage\":\"fi\"},{\"@type\":\"Organization\",\"@id\":\"https:\/\/colibri-jewels.eu\/fi\/#organization\",\"name\":\"O\u00dc Colibri\",\"url\":\"https:\/\/colibri-jewels.eu\/fi\/\",\"logo\":{\"@type\":\"ImageObject\",\"inLanguage\":\"fi\",\"@id\":\"https:\/\/colibri-jewels.eu\/fi\/#\/schema\/logo\/image\/\",\"url\":\"https:\/\/dev.colibri-jewels.eu\/wp-content\/uploads\/2021\/03\/colibri.png\",\"contentUrl\":\"https:\/\/dev.colibri-jewels.eu\/wp-content\/uploads\/2021\/03\/colibri.png\",\"width\":227,\"height\":130,\"caption\":\"O\u00dc Colibri\"},\"image\":{\"@id\":\"https:\/\/colibri-jewels.eu\/fi\/#\/schema\/logo\/image\/\"},\"sameAs\":[\"https:\/\/www.facebook.com\/colibri.jewels\",\"https:\/\/www.instagram.com\/colibri.jewels\",\"https:\/\/www.tiktok.com\/colibri.jewels\"]}]}<\/script>\n<!-- \/ Yoast SEO Premium plugin. -->","yoast_head_json":{"title":"Ainutlaatuinen valkokultainen sormus, jossa 2 ct:n laboratoriossa kasvatettu timantti \"Elara\" - Colibri jewels","description":"Elara-sormus 14K valkokultaa, 2 karaatin pisarahiontaisella laboratoriossa kasvatetulla timantilla (E-v\u00e4ri, VVS2-puhtaus). Elegantti minimalistinen muotoilu sertifioidulla laadulla.","robots":{"index":"index","follow":"follow","max-snippet":"max-snippet:-1","max-image-preview":"max-image-preview:large","max-video-preview":"max-video-preview:-1"},"canonical":"https:\/\/colibri-jewels.eu\/fi\/tuote\/ainutlaatuinen-valkokultainen-sormus-jossa-2-ctn-laboratoriossa-kasvatettu-timantti-elara\/","og_locale":"fi_FI","og_type":"article","og_title":"Ainutlaatuinen valkokultainen sormus, jossa 2 ct:n laboratoriossa kasvatettu timantti \"Elara\"","og_description":"Elara-sormus 14K valkokultaa, 2 karaatin pisarahiontaisella laboratoriossa kasvatetulla timantilla (E-v\u00e4ri, VVS2-puhtaus). Elegantti minimalistinen muotoilu sertifioidulla laadulla.","og_url":"https:\/\/colibri-jewels.eu\/fi\/tuote\/ainutlaatuinen-valkokultainen-sormus-jossa-2-ctn-laboratoriossa-kasvatettu-timantti-elara\/","og_site_name":"Colibri jewels","article_publisher":"https:\/\/www.facebook.com\/colibri.jewels","article_modified_time":"2025-05-22T09:16:26+00:00","og_image":[{"width":1000,"height":1000,"url":"https:\/\/colibri-jewels.eu\/wp-content\/uploads\/2024\/07\/white-gold-2-carat-moissanite-ring-RD-00839-6.jpg","type":"image\/jpeg"}],"twitter_card":"summary_large_image","twitter_misc":{"Arvioitu lukuaika":"1 minuutti"},"schema":{"@context":"https:\/\/schema.org","@graph":[{"@type":"WebPage","@id":"https:\/\/colibri-jewels.eu\/fi\/tuote\/ainutlaatuinen-valkokultainen-sormus-jossa-2-ctn-laboratoriossa-kasvatettu-timantti-elara\/","url":"https:\/\/colibri-jewels.eu\/fi\/tuote\/ainutlaatuinen-valkokultainen-sormus-jossa-2-ctn-laboratoriossa-kasvatettu-timantti-elara\/","name":"Ainutlaatuinen valkokultainen sormus, jossa 2 ct:n laboratoriossa kasvatettu timantti \"Elara\" - Colibri jewels","isPartOf":{"@id":"https:\/\/colibri-jewels.eu\/fi\/#website"},"primaryImageOfPage":{"@id":"https:\/\/colibri-jewels.eu\/fi\/tuote\/ainutlaatuinen-valkokultainen-sormus-jossa-2-ctn-laboratoriossa-kasvatettu-timantti-elara\/#primaryimage"},"image":{"@id":"https:\/\/colibri-jewels.eu\/fi\/tuote\/ainutlaatuinen-valkokultainen-sormus-jossa-2-ctn-laboratoriossa-kasvatettu-timantti-elara\/#primaryimage"},"thumbnailUrl":"https:\/\/colibri-jewels.eu\/wp-content\/uploads\/2024\/07\/white-gold-2-carat-moissanite-ring-RD-00839-6.jpg","datePublished":"2025-03-27T12:00:05+00:00","dateModified":"2025-05-22T09:16:26+00:00","description":"Elara-sormus 14K valkokultaa, 2 karaatin pisarahiontaisella laboratoriossa kasvatetulla timantilla (E-v\u00e4ri, VVS2-puhtaus). Elegantti minimalistinen muotoilu sertifioidulla laadulla.","breadcrumb":{"@id":"https:\/\/colibri-jewels.eu\/fi\/tuote\/ainutlaatuinen-valkokultainen-sormus-jossa-2-ctn-laboratoriossa-kasvatettu-timantti-elara\/#breadcrumb"},"inLanguage":"fi","potentialAction":[{"@type":"ReadAction","target":["https:\/\/colibri-jewels.eu\/fi\/tuote\/ainutlaatuinen-valkokultainen-sormus-jossa-2-ctn-laboratoriossa-kasvatettu-timantti-elara\/"]}]},{"@type":"ImageObject","inLanguage":"fi","@id":"https:\/\/colibri-jewels.eu\/fi\/tuote\/ainutlaatuinen-valkokultainen-sormus-jossa-2-ctn-laboratoriossa-kasvatettu-timantti-elara\/#primaryimage","url":"https:\/\/colibri-jewels.eu\/wp-content\/uploads\/2024\/07\/white-gold-2-carat-moissanite-ring-RD-00839-6.jpg","contentUrl":"https:\/\/colibri-jewels.eu\/wp-content\/uploads\/2024\/07\/white-gold-2-carat-moissanite-ring-RD-00839-6.jpg","width":1000,"height":1000},{"@type":"BreadcrumbList","@id":"https:\/\/colibri-jewels.eu\/fi\/tuote\/ainutlaatuinen-valkokultainen-sormus-jossa-2-ctn-laboratoriossa-kasvatettu-timantti-elara\/#breadcrumb","itemListElement":[{"@type":"ListItem","position":1,"name":"\u0413\u043b\u0430\u0432\u043d\u0430\u044f \u0441\u0442\u0440\u0430\u043d\u0438\u0446\u0430","item":"https:\/\/colibri-jewels.eu\/fi\/"},{"@type":"ListItem","position":2,"name":"Kauppa","item":"https:\/\/colibri-jewels.eu\/fi\/kauppa\/"},{"@type":"ListItem","position":3,"name":"Ainutlaatuinen valkokultainen sormus, jossa 2 ct:n laboratoriossa kasvatettu timantti &#8220;Elara&#8221;"}]},{"@type":"WebSite","@id":"https:\/\/colibri-jewels.eu\/fi\/#website","url":"https:\/\/colibri-jewels.eu\/fi\/","name":"Colibri jewels","description":"jewelry shop","publisher":{"@id":"https:\/\/colibri-jewels.eu\/fi\/#organization"},"potentialAction":[{"@type":"SearchAction","target":{"@type":"EntryPoint","urlTemplate":"https:\/\/colibri-jewels.eu\/fi\/?s={search_term_string}"},"query-input":{"@type":"PropertyValueSpecification","valueRequired":true,"valueName":"search_term_string"}}],"inLanguage":"fi"},{"@type":"Organization","@id":"https:\/\/colibri-jewels.eu\/fi\/#organization","name":"O\u00dc Colibri","url":"https:\/\/colibri-jewels.eu\/fi\/","logo":{"@type":"ImageObject","inLanguage":"fi","@id":"https:\/\/colibri-jewels.eu\/fi\/#\/schema\/logo\/image\/","url":"https:\/\/dev.colibri-jewels.eu\/wp-content\/uploads\/2021\/03\/colibri.png","contentUrl":"https:\/\/dev.colibri-jewels.eu\/wp-content\/uploads\/2021\/03\/colibri.png","width":227,"height":130,"caption":"O\u00dc Colibri"},"image":{"@id":"https:\/\/colibri-jewels.eu\/fi\/#\/schema\/logo\/image\/"},"sameAs":["https:\/\/www.facebook.com\/colibri.jewels","https:\/\/www.instagram.com\/colibri.jewels","https:\/\/www.tiktok.com\/colibri.jewels"]}]}},"_links":{"self":[{"href":"https:\/\/colibri-jewels.eu\/fi\/wp-json\/wp\/v2\/product\/50220","targetHints":{"allow":["GET"]}}],"collection":[{"href":"https:\/\/colibri-jewels.eu\/fi\/wp-json\/wp\/v2\/product"}],"about":[{"href":"https:\/\/colibri-jewels.eu\/fi\/wp-json\/wp\/v2\/types\/product"}],"replies":[{"embeddable":true,"href":"https:\/\/colibri-jewels.eu\/fi\/wp-json\/wp\/v2\/comments?post=50220"}],"version-history":[{"count":0,"href":"https:\/\/colibri-jewels.eu\/fi\/wp-json\/wp\/v2\/product\/50220\/revisions"}],"wp:featuredmedia":[{"embeddable":true,"href":"https:\/\/colibri-jewels.eu\/fi\/wp-json\/wp\/v2\/media\/50221"}],"wp:attachment":[{"href":"https:\/\/colibri-jewels.eu\/fi\/wp-json\/wp\/v2\/media?parent=50220"}],"wp:term":[{"taxonomy":"brand","embeddable":true,"href":"https:\/\/colibri-jewels.eu\/fi\/wp-json\/wp\/v2\/etheme_brands?post=50220"},{"taxonomy":"product_brand","embeddable":true,"href":"https:\/\/colibri-jewels.eu\/fi\/wp-json\/wp\/v2\/product_brand?post=50220"},{"taxonomy":"product_cat","embeddable":true,"href":"https:\/\/colibri-jewels.eu\/fi\/wp-json\/wp\/v2\/product_cat?post=50220"},{"taxonomy":"product_tag","embeddable":true,"href":"https:\/\/colibri-jewels.eu\/fi\/wp-json\/wp\/v2\/product_tag?post=50220"}],"curies":[{"name":"wp","href":"https:\/\/api.w.org\/{rel}","templated":true}]}}