{"id":50709,"date":"2025-02-26T22:28:52","date_gmt":"2025-02-26T20:28:52","guid":{"rendered":"https:\/\/colibri-jewels.eu\/?post_type=product&#038;p=50709"},"modified":"2025-05-22T22:04:20","modified_gmt":"2025-05-22T19:04:20","slug":"sormus-lab-kasvatetulla-timantilla-rosalynn","status":"publish","type":"product","link":"https:\/\/colibri-jewels.eu\/fi\/tuote\/sormus-lab-kasvatetulla-timantilla-rosalynn\/","title":{"rendered":"Sormus lab-kasvatetulla timantilla &#8221;Rosalynn&#8221;"},"content":{"rendered":"<p data-start=\"96\" data-end=\"435\">T\u00e4ss\u00e4 elegantissa 14 karaatin valkokultasormuksessa on upea 1,5 karaatin py\u00f6re\u00e4 lab-kasvatettu timantti keskell\u00e4, jota ymp\u00e4r\u00f6i 20 pienemp\u00e4\u00e4 lab-kasvatettua timanttia, joiden kokonaispaino on 0,50 karaattia. Sivutimantit on asetettu siten, ett\u00e4 ne t\u00e4ydent\u00e4v\u00e4t keskikive\u00e4, pehment\u00e4en visuaalisesti sen kohotettua istutusta ja lis\u00e4ten harmoniaa kokonaisdesigniin.<\/p>\n<p data-start=\"437\" data-end=\"673\">T\u00e4m\u00e4n sormuksen siro muotoilu ja s\u00e4teilev\u00e4 loisto tekev\u00e4t siit\u00e4 t\u00e4ydellisen valinnan kihla- tai vuosip\u00e4iv\u00e4lahjaksi. Sen ajaton eleganssi korostaa sen emotionaalista merkityst\u00e4, tehden siit\u00e4 kauniin rakkauden ja sitoutumisen symbolin.<\/p>\n<p data-start=\"675\" data-end=\"923\">Lab-kasvatetut timantit tarjoavat saman poikkeuksellisen laadun kuin luonnolliset timantit, identtisill\u00e4 kemiallisilla, fysikaalisilla ja optisilla ominaisuuksilla. Eettisesti luotuina ne j\u00e4tt\u00e4v\u00e4t minimaalisen ymp\u00e4rist\u00f6jalanj\u00e4ljen, mik\u00e4 tekee niist\u00e4 vastuullisen ja kest\u00e4v\u00e4n valinnan<\/p>\n<p data-start=\"925\" data-end=\"1135\">Keskimm\u00e4isell\u00e4 timantilla on kansainv\u00e4lisen gemmologisen laboratorion my\u00f6nt\u00e4m\u00e4 sertifikaatti, ja sen vy\u00f6hykkeess\u00e4 on kaiverrus sertifikaatin numerolla, joka on aina todennettavissa my\u00f6nt\u00e4v\u00e4n laboratorion verkkosivustolla.<\/p>\n<h3 data-start=\"1381\" data-end=\"1410\"><strong data-start=\"1385\" data-end=\"1410\">Miksi valita t\u00e4m\u00e4 sormus?<\/strong><\/h3>\n<ul data-start=\"1411\" data-end=\"1867\">\n<li data-start=\"1411\" data-end=\"1482\">Elegantti ja ajaton muotoilu, t\u00e4ydellinen kihloihin tai erityisiin lahjoihin.<\/li>\n<li data-start=\"1483\" data-end=\"1522\">Eettisesti hankitut lab-kasvatetut timantit.<\/li>\n<li data-start=\"1523\" data-end=\"1600\">Sivutimantit t\u00e4ydent\u00e4v\u00e4t keskikive\u00e4 ja pehment\u00e4v\u00e4t sen kohotettua istutusta.<\/li>\n<li data-start=\"1601\" data-end=\"1669\">Demokraattinen hinta mahdollistaa sen k\u00e4ytt\u00e4misen ja vaalimisen joka p\u00e4iv\u00e4.<\/li>\n<li data-start=\"1670\" data-end=\"1867\">Keskimm\u00e4isell\u00e4 timantilla on kansainv\u00e4lisen gemmologisen laboratorion my\u00f6nt\u00e4m\u00e4 sertifikaatti, joka varmistaa sen alkuper\u00e4n ja laadun, ja sertifikaatin numero on todennettavissa laboratorion verkkosivustolla.<\/li>\n<\/ul>\n<p data-start=\"1869\" data-end=\"1980\">Tee hetkist\u00e4si unohtumattomia <strong data-start=\"1910\" data-end=\"1922\">Rosalynn<\/strong>-sormuksella \u2013 kauniilla rakkauden, tyylin ja t\u00e4ydellisyyden symbolilla.<\/p>\n","protected":false},"excerpt":{"rendered":"<h3 style=\"font-style: normal; text-decoration-thickness: initial; text-decoration-style: initial; text-decoration-color: initial;\" data-start=\"1137\" data-end=\"1158\"><strong data-start=\"1141\" data-end=\"1158\">T\u00e4rkeimm\u00e4t ominaisuudet:<\/strong><\/h3>\n<ul data-start=\"1159\" data-end=\"1379\">\n<li data-start=\"1159\" data-end=\"1191\"><strong data-start=\"1161\" data-end=\"1174\">Materiaali<\/strong>: 14K valkokulta.<\/li>\n<li data-start=\"1192\" data-end=\"1297\"><strong data-start=\"1194\" data-end=\"1207\">Jalokivi:<\/strong> Lab-kasvatettu py\u00f6re\u00e4 timantti (1,5 karaattia) ja 20 pienemp\u00e4\u00e4 timanttia (yhteispaino 0,50 karaattia).<\/li>\n<li data-start=\"1298\" data-end=\"1333\"><strong data-start=\"1300\" data-end=\"1317\">Keskikivi:<\/strong> Py\u00f6re\u00e4 timantti.<\/li>\n<li data-start=\"1334\" data-end=\"1379\"><strong data-start=\"1336\" data-end=\"1353\">Karaattipaino<\/strong>: 1,5 karaattia (p\u00e4\u00e4kivi) ja 0,50 ct (sivukivet).<\/li>\n<\/ul>\n","protected":false},"featured_media":50710,"comment_status":"open","ping_status":"closed","template":"","meta":[],"etheme_brands":[],"product_brand":[],"product_cat":[990],"product_tag":[997,994,1256,999],"class_list":{"0":"post-50709","1":"product","2":"type-product","3":"status-publish","4":"has-post-thumbnail","6":"product_cat-sormukset","7":"product_tag-kihlaus","8":"product_tag-klassiset","9":"product_tag-lab-timantit","10":"product_tag-yksinoikeudella","12":"first","13":"onbackorder","14":"shipping-taxable","15":"purchasable","16":"product-type-simple"},"acf":[],"yoast_head":"<!-- This site is optimized with the Yoast SEO Premium plugin v26.5 (Yoast SEO v26.8) - https:\/\/yoast.com\/product\/yoast-seo-premium-wordpress\/ -->\n<title>Sormus lab-kasvatetulla timantilla &quot;Rosalynn&quot; - Colibri jewels<\/title>\n<meta name=\"description\" content=\"Rosalynn-sormus 14 karaatin valkokultaa, jossa 1,5 karaatin py\u00f6re\u00e4 lab-kasvatettu timantti. Elegantti muotoilu, t\u00e4ydellinen kihloihin ja vuosip\u00e4iv\u00e4lahjoihin.\" \/>\n<meta name=\"robots\" content=\"index, follow, max-snippet:-1, max-image-preview:large, max-video-preview:-1\" \/>\n<link rel=\"canonical\" href=\"https:\/\/colibri-jewels.eu\/fi\/tuote\/sormus-lab-kasvatetulla-timantilla-rosalynn\/\" \/>\n<meta property=\"og:locale\" content=\"fi_FI\" \/>\n<meta property=\"og:type\" content=\"article\" \/>\n<meta property=\"og:title\" content=\"Sormus lab-kasvatetulla timantilla &quot;Rosalynn&quot;\" \/>\n<meta property=\"og:description\" content=\"Rosalynn-sormus 14 karaatin valkokultaa, jossa 1,5 karaatin py\u00f6re\u00e4 lab-kasvatettu timantti. Elegantti muotoilu, t\u00e4ydellinen kihloihin ja vuosip\u00e4iv\u00e4lahjoihin.\" \/>\n<meta property=\"og:url\" content=\"https:\/\/colibri-jewels.eu\/fi\/tuote\/sormus-lab-kasvatetulla-timantilla-rosalynn\/\" \/>\n<meta property=\"og:site_name\" content=\"Colibri jewels\" \/>\n<meta property=\"article:publisher\" content=\"https:\/\/www.facebook.com\/colibri.jewels\" \/>\n<meta property=\"article:modified_time\" content=\"2025-05-22T19:04:20+00:00\" \/>\n<meta property=\"og:image\" content=\"https:\/\/colibri-jewels.eu\/wp-content\/uploads\/2025\/02\/white-gold-lab-diamond-solitaire-ring_Rosalynn-1.jpg\" \/>\n\t<meta property=\"og:image:width\" content=\"1000\" \/>\n\t<meta property=\"og:image:height\" content=\"1000\" \/>\n\t<meta property=\"og:image:type\" content=\"image\/jpeg\" \/>\n<meta name=\"twitter:card\" content=\"summary_large_image\" \/>\n<meta name=\"twitter:label1\" content=\"Arvioitu lukuaika\" \/>\n\t<meta name=\"twitter:data1\" content=\"1 minuutti\" \/>\n<script type=\"application\/ld+json\" class=\"yoast-schema-graph\">{\"@context\":\"https:\/\/schema.org\",\"@graph\":[{\"@type\":\"WebPage\",\"@id\":\"https:\/\/colibri-jewels.eu\/fi\/tuote\/sormus-lab-kasvatetulla-timantilla-rosalynn\/\",\"url\":\"https:\/\/colibri-jewels.eu\/fi\/tuote\/sormus-lab-kasvatetulla-timantilla-rosalynn\/\",\"name\":\"Sormus lab-kasvatetulla timantilla \\\"Rosalynn\\\" - Colibri jewels\",\"isPartOf\":{\"@id\":\"https:\/\/colibri-jewels.eu\/fi\/#website\"},\"primaryImageOfPage\":{\"@id\":\"https:\/\/colibri-jewels.eu\/fi\/tuote\/sormus-lab-kasvatetulla-timantilla-rosalynn\/#primaryimage\"},\"image\":{\"@id\":\"https:\/\/colibri-jewels.eu\/fi\/tuote\/sormus-lab-kasvatetulla-timantilla-rosalynn\/#primaryimage\"},\"thumbnailUrl\":\"https:\/\/colibri-jewels.eu\/wp-content\/uploads\/2025\/02\/white-gold-lab-diamond-solitaire-ring_Rosalynn-1.jpg\",\"datePublished\":\"2025-02-26T20:28:52+00:00\",\"dateModified\":\"2025-05-22T19:04:20+00:00\",\"description\":\"Rosalynn-sormus 14 karaatin valkokultaa, jossa 1,5 karaatin py\u00f6re\u00e4 lab-kasvatettu timantti. Elegantti muotoilu, t\u00e4ydellinen kihloihin ja vuosip\u00e4iv\u00e4lahjoihin.\",\"breadcrumb\":{\"@id\":\"https:\/\/colibri-jewels.eu\/fi\/tuote\/sormus-lab-kasvatetulla-timantilla-rosalynn\/#breadcrumb\"},\"inLanguage\":\"fi\",\"potentialAction\":[{\"@type\":\"ReadAction\",\"target\":[\"https:\/\/colibri-jewels.eu\/fi\/tuote\/sormus-lab-kasvatetulla-timantilla-rosalynn\/\"]}]},{\"@type\":\"ImageObject\",\"inLanguage\":\"fi\",\"@id\":\"https:\/\/colibri-jewels.eu\/fi\/tuote\/sormus-lab-kasvatetulla-timantilla-rosalynn\/#primaryimage\",\"url\":\"https:\/\/colibri-jewels.eu\/wp-content\/uploads\/2025\/02\/white-gold-lab-diamond-solitaire-ring_Rosalynn-1.jpg\",\"contentUrl\":\"https:\/\/colibri-jewels.eu\/wp-content\/uploads\/2025\/02\/white-gold-lab-diamond-solitaire-ring_Rosalynn-1.jpg\",\"width\":1000,\"height\":1000},{\"@type\":\"BreadcrumbList\",\"@id\":\"https:\/\/colibri-jewels.eu\/fi\/tuote\/sormus-lab-kasvatetulla-timantilla-rosalynn\/#breadcrumb\",\"itemListElement\":[{\"@type\":\"ListItem\",\"position\":1,\"name\":\"\u0413\u043b\u0430\u0432\u043d\u0430\u044f \u0441\u0442\u0440\u0430\u043d\u0438\u0446\u0430\",\"item\":\"https:\/\/colibri-jewels.eu\/fi\/\"},{\"@type\":\"ListItem\",\"position\":2,\"name\":\"Kauppa\",\"item\":\"https:\/\/colibri-jewels.eu\/fi\/kauppa\/\"},{\"@type\":\"ListItem\",\"position\":3,\"name\":\"Sormus lab-kasvatetulla timantilla &#8220;Rosalynn&#8221;\"}]},{\"@type\":\"WebSite\",\"@id\":\"https:\/\/colibri-jewels.eu\/fi\/#website\",\"url\":\"https:\/\/colibri-jewels.eu\/fi\/\",\"name\":\"Colibri jewels\",\"description\":\"jewelry shop\",\"publisher\":{\"@id\":\"https:\/\/colibri-jewels.eu\/fi\/#organization\"},\"potentialAction\":[{\"@type\":\"SearchAction\",\"target\":{\"@type\":\"EntryPoint\",\"urlTemplate\":\"https:\/\/colibri-jewels.eu\/fi\/?s={search_term_string}\"},\"query-input\":{\"@type\":\"PropertyValueSpecification\",\"valueRequired\":true,\"valueName\":\"search_term_string\"}}],\"inLanguage\":\"fi\"},{\"@type\":\"Organization\",\"@id\":\"https:\/\/colibri-jewels.eu\/fi\/#organization\",\"name\":\"O\u00dc Colibri\",\"url\":\"https:\/\/colibri-jewels.eu\/fi\/\",\"logo\":{\"@type\":\"ImageObject\",\"inLanguage\":\"fi\",\"@id\":\"https:\/\/colibri-jewels.eu\/fi\/#\/schema\/logo\/image\/\",\"url\":\"https:\/\/dev.colibri-jewels.eu\/wp-content\/uploads\/2021\/03\/colibri.png\",\"contentUrl\":\"https:\/\/dev.colibri-jewels.eu\/wp-content\/uploads\/2021\/03\/colibri.png\",\"width\":227,\"height\":130,\"caption\":\"O\u00dc Colibri\"},\"image\":{\"@id\":\"https:\/\/colibri-jewels.eu\/fi\/#\/schema\/logo\/image\/\"},\"sameAs\":[\"https:\/\/www.facebook.com\/colibri.jewels\",\"https:\/\/www.instagram.com\/colibri.jewels\",\"https:\/\/www.tiktok.com\/colibri.jewels\"]}]}<\/script>\n<!-- \/ Yoast SEO Premium plugin. -->","yoast_head_json":{"title":"Sormus lab-kasvatetulla timantilla \"Rosalynn\" - Colibri jewels","description":"Rosalynn-sormus 14 karaatin valkokultaa, jossa 1,5 karaatin py\u00f6re\u00e4 lab-kasvatettu timantti. Elegantti muotoilu, t\u00e4ydellinen kihloihin ja vuosip\u00e4iv\u00e4lahjoihin.","robots":{"index":"index","follow":"follow","max-snippet":"max-snippet:-1","max-image-preview":"max-image-preview:large","max-video-preview":"max-video-preview:-1"},"canonical":"https:\/\/colibri-jewels.eu\/fi\/tuote\/sormus-lab-kasvatetulla-timantilla-rosalynn\/","og_locale":"fi_FI","og_type":"article","og_title":"Sormus lab-kasvatetulla timantilla \"Rosalynn\"","og_description":"Rosalynn-sormus 14 karaatin valkokultaa, jossa 1,5 karaatin py\u00f6re\u00e4 lab-kasvatettu timantti. Elegantti muotoilu, t\u00e4ydellinen kihloihin ja vuosip\u00e4iv\u00e4lahjoihin.","og_url":"https:\/\/colibri-jewels.eu\/fi\/tuote\/sormus-lab-kasvatetulla-timantilla-rosalynn\/","og_site_name":"Colibri jewels","article_publisher":"https:\/\/www.facebook.com\/colibri.jewels","article_modified_time":"2025-05-22T19:04:20+00:00","og_image":[{"width":1000,"height":1000,"url":"https:\/\/colibri-jewels.eu\/wp-content\/uploads\/2025\/02\/white-gold-lab-diamond-solitaire-ring_Rosalynn-1.jpg","type":"image\/jpeg"}],"twitter_card":"summary_large_image","twitter_misc":{"Arvioitu lukuaika":"1 minuutti"},"schema":{"@context":"https:\/\/schema.org","@graph":[{"@type":"WebPage","@id":"https:\/\/colibri-jewels.eu\/fi\/tuote\/sormus-lab-kasvatetulla-timantilla-rosalynn\/","url":"https:\/\/colibri-jewels.eu\/fi\/tuote\/sormus-lab-kasvatetulla-timantilla-rosalynn\/","name":"Sormus lab-kasvatetulla timantilla \"Rosalynn\" - Colibri jewels","isPartOf":{"@id":"https:\/\/colibri-jewels.eu\/fi\/#website"},"primaryImageOfPage":{"@id":"https:\/\/colibri-jewels.eu\/fi\/tuote\/sormus-lab-kasvatetulla-timantilla-rosalynn\/#primaryimage"},"image":{"@id":"https:\/\/colibri-jewels.eu\/fi\/tuote\/sormus-lab-kasvatetulla-timantilla-rosalynn\/#primaryimage"},"thumbnailUrl":"https:\/\/colibri-jewels.eu\/wp-content\/uploads\/2025\/02\/white-gold-lab-diamond-solitaire-ring_Rosalynn-1.jpg","datePublished":"2025-02-26T20:28:52+00:00","dateModified":"2025-05-22T19:04:20+00:00","description":"Rosalynn-sormus 14 karaatin valkokultaa, jossa 1,5 karaatin py\u00f6re\u00e4 lab-kasvatettu timantti. Elegantti muotoilu, t\u00e4ydellinen kihloihin ja vuosip\u00e4iv\u00e4lahjoihin.","breadcrumb":{"@id":"https:\/\/colibri-jewels.eu\/fi\/tuote\/sormus-lab-kasvatetulla-timantilla-rosalynn\/#breadcrumb"},"inLanguage":"fi","potentialAction":[{"@type":"ReadAction","target":["https:\/\/colibri-jewels.eu\/fi\/tuote\/sormus-lab-kasvatetulla-timantilla-rosalynn\/"]}]},{"@type":"ImageObject","inLanguage":"fi","@id":"https:\/\/colibri-jewels.eu\/fi\/tuote\/sormus-lab-kasvatetulla-timantilla-rosalynn\/#primaryimage","url":"https:\/\/colibri-jewels.eu\/wp-content\/uploads\/2025\/02\/white-gold-lab-diamond-solitaire-ring_Rosalynn-1.jpg","contentUrl":"https:\/\/colibri-jewels.eu\/wp-content\/uploads\/2025\/02\/white-gold-lab-diamond-solitaire-ring_Rosalynn-1.jpg","width":1000,"height":1000},{"@type":"BreadcrumbList","@id":"https:\/\/colibri-jewels.eu\/fi\/tuote\/sormus-lab-kasvatetulla-timantilla-rosalynn\/#breadcrumb","itemListElement":[{"@type":"ListItem","position":1,"name":"\u0413\u043b\u0430\u0432\u043d\u0430\u044f \u0441\u0442\u0440\u0430\u043d\u0438\u0446\u0430","item":"https:\/\/colibri-jewels.eu\/fi\/"},{"@type":"ListItem","position":2,"name":"Kauppa","item":"https:\/\/colibri-jewels.eu\/fi\/kauppa\/"},{"@type":"ListItem","position":3,"name":"Sormus lab-kasvatetulla timantilla &#8220;Rosalynn&#8221;"}]},{"@type":"WebSite","@id":"https:\/\/colibri-jewels.eu\/fi\/#website","url":"https:\/\/colibri-jewels.eu\/fi\/","name":"Colibri jewels","description":"jewelry shop","publisher":{"@id":"https:\/\/colibri-jewels.eu\/fi\/#organization"},"potentialAction":[{"@type":"SearchAction","target":{"@type":"EntryPoint","urlTemplate":"https:\/\/colibri-jewels.eu\/fi\/?s={search_term_string}"},"query-input":{"@type":"PropertyValueSpecification","valueRequired":true,"valueName":"search_term_string"}}],"inLanguage":"fi"},{"@type":"Organization","@id":"https:\/\/colibri-jewels.eu\/fi\/#organization","name":"O\u00dc Colibri","url":"https:\/\/colibri-jewels.eu\/fi\/","logo":{"@type":"ImageObject","inLanguage":"fi","@id":"https:\/\/colibri-jewels.eu\/fi\/#\/schema\/logo\/image\/","url":"https:\/\/dev.colibri-jewels.eu\/wp-content\/uploads\/2021\/03\/colibri.png","contentUrl":"https:\/\/dev.colibri-jewels.eu\/wp-content\/uploads\/2021\/03\/colibri.png","width":227,"height":130,"caption":"O\u00dc Colibri"},"image":{"@id":"https:\/\/colibri-jewels.eu\/fi\/#\/schema\/logo\/image\/"},"sameAs":["https:\/\/www.facebook.com\/colibri.jewels","https:\/\/www.instagram.com\/colibri.jewels","https:\/\/www.tiktok.com\/colibri.jewels"]}]}},"_links":{"self":[{"href":"https:\/\/colibri-jewels.eu\/fi\/wp-json\/wp\/v2\/product\/50709","targetHints":{"allow":["GET"]}}],"collection":[{"href":"https:\/\/colibri-jewels.eu\/fi\/wp-json\/wp\/v2\/product"}],"about":[{"href":"https:\/\/colibri-jewels.eu\/fi\/wp-json\/wp\/v2\/types\/product"}],"replies":[{"embeddable":true,"href":"https:\/\/colibri-jewels.eu\/fi\/wp-json\/wp\/v2\/comments?post=50709"}],"version-history":[{"count":0,"href":"https:\/\/colibri-jewels.eu\/fi\/wp-json\/wp\/v2\/product\/50709\/revisions"}],"wp:featuredmedia":[{"embeddable":true,"href":"https:\/\/colibri-jewels.eu\/fi\/wp-json\/wp\/v2\/media\/50710"}],"wp:attachment":[{"href":"https:\/\/colibri-jewels.eu\/fi\/wp-json\/wp\/v2\/media?parent=50709"}],"wp:term":[{"taxonomy":"brand","embeddable":true,"href":"https:\/\/colibri-jewels.eu\/fi\/wp-json\/wp\/v2\/etheme_brands?post=50709"},{"taxonomy":"product_brand","embeddable":true,"href":"https:\/\/colibri-jewels.eu\/fi\/wp-json\/wp\/v2\/product_brand?post=50709"},{"taxonomy":"product_cat","embeddable":true,"href":"https:\/\/colibri-jewels.eu\/fi\/wp-json\/wp\/v2\/product_cat?post=50709"},{"taxonomy":"product_tag","embeddable":true,"href":"https:\/\/colibri-jewels.eu\/fi\/wp-json\/wp\/v2\/product_tag?post=50709"}],"curies":[{"name":"wp","href":"https:\/\/api.w.org\/{rel}","templated":true}]}}