{"id":50713,"date":"2025-02-26T21:49:51","date_gmt":"2025-02-26T19:49:51","guid":{"rendered":"https:\/\/colibri-jewels.eu\/?post_type=product&#038;p=50713"},"modified":"2025-06-10T14:16:20","modified_gmt":"2025-06-10T11:16:20","slug":"sormus-lab-kasvatetulla-timantilla-grace","status":"publish","type":"product","link":"https:\/\/colibri-jewels.eu\/fi\/tuote\/sormus-lab-kasvatetulla-timantilla-grace\/","title":{"rendered":"Sormus lab-kasvatetulla timantilla &#8221;Grace&#8221;"},"content":{"rendered":"<p data-start=\"121\" data-end=\"401\">T\u00e4ss\u00e4 14 karaatin valkokultasormuksessa on ovaalinmuotoinen 2 karaatin timantti, jota ymp\u00e4r\u00f6i 34 pienemp\u00e4\u00e4 timanttia, joiden kokonaispaino on 0,50 karaattia, luoden loiston ja ylellisyyden vaikutelman. Keskikiven kohotettu istutus lis\u00e4\u00e4 syvyytt\u00e4 ja hienostuneisuutta, korostaen visuaalista vaikutusta. <\/p>\n<p data-start=\"403\" data-end=\"605\">Sormus on t\u00e4ydellinen sek\u00e4 kihlasormukseksi ett\u00e4 lahjaksi mihin tahansa erityiseen tilaisuuteen. Sen elegantti ja hienostunut muotoilu yhdist\u00e4\u00e4 klassisia ja moderneja elementtej\u00e4, mik\u00e4 tekee siit\u00e4 monipuolisen korun kaikkiin tapahtumiin. <\/p>\n<p data-start=\"607\" data-end=\"955\">Keskimm\u00e4isell\u00e4 timantilla on kansainv\u00e4lisen gemmologisen laboratorion my\u00f6nt\u00e4m\u00e4 sertifikaatti ja kaiverrus vy\u00f6hykkeess\u00e4, mik\u00e4 vahvistaa sen alkuper\u00e4n ja laadun. Lab-kasvatetuilla timanteilla on samat kemialliset, fysikaaliset ja optiset ominaisuudet kuin luonnollisilla timanteilla, mutta ne on luotu minimaalisella ymp\u00e4rist\u00f6jalanj\u00e4ljell\u00e4, mik\u00e4 tekee niist\u00e4 eettisen ja kest\u00e4v\u00e4n valinnan. <\/p>\n<h3 data-start=\"957\" data-end=\"980\"><strong data-start=\"961\" data-end=\"978\">T\u00e4rkeimm\u00e4t ominaisuudet:<\/strong><\/h3>\n<ul data-start=\"981\" data-end=\"1195\">\n<li data-start=\"981\" data-end=\"1013\"><strong data-start=\"983\" data-end=\"996\">Materiaali:<\/strong> 14 kt valkokulta.<\/li>\n<li data-start=\"1014\" data-end=\"1116\"><strong data-start=\"1016\" data-end=\"1029\">Jalokivi:<\/strong> Lab-kasvatettu ovaali timantti (2 karaattia) ja 34 pienemp\u00e4\u00e4 timanttia (yhteispaino 0,50 karaattia).<\/li>\n<li data-start=\"1117\" data-end=\"1151\"><strong data-start=\"1119\" data-end=\"1136\">Keskikivi:<\/strong> Ovaali timantti.<\/li>\n<li data-start=\"1152\" data-end=\"1195\"><strong data-start=\"1154\" data-end=\"1171\">Karaattipaino:<\/strong> 2 karaattia (p\u00e4\u00e4kivi)<\/li>\n<\/ul>\n<h3 data-start=\"1197\" data-end=\"1228\"><strong data-start=\"1201\" data-end=\"1226\">Miksi valita t\u00e4m\u00e4 sormus?<\/strong><\/h3>\n<ul data-start=\"1229\" data-end=\"1731\">\n<li data-start=\"1229\" data-end=\"1301\">Ylellinen ja elegantti muotoilu, joka korostaa yksil\u00f6llisyytt\u00e4si.<\/li>\n<li data-start=\"1302\" data-end=\"1359\">T\u00e4ydellinen kihloihin tai lahjaksi mihin tahansa tilaisuuteen.<\/li>\n<li data-start=\"1360\" data-end=\"1407\">Eettiset ja kest\u00e4v\u00e4t lab-kasvatetut timantit.<\/li>\n<li data-start=\"1408\" data-end=\"1471\">Kohotettu istutus lis\u00e4\u00e4 syvyytt\u00e4 ja hienostuneisuutta muotoiluun.<\/li>\n<li data-start=\"1472\" data-end=\"1560\">Demokraattinen hinta mahdollistaa sen k\u00e4ytt\u00e4misen joka p\u00e4iv\u00e4, ei vain erityisiss\u00e4 tilaisuuksissa.<\/li>\n<li data-start=\"1561\" data-end=\"1679\">Keskimm\u00e4isell\u00e4 timantilla on kansainv\u00e4lisen gemmologisen laboratorion my\u00f6nt\u00e4m\u00e4 sertifikaatti ja kaiverrus vy\u00f6hykkeess\u00e4.<\/li>\n<li data-start=\"1680\" data-end=\"1731\">Ajaton rakkauden, tyylin ja t\u00e4ydellisyyden symboli.<\/li>\n<\/ul>\n<p data-start=\"1733\" data-end=\"1842\"><strong data-start=\"1737\" data-end=\"1746\">Grace<\/strong>-sormus on t\u00e4ydellinen valinta niille, jotka arvostavat eleganssia, modernia tyyli\u00e4 ja luonnonkauneutta.<\/p>\n","protected":false},"excerpt":{"rendered":"<p>T\u00e4ss\u00e4 14 karaatin valkokultasormuksessa on ovaalinmuotoinen 2 karaatin timantti, jota ymp\u00e4r\u00f6i 34 pienemp\u00e4\u00e4 timanttia, joiden kokonaispaino on 0,50 karaattia, luoden loiston ja ylellisyyden vaikutelman. Keskikiven&#8230;<\/p>\n","protected":false},"featured_media":53687,"comment_status":"open","ping_status":"closed","template":"","meta":[],"etheme_brands":[],"product_brand":[],"product_cat":[990],"product_tag":[997,1256,1004,999],"class_list":{"0":"post-50713","1":"product","2":"type-product","3":"status-publish","4":"has-post-thumbnail","6":"product_cat-sormukset","7":"product_tag-kihlaus","8":"product_tag-lab-timantit","9":"product_tag-romanttiset","10":"product_tag-yksinoikeudella","12":"first","13":"onbackorder","14":"shipping-taxable","15":"purchasable","16":"product-type-simple"},"acf":[],"yoast_head":"<!-- This site is optimized with the Yoast SEO Premium plugin v26.5 (Yoast SEO v26.8) - https:\/\/yoast.com\/product\/yoast-seo-premium-wordpress\/ -->\n<title>Sormus lab-kasvatetulla timantilla &quot;Grace&quot; - Colibri jewels<\/title>\n<meta name=\"description\" content=\"Grace-sormus 14 karaatin valkokultaa, jossa 2 karaatin ovaali timantti. Elegantti ja ylellinen muotoilu, t\u00e4ydellinen kihloihin tai lahjaksi mihin tahansa tilaisuuteen.\" \/>\n<meta name=\"robots\" content=\"index, follow, max-snippet:-1, max-image-preview:large, max-video-preview:-1\" \/>\n<link rel=\"canonical\" href=\"https:\/\/colibri-jewels.eu\/fi\/tuote\/sormus-lab-kasvatetulla-timantilla-grace\/\" \/>\n<meta property=\"og:locale\" content=\"fi_FI\" \/>\n<meta property=\"og:type\" content=\"article\" \/>\n<meta property=\"og:title\" content=\"Sormus lab-kasvatetulla timantilla &quot;Grace&quot;\" \/>\n<meta property=\"og:description\" content=\"Grace-sormus 14 karaatin valkokultaa, jossa 2 karaatin ovaali timantti. Elegantti ja ylellinen muotoilu, t\u00e4ydellinen kihloihin tai lahjaksi mihin tahansa tilaisuuteen.\" \/>\n<meta property=\"og:url\" content=\"https:\/\/colibri-jewels.eu\/fi\/tuote\/sormus-lab-kasvatetulla-timantilla-grace\/\" \/>\n<meta property=\"og:site_name\" content=\"Colibri jewels\" \/>\n<meta property=\"article:publisher\" content=\"https:\/\/www.facebook.com\/colibri.jewels\" \/>\n<meta property=\"article:modified_time\" content=\"2025-06-10T11:16:20+00:00\" \/>\n<meta property=\"og:image\" content=\"https:\/\/colibri-jewels.eu\/wp-content\/uploads\/2025\/06\/white-gold-ring-with-big-oval-lab-diamond-2-ct-scaled.jpg\" \/>\n\t<meta property=\"og:image:width\" content=\"2560\" \/>\n\t<meta property=\"og:image:height\" content=\"2560\" \/>\n\t<meta property=\"og:image:type\" content=\"image\/jpeg\" \/>\n<meta name=\"twitter:card\" content=\"summary_large_image\" \/>\n<meta name=\"twitter:label1\" content=\"Arvioitu lukuaika\" \/>\n\t<meta name=\"twitter:data1\" content=\"1 minuutti\" \/>\n<script type=\"application\/ld+json\" class=\"yoast-schema-graph\">{\"@context\":\"https:\/\/schema.org\",\"@graph\":[{\"@type\":\"WebPage\",\"@id\":\"https:\/\/colibri-jewels.eu\/fi\/tuote\/sormus-lab-kasvatetulla-timantilla-grace\/\",\"url\":\"https:\/\/colibri-jewels.eu\/fi\/tuote\/sormus-lab-kasvatetulla-timantilla-grace\/\",\"name\":\"Sormus lab-kasvatetulla timantilla \\\"Grace\\\" - Colibri jewels\",\"isPartOf\":{\"@id\":\"https:\/\/colibri-jewels.eu\/fi\/#website\"},\"primaryImageOfPage\":{\"@id\":\"https:\/\/colibri-jewels.eu\/fi\/tuote\/sormus-lab-kasvatetulla-timantilla-grace\/#primaryimage\"},\"image\":{\"@id\":\"https:\/\/colibri-jewels.eu\/fi\/tuote\/sormus-lab-kasvatetulla-timantilla-grace\/#primaryimage\"},\"thumbnailUrl\":\"https:\/\/colibri-jewels.eu\/wp-content\/uploads\/2025\/06\/white-gold-ring-with-big-oval-lab-diamond-2-ct-scaled.jpg\",\"datePublished\":\"2025-02-26T19:49:51+00:00\",\"dateModified\":\"2025-06-10T11:16:20+00:00\",\"description\":\"Grace-sormus 14 karaatin valkokultaa, jossa 2 karaatin ovaali timantti. Elegantti ja ylellinen muotoilu, t\u00e4ydellinen kihloihin tai lahjaksi mihin tahansa tilaisuuteen.\",\"breadcrumb\":{\"@id\":\"https:\/\/colibri-jewels.eu\/fi\/tuote\/sormus-lab-kasvatetulla-timantilla-grace\/#breadcrumb\"},\"inLanguage\":\"fi\",\"potentialAction\":[{\"@type\":\"ReadAction\",\"target\":[\"https:\/\/colibri-jewels.eu\/fi\/tuote\/sormus-lab-kasvatetulla-timantilla-grace\/\"]}]},{\"@type\":\"ImageObject\",\"inLanguage\":\"fi\",\"@id\":\"https:\/\/colibri-jewels.eu\/fi\/tuote\/sormus-lab-kasvatetulla-timantilla-grace\/#primaryimage\",\"url\":\"https:\/\/colibri-jewels.eu\/wp-content\/uploads\/2025\/06\/white-gold-ring-with-big-oval-lab-diamond-2-ct-scaled.jpg\",\"contentUrl\":\"https:\/\/colibri-jewels.eu\/wp-content\/uploads\/2025\/06\/white-gold-ring-with-big-oval-lab-diamond-2-ct-scaled.jpg\",\"width\":2560,\"height\":2560},{\"@type\":\"BreadcrumbList\",\"@id\":\"https:\/\/colibri-jewels.eu\/fi\/tuote\/sormus-lab-kasvatetulla-timantilla-grace\/#breadcrumb\",\"itemListElement\":[{\"@type\":\"ListItem\",\"position\":1,\"name\":\"\u0413\u043b\u0430\u0432\u043d\u0430\u044f \u0441\u0442\u0440\u0430\u043d\u0438\u0446\u0430\",\"item\":\"https:\/\/colibri-jewels.eu\/fi\/\"},{\"@type\":\"ListItem\",\"position\":2,\"name\":\"Kauppa\",\"item\":\"https:\/\/colibri-jewels.eu\/fi\/kauppa\/\"},{\"@type\":\"ListItem\",\"position\":3,\"name\":\"Sormus lab-kasvatetulla timantilla &#8220;Grace&#8221;\"}]},{\"@type\":\"WebSite\",\"@id\":\"https:\/\/colibri-jewels.eu\/fi\/#website\",\"url\":\"https:\/\/colibri-jewels.eu\/fi\/\",\"name\":\"Colibri jewels\",\"description\":\"jewelry shop\",\"publisher\":{\"@id\":\"https:\/\/colibri-jewels.eu\/fi\/#organization\"},\"potentialAction\":[{\"@type\":\"SearchAction\",\"target\":{\"@type\":\"EntryPoint\",\"urlTemplate\":\"https:\/\/colibri-jewels.eu\/fi\/?s={search_term_string}\"},\"query-input\":{\"@type\":\"PropertyValueSpecification\",\"valueRequired\":true,\"valueName\":\"search_term_string\"}}],\"inLanguage\":\"fi\"},{\"@type\":\"Organization\",\"@id\":\"https:\/\/colibri-jewels.eu\/fi\/#organization\",\"name\":\"O\u00dc Colibri\",\"url\":\"https:\/\/colibri-jewels.eu\/fi\/\",\"logo\":{\"@type\":\"ImageObject\",\"inLanguage\":\"fi\",\"@id\":\"https:\/\/colibri-jewels.eu\/fi\/#\/schema\/logo\/image\/\",\"url\":\"https:\/\/dev.colibri-jewels.eu\/wp-content\/uploads\/2021\/03\/colibri.png\",\"contentUrl\":\"https:\/\/dev.colibri-jewels.eu\/wp-content\/uploads\/2021\/03\/colibri.png\",\"width\":227,\"height\":130,\"caption\":\"O\u00dc Colibri\"},\"image\":{\"@id\":\"https:\/\/colibri-jewels.eu\/fi\/#\/schema\/logo\/image\/\"},\"sameAs\":[\"https:\/\/www.facebook.com\/colibri.jewels\",\"https:\/\/www.instagram.com\/colibri.jewels\",\"https:\/\/www.tiktok.com\/colibri.jewels\"]}]}<\/script>\n<!-- \/ Yoast SEO Premium plugin. -->","yoast_head_json":{"title":"Sormus lab-kasvatetulla timantilla \"Grace\" - Colibri jewels","description":"Grace-sormus 14 karaatin valkokultaa, jossa 2 karaatin ovaali timantti. Elegantti ja ylellinen muotoilu, t\u00e4ydellinen kihloihin tai lahjaksi mihin tahansa tilaisuuteen.","robots":{"index":"index","follow":"follow","max-snippet":"max-snippet:-1","max-image-preview":"max-image-preview:large","max-video-preview":"max-video-preview:-1"},"canonical":"https:\/\/colibri-jewels.eu\/fi\/tuote\/sormus-lab-kasvatetulla-timantilla-grace\/","og_locale":"fi_FI","og_type":"article","og_title":"Sormus lab-kasvatetulla timantilla \"Grace\"","og_description":"Grace-sormus 14 karaatin valkokultaa, jossa 2 karaatin ovaali timantti. Elegantti ja ylellinen muotoilu, t\u00e4ydellinen kihloihin tai lahjaksi mihin tahansa tilaisuuteen.","og_url":"https:\/\/colibri-jewels.eu\/fi\/tuote\/sormus-lab-kasvatetulla-timantilla-grace\/","og_site_name":"Colibri jewels","article_publisher":"https:\/\/www.facebook.com\/colibri.jewels","article_modified_time":"2025-06-10T11:16:20+00:00","og_image":[{"width":2560,"height":2560,"url":"https:\/\/colibri-jewels.eu\/wp-content\/uploads\/2025\/06\/white-gold-ring-with-big-oval-lab-diamond-2-ct-scaled.jpg","type":"image\/jpeg"}],"twitter_card":"summary_large_image","twitter_misc":{"Arvioitu lukuaika":"1 minuutti"},"schema":{"@context":"https:\/\/schema.org","@graph":[{"@type":"WebPage","@id":"https:\/\/colibri-jewels.eu\/fi\/tuote\/sormus-lab-kasvatetulla-timantilla-grace\/","url":"https:\/\/colibri-jewels.eu\/fi\/tuote\/sormus-lab-kasvatetulla-timantilla-grace\/","name":"Sormus lab-kasvatetulla timantilla \"Grace\" - Colibri jewels","isPartOf":{"@id":"https:\/\/colibri-jewels.eu\/fi\/#website"},"primaryImageOfPage":{"@id":"https:\/\/colibri-jewels.eu\/fi\/tuote\/sormus-lab-kasvatetulla-timantilla-grace\/#primaryimage"},"image":{"@id":"https:\/\/colibri-jewels.eu\/fi\/tuote\/sormus-lab-kasvatetulla-timantilla-grace\/#primaryimage"},"thumbnailUrl":"https:\/\/colibri-jewels.eu\/wp-content\/uploads\/2025\/06\/white-gold-ring-with-big-oval-lab-diamond-2-ct-scaled.jpg","datePublished":"2025-02-26T19:49:51+00:00","dateModified":"2025-06-10T11:16:20+00:00","description":"Grace-sormus 14 karaatin valkokultaa, jossa 2 karaatin ovaali timantti. Elegantti ja ylellinen muotoilu, t\u00e4ydellinen kihloihin tai lahjaksi mihin tahansa tilaisuuteen.","breadcrumb":{"@id":"https:\/\/colibri-jewels.eu\/fi\/tuote\/sormus-lab-kasvatetulla-timantilla-grace\/#breadcrumb"},"inLanguage":"fi","potentialAction":[{"@type":"ReadAction","target":["https:\/\/colibri-jewels.eu\/fi\/tuote\/sormus-lab-kasvatetulla-timantilla-grace\/"]}]},{"@type":"ImageObject","inLanguage":"fi","@id":"https:\/\/colibri-jewels.eu\/fi\/tuote\/sormus-lab-kasvatetulla-timantilla-grace\/#primaryimage","url":"https:\/\/colibri-jewels.eu\/wp-content\/uploads\/2025\/06\/white-gold-ring-with-big-oval-lab-diamond-2-ct-scaled.jpg","contentUrl":"https:\/\/colibri-jewels.eu\/wp-content\/uploads\/2025\/06\/white-gold-ring-with-big-oval-lab-diamond-2-ct-scaled.jpg","width":2560,"height":2560},{"@type":"BreadcrumbList","@id":"https:\/\/colibri-jewels.eu\/fi\/tuote\/sormus-lab-kasvatetulla-timantilla-grace\/#breadcrumb","itemListElement":[{"@type":"ListItem","position":1,"name":"\u0413\u043b\u0430\u0432\u043d\u0430\u044f \u0441\u0442\u0440\u0430\u043d\u0438\u0446\u0430","item":"https:\/\/colibri-jewels.eu\/fi\/"},{"@type":"ListItem","position":2,"name":"Kauppa","item":"https:\/\/colibri-jewels.eu\/fi\/kauppa\/"},{"@type":"ListItem","position":3,"name":"Sormus lab-kasvatetulla timantilla &#8220;Grace&#8221;"}]},{"@type":"WebSite","@id":"https:\/\/colibri-jewels.eu\/fi\/#website","url":"https:\/\/colibri-jewels.eu\/fi\/","name":"Colibri jewels","description":"jewelry shop","publisher":{"@id":"https:\/\/colibri-jewels.eu\/fi\/#organization"},"potentialAction":[{"@type":"SearchAction","target":{"@type":"EntryPoint","urlTemplate":"https:\/\/colibri-jewels.eu\/fi\/?s={search_term_string}"},"query-input":{"@type":"PropertyValueSpecification","valueRequired":true,"valueName":"search_term_string"}}],"inLanguage":"fi"},{"@type":"Organization","@id":"https:\/\/colibri-jewels.eu\/fi\/#organization","name":"O\u00dc Colibri","url":"https:\/\/colibri-jewels.eu\/fi\/","logo":{"@type":"ImageObject","inLanguage":"fi","@id":"https:\/\/colibri-jewels.eu\/fi\/#\/schema\/logo\/image\/","url":"https:\/\/dev.colibri-jewels.eu\/wp-content\/uploads\/2021\/03\/colibri.png","contentUrl":"https:\/\/dev.colibri-jewels.eu\/wp-content\/uploads\/2021\/03\/colibri.png","width":227,"height":130,"caption":"O\u00dc Colibri"},"image":{"@id":"https:\/\/colibri-jewels.eu\/fi\/#\/schema\/logo\/image\/"},"sameAs":["https:\/\/www.facebook.com\/colibri.jewels","https:\/\/www.instagram.com\/colibri.jewels","https:\/\/www.tiktok.com\/colibri.jewels"]}]}},"_links":{"self":[{"href":"https:\/\/colibri-jewels.eu\/fi\/wp-json\/wp\/v2\/product\/50713","targetHints":{"allow":["GET"]}}],"collection":[{"href":"https:\/\/colibri-jewels.eu\/fi\/wp-json\/wp\/v2\/product"}],"about":[{"href":"https:\/\/colibri-jewels.eu\/fi\/wp-json\/wp\/v2\/types\/product"}],"replies":[{"embeddable":true,"href":"https:\/\/colibri-jewels.eu\/fi\/wp-json\/wp\/v2\/comments?post=50713"}],"version-history":[{"count":0,"href":"https:\/\/colibri-jewels.eu\/fi\/wp-json\/wp\/v2\/product\/50713\/revisions"}],"wp:featuredmedia":[{"embeddable":true,"href":"https:\/\/colibri-jewels.eu\/fi\/wp-json\/wp\/v2\/media\/53687"}],"wp:attachment":[{"href":"https:\/\/colibri-jewels.eu\/fi\/wp-json\/wp\/v2\/media?parent=50713"}],"wp:term":[{"taxonomy":"brand","embeddable":true,"href":"https:\/\/colibri-jewels.eu\/fi\/wp-json\/wp\/v2\/etheme_brands?post=50713"},{"taxonomy":"product_brand","embeddable":true,"href":"https:\/\/colibri-jewels.eu\/fi\/wp-json\/wp\/v2\/product_brand?post=50713"},{"taxonomy":"product_cat","embeddable":true,"href":"https:\/\/colibri-jewels.eu\/fi\/wp-json\/wp\/v2\/product_cat?post=50713"},{"taxonomy":"product_tag","embeddable":true,"href":"https:\/\/colibri-jewels.eu\/fi\/wp-json\/wp\/v2\/product_tag?post=50713"}],"curies":[{"name":"wp","href":"https:\/\/api.w.org\/{rel}","templated":true}]}}