{"id":50883,"date":"2025-02-08T12:15:25","date_gmt":"2025-02-08T10:15:25","guid":{"rendered":"https:\/\/colibri-jewels.eu\/?post_type=product&#038;p=50883"},"modified":"2025-05-22T22:43:18","modified_gmt":"2025-05-22T19:43:18","slug":"tyylikas-kultasormus-lab-kasvatetulla-smaragdilla-r-8206","status":"publish","type":"product","link":"https:\/\/colibri-jewels.eu\/fi\/tuote\/tyylikas-kultasormus-lab-kasvatetulla-smaragdilla-r-8206\/","title":{"rendered":"Tyylik\u00e4s kultasormus lab-kasvatetulla smaragdilla R-8206"},"content":{"rendered":"<p>Lakooninen tyylik\u00e4s sormus, jossa 8*8 mm kokoinen lab-kasvatettu smaragdi.<\/p>\n<p>Tulet varmasti ihastumaan siihen.<\/p>\n<p>Smaragdi on kasvatettu laboratoriossa Kiovassa ja hiottu k\u00e4sin. Siit\u00e4 voidaan k\u00e4ytt\u00e4\u00e4 kahta v\u00e4rivaihtoehtoa \u2013 vihre\u00e4mp\u00e4\u00e4 (kuten kuvassa) ja kolumbianvihre\u00e4\u00e4, jossa on havaittavissa hieman sinist\u00e4.<\/p>\n<p>Varastossa oleva sormuskoko on 17,5, mutta tarvittaessa voimme valmistaa mink\u00e4 tahansa koon.<\/p>\n<p>My\u00f6s kultav\u00e4ri on tilattavissa \u2013 valitse juuri se, jonka haluat.<\/p>\n<p>Smaragdi 2,13 ct<\/p>\n<p>Sormuksen paino 3,14 g.<\/p>\n<p>Keltakulta 14 kt<\/p>\n","protected":false},"excerpt":{"rendered":"<p>Smaragdi on kasvatettu laboratoriossa Kiovassa ja hiottu k\u00e4sin. Siit\u00e4 voidaan k\u00e4ytt\u00e4\u00e4 kahta v\u00e4rivaihtoehtoa \u2013 vihre\u00e4mp\u00e4\u00e4 (kuten kuvassa) ja kolumbianvihre\u00e4\u00e4, jossa on havaittavissa hieman sinist\u00e4.<\/p>\n<p>Varastossa oleva sormuskoko on 17,5, mutta tarvittaessa voimme valmistaa mink\u00e4 tahansa koon.<\/p>\n<p>My\u00f6s kultav\u00e4ri on tilattavissa \u2013 valitse juuri se, jonka haluat.<\/p>\n<p>Smaragdi 2,13 ct<\/p>\n<p>Sormuksen paino 3,14 g.<\/p>\n<p>Keltakulta 14 kt<\/p>\n","protected":false},"featured_media":50884,"comment_status":"open","ping_status":"closed","template":"","meta":[],"etheme_brands":[],"product_brand":[],"product_cat":[990],"product_tag":[],"class_list":{"0":"post-50883","1":"product","2":"type-product","3":"status-publish","4":"has-post-thumbnail","6":"product_cat-sormukset","8":"first","9":"instock","10":"shipping-taxable","11":"purchasable","12":"product-type-simple"},"acf":[],"yoast_head":"<!-- This site is optimized with the Yoast SEO Premium plugin v26.5 (Yoast SEO v26.8) - https:\/\/yoast.com\/product\/yoast-seo-premium-wordpress\/ -->\n<title>Tyylik\u00e4s kultasormus lab-kasvatetulla smaragdilla R-8206 - Colibri jewels<\/title>\n<meta name=\"robots\" content=\"index, follow, max-snippet:-1, max-image-preview:large, max-video-preview:-1\" \/>\n<link rel=\"canonical\" href=\"https:\/\/colibri-jewels.eu\/fi\/tuote\/tyylikas-kultasormus-lab-kasvatetulla-smaragdilla-r-8206\/\" \/>\n<meta property=\"og:locale\" content=\"fi_FI\" \/>\n<meta property=\"og:type\" content=\"article\" \/>\n<meta property=\"og:title\" content=\"Tyylik\u00e4s kultasormus lab-kasvatetulla smaragdilla R-8206\" \/>\n<meta property=\"og:description\" content=\"Smaragdi on kasvatettu laboratoriossa Kiovassa ja hiottu k\u00e4sin. Siit\u00e4 voidaan k\u00e4ytt\u00e4\u00e4 kahta v\u00e4rivaihtoehtoa \u2013 vihre\u00e4mp\u00e4\u00e4 (kuten kuvassa) ja kolumbianvihre\u00e4\u00e4, jossa on havaittavissa hieman sinist\u00e4.  Varastossa oleva sormuskoko on 17,5, mutta tarvittaessa voimme valmistaa mink\u00e4 tahansa koon.  My\u00f6s kultav\u00e4ri on tilattavissa \u2013 valitse juuri se, jonka haluat.  Smaragdi 2,13 ct  Sormuksen paino 3,14 g.  Keltakulta 14 kt\" \/>\n<meta property=\"og:url\" content=\"https:\/\/colibri-jewels.eu\/fi\/tuote\/tyylikas-kultasormus-lab-kasvatetulla-smaragdilla-r-8206\/\" \/>\n<meta property=\"og:site_name\" content=\"Colibri jewels\" \/>\n<meta property=\"article:publisher\" content=\"https:\/\/www.facebook.com\/colibri.jewels\" \/>\n<meta property=\"article:modified_time\" content=\"2025-05-22T19:43:18+00:00\" \/>\n<meta property=\"og:image\" content=\"https:\/\/colibri-jewels.eu\/wp-content\/uploads\/2023\/03\/R-8206-1.jpg\" \/>\n\t<meta property=\"og:image:width\" content=\"1000\" \/>\n\t<meta property=\"og:image:height\" content=\"1000\" \/>\n\t<meta property=\"og:image:type\" content=\"image\/jpeg\" \/>\n<meta name=\"twitter:card\" content=\"summary_large_image\" \/>\n<script type=\"application\/ld+json\" class=\"yoast-schema-graph\">{\"@context\":\"https:\/\/schema.org\",\"@graph\":[{\"@type\":\"WebPage\",\"@id\":\"https:\/\/colibri-jewels.eu\/fi\/tuote\/tyylikas-kultasormus-lab-kasvatetulla-smaragdilla-r-8206\/\",\"url\":\"https:\/\/colibri-jewels.eu\/fi\/tuote\/tyylikas-kultasormus-lab-kasvatetulla-smaragdilla-r-8206\/\",\"name\":\"Tyylik\u00e4s kultasormus lab-kasvatetulla smaragdilla R-8206 - Colibri jewels\",\"isPartOf\":{\"@id\":\"https:\/\/colibri-jewels.eu\/fi\/#website\"},\"primaryImageOfPage\":{\"@id\":\"https:\/\/colibri-jewels.eu\/fi\/tuote\/tyylikas-kultasormus-lab-kasvatetulla-smaragdilla-r-8206\/#primaryimage\"},\"image\":{\"@id\":\"https:\/\/colibri-jewels.eu\/fi\/tuote\/tyylikas-kultasormus-lab-kasvatetulla-smaragdilla-r-8206\/#primaryimage\"},\"thumbnailUrl\":\"https:\/\/colibri-jewels.eu\/wp-content\/uploads\/2023\/03\/R-8206-1.jpg\",\"datePublished\":\"2025-02-08T10:15:25+00:00\",\"dateModified\":\"2025-05-22T19:43:18+00:00\",\"breadcrumb\":{\"@id\":\"https:\/\/colibri-jewels.eu\/fi\/tuote\/tyylikas-kultasormus-lab-kasvatetulla-smaragdilla-r-8206\/#breadcrumb\"},\"inLanguage\":\"fi\",\"potentialAction\":[{\"@type\":\"ReadAction\",\"target\":[\"https:\/\/colibri-jewels.eu\/fi\/tuote\/tyylikas-kultasormus-lab-kasvatetulla-smaragdilla-r-8206\/\"]}]},{\"@type\":\"ImageObject\",\"inLanguage\":\"fi\",\"@id\":\"https:\/\/colibri-jewels.eu\/fi\/tuote\/tyylikas-kultasormus-lab-kasvatetulla-smaragdilla-r-8206\/#primaryimage\",\"url\":\"https:\/\/colibri-jewels.eu\/wp-content\/uploads\/2023\/03\/R-8206-1.jpg\",\"contentUrl\":\"https:\/\/colibri-jewels.eu\/wp-content\/uploads\/2023\/03\/R-8206-1.jpg\",\"width\":1000,\"height\":1000},{\"@type\":\"BreadcrumbList\",\"@id\":\"https:\/\/colibri-jewels.eu\/fi\/tuote\/tyylikas-kultasormus-lab-kasvatetulla-smaragdilla-r-8206\/#breadcrumb\",\"itemListElement\":[{\"@type\":\"ListItem\",\"position\":1,\"name\":\"\u0413\u043b\u0430\u0432\u043d\u0430\u044f \u0441\u0442\u0440\u0430\u043d\u0438\u0446\u0430\",\"item\":\"https:\/\/colibri-jewels.eu\/fi\/\"},{\"@type\":\"ListItem\",\"position\":2,\"name\":\"Kauppa\",\"item\":\"https:\/\/colibri-jewels.eu\/fi\/kauppa\/\"},{\"@type\":\"ListItem\",\"position\":3,\"name\":\"Tyylik\u00e4s kultasormus lab-kasvatetulla smaragdilla R-8206\"}]},{\"@type\":\"WebSite\",\"@id\":\"https:\/\/colibri-jewels.eu\/fi\/#website\",\"url\":\"https:\/\/colibri-jewels.eu\/fi\/\",\"name\":\"Colibri jewels\",\"description\":\"jewelry shop\",\"publisher\":{\"@id\":\"https:\/\/colibri-jewels.eu\/fi\/#organization\"},\"potentialAction\":[{\"@type\":\"SearchAction\",\"target\":{\"@type\":\"EntryPoint\",\"urlTemplate\":\"https:\/\/colibri-jewels.eu\/fi\/?s={search_term_string}\"},\"query-input\":{\"@type\":\"PropertyValueSpecification\",\"valueRequired\":true,\"valueName\":\"search_term_string\"}}],\"inLanguage\":\"fi\"},{\"@type\":\"Organization\",\"@id\":\"https:\/\/colibri-jewels.eu\/fi\/#organization\",\"name\":\"O\u00dc Colibri\",\"url\":\"https:\/\/colibri-jewels.eu\/fi\/\",\"logo\":{\"@type\":\"ImageObject\",\"inLanguage\":\"fi\",\"@id\":\"https:\/\/colibri-jewels.eu\/fi\/#\/schema\/logo\/image\/\",\"url\":\"https:\/\/dev.colibri-jewels.eu\/wp-content\/uploads\/2021\/03\/colibri.png\",\"contentUrl\":\"https:\/\/dev.colibri-jewels.eu\/wp-content\/uploads\/2021\/03\/colibri.png\",\"width\":227,\"height\":130,\"caption\":\"O\u00dc Colibri\"},\"image\":{\"@id\":\"https:\/\/colibri-jewels.eu\/fi\/#\/schema\/logo\/image\/\"},\"sameAs\":[\"https:\/\/www.facebook.com\/colibri.jewels\",\"https:\/\/www.instagram.com\/colibri.jewels\",\"https:\/\/www.tiktok.com\/colibri.jewels\"]}]}<\/script>\n<!-- \/ Yoast SEO Premium plugin. -->","yoast_head_json":{"title":"Tyylik\u00e4s kultasormus lab-kasvatetulla smaragdilla R-8206 - Colibri jewels","robots":{"index":"index","follow":"follow","max-snippet":"max-snippet:-1","max-image-preview":"max-image-preview:large","max-video-preview":"max-video-preview:-1"},"canonical":"https:\/\/colibri-jewels.eu\/fi\/tuote\/tyylikas-kultasormus-lab-kasvatetulla-smaragdilla-r-8206\/","og_locale":"fi_FI","og_type":"article","og_title":"Tyylik\u00e4s kultasormus lab-kasvatetulla smaragdilla R-8206","og_description":"Smaragdi on kasvatettu laboratoriossa Kiovassa ja hiottu k\u00e4sin. Siit\u00e4 voidaan k\u00e4ytt\u00e4\u00e4 kahta v\u00e4rivaihtoehtoa \u2013 vihre\u00e4mp\u00e4\u00e4 (kuten kuvassa) ja kolumbianvihre\u00e4\u00e4, jossa on havaittavissa hieman sinist\u00e4.  Varastossa oleva sormuskoko on 17,5, mutta tarvittaessa voimme valmistaa mink\u00e4 tahansa koon.  My\u00f6s kultav\u00e4ri on tilattavissa \u2013 valitse juuri se, jonka haluat.  Smaragdi 2,13 ct  Sormuksen paino 3,14 g.  Keltakulta 14 kt","og_url":"https:\/\/colibri-jewels.eu\/fi\/tuote\/tyylikas-kultasormus-lab-kasvatetulla-smaragdilla-r-8206\/","og_site_name":"Colibri jewels","article_publisher":"https:\/\/www.facebook.com\/colibri.jewels","article_modified_time":"2025-05-22T19:43:18+00:00","og_image":[{"width":1000,"height":1000,"url":"https:\/\/colibri-jewels.eu\/wp-content\/uploads\/2023\/03\/R-8206-1.jpg","type":"image\/jpeg"}],"twitter_card":"summary_large_image","schema":{"@context":"https:\/\/schema.org","@graph":[{"@type":"WebPage","@id":"https:\/\/colibri-jewels.eu\/fi\/tuote\/tyylikas-kultasormus-lab-kasvatetulla-smaragdilla-r-8206\/","url":"https:\/\/colibri-jewels.eu\/fi\/tuote\/tyylikas-kultasormus-lab-kasvatetulla-smaragdilla-r-8206\/","name":"Tyylik\u00e4s kultasormus lab-kasvatetulla smaragdilla R-8206 - Colibri jewels","isPartOf":{"@id":"https:\/\/colibri-jewels.eu\/fi\/#website"},"primaryImageOfPage":{"@id":"https:\/\/colibri-jewels.eu\/fi\/tuote\/tyylikas-kultasormus-lab-kasvatetulla-smaragdilla-r-8206\/#primaryimage"},"image":{"@id":"https:\/\/colibri-jewels.eu\/fi\/tuote\/tyylikas-kultasormus-lab-kasvatetulla-smaragdilla-r-8206\/#primaryimage"},"thumbnailUrl":"https:\/\/colibri-jewels.eu\/wp-content\/uploads\/2023\/03\/R-8206-1.jpg","datePublished":"2025-02-08T10:15:25+00:00","dateModified":"2025-05-22T19:43:18+00:00","breadcrumb":{"@id":"https:\/\/colibri-jewels.eu\/fi\/tuote\/tyylikas-kultasormus-lab-kasvatetulla-smaragdilla-r-8206\/#breadcrumb"},"inLanguage":"fi","potentialAction":[{"@type":"ReadAction","target":["https:\/\/colibri-jewels.eu\/fi\/tuote\/tyylikas-kultasormus-lab-kasvatetulla-smaragdilla-r-8206\/"]}]},{"@type":"ImageObject","inLanguage":"fi","@id":"https:\/\/colibri-jewels.eu\/fi\/tuote\/tyylikas-kultasormus-lab-kasvatetulla-smaragdilla-r-8206\/#primaryimage","url":"https:\/\/colibri-jewels.eu\/wp-content\/uploads\/2023\/03\/R-8206-1.jpg","contentUrl":"https:\/\/colibri-jewels.eu\/wp-content\/uploads\/2023\/03\/R-8206-1.jpg","width":1000,"height":1000},{"@type":"BreadcrumbList","@id":"https:\/\/colibri-jewels.eu\/fi\/tuote\/tyylikas-kultasormus-lab-kasvatetulla-smaragdilla-r-8206\/#breadcrumb","itemListElement":[{"@type":"ListItem","position":1,"name":"\u0413\u043b\u0430\u0432\u043d\u0430\u044f \u0441\u0442\u0440\u0430\u043d\u0438\u0446\u0430","item":"https:\/\/colibri-jewels.eu\/fi\/"},{"@type":"ListItem","position":2,"name":"Kauppa","item":"https:\/\/colibri-jewels.eu\/fi\/kauppa\/"},{"@type":"ListItem","position":3,"name":"Tyylik\u00e4s kultasormus lab-kasvatetulla smaragdilla R-8206"}]},{"@type":"WebSite","@id":"https:\/\/colibri-jewels.eu\/fi\/#website","url":"https:\/\/colibri-jewels.eu\/fi\/","name":"Colibri jewels","description":"jewelry shop","publisher":{"@id":"https:\/\/colibri-jewels.eu\/fi\/#organization"},"potentialAction":[{"@type":"SearchAction","target":{"@type":"EntryPoint","urlTemplate":"https:\/\/colibri-jewels.eu\/fi\/?s={search_term_string}"},"query-input":{"@type":"PropertyValueSpecification","valueRequired":true,"valueName":"search_term_string"}}],"inLanguage":"fi"},{"@type":"Organization","@id":"https:\/\/colibri-jewels.eu\/fi\/#organization","name":"O\u00dc Colibri","url":"https:\/\/colibri-jewels.eu\/fi\/","logo":{"@type":"ImageObject","inLanguage":"fi","@id":"https:\/\/colibri-jewels.eu\/fi\/#\/schema\/logo\/image\/","url":"https:\/\/dev.colibri-jewels.eu\/wp-content\/uploads\/2021\/03\/colibri.png","contentUrl":"https:\/\/dev.colibri-jewels.eu\/wp-content\/uploads\/2021\/03\/colibri.png","width":227,"height":130,"caption":"O\u00dc Colibri"},"image":{"@id":"https:\/\/colibri-jewels.eu\/fi\/#\/schema\/logo\/image\/"},"sameAs":["https:\/\/www.facebook.com\/colibri.jewels","https:\/\/www.instagram.com\/colibri.jewels","https:\/\/www.tiktok.com\/colibri.jewels"]}]}},"_links":{"self":[{"href":"https:\/\/colibri-jewels.eu\/fi\/wp-json\/wp\/v2\/product\/50883","targetHints":{"allow":["GET"]}}],"collection":[{"href":"https:\/\/colibri-jewels.eu\/fi\/wp-json\/wp\/v2\/product"}],"about":[{"href":"https:\/\/colibri-jewels.eu\/fi\/wp-json\/wp\/v2\/types\/product"}],"replies":[{"embeddable":true,"href":"https:\/\/colibri-jewels.eu\/fi\/wp-json\/wp\/v2\/comments?post=50883"}],"version-history":[{"count":0,"href":"https:\/\/colibri-jewels.eu\/fi\/wp-json\/wp\/v2\/product\/50883\/revisions"}],"wp:featuredmedia":[{"embeddable":true,"href":"https:\/\/colibri-jewels.eu\/fi\/wp-json\/wp\/v2\/media\/50884"}],"wp:attachment":[{"href":"https:\/\/colibri-jewels.eu\/fi\/wp-json\/wp\/v2\/media?parent=50883"}],"wp:term":[{"taxonomy":"brand","embeddable":true,"href":"https:\/\/colibri-jewels.eu\/fi\/wp-json\/wp\/v2\/etheme_brands?post=50883"},{"taxonomy":"product_brand","embeddable":true,"href":"https:\/\/colibri-jewels.eu\/fi\/wp-json\/wp\/v2\/product_brand?post=50883"},{"taxonomy":"product_cat","embeddable":true,"href":"https:\/\/colibri-jewels.eu\/fi\/wp-json\/wp\/v2\/product_cat?post=50883"},{"taxonomy":"product_tag","embeddable":true,"href":"https:\/\/colibri-jewels.eu\/fi\/wp-json\/wp\/v2\/product_tag?post=50883"}],"curies":[{"name":"wp","href":"https:\/\/api.w.org\/{rel}","templated":true}]}}