{"id":50897,"date":"2025-01-19T17:00:10","date_gmt":"2025-01-19T15:00:10","guid":{"rendered":"https:\/\/colibri-jewels.eu\/?post_type=product&#038;p=50897"},"modified":"2025-05-22T22:43:43","modified_gmt":"2025-05-22T19:43:43","slug":"kultaiset-riippuvat-ketjukorvakorut-topaasihelmilla-ophelia","status":"publish","type":"product","link":"https:\/\/colibri-jewels.eu\/fi\/tuote\/kultaiset-riippuvat-ketjukorvakorut-topaasihelmilla-ophelia\/","title":{"rendered":"Kultaiset riippuvat ketjukorvakorut topaasihelmill\u00e4 &#8221;Ophelia&#8221;"},"content":{"rendered":"<p>Herk\u00e4t kultaiset topaasikorvakorut \u2013 todellinen keveyden ja eleganssin ilmentym\u00e4. Hienot kultaketjut keinuvat sirosti jokaisen liikkeen mukana, kun taas pehme\u00e4t siniset topaasihelmet tuovat ripauksen hienostunutta s\u00e4ihkett\u00e4. N\u00e4m\u00e4 korvakorut sopivat t\u00e4ydellisesti romanttiseen iltaan, muodolliseen tilaisuuteen tai hienostuneeksi lahjaksi, joka korostaa yksil\u00f6llisyytt\u00e4 ja hyv\u00e4\u00e4 makua. Koruesine, joka tekee lookistasi unohtumattoman!<\/p>\n<p>Ruusukultaa 14 kt, korvakorujen paino 3,10 g.<\/p>\n","protected":false},"excerpt":{"rendered":"<p>Herk\u00e4t kultaiset topaasikorvakorut \u2013 todellinen keveyden ja eleganssin ilmentym\u00e4. Hienot kultaketjut keinuvat sirosti jokaisen liikkeen mukana, kun taas pehme\u00e4t siniset topaasihelmet tuovat ripauksen hienostunutta s\u00e4ihkett\u00e4&#8230;.<\/p>\n","protected":false},"featured_media":50898,"comment_status":"open","ping_status":"closed","template":"","meta":[],"etheme_brands":[],"product_brand":[],"product_cat":[987],"product_tag":[],"class_list":{"0":"post-50897","1":"product","2":"type-product","3":"status-publish","4":"has-post-thumbnail","6":"product_cat-korvakorut","8":"first","9":"instock","10":"shipping-taxable","11":"purchasable","12":"product-type-simple"},"acf":[],"yoast_head":"<!-- This site is optimized with the Yoast SEO Premium plugin v26.5 (Yoast SEO v26.8) - https:\/\/yoast.com\/product\/yoast-seo-premium-wordpress\/ -->\n<title>Kultaiset riippuvat ketjukorvakorut topaasihelmill\u00e4 &quot;Ophelia&quot; - Colibri jewels<\/title>\n<meta name=\"robots\" content=\"index, follow, max-snippet:-1, max-image-preview:large, max-video-preview:-1\" \/>\n<link rel=\"canonical\" href=\"https:\/\/colibri-jewels.eu\/fi\/tuote\/kultaiset-riippuvat-ketjukorvakorut-topaasihelmilla-ophelia\/\" \/>\n<meta property=\"og:locale\" content=\"fi_FI\" \/>\n<meta property=\"og:type\" content=\"article\" \/>\n<meta property=\"og:title\" content=\"Kultaiset riippuvat ketjukorvakorut topaasihelmill\u00e4 &quot;Ophelia&quot;\" \/>\n<meta property=\"og:description\" content=\"Herk\u00e4t kultaiset topaasikorvakorut \u2013 todellinen keveyden ja eleganssin ilmentym\u00e4. Hienot kultaketjut keinuvat sirosti jokaisen liikkeen mukana, kun taas pehme\u00e4t siniset topaasihelmet tuovat ripauksen hienostunutta s\u00e4ihkett\u00e4....\" \/>\n<meta property=\"og:url\" content=\"https:\/\/colibri-jewels.eu\/fi\/tuote\/kultaiset-riippuvat-ketjukorvakorut-topaasihelmilla-ophelia\/\" \/>\n<meta property=\"og:site_name\" content=\"Colibri jewels\" \/>\n<meta property=\"article:publisher\" content=\"https:\/\/www.facebook.com\/colibri.jewels\" \/>\n<meta property=\"article:modified_time\" content=\"2025-05-22T19:43:43+00:00\" \/>\n<meta property=\"og:image\" content=\"https:\/\/colibri-jewels.eu\/wp-content\/uploads\/2025\/01\/golden-dangle-chain-earrings-with-amethyst-beads-Ophelia.jpg\" \/>\n\t<meta property=\"og:image:width\" content=\"1000\" \/>\n\t<meta property=\"og:image:height\" content=\"1000\" \/>\n\t<meta property=\"og:image:type\" content=\"image\/jpeg\" \/>\n<meta name=\"twitter:card\" content=\"summary_large_image\" \/>\n<script type=\"application\/ld+json\" class=\"yoast-schema-graph\">{\"@context\":\"https:\/\/schema.org\",\"@graph\":[{\"@type\":\"WebPage\",\"@id\":\"https:\/\/colibri-jewels.eu\/fi\/tuote\/kultaiset-riippuvat-ketjukorvakorut-topaasihelmilla-ophelia\/\",\"url\":\"https:\/\/colibri-jewels.eu\/fi\/tuote\/kultaiset-riippuvat-ketjukorvakorut-topaasihelmilla-ophelia\/\",\"name\":\"Kultaiset riippuvat ketjukorvakorut topaasihelmill\u00e4 \\\"Ophelia\\\" - Colibri jewels\",\"isPartOf\":{\"@id\":\"https:\/\/colibri-jewels.eu\/fi\/#website\"},\"primaryImageOfPage\":{\"@id\":\"https:\/\/colibri-jewels.eu\/fi\/tuote\/kultaiset-riippuvat-ketjukorvakorut-topaasihelmilla-ophelia\/#primaryimage\"},\"image\":{\"@id\":\"https:\/\/colibri-jewels.eu\/fi\/tuote\/kultaiset-riippuvat-ketjukorvakorut-topaasihelmilla-ophelia\/#primaryimage\"},\"thumbnailUrl\":\"https:\/\/colibri-jewels.eu\/wp-content\/uploads\/2025\/01\/golden-dangle-chain-earrings-with-amethyst-beads-Ophelia.jpg\",\"datePublished\":\"2025-01-19T15:00:10+00:00\",\"dateModified\":\"2025-05-22T19:43:43+00:00\",\"breadcrumb\":{\"@id\":\"https:\/\/colibri-jewels.eu\/fi\/tuote\/kultaiset-riippuvat-ketjukorvakorut-topaasihelmilla-ophelia\/#breadcrumb\"},\"inLanguage\":\"fi\",\"potentialAction\":[{\"@type\":\"ReadAction\",\"target\":[\"https:\/\/colibri-jewels.eu\/fi\/tuote\/kultaiset-riippuvat-ketjukorvakorut-topaasihelmilla-ophelia\/\"]}]},{\"@type\":\"ImageObject\",\"inLanguage\":\"fi\",\"@id\":\"https:\/\/colibri-jewels.eu\/fi\/tuote\/kultaiset-riippuvat-ketjukorvakorut-topaasihelmilla-ophelia\/#primaryimage\",\"url\":\"https:\/\/colibri-jewels.eu\/wp-content\/uploads\/2025\/01\/golden-dangle-chain-earrings-with-amethyst-beads-Ophelia.jpg\",\"contentUrl\":\"https:\/\/colibri-jewels.eu\/wp-content\/uploads\/2025\/01\/golden-dangle-chain-earrings-with-amethyst-beads-Ophelia.jpg\",\"width\":1000,\"height\":1000},{\"@type\":\"BreadcrumbList\",\"@id\":\"https:\/\/colibri-jewels.eu\/fi\/tuote\/kultaiset-riippuvat-ketjukorvakorut-topaasihelmilla-ophelia\/#breadcrumb\",\"itemListElement\":[{\"@type\":\"ListItem\",\"position\":1,\"name\":\"\u0413\u043b\u0430\u0432\u043d\u0430\u044f \u0441\u0442\u0440\u0430\u043d\u0438\u0446\u0430\",\"item\":\"https:\/\/colibri-jewels.eu\/fi\/\"},{\"@type\":\"ListItem\",\"position\":2,\"name\":\"Kauppa\",\"item\":\"https:\/\/colibri-jewels.eu\/fi\/kauppa\/\"},{\"@type\":\"ListItem\",\"position\":3,\"name\":\"Kultaiset riippuvat ketjukorvakorut topaasihelmill\u00e4 &#8220;Ophelia&#8221;\"}]},{\"@type\":\"WebSite\",\"@id\":\"https:\/\/colibri-jewels.eu\/fi\/#website\",\"url\":\"https:\/\/colibri-jewels.eu\/fi\/\",\"name\":\"Colibri jewels\",\"description\":\"jewelry shop\",\"publisher\":{\"@id\":\"https:\/\/colibri-jewels.eu\/fi\/#organization\"},\"potentialAction\":[{\"@type\":\"SearchAction\",\"target\":{\"@type\":\"EntryPoint\",\"urlTemplate\":\"https:\/\/colibri-jewels.eu\/fi\/?s={search_term_string}\"},\"query-input\":{\"@type\":\"PropertyValueSpecification\",\"valueRequired\":true,\"valueName\":\"search_term_string\"}}],\"inLanguage\":\"fi\"},{\"@type\":\"Organization\",\"@id\":\"https:\/\/colibri-jewels.eu\/fi\/#organization\",\"name\":\"O\u00dc Colibri\",\"url\":\"https:\/\/colibri-jewels.eu\/fi\/\",\"logo\":{\"@type\":\"ImageObject\",\"inLanguage\":\"fi\",\"@id\":\"https:\/\/colibri-jewels.eu\/fi\/#\/schema\/logo\/image\/\",\"url\":\"https:\/\/dev.colibri-jewels.eu\/wp-content\/uploads\/2021\/03\/colibri.png\",\"contentUrl\":\"https:\/\/dev.colibri-jewels.eu\/wp-content\/uploads\/2021\/03\/colibri.png\",\"width\":227,\"height\":130,\"caption\":\"O\u00dc Colibri\"},\"image\":{\"@id\":\"https:\/\/colibri-jewels.eu\/fi\/#\/schema\/logo\/image\/\"},\"sameAs\":[\"https:\/\/www.facebook.com\/colibri.jewels\",\"https:\/\/www.instagram.com\/colibri.jewels\",\"https:\/\/www.tiktok.com\/colibri.jewels\"]}]}<\/script>\n<!-- \/ Yoast SEO Premium plugin. -->","yoast_head_json":{"title":"Kultaiset riippuvat ketjukorvakorut topaasihelmill\u00e4 \"Ophelia\" - Colibri jewels","robots":{"index":"index","follow":"follow","max-snippet":"max-snippet:-1","max-image-preview":"max-image-preview:large","max-video-preview":"max-video-preview:-1"},"canonical":"https:\/\/colibri-jewels.eu\/fi\/tuote\/kultaiset-riippuvat-ketjukorvakorut-topaasihelmilla-ophelia\/","og_locale":"fi_FI","og_type":"article","og_title":"Kultaiset riippuvat ketjukorvakorut topaasihelmill\u00e4 \"Ophelia\"","og_description":"Herk\u00e4t kultaiset topaasikorvakorut \u2013 todellinen keveyden ja eleganssin ilmentym\u00e4. Hienot kultaketjut keinuvat sirosti jokaisen liikkeen mukana, kun taas pehme\u00e4t siniset topaasihelmet tuovat ripauksen hienostunutta s\u00e4ihkett\u00e4....","og_url":"https:\/\/colibri-jewels.eu\/fi\/tuote\/kultaiset-riippuvat-ketjukorvakorut-topaasihelmilla-ophelia\/","og_site_name":"Colibri jewels","article_publisher":"https:\/\/www.facebook.com\/colibri.jewels","article_modified_time":"2025-05-22T19:43:43+00:00","og_image":[{"width":1000,"height":1000,"url":"https:\/\/colibri-jewels.eu\/wp-content\/uploads\/2025\/01\/golden-dangle-chain-earrings-with-amethyst-beads-Ophelia.jpg","type":"image\/jpeg"}],"twitter_card":"summary_large_image","schema":{"@context":"https:\/\/schema.org","@graph":[{"@type":"WebPage","@id":"https:\/\/colibri-jewels.eu\/fi\/tuote\/kultaiset-riippuvat-ketjukorvakorut-topaasihelmilla-ophelia\/","url":"https:\/\/colibri-jewels.eu\/fi\/tuote\/kultaiset-riippuvat-ketjukorvakorut-topaasihelmilla-ophelia\/","name":"Kultaiset riippuvat ketjukorvakorut topaasihelmill\u00e4 \"Ophelia\" - Colibri jewels","isPartOf":{"@id":"https:\/\/colibri-jewels.eu\/fi\/#website"},"primaryImageOfPage":{"@id":"https:\/\/colibri-jewels.eu\/fi\/tuote\/kultaiset-riippuvat-ketjukorvakorut-topaasihelmilla-ophelia\/#primaryimage"},"image":{"@id":"https:\/\/colibri-jewels.eu\/fi\/tuote\/kultaiset-riippuvat-ketjukorvakorut-topaasihelmilla-ophelia\/#primaryimage"},"thumbnailUrl":"https:\/\/colibri-jewels.eu\/wp-content\/uploads\/2025\/01\/golden-dangle-chain-earrings-with-amethyst-beads-Ophelia.jpg","datePublished":"2025-01-19T15:00:10+00:00","dateModified":"2025-05-22T19:43:43+00:00","breadcrumb":{"@id":"https:\/\/colibri-jewels.eu\/fi\/tuote\/kultaiset-riippuvat-ketjukorvakorut-topaasihelmilla-ophelia\/#breadcrumb"},"inLanguage":"fi","potentialAction":[{"@type":"ReadAction","target":["https:\/\/colibri-jewels.eu\/fi\/tuote\/kultaiset-riippuvat-ketjukorvakorut-topaasihelmilla-ophelia\/"]}]},{"@type":"ImageObject","inLanguage":"fi","@id":"https:\/\/colibri-jewels.eu\/fi\/tuote\/kultaiset-riippuvat-ketjukorvakorut-topaasihelmilla-ophelia\/#primaryimage","url":"https:\/\/colibri-jewels.eu\/wp-content\/uploads\/2025\/01\/golden-dangle-chain-earrings-with-amethyst-beads-Ophelia.jpg","contentUrl":"https:\/\/colibri-jewels.eu\/wp-content\/uploads\/2025\/01\/golden-dangle-chain-earrings-with-amethyst-beads-Ophelia.jpg","width":1000,"height":1000},{"@type":"BreadcrumbList","@id":"https:\/\/colibri-jewels.eu\/fi\/tuote\/kultaiset-riippuvat-ketjukorvakorut-topaasihelmilla-ophelia\/#breadcrumb","itemListElement":[{"@type":"ListItem","position":1,"name":"\u0413\u043b\u0430\u0432\u043d\u0430\u044f \u0441\u0442\u0440\u0430\u043d\u0438\u0446\u0430","item":"https:\/\/colibri-jewels.eu\/fi\/"},{"@type":"ListItem","position":2,"name":"Kauppa","item":"https:\/\/colibri-jewels.eu\/fi\/kauppa\/"},{"@type":"ListItem","position":3,"name":"Kultaiset riippuvat ketjukorvakorut topaasihelmill\u00e4 &#8220;Ophelia&#8221;"}]},{"@type":"WebSite","@id":"https:\/\/colibri-jewels.eu\/fi\/#website","url":"https:\/\/colibri-jewels.eu\/fi\/","name":"Colibri jewels","description":"jewelry shop","publisher":{"@id":"https:\/\/colibri-jewels.eu\/fi\/#organization"},"potentialAction":[{"@type":"SearchAction","target":{"@type":"EntryPoint","urlTemplate":"https:\/\/colibri-jewels.eu\/fi\/?s={search_term_string}"},"query-input":{"@type":"PropertyValueSpecification","valueRequired":true,"valueName":"search_term_string"}}],"inLanguage":"fi"},{"@type":"Organization","@id":"https:\/\/colibri-jewels.eu\/fi\/#organization","name":"O\u00dc Colibri","url":"https:\/\/colibri-jewels.eu\/fi\/","logo":{"@type":"ImageObject","inLanguage":"fi","@id":"https:\/\/colibri-jewels.eu\/fi\/#\/schema\/logo\/image\/","url":"https:\/\/dev.colibri-jewels.eu\/wp-content\/uploads\/2021\/03\/colibri.png","contentUrl":"https:\/\/dev.colibri-jewels.eu\/wp-content\/uploads\/2021\/03\/colibri.png","width":227,"height":130,"caption":"O\u00dc Colibri"},"image":{"@id":"https:\/\/colibri-jewels.eu\/fi\/#\/schema\/logo\/image\/"},"sameAs":["https:\/\/www.facebook.com\/colibri.jewels","https:\/\/www.instagram.com\/colibri.jewels","https:\/\/www.tiktok.com\/colibri.jewels"]}]}},"_links":{"self":[{"href":"https:\/\/colibri-jewels.eu\/fi\/wp-json\/wp\/v2\/product\/50897","targetHints":{"allow":["GET"]}}],"collection":[{"href":"https:\/\/colibri-jewels.eu\/fi\/wp-json\/wp\/v2\/product"}],"about":[{"href":"https:\/\/colibri-jewels.eu\/fi\/wp-json\/wp\/v2\/types\/product"}],"replies":[{"embeddable":true,"href":"https:\/\/colibri-jewels.eu\/fi\/wp-json\/wp\/v2\/comments?post=50897"}],"version-history":[{"count":0,"href":"https:\/\/colibri-jewels.eu\/fi\/wp-json\/wp\/v2\/product\/50897\/revisions"}],"wp:featuredmedia":[{"embeddable":true,"href":"https:\/\/colibri-jewels.eu\/fi\/wp-json\/wp\/v2\/media\/50898"}],"wp:attachment":[{"href":"https:\/\/colibri-jewels.eu\/fi\/wp-json\/wp\/v2\/media?parent=50897"}],"wp:term":[{"taxonomy":"brand","embeddable":true,"href":"https:\/\/colibri-jewels.eu\/fi\/wp-json\/wp\/v2\/etheme_brands?post=50897"},{"taxonomy":"product_brand","embeddable":true,"href":"https:\/\/colibri-jewels.eu\/fi\/wp-json\/wp\/v2\/product_brand?post=50897"},{"taxonomy":"product_cat","embeddable":true,"href":"https:\/\/colibri-jewels.eu\/fi\/wp-json\/wp\/v2\/product_cat?post=50897"},{"taxonomy":"product_tag","embeddable":true,"href":"https:\/\/colibri-jewels.eu\/fi\/wp-json\/wp\/v2\/product_tag?post=50897"}],"curies":[{"name":"wp","href":"https:\/\/api.w.org\/{rel}","templated":true}]}}