{"id":50966,"date":"2025-01-18T18:13:17","date_gmt":"2025-01-18T16:13:17","guid":{"rendered":"https:\/\/colibri-jewels.eu\/?post_type=product&#038;p=50966"},"modified":"2025-05-23T15:51:10","modified_gmt":"2025-05-23T12:51:10","slug":"kultaiset-korvakorut-kahdella-upotetulla-kristallilla-erica","status":"publish","type":"product","link":"https:\/\/colibri-jewels.eu\/fi\/tuote\/kultaiset-korvakorut-kahdella-upotetulla-kristallilla-erica\/","title":{"rendered":"Kultaiset korvakorut kahdella upotetulla kristallilla &#8221;Erica&#8221;"},"content":{"rendered":"<p>Lis\u00e4\u00e4 ripaus klassista tyyli\u00e4 ulkon\u00e4k\u00f6\u00f6si n\u00e4ill\u00e4 eleganteilla korvakoruilla, joissa on kaksi upeaa erikokoista py\u00f6re\u00e4\u00e4 zirkonia tyylikk\u00e4\u00e4ss\u00e4 upotetussa kehyksess\u00e4 luoden modernin ja hienostuneen ilmeen. Valmistettu 14 karaatin ruusukullasta, n\u00e4m\u00e4 korvakorut tarjoavat ajatonta vieh\u00e4tyst\u00e4 ja loistavaa s\u00e4ihkett\u00e4, tehden niist\u00e4 t\u00e4ydellisen asusteen jokaiseen tilaisuuteen.<\/p>\n","protected":false},"excerpt":{"rendered":"<p>14 karaatin ruusukultaa,<\/p>\n<p>korvakorujen paino 2,15 g.<\/p>\n<p>&nbsp;<\/p>\n","protected":false},"featured_media":50967,"comment_status":"open","ping_status":"closed","template":"","meta":[],"etheme_brands":[],"product_brand":[],"product_cat":[987],"product_tag":[994],"class_list":{"0":"post-50966","1":"product","2":"type-product","3":"status-publish","4":"has-post-thumbnail","6":"product_cat-korvakorut","7":"product_tag-klassiset","9":"first","10":"instock","11":"shipping-taxable","12":"purchasable","13":"product-type-simple"},"acf":[],"yoast_head":"<!-- This site is optimized with the Yoast SEO Premium plugin v26.5 (Yoast SEO v26.8) - https:\/\/yoast.com\/product\/yoast-seo-premium-wordpress\/ -->\n<title>Kultaiset korvakorut kahdella upotetulla kristallilla &quot;Erica&quot; - Colibri jewels<\/title>\n<meta name=\"description\" content=\"Lis\u00e4\u00e4 ripaus klassista tyyli\u00e4 ulkon\u00e4k\u00f6\u00f6si n\u00e4ill\u00e4 eleganteilla korvakoruilla, joissa on kaksi py\u00f6re\u00e4\u00e4 kristallia tyylikk\u00e4\u00e4ss\u00e4 upotetussa kehyksess\u00e4 luoden modernin ja hienostuneen ilmeen. Valmistettu 14 karaatin ruusukullasta, n\u00e4m\u00e4 korvakorut tarjoavat ajatonta vieh\u00e4tyst\u00e4 ja loistavaa s\u00e4ihkett\u00e4, tehden niist\u00e4 t\u00e4ydellisen asusteen jokaiseen tilaisuuteen.\" \/>\n<meta name=\"robots\" content=\"index, follow, max-snippet:-1, max-image-preview:large, max-video-preview:-1\" \/>\n<link rel=\"canonical\" href=\"https:\/\/colibri-jewels.eu\/fi\/tuote\/kultaiset-korvakorut-kahdella-upotetulla-kristallilla-erica\/\" \/>\n<meta property=\"og:locale\" content=\"fi_FI\" \/>\n<meta property=\"og:type\" content=\"article\" \/>\n<meta property=\"og:title\" content=\"Kultaiset korvakorut kahdella upotetulla kristallilla &quot;Erica&quot;\" \/>\n<meta property=\"og:description\" content=\"Lis\u00e4\u00e4 ripaus klassista tyyli\u00e4 ulkon\u00e4k\u00f6\u00f6si n\u00e4ill\u00e4 eleganteilla korvakoruilla, joissa on kaksi py\u00f6re\u00e4\u00e4 kristallia tyylikk\u00e4\u00e4ss\u00e4 upotetussa kehyksess\u00e4 luoden modernin ja hienostuneen ilmeen. Valmistettu 14 karaatin ruusukullasta, n\u00e4m\u00e4 korvakorut tarjoavat ajatonta vieh\u00e4tyst\u00e4 ja loistavaa s\u00e4ihkett\u00e4, tehden niist\u00e4 t\u00e4ydellisen asusteen jokaiseen tilaisuuteen.\" \/>\n<meta property=\"og:url\" content=\"https:\/\/colibri-jewels.eu\/fi\/tuote\/kultaiset-korvakorut-kahdella-upotetulla-kristallilla-erica\/\" \/>\n<meta property=\"og:site_name\" content=\"Colibri jewels\" \/>\n<meta property=\"article:publisher\" content=\"https:\/\/www.facebook.com\/colibri.jewels\" \/>\n<meta property=\"article:modified_time\" content=\"2025-05-23T12:51:10+00:00\" \/>\n<meta property=\"og:image\" content=\"https:\/\/colibri-jewels.eu\/wp-content\/uploads\/2025\/01\/golden-classic-earrings-Erica.jpg\" \/>\n\t<meta property=\"og:image:width\" content=\"1000\" \/>\n\t<meta property=\"og:image:height\" content=\"1000\" \/>\n\t<meta property=\"og:image:type\" content=\"image\/jpeg\" \/>\n<meta name=\"twitter:card\" content=\"summary_large_image\" \/>\n<script type=\"application\/ld+json\" class=\"yoast-schema-graph\">{\"@context\":\"https:\/\/schema.org\",\"@graph\":[{\"@type\":\"WebPage\",\"@id\":\"https:\/\/colibri-jewels.eu\/fi\/tuote\/kultaiset-korvakorut-kahdella-upotetulla-kristallilla-erica\/\",\"url\":\"https:\/\/colibri-jewels.eu\/fi\/tuote\/kultaiset-korvakorut-kahdella-upotetulla-kristallilla-erica\/\",\"name\":\"Kultaiset korvakorut kahdella upotetulla kristallilla \\\"Erica\\\" - Colibri jewels\",\"isPartOf\":{\"@id\":\"https:\/\/colibri-jewels.eu\/fi\/#website\"},\"primaryImageOfPage\":{\"@id\":\"https:\/\/colibri-jewels.eu\/fi\/tuote\/kultaiset-korvakorut-kahdella-upotetulla-kristallilla-erica\/#primaryimage\"},\"image\":{\"@id\":\"https:\/\/colibri-jewels.eu\/fi\/tuote\/kultaiset-korvakorut-kahdella-upotetulla-kristallilla-erica\/#primaryimage\"},\"thumbnailUrl\":\"https:\/\/colibri-jewels.eu\/wp-content\/uploads\/2025\/01\/golden-classic-earrings-Erica.jpg\",\"datePublished\":\"2025-01-18T16:13:17+00:00\",\"dateModified\":\"2025-05-23T12:51:10+00:00\",\"description\":\"Lis\u00e4\u00e4 ripaus klassista tyyli\u00e4 ulkon\u00e4k\u00f6\u00f6si n\u00e4ill\u00e4 eleganteilla korvakoruilla, joissa on kaksi py\u00f6re\u00e4\u00e4 kristallia tyylikk\u00e4\u00e4ss\u00e4 upotetussa kehyksess\u00e4 luoden modernin ja hienostuneen ilmeen. Valmistettu 14 karaatin ruusukullasta, n\u00e4m\u00e4 korvakorut tarjoavat ajatonta vieh\u00e4tyst\u00e4 ja loistavaa s\u00e4ihkett\u00e4, tehden niist\u00e4 t\u00e4ydellisen asusteen jokaiseen tilaisuuteen.\",\"breadcrumb\":{\"@id\":\"https:\/\/colibri-jewels.eu\/fi\/tuote\/kultaiset-korvakorut-kahdella-upotetulla-kristallilla-erica\/#breadcrumb\"},\"inLanguage\":\"fi\",\"potentialAction\":[{\"@type\":\"ReadAction\",\"target\":[\"https:\/\/colibri-jewels.eu\/fi\/tuote\/kultaiset-korvakorut-kahdella-upotetulla-kristallilla-erica\/\"]}]},{\"@type\":\"ImageObject\",\"inLanguage\":\"fi\",\"@id\":\"https:\/\/colibri-jewels.eu\/fi\/tuote\/kultaiset-korvakorut-kahdella-upotetulla-kristallilla-erica\/#primaryimage\",\"url\":\"https:\/\/colibri-jewels.eu\/wp-content\/uploads\/2025\/01\/golden-classic-earrings-Erica.jpg\",\"contentUrl\":\"https:\/\/colibri-jewels.eu\/wp-content\/uploads\/2025\/01\/golden-classic-earrings-Erica.jpg\",\"width\":1000,\"height\":1000},{\"@type\":\"BreadcrumbList\",\"@id\":\"https:\/\/colibri-jewels.eu\/fi\/tuote\/kultaiset-korvakorut-kahdella-upotetulla-kristallilla-erica\/#breadcrumb\",\"itemListElement\":[{\"@type\":\"ListItem\",\"position\":1,\"name\":\"\u0413\u043b\u0430\u0432\u043d\u0430\u044f \u0441\u0442\u0440\u0430\u043d\u0438\u0446\u0430\",\"item\":\"https:\/\/colibri-jewels.eu\/fi\/\"},{\"@type\":\"ListItem\",\"position\":2,\"name\":\"Kauppa\",\"item\":\"https:\/\/colibri-jewels.eu\/fi\/kauppa\/\"},{\"@type\":\"ListItem\",\"position\":3,\"name\":\"Kultaiset korvakorut kahdella upotetulla kristallilla &#8220;Erica&#8221;\"}]},{\"@type\":\"WebSite\",\"@id\":\"https:\/\/colibri-jewels.eu\/fi\/#website\",\"url\":\"https:\/\/colibri-jewels.eu\/fi\/\",\"name\":\"Colibri jewels\",\"description\":\"jewelry shop\",\"publisher\":{\"@id\":\"https:\/\/colibri-jewels.eu\/fi\/#organization\"},\"potentialAction\":[{\"@type\":\"SearchAction\",\"target\":{\"@type\":\"EntryPoint\",\"urlTemplate\":\"https:\/\/colibri-jewels.eu\/fi\/?s={search_term_string}\"},\"query-input\":{\"@type\":\"PropertyValueSpecification\",\"valueRequired\":true,\"valueName\":\"search_term_string\"}}],\"inLanguage\":\"fi\"},{\"@type\":\"Organization\",\"@id\":\"https:\/\/colibri-jewels.eu\/fi\/#organization\",\"name\":\"O\u00dc Colibri\",\"url\":\"https:\/\/colibri-jewels.eu\/fi\/\",\"logo\":{\"@type\":\"ImageObject\",\"inLanguage\":\"fi\",\"@id\":\"https:\/\/colibri-jewels.eu\/fi\/#\/schema\/logo\/image\/\",\"url\":\"https:\/\/dev.colibri-jewels.eu\/wp-content\/uploads\/2021\/03\/colibri.png\",\"contentUrl\":\"https:\/\/dev.colibri-jewels.eu\/wp-content\/uploads\/2021\/03\/colibri.png\",\"width\":227,\"height\":130,\"caption\":\"O\u00dc Colibri\"},\"image\":{\"@id\":\"https:\/\/colibri-jewels.eu\/fi\/#\/schema\/logo\/image\/\"},\"sameAs\":[\"https:\/\/www.facebook.com\/colibri.jewels\",\"https:\/\/www.instagram.com\/colibri.jewels\",\"https:\/\/www.tiktok.com\/colibri.jewels\"]}]}<\/script>\n<!-- \/ Yoast SEO Premium plugin. -->","yoast_head_json":{"title":"Kultaiset korvakorut kahdella upotetulla kristallilla \"Erica\" - Colibri jewels","description":"Lis\u00e4\u00e4 ripaus klassista tyyli\u00e4 ulkon\u00e4k\u00f6\u00f6si n\u00e4ill\u00e4 eleganteilla korvakoruilla, joissa on kaksi py\u00f6re\u00e4\u00e4 kristallia tyylikk\u00e4\u00e4ss\u00e4 upotetussa kehyksess\u00e4 luoden modernin ja hienostuneen ilmeen. Valmistettu 14 karaatin ruusukullasta, n\u00e4m\u00e4 korvakorut tarjoavat ajatonta vieh\u00e4tyst\u00e4 ja loistavaa s\u00e4ihkett\u00e4, tehden niist\u00e4 t\u00e4ydellisen asusteen jokaiseen tilaisuuteen.","robots":{"index":"index","follow":"follow","max-snippet":"max-snippet:-1","max-image-preview":"max-image-preview:large","max-video-preview":"max-video-preview:-1"},"canonical":"https:\/\/colibri-jewels.eu\/fi\/tuote\/kultaiset-korvakorut-kahdella-upotetulla-kristallilla-erica\/","og_locale":"fi_FI","og_type":"article","og_title":"Kultaiset korvakorut kahdella upotetulla kristallilla \"Erica\"","og_description":"Lis\u00e4\u00e4 ripaus klassista tyyli\u00e4 ulkon\u00e4k\u00f6\u00f6si n\u00e4ill\u00e4 eleganteilla korvakoruilla, joissa on kaksi py\u00f6re\u00e4\u00e4 kristallia tyylikk\u00e4\u00e4ss\u00e4 upotetussa kehyksess\u00e4 luoden modernin ja hienostuneen ilmeen. Valmistettu 14 karaatin ruusukullasta, n\u00e4m\u00e4 korvakorut tarjoavat ajatonta vieh\u00e4tyst\u00e4 ja loistavaa s\u00e4ihkett\u00e4, tehden niist\u00e4 t\u00e4ydellisen asusteen jokaiseen tilaisuuteen.","og_url":"https:\/\/colibri-jewels.eu\/fi\/tuote\/kultaiset-korvakorut-kahdella-upotetulla-kristallilla-erica\/","og_site_name":"Colibri jewels","article_publisher":"https:\/\/www.facebook.com\/colibri.jewels","article_modified_time":"2025-05-23T12:51:10+00:00","og_image":[{"width":1000,"height":1000,"url":"https:\/\/colibri-jewels.eu\/wp-content\/uploads\/2025\/01\/golden-classic-earrings-Erica.jpg","type":"image\/jpeg"}],"twitter_card":"summary_large_image","schema":{"@context":"https:\/\/schema.org","@graph":[{"@type":"WebPage","@id":"https:\/\/colibri-jewels.eu\/fi\/tuote\/kultaiset-korvakorut-kahdella-upotetulla-kristallilla-erica\/","url":"https:\/\/colibri-jewels.eu\/fi\/tuote\/kultaiset-korvakorut-kahdella-upotetulla-kristallilla-erica\/","name":"Kultaiset korvakorut kahdella upotetulla kristallilla \"Erica\" - Colibri jewels","isPartOf":{"@id":"https:\/\/colibri-jewels.eu\/fi\/#website"},"primaryImageOfPage":{"@id":"https:\/\/colibri-jewels.eu\/fi\/tuote\/kultaiset-korvakorut-kahdella-upotetulla-kristallilla-erica\/#primaryimage"},"image":{"@id":"https:\/\/colibri-jewels.eu\/fi\/tuote\/kultaiset-korvakorut-kahdella-upotetulla-kristallilla-erica\/#primaryimage"},"thumbnailUrl":"https:\/\/colibri-jewels.eu\/wp-content\/uploads\/2025\/01\/golden-classic-earrings-Erica.jpg","datePublished":"2025-01-18T16:13:17+00:00","dateModified":"2025-05-23T12:51:10+00:00","description":"Lis\u00e4\u00e4 ripaus klassista tyyli\u00e4 ulkon\u00e4k\u00f6\u00f6si n\u00e4ill\u00e4 eleganteilla korvakoruilla, joissa on kaksi py\u00f6re\u00e4\u00e4 kristallia tyylikk\u00e4\u00e4ss\u00e4 upotetussa kehyksess\u00e4 luoden modernin ja hienostuneen ilmeen. Valmistettu 14 karaatin ruusukullasta, n\u00e4m\u00e4 korvakorut tarjoavat ajatonta vieh\u00e4tyst\u00e4 ja loistavaa s\u00e4ihkett\u00e4, tehden niist\u00e4 t\u00e4ydellisen asusteen jokaiseen tilaisuuteen.","breadcrumb":{"@id":"https:\/\/colibri-jewels.eu\/fi\/tuote\/kultaiset-korvakorut-kahdella-upotetulla-kristallilla-erica\/#breadcrumb"},"inLanguage":"fi","potentialAction":[{"@type":"ReadAction","target":["https:\/\/colibri-jewels.eu\/fi\/tuote\/kultaiset-korvakorut-kahdella-upotetulla-kristallilla-erica\/"]}]},{"@type":"ImageObject","inLanguage":"fi","@id":"https:\/\/colibri-jewels.eu\/fi\/tuote\/kultaiset-korvakorut-kahdella-upotetulla-kristallilla-erica\/#primaryimage","url":"https:\/\/colibri-jewels.eu\/wp-content\/uploads\/2025\/01\/golden-classic-earrings-Erica.jpg","contentUrl":"https:\/\/colibri-jewels.eu\/wp-content\/uploads\/2025\/01\/golden-classic-earrings-Erica.jpg","width":1000,"height":1000},{"@type":"BreadcrumbList","@id":"https:\/\/colibri-jewels.eu\/fi\/tuote\/kultaiset-korvakorut-kahdella-upotetulla-kristallilla-erica\/#breadcrumb","itemListElement":[{"@type":"ListItem","position":1,"name":"\u0413\u043b\u0430\u0432\u043d\u0430\u044f \u0441\u0442\u0440\u0430\u043d\u0438\u0446\u0430","item":"https:\/\/colibri-jewels.eu\/fi\/"},{"@type":"ListItem","position":2,"name":"Kauppa","item":"https:\/\/colibri-jewels.eu\/fi\/kauppa\/"},{"@type":"ListItem","position":3,"name":"Kultaiset korvakorut kahdella upotetulla kristallilla &#8220;Erica&#8221;"}]},{"@type":"WebSite","@id":"https:\/\/colibri-jewels.eu\/fi\/#website","url":"https:\/\/colibri-jewels.eu\/fi\/","name":"Colibri jewels","description":"jewelry shop","publisher":{"@id":"https:\/\/colibri-jewels.eu\/fi\/#organization"},"potentialAction":[{"@type":"SearchAction","target":{"@type":"EntryPoint","urlTemplate":"https:\/\/colibri-jewels.eu\/fi\/?s={search_term_string}"},"query-input":{"@type":"PropertyValueSpecification","valueRequired":true,"valueName":"search_term_string"}}],"inLanguage":"fi"},{"@type":"Organization","@id":"https:\/\/colibri-jewels.eu\/fi\/#organization","name":"O\u00dc Colibri","url":"https:\/\/colibri-jewels.eu\/fi\/","logo":{"@type":"ImageObject","inLanguage":"fi","@id":"https:\/\/colibri-jewels.eu\/fi\/#\/schema\/logo\/image\/","url":"https:\/\/dev.colibri-jewels.eu\/wp-content\/uploads\/2021\/03\/colibri.png","contentUrl":"https:\/\/dev.colibri-jewels.eu\/wp-content\/uploads\/2021\/03\/colibri.png","width":227,"height":130,"caption":"O\u00dc Colibri"},"image":{"@id":"https:\/\/colibri-jewels.eu\/fi\/#\/schema\/logo\/image\/"},"sameAs":["https:\/\/www.facebook.com\/colibri.jewels","https:\/\/www.instagram.com\/colibri.jewels","https:\/\/www.tiktok.com\/colibri.jewels"]}]}},"_links":{"self":[{"href":"https:\/\/colibri-jewels.eu\/fi\/wp-json\/wp\/v2\/product\/50966","targetHints":{"allow":["GET"]}}],"collection":[{"href":"https:\/\/colibri-jewels.eu\/fi\/wp-json\/wp\/v2\/product"}],"about":[{"href":"https:\/\/colibri-jewels.eu\/fi\/wp-json\/wp\/v2\/types\/product"}],"replies":[{"embeddable":true,"href":"https:\/\/colibri-jewels.eu\/fi\/wp-json\/wp\/v2\/comments?post=50966"}],"version-history":[{"count":0,"href":"https:\/\/colibri-jewels.eu\/fi\/wp-json\/wp\/v2\/product\/50966\/revisions"}],"wp:featuredmedia":[{"embeddable":true,"href":"https:\/\/colibri-jewels.eu\/fi\/wp-json\/wp\/v2\/media\/50967"}],"wp:attachment":[{"href":"https:\/\/colibri-jewels.eu\/fi\/wp-json\/wp\/v2\/media?parent=50966"}],"wp:term":[{"taxonomy":"brand","embeddable":true,"href":"https:\/\/colibri-jewels.eu\/fi\/wp-json\/wp\/v2\/etheme_brands?post=50966"},{"taxonomy":"product_brand","embeddable":true,"href":"https:\/\/colibri-jewels.eu\/fi\/wp-json\/wp\/v2\/product_brand?post=50966"},{"taxonomy":"product_cat","embeddable":true,"href":"https:\/\/colibri-jewels.eu\/fi\/wp-json\/wp\/v2\/product_cat?post=50966"},{"taxonomy":"product_tag","embeddable":true,"href":"https:\/\/colibri-jewels.eu\/fi\/wp-json\/wp\/v2\/product_tag?post=50966"}],"curies":[{"name":"wp","href":"https:\/\/api.w.org\/{rel}","templated":true}]}}