{"id":51013,"date":"2024-12-13T17:09:51","date_gmt":"2024-12-13T15:09:51","guid":{"rendered":"https:\/\/colibri-jewels.eu\/?post_type=product&#038;p=51013"},"modified":"2025-05-23T15:52:56","modified_gmt":"2025-05-23T12:52:56","slug":"hellat-marquise-hiontaiset-timanttinappikorvakorut-fleur","status":"publish","type":"product","link":"https:\/\/colibri-jewels.eu\/fi\/tuote\/hellat-marquise-hiontaiset-timanttinappikorvakorut-fleur\/","title":{"rendered":"Hell\u00e4t marquise-hiontaiset timanttinappikorvakorut &#8221;Fleur&#8221;"},"content":{"rendered":"<p>Korosta eleganssiasi n\u00e4ill\u00e4 upeilla labratimanttinappikorvakoruilla, jotka on huolellisesti valmistettu korkealaatuisesta valkokullasta. Kummassakin korvakorussa on nelj\u00e4 s\u00e4ihkyv\u00e4\u00e4 marquise-hiontaista labratimanttia ja turvalliset kierrelukot lis\u00e4\u00e4m\u00e4ss\u00e4 varmuutta ja mielenrauhaa. Labratimantit tarjoavat saman h\u00e4ik\u00e4isev\u00e4n loiston ja kest\u00e4vyyden kuin luonnolliset timantit, mutta ne on luotu kontrolloidussa ymp\u00e4rist\u00f6ss\u00e4, mik\u00e4 tekee niist\u00e4 eettisen ja kest\u00e4v\u00e4n valinnan. N\u00e4m\u00e4 korvakorut sopivat t\u00e4ydellisesti kaikkiin tilaisuuksiin ja lis\u00e4\u00e4v\u00e4t ripauksen hienostuneisuutta ja s\u00e4ihkett\u00e4 ulkon\u00e4k\u00f6\u00f6si.<\/p>\n<p>Valkokulta 14 kt.<\/p>\n<p>Labratimantit 8 kpl, 0,60 ct, F\/VS2.<\/p>\n<p>Korvakorujen paino: 1,60 g.<\/p>\n","protected":false},"excerpt":{"rendered":"<p>Valkokulta 14 kt.<\/p>\n<p>Labratimantit &#8221;marquise&#8221;-hionta, 8 kpl, 0,60 ct, F\/VS2.<\/p>\n<p>Korvakorujen paino: 1,60 g.<\/p>\n","protected":false},"featured_media":51014,"comment_status":"open","ping_status":"closed","template":"","meta":[],"etheme_brands":[],"product_brand":[],"product_cat":[987],"product_tag":[994,1256,1004],"class_list":{"0":"post-51013","1":"product","2":"type-product","3":"status-publish","4":"has-post-thumbnail","6":"product_cat-korvakorut","7":"product_tag-klassiset","8":"product_tag-lab-timantit","9":"product_tag-romanttiset","11":"first","12":"onbackorder","13":"shipping-taxable","14":"purchasable","15":"product-type-simple"},"acf":[],"yoast_head":"<!-- This site is optimized with the Yoast SEO Premium plugin v26.5 (Yoast SEO v26.8) - https:\/\/yoast.com\/product\/yoast-seo-premium-wordpress\/ -->\n<title>Hell\u00e4t marquise-hiontaiset timanttinappikorvakorut &quot;Fleur&quot; - Colibri jewels<\/title>\n<meta name=\"robots\" content=\"index, follow, max-snippet:-1, max-image-preview:large, max-video-preview:-1\" \/>\n<link rel=\"canonical\" href=\"https:\/\/colibri-jewels.eu\/fi\/tuote\/hellat-marquise-hiontaiset-timanttinappikorvakorut-fleur\/\" \/>\n<meta property=\"og:locale\" content=\"fi_FI\" \/>\n<meta property=\"og:type\" content=\"article\" \/>\n<meta property=\"og:title\" content=\"Hell\u00e4t marquise-hiontaiset timanttinappikorvakorut &quot;Fleur&quot;\" \/>\n<meta property=\"og:description\" content=\"Valkokulta 14 kt.  Labratimantit &quot;marquise&quot;-hionta, 8 kpl, 0,60 ct, F\/VS2.  Korvakorujen paino: 1,60 g.\" \/>\n<meta property=\"og:url\" content=\"https:\/\/colibri-jewels.eu\/fi\/tuote\/hellat-marquise-hiontaiset-timanttinappikorvakorut-fleur\/\" \/>\n<meta property=\"og:site_name\" content=\"Colibri jewels\" \/>\n<meta property=\"article:publisher\" content=\"https:\/\/www.facebook.com\/colibri.jewels\" \/>\n<meta property=\"article:modified_time\" content=\"2025-05-23T12:52:56+00:00\" \/>\n<meta property=\"og:image\" content=\"https:\/\/colibri-jewels.eu\/wp-content\/uploads\/2025\/01\/white-gold-lab-diamonds-marquise-cut-stud-earrings-E-00621.jpg\" \/>\n\t<meta property=\"og:image:width\" content=\"1000\" \/>\n\t<meta property=\"og:image:height\" content=\"1000\" \/>\n\t<meta property=\"og:image:type\" content=\"image\/jpeg\" \/>\n<meta name=\"twitter:card\" content=\"summary_large_image\" \/>\n<script type=\"application\/ld+json\" class=\"yoast-schema-graph\">{\"@context\":\"https:\/\/schema.org\",\"@graph\":[{\"@type\":\"WebPage\",\"@id\":\"https:\/\/colibri-jewels.eu\/fi\/tuote\/hellat-marquise-hiontaiset-timanttinappikorvakorut-fleur\/\",\"url\":\"https:\/\/colibri-jewels.eu\/fi\/tuote\/hellat-marquise-hiontaiset-timanttinappikorvakorut-fleur\/\",\"name\":\"Hell\u00e4t marquise-hiontaiset timanttinappikorvakorut \\\"Fleur\\\" - Colibri jewels\",\"isPartOf\":{\"@id\":\"https:\/\/colibri-jewels.eu\/fi\/#website\"},\"primaryImageOfPage\":{\"@id\":\"https:\/\/colibri-jewels.eu\/fi\/tuote\/hellat-marquise-hiontaiset-timanttinappikorvakorut-fleur\/#primaryimage\"},\"image\":{\"@id\":\"https:\/\/colibri-jewels.eu\/fi\/tuote\/hellat-marquise-hiontaiset-timanttinappikorvakorut-fleur\/#primaryimage\"},\"thumbnailUrl\":\"https:\/\/colibri-jewels.eu\/wp-content\/uploads\/2025\/01\/white-gold-lab-diamonds-marquise-cut-stud-earrings-E-00621.jpg\",\"datePublished\":\"2024-12-13T15:09:51+00:00\",\"dateModified\":\"2025-05-23T12:52:56+00:00\",\"breadcrumb\":{\"@id\":\"https:\/\/colibri-jewels.eu\/fi\/tuote\/hellat-marquise-hiontaiset-timanttinappikorvakorut-fleur\/#breadcrumb\"},\"inLanguage\":\"fi\",\"potentialAction\":[{\"@type\":\"ReadAction\",\"target\":[\"https:\/\/colibri-jewels.eu\/fi\/tuote\/hellat-marquise-hiontaiset-timanttinappikorvakorut-fleur\/\"]}]},{\"@type\":\"ImageObject\",\"inLanguage\":\"fi\",\"@id\":\"https:\/\/colibri-jewels.eu\/fi\/tuote\/hellat-marquise-hiontaiset-timanttinappikorvakorut-fleur\/#primaryimage\",\"url\":\"https:\/\/colibri-jewels.eu\/wp-content\/uploads\/2025\/01\/white-gold-lab-diamonds-marquise-cut-stud-earrings-E-00621.jpg\",\"contentUrl\":\"https:\/\/colibri-jewels.eu\/wp-content\/uploads\/2025\/01\/white-gold-lab-diamonds-marquise-cut-stud-earrings-E-00621.jpg\",\"width\":1000,\"height\":1000},{\"@type\":\"BreadcrumbList\",\"@id\":\"https:\/\/colibri-jewels.eu\/fi\/tuote\/hellat-marquise-hiontaiset-timanttinappikorvakorut-fleur\/#breadcrumb\",\"itemListElement\":[{\"@type\":\"ListItem\",\"position\":1,\"name\":\"\u0413\u043b\u0430\u0432\u043d\u0430\u044f \u0441\u0442\u0440\u0430\u043d\u0438\u0446\u0430\",\"item\":\"https:\/\/colibri-jewels.eu\/fi\/\"},{\"@type\":\"ListItem\",\"position\":2,\"name\":\"Kauppa\",\"item\":\"https:\/\/colibri-jewels.eu\/fi\/kauppa\/\"},{\"@type\":\"ListItem\",\"position\":3,\"name\":\"Hell\u00e4t marquise-hiontaiset timanttinappikorvakorut &#8220;Fleur&#8221;\"}]},{\"@type\":\"WebSite\",\"@id\":\"https:\/\/colibri-jewels.eu\/fi\/#website\",\"url\":\"https:\/\/colibri-jewels.eu\/fi\/\",\"name\":\"Colibri jewels\",\"description\":\"jewelry shop\",\"publisher\":{\"@id\":\"https:\/\/colibri-jewels.eu\/fi\/#organization\"},\"potentialAction\":[{\"@type\":\"SearchAction\",\"target\":{\"@type\":\"EntryPoint\",\"urlTemplate\":\"https:\/\/colibri-jewels.eu\/fi\/?s={search_term_string}\"},\"query-input\":{\"@type\":\"PropertyValueSpecification\",\"valueRequired\":true,\"valueName\":\"search_term_string\"}}],\"inLanguage\":\"fi\"},{\"@type\":\"Organization\",\"@id\":\"https:\/\/colibri-jewels.eu\/fi\/#organization\",\"name\":\"O\u00dc Colibri\",\"url\":\"https:\/\/colibri-jewels.eu\/fi\/\",\"logo\":{\"@type\":\"ImageObject\",\"inLanguage\":\"fi\",\"@id\":\"https:\/\/colibri-jewels.eu\/fi\/#\/schema\/logo\/image\/\",\"url\":\"https:\/\/dev.colibri-jewels.eu\/wp-content\/uploads\/2021\/03\/colibri.png\",\"contentUrl\":\"https:\/\/dev.colibri-jewels.eu\/wp-content\/uploads\/2021\/03\/colibri.png\",\"width\":227,\"height\":130,\"caption\":\"O\u00dc Colibri\"},\"image\":{\"@id\":\"https:\/\/colibri-jewels.eu\/fi\/#\/schema\/logo\/image\/\"},\"sameAs\":[\"https:\/\/www.facebook.com\/colibri.jewels\",\"https:\/\/www.instagram.com\/colibri.jewels\",\"https:\/\/www.tiktok.com\/colibri.jewels\"]}]}<\/script>\n<!-- \/ Yoast SEO Premium plugin. -->","yoast_head_json":{"title":"Hell\u00e4t marquise-hiontaiset timanttinappikorvakorut \"Fleur\" - Colibri jewels","robots":{"index":"index","follow":"follow","max-snippet":"max-snippet:-1","max-image-preview":"max-image-preview:large","max-video-preview":"max-video-preview:-1"},"canonical":"https:\/\/colibri-jewels.eu\/fi\/tuote\/hellat-marquise-hiontaiset-timanttinappikorvakorut-fleur\/","og_locale":"fi_FI","og_type":"article","og_title":"Hell\u00e4t marquise-hiontaiset timanttinappikorvakorut \"Fleur\"","og_description":"Valkokulta 14 kt.  Labratimantit \"marquise\"-hionta, 8 kpl, 0,60 ct, F\/VS2.  Korvakorujen paino: 1,60 g.","og_url":"https:\/\/colibri-jewels.eu\/fi\/tuote\/hellat-marquise-hiontaiset-timanttinappikorvakorut-fleur\/","og_site_name":"Colibri jewels","article_publisher":"https:\/\/www.facebook.com\/colibri.jewels","article_modified_time":"2025-05-23T12:52:56+00:00","og_image":[{"width":1000,"height":1000,"url":"https:\/\/colibri-jewels.eu\/wp-content\/uploads\/2025\/01\/white-gold-lab-diamonds-marquise-cut-stud-earrings-E-00621.jpg","type":"image\/jpeg"}],"twitter_card":"summary_large_image","schema":{"@context":"https:\/\/schema.org","@graph":[{"@type":"WebPage","@id":"https:\/\/colibri-jewels.eu\/fi\/tuote\/hellat-marquise-hiontaiset-timanttinappikorvakorut-fleur\/","url":"https:\/\/colibri-jewels.eu\/fi\/tuote\/hellat-marquise-hiontaiset-timanttinappikorvakorut-fleur\/","name":"Hell\u00e4t marquise-hiontaiset timanttinappikorvakorut \"Fleur\" - Colibri jewels","isPartOf":{"@id":"https:\/\/colibri-jewels.eu\/fi\/#website"},"primaryImageOfPage":{"@id":"https:\/\/colibri-jewels.eu\/fi\/tuote\/hellat-marquise-hiontaiset-timanttinappikorvakorut-fleur\/#primaryimage"},"image":{"@id":"https:\/\/colibri-jewels.eu\/fi\/tuote\/hellat-marquise-hiontaiset-timanttinappikorvakorut-fleur\/#primaryimage"},"thumbnailUrl":"https:\/\/colibri-jewels.eu\/wp-content\/uploads\/2025\/01\/white-gold-lab-diamonds-marquise-cut-stud-earrings-E-00621.jpg","datePublished":"2024-12-13T15:09:51+00:00","dateModified":"2025-05-23T12:52:56+00:00","breadcrumb":{"@id":"https:\/\/colibri-jewels.eu\/fi\/tuote\/hellat-marquise-hiontaiset-timanttinappikorvakorut-fleur\/#breadcrumb"},"inLanguage":"fi","potentialAction":[{"@type":"ReadAction","target":["https:\/\/colibri-jewels.eu\/fi\/tuote\/hellat-marquise-hiontaiset-timanttinappikorvakorut-fleur\/"]}]},{"@type":"ImageObject","inLanguage":"fi","@id":"https:\/\/colibri-jewels.eu\/fi\/tuote\/hellat-marquise-hiontaiset-timanttinappikorvakorut-fleur\/#primaryimage","url":"https:\/\/colibri-jewels.eu\/wp-content\/uploads\/2025\/01\/white-gold-lab-diamonds-marquise-cut-stud-earrings-E-00621.jpg","contentUrl":"https:\/\/colibri-jewels.eu\/wp-content\/uploads\/2025\/01\/white-gold-lab-diamonds-marquise-cut-stud-earrings-E-00621.jpg","width":1000,"height":1000},{"@type":"BreadcrumbList","@id":"https:\/\/colibri-jewels.eu\/fi\/tuote\/hellat-marquise-hiontaiset-timanttinappikorvakorut-fleur\/#breadcrumb","itemListElement":[{"@type":"ListItem","position":1,"name":"\u0413\u043b\u0430\u0432\u043d\u0430\u044f \u0441\u0442\u0440\u0430\u043d\u0438\u0446\u0430","item":"https:\/\/colibri-jewels.eu\/fi\/"},{"@type":"ListItem","position":2,"name":"Kauppa","item":"https:\/\/colibri-jewels.eu\/fi\/kauppa\/"},{"@type":"ListItem","position":3,"name":"Hell\u00e4t marquise-hiontaiset timanttinappikorvakorut &#8220;Fleur&#8221;"}]},{"@type":"WebSite","@id":"https:\/\/colibri-jewels.eu\/fi\/#website","url":"https:\/\/colibri-jewels.eu\/fi\/","name":"Colibri jewels","description":"jewelry shop","publisher":{"@id":"https:\/\/colibri-jewels.eu\/fi\/#organization"},"potentialAction":[{"@type":"SearchAction","target":{"@type":"EntryPoint","urlTemplate":"https:\/\/colibri-jewels.eu\/fi\/?s={search_term_string}"},"query-input":{"@type":"PropertyValueSpecification","valueRequired":true,"valueName":"search_term_string"}}],"inLanguage":"fi"},{"@type":"Organization","@id":"https:\/\/colibri-jewels.eu\/fi\/#organization","name":"O\u00dc Colibri","url":"https:\/\/colibri-jewels.eu\/fi\/","logo":{"@type":"ImageObject","inLanguage":"fi","@id":"https:\/\/colibri-jewels.eu\/fi\/#\/schema\/logo\/image\/","url":"https:\/\/dev.colibri-jewels.eu\/wp-content\/uploads\/2021\/03\/colibri.png","contentUrl":"https:\/\/dev.colibri-jewels.eu\/wp-content\/uploads\/2021\/03\/colibri.png","width":227,"height":130,"caption":"O\u00dc Colibri"},"image":{"@id":"https:\/\/colibri-jewels.eu\/fi\/#\/schema\/logo\/image\/"},"sameAs":["https:\/\/www.facebook.com\/colibri.jewels","https:\/\/www.instagram.com\/colibri.jewels","https:\/\/www.tiktok.com\/colibri.jewels"]}]}},"_links":{"self":[{"href":"https:\/\/colibri-jewels.eu\/fi\/wp-json\/wp\/v2\/product\/51013","targetHints":{"allow":["GET"]}}],"collection":[{"href":"https:\/\/colibri-jewels.eu\/fi\/wp-json\/wp\/v2\/product"}],"about":[{"href":"https:\/\/colibri-jewels.eu\/fi\/wp-json\/wp\/v2\/types\/product"}],"replies":[{"embeddable":true,"href":"https:\/\/colibri-jewels.eu\/fi\/wp-json\/wp\/v2\/comments?post=51013"}],"version-history":[{"count":0,"href":"https:\/\/colibri-jewels.eu\/fi\/wp-json\/wp\/v2\/product\/51013\/revisions"}],"wp:featuredmedia":[{"embeddable":true,"href":"https:\/\/colibri-jewels.eu\/fi\/wp-json\/wp\/v2\/media\/51014"}],"wp:attachment":[{"href":"https:\/\/colibri-jewels.eu\/fi\/wp-json\/wp\/v2\/media?parent=51013"}],"wp:term":[{"taxonomy":"brand","embeddable":true,"href":"https:\/\/colibri-jewels.eu\/fi\/wp-json\/wp\/v2\/etheme_brands?post=51013"},{"taxonomy":"product_brand","embeddable":true,"href":"https:\/\/colibri-jewels.eu\/fi\/wp-json\/wp\/v2\/product_brand?post=51013"},{"taxonomy":"product_cat","embeddable":true,"href":"https:\/\/colibri-jewels.eu\/fi\/wp-json\/wp\/v2\/product_cat?post=51013"},{"taxonomy":"product_tag","embeddable":true,"href":"https:\/\/colibri-jewels.eu\/fi\/wp-json\/wp\/v2\/product_tag?post=51013"}],"curies":[{"name":"wp","href":"https:\/\/api.w.org\/{rel}","templated":true}]}}