{"id":51021,"date":"2024-12-13T17:01:54","date_gmt":"2024-12-13T15:01:54","guid":{"rendered":"https:\/\/colibri-jewels.eu\/?post_type=product&#038;p=51021"},"modified":"2025-05-23T15:53:00","modified_gmt":"2025-05-23T12:53:00","slug":"hopeariipus-viikinkilaivan-symbolilla-drakkar","status":"publish","type":"product","link":"https:\/\/colibri-jewels.eu\/fi\/tuote\/hopeariipus-viikinkilaivan-symbolilla-drakkar\/","title":{"rendered":"Hopeariipus viikinkilaivan symbolilla \u2013 Drakkar"},"content":{"rendered":"<p><strong>Hopeariipus viikinkilaivan symbolilla \u2013 Drakkar<\/strong><\/p>\n<p>Viikinkilaivan \u2013 Drakkarin \u2013 muotoinen hopeariipus on voimakas amuletti, joka kantaa seikkailun, voiman ja rohkeuden henke\u00e4. Drakkar-symboli edustaa pyrkimyst\u00e4 voittoon, matkustamiseen ja l\u00f6yt\u00f6ihin. Se toimii suojelijana kaikissa pyrkimyksiss\u00e4 ja auttaa sinua etenem\u00e4\u00e4n luottavaisesti voittaen kaikki esteet.<\/p>\n<p>Drakkar ei ollut viikingeille pelk\u00e4st\u00e4\u00e4n kulkuv\u00e4line, vaan my\u00f6s heid\u00e4n voimansa, urheutensa ja p\u00e4\u00e4tt\u00e4v\u00e4isyytens\u00e4 symboli. T\u00e4m\u00e4 amuletti vahvistaa sis\u00e4ist\u00e4 voimaasi ja tuo onnea pyrkimyksiisi.<\/p>\n<p>Hopeariipus Drakkarilla on enemm\u00e4n kuin pelkk\u00e4 koriste; se on itsen\u00e4isyyden, rohkeuden ja uusien horisonttien tavoittelun symboli. Siit\u00e4 tulee sinun talismaanisi matkalla kohti uusia voittoja ja menestyksi\u00e4.<\/p>\n","protected":false},"excerpt":{"rendered":"<p>Riipuksen keskim\u00e4\u00e4r\u00e4inen paino 7,17 g.<\/p>\n<p>Sterlinghopeaa.<\/p>\n<p>Riipuksen halkaisija \u2013 3,5 cm.<\/p>\n","protected":false},"featured_media":51022,"comment_status":"open","ping_status":"closed","template":"","meta":[],"etheme_brands":[],"product_brand":[],"product_cat":[989],"product_tag":[1003],"class_list":{"0":"post-51021","1":"product","2":"type-product","3":"status-publish","4":"has-post-thumbnail","6":"product_cat-kaulakorut-ja-riipukset","7":"product_tag-miesten-korut","9":"first","10":"instock","11":"shipping-taxable","12":"purchasable","13":"product-type-simple"},"acf":[],"yoast_head":"<!-- This site is optimized with the Yoast SEO Premium plugin v26.5 (Yoast SEO v26.8) - https:\/\/yoast.com\/product\/yoast-seo-premium-wordpress\/ -->\n<title>Hopeariipus viikinkilaivan symbolilla \u2013 Drakkar - Colibri jewels<\/title>\n<meta name=\"description\" content=\"Hopeariipus viikinkilaivan symbolilla \u2013 Drakkar. Voiman, rohkeuden ja seikkailun energia. T\u00e4m\u00e4 amuletti suojelee sinua kaikissa pyrkimyksiss\u00e4si ja tuo onnea matkallesi.\" \/>\n<meta name=\"robots\" content=\"index, follow, max-snippet:-1, max-image-preview:large, max-video-preview:-1\" \/>\n<link rel=\"canonical\" href=\"https:\/\/colibri-jewels.eu\/fi\/tuote\/hopeariipus-viikinkilaivan-symbolilla-drakkar\/\" \/>\n<meta property=\"og:locale\" content=\"fi_FI\" \/>\n<meta property=\"og:type\" content=\"article\" \/>\n<meta property=\"og:title\" content=\"Hopeariipus viikinkilaivan symbolilla \u2013 Drakkar\" \/>\n<meta property=\"og:description\" content=\"Hopeariipus viikinkilaivan symbolilla \u2013 Drakkar. Voiman, rohkeuden ja seikkailun energia. T\u00e4m\u00e4 amuletti suojelee sinua kaikissa pyrkimyksiss\u00e4si ja tuo onnea matkallesi.\" \/>\n<meta property=\"og:url\" content=\"https:\/\/colibri-jewels.eu\/fi\/tuote\/hopeariipus-viikinkilaivan-symbolilla-drakkar\/\" \/>\n<meta property=\"og:site_name\" content=\"Colibri jewels\" \/>\n<meta property=\"article:publisher\" content=\"https:\/\/www.facebook.com\/colibri.jewels\" \/>\n<meta property=\"article:modified_time\" content=\"2025-05-23T12:53:00+00:00\" \/>\n<meta property=\"og:image\" content=\"https:\/\/colibri-jewels.eu\/wp-content\/uploads\/2024\/12\/silver-scandinavian-amulet-viking-ship-drakkar.jpg\" \/>\n\t<meta property=\"og:image:width\" content=\"1000\" \/>\n\t<meta property=\"og:image:height\" content=\"1000\" \/>\n\t<meta property=\"og:image:type\" content=\"image\/jpeg\" \/>\n<meta name=\"twitter:card\" content=\"summary_large_image\" \/>\n<meta name=\"twitter:label1\" content=\"Arvioitu lukuaika\" \/>\n\t<meta name=\"twitter:data1\" content=\"1 minuutti\" \/>\n<script type=\"application\/ld+json\" class=\"yoast-schema-graph\">{\"@context\":\"https:\/\/schema.org\",\"@graph\":[{\"@type\":\"WebPage\",\"@id\":\"https:\/\/colibri-jewels.eu\/fi\/tuote\/hopeariipus-viikinkilaivan-symbolilla-drakkar\/\",\"url\":\"https:\/\/colibri-jewels.eu\/fi\/tuote\/hopeariipus-viikinkilaivan-symbolilla-drakkar\/\",\"name\":\"Hopeariipus viikinkilaivan symbolilla \u2013 Drakkar - Colibri jewels\",\"isPartOf\":{\"@id\":\"https:\/\/colibri-jewels.eu\/fi\/#website\"},\"primaryImageOfPage\":{\"@id\":\"https:\/\/colibri-jewels.eu\/fi\/tuote\/hopeariipus-viikinkilaivan-symbolilla-drakkar\/#primaryimage\"},\"image\":{\"@id\":\"https:\/\/colibri-jewels.eu\/fi\/tuote\/hopeariipus-viikinkilaivan-symbolilla-drakkar\/#primaryimage\"},\"thumbnailUrl\":\"https:\/\/colibri-jewels.eu\/wp-content\/uploads\/2024\/12\/silver-scandinavian-amulet-viking-ship-drakkar.jpg\",\"datePublished\":\"2024-12-13T15:01:54+00:00\",\"dateModified\":\"2025-05-23T12:53:00+00:00\",\"description\":\"Hopeariipus viikinkilaivan symbolilla \u2013 Drakkar. Voiman, rohkeuden ja seikkailun energia. T\u00e4m\u00e4 amuletti suojelee sinua kaikissa pyrkimyksiss\u00e4si ja tuo onnea matkallesi.\",\"breadcrumb\":{\"@id\":\"https:\/\/colibri-jewels.eu\/fi\/tuote\/hopeariipus-viikinkilaivan-symbolilla-drakkar\/#breadcrumb\"},\"inLanguage\":\"fi\",\"potentialAction\":[{\"@type\":\"ReadAction\",\"target\":[\"https:\/\/colibri-jewels.eu\/fi\/tuote\/hopeariipus-viikinkilaivan-symbolilla-drakkar\/\"]}]},{\"@type\":\"ImageObject\",\"inLanguage\":\"fi\",\"@id\":\"https:\/\/colibri-jewels.eu\/fi\/tuote\/hopeariipus-viikinkilaivan-symbolilla-drakkar\/#primaryimage\",\"url\":\"https:\/\/colibri-jewels.eu\/wp-content\/uploads\/2024\/12\/silver-scandinavian-amulet-viking-ship-drakkar.jpg\",\"contentUrl\":\"https:\/\/colibri-jewels.eu\/wp-content\/uploads\/2024\/12\/silver-scandinavian-amulet-viking-ship-drakkar.jpg\",\"width\":1000,\"height\":1000},{\"@type\":\"BreadcrumbList\",\"@id\":\"https:\/\/colibri-jewels.eu\/fi\/tuote\/hopeariipus-viikinkilaivan-symbolilla-drakkar\/#breadcrumb\",\"itemListElement\":[{\"@type\":\"ListItem\",\"position\":1,\"name\":\"\u0413\u043b\u0430\u0432\u043d\u0430\u044f \u0441\u0442\u0440\u0430\u043d\u0438\u0446\u0430\",\"item\":\"https:\/\/colibri-jewels.eu\/fi\/\"},{\"@type\":\"ListItem\",\"position\":2,\"name\":\"Kauppa\",\"item\":\"https:\/\/colibri-jewels.eu\/fi\/kauppa\/\"},{\"@type\":\"ListItem\",\"position\":3,\"name\":\"Hopeariipus viikinkilaivan symbolilla \u2013 Drakkar\"}]},{\"@type\":\"WebSite\",\"@id\":\"https:\/\/colibri-jewels.eu\/fi\/#website\",\"url\":\"https:\/\/colibri-jewels.eu\/fi\/\",\"name\":\"Colibri jewels\",\"description\":\"jewelry shop\",\"publisher\":{\"@id\":\"https:\/\/colibri-jewels.eu\/fi\/#organization\"},\"potentialAction\":[{\"@type\":\"SearchAction\",\"target\":{\"@type\":\"EntryPoint\",\"urlTemplate\":\"https:\/\/colibri-jewels.eu\/fi\/?s={search_term_string}\"},\"query-input\":{\"@type\":\"PropertyValueSpecification\",\"valueRequired\":true,\"valueName\":\"search_term_string\"}}],\"inLanguage\":\"fi\"},{\"@type\":\"Organization\",\"@id\":\"https:\/\/colibri-jewels.eu\/fi\/#organization\",\"name\":\"O\u00dc Colibri\",\"url\":\"https:\/\/colibri-jewels.eu\/fi\/\",\"logo\":{\"@type\":\"ImageObject\",\"inLanguage\":\"fi\",\"@id\":\"https:\/\/colibri-jewels.eu\/fi\/#\/schema\/logo\/image\/\",\"url\":\"https:\/\/dev.colibri-jewels.eu\/wp-content\/uploads\/2021\/03\/colibri.png\",\"contentUrl\":\"https:\/\/dev.colibri-jewels.eu\/wp-content\/uploads\/2021\/03\/colibri.png\",\"width\":227,\"height\":130,\"caption\":\"O\u00dc Colibri\"},\"image\":{\"@id\":\"https:\/\/colibri-jewels.eu\/fi\/#\/schema\/logo\/image\/\"},\"sameAs\":[\"https:\/\/www.facebook.com\/colibri.jewels\",\"https:\/\/www.instagram.com\/colibri.jewels\",\"https:\/\/www.tiktok.com\/colibri.jewels\"]}]}<\/script>\n<!-- \/ Yoast SEO Premium plugin. -->","yoast_head_json":{"title":"Hopeariipus viikinkilaivan symbolilla \u2013 Drakkar - Colibri jewels","description":"Hopeariipus viikinkilaivan symbolilla \u2013 Drakkar. Voiman, rohkeuden ja seikkailun energia. T\u00e4m\u00e4 amuletti suojelee sinua kaikissa pyrkimyksiss\u00e4si ja tuo onnea matkallesi.","robots":{"index":"index","follow":"follow","max-snippet":"max-snippet:-1","max-image-preview":"max-image-preview:large","max-video-preview":"max-video-preview:-1"},"canonical":"https:\/\/colibri-jewels.eu\/fi\/tuote\/hopeariipus-viikinkilaivan-symbolilla-drakkar\/","og_locale":"fi_FI","og_type":"article","og_title":"Hopeariipus viikinkilaivan symbolilla \u2013 Drakkar","og_description":"Hopeariipus viikinkilaivan symbolilla \u2013 Drakkar. Voiman, rohkeuden ja seikkailun energia. T\u00e4m\u00e4 amuletti suojelee sinua kaikissa pyrkimyksiss\u00e4si ja tuo onnea matkallesi.","og_url":"https:\/\/colibri-jewels.eu\/fi\/tuote\/hopeariipus-viikinkilaivan-symbolilla-drakkar\/","og_site_name":"Colibri jewels","article_publisher":"https:\/\/www.facebook.com\/colibri.jewels","article_modified_time":"2025-05-23T12:53:00+00:00","og_image":[{"width":1000,"height":1000,"url":"https:\/\/colibri-jewels.eu\/wp-content\/uploads\/2024\/12\/silver-scandinavian-amulet-viking-ship-drakkar.jpg","type":"image\/jpeg"}],"twitter_card":"summary_large_image","twitter_misc":{"Arvioitu lukuaika":"1 minuutti"},"schema":{"@context":"https:\/\/schema.org","@graph":[{"@type":"WebPage","@id":"https:\/\/colibri-jewels.eu\/fi\/tuote\/hopeariipus-viikinkilaivan-symbolilla-drakkar\/","url":"https:\/\/colibri-jewels.eu\/fi\/tuote\/hopeariipus-viikinkilaivan-symbolilla-drakkar\/","name":"Hopeariipus viikinkilaivan symbolilla \u2013 Drakkar - Colibri jewels","isPartOf":{"@id":"https:\/\/colibri-jewels.eu\/fi\/#website"},"primaryImageOfPage":{"@id":"https:\/\/colibri-jewels.eu\/fi\/tuote\/hopeariipus-viikinkilaivan-symbolilla-drakkar\/#primaryimage"},"image":{"@id":"https:\/\/colibri-jewels.eu\/fi\/tuote\/hopeariipus-viikinkilaivan-symbolilla-drakkar\/#primaryimage"},"thumbnailUrl":"https:\/\/colibri-jewels.eu\/wp-content\/uploads\/2024\/12\/silver-scandinavian-amulet-viking-ship-drakkar.jpg","datePublished":"2024-12-13T15:01:54+00:00","dateModified":"2025-05-23T12:53:00+00:00","description":"Hopeariipus viikinkilaivan symbolilla \u2013 Drakkar. Voiman, rohkeuden ja seikkailun energia. T\u00e4m\u00e4 amuletti suojelee sinua kaikissa pyrkimyksiss\u00e4si ja tuo onnea matkallesi.","breadcrumb":{"@id":"https:\/\/colibri-jewels.eu\/fi\/tuote\/hopeariipus-viikinkilaivan-symbolilla-drakkar\/#breadcrumb"},"inLanguage":"fi","potentialAction":[{"@type":"ReadAction","target":["https:\/\/colibri-jewels.eu\/fi\/tuote\/hopeariipus-viikinkilaivan-symbolilla-drakkar\/"]}]},{"@type":"ImageObject","inLanguage":"fi","@id":"https:\/\/colibri-jewels.eu\/fi\/tuote\/hopeariipus-viikinkilaivan-symbolilla-drakkar\/#primaryimage","url":"https:\/\/colibri-jewels.eu\/wp-content\/uploads\/2024\/12\/silver-scandinavian-amulet-viking-ship-drakkar.jpg","contentUrl":"https:\/\/colibri-jewels.eu\/wp-content\/uploads\/2024\/12\/silver-scandinavian-amulet-viking-ship-drakkar.jpg","width":1000,"height":1000},{"@type":"BreadcrumbList","@id":"https:\/\/colibri-jewels.eu\/fi\/tuote\/hopeariipus-viikinkilaivan-symbolilla-drakkar\/#breadcrumb","itemListElement":[{"@type":"ListItem","position":1,"name":"\u0413\u043b\u0430\u0432\u043d\u0430\u044f \u0441\u0442\u0440\u0430\u043d\u0438\u0446\u0430","item":"https:\/\/colibri-jewels.eu\/fi\/"},{"@type":"ListItem","position":2,"name":"Kauppa","item":"https:\/\/colibri-jewels.eu\/fi\/kauppa\/"},{"@type":"ListItem","position":3,"name":"Hopeariipus viikinkilaivan symbolilla \u2013 Drakkar"}]},{"@type":"WebSite","@id":"https:\/\/colibri-jewels.eu\/fi\/#website","url":"https:\/\/colibri-jewels.eu\/fi\/","name":"Colibri jewels","description":"jewelry shop","publisher":{"@id":"https:\/\/colibri-jewels.eu\/fi\/#organization"},"potentialAction":[{"@type":"SearchAction","target":{"@type":"EntryPoint","urlTemplate":"https:\/\/colibri-jewels.eu\/fi\/?s={search_term_string}"},"query-input":{"@type":"PropertyValueSpecification","valueRequired":true,"valueName":"search_term_string"}}],"inLanguage":"fi"},{"@type":"Organization","@id":"https:\/\/colibri-jewels.eu\/fi\/#organization","name":"O\u00dc Colibri","url":"https:\/\/colibri-jewels.eu\/fi\/","logo":{"@type":"ImageObject","inLanguage":"fi","@id":"https:\/\/colibri-jewels.eu\/fi\/#\/schema\/logo\/image\/","url":"https:\/\/dev.colibri-jewels.eu\/wp-content\/uploads\/2021\/03\/colibri.png","contentUrl":"https:\/\/dev.colibri-jewels.eu\/wp-content\/uploads\/2021\/03\/colibri.png","width":227,"height":130,"caption":"O\u00dc Colibri"},"image":{"@id":"https:\/\/colibri-jewels.eu\/fi\/#\/schema\/logo\/image\/"},"sameAs":["https:\/\/www.facebook.com\/colibri.jewels","https:\/\/www.instagram.com\/colibri.jewels","https:\/\/www.tiktok.com\/colibri.jewels"]}]}},"_links":{"self":[{"href":"https:\/\/colibri-jewels.eu\/fi\/wp-json\/wp\/v2\/product\/51021","targetHints":{"allow":["GET"]}}],"collection":[{"href":"https:\/\/colibri-jewels.eu\/fi\/wp-json\/wp\/v2\/product"}],"about":[{"href":"https:\/\/colibri-jewels.eu\/fi\/wp-json\/wp\/v2\/types\/product"}],"replies":[{"embeddable":true,"href":"https:\/\/colibri-jewels.eu\/fi\/wp-json\/wp\/v2\/comments?post=51021"}],"version-history":[{"count":0,"href":"https:\/\/colibri-jewels.eu\/fi\/wp-json\/wp\/v2\/product\/51021\/revisions"}],"wp:featuredmedia":[{"embeddable":true,"href":"https:\/\/colibri-jewels.eu\/fi\/wp-json\/wp\/v2\/media\/51022"}],"wp:attachment":[{"href":"https:\/\/colibri-jewels.eu\/fi\/wp-json\/wp\/v2\/media?parent=51021"}],"wp:term":[{"taxonomy":"brand","embeddable":true,"href":"https:\/\/colibri-jewels.eu\/fi\/wp-json\/wp\/v2\/etheme_brands?post=51021"},{"taxonomy":"product_brand","embeddable":true,"href":"https:\/\/colibri-jewels.eu\/fi\/wp-json\/wp\/v2\/product_brand?post=51021"},{"taxonomy":"product_cat","embeddable":true,"href":"https:\/\/colibri-jewels.eu\/fi\/wp-json\/wp\/v2\/product_cat?post=51021"},{"taxonomy":"product_tag","embeddable":true,"href":"https:\/\/colibri-jewels.eu\/fi\/wp-json\/wp\/v2\/product_tag?post=51021"}],"curies":[{"name":"wp","href":"https:\/\/api.w.org\/{rel}","templated":true}]}}