{"id":51028,"date":"2024-12-13T17:00:19","date_gmt":"2024-12-13T15:00:19","guid":{"rendered":"https:\/\/colibri-jewels.eu\/?post_type=product&#038;p=51028"},"modified":"2025-05-23T15:53:07","modified_gmt":"2025-05-23T12:53:07","slug":"hopeinen-meriaiheinen-sormus-nautilus","status":"publish","type":"product","link":"https:\/\/colibri-jewels.eu\/fi\/tuote\/hopeinen-meriaiheinen-sormus-nautilus\/","title":{"rendered":"Hopeinen meriaiheinen sormus &#8221;Nautilus&#8221;"},"content":{"rendered":"<p data-pm-slice=\"1 1 []\"><strong>Nautilus-sormus: Voiman ja uskollisuuden symboli merelle.<\/strong><\/p>\n<p>Nautilus-sormus on tyylik\u00e4s hopeinen asuste, joka on suunniteltu todellisille miehille, joita meren kutsu vet\u00e4\u00e4 puoleensa. Sen matalat relieefikuviot, joissa on ankkuri, laivan ruori ja k\u00f6ydet, antavat sormukselle ainutlaatuisen vieh\u00e4tyksen ja v\u00e4litt\u00e4v\u00e4t rohkeuden ja luotettavuuden symboleja.<\/p>\n<p><strong>Kenelle t\u00e4m\u00e4 sormus on tarkoitettu?<\/strong> Nautilus-sormus sopii t\u00e4ydellisesti niille, joiden el\u00e4m\u00e4 on kietoutunut mereen: merimiehille, seikkailijoille, sukeltajille tai yksinkertaisesti niille, jotka rakastavat aaltoja ja nopeuden j\u00e4nnityst\u00e4. T\u00e4m\u00e4 koru heijastaa miehen luonnetta: voimaa, p\u00e4\u00e4tt\u00e4v\u00e4isyytt\u00e4 ja valmiutta tutkia &#8221;syvyyksi\u00e4&#8221;.<\/p>\n<p><strong>Sormuksen ominaisuudet:<\/strong><\/p>\n<ul data-spread=\"false\">\n<li>Materiaali: 925 sterlinghopea.<\/li>\n<li>Muotoilu: Merenkulkuaiheiset symbolit (ankkuri, laivan ruori, k\u00f6ydet).<\/li>\n<li>Ainutlaatuinen k\u00e4sity\u00f6n\u00e4 tehty muotoilu.<\/li>\n<li>Sopii sek\u00e4 jokap\u00e4iv\u00e4iseen k\u00e4ytt\u00f6\u00f6n ett\u00e4 erityistilaisuuksiin.<\/li>\n<\/ul>\n<p><strong>Miksi valita se?<\/strong> Nautilus-sormus ei ole vain koru, vaan vahvan ja vapaan hengen symboli. Se korostaa tyyli\u00e4si ja on erinomainen lahja aalloista lumoutuneelle. T\u00e4st\u00e4 sormuksesta tulee henkil\u00f6kohtainen talismaanisi, joka ohjaa ja suojelee sinua el\u00e4m\u00e4n matkalla.<\/p>\n","protected":false},"excerpt":{"rendered":"<p>Sterlinghopea.<\/p>\n<p>Keskim\u00e4\u00e4r\u00e4inen paino 5,5 g.<\/p>\n","protected":false},"featured_media":51029,"comment_status":"open","ping_status":"closed","template":"","meta":[],"etheme_brands":[],"product_brand":[],"product_cat":[990],"product_tag":[1003],"class_list":{"0":"post-51028","1":"product","2":"type-product","3":"status-publish","4":"has-post-thumbnail","6":"product_cat-sormukset","7":"product_tag-miesten-korut","9":"first","10":"instock","11":"shipping-taxable","12":"purchasable","13":"product-type-variable"},"acf":[],"yoast_head":"<!-- This site is optimized with the Yoast SEO Premium plugin v26.5 (Yoast SEO v26.8) - https:\/\/yoast.com\/product\/yoast-seo-premium-wordpress\/ -->\n<title>Hopeinen meriaiheinen sormus &quot;Nautilus&quot; - Colibri jewels<\/title>\n<meta name=\"description\" content=\"Tyylik\u00e4s hopeinen Nautilus-sormus, jossa on ankkurin, laivan ruorin ja k\u00f6ysien matalat reliefikuviot. T\u00e4ydellinen asuste meren kanssa yhteydess\u00e4 oleville miehille. Tyyli\u00e4, voimaa, luotettavuutta.\" \/>\n<meta name=\"robots\" content=\"index, follow, max-snippet:-1, max-image-preview:large, max-video-preview:-1\" \/>\n<link rel=\"canonical\" href=\"https:\/\/colibri-jewels.eu\/fi\/tuote\/hopeinen-meriaiheinen-sormus-nautilus\/\" \/>\n<meta property=\"og:locale\" content=\"fi_FI\" \/>\n<meta property=\"og:type\" content=\"article\" \/>\n<meta property=\"og:title\" content=\"Hopeinen meriaiheinen sormus &quot;Nautilus&quot;\" \/>\n<meta property=\"og:description\" content=\"Tyylik\u00e4s hopeinen Nautilus-sormus, jossa on ankkurin, laivan ruorin ja k\u00f6ysien matalat reliefikuviot. T\u00e4ydellinen asuste meren kanssa yhteydess\u00e4 oleville miehille. Tyyli\u00e4, voimaa, luotettavuutta.\" \/>\n<meta property=\"og:url\" content=\"https:\/\/colibri-jewels.eu\/fi\/tuote\/hopeinen-meriaiheinen-sormus-nautilus\/\" \/>\n<meta property=\"og:site_name\" content=\"Colibri jewels\" \/>\n<meta property=\"article:publisher\" content=\"https:\/\/www.facebook.com\/colibri.jewels\" \/>\n<meta property=\"article:modified_time\" content=\"2025-05-23T12:53:07+00:00\" \/>\n<meta property=\"og:image\" content=\"https:\/\/colibri-jewels.eu\/wp-content\/uploads\/2024\/12\/silver-men-ring-sea-style-for-seamen-nautilus.jpg\" \/>\n\t<meta property=\"og:image:width\" content=\"1000\" \/>\n\t<meta property=\"og:image:height\" content=\"1000\" \/>\n\t<meta property=\"og:image:type\" content=\"image\/jpeg\" \/>\n<meta name=\"twitter:card\" content=\"summary_large_image\" \/>\n<meta name=\"twitter:label1\" content=\"Arvioitu lukuaika\" \/>\n\t<meta name=\"twitter:data1\" content=\"1 minuutti\" \/>\n<script type=\"application\/ld+json\" class=\"yoast-schema-graph\">{\"@context\":\"https:\/\/schema.org\",\"@graph\":[{\"@type\":\"WebPage\",\"@id\":\"https:\/\/colibri-jewels.eu\/fi\/tuote\/hopeinen-meriaiheinen-sormus-nautilus\/\",\"url\":\"https:\/\/colibri-jewels.eu\/fi\/tuote\/hopeinen-meriaiheinen-sormus-nautilus\/\",\"name\":\"Hopeinen meriaiheinen sormus \\\"Nautilus\\\" - Colibri jewels\",\"isPartOf\":{\"@id\":\"https:\/\/colibri-jewels.eu\/fi\/#website\"},\"primaryImageOfPage\":{\"@id\":\"https:\/\/colibri-jewels.eu\/fi\/tuote\/hopeinen-meriaiheinen-sormus-nautilus\/#primaryimage\"},\"image\":{\"@id\":\"https:\/\/colibri-jewels.eu\/fi\/tuote\/hopeinen-meriaiheinen-sormus-nautilus\/#primaryimage\"},\"thumbnailUrl\":\"https:\/\/colibri-jewels.eu\/wp-content\/uploads\/2024\/12\/silver-men-ring-sea-style-for-seamen-nautilus.jpg\",\"datePublished\":\"2024-12-13T15:00:19+00:00\",\"dateModified\":\"2025-05-23T12:53:07+00:00\",\"description\":\"Tyylik\u00e4s hopeinen Nautilus-sormus, jossa on ankkurin, laivan ruorin ja k\u00f6ysien matalat reliefikuviot. T\u00e4ydellinen asuste meren kanssa yhteydess\u00e4 oleville miehille. Tyyli\u00e4, voimaa, luotettavuutta.\",\"breadcrumb\":{\"@id\":\"https:\/\/colibri-jewels.eu\/fi\/tuote\/hopeinen-meriaiheinen-sormus-nautilus\/#breadcrumb\"},\"inLanguage\":\"fi\",\"potentialAction\":[{\"@type\":\"ReadAction\",\"target\":[\"https:\/\/colibri-jewels.eu\/fi\/tuote\/hopeinen-meriaiheinen-sormus-nautilus\/\"]}]},{\"@type\":\"ImageObject\",\"inLanguage\":\"fi\",\"@id\":\"https:\/\/colibri-jewels.eu\/fi\/tuote\/hopeinen-meriaiheinen-sormus-nautilus\/#primaryimage\",\"url\":\"https:\/\/colibri-jewels.eu\/wp-content\/uploads\/2024\/12\/silver-men-ring-sea-style-for-seamen-nautilus.jpg\",\"contentUrl\":\"https:\/\/colibri-jewels.eu\/wp-content\/uploads\/2024\/12\/silver-men-ring-sea-style-for-seamen-nautilus.jpg\",\"width\":1000,\"height\":1000},{\"@type\":\"BreadcrumbList\",\"@id\":\"https:\/\/colibri-jewels.eu\/fi\/tuote\/hopeinen-meriaiheinen-sormus-nautilus\/#breadcrumb\",\"itemListElement\":[{\"@type\":\"ListItem\",\"position\":1,\"name\":\"\u0413\u043b\u0430\u0432\u043d\u0430\u044f \u0441\u0442\u0440\u0430\u043d\u0438\u0446\u0430\",\"item\":\"https:\/\/colibri-jewels.eu\/fi\/\"},{\"@type\":\"ListItem\",\"position\":2,\"name\":\"Kauppa\",\"item\":\"https:\/\/colibri-jewels.eu\/fi\/kauppa\/\"},{\"@type\":\"ListItem\",\"position\":3,\"name\":\"Hopeinen meriaiheinen sormus &#8220;Nautilus&#8221;\"}]},{\"@type\":\"WebSite\",\"@id\":\"https:\/\/colibri-jewels.eu\/fi\/#website\",\"url\":\"https:\/\/colibri-jewels.eu\/fi\/\",\"name\":\"Colibri jewels\",\"description\":\"jewelry shop\",\"publisher\":{\"@id\":\"https:\/\/colibri-jewels.eu\/fi\/#organization\"},\"potentialAction\":[{\"@type\":\"SearchAction\",\"target\":{\"@type\":\"EntryPoint\",\"urlTemplate\":\"https:\/\/colibri-jewels.eu\/fi\/?s={search_term_string}\"},\"query-input\":{\"@type\":\"PropertyValueSpecification\",\"valueRequired\":true,\"valueName\":\"search_term_string\"}}],\"inLanguage\":\"fi\"},{\"@type\":\"Organization\",\"@id\":\"https:\/\/colibri-jewels.eu\/fi\/#organization\",\"name\":\"O\u00dc Colibri\",\"url\":\"https:\/\/colibri-jewels.eu\/fi\/\",\"logo\":{\"@type\":\"ImageObject\",\"inLanguage\":\"fi\",\"@id\":\"https:\/\/colibri-jewels.eu\/fi\/#\/schema\/logo\/image\/\",\"url\":\"https:\/\/dev.colibri-jewels.eu\/wp-content\/uploads\/2021\/03\/colibri.png\",\"contentUrl\":\"https:\/\/dev.colibri-jewels.eu\/wp-content\/uploads\/2021\/03\/colibri.png\",\"width\":227,\"height\":130,\"caption\":\"O\u00dc Colibri\"},\"image\":{\"@id\":\"https:\/\/colibri-jewels.eu\/fi\/#\/schema\/logo\/image\/\"},\"sameAs\":[\"https:\/\/www.facebook.com\/colibri.jewels\",\"https:\/\/www.instagram.com\/colibri.jewels\",\"https:\/\/www.tiktok.com\/colibri.jewels\"]}]}<\/script>\n<!-- \/ Yoast SEO Premium plugin. -->","yoast_head_json":{"title":"Hopeinen meriaiheinen sormus \"Nautilus\" - Colibri jewels","description":"Tyylik\u00e4s hopeinen Nautilus-sormus, jossa on ankkurin, laivan ruorin ja k\u00f6ysien matalat reliefikuviot. T\u00e4ydellinen asuste meren kanssa yhteydess\u00e4 oleville miehille. Tyyli\u00e4, voimaa, luotettavuutta.","robots":{"index":"index","follow":"follow","max-snippet":"max-snippet:-1","max-image-preview":"max-image-preview:large","max-video-preview":"max-video-preview:-1"},"canonical":"https:\/\/colibri-jewels.eu\/fi\/tuote\/hopeinen-meriaiheinen-sormus-nautilus\/","og_locale":"fi_FI","og_type":"article","og_title":"Hopeinen meriaiheinen sormus \"Nautilus\"","og_description":"Tyylik\u00e4s hopeinen Nautilus-sormus, jossa on ankkurin, laivan ruorin ja k\u00f6ysien matalat reliefikuviot. T\u00e4ydellinen asuste meren kanssa yhteydess\u00e4 oleville miehille. Tyyli\u00e4, voimaa, luotettavuutta.","og_url":"https:\/\/colibri-jewels.eu\/fi\/tuote\/hopeinen-meriaiheinen-sormus-nautilus\/","og_site_name":"Colibri jewels","article_publisher":"https:\/\/www.facebook.com\/colibri.jewels","article_modified_time":"2025-05-23T12:53:07+00:00","og_image":[{"width":1000,"height":1000,"url":"https:\/\/colibri-jewels.eu\/wp-content\/uploads\/2024\/12\/silver-men-ring-sea-style-for-seamen-nautilus.jpg","type":"image\/jpeg"}],"twitter_card":"summary_large_image","twitter_misc":{"Arvioitu lukuaika":"1 minuutti"},"schema":{"@context":"https:\/\/schema.org","@graph":[{"@type":"WebPage","@id":"https:\/\/colibri-jewels.eu\/fi\/tuote\/hopeinen-meriaiheinen-sormus-nautilus\/","url":"https:\/\/colibri-jewels.eu\/fi\/tuote\/hopeinen-meriaiheinen-sormus-nautilus\/","name":"Hopeinen meriaiheinen sormus \"Nautilus\" - Colibri jewels","isPartOf":{"@id":"https:\/\/colibri-jewels.eu\/fi\/#website"},"primaryImageOfPage":{"@id":"https:\/\/colibri-jewels.eu\/fi\/tuote\/hopeinen-meriaiheinen-sormus-nautilus\/#primaryimage"},"image":{"@id":"https:\/\/colibri-jewels.eu\/fi\/tuote\/hopeinen-meriaiheinen-sormus-nautilus\/#primaryimage"},"thumbnailUrl":"https:\/\/colibri-jewels.eu\/wp-content\/uploads\/2024\/12\/silver-men-ring-sea-style-for-seamen-nautilus.jpg","datePublished":"2024-12-13T15:00:19+00:00","dateModified":"2025-05-23T12:53:07+00:00","description":"Tyylik\u00e4s hopeinen Nautilus-sormus, jossa on ankkurin, laivan ruorin ja k\u00f6ysien matalat reliefikuviot. T\u00e4ydellinen asuste meren kanssa yhteydess\u00e4 oleville miehille. Tyyli\u00e4, voimaa, luotettavuutta.","breadcrumb":{"@id":"https:\/\/colibri-jewels.eu\/fi\/tuote\/hopeinen-meriaiheinen-sormus-nautilus\/#breadcrumb"},"inLanguage":"fi","potentialAction":[{"@type":"ReadAction","target":["https:\/\/colibri-jewels.eu\/fi\/tuote\/hopeinen-meriaiheinen-sormus-nautilus\/"]}]},{"@type":"ImageObject","inLanguage":"fi","@id":"https:\/\/colibri-jewels.eu\/fi\/tuote\/hopeinen-meriaiheinen-sormus-nautilus\/#primaryimage","url":"https:\/\/colibri-jewels.eu\/wp-content\/uploads\/2024\/12\/silver-men-ring-sea-style-for-seamen-nautilus.jpg","contentUrl":"https:\/\/colibri-jewels.eu\/wp-content\/uploads\/2024\/12\/silver-men-ring-sea-style-for-seamen-nautilus.jpg","width":1000,"height":1000},{"@type":"BreadcrumbList","@id":"https:\/\/colibri-jewels.eu\/fi\/tuote\/hopeinen-meriaiheinen-sormus-nautilus\/#breadcrumb","itemListElement":[{"@type":"ListItem","position":1,"name":"\u0413\u043b\u0430\u0432\u043d\u0430\u044f \u0441\u0442\u0440\u0430\u043d\u0438\u0446\u0430","item":"https:\/\/colibri-jewels.eu\/fi\/"},{"@type":"ListItem","position":2,"name":"Kauppa","item":"https:\/\/colibri-jewels.eu\/fi\/kauppa\/"},{"@type":"ListItem","position":3,"name":"Hopeinen meriaiheinen sormus &#8220;Nautilus&#8221;"}]},{"@type":"WebSite","@id":"https:\/\/colibri-jewels.eu\/fi\/#website","url":"https:\/\/colibri-jewels.eu\/fi\/","name":"Colibri jewels","description":"jewelry shop","publisher":{"@id":"https:\/\/colibri-jewels.eu\/fi\/#organization"},"potentialAction":[{"@type":"SearchAction","target":{"@type":"EntryPoint","urlTemplate":"https:\/\/colibri-jewels.eu\/fi\/?s={search_term_string}"},"query-input":{"@type":"PropertyValueSpecification","valueRequired":true,"valueName":"search_term_string"}}],"inLanguage":"fi"},{"@type":"Organization","@id":"https:\/\/colibri-jewels.eu\/fi\/#organization","name":"O\u00dc Colibri","url":"https:\/\/colibri-jewels.eu\/fi\/","logo":{"@type":"ImageObject","inLanguage":"fi","@id":"https:\/\/colibri-jewels.eu\/fi\/#\/schema\/logo\/image\/","url":"https:\/\/dev.colibri-jewels.eu\/wp-content\/uploads\/2021\/03\/colibri.png","contentUrl":"https:\/\/dev.colibri-jewels.eu\/wp-content\/uploads\/2021\/03\/colibri.png","width":227,"height":130,"caption":"O\u00dc Colibri"},"image":{"@id":"https:\/\/colibri-jewels.eu\/fi\/#\/schema\/logo\/image\/"},"sameAs":["https:\/\/www.facebook.com\/colibri.jewels","https:\/\/www.instagram.com\/colibri.jewels","https:\/\/www.tiktok.com\/colibri.jewels"]}]}},"_links":{"self":[{"href":"https:\/\/colibri-jewels.eu\/fi\/wp-json\/wp\/v2\/product\/51028","targetHints":{"allow":["GET"]}}],"collection":[{"href":"https:\/\/colibri-jewels.eu\/fi\/wp-json\/wp\/v2\/product"}],"about":[{"href":"https:\/\/colibri-jewels.eu\/fi\/wp-json\/wp\/v2\/types\/product"}],"replies":[{"embeddable":true,"href":"https:\/\/colibri-jewels.eu\/fi\/wp-json\/wp\/v2\/comments?post=51028"}],"version-history":[{"count":0,"href":"https:\/\/colibri-jewels.eu\/fi\/wp-json\/wp\/v2\/product\/51028\/revisions"}],"wp:featuredmedia":[{"embeddable":true,"href":"https:\/\/colibri-jewels.eu\/fi\/wp-json\/wp\/v2\/media\/51029"}],"wp:attachment":[{"href":"https:\/\/colibri-jewels.eu\/fi\/wp-json\/wp\/v2\/media?parent=51028"}],"wp:term":[{"taxonomy":"brand","embeddable":true,"href":"https:\/\/colibri-jewels.eu\/fi\/wp-json\/wp\/v2\/etheme_brands?post=51028"},{"taxonomy":"product_brand","embeddable":true,"href":"https:\/\/colibri-jewels.eu\/fi\/wp-json\/wp\/v2\/product_brand?post=51028"},{"taxonomy":"product_cat","embeddable":true,"href":"https:\/\/colibri-jewels.eu\/fi\/wp-json\/wp\/v2\/product_cat?post=51028"},{"taxonomy":"product_tag","embeddable":true,"href":"https:\/\/colibri-jewels.eu\/fi\/wp-json\/wp\/v2\/product_tag?post=51028"}],"curies":[{"name":"wp","href":"https:\/\/api.w.org\/{rel}","templated":true}]}}