{"id":51081,"date":"2024-12-13T16:15:42","date_gmt":"2024-12-13T14:15:42","guid":{"rendered":"https:\/\/colibri-jewels.eu\/?post_type=product&#038;p=51081"},"modified":"2025-05-23T21:08:30","modified_gmt":"2025-05-23T18:08:30","slug":"hopeiset-unisieppari-korvakorut","status":"publish","type":"product","link":"https:\/\/colibri-jewels.eu\/fi\/tuote\/hopeiset-unisieppari-korvakorut\/","title":{"rendered":"Hopeiset &#8221;Unisieppari&#8221;-korvakorut"},"content":{"rendered":"<p><strong>Hopeiset Unisieppari korvakorut<\/strong><\/p>\n<p>Hopeiset Unisieppari-korvakorut eiv\u00e4t ole vain tyylik\u00e4s asuste, vaan my\u00f6s voimakas amuletti, joka suojaa pahoilta unilta ja negatiiviselta energialta. Muinaisten perinteiden inspiroimat n\u00e4m\u00e4 korvakorut ilment\u00e4v\u00e4t taikaa ja voimaa v\u00e4litt\u00e4en suojaa ja harmoniaa kantajalleen. Legendan mukaan unisieppari auttaa karkottamaan painajaiset ja tuomaan rauhallisen unen. Laadukkaasta hopeasta valmistetut korvakorut ovat loistava lis\u00e4 mihin tahansa tyyliin ja antavat tunteen itseluottamuksesta ja hyvinvoinnista.<\/p>\n<p>Korvakorujen paino 4,93 g.<\/p>\n","protected":false},"excerpt":{"rendered":"<p>Korvakorujen paino 4,93 g.<\/p>\n<p>Korvakorujen koko \u2013 5 cm.<\/p>\n","protected":false},"featured_media":51082,"comment_status":"open","ping_status":"closed","template":"","meta":[],"etheme_brands":[],"product_brand":[],"product_cat":[987],"product_tag":[],"class_list":{"0":"post-51081","1":"product","2":"type-product","3":"status-publish","4":"has-post-thumbnail","6":"product_cat-korvakorut","8":"first","9":"outofstock","10":"shipping-taxable","11":"purchasable","12":"product-type-simple"},"acf":[],"yoast_head":"<!-- This site is optimized with the Yoast SEO Premium plugin v26.5 (Yoast SEO v26.8) - https:\/\/yoast.com\/product\/yoast-seo-premium-wordpress\/ -->\n<title>Hopeiset &quot;Unisieppari&quot;-korvakorut<\/title>\n<meta name=\"description\" content=\"Hopeiset &quot;Unisieppari&quot;-korvakorut \u2013 tyylik\u00e4s ja maaginen amuletti suojaamaan painajaisilta. Elegantti muotoilu ja muinaisen amuletin voima antavat sinulle rauhallisen unen ja harmoniaa.\" \/>\n<meta name=\"robots\" content=\"index, follow, max-snippet:-1, max-image-preview:large, max-video-preview:-1\" \/>\n<link rel=\"canonical\" href=\"https:\/\/colibri-jewels.eu\/fi\/tuote\/hopeiset-unisieppari-korvakorut\/\" \/>\n<meta property=\"og:locale\" content=\"fi_FI\" \/>\n<meta property=\"og:type\" content=\"article\" \/>\n<meta property=\"og:title\" content=\"Hopeiset &quot;Unisieppari&quot;-korvakorut\" \/>\n<meta property=\"og:description\" content=\"Hopeiset &quot;Unisieppari&quot;-korvakorut \u2013 tyylik\u00e4s ja maaginen amuletti suojaamaan painajaisilta. Elegantti muotoilu ja muinaisen amuletin voima antavat sinulle rauhallisen unen ja harmoniaa.\" \/>\n<meta property=\"og:url\" content=\"https:\/\/colibri-jewels.eu\/fi\/tuote\/hopeiset-unisieppari-korvakorut\/\" \/>\n<meta property=\"og:site_name\" content=\"Colibri jewels\" \/>\n<meta property=\"article:publisher\" content=\"https:\/\/www.facebook.com\/colibri.jewels\" \/>\n<meta property=\"article:modified_time\" content=\"2025-05-23T18:08:30+00:00\" \/>\n<meta property=\"og:image\" content=\"https:\/\/colibri-jewels.eu\/wp-content\/uploads\/2024\/12\/silver-earrings-dream-catcher.jpg\" \/>\n\t<meta property=\"og:image:width\" content=\"1000\" \/>\n\t<meta property=\"og:image:height\" content=\"1000\" \/>\n\t<meta property=\"og:image:type\" content=\"image\/jpeg\" \/>\n<meta name=\"twitter:card\" content=\"summary_large_image\" \/>\n<script type=\"application\/ld+json\" class=\"yoast-schema-graph\">{\"@context\":\"https:\/\/schema.org\",\"@graph\":[{\"@type\":\"WebPage\",\"@id\":\"https:\/\/colibri-jewels.eu\/fi\/tuote\/hopeiset-unisieppari-korvakorut\/\",\"url\":\"https:\/\/colibri-jewels.eu\/fi\/tuote\/hopeiset-unisieppari-korvakorut\/\",\"name\":\"Hopeiset \\\"Unisieppari\\\"-korvakorut\",\"isPartOf\":{\"@id\":\"https:\/\/colibri-jewels.eu\/fi\/#website\"},\"primaryImageOfPage\":{\"@id\":\"https:\/\/colibri-jewels.eu\/fi\/tuote\/hopeiset-unisieppari-korvakorut\/#primaryimage\"},\"image\":{\"@id\":\"https:\/\/colibri-jewels.eu\/fi\/tuote\/hopeiset-unisieppari-korvakorut\/#primaryimage\"},\"thumbnailUrl\":\"https:\/\/colibri-jewels.eu\/wp-content\/uploads\/2024\/12\/silver-earrings-dream-catcher.jpg\",\"datePublished\":\"2024-12-13T14:15:42+00:00\",\"dateModified\":\"2025-05-23T18:08:30+00:00\",\"description\":\"Hopeiset \\\"Unisieppari\\\"-korvakorut \u2013 tyylik\u00e4s ja maaginen amuletti suojaamaan painajaisilta. Elegantti muotoilu ja muinaisen amuletin voima antavat sinulle rauhallisen unen ja harmoniaa.\",\"breadcrumb\":{\"@id\":\"https:\/\/colibri-jewels.eu\/fi\/tuote\/hopeiset-unisieppari-korvakorut\/#breadcrumb\"},\"inLanguage\":\"fi\",\"potentialAction\":[{\"@type\":\"ReadAction\",\"target\":[\"https:\/\/colibri-jewels.eu\/fi\/tuote\/hopeiset-unisieppari-korvakorut\/\"]}]},{\"@type\":\"ImageObject\",\"inLanguage\":\"fi\",\"@id\":\"https:\/\/colibri-jewels.eu\/fi\/tuote\/hopeiset-unisieppari-korvakorut\/#primaryimage\",\"url\":\"https:\/\/colibri-jewels.eu\/wp-content\/uploads\/2024\/12\/silver-earrings-dream-catcher.jpg\",\"contentUrl\":\"https:\/\/colibri-jewels.eu\/wp-content\/uploads\/2024\/12\/silver-earrings-dream-catcher.jpg\",\"width\":1000,\"height\":1000},{\"@type\":\"BreadcrumbList\",\"@id\":\"https:\/\/colibri-jewels.eu\/fi\/tuote\/hopeiset-unisieppari-korvakorut\/#breadcrumb\",\"itemListElement\":[{\"@type\":\"ListItem\",\"position\":1,\"name\":\"\u0413\u043b\u0430\u0432\u043d\u0430\u044f \u0441\u0442\u0440\u0430\u043d\u0438\u0446\u0430\",\"item\":\"https:\/\/colibri-jewels.eu\/fi\/\"},{\"@type\":\"ListItem\",\"position\":2,\"name\":\"Kauppa\",\"item\":\"https:\/\/colibri-jewels.eu\/fi\/kauppa\/\"},{\"@type\":\"ListItem\",\"position\":3,\"name\":\"Hopeiset &#8220;Unisieppari&#8221;-korvakorut\"}]},{\"@type\":\"WebSite\",\"@id\":\"https:\/\/colibri-jewels.eu\/fi\/#website\",\"url\":\"https:\/\/colibri-jewels.eu\/fi\/\",\"name\":\"Colibri jewels\",\"description\":\"jewelry shop\",\"publisher\":{\"@id\":\"https:\/\/colibri-jewels.eu\/fi\/#organization\"},\"potentialAction\":[{\"@type\":\"SearchAction\",\"target\":{\"@type\":\"EntryPoint\",\"urlTemplate\":\"https:\/\/colibri-jewels.eu\/fi\/?s={search_term_string}\"},\"query-input\":{\"@type\":\"PropertyValueSpecification\",\"valueRequired\":true,\"valueName\":\"search_term_string\"}}],\"inLanguage\":\"fi\"},{\"@type\":\"Organization\",\"@id\":\"https:\/\/colibri-jewels.eu\/fi\/#organization\",\"name\":\"O\u00dc Colibri\",\"url\":\"https:\/\/colibri-jewels.eu\/fi\/\",\"logo\":{\"@type\":\"ImageObject\",\"inLanguage\":\"fi\",\"@id\":\"https:\/\/colibri-jewels.eu\/fi\/#\/schema\/logo\/image\/\",\"url\":\"https:\/\/dev.colibri-jewels.eu\/wp-content\/uploads\/2021\/03\/colibri.png\",\"contentUrl\":\"https:\/\/dev.colibri-jewels.eu\/wp-content\/uploads\/2021\/03\/colibri.png\",\"width\":227,\"height\":130,\"caption\":\"O\u00dc Colibri\"},\"image\":{\"@id\":\"https:\/\/colibri-jewels.eu\/fi\/#\/schema\/logo\/image\/\"},\"sameAs\":[\"https:\/\/www.facebook.com\/colibri.jewels\",\"https:\/\/www.instagram.com\/colibri.jewels\",\"https:\/\/www.tiktok.com\/colibri.jewels\"]}]}<\/script>\n<!-- \/ Yoast SEO Premium plugin. -->","yoast_head_json":{"title":"Hopeiset \"Unisieppari\"-korvakorut","description":"Hopeiset \"Unisieppari\"-korvakorut \u2013 tyylik\u00e4s ja maaginen amuletti suojaamaan painajaisilta. Elegantti muotoilu ja muinaisen amuletin voima antavat sinulle rauhallisen unen ja harmoniaa.","robots":{"index":"index","follow":"follow","max-snippet":"max-snippet:-1","max-image-preview":"max-image-preview:large","max-video-preview":"max-video-preview:-1"},"canonical":"https:\/\/colibri-jewels.eu\/fi\/tuote\/hopeiset-unisieppari-korvakorut\/","og_locale":"fi_FI","og_type":"article","og_title":"Hopeiset \"Unisieppari\"-korvakorut","og_description":"Hopeiset \"Unisieppari\"-korvakorut \u2013 tyylik\u00e4s ja maaginen amuletti suojaamaan painajaisilta. Elegantti muotoilu ja muinaisen amuletin voima antavat sinulle rauhallisen unen ja harmoniaa.","og_url":"https:\/\/colibri-jewels.eu\/fi\/tuote\/hopeiset-unisieppari-korvakorut\/","og_site_name":"Colibri jewels","article_publisher":"https:\/\/www.facebook.com\/colibri.jewels","article_modified_time":"2025-05-23T18:08:30+00:00","og_image":[{"width":1000,"height":1000,"url":"https:\/\/colibri-jewels.eu\/wp-content\/uploads\/2024\/12\/silver-earrings-dream-catcher.jpg","type":"image\/jpeg"}],"twitter_card":"summary_large_image","schema":{"@context":"https:\/\/schema.org","@graph":[{"@type":"WebPage","@id":"https:\/\/colibri-jewels.eu\/fi\/tuote\/hopeiset-unisieppari-korvakorut\/","url":"https:\/\/colibri-jewels.eu\/fi\/tuote\/hopeiset-unisieppari-korvakorut\/","name":"Hopeiset \"Unisieppari\"-korvakorut","isPartOf":{"@id":"https:\/\/colibri-jewels.eu\/fi\/#website"},"primaryImageOfPage":{"@id":"https:\/\/colibri-jewels.eu\/fi\/tuote\/hopeiset-unisieppari-korvakorut\/#primaryimage"},"image":{"@id":"https:\/\/colibri-jewels.eu\/fi\/tuote\/hopeiset-unisieppari-korvakorut\/#primaryimage"},"thumbnailUrl":"https:\/\/colibri-jewels.eu\/wp-content\/uploads\/2024\/12\/silver-earrings-dream-catcher.jpg","datePublished":"2024-12-13T14:15:42+00:00","dateModified":"2025-05-23T18:08:30+00:00","description":"Hopeiset \"Unisieppari\"-korvakorut \u2013 tyylik\u00e4s ja maaginen amuletti suojaamaan painajaisilta. Elegantti muotoilu ja muinaisen amuletin voima antavat sinulle rauhallisen unen ja harmoniaa.","breadcrumb":{"@id":"https:\/\/colibri-jewels.eu\/fi\/tuote\/hopeiset-unisieppari-korvakorut\/#breadcrumb"},"inLanguage":"fi","potentialAction":[{"@type":"ReadAction","target":["https:\/\/colibri-jewels.eu\/fi\/tuote\/hopeiset-unisieppari-korvakorut\/"]}]},{"@type":"ImageObject","inLanguage":"fi","@id":"https:\/\/colibri-jewels.eu\/fi\/tuote\/hopeiset-unisieppari-korvakorut\/#primaryimage","url":"https:\/\/colibri-jewels.eu\/wp-content\/uploads\/2024\/12\/silver-earrings-dream-catcher.jpg","contentUrl":"https:\/\/colibri-jewels.eu\/wp-content\/uploads\/2024\/12\/silver-earrings-dream-catcher.jpg","width":1000,"height":1000},{"@type":"BreadcrumbList","@id":"https:\/\/colibri-jewels.eu\/fi\/tuote\/hopeiset-unisieppari-korvakorut\/#breadcrumb","itemListElement":[{"@type":"ListItem","position":1,"name":"\u0413\u043b\u0430\u0432\u043d\u0430\u044f \u0441\u0442\u0440\u0430\u043d\u0438\u0446\u0430","item":"https:\/\/colibri-jewels.eu\/fi\/"},{"@type":"ListItem","position":2,"name":"Kauppa","item":"https:\/\/colibri-jewels.eu\/fi\/kauppa\/"},{"@type":"ListItem","position":3,"name":"Hopeiset &#8220;Unisieppari&#8221;-korvakorut"}]},{"@type":"WebSite","@id":"https:\/\/colibri-jewels.eu\/fi\/#website","url":"https:\/\/colibri-jewels.eu\/fi\/","name":"Colibri jewels","description":"jewelry shop","publisher":{"@id":"https:\/\/colibri-jewels.eu\/fi\/#organization"},"potentialAction":[{"@type":"SearchAction","target":{"@type":"EntryPoint","urlTemplate":"https:\/\/colibri-jewels.eu\/fi\/?s={search_term_string}"},"query-input":{"@type":"PropertyValueSpecification","valueRequired":true,"valueName":"search_term_string"}}],"inLanguage":"fi"},{"@type":"Organization","@id":"https:\/\/colibri-jewels.eu\/fi\/#organization","name":"O\u00dc Colibri","url":"https:\/\/colibri-jewels.eu\/fi\/","logo":{"@type":"ImageObject","inLanguage":"fi","@id":"https:\/\/colibri-jewels.eu\/fi\/#\/schema\/logo\/image\/","url":"https:\/\/dev.colibri-jewels.eu\/wp-content\/uploads\/2021\/03\/colibri.png","contentUrl":"https:\/\/dev.colibri-jewels.eu\/wp-content\/uploads\/2021\/03\/colibri.png","width":227,"height":130,"caption":"O\u00dc Colibri"},"image":{"@id":"https:\/\/colibri-jewels.eu\/fi\/#\/schema\/logo\/image\/"},"sameAs":["https:\/\/www.facebook.com\/colibri.jewels","https:\/\/www.instagram.com\/colibri.jewels","https:\/\/www.tiktok.com\/colibri.jewels"]}]}},"_links":{"self":[{"href":"https:\/\/colibri-jewels.eu\/fi\/wp-json\/wp\/v2\/product\/51081","targetHints":{"allow":["GET"]}}],"collection":[{"href":"https:\/\/colibri-jewels.eu\/fi\/wp-json\/wp\/v2\/product"}],"about":[{"href":"https:\/\/colibri-jewels.eu\/fi\/wp-json\/wp\/v2\/types\/product"}],"replies":[{"embeddable":true,"href":"https:\/\/colibri-jewels.eu\/fi\/wp-json\/wp\/v2\/comments?post=51081"}],"version-history":[{"count":0,"href":"https:\/\/colibri-jewels.eu\/fi\/wp-json\/wp\/v2\/product\/51081\/revisions"}],"wp:featuredmedia":[{"embeddable":true,"href":"https:\/\/colibri-jewels.eu\/fi\/wp-json\/wp\/v2\/media\/51082"}],"wp:attachment":[{"href":"https:\/\/colibri-jewels.eu\/fi\/wp-json\/wp\/v2\/media?parent=51081"}],"wp:term":[{"taxonomy":"brand","embeddable":true,"href":"https:\/\/colibri-jewels.eu\/fi\/wp-json\/wp\/v2\/etheme_brands?post=51081"},{"taxonomy":"product_brand","embeddable":true,"href":"https:\/\/colibri-jewels.eu\/fi\/wp-json\/wp\/v2\/product_brand?post=51081"},{"taxonomy":"product_cat","embeddable":true,"href":"https:\/\/colibri-jewels.eu\/fi\/wp-json\/wp\/v2\/product_cat?post=51081"},{"taxonomy":"product_tag","embeddable":true,"href":"https:\/\/colibri-jewels.eu\/fi\/wp-json\/wp\/v2\/product_tag?post=51081"}],"curies":[{"name":"wp","href":"https:\/\/api.w.org\/{rel}","templated":true}]}}