{"id":51101,"date":"2024-12-13T15:18:05","date_gmt":"2024-12-13T13:18:05","guid":{"rendered":"https:\/\/colibri-jewels.eu\/?post_type=product&#038;p=51101"},"modified":"2025-05-23T21:09:00","modified_gmt":"2025-05-23T18:09:00","slug":"romanttinen-hopeinen-riipus-kultalevyupotuksella-giulietta","status":"publish","type":"product","link":"https:\/\/colibri-jewels.eu\/fi\/tuote\/romanttinen-hopeinen-riipus-kultalevyupotuksella-giulietta\/","title":{"rendered":"Romanttinen hopeinen riipus kultalevyupotuksella &#8221;Giulietta&#8221;"},"content":{"rendered":"<p>Elegantti hopeinen riipus 14 karaatin kultalevyll\u00e4 on todellinen rakkauden ja sulouden symboli. Syd\u00e4menmuotoinen muotoilu, joka on kokonaan koristeltu s\u00e4ihkyvill\u00e4 kristalleilla, lis\u00e4\u00e4 koruun erityist\u00e4 vieh\u00e4tyst\u00e4 ja juhlavuutta. Se on t\u00e4ydellinen valinta lahjaksi rakkaalle tai tyylik\u00e4s lis\u00e4 omaan asuusi.<\/p>\n<p>T\u00e4m\u00e4 riipus sopii niin arkeen kuin erityisiin tilaisuuksiin korostaen yksil\u00f6llisyytt\u00e4si. Laadukkaat materiaalit ja hieno k\u00e4sity\u00f6 tekev\u00e4t t\u00e4st\u00e4 korusta paitsi kauniin my\u00f6s kest\u00e4v\u00e4n.<\/p>\n<p>Hemmottele itse\u00e4si tai l\u00e4heisi\u00e4si t\u00e4ll\u00e4 ylellisell\u00e4 asusteella!<\/p>\n","protected":false},"excerpt":{"rendered":"<p>Kultalevyupotuksen paino 0,10 g.<\/p>\n<p>Riipuksen keskim\u00e4\u00e4r\u00e4inen paino 2,85 g.<\/p>\n","protected":false},"featured_media":51102,"comment_status":"open","ping_status":"closed","template":"","meta":[],"etheme_brands":[],"product_brand":[],"product_cat":[989],"product_tag":[1004,1001],"class_list":{"0":"post-51101","1":"product","2":"type-product","3":"status-publish","4":"has-post-thumbnail","6":"product_cat-kaulakorut-ja-riipukset","7":"product_tag-romanttiset","8":"product_tag-sydan","10":"first","11":"instock","12":"shipping-taxable","13":"purchasable","14":"product-type-simple"},"acf":[],"yoast_head":"<!-- This site is optimized with the Yoast SEO Premium plugin v26.5 (Yoast SEO v26.8) - https:\/\/yoast.com\/product\/yoast-seo-premium-wordpress\/ -->\n<title>Romanttinen hopeinen riipus kultalevyupotuksella &quot;Giulietta&quot; - Colibri jewels<\/title>\n<meta name=\"robots\" content=\"index, follow, max-snippet:-1, max-image-preview:large, max-video-preview:-1\" \/>\n<link rel=\"canonical\" href=\"https:\/\/colibri-jewels.eu\/fi\/tuote\/romanttinen-hopeinen-riipus-kultalevyupotuksella-giulietta\/\" \/>\n<meta property=\"og:locale\" content=\"fi_FI\" \/>\n<meta property=\"og:type\" content=\"article\" \/>\n<meta property=\"og:title\" content=\"Romanttinen hopeinen riipus kultalevyupotuksella &quot;Giulietta&quot;\" \/>\n<meta property=\"og:description\" content=\"Kultalevyupotuksen paino 0,10 g.  Riipuksen keskim\u00e4\u00e4r\u00e4inen paino 2,85 g.\" \/>\n<meta property=\"og:url\" content=\"https:\/\/colibri-jewels.eu\/fi\/tuote\/romanttinen-hopeinen-riipus-kultalevyupotuksella-giulietta\/\" \/>\n<meta property=\"og:site_name\" content=\"Colibri jewels\" \/>\n<meta property=\"article:publisher\" content=\"https:\/\/www.facebook.com\/colibri.jewels\" \/>\n<meta property=\"article:modified_time\" content=\"2025-05-23T18:09:00+00:00\" \/>\n<meta property=\"og:image\" content=\"https:\/\/colibri-jewels.eu\/wp-content\/uploads\/2024\/12\/silver-pendant-with-gold-plate-insert-Jiulletta.jpg\" \/>\n\t<meta property=\"og:image:width\" content=\"1000\" \/>\n\t<meta property=\"og:image:height\" content=\"1000\" \/>\n\t<meta property=\"og:image:type\" content=\"image\/jpeg\" \/>\n<meta name=\"twitter:card\" content=\"summary_large_image\" \/>\n<script type=\"application\/ld+json\" class=\"yoast-schema-graph\">{\"@context\":\"https:\/\/schema.org\",\"@graph\":[{\"@type\":\"WebPage\",\"@id\":\"https:\/\/colibri-jewels.eu\/fi\/tuote\/romanttinen-hopeinen-riipus-kultalevyupotuksella-giulietta\/\",\"url\":\"https:\/\/colibri-jewels.eu\/fi\/tuote\/romanttinen-hopeinen-riipus-kultalevyupotuksella-giulietta\/\",\"name\":\"Romanttinen hopeinen riipus kultalevyupotuksella \\\"Giulietta\\\" - Colibri jewels\",\"isPartOf\":{\"@id\":\"https:\/\/colibri-jewels.eu\/fi\/#website\"},\"primaryImageOfPage\":{\"@id\":\"https:\/\/colibri-jewels.eu\/fi\/tuote\/romanttinen-hopeinen-riipus-kultalevyupotuksella-giulietta\/#primaryimage\"},\"image\":{\"@id\":\"https:\/\/colibri-jewels.eu\/fi\/tuote\/romanttinen-hopeinen-riipus-kultalevyupotuksella-giulietta\/#primaryimage\"},\"thumbnailUrl\":\"https:\/\/colibri-jewels.eu\/wp-content\/uploads\/2024\/12\/silver-pendant-with-gold-plate-insert-Jiulletta.jpg\",\"datePublished\":\"2024-12-13T13:18:05+00:00\",\"dateModified\":\"2025-05-23T18:09:00+00:00\",\"breadcrumb\":{\"@id\":\"https:\/\/colibri-jewels.eu\/fi\/tuote\/romanttinen-hopeinen-riipus-kultalevyupotuksella-giulietta\/#breadcrumb\"},\"inLanguage\":\"fi\",\"potentialAction\":[{\"@type\":\"ReadAction\",\"target\":[\"https:\/\/colibri-jewels.eu\/fi\/tuote\/romanttinen-hopeinen-riipus-kultalevyupotuksella-giulietta\/\"]}]},{\"@type\":\"ImageObject\",\"inLanguage\":\"fi\",\"@id\":\"https:\/\/colibri-jewels.eu\/fi\/tuote\/romanttinen-hopeinen-riipus-kultalevyupotuksella-giulietta\/#primaryimage\",\"url\":\"https:\/\/colibri-jewels.eu\/wp-content\/uploads\/2024\/12\/silver-pendant-with-gold-plate-insert-Jiulletta.jpg\",\"contentUrl\":\"https:\/\/colibri-jewels.eu\/wp-content\/uploads\/2024\/12\/silver-pendant-with-gold-plate-insert-Jiulletta.jpg\",\"width\":1000,\"height\":1000},{\"@type\":\"BreadcrumbList\",\"@id\":\"https:\/\/colibri-jewels.eu\/fi\/tuote\/romanttinen-hopeinen-riipus-kultalevyupotuksella-giulietta\/#breadcrumb\",\"itemListElement\":[{\"@type\":\"ListItem\",\"position\":1,\"name\":\"\u0413\u043b\u0430\u0432\u043d\u0430\u044f \u0441\u0442\u0440\u0430\u043d\u0438\u0446\u0430\",\"item\":\"https:\/\/colibri-jewels.eu\/fi\/\"},{\"@type\":\"ListItem\",\"position\":2,\"name\":\"Kauppa\",\"item\":\"https:\/\/colibri-jewels.eu\/fi\/kauppa\/\"},{\"@type\":\"ListItem\",\"position\":3,\"name\":\"Romanttinen hopeinen riipus kultalevyupotuksella &#8220;Giulietta&#8221;\"}]},{\"@type\":\"WebSite\",\"@id\":\"https:\/\/colibri-jewels.eu\/fi\/#website\",\"url\":\"https:\/\/colibri-jewels.eu\/fi\/\",\"name\":\"Colibri jewels\",\"description\":\"jewelry shop\",\"publisher\":{\"@id\":\"https:\/\/colibri-jewels.eu\/fi\/#organization\"},\"potentialAction\":[{\"@type\":\"SearchAction\",\"target\":{\"@type\":\"EntryPoint\",\"urlTemplate\":\"https:\/\/colibri-jewels.eu\/fi\/?s={search_term_string}\"},\"query-input\":{\"@type\":\"PropertyValueSpecification\",\"valueRequired\":true,\"valueName\":\"search_term_string\"}}],\"inLanguage\":\"fi\"},{\"@type\":\"Organization\",\"@id\":\"https:\/\/colibri-jewels.eu\/fi\/#organization\",\"name\":\"O\u00dc Colibri\",\"url\":\"https:\/\/colibri-jewels.eu\/fi\/\",\"logo\":{\"@type\":\"ImageObject\",\"inLanguage\":\"fi\",\"@id\":\"https:\/\/colibri-jewels.eu\/fi\/#\/schema\/logo\/image\/\",\"url\":\"https:\/\/dev.colibri-jewels.eu\/wp-content\/uploads\/2021\/03\/colibri.png\",\"contentUrl\":\"https:\/\/dev.colibri-jewels.eu\/wp-content\/uploads\/2021\/03\/colibri.png\",\"width\":227,\"height\":130,\"caption\":\"O\u00dc Colibri\"},\"image\":{\"@id\":\"https:\/\/colibri-jewels.eu\/fi\/#\/schema\/logo\/image\/\"},\"sameAs\":[\"https:\/\/www.facebook.com\/colibri.jewels\",\"https:\/\/www.instagram.com\/colibri.jewels\",\"https:\/\/www.tiktok.com\/colibri.jewels\"]}]}<\/script>\n<!-- \/ Yoast SEO Premium plugin. -->","yoast_head_json":{"title":"Romanttinen hopeinen riipus kultalevyupotuksella \"Giulietta\" - Colibri jewels","robots":{"index":"index","follow":"follow","max-snippet":"max-snippet:-1","max-image-preview":"max-image-preview:large","max-video-preview":"max-video-preview:-1"},"canonical":"https:\/\/colibri-jewels.eu\/fi\/tuote\/romanttinen-hopeinen-riipus-kultalevyupotuksella-giulietta\/","og_locale":"fi_FI","og_type":"article","og_title":"Romanttinen hopeinen riipus kultalevyupotuksella \"Giulietta\"","og_description":"Kultalevyupotuksen paino 0,10 g.  Riipuksen keskim\u00e4\u00e4r\u00e4inen paino 2,85 g.","og_url":"https:\/\/colibri-jewels.eu\/fi\/tuote\/romanttinen-hopeinen-riipus-kultalevyupotuksella-giulietta\/","og_site_name":"Colibri jewels","article_publisher":"https:\/\/www.facebook.com\/colibri.jewels","article_modified_time":"2025-05-23T18:09:00+00:00","og_image":[{"width":1000,"height":1000,"url":"https:\/\/colibri-jewels.eu\/wp-content\/uploads\/2024\/12\/silver-pendant-with-gold-plate-insert-Jiulletta.jpg","type":"image\/jpeg"}],"twitter_card":"summary_large_image","schema":{"@context":"https:\/\/schema.org","@graph":[{"@type":"WebPage","@id":"https:\/\/colibri-jewels.eu\/fi\/tuote\/romanttinen-hopeinen-riipus-kultalevyupotuksella-giulietta\/","url":"https:\/\/colibri-jewels.eu\/fi\/tuote\/romanttinen-hopeinen-riipus-kultalevyupotuksella-giulietta\/","name":"Romanttinen hopeinen riipus kultalevyupotuksella \"Giulietta\" - Colibri jewels","isPartOf":{"@id":"https:\/\/colibri-jewels.eu\/fi\/#website"},"primaryImageOfPage":{"@id":"https:\/\/colibri-jewels.eu\/fi\/tuote\/romanttinen-hopeinen-riipus-kultalevyupotuksella-giulietta\/#primaryimage"},"image":{"@id":"https:\/\/colibri-jewels.eu\/fi\/tuote\/romanttinen-hopeinen-riipus-kultalevyupotuksella-giulietta\/#primaryimage"},"thumbnailUrl":"https:\/\/colibri-jewels.eu\/wp-content\/uploads\/2024\/12\/silver-pendant-with-gold-plate-insert-Jiulletta.jpg","datePublished":"2024-12-13T13:18:05+00:00","dateModified":"2025-05-23T18:09:00+00:00","breadcrumb":{"@id":"https:\/\/colibri-jewels.eu\/fi\/tuote\/romanttinen-hopeinen-riipus-kultalevyupotuksella-giulietta\/#breadcrumb"},"inLanguage":"fi","potentialAction":[{"@type":"ReadAction","target":["https:\/\/colibri-jewels.eu\/fi\/tuote\/romanttinen-hopeinen-riipus-kultalevyupotuksella-giulietta\/"]}]},{"@type":"ImageObject","inLanguage":"fi","@id":"https:\/\/colibri-jewels.eu\/fi\/tuote\/romanttinen-hopeinen-riipus-kultalevyupotuksella-giulietta\/#primaryimage","url":"https:\/\/colibri-jewels.eu\/wp-content\/uploads\/2024\/12\/silver-pendant-with-gold-plate-insert-Jiulletta.jpg","contentUrl":"https:\/\/colibri-jewels.eu\/wp-content\/uploads\/2024\/12\/silver-pendant-with-gold-plate-insert-Jiulletta.jpg","width":1000,"height":1000},{"@type":"BreadcrumbList","@id":"https:\/\/colibri-jewels.eu\/fi\/tuote\/romanttinen-hopeinen-riipus-kultalevyupotuksella-giulietta\/#breadcrumb","itemListElement":[{"@type":"ListItem","position":1,"name":"\u0413\u043b\u0430\u0432\u043d\u0430\u044f \u0441\u0442\u0440\u0430\u043d\u0438\u0446\u0430","item":"https:\/\/colibri-jewels.eu\/fi\/"},{"@type":"ListItem","position":2,"name":"Kauppa","item":"https:\/\/colibri-jewels.eu\/fi\/kauppa\/"},{"@type":"ListItem","position":3,"name":"Romanttinen hopeinen riipus kultalevyupotuksella &#8220;Giulietta&#8221;"}]},{"@type":"WebSite","@id":"https:\/\/colibri-jewels.eu\/fi\/#website","url":"https:\/\/colibri-jewels.eu\/fi\/","name":"Colibri jewels","description":"jewelry shop","publisher":{"@id":"https:\/\/colibri-jewels.eu\/fi\/#organization"},"potentialAction":[{"@type":"SearchAction","target":{"@type":"EntryPoint","urlTemplate":"https:\/\/colibri-jewels.eu\/fi\/?s={search_term_string}"},"query-input":{"@type":"PropertyValueSpecification","valueRequired":true,"valueName":"search_term_string"}}],"inLanguage":"fi"},{"@type":"Organization","@id":"https:\/\/colibri-jewels.eu\/fi\/#organization","name":"O\u00dc Colibri","url":"https:\/\/colibri-jewels.eu\/fi\/","logo":{"@type":"ImageObject","inLanguage":"fi","@id":"https:\/\/colibri-jewels.eu\/fi\/#\/schema\/logo\/image\/","url":"https:\/\/dev.colibri-jewels.eu\/wp-content\/uploads\/2021\/03\/colibri.png","contentUrl":"https:\/\/dev.colibri-jewels.eu\/wp-content\/uploads\/2021\/03\/colibri.png","width":227,"height":130,"caption":"O\u00dc Colibri"},"image":{"@id":"https:\/\/colibri-jewels.eu\/fi\/#\/schema\/logo\/image\/"},"sameAs":["https:\/\/www.facebook.com\/colibri.jewels","https:\/\/www.instagram.com\/colibri.jewels","https:\/\/www.tiktok.com\/colibri.jewels"]}]}},"_links":{"self":[{"href":"https:\/\/colibri-jewels.eu\/fi\/wp-json\/wp\/v2\/product\/51101","targetHints":{"allow":["GET"]}}],"collection":[{"href":"https:\/\/colibri-jewels.eu\/fi\/wp-json\/wp\/v2\/product"}],"about":[{"href":"https:\/\/colibri-jewels.eu\/fi\/wp-json\/wp\/v2\/types\/product"}],"replies":[{"embeddable":true,"href":"https:\/\/colibri-jewels.eu\/fi\/wp-json\/wp\/v2\/comments?post=51101"}],"version-history":[{"count":0,"href":"https:\/\/colibri-jewels.eu\/fi\/wp-json\/wp\/v2\/product\/51101\/revisions"}],"wp:featuredmedia":[{"embeddable":true,"href":"https:\/\/colibri-jewels.eu\/fi\/wp-json\/wp\/v2\/media\/51102"}],"wp:attachment":[{"href":"https:\/\/colibri-jewels.eu\/fi\/wp-json\/wp\/v2\/media?parent=51101"}],"wp:term":[{"taxonomy":"brand","embeddable":true,"href":"https:\/\/colibri-jewels.eu\/fi\/wp-json\/wp\/v2\/etheme_brands?post=51101"},{"taxonomy":"product_brand","embeddable":true,"href":"https:\/\/colibri-jewels.eu\/fi\/wp-json\/wp\/v2\/product_brand?post=51101"},{"taxonomy":"product_cat","embeddable":true,"href":"https:\/\/colibri-jewels.eu\/fi\/wp-json\/wp\/v2\/product_cat?post=51101"},{"taxonomy":"product_tag","embeddable":true,"href":"https:\/\/colibri-jewels.eu\/fi\/wp-json\/wp\/v2\/product_tag?post=51101"}],"curies":[{"name":"wp","href":"https:\/\/api.w.org\/{rel}","templated":true}]}}